{"id":2057,"date":"2022-02-14T08:10:31","date_gmt":"2022-02-14T08:10:31","guid":{"rendered":"https:\/\/taizyagromachine.com\/"},"modified":"2025-01-02T13:53:35","modified_gmt":"2025-01-02T05:53:35","slug":"multifunctional-thresher","status":"publish","type":"product","link":"https:\/\/taizyagromachine.com\/nl\/product\/multifunctional-thresher\/","title":{"rendered":"Multifunctionele dorsmachine"},"content":{"rendered":"<p>De multifunctionele dorsmachine is een verbeterde uitrusting op basis van de ma\u00efsdorsmachine, geschikt voor ma\u00efs, sorghum, sojabonen en gierst.\u00a0Het kan worden gecombineerd met de dieselmotor, benzinemotor of elektromotor als krachtapparaat. Bovendien moet u de verschillende schermen voor de bijbehorende gewassen kiezen. Onze multifunctionele dorsmachines zijn zeer bekend in het buitenland en geliefd bij mensen in Indonesi\u00eb, Zimbabwe, Benin, Nigeria, Botswana en vele andere landen.<\/p>    <h2 class=\"wp-block-heading\" id=\"why-call-it-multipurpose-thresher\"><strong>Waarom het noemen <a href=\"https:\/\/cornmachines.com\/multifunctional-thresher-machine\/\" target=\"_blank\" rel=\"noreferrer noopener\">Multifunctionele dorsmachine<\/a>?<\/strong>&nbsp;<\/h2>    <p>De redenen zijn als volgt:<\/p>    <ol class=\"wp-block-list\" type=\"1\"> <li><strong>Bredere toepassingen<\/strong>. Vergeleken met de ma\u00efsdorsmachine kan de multifunctionele ma\u00efsdorsmachine ook sorghum, sojabonen en gierst schillen.<\/li>    <li><strong>Meer functies<\/strong>. Deze multifunctionele sorghumdorsmachine kan tegelijkertijd schillen en dorsen.<\/li> <\/ol>    <h2 class=\"wp-block-heading\" id=\"h-hot-sell-multi-corn-threshing-machine-for-sale\"><strong>Heet verkoop multi-ma\u00efs dorsmachine te koop<\/strong><\/h2>    <p class=\"translation-block\">Als <a href=\"https:\/\/taizyagromachine.com\/nl\/\" target=\"_blank\" rel=\"noreferrer noopener\">een specialistisch landbouwmachinale onderneming<\/a>, hebben we een breed scala aan machinelabels. Wat betreft de multifunctionele dorsmachine hebben we twee modellen, de MT-860 en de MT-1200, die kosteneffectief, eenvoudig te bedienen en met een breed scala aan functies. De multi-gewassen dorsmachine is krachtiger dan de ma\u00efs dorsmachine. Daardoor is deze machine ook populairder op de markt voor landbouwmachines.<\/p>    <figure class=\"wp-block-gallery aligncenter has-nested-images columns-default is-cropped wp-block-gallery-2 is-layout-flex wp-block-gallery-is-layout-flex\"> <figure class=\"wp-block-image size-large\"><img loading=\"lazy\" decoding=\"async\" width=\"720\" height=\"540\" data-id=\"2489\" src=\"https:\/\/taizyagromachine.com\/wp-content\/uploads\/2022\/04\/multi-crop-thresher-machine.jpg\" alt=\"dorsmachine voor meerdere gewassen\" class=\"wp-image-2489\" srcset=\"https:\/\/taizyagromachine.com\/wp-content\/uploads\/2022\/04\/multi-crop-thresher-machine.jpg 720w, https:\/\/taizyagromachine.com\/wp-content\/uploads\/2022\/04\/multi-crop-thresher-machine-300x225.jpg 300w\" sizes=\"auto, (max-width: 720px) 100vw, 720px\" \/><figcaption class=\"wp-element-caption\">dorsmachine voor meerdere gewassen<\/figcaption><\/figure>    <figure class=\"wp-block-image size-full\"><img loading=\"lazy\" decoding=\"async\" width=\"720\" height=\"540\" data-id=\"2615\" src=\"https:\/\/taizyagromachine.com\/wp-content\/uploads\/2022\/05\/multifunctional-corn-thresher-machine.jpg\" alt=\"multifunctionele ma\u00efsdorsmachine\" class=\"wp-image-2615\"\/><figcaption class=\"wp-element-caption\">multifunctionele ma\u00efsdorsmachine<\/figcaption><\/figure> <\/figure>    <h2 class=\"wp-block-heading\" id=\"structure-of-multi-purpose-maize-sheller\"><strong>Structuur van de multifunctionele ma\u00efssheller<\/strong><strong><\/strong><\/h2>    <p>De multifunctionele dorsmachine komt tegemoet aan de markttendens en heeft een eenvoudig ontwerp. Deze dorsmachine bestaat uit een inlaat, een ma\u00efskorreluitlaat, een onzuiverheidsuitlaat en een trekventilator. Een ding om op te letten is de ventilator met enkele trek en dubbele trek voor deze kleine graandorsmachine. Bij de machine met dubbele trekventilatoren zijn de gewaszaden veel schoner. &nbsp;<\/p>   <div class=\"wp-block-image\"> <figure class=\"aligncenter size-full\"><img loading=\"lazy\" decoding=\"async\" width=\"720\" height=\"350\" src=\"https:\/\/taizyagromachine.com\/wp-content\/uploads\/2022\/02\/structure-multi-thresher-MT860.jpg\" alt=\"structuur-multi-dorsmachine-MT860\" class=\"wp-image-2059\" srcset=\"https:\/\/taizyagromachine.com\/wp-content\/uploads\/2022\/02\/structure-multi-thresher-MT860.jpg 720w, https:\/\/taizyagromachine.com\/wp-content\/uploads\/2022\/02\/structure-multi-thresher-MT860-300x146.jpg 300w\" sizes=\"auto, (max-width: 720px) 100vw, 720px\" \/><figcaption class=\"wp-element-caption\">structuur<\/figcaption><\/figure> <\/div>   <h2 class=\"wp-block-heading\" id=\"h-technical-parameters\"><strong>Technische parameters van multifunctionele dorsmachine<\/strong><\/h2>    <p>Zoals u in de parametertabel kunt zien, heeft de MT-860 multifunctionele dorsmiddelen een capaciteit van 1,5-2 ton per uur, terwijl de capaciteit van de MT-1200 varieert, afhankelijk van het gewas. Wat meer is, de eerste kan worden aangedreven door een diesel-, elektrische of benzinemotor, terwijl de laatste over het algemeen is uitgerust met een dieselmotor. Desalniettemin is het scala aan toepassingen hetzelfde voor beide, waarbij sorghum, sojabonen, ma\u00efs en gierst worden doorgebracht.<\/p>    <figure class=\"wp-block-table\"><table><tbody><tr><td>Model<\/td><td>Stroom<\/td><td>Capaciteit<\/td><td>Gewicht<\/td><td>Maat<\/td><td>Sollicitatie<\/td><\/tr><tr><td>MT-860<\/td><td>Dieselmotor, benzinemotor, elektromotor<\/td><td>1,5-2t\/u<\/td><td>112 kg<\/td><td>1150*860<em>*<\/em>1160 mm<\/td><td>Sorghum, gierst, ma\u00efs, sojabonen<\/td><\/tr><tr><td>MT-1200<\/td><td>10-12 pk dieselmotor<\/td><td>ma\u00efs 3t\/u,<br>Sojabonen 2t\/u<br>Sorghum, gierst, tarwe, rijst 1,5 ton\/u<\/td><td>200 kg<\/td><td>2100*1700*1400mm<\/td><td>Sorghum, gierst, ma\u00efs, sojabonen<\/td><\/tr><\/tbody><\/table><\/figure>    <h2 class=\"wp-block-heading\" id=\"characteristics-of-combined-peeler-and-thresher-machine\"><strong>Kenmerken van de gecombineerde dunschiller en dorsmachine<\/strong><strong><\/strong><\/h2>    <ul class=\"wp-block-list\" type=\"1\"> <li>Het heeft het voordeel van hoge effici\u00ebntie, lage breuk en lage onzuiverheid.<\/li>    <li>Er zijn drie stroomapparaten beschikbaar. Dieselmotor, benzinemotor en elektromotor zijn allemaal geschikt om een \u200b\u200bkleine multifunctionele dorsmachine naar het werk te vervoeren.<\/li>    <li>Schermen. Deze machine kan ma\u00efs, sorghum, gierst en bonen schillen en pellen. De grootte van deze gewassen is verschillend, dus de schermen moeten bij de gewassen passen.<\/li>    <li>Gehumaniseerd ontwerp. Kleine wielen zijn uitgerust en gemakkelijk te verplaatsen. En de machinehoogte is geschikt voor de menselijke lengte, handig om granen te plaatsen.<\/li>    <li>Kosteneffectief. De arme boeren kunnen de machine betalen en geld besparen. Bovendien is de machine multifunctioneel.<\/li> <\/ul>   <div class=\"wp-block-image\"> <figure class=\"aligncenter size-full\"><img loading=\"lazy\" decoding=\"async\" width=\"720\" height=\"250\" src=\"https:\/\/taizyagromachine.com\/wp-content\/uploads\/2022\/02\/three-engines-MT860.jpg\" alt=\"drie motoren\" class=\"wp-image-2061\" srcset=\"https:\/\/taizyagromachine.com\/wp-content\/uploads\/2022\/02\/three-engines-MT860.jpg 720w, https:\/\/taizyagromachine.com\/wp-content\/uploads\/2022\/02\/three-engines-MT860-300x104.jpg 300w\" sizes=\"auto, (max-width: 720px) 100vw, 720px\" \/><figcaption class=\"wp-element-caption\">drie motoren<\/figcaption><\/figure> <\/div>   <h2 class=\"wp-block-heading\" id=\"what-screens-are-suitable\"><strong>Welke schermen zijn geschikt?<\/strong><\/h2>    <p>Voor de multifunctionele dorsmachine gebruikt u de bijpassende schermen voor het dorsen van gewassen.<\/p>    <p>Ma\u00efs dorsen, \u00d820 scherm en hamer installeren, onderste scherm gebruikt \u00d86.&nbsp;<\/p>    <p>Sorgho schillen, \u00d88 scherm en dorsklauw installeren, onderste scherm gebruikt \u00d86.<\/p>    <p>Dorsgierst, installeer een \u00d85-scherm, het onderste scherm gebruikt 1,5 * 1,5.<\/p>   <div class=\"wp-block-image\"> <figure class=\"aligncenter size-full\"><img loading=\"lazy\" decoding=\"async\" width=\"720\" height=\"540\" src=\"https:\/\/taizyagromachine.com\/wp-content\/uploads\/2022\/02\/matched-screen-multi-thresher.jpg\" alt=\"matched-screen-multi-dorsmachine\" class=\"wp-image-2060\" srcset=\"https:\/\/taizyagromachine.com\/wp-content\/uploads\/2022\/02\/matched-screen-multi-thresher.jpg 720w, https:\/\/taizyagromachine.com\/wp-content\/uploads\/2022\/02\/matched-screen-multi-thresher-300x225.jpg 300w\" sizes=\"auto, (max-width: 720px) 100vw, 720px\" \/><figcaption class=\"wp-element-caption\">passend scherm<\/figcaption><\/figure> <\/div>   <h2 class=\"wp-block-heading\" id=\"comparison-of-maize-thresher-and-multifunctional-thresher\"><strong>Vergelijking van ma\u00efsdorsmachine en multifunctionele dorsmachine<\/strong><strong><\/strong><\/h2>    <ol class=\"wp-block-list\" type=\"1\"> <li>Toepassingsbereik. De <a href=\"https:\/\/taizyagromachine.com\/nl\/corn-machine\/maize-thresher\/\" target=\"_blank\" rel=\"noreferrer noopener\">ma\u00efs dorsmachine<\/a> is alleen voor de likdoorns. Terwijl deze kleinschalige graandorsmachine geschikt is voor ma\u00efs, sorghum, gierst en sojabonen.<\/li>    <li>Verschillende functies. De ma\u00efsschiller kan de ma\u00efs dorsen zonder schillen. Maar de multifunctionele dorsmachine kan de gewassen schillen en doppen.<\/li>    <li>Capaciteit. De ma\u00efsschiller is 6t per uur, grote capaciteit. De dorsmachine voor ma\u00efs, sojabonen, gierst en sorghum heeft slechts 1,5-2 ton per uur.<\/li> <\/ol>    <figure class=\"wp-block-gallery has-nested-images columns-default is-cropped wp-block-gallery-3 is-layout-flex wp-block-gallery-is-layout-flex\"> <figure class=\"wp-block-image size-large\"><img loading=\"lazy\" decoding=\"async\" width=\"720\" height=\"500\" data-id=\"2062\" src=\"https:\/\/taizyagromachine.com\/wp-content\/uploads\/2022\/02\/applications-multi-function-thresher.jpg\" alt=\"likdoorns en sorghum\" class=\"wp-image-2062\" srcset=\"https:\/\/taizyagromachine.com\/wp-content\/uploads\/2022\/02\/applications-multi-function-thresher.jpg 720w, https:\/\/taizyagromachine.com\/wp-content\/uploads\/2022\/02\/applications-multi-function-thresher-300x208.jpg 300w\" sizes=\"auto, (max-width: 720px) 100vw, 720px\" \/><figcaption class=\"wp-element-caption\">likdoorns en sorghum<\/figcaption><\/figure>    <figure class=\"wp-block-image size-large\"><img loading=\"lazy\" decoding=\"async\" width=\"720\" height=\"500\" data-id=\"2063\" src=\"https:\/\/taizyagromachine.com\/wp-content\/uploads\/2022\/02\/applications-multifunctional-thresher.jpg\" alt=\"bonen en gierst\" class=\"wp-image-2063\" srcset=\"https:\/\/taizyagromachine.com\/wp-content\/uploads\/2022\/02\/applications-multifunctional-thresher.jpg 720w, https:\/\/taizyagromachine.com\/wp-content\/uploads\/2022\/02\/applications-multifunctional-thresher-300x208.jpg 300w\" sizes=\"auto, (max-width: 720px) 100vw, 720px\" \/><figcaption class=\"wp-element-caption\">bonen en gierst<\/figcaption><\/figure> <\/figure>    <h2 class=\"wp-block-heading\" id=\"h-successful-case-multi-corn-thresher-machine-exported-to-zimbabwe\"><strong>Succesvolle case: Multi Corn Thresher Machine ge\u00ebxporteerd naar Zimbabwe<\/strong><\/h2>    <p id=\"h-zimbabwe-is-a-large-agricultural-country-with-vast-plains-where-maize-can-be-grown-and-where-the-local-people-eat-three-meals-a-day-based-on-maize-flour-our-sales-manager-grace-received-an-enquiry-from-a-customer-in-zimbabwe-he-wanted-to-buy-a-maize-threshing-machine-for-threshing-maize-after-understanding-his-needs-grace-recommended-this-multifunctional-thresher-as-it-was-more-versatile-and-cost-effective-than-the-others-the-zimbabwean-customer-was-so-pleased-with-the-parameters-and-the-video-that-he-placed-an-order-immediately\" class=\"translation-block\"><strong> <\/strong>Zimbabwe is een groot landbouwland met uitgestrekte vlaktes waar ma\u00efspijlen gekweekt kunnen worden en waar de lokale bevolking drie maaltijden per dag eet op basis van ma\u00efsmeel. Onze Sales Manager, Grace, ontving een aanvraag van een klant in Zimbabwe. Hij wilde een ma\u00efsdorsmachine kopen om ma\u00efs te dorsen. Na het begrijpen van zijn behoeften raadde Grace deze multifunctionele dorsmachine aan omdat deze veelzijdiger en kosteneffectiever was dan de andere. De Zimbabweaanse klant was zo tevreden met de parameters en de video dat hij onmiddellijk een bestelling plaatste.<\/p>    <h2 class=\"wp-block-heading\" id=\"faq\"><strong>Veelgestelde vragen over multifunctionele dorsmachine<\/strong><\/h2>   <div id=\"rank-math-faq\" class=\"rank-math-block\"> <div class=\"rank-math-list\"> <div id=\"faq-question-1663830468690\" class=\"rank-math-list-item\"> <h3 class=\"rank-math-question\"><strong>Vraag: Hoe verschillende gewassen schillen?<\/strong><\/h3> <div class=\"rank-math-answer\">  <p>A: Open de cover en verander vervolgens het scherm. Bij het dorsen van likdoorns verwijdert u de vier binnenliggende rollen.<\/p>  <\/div> <\/div> <div id=\"faq-question-1663830506354\" class=\"rank-math-list-item\"> <h3 class=\"rank-math-question\"><strong>Vraag: Wat moet ik doen als ik geen idee heb hoe ik de machine moet gebruiken?<\/strong><\/h3> <div class=\"rank-math-answer\">  <p>EEN: Maak je geen zorgen. Bij de machine leveren wij handleidingen en video\u2019s over installatie, bediening, schermwissel etc.<\/p>  <\/div> <\/div> <div id=\"faq-question-1663830517291\" class=\"rank-math-list-item\"> <h3 class=\"rank-math-question\"><strong>Vraag: Is het handig om te verhuizen?<\/strong><\/h3> <div class=\"rank-math-answer\">  <p>A: Natuurlijk heeft de multifunctionele ma\u00efsdorsmachine wielen en trekhaken, die gemakkelijk te verplaatsen zijn.<\/p>  <\/div> <\/div> <div id=\"faq-question-1663830529940\" class=\"rank-math-list-item\"> <h3 class=\"rank-math-question\"><strong>Vraag: Welke gewassen kunnen deze multifunctionele dorsmachine gebruiken?<\/strong><\/h3> <div class=\"rank-math-answer\">  <p>A: Likdoorns, sorghum, gierst, sojabonen.<\/p>  <\/div> <\/div> <div id=\"faq-question-1663830545523\" class=\"rank-math-list-item\"> <h3 class=\"rank-math-question\"><strong>Vraag: Hoe zit het met het vermogen van de MT-860?<\/strong><\/h3> <div class=\"rank-math-answer\">  <p>A: 2,2-3 kW elektromotor, 6-8 pk dieselmotor, 170F benzinemotor.<\/p>  <\/div> <\/div> <div id=\"faq-question-1663830561860\" class=\"rank-math-list-item\"> <h3 class=\"rank-math-question\"><strong>Vraag: Wat is de capaciteit van deze MT-860 graandorsmachine? Dorspercentage?<\/strong><\/h3> <div class=\"rank-math-answer\">  <p>A: Respectievelijk 1,5-2 ton per uur, \u226595%.\u00a0<\/p>  <\/div> <\/div> <\/div> <\/div>   <h2 class=\"wp-block-heading\"><strong>Video van een multifunctionele dorsmachine voor het dorsen van ma\u00efs, bonen, sorghum en gierst<\/strong><\/h2>    <figure class=\"wp-block-embed is-type-video is-provider-youtube wp-block-embed-youtube wp-embed-aspect-16-9 wp-has-aspect-ratio\"><div class=\"wp-block-embed__wrapper\"> <iframe loading=\"lazy\" title=\"Multifunctionele dorsmachine | Dorskorven, gierst, benas, sorghum #ma\u00efs #gierst\" width=\"500\" height=\"281\" src=\"https:\/\/www.youtube.com\/embed\/Nz2M6Ba3iqo?feature=oembed\" frameborder=\"0\" allow=\"accelerometer; autoplay; clipboard-write; encrypted-media; gyroscope; picture-in-picture; web-share\" referrerpolicy=\"strict-origin-when-cross-origin\" allowfullscreen><\/iframe> <\/div><\/figure>    <p><\/p>    <p><\/p>","protected":false},"excerpt":{"rendered":"<p>The multifunctional&nbsp;thresher is upgraded equipment based on the maize thresher, suitable for corns, sorghum, soybeans, millet.&nbsp;It can collocate with the diesel engine, gasoline engine, or electric motor as the power device. Besides, you should choose the different screens for the corresponding crops. Our multifunctional threshing machines are very well known abroad and loved by people [&hellip;]<\/p>\n","protected":false},"author":1,"featured_media":2142,"parent":0,"template":"","tags":[],"product-type":[17],"class_list":["post-2057","product","type-product","status-publish","has-post-thumbnail","hentry","product-type-corn-machine"],"_links":{"self":[{"href":"https:\/\/taizyagromachine.com\/nl\/wp-json\/wp\/v2\/product\/2057","targetHints":{"allow":["GET"]}}],"collection":[{"href":"https:\/\/taizyagromachine.com\/nl\/wp-json\/wp\/v2\/product"}],"about":[{"href":"https:\/\/taizyagromachine.com\/nl\/wp-json\/wp\/v2\/types\/product"}],"author":[{"embeddable":true,"href":"https:\/\/taizyagromachine.com\/nl\/wp-json\/wp\/v2\/users\/1"}],"wp:featuredmedia":[{"embeddable":true,"href":"https:\/\/taizyagromachine.com\/nl\/wp-json\/wp\/v2\/media\/2142"}],"wp:attachment":[{"href":"https:\/\/taizyagromachine.com\/nl\/wp-json\/wp\/v2\/media?parent=2057"}],"wp:term":[{"taxonomy":"post_tag","embeddable":true,"href":"https:\/\/taizyagromachine.com\/nl\/wp-json\/wp\/v2\/tags?post=2057"},{"taxonomy":"product-type","embeddable":true,"href":"https:\/\/taizyagromachine.com\/nl\/wp-json\/wp\/v2\/product-type?post=2057"}],"curies":[{"name":"wp","href":"https:\/\/api.w.org\/{rel}","templated":true}]}}