{"id":2064,"date":"2022-02-14T09:37:14","date_gmt":"2022-02-14T09:37:14","guid":{"rendered":"https:\/\/taizyagromachine.com\/"},"modified":"2025-04-14T16:20:07","modified_gmt":"2025-04-14T08:20:07","slug":"maize-thresher","status":"publish","type":"product","link":"https:\/\/taizyagromachine.com\/nl\/product\/maize-thresher\/","title":{"rendered":"Commerci\u00eble ma\u00efsdorsmachine voor het beschieten van ma\u00efs"},"content":{"rendered":"<p class=\"translation-block\"><strong>Ma\u00efs-dorser <\/strong>is professioneel ontworpen voor ma\u00efs, waarbij ma\u00efs van ma\u00efskolven en ma\u00efskorrels wordt gedorsen met een capaciteit van 6 ton per uur. De ma\u00efskolven en -korrels blijven intact zonder te breken. Bovendien is het een automatische ma\u00efs-ontkorrelaar met een grote capaciteit. <\/p>    <p>De ma\u00efsdorsmachine kan worden aangedreven door een dieselmotor of elektromotor. Nu is dit type ma\u00efsschiller geavanceerd op basis van de eisen van de klant. Het is veel populairder onder middelgrote en grootschalige boerenbedrijven. Ik kijk uit naar uw vragen!<\/p>    <figure class=\"wp-block-embed is-type-video is-provider-youtube wp-block-embed-youtube wp-embed-aspect-16-9 wp-has-aspect-ratio\"><div class=\"wp-block-embed__wrapper\"> <iframe loading=\"lazy\" title=\"Ma\u00efsdorsmachine met grote capaciteit | Ma\u00efsma\u00efsdorsmachine van Taizy 2022 #corn #maize\" width=\"500\" height=\"281\" src=\"https:\/\/www.youtube.com\/embed\/do6M5uIGU_U?feature=oembed\" frameborder=\"0\" allow=\"accelerometer; autoplay; clipboard-write; encrypted-media; gyroscope; picture-in-picture; web-share\" referrerpolicy=\"strict-origin-when-cross-origin\" allowfullscreen><\/iframe> <\/div><figcaption class=\"wp-element-caption\">grote ma\u00efs dorsmachine werkende video<\/figcaption><\/figure>    <h2 class=\"wp-block-heading\"><strong>Soorten ma\u00efsschillers te koop<\/strong><\/h2>    <p>Om aan uw veranderende behoeften te voldoen, leveren wij twee typen grote ma\u00efsschillermachines, die beide worden gekenmerkt door hun uitstekende dorsprestaties en stabiliteit: <\/p>    <ul class=\"wp-block-list\"> <li>De ene is een hoogeffici\u00ebnt volautomatisch model, uitgerust met een intelligent voersysteem, geschikt voor grootschalig continubedrijf; <\/li>    <li>De andere is een flexibel draagbaar model met een innovatief opvouwbaar ontwerp, dat eenvoudig te installeren en te vervoeren is, en op meerdere locaties kan worden gebruikt.<\/li> <\/ul>    <h3 class=\"wp-block-heading\"><strong>Groot type ma\u00efsdorsmachine<\/strong><\/h3>    <p>Deze ma\u00efsschillermachine is een soort zeer effici\u00ebnte landbouwmachines en -apparatuur, die voornamelijk wordt gebruikt voor de batchverwerking van ma\u00efskolven na een tijdje drogen.<\/p>    <figure class=\"wp-block-gallery aligncenter has-nested-images columns-default is-cropped wp-block-gallery-2 is-layout-flex wp-block-gallery-is-layout-flex\"> <figure class=\"wp-block-image size-large\"><img loading=\"lazy\" decoding=\"async\" width=\"720\" height=\"540\" data-id=\"6328\" src=\"https:\/\/taizyagromachine.com\/wp-content\/uploads\/2022\/02\/big-size-corn-sheller.webp\" alt=\"grote ma\u00efsschiller\" class=\"wp-image-6328\"\/><figcaption class=\"wp-element-caption\">grote ma\u00efsschiller<\/figcaption><\/figure>    <figure class=\"wp-block-image size-large\"><img loading=\"lazy\" decoding=\"async\" width=\"720\" height=\"540\" data-id=\"6329\" src=\"https:\/\/taizyagromachine.com\/wp-content\/uploads\/2022\/02\/large-maize-shelling-machine.webp\" alt=\"grote ma\u00efsbeschietingsmachine\" class=\"wp-image-6329\"\/><figcaption class=\"wp-element-caption\">grote ma\u00efsbeschietingsmachine<\/figcaption><\/figure> <\/figure>    <p>Het scheidt de ma\u00efskorrels van de kolven door de structuur van een axiale rol of een verticale dorsschijf, en is uitgerust met een automatisch of halfautomatisch laadsysteem, dat het dorsen van grote hoeveelheden ma\u00efs snel kan voltooien. Ondertussen heeft het de kenmerken van een laag energieverbruik, stabiele werking en eenvoudig onderhoud, wat de effici\u00ebntie van het oogsten en verwerken van ma\u00efs aanzienlijk verbetert.<\/p>    <figure class=\"wp-block-gallery aligncenter has-nested-images columns-default is-cropped wp-block-gallery-3 is-layout-flex wp-block-gallery-is-layout-flex\"> <figure class=\"wp-block-image size-large\"><img loading=\"lazy\" decoding=\"async\" width=\"720\" height=\"540\" data-id=\"6330\" src=\"https:\/\/taizyagromachine.com\/wp-content\/uploads\/2022\/02\/industrial-corn-thresher-machine.webp\" alt=\"industri\u00eble ma\u00efs dorsmachine\" class=\"wp-image-6330\"\/><figcaption class=\"wp-element-caption\">industri\u00eble ma\u00efs dorsmachine<\/figcaption><\/figure>    <figure class=\"wp-block-image size-large\"><img loading=\"lazy\" decoding=\"async\" width=\"720\" height=\"540\" data-id=\"6331\" src=\"https:\/\/taizyagromachine.com\/wp-content\/uploads\/2022\/02\/Taizy-maize-thresher-for-sale.webp\" alt=\"Taizy ma\u00efs dorsmachine te koop\" class=\"wp-image-6331\"\/><figcaption class=\"wp-element-caption\">Taizy ma\u00efs dorsmachine te koop<\/figcaption><\/figure> <\/figure>    <p class=\"translation-block\"><strong>Ontwerp van ma\u00efs-dorser<\/strong><\/p>    <p>De ma\u00efsschiller heeft de eenvoudige structuur. Het bestaat uit ma\u00efsinlaat, ma\u00efskolfuitlaat, ma\u00efskorreluitlaat, stofuitlaat, transportband en pijpen.<\/p>   <div class=\"wp-block-image\"> <figure class=\"aligncenter size-full\"><img loading=\"lazy\" decoding=\"async\" width=\"720\" height=\"400\" src=\"https:\/\/taizyagromachine.com\/wp-content\/uploads\/2022\/02\/structure-maize-thresher.jpg\" alt=\"structuur-ma\u00efs-dorsmachine\" class=\"wp-image-2066\" srcset=\"https:\/\/taizyagromachine.com\/wp-content\/uploads\/2022\/02\/structure-maize-thresher.jpg 720w, https:\/\/taizyagromachine.com\/wp-content\/uploads\/2022\/02\/structure-maize-thresher-300x167.jpg 300w\" sizes=\"auto, (max-width: 720px) 100vw, 720px\" \/><figcaption class=\"wp-element-caption\">structuur<\/figcaption><\/figure> <\/div>   <h3 class=\"wp-block-heading\"><strong>Nieuw type ma\u00efsdorsmachine<\/strong><\/h3>    <figure class=\"wp-block-embed is-type-video is-provider-youtube wp-block-embed-youtube wp-embed-aspect-16-9 wp-has-aspect-ratio\"><div class=\"wp-block-embed__wrapper\"> <iframe loading=\"lazy\" title=\"Revolutionair ma\u00efsdorsen: ma\u00efsschiller van de nieuwe generatie in actie! Ma\u00efsdorsmachine te koop voor een goede prijs\" width=\"500\" height=\"281\" src=\"https:\/\/www.youtube.com\/embed\/8jyFGYTMc4U?feature=oembed\" frameborder=\"0\" allow=\"accelerometer; autoplay; clipboard-write; encrypted-media; gyroscope; picture-in-picture; web-share\" referrerpolicy=\"strict-origin-when-cross-origin\" allowfullscreen><\/iframe> <\/div><figcaption class=\"wp-element-caption\">nieuw type ma\u00efs dorsmachine video<\/figcaption><\/figure>    <p>Taizy's nieuwste ma\u00efsschermmachine is een innovatief vouwontwerp dat compact en gemakkelijk te installeren en te transporteren is. De machine handhaaft hoge dorsenprestaties en optimaliseert ruimte en flexibiliteit. <\/p>    <figure class=\"wp-block-gallery aligncenter has-nested-images columns-default is-cropped wp-block-gallery-4 is-layout-flex wp-block-gallery-is-layout-flex\"> <figure class=\"wp-block-image size-large\"><img loading=\"lazy\" decoding=\"async\" width=\"720\" height=\"540\" data-id=\"6321\" src=\"https:\/\/taizyagromachine.com\/wp-content\/uploads\/2022\/02\/diesel-powered-corn-shelling-machine.webp\" alt=\"dieselaangedreven ma\u00efsbeschietingsmachine\" class=\"wp-image-6321\"\/><figcaption class=\"wp-element-caption\">dieselaangedreven ma\u00efsbeschietingsmachine<\/figcaption><\/figure>    <figure class=\"wp-block-image size-large\"><img loading=\"lazy\" decoding=\"async\" width=\"720\" height=\"540\" data-id=\"6322\" src=\"https:\/\/taizyagromachine.com\/wp-content\/uploads\/2022\/02\/maize-thresher-machine-with-folded-conveyor.webp\" alt=\"ma\u00efs dorsmachine met gevouwen transportband\" class=\"wp-image-6322\"\/><figcaption class=\"wp-element-caption\">ma\u00efs dorsmachine met gevouwen transportband<\/figcaption><\/figure>    <figure class=\"wp-block-image size-large\"><img loading=\"lazy\" decoding=\"async\" width=\"720\" height=\"540\" data-id=\"6323\" src=\"https:\/\/taizyagromachine.com\/wp-content\/uploads\/2022\/02\/totally-display-of-Taizy-corn-sheller-machine.webp\" alt=\"volledig weergave van Taizy ma\u00efsschillermachine\" class=\"wp-image-6323\"\/><figcaption class=\"wp-element-caption\">volledig weergave van Taizy ma\u00efsschillermachine<\/figcaption><\/figure> <\/figure>    <p>Als gebruiker kunt u de machine eenvoudig demonteren, transporteren en opslaan, wat de verwerking van ma\u00efs na de oogst aanzienlijk vereenvoudigt en uitstekend gemak en gebruiksgemak aantoont.<\/p>    <figure class=\"wp-block-gallery aligncenter has-nested-images columns-default is-cropped wp-block-gallery-5 is-layout-flex wp-block-gallery-is-layout-flex\"> <figure class=\"wp-block-image size-large\"><img loading=\"lazy\" decoding=\"async\" width=\"720\" height=\"540\" data-id=\"6324\" src=\"https:\/\/taizyagromachine.com\/wp-content\/uploads\/2022\/02\/maize-shelling-machine-in-stock.webp\" alt=\"ma\u00efs beschietingsmachine op voorraad\" class=\"wp-image-6324\"\/><figcaption class=\"wp-element-caption\">ma\u00efs beschietingsmachine op voorraad<\/figcaption><\/figure>    <figure class=\"wp-block-image size-large\"><img loading=\"lazy\" decoding=\"async\" width=\"720\" height=\"540\" data-id=\"6325\" src=\"https:\/\/taizyagromachine.com\/wp-content\/uploads\/2022\/02\/maize-thresher-machine-for-sale.webp\" alt=\"ma\u00efs dorsmachine te koop\" class=\"wp-image-6325\"\/><figcaption class=\"wp-element-caption\">ma\u00efs dorsmachine te koop<\/figcaption><\/figure> <\/figure>    <h2 class=\"wp-block-heading\" id=\"advantages-of-maize-sheller\"><strong>Voordelen van ma\u00efssheller te koop<\/strong><\/h2>    <ul class=\"wp-block-list\"> <li>Het beschietingspercentage in ma\u00efs kan oplopen tot 99,5%, waardoor ma\u00efs effectief wordt beschoten.<\/li>    <li>Transportband voor het transport van ma\u00efs, waardoor arbeid wordt bespaard.<\/li>    <li>Hoge werkeffici\u00ebntie, capaciteit is ongeveer 6t\/u.<\/li>    <li>De blazer blaast de onzuiverheden weg, waardoor het ma\u00efszaad zeer schoon is.<\/li>    <li>Dieselmotoren of elektromotoren zijn goede keuzes voor gebieden waar er een gebrek aan elektriciteit is.<\/li>    <li>Gemakkelijk te verplaatsen door de trekhaken en wielen.<\/li> <\/ul>    <h2 class=\"wp-block-heading\" id=\"working-process-of-maize-thresher\"><strong>Werkproces van Taizy ma\u00efs dorsmachine<\/strong><\/h2>   <div id=\"rank-math-howto\" class=\"rank-math-block\" > <div class=\"rank-math-howto-description\">  <p class=\"translation-block\">Als professioneel landbouwbedrijf is deze ma\u00efs-ontkorrelaar een commerci\u00eble <a href=\"https:\/\/taizyagromachine.com\/nl\/product\/corn-threshing-machine\/\">ma\u00efs-ontkorrelaar<\/a>. Laten we het proces van de ma\u00efs-dorser beter leren kennen.<\/p>  <\/div>  <div class=\"rank-math-steps\"> <div id=\"howto-step-1704181461787\" class=\"rank-math-step\"> <h3 class=\"rank-math-step-title\">Ma\u00efs laden en transporteren via transportband<\/h3> <div class=\"rank-math-step-content\"><p>Voer de ma\u00efs door de transportband, totdat de ma\u00efs de dorskamer bereikt.<\/p> <\/div> <\/div> <div id=\"howto-step-1704181510328\" class=\"rank-math-step\"> <h3 class=\"rank-math-step-title\">Dorsen en verwijderen van onzuiverheden<\/h3> <div class=\"rank-math-step-content\"><p>Na het dorsen en scheiden worden de lichte verontreinigingen uit de stofuitlaat geblazen.<\/p> <\/div> <\/div> <div id=\"howto-step-1704181531183\" class=\"rank-math-step\"> <h3 class=\"rank-math-step-title\">Ma\u00efskolfafvoer en ma\u00efszaden verzamelen<\/h3> <div class=\"rank-math-step-content\"><img loading=\"lazy\" decoding=\"async\" width=\"720\" height=\"540\" src=\"https:\/\/taizyagromachine.com\/wp-content\/uploads\/2022\/02\/working-screne-of-corn-thresher.jpg\" class=\"attachment-full size-full\" alt=\"werkende-scherm-van-ma\u00efs-dorsmachine\" srcset=\"https:\/\/taizyagromachine.com\/wp-content\/uploads\/2022\/02\/working-screne-of-corn-thresher.jpg 720w, https:\/\/taizyagromachine.com\/wp-content\/uploads\/2022\/02\/working-screne-of-corn-thresher-300x225.jpg 300w\" sizes=\"auto, (max-width: 720px) 100vw, 720px\" \/><p>De hele ma\u00efskolf komt uit de ma\u00efskolfuitlaat, terwijl tegelijkertijd de ma\u00efszaden uit de overeenkomstige uitlaat worden afgevoerd.<\/p> <\/div> <\/div> <\/div> <\/div>       <h2 class=\"wp-block-heading\" id=\"optional-equipment\"><strong>Optionele uitrusting voor grote ma\u00efsdorsmachine<\/strong><\/h2>    <p id=\"optional-equipment\" class=\"translation-block\"><strong>1. Transportband<\/strong><\/p>    <p>Deze transportband is bedoeld voor het transport van ma\u00efs. Het wordt gebruikt voor de ma\u00efsdorsmachine voor arbeidsbesparing en hoge effici\u00ebntie.<\/p>    <p class=\"translation-block\"><strong>2. Pijp voor het transporteren van de ma\u00efskorrels<\/strong><\/p>    <p>Het apparaat komt de boeren ten goede omdat het direct bij de grote container kan aankomen om de ma\u00efszaden op te slaan.<\/p>    <p>Let op, de prijs van de ma\u00efsdorsmachine varieert afhankelijk van de verschillende collocaties.<\/p>   <div class=\"wp-block-image\"> <figure class=\"aligncenter size-full\"><img loading=\"lazy\" decoding=\"async\" width=\"720\" height=\"540\" src=\"https:\/\/taizyagromachine.com\/wp-content\/uploads\/2022\/02\/optional-conveyor-and-pipe-corn-thresher.jpg\" alt=\"optionele graandorsmachine met transportband en pijp\" class=\"wp-image-2068\" srcset=\"https:\/\/taizyagromachine.com\/wp-content\/uploads\/2022\/02\/optional-conveyor-and-pipe-corn-thresher.jpg 720w, https:\/\/taizyagromachine.com\/wp-content\/uploads\/2022\/02\/optional-conveyor-and-pipe-corn-thresher-300x225.jpg 300w\" sizes=\"auto, (max-width: 720px) 100vw, 720px\" \/><figcaption class=\"wp-element-caption\">optionele transportband en pijp<\/figcaption><\/figure> <\/div>   <h2 class=\"wp-block-heading\"><strong>Factoren be\u00efnvloeden de prijs van de ma\u00efsdorsmachine<\/strong><\/h2>    <p>Er zijn veel factoren die de prijs van de ma\u00efsdorsmachine be\u00efnvloeden. We vermelden slechts enkele factoren ter referentie.<\/p>    <ul class=\"wp-block-list\"> <li><strong>Optionele uitrusting<\/strong>. Zoals hierboven vermeld zijn er voor deze grote ma\u00efsdorsmachine verschillende configuraties beschikbaar. Zonder buis en transportband en met buis en transportband zijn totaal verschillende prijzen.<\/li>    <li><strong>Kracht van de machine<\/strong>. De ma\u00efsdorsmachine kan worden aangedreven door een dieselmotor of door een elektromotor. De prijs is verschillend bij de dieselmotor of de elektromotor. <\/li>    <li><strong>Kwaliteit van de machine<\/strong>. De fabrikanten en leveranciers van ma\u00efs dorsenmachines zijn talrijk in de markt. Misschien hebben sommige leveranciers de machine voor een goedkopere prijs in vergelijking met onze ma\u00efs Thresher, maar u moet ook aandacht voor de kwaliteit van de machine. <\/li> <\/ul>    <h2 class=\"wp-block-heading\"><strong>Sterke punten van Taizy - de betrouwbare fabrikanten van ma\u00efs Thresher en leveranciers<\/strong><\/h2>    <ol class=\"wp-block-list\"> <li><strong>Concurrerende prijs<\/strong>. Wij zijn zowel fabrikant als producent, dus we hebben een prijsvoordeel zonder extra kosten aan de prijs van de machine toe te voegen.<\/li>    <li><strong>CE-certificaat<\/strong>. Onze ma\u00efsdorsmachines zijn gecertificeerd door de desbetreffende instantie, de kwaliteit van de machine is gegarandeerd en de levensduur is lang.<\/li>    <li><strong>Dienst na verkoop<\/strong>. Onze medewerkers bieden u een professionele after-sales service, speciaal voor u om eventuele vragen te beantwoorden die u tegenkomt tijdens het gebruik van de ma\u00efsdorsmachine.<\/li>    <li><strong>Online service, videobegeleiding, enz<\/strong>. Op het moment dat u de machine ontvangt, bent u onvermijdelijk onbekend met de machine. In dit stadium bieden we online begeleiding, of video kan klanten helpen om zo snel mogelijk vertrouwd te raken met het gebruik van de machine.<\/li> <\/ol>   <div class=\"wp-block-image\"> <figure class=\"aligncenter size-full\"><img loading=\"lazy\" decoding=\"async\" width=\"720\" height=\"540\" src=\"https:\/\/taizyagromachine.com\/wp-content\/uploads\/2022\/04\/strong-strength-Taizy-Argo-Machine.jpg\" alt=\"sterke sterkte-Taizy Argo Machine\" class=\"wp-image-2452\" srcset=\"https:\/\/taizyagromachine.com\/wp-content\/uploads\/2022\/04\/strong-strength-Taizy-Argo-Machine.jpg 720w, https:\/\/taizyagromachine.com\/wp-content\/uploads\/2022\/04\/strong-strength-Taizy-Argo-Machine-300x225.jpg 300w\" sizes=\"auto, (max-width: 720px) 100vw, 720px\" \/><figcaption class=\"wp-element-caption\">sterke sterkte-Taizy Argo Machine<\/figcaption><\/figure> <\/div>   <h2 class=\"wp-block-heading\" id=\"several-things-to-clarify\"><strong>Verschillende dingen die moeten worden verduidelijkt voor de Corn Ma\u00efs Sheller-machine<\/strong><\/h2>   <div id=\"rank-math-faq\" class=\"rank-math-block\"> <div class=\"rank-math-list\"> <div id=\"faq-question-1668158967005\" class=\"rank-math-list-item\"> <h3 class=\"rank-math-question\"><strong><strong>Is deze machine alleen voor ma\u00efs<\/strong><\/strong>? Als andere gewassen, zoals gierst, en <strong><strong>sorghum, is deze machine toepasbaar?<\/strong><\/strong><\/h3> <div class=\"rank-math-answer\">  <p>Deze ma\u00efsdorsmachine kan alleen worden gebruikt voor het schillen van droge ma\u00efs. Andere gewassen kunnen kiezen voor andere dorsmachines. Sorghum kan bijvoorbeeld de multifunctionele dorsmachine gebruiken.<\/p>  <\/div> <\/div> <div id=\"faq-question-1668158977898\" class=\"rank-math-list-item\"> <h3 class=\"rank-math-question\"><strong><strong>Kan de ma\u00efsdorser de ma\u00efsschillen pellen?<\/strong><\/strong><\/h3> <div class=\"rank-math-answer\">  <p>Nee, deze ma\u00efsdorsmachine is geschikt voor mais zonder kaf.<\/p>  <\/div> <\/div> <div id=\"faq-question-1668158995127\" class=\"rank-math-list-item\"> <h3 class=\"rank-math-question\"><strong><strong>Kan suikerma\u00efs deze ma\u00efsschillermachine gebruiken om te dorsen?<\/strong><\/strong><\/h3> <div class=\"rank-math-answer\">  <p>De ma\u00efsschiller die te koop is, verschilt van de suikerma\u00efsdorser. Deze machine dorst droge ma\u00efs. Als u de suikerma\u00efs wilt dorsen, is de suikerma\u00efsschillermachine de betere keuze.<\/p>  <\/div> <\/div> <\/div> <\/div>   <h2 class=\"wp-block-heading\"><strong>Technische parameters van de Big Taizy ma\u00efsdorsmachine<\/strong><\/h2>    <figure class=\"wp-block-table\"><table><tbody><tr><td>Model<\/td><td>5TY-80D<\/td><\/tr><tr><td>Stroom<\/td><td>15 pk dieselmotor of 7,5 kW motor<\/td><\/tr><tr><td>Capaciteit<\/td><td>6t\/u (ma\u00efszaden)<\/td><\/tr><tr><td>Dorssnelheid<\/td><td>\u226599,5%<\/td><\/tr><tr><td>Verliespercentage<\/td><td>\u22642,0%<\/td><\/tr><tr><td>Breukpercentage<\/td><td>\u22641,5%<\/td><\/tr><tr><td>Onzuiverheidspercentage<\/td><td>\u22641,0%<\/td><\/tr><tr><td>Gewicht<\/td><td>350 kg<\/td><\/tr><tr><td>Maat<\/td><td>3860*1360*2480 mm<\/td><\/tr><\/tbody><\/table><figcaption class=\"wp-element-caption\">parameters van de ma\u00efs dorsmachine<\/figcaption><\/figure>    <h2 class=\"wp-block-heading\"><strong>Begin nu met het dorsen van ma\u00efs!<\/strong><\/h2>    <p class=\"translation-block\">Begin direct aan uw <a href=\"https:\/\/en.wikipedia.org\/wiki\/Maize\" target=\"_blank\" rel=\"noopener\">ma\u00efs<\/a>-oogstreis! Kies onze grote ma\u00efs-dorser, effici\u00ebnt en handig, \u00e9\u00e9n knop om de batch ma\u00efs-dorsmodus te openen. Neem onmiddellijk contact met ons op voor meer details over de ma\u00efs-dorser en de beste prijs!<\/p>    <figure class=\"wp-block-embed is-type-video is-provider-youtube wp-block-embed-youtube wp-embed-aspect-16-9 wp-has-aspect-ratio\"><div class=\"wp-block-embed__wrapper\"> <iframe loading=\"lazy\" title=\"Hoogvolume Corn Sheller Machine voor ma\u00efs dorsen | Ma\u00efs Thresher voor ma\u00efs beschieting met 6t\/h\" width=\"500\" height=\"281\" src=\"https:\/\/www.youtube.com\/embed\/ZE9BoK5BwqM?feature=oembed\" frameborder=\"0\" allow=\"accelerometer; autoplay; clipboard-write; encrypted-media; gyroscope; picture-in-picture; web-share\" referrerpolicy=\"strict-origin-when-cross-origin\" allowfullscreen><\/iframe> <\/div><figcaption class=\"wp-element-caption\">Video van ma\u00efs dorsmachine<\/figcaption><\/figure>","protected":false},"excerpt":{"rendered":"<p>Ma\u00efs Thresher is speciaal voor het scheiden van ma\u00efs aan ma\u00efskorrels en ma\u00efskolven, met een grote capaciteit van 6t per uur, waarvan het type een transportband heeft gevouwen! We beschrijven de nieuwste soorten ma\u00efs Threshers, samen met machineparameters, voor uw referentie bij het kiezen.<\/p>","protected":false},"author":1,"featured_media":2141,"parent":0,"template":"","tags":[],"product-type":[17],"class_list":["post-2064","product","type-product","status-publish","has-post-thumbnail","hentry","product-type-corn-machine"],"_links":{"self":[{"href":"https:\/\/taizyagromachine.com\/nl\/wp-json\/wp\/v2\/product\/2064","targetHints":{"allow":["GET"]}}],"collection":[{"href":"https:\/\/taizyagromachine.com\/nl\/wp-json\/wp\/v2\/product"}],"about":[{"href":"https:\/\/taizyagromachine.com\/nl\/wp-json\/wp\/v2\/types\/product"}],"author":[{"embeddable":true,"href":"https:\/\/taizyagromachine.com\/nl\/wp-json\/wp\/v2\/users\/1"}],"wp:featuredmedia":[{"embeddable":true,"href":"https:\/\/taizyagromachine.com\/nl\/wp-json\/wp\/v2\/media\/2141"}],"wp:attachment":[{"href":"https:\/\/taizyagromachine.com\/nl\/wp-json\/wp\/v2\/media?parent=2064"}],"wp:term":[{"taxonomy":"post_tag","embeddable":true,"href":"https:\/\/taizyagromachine.com\/nl\/wp-json\/wp\/v2\/tags?post=2064"},{"taxonomy":"product-type","embeddable":true,"href":"https:\/\/taizyagromachine.com\/nl\/wp-json\/wp\/v2\/product-type?post=2064"}],"curies":[{"name":"wp","href":"https:\/\/api.w.org\/{rel}","templated":true}]}}