{"id":2333,"date":"2022-03-31T01:53:37","date_gmt":"2022-03-31T01:53:37","guid":{"rendered":"https:\/\/taizyagromachine.com\/?post_type=product&#038;p=2333"},"modified":"2022-11-16T10:28:06","modified_gmt":"2022-11-16T02:28:06","slug":"hand-corn-planter-walk-behind-corn-planter-1-row-corn-planter","status":"publish","type":"product","link":"https:\/\/taizyagromachine.com\/nl\/product\/hand-corn-planter-walk-behind-corn-planter-1-row-corn-planter\/","title":{"rendered":"Handma\u00efsplanter | Loop achter ma\u00efsplanter | 1 rij ma\u00efsplanter"},"content":{"rendered":"<p class=\"translation-block\">Mais is een van de belangrijkste gewassen ter wereld. Daarom is het van het begin van de aanplant tot de oogst onlosmakelijk verbonden met de relevante ma\u00efslandbouwmachines. De <strong>handmatige ma\u00efsplanter<\/strong> die vandaag wordt ge\u00efntroduceerd, is speciaal ontworpen voor het zaaien van ma\u00efs. Natuurlijk kan deze ook tarwe, pinda's, bonen, sorghum, koolzaad, katoen, enz. zaaien. Deze handmatige ma\u00efszaaimachine is geschikt voor het zaaien in heuvels, bergen, enz. Onze handmatige rijenzaaimachine is erg populair in Nigeria, Kenia en andere regio's. Welkom om op elk moment te raadplegen.<\/p>    <h2 class=\"wp-block-heading\" id=\"h-type-one-walk-behind-corn-planter\"><strong>Type \u00e9\u00e9n: loop achter de ma\u00efsplanter<\/strong><\/h2>    <p class=\"translation-block\">Dit soort handmatige ma\u00efsplanter heeft een zeer eenvoudige structuur en gemakkelijke bediening. Eigenlijk heeft deze <a href=\"https:\/\/cornmachines.com\/manual-seed-planter\/\" target=\"_blank\" rel=\"noreferrer noopener\">\u00e9\u00e9nrijige planter<\/a> twee personen nodig om samen te werken. E\u00e9n persoon moet aan het touw trekken en dan vooruit bewegen, en een andere persoon houdt de ma\u00efsplanter vast om te bewegen. Vanuit de structuur kunnen we duidelijk zien dat de handmatige ma\u00efszaaimachine kan bemesten en zaaien, maar niet tegelijkertijd kan doen. Deze kleine ma\u00efsplanter gebruikt geen enkele kracht, alleen arbeid. Daarom is het bijzonder geschikt voor hulp projecten in sommige landen, wat gemak brengt voor mensen in arme gebieden.<\/p>   <div class=\"wp-block-image\"> <figure class=\"aligncenter size-full\"><img loading=\"lazy\" decoding=\"async\" width=\"720\" height=\"540\" src=\"https:\/\/taizyagromachine.com\/wp-content\/uploads\/2022\/03\/walk-behind-corn-planter.jpg\" alt=\"loop achter de ma\u00efsplanter\" class=\"wp-image-2369\" srcset=\"https:\/\/taizyagromachine.com\/wp-content\/uploads\/2022\/03\/walk-behind-corn-planter.jpg 720w, https:\/\/taizyagromachine.com\/wp-content\/uploads\/2022\/03\/walk-behind-corn-planter-300x225.jpg 300w\" sizes=\"auto, (max-width: 720px) 100vw, 720px\" \/><figcaption class=\"wp-element-caption\">loop achter de ma\u00efsplanter<\/figcaption><\/figure> <\/div>   <h3 class=\"wp-block-heading\"><strong>Werkvideo van handma\u00efsplanters te koop<\/strong><\/h3>    <figure class=\"wp-block-embed aligncenter is-type-video is-provider-youtube wp-block-embed-youtube wp-embed-aspect-16-9 wp-has-aspect-ratio\"><div class=\"wp-block-embed__wrapper\"> <iframe loading=\"lazy\" title=\"Handmatige ma\u00efszaaimachine, handbediende ma\u00efszaadplanter, pinda, tarwebonen, sorghum, koolzaadplanter\" width=\"500\" height=\"281\" src=\"https:\/\/www.youtube.com\/embed\/1PT06n0p09I?feature=oembed\" frameborder=\"0\" allow=\"accelerometer; autoplay; clipboard-write; encrypted-media; gyroscope; picture-in-picture; web-share\" referrerpolicy=\"strict-origin-when-cross-origin\" allowfullscreen><\/iframe> <\/div><\/figure>    <h3 class=\"wp-block-heading\"><strong>Technische specificaties<\/strong><\/h3>    <figure class=\"wp-block-table\"><table><tbody><tr><td>Model<\/td><td>TZY-100<\/td><\/tr><tr><td>Capaciteit<\/td><td>0,5 hectare\/u<\/td><\/tr><tr><td>Maat<\/td><td>1370*420*900mm<\/td><\/tr><tr><td>Gewicht<\/td><td>12 kg<\/td><\/tr><\/tbody><\/table><\/figure>    <h2 class=\"wp-block-heading\"><strong>Type Twee: 1-rijige ma\u00efsplanter met benzinemotor<\/strong><\/h2>    <p>Deze handmatige ma\u00efsplanter is een upgrade gebaseerd op de ouderwetse zaadplanter, uitgerust met een benzinemotor. Deze handmatige ma\u00efsplanter kan zaden door \u00e9\u00e9n persoon zaaien en heeft de benzinemotor als kracht, wat mankracht aanzienlijk kan besparen en de effici\u00ebntie kan verbeteren. <\/p>   <div class=\"wp-block-image\"> <figure class=\"aligncenter size-full\"><img loading=\"lazy\" decoding=\"async\" width=\"720\" height=\"540\" src=\"https:\/\/taizyagromachine.com\/wp-content\/uploads\/2022\/03\/gasoline-engine-equipped-walk-behind-planter.jpg\" alt=\"handma\u00efsplanter met benzinemotor\" class=\"wp-image-2371\" srcset=\"https:\/\/taizyagromachine.com\/wp-content\/uploads\/2022\/03\/gasoline-engine-equipped-walk-behind-planter.jpg 720w, https:\/\/taizyagromachine.com\/wp-content\/uploads\/2022\/03\/gasoline-engine-equipped-walk-behind-planter-300x225.jpg 300w\" sizes=\"auto, (max-width: 720px) 100vw, 720px\" \/><figcaption class=\"wp-element-caption\">handma\u00efsplanter met benzinemotor<\/figcaption><\/figure> <\/div>   <p>Vergeleken met de type \u00e9\u00e9n machine is de rest, op de benzinemotor na, in principe hetzelfde. Als u vragen heeft, kunt u te allen tijde contact met ons opnemen.<\/p>    <h3 class=\"wp-block-heading\"><strong>Uitgerust met benzinemotor<\/strong><\/h3>    <p>In onze fabriek zijn er twee soorten benzinemotoren. De ene is een 170F-benzinemotor en de andere is een 152F-benzinemotor. De specifieke vorm van de machine wordt weergegeven in de onderstaande figuur.<\/p>   <div class=\"wp-block-image\"> <figure class=\"aligncenter size-full\"><img loading=\"lazy\" decoding=\"async\" width=\"720\" height=\"540\" src=\"https:\/\/taizyagromachine.com\/wp-content\/uploads\/2022\/03\/1-row-corn-planter-with-the-gasoline-engine.jpg\" alt=\"loop achter de plantenbak met de benzinemotor\" class=\"wp-image-2373\" srcset=\"https:\/\/taizyagromachine.com\/wp-content\/uploads\/2022\/03\/1-row-corn-planter-with-the-gasoline-engine.jpg 720w, https:\/\/taizyagromachine.com\/wp-content\/uploads\/2022\/03\/1-row-corn-planter-with-the-gasoline-engine-300x225.jpg 300w\" sizes=\"auto, (max-width: 720px) 100vw, 720px\" \/><figcaption class=\"wp-element-caption\">twee verschillende benzinemotoren<\/figcaption><\/figure> <\/div>   <h2 class=\"wp-block-heading\"><strong>Type Drie: Handma\u00efsplanter met \u00e9\u00e9n rij<\/strong><\/h2>    <p>De handma\u00efsplanter heeft een eendenbek, die door het verwisselen van het zaaiwiel voor de bijbehorende gewassen kan worden gebruikt. Er zijn in totaal 8 soorten zaaiwielen. Bovendien bepaalt het aantal eendenbekjes de grootte van de plantafstand. Hoe meer eendenbekjes, hoe kleiner de plantafstand. En er zijn hoogstens twaalf eendenbiljetten. De zaaidiepte bedraagt \u200b\u200b3,5-7,8 cm. We exporteren een kleine kast van deze machine naar Zambia.<\/p>   <div class=\"wp-block-image\"> <figure class=\"aligncenter size-large\"><img loading=\"lazy\" decoding=\"async\" width=\"1024\" height=\"384\" src=\"https:\/\/taizyagromachine.com\/wp-content\/uploads\/2022\/03\/different-colors-of-1-row-hand-corn-planter-1024x384.jpg\" alt=\"verschillende kleuren van 1 rij handma\u00efsplanter\" class=\"wp-image-2376\" srcset=\"https:\/\/taizyagromachine.com\/wp-content\/uploads\/2022\/03\/different-colors-of-1-row-hand-corn-planter-1024x384.jpg 1024w, https:\/\/taizyagromachine.com\/wp-content\/uploads\/2022\/03\/different-colors-of-1-row-hand-corn-planter-300x113.jpg 300w, https:\/\/taizyagromachine.com\/wp-content\/uploads\/2022\/03\/different-colors-of-1-row-hand-corn-planter-768x288.jpg 768w, https:\/\/taizyagromachine.com\/wp-content\/uploads\/2022\/03\/different-colors-of-1-row-hand-corn-planter.jpg 1440w\" sizes=\"auto, (max-width: 1024px) 100vw, 1024px\" \/><figcaption class=\"wp-element-caption\">verschillende kleuren van 1 rij handma\u00efsplanter<\/figcaption><\/figure> <\/div>   <h3 class=\"wp-block-heading\"><strong>Structuur van ma\u00efsrijplanter<\/strong><\/h3>    <p>Eigenlijk is er een armleuning om naar voren te duwen. De zaaddoos is bedoeld om de zaden in te bewaren en vervolgens door de eendenbek te zaaien. Het wiel moet de grond bedekken. Bovendien hebben we verschillende kleuren voor deze handma\u00efsplanter. U kunt kiezen wat u verkiest.<\/p>   <div class=\"wp-block-image\"> <figure class=\"aligncenter size-full\"><img loading=\"lazy\" decoding=\"async\" width=\"720\" height=\"540\" src=\"https:\/\/taizyagromachine.com\/wp-content\/uploads\/2022\/03\/structure-of-hand-pushed-corn-seeder.jpg\" alt=\"structuur van handgeduwde ma\u00efszaaimachine\" class=\"wp-image-2379\" srcset=\"https:\/\/taizyagromachine.com\/wp-content\/uploads\/2022\/03\/structure-of-hand-pushed-corn-seeder.jpg 720w, https:\/\/taizyagromachine.com\/wp-content\/uploads\/2022\/03\/structure-of-hand-pushed-corn-seeder-300x225.jpg 300w\" sizes=\"auto, (max-width: 720px) 100vw, 720px\" \/><figcaption class=\"wp-element-caption\">structuur van handgeduwde ma\u00efszaaimachine<\/figcaption><\/figure> <\/div>   <h3 class=\"wp-block-heading\"><strong>Technische parameters<\/strong><\/h3>    <figure class=\"wp-block-table\"><table><tbody><tr><td>Zaaidiepte<\/td><td>3,5-7,8 cm<\/td><\/tr><tr><td>Zaaihoeveelheid<\/td><td>1-3 stuks, verstelbaar<\/td><\/tr><tr><td>Eendenbek<\/td><td>Max. 12 stuks<\/td><\/tr><tr><td>Gewicht<\/td><td>11 kg<\/td><\/tr><tr><td>Verpakkingsgrootte<\/td><td>58*58*25 mm<\/td><\/tr><\/tbody><\/table><\/figure>    <h2 class=\"wp-block-heading\" id=\"h-highlights-of-single-row-walk-behind-corn-planter\"><strong>Hoogtepunten van een enkele rij achterloopma\u00efsplanter<\/strong> <\/h2>    <ol class=\"wp-block-list\"> <li>Eenvoudige bediening, eenvoudige structuur, goede kwaliteit.<\/li>    <li>Lichtgewicht, gemakkelijk te verplaatsen.<\/li>    <li>Geschikt voor heuvelachtige, bergachtige gebieden.<\/li>    <li>Handig voor het zaaien van diverse gewassen, zoals tarwe, katoen, sorghum, tarwe, bonen, likdoorns, koolzaad etc.<\/li>    <li>Bescherming van het milieu. Handmatige bediening, vriendelijk voor het milieu.<\/li> <\/ol>    <h2 class=\"wp-block-heading\" id=\"h-why-choose-taizy-as-top-choice\"><strong>Waarom kiezen voor Taizy als topkeuze?<\/strong><\/h2>    <p class=\"translation-block\"><strong>ISO-certificaat<\/strong>. Onze handmatige ma\u00efsplanter heeft het ISO-certificaat, conform de relevante voorschriften en regels. Dus machines zijn van goede kwaliteit en voldoen aan nationale normen. <\/p>    <p class=\"translation-block\"><strong>Rijke ervaring in exporteren.<\/strong> We hebben onze diverse landbouwmachines ge\u00ebxporteerd, zoals ma\u00efsoogstmachines, <a href=\"https:\/\/taizyagromachine.com\/nl\/product\/maize-thresher\/\" target=\"_blank\" rel=\"noreferrer noopener\">ma\u00efsdorsers<\/a> naar veel landen en regio's. Zoals Zambia, Afrika, Zuid-Amerika, Nigeria, Peru, enz. Daarom hebben we veel ervaring met exporteren. <\/p>    <p class=\"translation-block\"><strong>Doordachte after-sales service.<\/strong> Na ontvangst van de machines volgen we nog steeds de situatie van onze klanten. Bovendien bieden we een 24-uurs online service om alle vragen van klanten te beantwoorden.<\/li> <\/p>   <div class=\"wp-block-image\"> <figure class=\"aligncenter size-full\"><img loading=\"lazy\" decoding=\"async\" width=\"720\" height=\"540\" src=\"https:\/\/taizyagromachine.com\/wp-content\/uploads\/2022\/03\/professional-team.jpg\" alt=\"professioneel team\" class=\"wp-image-2304\" srcset=\"https:\/\/taizyagromachine.com\/wp-content\/uploads\/2022\/03\/professional-team.jpg 720w, https:\/\/taizyagromachine.com\/wp-content\/uploads\/2022\/03\/professional-team-300x225.jpg 300w\" sizes=\"auto, (max-width: 720px) 100vw, 720px\" \/><figcaption class=\"wp-element-caption\">professioneel team<\/figcaption><\/figure> <\/div>   <h2 class=\"wp-block-heading\"><strong>Succesvolle case: handbediende ma\u00efsplanter ge\u00ebxporteerd naar Peru<\/strong><\/h2>    <p>We hebben de reactie ontvangen van onze Google-website. Onze Peru-klant zei dat hij 20 stuks 1-rijige ma\u00efszaaimachines met benzinemotor wilde. Omdat hij een grote boerderijeigenaar is, wilde hij kopen voor zijn werk. Onze salesmanager Coco verleende hem zijn diensten. De klant uit Peru bestelde een keer 20 stuks en maakte zich zorgen over de levertijd. Coco legde hem uit dat onze fabriek de machine op tijd zou produceren en maakte een voortgangsplan voor hem. Bovendien zou Coco de voortgang naar hem sturen. Na het lezen hiervan voelde de Peruaanse klant zich op zijn gemak en tekende snel een contract en betaalde de volledige betaling.<\/p>    <h2 class=\"wp-block-heading\"><strong>Veelgestelde vragen over handma\u00efsplanters<\/strong><\/h2>   <div id=\"rank-math-faq\" class=\"rank-math-block\"> <div class=\"rank-math-list\"> <div id=\"faq-question-1668565608199\" class=\"rank-math-list-item\"> <h3 class=\"rank-math-question\"><strong>Vraag: Hoeveel stuks moeten er \u00e9\u00e9n keer besteld worden?<\/strong><\/h3> <div class=\"rank-math-answer\">  <p>A: De minimale bestelling is 20 stuks.<\/p>  <\/div> <\/div> <div id=\"faq-question-1668565613558\" class=\"rank-math-list-item\"> <h3 class=\"rank-math-question\"><strong>Vraag: Welke gewassen kunnen met deze plantenbak worden geplant?<\/strong><\/h3> <div class=\"rank-math-answer\">  <p>A: Er zijn veel gewassen beschikbaar. Bijvoorbeeld tarwe, katoen, sorghum, pinda's, bonen, koolzaad, enz.<\/p>  <\/div> <\/div> <div id=\"faq-question-1668565623984\" class=\"rank-math-list-item\"> <h3 class=\"rank-math-question\"><strong>Vraag: Hoe garandeert u de productie als u \u00e9\u00e9n keer 100 stuks bestelt?<\/strong><\/h3> <div class=\"rank-math-answer\">  <p>A: We zijn ge\u00efntegreerde productie en handel. Daarom hebben we een sterke capaciteit om de door u vereiste goederen op tijd te produceren. Ook zullen we een voortgangsplan opstellen om uw rechten te waarborgen.<\/p>  <\/div> <\/div> <div id=\"faq-question-1668565639991\" class=\"rank-math-list-item\"> <h3 class=\"rank-math-question\"><strong>Vraag: Hoe lang kunt u machines leveren?<\/strong><\/h3> <div class=\"rank-math-answer\">  <p>A: Over het algemeen hebben we na ontvangst van de aanbetaling een week nodig om de goederen te regelen. Dus als alles vlot verloopt, beginnen we na een week met de uitlevering van de machines.<\/p>  <\/div> <\/div> <div id=\"faq-question-1668565653725\" class=\"rank-math-list-item\"> <h3 class=\"rank-math-question\"><strong>Vraag: Welke transportmethode gebruikt u?<\/strong><\/h3> <div class=\"rank-math-answer\">  <p>A: Gewoonlijk over zee. Heeft u andere wensen, laat het ons weten. En wij regelen de meest geschikte transportmethode.<\/p>  <\/div> <\/div> <\/div> <\/div>   <p><\/p>","protected":false},"excerpt":{"rendered":"<p>Corn is one of the most important crops in the world. Therefore, from the beginning of planting to harvesting, it is inseparable from the relevant corn machinery. The hand corn planter to be introduced today is specially designed for corn sowing. Of course, it can also sow wheat, peanuts, beans, sorghum, rape, cotton, etc. This [&hellip;]<\/p>\n","protected":false},"author":1,"featured_media":2368,"parent":0,"template":"","tags":[],"product-type":[17],"class_list":["post-2333","product","type-product","status-publish","has-post-thumbnail","hentry","product-type-corn-machine"],"_links":{"self":[{"href":"https:\/\/taizyagromachine.com\/nl\/wp-json\/wp\/v2\/product\/2333","targetHints":{"allow":["GET"]}}],"collection":[{"href":"https:\/\/taizyagromachine.com\/nl\/wp-json\/wp\/v2\/product"}],"about":[{"href":"https:\/\/taizyagromachine.com\/nl\/wp-json\/wp\/v2\/types\/product"}],"author":[{"embeddable":true,"href":"https:\/\/taizyagromachine.com\/nl\/wp-json\/wp\/v2\/users\/1"}],"wp:featuredmedia":[{"embeddable":true,"href":"https:\/\/taizyagromachine.com\/nl\/wp-json\/wp\/v2\/media\/2368"}],"wp:attachment":[{"href":"https:\/\/taizyagromachine.com\/nl\/wp-json\/wp\/v2\/media?parent=2333"}],"wp:term":[{"taxonomy":"post_tag","embeddable":true,"href":"https:\/\/taizyagromachine.com\/nl\/wp-json\/wp\/v2\/tags?post=2333"},{"taxonomy":"product-type","embeddable":true,"href":"https:\/\/taizyagromachine.com\/nl\/wp-json\/wp\/v2\/product-type?post=2333"}],"curies":[{"name":"wp","href":"https:\/\/api.w.org\/{rel}","templated":true}]}}