{"id":2431,"date":"2022-04-08T09:50:52","date_gmt":"2022-04-08T09:50:52","guid":{"rendered":"https:\/\/taizyagromachine.com\/?post_type=product&#038;p=2431"},"modified":"2025-04-28T16:51:17","modified_gmt":"2025-04-28T08:51:17","slug":"groundnut-shelling-machine-groundnut-shell-removing-machine","status":"publish","type":"product","link":"https:\/\/taizyagromachine.com\/nl\/product\/groundnut-shelling-machine-groundnut-shell-removing-machine\/","title":{"rendered":"Aardnootschilmachine voor het verwijderen van pindadoppen"},"content":{"rendered":"<p class=\"translation-block\"><strong>Groundnut shelling machine<\/strong> fungeert om pinda schil gemakkelijk te verwijderen, zodat de schone en hele pinda-kernen worden verkregen. Dit soort pinda-shellermachine heeft een capaciteit van 200-800kg\/h, met de voordelen van flexibele energie systemen, een hoge ontpelsnelheid en een laag breekpercentage.<\/p>    <p>Aardnoten zijn rijk aan voedingsstoffen. Niet alleen voor de oliewinning, maar ook voor de voedingsmiddelenindustrie. Daarnaast kan het ook direct gegeten worden. Daarom gebruiken wij de aardnotenschiller. Bovendien heeft onze pindaschiller een CE-certificaat. <\/p>    <p>Bovendien is onze pindaschilmachine erg populair in veel landen en regio's. Zoals Senegal, Nigeria, Kenia, Congo, Zimbabwe, Gambia, Griekenland, etc.<\/p>    <figure class=\"wp-block-embed is-type-video is-provider-youtube wp-block-embed-youtube wp-embed-aspect-16-9 wp-has-aspect-ratio\"><div class=\"wp-block-embed__wrapper\"> <iframe loading=\"lazy\" title=\"Kosteneffectieve pinda-schiller voor het verwijderen van notendoppen | Hoe werkt een industri\u00eble pinda-schiller?\" width=\"500\" height=\"281\" src=\"https:\/\/www.youtube.com\/embed\/laJ9QAIVMf0?feature=oembed\" frameborder=\"0\" allow=\"accelerometer; autoplay; clipboard-write; encrypted-media; gyroscope; picture-in-picture; web-share\" referrerpolicy=\"strict-origin-when-cross-origin\" allowfullscreen><\/iframe> <\/div><figcaption class=\"wp-element-caption\">video van pinda's pelmachine<\/figcaption><\/figure>    <h2 class=\"wp-block-heading\" id=\"h-industrial-automatic-peanut-shelling-machine-for-sale\"><strong>Industri\u00eble automatische pindaschilmachine te koop<\/strong><\/h2>    <p>Als toonaangevende en professionele fabrikant en leverancier van landbouwmachines hebben wij verschillende modellen om aan uw wensen te voldoen. Natuurlijk heeft elk model aardnotenschiller zijn kracht en kenmerken. Ik stel ze \u00e9\u00e9n voor \u00e9\u00e9n aan je voor.<\/p>    <h3 class=\"wp-block-heading\"><strong>TBH-200 Kleine aardnootschilmachine<\/strong><\/h3>    <p>Dit soort aardnootschiller kan de dieselmotor, motor en benzinemotor gebruiken. In deze shellermachine wordt \u00e9\u00e9n zeef gebruikt. Maar wij regelen twee zeven mee met de machine. <\/p>    <p>Je kunt de zeef ook aanpassen aan de pindavorm. Dit soort machine voor het verwijderen van pindadoppen heeft de voordelen van een hoog rendement, weinig schade en een hoge beschietingssnelheid. Het is dus een machine voor het schillen van pinda's voor thuis en voor kleine bedrijven.<\/p>   <div class=\"wp-block-image\"> <figure class=\"aligncenter size-full\"><img loading=\"lazy\" decoding=\"async\" width=\"720\" height=\"540\" src=\"https:\/\/taizyagromachine.com\/wp-content\/uploads\/2022\/04\/peanut-shelling-machine-TBH-200.jpg\" alt=\"pinda-schietmachine-TBH-200\" class=\"wp-image-2433\" srcset=\"https:\/\/taizyagromachine.com\/wp-content\/uploads\/2022\/04\/peanut-shelling-machine-TBH-200.jpg 720w, https:\/\/taizyagromachine.com\/wp-content\/uploads\/2022\/04\/peanut-shelling-machine-TBH-200-300x225.jpg 300w\" sizes=\"auto, (max-width: 720px) 100vw, 720px\" \/><figcaption class=\"wp-element-caption\">pinda-schietmachine-TBH-200<\/figcaption><\/figure> <\/div>   <figure class=\"wp-block-embed is-type-video is-provider-youtube wp-block-embed-youtube wp-embed-aspect-16-9 wp-has-aspect-ratio\"><div class=\"wp-block-embed__wrapper\"> <iframe loading=\"lazy\" title=\"Hoe werkt een pindaschiller? Hoe verwijderen ze de pindadoppen?\" width=\"500\" height=\"281\" src=\"https:\/\/www.youtube.com\/embed\/ItqAlwJXEL8?feature=oembed\" frameborder=\"0\" allow=\"accelerometer; autoplay; clipboard-write; encrypted-media; gyroscope; picture-in-picture; web-share\" referrerpolicy=\"strict-origin-when-cross-origin\" allowfullscreen><\/iframe> <\/div><figcaption class=\"wp-element-caption\">Pindaschiller machine werkende video<\/figcaption><\/figure>    <h3 class=\"wp-block-heading\"><strong>TBH-400 Automatische aardnootschilverwijderaar <\/strong><\/h3>    <p>De peanut sheller heeft een soortgelijk voedingssysteem als de TBH-200, er zijn drie voedingsapparaten beschikbaar.  Er zijn ook twee zeven beschikbaar, waarvan er slechts \u00e9\u00e9n is ge\u00efnstalleerd. De ventilator zuigt onzuiverheden weg. Er wordt gebruik gemaakt van een rubberen rol. <\/p>    <p>Vergeleken met bovenstaande machine heeft deze industri\u00eble pindaschilmachine een grotere capaciteit.<\/p>    <figure class=\"wp-block-gallery aligncenter has-nested-images columns-default is-cropped wp-block-gallery-2 is-layout-flex wp-block-gallery-is-layout-flex\"> <figure class=\"wp-block-image size-large\"><img loading=\"lazy\" decoding=\"async\" width=\"540\" height=\"720\" data-id=\"2435\" src=\"https:\/\/taizyagromachine.com\/wp-content\/uploads\/2022\/04\/groundnut-sheller-TBH-400.jpg\" alt=\"aardnoot-sheller-TBH-400\" class=\"wp-image-2435\" srcset=\"https:\/\/taizyagromachine.com\/wp-content\/uploads\/2022\/04\/groundnut-sheller-TBH-400.jpg 540w, https:\/\/taizyagromachine.com\/wp-content\/uploads\/2022\/04\/groundnut-sheller-TBH-400-225x300.jpg 225w\" sizes=\"auto, (max-width: 540px) 100vw, 540px\" \/><figcaption class=\"wp-element-caption\">aardnootschiller-TBH-400<\/figcaption><\/figure>    <figure class=\"wp-block-image size-full\"><img loading=\"lazy\" decoding=\"async\" width=\"540\" height=\"720\" data-id=\"2436\" src=\"https:\/\/taizyagromachine.com\/wp-content\/uploads\/2022\/04\/peanut-shell-removing-machine-TBH-400.jpg\" alt=\"machine voor het verwijderen van pindadoppen-TBH-400\" class=\"wp-image-2436\" srcset=\"https:\/\/taizyagromachine.com\/wp-content\/uploads\/2022\/04\/peanut-shell-removing-machine-TBH-400.jpg 540w, https:\/\/taizyagromachine.com\/wp-content\/uploads\/2022\/04\/peanut-shell-removing-machine-TBH-400-225x300.jpg 225w\" sizes=\"auto, (max-width: 540px) 100vw, 540px\" \/><figcaption class=\"wp-element-caption\">machine voor het verwijderen van pindadoppen-TBH-400<\/figcaption><\/figure> <\/figure>    <figure class=\"wp-block-gallery aligncenter has-nested-images columns-default is-cropped wp-block-gallery-3 is-layout-flex wp-block-gallery-is-layout-flex\"> <figure class=\"wp-block-image size-full\"><img loading=\"lazy\" decoding=\"async\" width=\"720\" height=\"540\" data-id=\"2434\" src=\"https:\/\/taizyagromachine.com\/wp-content\/uploads\/2022\/04\/rubber-roller.jpg\" alt=\"rubberen rol\" class=\"wp-image-2434\" srcset=\"https:\/\/taizyagromachine.com\/wp-content\/uploads\/2022\/04\/rubber-roller.jpg 720w, https:\/\/taizyagromachine.com\/wp-content\/uploads\/2022\/04\/rubber-roller-300x225.jpg 300w\" sizes=\"auto, (max-width: 720px) 100vw, 720px\" \/><figcaption class=\"wp-element-caption\">rubberen rol<\/figcaption><\/figure> <\/figure>    <h3 class=\"wp-block-heading\"><strong>TBH-800 Commerci\u00eble aardnootschilmachine<\/strong>  <\/h3>    <p>De aardnotenontkopmachine kan drie elektrische apparaten gebruiken. En het heeft de voordelen van twee ge\u00efnstalleerde ventilatoren en twee zeven. De ijzeren wals wordt toegepast voor het dorsen van pinda's. <\/p>    <p>Bovendien kan deze automatische pindaschilmachine aardnoten twee keer schillen, wat veel schonere aardnootpitten oplevert.<\/p>   <div class=\"wp-block-image\"> <figure class=\"aligncenter size-full\"><img loading=\"lazy\" decoding=\"async\" width=\"720\" height=\"540\" src=\"https:\/\/taizyagromachine.com\/wp-content\/uploads\/2022\/04\/peanut-skin-remover-TBH-800.jpg\" alt=\"pindaschilverwijderaar-TBH-800\" class=\"wp-image-2438\" srcset=\"https:\/\/taizyagromachine.com\/wp-content\/uploads\/2022\/04\/peanut-skin-remover-TBH-800.jpg 720w, https:\/\/taizyagromachine.com\/wp-content\/uploads\/2022\/04\/peanut-skin-remover-TBH-800-300x225.jpg 300w\" sizes=\"auto, (max-width: 720px) 100vw, 720px\" \/><figcaption class=\"wp-element-caption\">pindaschilverwijderaar-TBH-800<\/figcaption><\/figure> <\/div>   <h3 class=\"wp-block-heading\"><strong>6BHD-800D Aardnootschilmachine voor project<\/strong><\/h3>    <p>Deze apparatuur voor het schillen van pinda's lijkt sterk op de TBH-800. Maar deze machine kan worden uitgerust met grote wielen. Afrikaanse klanten zijn erg blij met dit soort draagbare aardnotenschillers. Dus als er projecten in Afrika zijn, kunt u contact met ons opnemen om dit model te kiezen om uw bedrijf te vergemakkelijken.<\/p>   <div class=\"wp-block-image\"> <figure class=\"aligncenter size-full\"><img loading=\"lazy\" decoding=\"async\" width=\"720\" height=\"540\" src=\"https:\/\/taizyagromachine.com\/wp-content\/uploads\/2022\/04\/groundnut-shell-removing-machine-6BHD-800B.jpg\" alt=\"aardnootschilverwijdermachine-6BHD-800B\" class=\"wp-image-2439\" srcset=\"https:\/\/taizyagromachine.com\/wp-content\/uploads\/2022\/04\/groundnut-shell-removing-machine-6BHD-800B.jpg 720w, https:\/\/taizyagromachine.com\/wp-content\/uploads\/2022\/04\/groundnut-shell-removing-machine-6BHD-800B-300x225.jpg 300w\" sizes=\"auto, (max-width: 720px) 100vw, 720px\" \/><figcaption class=\"wp-element-caption\">aardnootschilverwijdermachine-6BHD-800B<\/figcaption><\/figure> <\/div>   <h2 class=\"wp-block-heading\"><strong>Technische parameters van de aardnootbeschietingsmachine<\/strong><\/h2>    <figure class=\"wp-block-table\"><table><tbody><tr><td>Model<\/td><td>Capaciteit<\/td><td>Stroom<\/td><td>Gewicht<\/td><td>Maat<\/td><\/tr><tr><td>TBH-200<\/td><td>200kg\/u<\/td><td>2,2 kW motor, 170F benzinemotor, 6 pk dieselmotor<\/td><td>40 kg<\/td><td>650*<em>560<\/em>*1000 mm<\/td><\/tr><tr><td>TBH-400<\/td><td>300-400kg\/u<\/td><td>3 kW motor, 170F benzinemotor, 8 pk dieselmotor<\/td><td>\/<\/td><td>\/<\/td><\/tr><tr><td>TBH-800<\/td><td>600-800kg\/u<\/td><td>3 kW motor OF 170F benzinemotor, 8 pk dieselmotor<\/td><td>160 kg<\/td><td>1330*750*1570mm<\/td><\/tr><tr><td>6BHD-800B<\/td><td>600-800kg\/u<\/td><td>2,2-3,0 kW-motor<\/td><td>160 kg<\/td><td>1330*750*1570mm<\/td><\/tr><\/tbody><\/table><figcaption class=\"wp-element-caption\">technische parameters van pindaschiller<\/figcaption><\/figure>    <h2 class=\"wp-block-heading\" id=\"h-highlights-of-groundnut-shell-removing-machine\"><strong>Hoogtepunten van de machine voor het verwijderen van aardnootschillen<\/strong><\/h2>    <ul class=\"wp-block-list\"> <li><strong>Er zijn drie voedingssystemen beschikbaar<\/strong>. De dieselmotor, elektromotor en benzinemotor kunnen allemaal op deze vier modellen worden toegepast. Je hebt dus veel keuzeruimte.<\/li>    <li><strong>Zeven kunnen op maat gemaakt worden<\/strong>. Sterker nog, we hebben genoeg zeven verzameld samen met de aardnotenschilmachine. We kunnen de zeef echter nog steeds aanpassen op basis van de pindavorm.<\/li>    <li><strong>Verschillende capaciteiten kunnen aan uw eisen voldoen<\/strong>. Onze pindaschilverwijderaar is bedoeld om pindaschillen te pellen, vari\u00ebrend van 200 kg per uur tot 800 kg per uur. Dit kan dus voldoen aan uw verschillende bedrijfsschalen.<\/li>    <li>Eenvoudige structuur, eenvoudige bediening en stabiele prestaties.<\/li>    <li>Hoog beschietingspercentage, laag schadepercentage.<\/li> <\/ul>   <div class=\"wp-block-image\"> <figure class=\"aligncenter size-full\"><img loading=\"lazy\" decoding=\"async\" width=\"720\" height=\"400\" src=\"https:\/\/taizyagromachine.com\/wp-content\/uploads\/2022\/04\/sieve.jpg\" alt=\"zeef\" class=\"wp-image-2440\" srcset=\"https:\/\/taizyagromachine.com\/wp-content\/uploads\/2022\/04\/sieve.jpg 720w, https:\/\/taizyagromachine.com\/wp-content\/uploads\/2022\/04\/sieve-300x167.jpg 300w\" sizes=\"auto, (max-width: 720px) 100vw, 720px\" \/><figcaption class=\"wp-element-caption\">zeef<\/figcaption><\/figure> <\/div>   <h2 class=\"wp-block-heading\"><strong>Ontwerp en fabricage van aardnootbeschietingsmachines<\/strong><\/h2>    <p>In ons bedrijf zijn het ontwerp en de fabricage van de pindaschilmachine in wezen vriendelijk voor gebruikers. Van de trechter tot de inlaat: de hele structuur is heel gemakkelijk te begrijpen. <\/p>    <p>Het omvat de inlaat en uitlaat. Machinedetails zijn voorzien van een rubberen rol, een filterscherm, de as van het regelschot en een ventilator. We nemen de TBH-400 als voorbeeld, zoals hieronder weergegeven:<\/p>    <figure class=\"wp-block-gallery aligncenter has-nested-images columns-default is-cropped wp-block-gallery-4 is-layout-flex wp-block-gallery-is-layout-flex\"> <figure class=\"wp-block-image size-full\"><img loading=\"lazy\" decoding=\"async\" width=\"720\" height=\"540\" data-id=\"2441\" src=\"https:\/\/taizyagromachine.com\/wp-content\/uploads\/2022\/04\/structure-of-groundnut-skin-remover.jpg\" alt=\"structuur-van-aardnootschilverwijderaar\" class=\"wp-image-2441\" srcset=\"https:\/\/taizyagromachine.com\/wp-content\/uploads\/2022\/04\/structure-of-groundnut-skin-remover.jpg 720w, https:\/\/taizyagromachine.com\/wp-content\/uploads\/2022\/04\/structure-of-groundnut-skin-remover-300x225.jpg 300w\" sizes=\"auto, (max-width: 720px) 100vw, 720px\" \/><figcaption class=\"wp-element-caption\">structuur van aardnootschilverwijderaar<\/figcaption><\/figure>    <figure class=\"wp-block-image size-full\"><img loading=\"lazy\" decoding=\"async\" width=\"720\" height=\"540\" data-id=\"2442\" src=\"https:\/\/taizyagromachine.com\/wp-content\/uploads\/2022\/04\/machine-details-groundnut-shelling-machine.jpg\" alt=\"machine-details-aardnootschilmachine\" class=\"wp-image-2442\" srcset=\"https:\/\/taizyagromachine.com\/wp-content\/uploads\/2022\/04\/machine-details-groundnut-shelling-machine.jpg 720w, https:\/\/taizyagromachine.com\/wp-content\/uploads\/2022\/04\/machine-details-groundnut-shelling-machine-300x225.jpg 300w\" sizes=\"auto, (max-width: 720px) 100vw, 720px\" \/><figcaption class=\"wp-element-caption\">machinegegevens <\/figcaption><\/figure> <\/figure>    <h2 class=\"wp-block-heading\"><strong>Werkingsprincipe van industri\u00eble aardnootbeschietingsmachine<\/strong><\/h2>    <ol class=\"wp-block-list\"> <li>Voer aardnoten in de trechter. En dan, afhankelijk van de rotatie van de ophanghuls en de wrijfkracht van de concave plaat, om de pindadop en -pitten volledig te scheiden.<\/li>    <li>Begin dan met de tweede selectie, waarbij u voldoet aan de zwaartekrachtscheidingszeef.<\/li>    <li>De korrels komen via de uitlaat naar buiten. <\/li> <\/ol>    <h2 class=\"wp-block-heading\"><strong>Waarom kiezen voor Taizy als beste fabrikant van pindaschilmachines?<\/strong><\/h2>    <ol class=\"wp-block-list\"> <li><strong>CE-certificaat<\/strong>. Onze aardnotenschilmachine heeft een CE-certificaat. <\/li>    <li><strong>Rijke ervaring<\/strong>. Onze verkoopmanagers hebben een rijke kennis van producten en ervaring met exporteren.  <\/li>    <li><strong>Beroemd merk<\/strong>. Sinds de oprichting in 2011 hebben we machines geleverd aan meer dan 80 landen. Zoals <strong>Nigeria, Kenia, Oeganda, Angola, Zimbabwe, Colombia, Ghana, Singapore<\/strong>enz.<\/li> <\/ol>    <h2 class=\"wp-block-heading\"><strong>Succesvol geval: 4 sets pindadoppen ge\u00ebxporteerd naar Nigeria<\/strong><\/h2>    <p>Deze Nigeriaanse klant heeft een grote boerderij waar pinda's worden verbouwd, dus hij wil een machine kopen voor het pellen van aardnoten. En omdat hij arbeiders wilde inhuren, had hij verschillende machines nodig. Onze verkoopmanager wist door hem te communiceren dat hij 4 machines wilde en dat de output ongeveer 700 kg bedroeg. <\/p>    <p class=\"translation-block\">Volgens het verzoek van een Nigeriaanse klant, raadde Winne de <a href=\"https:\/\/taizyagromachine.com\/nl\/product\/groundnut-sheller\/\">TBH-800 industri\u00eble pinda sheller machine<\/a> aan hem aan. Ze stuurde een gedetailleerde introductie over de machineparameters, prestaties, configuratie, enz., en de werkvideo. Hij was zeer tevreden na het zien ervan en tekende een contract met ons.<\/p>    <h2 class=\"wp-block-heading\"><strong>Neem contact met ons op voor de prijs van de Taizy Pinda-beschietingsmachine!<\/strong><\/h2>    <p class=\"translation-block\">Wilt u snel <a href=\"https:\/\/en.wikipedia.org\/wiki\/Peanut\" target=\"_blank\" rel=\"noopener\">pinda<\/a> ontpellen? Neem contact met ons op en wij kunnen u de optimale oplossing en offerte bieden.<\/p>    <p><\/p>","protected":false},"excerpt":{"rendered":"<p>Aardnootschilmachine functioneert om de schil van de pranut te verwijderen en de schone en hele aardnootpitten te verkrijgen, met een capaciteit van 400-800 kg \/ uur. In dit artikel introduceren we vier soorten pindaschillers ter referentie, er is er altijd \u00e9\u00e9n voor uw behoeften.<\/p>","protected":false},"author":1,"featured_media":2432,"parent":0,"template":"","tags":[],"product-type":[21],"class_list":["post-2431","product","type-product","status-publish","has-post-thumbnail","hentry","product-type-peanut-machine"],"_links":{"self":[{"href":"https:\/\/taizyagromachine.com\/nl\/wp-json\/wp\/v2\/product\/2431","targetHints":{"allow":["GET"]}}],"collection":[{"href":"https:\/\/taizyagromachine.com\/nl\/wp-json\/wp\/v2\/product"}],"about":[{"href":"https:\/\/taizyagromachine.com\/nl\/wp-json\/wp\/v2\/types\/product"}],"author":[{"embeddable":true,"href":"https:\/\/taizyagromachine.com\/nl\/wp-json\/wp\/v2\/users\/1"}],"wp:featuredmedia":[{"embeddable":true,"href":"https:\/\/taizyagromachine.com\/nl\/wp-json\/wp\/v2\/media\/2432"}],"wp:attachment":[{"href":"https:\/\/taizyagromachine.com\/nl\/wp-json\/wp\/v2\/media?parent=2431"}],"wp:term":[{"taxonomy":"post_tag","embeddable":true,"href":"https:\/\/taizyagromachine.com\/nl\/wp-json\/wp\/v2\/tags?post=2431"},{"taxonomy":"product-type","embeddable":true,"href":"https:\/\/taizyagromachine.com\/nl\/wp-json\/wp\/v2\/product-type?post=2431"}],"curies":[{"name":"wp","href":"https:\/\/api.w.org\/{rel}","templated":true}]}}