{"id":2551,"date":"2022-05-07T02:48:46","date_gmt":"2022-05-07T02:48:46","guid":{"rendered":"https:\/\/taizyagromachine.com\/?post_type=product&#038;p=2551"},"modified":"2025-01-06T14:21:19","modified_gmt":"2025-01-06T06:21:19","slug":"chaff-cutter-and-grain-grinder","status":"publish","type":"product","link":"https:\/\/taizyagromachine.com\/nl\/product\/chaff-cutter-and-grain-grinder\/","title":{"rendered":"Kafsnijder en graanmolen"},"content":{"rendered":"<p>Deze kafsnijder en graanmolenmachine is ons verbeterde product voor het maaien van gras en het malen van graan. Machines uit de 9ZRF-serie zijn eenvoudig van structuur, redelijk van ontwerp en eenvoudig te bedienen. Deze strosnijder- en graanbrekermachine kan een breed scala aan oogstrietjes verwerken en is geschikt voor het gebruik van grotere rijdieren zoals runderen, varkens, ganzen en paarden. De machine kan stro en gras in zachte stroken van uniforme lengte snijden. Het kan ook granen malen als veevoer dat geschikt is voor pluimvee. Indien u ge\u00efnteresseerd bent, neem dan gerust contact met ons op.<\/p>    <h2 class=\"wp-block-heading\" id=\"h-working-video-of-combined-grass-grain-grinder-machine\"><strong>Werkvideo van de gecombineerde grasgraanslijpmachine<\/strong><\/h2>    <figure class=\"wp-block-embed is-type-video is-provider-youtube wp-block-embed-youtube wp-embed-aspect-16-9 wp-has-aspect-ratio\"><div class=\"wp-block-embed__wrapper\"> <iframe loading=\"lazy\" title=\"Grasmaai- en graanbreker - Hoe gras en stengels hakken en likdoorns malen? #kafsnijder #kuilvoeder\" width=\"500\" height=\"281\" src=\"https:\/\/www.youtube.com\/embed\/G5bzZxbTA6I?feature=oembed\" frameborder=\"0\" allow=\"accelerometer; autoplay; clipboard-write; encrypted-media; gyroscope; picture-in-picture; web-share\" referrerpolicy=\"strict-origin-when-cross-origin\" allowfullscreen><\/iframe> <\/div><\/figure>    <figure class=\"wp-block-embed is-type-video is-provider-youtube wp-block-embed-youtube wp-embed-aspect-16-9 wp-has-aspect-ratio\"><div class=\"wp-block-embed__wrapper\"> <iframe loading=\"lazy\" title=\"Kafsnijder en graanmolen | gecombineerde graskorrelbreker | strosnijder en graanmolen\" width=\"500\" height=\"281\" src=\"https:\/\/www.youtube.com\/embed\/cF8y2xCfVfk?feature=oembed\" frameborder=\"0\" allow=\"accelerometer; autoplay; clipboard-write; encrypted-media; gyroscope; picture-in-picture; web-share\" referrerpolicy=\"strict-origin-when-cross-origin\" allowfullscreen><\/iframe> <\/div><\/figure>    <h2 class=\"wp-block-heading\"><strong>Structuur van kafsnijder en graanmolenmachine <\/strong><\/h2>    <p>Deze grasslijpmachine die te koop is, heeft een zeer gebruiksvriendelijk ontwerp. Omdat het wordt vervaardigd volgens de agrarische ontwikkeling. Allereerst komen gras en granen vanuit verschillende inhammen binnen. Daarnaast kan de lengte van het gemaaide gras worden aangepast. Er is ook de cycloon, die kan worden bevestigd met een stoffen zak eronder om stof te verminderen. Over het algemeen maakt de gecombineerde grasgraanmaalmachine gebruik van een elektromotor, maar deze kan ook worden uitgerust met een dieselmotor om voldoende vermogen te leveren om de machine te laten werken.<\/p>   <div class=\"wp-block-image\"> <figure class=\"aligncenter size-full\"><img loading=\"lazy\" decoding=\"async\" width=\"720\" height=\"540\" src=\"https:\/\/taizyagromachine.com\/wp-content\/uploads\/2022\/05\/structure-of-chaff-cutter-and-grinder.jpg\" alt=\"structuur van kafsnijder en molen\" class=\"wp-image-2555\"\/><figcaption class=\"wp-element-caption\">structuur van kafsnijder en molen<\/figcaption><\/figure> <\/div>   <h2 class=\"wp-block-heading\"><strong>Technische parameters van de kafsnijder en graanmolen<\/strong><\/h2>    <p>De kaffrees- en graanmaalmachine is verkrijgbaar in verschillende opbrengsten, zodat u degene kunt kiezen die bij u past. Hoewel het aantal bladen hetzelfde is, zijn de bladen niet even lang, waardoor de opbrengst varieert.<\/p>    <figure class=\"wp-block-table\"><table><tbody><tr><td>Model<\/td><td>Stroom<\/td><td>Capaciteit<\/td><td>Lengte mes<\/td><td>Aantal mesjes<\/td><td>Totale maat<\/td><\/tr><tr><td>9ZRF-3.8<\/td><td>tweefasig 4,5 kW, driefasig 3 kW<\/td><td>3800kg\/u<\/td><td>220*70*6mm<\/td><td>5<\/td><td>1700*1200*1500mm<\/td><\/tr><tr><td>9ZRF-4.8<\/td><td>tweefasig 4,5 kW, driefasig 3 kW<\/td><td>4000kg\/u<\/td><td>280*70*6mm<\/td><td>5<\/td><td>1950*1200*1800mm<\/td><\/tr><\/tbody><\/table><\/figure>    <h2 class=\"wp-block-heading\" id=\"h-spotlights-of-straw-cutter-and-grain-grinder\"><strong>Spotlights van strosnijder en graanmolen<\/strong><\/h2>    <ul class=\"wp-block-list\"> <li>Automatische voeding. Plaats het natte of droge gras bij de ingang en het gras komt automatisch in de werkholte, erg handig en snel, wat tijd bespaart.<\/li>    <li>De messen zijn slijtvast en gaan lang mee. Deze kafsnijder en graanmolen is gemaakt met hoogwaardige messen voor een lange levensduur.<\/li>    <li>Dankzij de luchtblazer kunnen gras en graan snel en effici\u00ebnt worden afgevoerd.<\/li>    <li>Veelzijdig. Deze grassnij- en ma\u00efsslijpmachine kan niet alleen gras maaien, maar ook graan malen.<\/li>    <li>Uitgerust met drie soorten messen. Wanneer het materiaal de werkplaats binnenkomt, maakt het mes het gemaaide gras zachter en fijner.<\/li> <\/ul>    <figure class=\"wp-block-gallery aligncenter has-nested-images columns-default is-cropped wp-block-gallery-2 is-layout-flex wp-block-gallery-is-layout-flex\"> <figure class=\"wp-block-image size-large\"><img loading=\"lazy\" decoding=\"async\" width=\"720\" height=\"540\" data-id=\"2562\" src=\"https:\/\/taizyagromachine.com\/wp-content\/uploads\/2022\/05\/automatic-feeding.jpg\" alt=\"automatische voeding\" class=\"wp-image-2562\"\/><figcaption class=\"wp-element-caption\">automatische voeding<\/figcaption><\/figure>    <figure class=\"wp-block-image size-full\"><img loading=\"lazy\" decoding=\"async\" width=\"720\" height=\"540\" data-id=\"2561\" src=\"https:\/\/taizyagromachine.com\/wp-content\/uploads\/2022\/05\/internal-blades.jpg\" alt=\"interne messen\" class=\"wp-image-2561\"\/><figcaption class=\"wp-element-caption\">interne messen<\/figcaption><\/figure>    <figure class=\"wp-block-image size-full\"><img loading=\"lazy\" decoding=\"async\" width=\"720\" height=\"540\" data-id=\"2560\" src=\"https:\/\/taizyagromachine.com\/wp-content\/uploads\/2022\/05\/blower.jpg\" alt=\"ventilator\" class=\"wp-image-2560\"\/><figcaption class=\"wp-element-caption\">ventilator<\/figcaption><\/figure> <\/figure>    <h2 class=\"wp-block-heading\"><strong>Welke toepassingen van de kafsnijmachine voor diervoeders?<\/strong><\/h2>    <p class=\"translation-block\">Als <a href=\"https:\/\/taizyagromachine.com\/nl\/\" target=\"_blank\" rel=\"noreferrer noopener\">een professionele fabrikant en leverancier van landbouwmachines<\/a>, hebben we een divers assortiment producten. Dit type stoppelknippermachine voor de landbouw is multifunctioneel. Deze machine kan gras verhakselen en graan vermalen. Droog en nat gras zoals luzerne, bonenkruid, ma\u00efsstengel, paarse bonenkruid, tarwestro, weidegras, enz. Granen zoals ma\u00efs, sojabonen, haver, gierst, pindadoppen, ma\u00efskolven, enz. Het toepassingsgebied is feitelijk erg breed. Het is een zeer goede machine om aan te schaffen.<\/p>    <div class=\"wp-block-columns is-layout-flex wp-container-core-columns-is-layout-9d6595d7 wp-block-columns-is-layout-flex\"> <div class=\"wp-block-column is-layout-flow wp-block-column-is-layout-flow\"><div class=\"wp-block-image\"> <figure class=\"aligncenter size-full\"><img loading=\"lazy\" decoding=\"async\" width=\"720\" height=\"540\" src=\"https:\/\/taizyagromachine.com\/wp-content\/uploads\/2022\/05\/applicable-grass.jpg\" alt=\"toepasselijk gras\" class=\"wp-image-2558\"\/><figcaption class=\"wp-element-caption\">toepasselijk gras<\/figcaption><\/figure> <\/div><\/div>    <div class=\"wp-block-column is-layout-flow wp-block-column-is-layout-flow\"><div class=\"wp-block-image\"> <figure class=\"aligncenter size-full\"><img loading=\"lazy\" decoding=\"async\" width=\"720\" height=\"540\" src=\"https:\/\/taizyagromachine.com\/wp-content\/uploads\/2022\/05\/various-grains.jpg\" alt=\"diverse granen\" class=\"wp-image-2559\"\/><figcaption class=\"wp-element-caption\">diverse granen<\/figcaption><\/figure> <\/div><\/div> <\/div>    <h2 class=\"wp-block-heading\" id=\"h-working-principle-of-grass-cutting-and-grain-crushing-machine\"><strong>Werkingsprincipe van grassnij- en graanbreekmachine<\/strong><\/h2>    <p>Grasmateriaal wordt met de hand in de inlaat gedaan en automatisch getransporteerd. Onder de gezamenlijke werking van de snel roterende messen en de luchtstroom veroorzaakt door de peddel (windblad), komen de materialen de werkplaats binnen en worden ze door de beweegbare messen en vaste messen gehakt, gesneden, gescheurd en gekneed tot losse en gebroken zijde stroken, die door het windblad uit de machine worden geworpen.<br>Graanmaterialen hebben hetzelfde, behalve dat ze door het scherm gaan en via de uitlaat worden afgevoerd.<\/p>   <div class=\"wp-block-image\"> <figure class=\"aligncenter size-full\"><img loading=\"lazy\" decoding=\"async\" width=\"720\" height=\"540\" src=\"https:\/\/taizyagromachine.com\/wp-content\/uploads\/2022\/05\/combined-straw-cutter-and-grinder-machine.jpg\" alt=\"gecombineerde strosnijder en slijpmachine\" class=\"wp-image-2571\"\/><figcaption class=\"wp-element-caption\">gecombineerde strosnijder en slijpmachine<\/figcaption><\/figure> <\/div>   <h2 class=\"wp-block-heading\"><strong>Waarom kiezen voor de door Taizy Machinery gecrediteerde kafcytter- en graanmolenfabrikant en -leverancier?<\/strong><\/h2>    <ol class=\"wp-block-list\"> <li><strong>Kosteneffectief<\/strong>. Omdat we een ge\u00efntegreerde fabriek en handel zijn, zijn de machineprijzen fabrieksprijzen, waardoor we een prijsvoordeel hebben in vergelijking. Tegelijkertijd is de kwaliteit van onze machines zeer goed.<\/li>    <li><strong>Ervaren in exporteren<\/strong>. We zijn al meer dan tien jaar actief in de buitenlandse handelssector, zodat ons personeel vertrouwd is met het buitenlandse handelsproces, handiger en sneller.<\/li>    <li><strong>Stevige vakkennis<\/strong>. Onze medewerkers kennen en begrijpen onze landbouwmachineproducten zeer goed. Als u bijvoorbeeld een kaffreesmachine nodig heeft, zullen onze verkoopmedewerkers u voorzien van de juiste machine op basis van uw behoeften.<\/li> <\/ol>    <h2 class=\"wp-block-heading\"><strong>Aandacht en voorzorgsmaatregelen voor de kafsnijder en graanmolen<\/strong><\/h2>    <ol class=\"wp-block-list\"> <li>Bij het bedienen van de kaffrees en de graanmolenmachine moet de veiligheidsuitrusting compleet zijn.<\/li>    <li>De operator moet de prestaties van de machine volledig begrijpen, en het is ten strengste verboden om de machine te starten na het drinken, wanneer hij ziek of overmatig vermoeid is. <\/li>    <li>De werkplek moet ruim zijn en uitgerust met brandpreventieapparatuur.<\/li>    <li>De guillotine moet met de voorgeschreven snelheid werken en het is ten strengste verboden om met te hoge snelheid of overbelasting te werken.<\/li>    <li>De hoeveelheid materiaaltoevoer moet geschikt zijn; te veel kan gemakkelijk leiden tot overbelasting. Natuurlijk zal niet te weinig, maar te weinig de snijeffici\u00ebntie be\u00efnvloeden.<\/li>    <li>Voordat u met het werk stopt, moet de variabele hendel naar de 0-positie worden getrokken, de machine ongeveer 2 minuten stationair laten draaien en dan stoppen nadat u het stof en onkruid in de machine hebt geblazen.<\/li> <\/ol>    <h2 class=\"wp-block-heading\"><strong>Succesvolle case: Commerci\u00eble kafsnijder en graanmolenmachine ge\u00ebxporteerd naar Keyna<\/strong><\/h2>    <p class=\"translation-block\">In februari van dit jaar vroeg een klant uit Kenia om informatie over gras snij- en vermaalmachines. Hij heeft een grote agrarische plant met runderen, schapen en kippen. Dus er is elke dag veel voer nodig. Na het begrijpen van de situatie, beval onze salesmanager, Coco, hem een gecombineerde stroknipper en graanvermaler aan. Dit komt omdat de machine zowel voor het snijden van gras als voor het vermalen van graan kan worden gebruikt. Het is erg praktisch. Coco stuurde ook video's en foto's van de machine. Na het bekijken hiervan plaatste de Keniaanse klant onmiddellijk een bestelling. We hebben de machine in de container per schip naar zijn bestemming geleverd. Twee weken later kocht hij nog een <a href=\"https:\/\/taizyagromachine.com\/nl\/product\/silage-baler\/\">balen- en wikkelaar machine<\/a>.<\/p>   <div class=\"wp-block-image\"> <figure class=\"aligncenter size-full\"><img loading=\"lazy\" decoding=\"async\" width=\"720\" height=\"540\" src=\"https:\/\/taizyagromachine.com\/wp-content\/uploads\/2022\/04\/load-into-the-container-maize-grits-milling-machine.jpg\" alt=\"ma\u00efskorrels-freesmachine-in-de-container laden\" class=\"wp-image-2385\" srcset=\"https:\/\/taizyagromachine.com\/wp-content\/uploads\/2022\/04\/load-into-the-container-maize-grits-milling-machine.jpg 720w, https:\/\/taizyagromachine.com\/wp-content\/uploads\/2022\/04\/load-into-the-container-maize-grits-milling-machine-300x225.jpg 300w\" sizes=\"auto, (max-width: 720px) 100vw, 720px\" \/><figcaption class=\"wp-element-caption\">in de container laden <\/figcaption><\/figure> <\/div>   <h2 class=\"wp-block-heading\"><strong>Veelgestelde vragen<\/strong><\/h2>   <div id=\"rank-math-faq\" class=\"rank-math-block\"> <div class=\"rank-math-list\"> <div id=\"faq-question-1666246457624\" class=\"rank-math-list-item\"> <h3 class=\"rank-math-question\"><strong>Vraag: Zijn er accessoires beschikbaar?<\/strong><\/h3> <div class=\"rank-math-answer\">  <p>A: U kunt extra mesjes kopen.<\/p>  <\/div> <\/div> <div id=\"faq-question-1666246461628\" class=\"rank-math-list-item\"> <h3 class=\"rank-math-question\"><strong>Vraag: Kunnen de kafsnijder en graanmolen suikerriet verpletteren?<\/strong><\/h3> <div class=\"rank-math-answer\">  <p>A: Ja, maar de messen zullen verslijten.<\/p>  <\/div> <\/div> <div id=\"faq-question-1666246478374\" class=\"rank-math-list-item\"> <h3 class=\"rank-math-question\"><strong>Vraag: Kan deze worden uitgerust met een dieselmotor?<\/strong><\/h3> <div class=\"rank-math-answer\">  <p>A: Ja, u hoeft alleen maar de bijbehorende dieselmotor aan te passen aan zijn vermogensvereisten.<\/p>  <\/div> <\/div> <div id=\"faq-question-1666246494123\" class=\"rank-math-list-item\"> <h3 class=\"rank-math-question\"><strong>Vraag: Wat is het verschil tussen de drie vergeleken met de kafknipper en breker?<\/strong><\/h3> <div class=\"rank-math-answer\">  <p class=\"translation-block\">A: De <a href=\"https:\/\/silagebaler.com\/chaff-chopper-corn-stalk-cutter\/\" target=\"_blank\" rel=\"noreferrer noopener\">stoppelknippermachine<\/a> snijdt het gras in kleine stukjes; de stoppelknipper en graanvermaler snijdt het gras in zachtere en fijnere stukjes; de stoppelknipper en graanvermaler kan niet alleen gras snijden, maar ook graan vermalen.<\/p>  <\/div> <\/div> <div id=\"faq-question-1666246509069\" class=\"rank-math-list-item\"> <h3 class=\"rank-math-question\"><strong>Vraag: Hoe zit het met de garantieperiode voor de kaffrees en graanmolen?<\/strong><\/h3> <div class=\"rank-math-answer\">  <p>EEN: 1 jaar.<\/p>  <\/div> <\/div> <div id=\"faq-question-1666246532341\" class=\"rank-math-list-item\"> <h3 class=\"rank-math-question\"><strong>Vraag: Hoe gebruik ik de strosnijder en brekermachine\uff1f<\/strong><\/h3> <div class=\"rank-math-answer\">  <p>A: De bediening is heel eenvoudig en we bieden indien nodig videohulp en online begeleiding.<\/p>  <\/div> <\/div> <\/div> <\/div>","protected":false},"excerpt":{"rendered":"<p>This chaff cutter and grain grinder machine is our upgraded product for grass cutting and grain grinding. 9ZRF series machines are simple in structure, reasonable in design and easy to operate. This straw cutter and grain crusher machine can carry out the processing of a wide range of crop straws and is suitable for the [&hellip;]<\/p>\n","protected":false},"author":1,"featured_media":2574,"parent":0,"template":"","tags":[],"product-type":[19],"class_list":["post-2551","product","type-product","status-publish","has-post-thumbnail","hentry","product-type-silage-machine"],"_links":{"self":[{"href":"https:\/\/taizyagromachine.com\/nl\/wp-json\/wp\/v2\/product\/2551","targetHints":{"allow":["GET"]}}],"collection":[{"href":"https:\/\/taizyagromachine.com\/nl\/wp-json\/wp\/v2\/product"}],"about":[{"href":"https:\/\/taizyagromachine.com\/nl\/wp-json\/wp\/v2\/types\/product"}],"author":[{"embeddable":true,"href":"https:\/\/taizyagromachine.com\/nl\/wp-json\/wp\/v2\/users\/1"}],"wp:featuredmedia":[{"embeddable":true,"href":"https:\/\/taizyagromachine.com\/nl\/wp-json\/wp\/v2\/media\/2574"}],"wp:attachment":[{"href":"https:\/\/taizyagromachine.com\/nl\/wp-json\/wp\/v2\/media?parent=2551"}],"wp:term":[{"taxonomy":"post_tag","embeddable":true,"href":"https:\/\/taizyagromachine.com\/nl\/wp-json\/wp\/v2\/tags?post=2551"},{"taxonomy":"product-type","embeddable":true,"href":"https:\/\/taizyagromachine.com\/nl\/wp-json\/wp\/v2\/product-type?post=2551"}],"curies":[{"name":"wp","href":"https:\/\/api.w.org\/{rel}","templated":true}]}}