{"id":2620,"date":"2022-05-10T03:11:54","date_gmt":"2022-05-10T03:11:54","guid":{"rendered":"https:\/\/taizyagromachine.com\/?post_type=product&#038;p=2620"},"modified":"2025-01-02T13:55:15","modified_gmt":"2025-01-02T05:55:15","slug":"straw-cutter-and-grain-grinder","status":"publish","type":"product","link":"https:\/\/taizyagromachine.com\/nl\/product\/straw-cutter-and-grain-grinder\/","title":{"rendered":"Strosnijder en graanmolen"},"content":{"rendered":"<p class=\"translation-block\">Deze serie van hakmachines en graanmolens bereikt multifunctioneel gebruik, waardoor hakken en graanvermalen mogelijk is. Deze hakmachine heeft hoge prestaties, laag geluid, hoge output, veiligheid en stabiliteit, hoge effici\u00ebntie, laag energieverbruik, stevigheid en duurzaamheid. De <a href=\"https:\/\/taizyagromachine.com\/nl\/product\/chaff-cutter-and-grain-grinder\/\" target=\"_blank\" rel=\"noreferrer noopener\">gecombineerde hakmachine en molen<\/a> kan niet alleen droog en nat stro, rijststro, tarwestro, katoenstro, verschillende grassoorten, maar ook granen zoals zaden, pinda-schalen, ma\u00efskolven, zoete strokoppen, enz. malen. Het gemalen eindproduct kan worden gebruikt als diervoeder. Daarom is de machine geschikt voor kleine en middelgrote fabrieken, maar ook voor huishoudelijk gebruik.<br>Onze machines zijn ook zeer populair in het buitenland, bijvoorbeeld in Kenia, Zimbabwe, Peru, Dubai, Zuid-Afrika, Lesotho, enz.<\/p>    <h2 class=\"wp-block-heading\" id=\"h-type-one-9zf-500b-new-type-chaff-cutter-and-grinder-machine\"><strong>Type \u00e9\u00e9n: 9ZF-500B (nieuw type) kafsnijder en slijpmachine<\/strong><\/h2>    <p>Deze guillotinemolen heeft vijf poorten, waarvan drie uitgangen en twee inlaten. Deze machine is eenvoudig te bedienen, heeft een breed verwerkingsbereik en is in staat een breed scala aan gewassen te pletten. Het heeft een goede verpletterende werking op het materiaal en heeft een lange bewaartijd. Daarom is het ideaal voor gebruik op boerderijen.<\/p>   <div class=\"wp-block-image\"> <figure class=\"aligncenter size-full\"><img loading=\"lazy\" decoding=\"async\" width=\"720\" height=\"540\" src=\"https:\/\/taizyagromachine.com\/wp-content\/uploads\/2022\/05\/combined-hay-cutter-and-grain-grinder.jpg\" alt=\"gecombineerde hooisnijder en graanmolen\" class=\"wp-image-2635\"\/><figcaption class=\"wp-element-caption\">gecombineerde hooisnijder en graanmolen<\/figcaption><\/figure> <\/div>   <h3 class=\"wp-block-heading\"><strong>Structuur van strobreker en graanmolen <\/strong><\/h3>    <p class=\"translation-block\">Deze <a href=\"https:\/\/silagebaler.com\/combined-chaff-cutter-and-grain-crusher\/\" target=\"_blank\" rel=\"noreferrer noopener\">gras snijd en maal machine<\/a> bestaat uit drie uitgangen, \u00e9\u00e9n aan de bovenkant, \u00e9\u00e9n in het midden en \u00e9\u00e9n aan de onderkant, en inlaten voor gras en granen respectievelijk. De machine is uitgerust met een pure koperen motor en wielen om de beweging van de machine te vergemakkelijken. Van de drie uitgangen is de bovenste voor droog gras, de middelste voor nat gras en de onderste voor granen. Het scherm kan worden teruggetrokken wanneer het gras afzonderlijk wordt gesneden.<\/p>   <div class=\"wp-block-image\"> <figure class=\"aligncenter size-full\"><img loading=\"lazy\" decoding=\"async\" width=\"720\" height=\"540\" src=\"https:\/\/taizyagromachine.com\/wp-content\/uploads\/2022\/05\/structure-of-straw-cutting-and-grain-grinding-machine.jpg\" alt=\"structuur van strosnij- en graanslijpmachine\" class=\"wp-image-2632\"\/><figcaption class=\"wp-element-caption\">structuur van strosnij- en graanslijpmachine<\/figcaption><\/figure> <\/div>   <h3 class=\"wp-block-heading\"><strong>Technische specificaties van de strosnijder en graanmolen<\/strong><\/h3>    <figure class=\"wp-block-table\"><table><tbody><tr><td>Model<\/td><td>9ZF-500B (nieuw type)<\/td><\/tr><tr><td>Bijpassende schermen<\/td><td>4 stuks (2\/3\/10\/30)<\/td><\/tr><tr><td>Bijpassende kracht<\/td><td>3kW-motor<\/td><\/tr><tr><td>Motorsnelheid<\/td><td>2800 tpm<\/td><\/tr><tr><td>Machinegewicht<\/td><td>68 kg (exclusief motor)<\/td><\/tr><tr><td>Nominale spanning<\/td><td>220V<\/td><\/tr><tr><td>Machine-uitvoer<\/td><td>1200kg\/u<\/td><\/tr><tr><td>Totale afmetingen<\/td><td>1220*1070*1190mm<\/td><\/tr><\/tbody><\/table><\/figure>    <h2 class=\"wp-block-heading\"><strong>Type twee: 9ZF-500B kafsnijder en breker <\/strong><\/h2>    <p>Vergeleken met de bovenstaande machine is deze eenvoudiger en zijn de prestaties hetzelfde. De grofheid van het vermalen materiaal wordt bepaald door de grootte van de zeefgaten wanneer deze strosnijder en graanmolenmachine wordt vermalen. En de zeef kan vervangen worden. Ook is het mogelijk om de schermen aan te passen aan de wensen van de klant.<\/p>   <div class=\"wp-block-image\"> <figure class=\"aligncenter size-full\"><img loading=\"lazy\" decoding=\"async\" width=\"720\" height=\"540\" src=\"https:\/\/taizyagromachine.com\/wp-content\/uploads\/2022\/05\/chaff-cutter-and-grain-crusher-machine.jpg\" alt=\"kafsnijder en graanbrekermachine\" class=\"wp-image-2637\"\/><figcaption class=\"wp-element-caption\">kafsnijder en graanbrekermachine<\/figcaption><\/figure> <\/div>   <h3 class=\"wp-block-heading\"><strong>Structuur van de kafsnij- en graanslijpmachine <\/strong><\/h3>    <p>De strosnijdermachine en graanbreker bestaan \u200b\u200buit een guillotine-inlaat, een graaninlaat, een hoge sproei-uitlaat, een breekuitlaat en een riembeschermer, een puur koperen kernmotor en mobiele zwenkwielen. Sommige configuraties kunnen worden aangepast aan de eisen van de klant. Bel voor meer informatie.<\/p>   <div class=\"wp-block-image\"> <figure class=\"aligncenter size-full\"><img loading=\"lazy\" decoding=\"async\" width=\"720\" height=\"540\" src=\"https:\/\/taizyagromachine.com\/wp-content\/uploads\/2022\/05\/construction-of-combined-chaff-cutter.jpg\" alt=\"constructie van een gecombineerde kafsnijder\" class=\"wp-image-2633\"\/><figcaption class=\"wp-element-caption\">constructie van een gecombineerde kafsnijder<\/figcaption><\/figure> <\/div>   <h3 class=\"wp-block-heading\"><strong>Technische parameters van de strosnijder en graanmolen<\/strong><\/h3>    <figure class=\"wp-block-table\"><table><tbody><tr><td>Model<\/td><td>9ZF-500B<\/td><\/tr><tr><td>Bijpassende schermen<\/td><td>4 stuks<\/td><\/tr><tr><td>Bijpassende kracht<\/td><td>3kW-motor<\/td><\/tr><tr><td>Motorsnelheid<\/td><td>2800 tpm<\/td><\/tr><tr><td>Machinegewicht<\/td><td>55kg (exclusief motor)<\/td><\/tr><tr><td>Totale afmetingen<\/td><td>920*930*1250mm<\/td><\/tr><tr><td>Machine-uitvoer<\/td><td>1200kg\/u<\/td><\/tr><tr><td>Verpletterende effici\u00ebntie<\/td><td>300-500kg\/u<\/td><\/tr><tr><td>Aantal messen<\/td><td>3 stuks<\/td><\/tr><tr><td>Zwaaiende messen<\/td><td>24 stuks<\/td><\/tr><tr><td>Driehoekige wrijfmessen<\/td><td>18 stuks<\/td><\/tr><tr><td>Voedingsmethode<\/td><td>handmatige voeding<\/td><\/tr><tr><td>Ontladingseffect<\/td><td>Zacht zijdeachtig\/poeder<\/td><\/tr><\/tbody><\/table><\/figure>    <h2 class=\"wp-block-heading\"><strong>Type Drie: 9ZF-1800 Gecombineerde strosnijder en slijpmachine<\/strong><\/h2>    <p>Uit de vorm blijkt dat deze staafsnijmachine een hogere uitwerpopening heeft dan de andere twee modellen. Deze machine is veel slanker en langer en heeft in vergelijking een hoger frame. Het is ook heel eenvoudig te bedienen.<\/p>   <div class=\"wp-block-image\"> <figure class=\"aligncenter size-full\"><img loading=\"lazy\" decoding=\"async\" width=\"720\" height=\"540\" src=\"https:\/\/taizyagromachine.com\/wp-content\/uploads\/2022\/05\/multifunctional-chaff-cutter.jpg\" alt=\"multifunctionele kafknipper\" class=\"wp-image-2638\"\/><figcaption class=\"wp-element-caption\">multifunctionele kafknipper<\/figcaption><\/figure> <\/div>   <h3 class=\"wp-block-heading\"><strong>Structuur van de gecombineerde strosnijder en brekermachine<\/strong><\/h3>    <p>Deze strosnijder en graanmolen bestaat uit een hoge afvoerpoort, een lage afvoerpoort, een graaninlaat, een kafinlaat, een motor en beweegbare zwenkwielen. <\/p>   <div class=\"wp-block-image\"> <figure class=\"aligncenter size-full\"><img loading=\"lazy\" decoding=\"async\" width=\"720\" height=\"540\" src=\"https:\/\/taizyagromachine.com\/wp-content\/uploads\/2022\/05\/structure-details-of-grass-cutting-machine.jpg\" alt=\"structuurdetails van grassnijmachine\" class=\"wp-image-2634\"\/><figcaption class=\"wp-element-caption\">structuurdetails van grassnijmachine<\/figcaption><\/figure> <\/div>   <h3 class=\"wp-block-heading\"><strong>Technische specificaties van de strosnijder en graanmolen<\/strong><\/h3>    <figure class=\"wp-block-table\"><table><tbody><tr><td>Model<\/td><td>9ZF-1800<\/td><\/tr><tr><td>Bijpassende kracht<\/td><td>Eenfasige motor van 3 kW<\/td><\/tr><tr><td>Motorsnelheid<\/td><td>2800 tpm<\/td><\/tr><tr><td>Machinegewicht<\/td><td>75kg (exclusief motor)<\/td><\/tr><tr><td>Nominale spanning<\/td><td>220V<\/td><\/tr><tr><td>Machine-uitvoer<\/td><td>1800kg\/u<\/td><\/tr><tr><td>Toepasselijk toepassingsgebied<\/td><td>koeien, schapen, varkens, kippen, eenden, konijnen en ander vee<\/td><\/tr><\/tbody><\/table><\/figure>    <h2 class=\"wp-block-heading\" id=\"h-how-does-straw-cutting-and-corn-grinding-machine-mill-grains\"><strong>Hoe maalt de strosnij- en ma\u00efsslijpmachine granen?<\/strong><\/h2>    <figure class=\"wp-block-embed is-type-video is-provider-youtube wp-block-embed-youtube wp-embed-aspect-16-9 wp-has-aspect-ratio\"><div class=\"wp-block-embed__wrapper\"> <iframe loading=\"lazy\" title=\"Kafsnijder en graanmolen | Hoe werkt de gecombineerde strosnijder en -slijper? #slijpen #frezen\" width=\"500\" height=\"281\" src=\"https:\/\/www.youtube.com\/embed\/Wafde3zwTtA?feature=oembed\" frameborder=\"0\" allow=\"accelerometer; autoplay; clipboard-write; encrypted-media; gyroscope; picture-in-picture; web-share\" referrerpolicy=\"strict-origin-when-cross-origin\" allowfullscreen><\/iframe> <\/div><\/figure>    <h2 class=\"wp-block-heading\"><strong>Voordelen van grasmaai- en graanmolen<\/strong><\/h2>    <ul class=\"wp-block-list\"> <li>Verdikt mangaanstalen mes, sterk en stevig en duurzaam.<\/li>    <li>Motor met zuivere koperen kern, voor volledig vermogen en een lange levensduur.<\/li>    <li>Door de stevige standaard staat de motor steviger en werkt stabieler.<\/li>    <li>De verdikte stro-invoerbak, langer en breder, maakt het voeren gemakkelijker en sneller.<\/li>    <li>Graaninlaat, dikker en sterker, duurzamer.<\/li>    <li>Breed scala aan materialen geproduceerd voor het voederen van paarden, runderen, schapen, varkens, konijnen, kippen, eenden en ganzen, enz.<\/li> <\/ul>    <h2 class=\"wp-block-heading\"><strong>Installatie en inbedrijfstelling van de strosnijder en graanmolen<\/strong><\/h2>    <ol class=\"wp-block-list\"> <li>De strosnijder en graanmolenmachine moeten op een vlakke en stevige ondergrond worden ge\u00efnstalleerd.<\/li>    <li>Uitrusten en installeren van de motor volgens de gespecificeerde vereisten.<\/li>    <li>Controleer voordat u de band installeert of de draairichting van het indexeringsvermogen overeenkomt met de snijrichting van de kaffrees. Bevestig dat dit correct is en pas vervolgens de installatieriem aan en zorg ervoor dat deze goed wordt vastgezet.<\/li>    <li>Voordat u de strobreker en graanmachine start, moet u de opening tussen de bewegende en de vaste messen controleren en afstellen, zodat de opening op 0,8 mm of minder wordt afgesteld en geregeld zonder stoten, en vergrendelt u vervolgens de bouten.<\/li>    <li>Nadat alle onderdelen normaal zijn afgesteld en bevestigd dat ze correct zijn, schakelt u de stroom in voor een proefbedrijf. En controleer of er enige losheid zit in de bevestigingsverbinding van elk onderdeel en of er abnormaal geluid is in elk draaiend onderdeel.<\/li> <\/ol>    <h2 class=\"wp-block-heading\"><strong>Succesvol geval: 20 sets strosnijders en graanbrekers ge\u00ebxporteerd naar Peru<\/strong><\/h2>    <p>De Peruaanse klant heeft een grote boerderij waar runderen en kippen worden gefokt. Hij wilde de strosnijder en graanmolen kopen voor de veefokkerij. Onze verkoopmanager, Emily, stuurde hem de relevante parameters van de machine, video's en foto's enz. Nadat hij deze informatie had bekeken, stelde de Peruaanse klant enkele aanpassingen aan de machine voor (4 grote wielen, trechter met schotten). We hebben een voorbeeld gemaakt en hem foto's en een video gestuurd ter bevestiging. Uiteindelijk gaf de Peruaanse klant ons een bestelling voor 20 eenheden, die we volgens zijn vereisten op zijn bestemming hebben afgeleverd.<\/p>    <div class=\"wp-block-columns is-layout-flex wp-container-core-columns-is-layout-9d6595d7 wp-block-columns-is-layout-flex\"> <div class=\"wp-block-column is-layout-flow wp-block-column-is-layout-flow\"><div class=\"wp-block-image\"> <figure class=\"aligncenter size-full\"><img loading=\"lazy\" decoding=\"async\" width=\"720\" height=\"540\" src=\"https:\/\/taizyagromachine.com\/wp-content\/uploads\/2022\/05\/customized-straw-cutter-and-grinder.jpg\" alt=\"op maat gemaakte strosnijder en slijper\" class=\"wp-image-2654\"\/><figcaption class=\"wp-element-caption\">op maat gemaakte strosnijder en slijper<\/figcaption><\/figure> <\/div><\/div>    <div class=\"wp-block-column is-layout-flow wp-block-column-is-layout-flow\"><div class=\"wp-block-image\"> <figure class=\"aligncenter size-full\"><img loading=\"lazy\" decoding=\"async\" width=\"720\" height=\"540\" src=\"https:\/\/taizyagromachine.com\/wp-content\/uploads\/2022\/05\/package-straw-cutter-and-grain-grinder-machine.jpg\" alt=\"pakket-strosnijder en graanmolenmachine\" class=\"wp-image-2657\"\/><figcaption class=\"wp-element-caption\">pakket<\/figcaption><\/figure> <\/div><\/div> <\/div>    <h2 class=\"wp-block-heading\"><strong>Veelgestelde vragen<\/strong><\/h2>   <div id=\"rank-math-faq\" class=\"rank-math-block\"> <div class=\"rank-math-list\"> <div id=\"faq-question-1666246094471\" class=\"rank-math-list-item\"> <h3 class=\"rank-math-question\"><strong>Vraag: Wat voor soort motivatie is er nodig voor de strosnijder en graanmolen\uff1f<\/strong><\/h3> <div class=\"rank-math-answer\">  <p>A: Dieselmotor, elektromotor, benzinemotor. Het is uitgerust op basis van de machine.<\/p>  <\/div> <\/div> <div id=\"faq-question-1666246100452\" class=\"rank-math-list-item\"> <h3 class=\"rank-math-question\"><strong>Vraag: Intern met 4 schermen, kunnen de schermen worden gewijzigd?<\/strong><\/h3> <div class=\"rank-math-answer\">  <p>A: De schermen kunnen worden aangepast aan de eisen van de klant.<\/p>  <\/div> <\/div> <div id=\"faq-question-1666246109190\" class=\"rank-math-list-item\"> <h3 class=\"rank-math-question\"><strong>Vraag: 9ZF-500 (nieuw type) gecombineerde grasgraanmolen heeft drie uitlaten, hoe komt het voer eruit?<\/strong><\/h3> <div class=\"rank-math-answer\">  <p>A: Het gras komt uit de bovenste en middelste uitlaat en het graan komt uit de onderste uitlaat.<\/p>  <\/div> <\/div> <div id=\"faq-question-1666246122276\" class=\"rank-math-list-item\"> <h3 class=\"rank-math-question\"><strong>Vraag: Welke onderdelen zijn als optie verkrijgbaar?<\/strong><\/h3> <div class=\"rank-math-answer\">  <p>A: Wielen en beschermhoes.<\/p>  <\/div> <\/div> <div id=\"faq-question-1666246133492\" class=\"rank-math-list-item\"> <h3 class=\"rank-math-question\"><strong>Vraag: Waarom is het machineframe beweegbaar?<\/strong><\/h3> <div class=\"rank-math-answer\">  <p>A: Omdat de riem bij langdurig gebruik losraakt, kan het bewegen van het frame de riem strakker maken.<\/p>  <\/div> <\/div> <\/div> <\/div>   <h2 class=\"wp-block-heading\"><strong>Werkvideo van Taizy strosnijder en graanmolen<\/strong><\/h2>    <figure class=\"wp-block-embed is-type-video is-provider-youtube wp-block-embed-youtube wp-embed-aspect-16-9 wp-has-aspect-ratio\"><div class=\"wp-block-embed__wrapper\"> <iframe loading=\"lazy\" title=\"2022 Taizy Gecombineerde kafsnijderslijpmachine voor stengels, rietjes, gras, graan #kafsnijder #grinder\" width=\"500\" height=\"281\" src=\"https:\/\/www.youtube.com\/embed\/qBfLwxNCu6k?feature=oembed\" frameborder=\"0\" allow=\"accelerometer; autoplay; clipboard-write; encrypted-media; gyroscope; picture-in-picture; web-share\" referrerpolicy=\"strict-origin-when-cross-origin\" allowfullscreen><\/iframe> <\/div><\/figure>","protected":false},"excerpt":{"rendered":"<p>This series of straw cutter and grain grinder achieves multi-purpose use, allowing for guillotine and grain crushing. This guillotine features high performance, low noise, high output, safety and stability, high efficiency, low energy consumption, sturdiness and durability. The chaff cutter and grinder combined machine can not only crush dry and wet straw, rice straw, wheat [&hellip;]<\/p>\n","protected":false},"author":1,"featured_media":2629,"parent":0,"template":"","tags":[],"product-type":[19],"class_list":["post-2620","product","type-product","status-publish","has-post-thumbnail","hentry","product-type-silage-machine"],"_links":{"self":[{"href":"https:\/\/taizyagromachine.com\/nl\/wp-json\/wp\/v2\/product\/2620","targetHints":{"allow":["GET"]}}],"collection":[{"href":"https:\/\/taizyagromachine.com\/nl\/wp-json\/wp\/v2\/product"}],"about":[{"href":"https:\/\/taizyagromachine.com\/nl\/wp-json\/wp\/v2\/types\/product"}],"author":[{"embeddable":true,"href":"https:\/\/taizyagromachine.com\/nl\/wp-json\/wp\/v2\/users\/1"}],"wp:featuredmedia":[{"embeddable":true,"href":"https:\/\/taizyagromachine.com\/nl\/wp-json\/wp\/v2\/media\/2629"}],"wp:attachment":[{"href":"https:\/\/taizyagromachine.com\/nl\/wp-json\/wp\/v2\/media?parent=2620"}],"wp:term":[{"taxonomy":"post_tag","embeddable":true,"href":"https:\/\/taizyagromachine.com\/nl\/wp-json\/wp\/v2\/tags?post=2620"},{"taxonomy":"product-type","embeddable":true,"href":"https:\/\/taizyagromachine.com\/nl\/wp-json\/wp\/v2\/product-type?post=2620"}],"curies":[{"name":"wp","href":"https:\/\/api.w.org\/{rel}","templated":true}]}}