{"id":3216,"date":"2022-06-24T07:39:12","date_gmt":"2022-06-24T07:39:12","guid":{"rendered":"https:\/\/taizyagromachine.com\/?post_type=product&#038;p=3216"},"modified":"2025-01-02T13:51:50","modified_gmt":"2025-01-02T05:51:50","slug":"disk-mill-machine","status":"publish","type":"product","link":"https:\/\/taizyagromachine.com\/nl\/product\/disk-mill-machine\/","title":{"rendered":"Schijfmolenmachine | Ma\u00efsmolen | Ma\u00efs-freesmachine"},"content":{"rendered":"<p class=\"translation-block\">Deze schijfmolenmachines zijn bedoeld voor het malen en verpulveren van diverse droge materialen tot poeder voor diverse toepassingen. Deze <a href=\"https:\/\/cornmachines.com\/disk-mill-machine\/\" target=\"_blank\" rel=\"noreferrer noopener\">ma\u00efsmolen<\/a> kan worden aangedreven door een dieselmotor, elektromotor en benzinemotor. De binnenkant van de crusher is een roterende bak met schijven. De schijfmolen is uitgerust met lange en korte platte tanden. De fijnheid van de gemalen materialen bereikt zetmeel. <\/p>    <p>Bovendien kan de schijfmolenmachine twee inlaten hebben. Wanneer u dit soort ma\u00efsfreesmachine gebruikt, kunt u degene kiezen die u verkiest. Bovendien kan de ma\u00efsslijpmachine worden uitgerust met de cycloon, een apparaat voor het verzamelen van stof. Het is goed voor de gebruikers om hun gezondheid te beschermen. Onze machines zijn van goede kwaliteit, stabiele prestaties en kosteneffectiviteit. Het is dus erg populair in binnen- en buitenland vanwege de sterke uitvoerbaarheid.<\/p>    <h2 class=\"wp-block-heading\" id=\"h-why-use-the-disk-mill\"><strong>Waarom de schijfmolen gebruiken?<\/strong><\/h2>    <p>Ma\u00efs is het meest verbouwde gewas ter wereld. Er zijn dus veel gebieden waar likdoorns voorkomen. En ma\u00efs is ook nog eens heel veelzijdig. Met deze schijfmolenmachine worden diverse granen of specerijen gemalen en het resulterende poeder is klaar voor de volgende stap. In het geval van ma\u00efs kan het gemalen ma\u00efspoeder bijvoorbeeld worden gebruikt als vooraf geselecteerd materiaal voor de volgende voedingsstap, maar ook als basisvoedsel voor mensen. Omdat de ma\u00efs zelf v\u00f3\u00f3r het malen een relatief groot deeltje is, kan deze niet direct worden gebruikt. Na het malen kan ma\u00efzena gebruikt worden voor diverse werkzaamheden.<\/p>    <figure class=\"wp-block-gallery aligncenter has-nested-images columns-default is-cropped wp-block-gallery-2 is-layout-flex wp-block-gallery-is-layout-flex\"> <figure class=\"wp-block-image size-large\"><img loading=\"lazy\" decoding=\"async\" width=\"720\" height=\"540\" data-id=\"3256\" src=\"https:\/\/taizyagromachine.com\/wp-content\/uploads\/2022\/06\/corn-grinder-machine-with-double-inlets.jpg\" alt=\"ma\u00efsmolenmachine met dubbele inlaten\" class=\"wp-image-3256\"\/><figcaption class=\"wp-element-caption\">ma\u00efsmolenmachine met dubbele inlaten<\/figcaption><\/figure>    <figure class=\"wp-block-image size-large\"><img loading=\"lazy\" decoding=\"async\" width=\"720\" height=\"540\" data-id=\"3255\" src=\"https:\/\/taizyagromachine.com\/wp-content\/uploads\/2022\/06\/corn-milling-machine.jpg\" alt=\"ma\u00efs-freesmachine\" class=\"wp-image-3255\"\/><figcaption class=\"wp-element-caption\">ma\u00efs freesmachine<\/figcaption><\/figure> <\/figure>    <h2 class=\"wp-block-heading\"><strong>Wie is er ge\u00efnteresseerd in deze schijfmolenmachine\uff1f<\/strong><\/h2>    <p>Deze schijfmolenmachine is voornamelijk aangepast aan middelgrote chemische fabrieken, farmaceutische fabrieken, mononatriumglutamaatfabrieken, voederfabrieken, gipspoederfabrieken, calciummetaalfabrieken, papierfabrieken, sojabonenfabrieken, visgraatpoederfabrieken en andere industrie\u00ebn. <\/p>    <p>Dit product heeft de voordelen van een hoog rendement, minder elektriciteit, soepel werken, gemakkelijk laden en lossen, enz. Dit product kan ook worden uitgerust met een zelfaanzuigend apparaat, ventilator en ontlader, waardoor de arbeidsintensiteit van de operator aanzienlijk wordt verminderd . Ook zijn de twee inlaten aanwezig. <\/p>    <h2 class=\"wp-block-heading\"><strong>Welke materialen kunnen worden gefreesd?<\/strong><\/h2>    <p>De breker is geschikt voor droge en bijzondere materialen. Het is juist om ma\u00efs, sojabonen, sorghum, gedroogde aardnoten, bonenkoekjes en andere diverse granen te malen. <\/p>    <p class=\"translation-block\">Dit soort schijfmolenmachine wordt ook gebruikt voor peper, specerijen, enz. Als u twijfelt, neem dan gerust <a href=\"https:\/\/taizyagromachine.com\/nl\/contact\/\" target=\"_blank\" rel=\"noreferrer noopener\">contact met ons op<\/a> voor meer classificaties!<\/p>    <h2 class=\"wp-block-heading\"><strong>Samenstelling van ma\u00efsmolen<\/strong><\/h2>    <p>Eigenlijk heeft de schijfmolenmachine een heel eenvoudige structuur. Vanuit de interne constructie is het gemakkelijk te begrijpen. Het heeft de inlaat, uitlaat, werkkamer en ondersteunende kracht. Het is dus heel gemakkelijk. Als we de machine met een cycloon als voorbeeld nemen, wordt de structuur hieronder weergegeven. Je kunt uit de verschillende soorten degene kiezen die je leuk vindt.<\/p>   <div class=\"wp-block-image\"> <figure class=\"aligncenter size-full\"><img loading=\"lazy\" decoding=\"async\" width=\"720\" height=\"540\" src=\"https:\/\/taizyagromachine.com\/wp-content\/uploads\/2022\/06\/disk-mill-machine-structure.jpg\" alt=\"schijfmolen machinestructuur\" class=\"wp-image-3253\"\/><figcaption class=\"wp-element-caption\">schijfmolen machinestructuur<\/figcaption><\/figure> <\/div>   <h2 class=\"wp-block-heading\"><strong>Werkingsprincipe van Disk Mill Machine<\/strong><\/h2>    <p>Het is een multifunctionele vergruizer. De interne structuur is tand, rups en scherm. De tandencrawler kan de grondstof tot poeder vermalen en de zeef bepaalt de fijnheid van het poeder. <\/p>    <p>Het scherm heeft een afmeting van 0,2 mm - 8 mm. Over het algemeen wordt dit soort schijffreesmachine aanbevolen als u sommige materialen tot 1 mm wilt malen.<\/p>    <figure class=\"wp-block-gallery aligncenter has-nested-images columns-default is-cropped wp-block-gallery-3 is-layout-flex wp-block-gallery-is-layout-flex\"> <figure class=\"wp-block-image size-large\"><img loading=\"lazy\" decoding=\"async\" width=\"720\" height=\"540\" data-id=\"3254\" src=\"https:\/\/taizyagromachine.com\/wp-content\/uploads\/2022\/06\/internal-structure-tooth-claw.jpg\" alt=\"interne structuur-tandklauw\" class=\"wp-image-3254\"\/><figcaption class=\"wp-element-caption\">interne structuur-tandklauw<\/figcaption><\/figure>    <figure class=\"wp-block-image size-large\"><img loading=\"lazy\" decoding=\"async\" width=\"720\" height=\"540\" data-id=\"3252\" src=\"https:\/\/taizyagromachine.com\/wp-content\/uploads\/2022\/06\/disk-mill-machine-screens.jpg\" alt=\"schermen van schijfmolenmachines\" class=\"wp-image-3252\"\/><figcaption class=\"wp-element-caption\">schermen van schijfmolenmachines<\/figcaption><\/figure> <\/figure>    <h2 class=\"wp-block-heading\"><strong>Spotlights van ma\u00efsmolenmachine<\/strong><\/h2>    <ol class=\"wp-block-list\"> <li>Compacte structuur, mooi uiterlijk, klein formaat, lichtgewicht, betrouwbaar gebruik, eenvoudig onderhoud.<\/li>    <li>Een breed scala aan toepassingen, een hoog breekvermogen en een goede energiebesparing kunnen goed voldoen aan de behoeften van klanten.<\/li>    <li>Het verpletteren van een verscheidenheid aan chemische materialen, papierpulp, verwerking van kruidengeneesmiddelen, verwerking van gipspoeder, peper en specerijen.<\/li>    <li>Installeer de stofafscheider, stofabsorberend apparaat, geen stofvervuiling, laag geluidsniveau.<\/li>    <li>Een verscheidenheid aan soorten, er zijn meer soorten om uit te kiezen, er is altijd een geschikte voor u.<\/li>    <li>De machinestructuur is rationeel, duurzaam, veilig en betrouwbaar, eenvoudig te installeren, gemakkelijke bediening, klein anti-vibratie-effect.<\/li> <\/ol>    <h2 class=\"wp-block-heading\"><strong>Parameters van ma\u00efsfreesmachine<\/strong><\/h2>    <p>Uit de onderstaande informatie kunt u gemakkelijk opmaken dat er freesmachines met variabele schijven zijn. Verschillende typen hebben verschillende configuraties en capaciteiten, ook verschillende prijzen. Wanneer u dit soort slijpmachines wilt kopen, kunt u uw vereisten, machineconfiguratie, machinecapaciteit, enz. Vertellen. En dan zal onze verkoopmanager de beste oplossing bieden om uw bedrijf te vergemakkelijken. <\/p>   <div class=\"wp-block-image\"> <figure class=\"aligncenter size-large\"><img loading=\"lazy\" decoding=\"async\" width=\"720\" height=\"540\" src=\"https:\/\/taizyagromachine.com\/wp-content\/uploads\/2022\/06\/disk-mill-parameters-1.jpg\" alt=\"\" class=\"wp-image-3228\"\/><\/figure> <\/div>  <div class=\"wp-block-image\"> <figure class=\"aligncenter size-full\"><img loading=\"lazy\" decoding=\"async\" width=\"720\" height=\"540\" src=\"https:\/\/taizyagromachine.com\/wp-content\/uploads\/2022\/06\/disk-mill-parameters-2.jpg\" alt=\"\" class=\"wp-image-3225\"\/><\/figure> <\/div>  <div class=\"wp-block-image\"> <figure class=\"aligncenter size-full\"><img loading=\"lazy\" decoding=\"async\" width=\"720\" height=\"540\" src=\"https:\/\/taizyagromachine.com\/wp-content\/uploads\/2022\/06\/disk-mill-parameters-3.jpg\" alt=\"\" class=\"wp-image-3226\"\/><\/figure> <\/div>  <div class=\"wp-block-image\"> <figure class=\"aligncenter size-large\"><img loading=\"lazy\" decoding=\"async\" width=\"720\" height=\"540\" src=\"https:\/\/taizyagromachine.com\/wp-content\/uploads\/2022\/06\/disk-mill-parameters-4.jpg\" alt=\"\" class=\"wp-image-3224\"\/><\/figure> <\/div>  <div class=\"wp-block-image\"> <figure class=\"aligncenter size-large\"><img loading=\"lazy\" decoding=\"async\" width=\"720\" height=\"540\" src=\"https:\/\/taizyagromachine.com\/wp-content\/uploads\/2022\/06\/disk-mill-parameters-5.jpg\" alt=\"\" class=\"wp-image-3223\"\/><\/figure> <\/div>  <div class=\"wp-block-image\"> <figure class=\"aligncenter size-full\"><img loading=\"lazy\" decoding=\"async\" width=\"720\" height=\"200\" src=\"https:\/\/taizyagromachine.com\/wp-content\/uploads\/2022\/06\/disk-mill-parameters-6.jpg\" alt=\"schijf-molen-parameters-6\" class=\"wp-image-3227\"\/><figcaption class=\"wp-element-caption\">parameters van de ma\u00efsmolen<\/figcaption><\/figure> <\/div>   <h2 class=\"wp-block-heading\" id=\"h-how-does-the-disk-mill-machine-grind-corns\"><strong>Hoe maalt de schijfmolenmachine likdoorns?<\/strong><\/h2>    <figure class=\"wp-block-embed aligncenter is-type-video is-provider-youtube wp-block-embed-youtube wp-embed-aspect-16-9 wp-has-aspect-ratio\"><div class=\"wp-block-embed__wrapper\"> <iframe loading=\"lazy\" title=\"Commerci\u00eble ma\u00efsmolenmachine | Schijfmolenmachine | Ma\u00efs breekmachine | Ma\u00efsmolen #slijpen\" width=\"500\" height=\"281\" src=\"https:\/\/www.youtube.com\/embed\/GRTjkVrY2m8?feature=oembed\" frameborder=\"0\" allow=\"accelerometer; autoplay; clipboard-write; encrypted-media; gyroscope; picture-in-picture; web-share\" referrerpolicy=\"strict-origin-when-cross-origin\" allowfullscreen><\/iframe> <\/div><\/figure>    <h2 class=\"wp-block-heading\"><strong>Veelgestelde vragen<\/strong><\/h2>    <div class=\"schema-faq wp-block-yoast-faq-block\"><div class=\"schema-faq-section\" id=\"faq-question-1656063952280\"><strong class=\"schema-faq-question\">Vraag: Hoe zit het met de capaciteit van deze schijfmolenmachine&gt;<\/strong> <p class=\"schema-faq-answer\">A: De capaciteit varieert van 50-2000 kg\/u. Als u ge\u00efnteresseerd bent, neem dan contact met ons op voor meer informatie.<\/p> <\/div> <div class=\"schema-faq-section\" id=\"faq-question-1656063971666\"><strong class=\"schema-faq-question\">Vraag: Wat voor soort materialen kunnen worden gemalen?<\/strong> <p class=\"schema-faq-answer\">A: Granen, likdoorns, peper, specerijen, etc. Alle droge en bijzondere materialen zijn toepasbaar.<\/p> <\/div> <div class=\"schema-faq-section\" id=\"faq-question-1656063982772\"><strong class=\"schema-faq-question\">Vraag: Hoeveel fijnheid kan ik krijgen?<\/strong> <p class=\"schema-faq-answer\">A: Normaal gesproken hebben we een scherm van 0,2 mm tot 8 mm. Als u anderen wilt, zoals 1 cm, kunnen wij u uiteraard ook tevreden stellen. Het hangt van jou af.<\/p> <\/div> <\/div>","protected":false},"excerpt":{"rendered":"<p>This series of disk mill machines function to grind and mill various dry materials into powder for the purpose of various usages. This corn grinder can use a diesel engine, electric motor, and gasoline engine. The inside of the crusher is a rotary table-type crushing bin. The disk mill machine is equipped with long and [&hellip;]<\/p>\n","protected":false},"author":1,"featured_media":3250,"parent":0,"template":"","tags":[134,130,132,133,131,187,129,186],"product-type":[17],"class_list":["post-3216","product","type-product","status-publish","has-post-thumbnail","hentry","tag-corn-crusher","tag-corn-grinder","tag-corn-grinder-machine","tag-corn-grinding-machine","tag-corn-milling-machine","tag-disk-mill","tag-disk-mill-machine","tag-grinding-machine","product-type-corn-machine"],"_links":{"self":[{"href":"https:\/\/taizyagromachine.com\/nl\/wp-json\/wp\/v2\/product\/3216","targetHints":{"allow":["GET"]}}],"collection":[{"href":"https:\/\/taizyagromachine.com\/nl\/wp-json\/wp\/v2\/product"}],"about":[{"href":"https:\/\/taizyagromachine.com\/nl\/wp-json\/wp\/v2\/types\/product"}],"author":[{"embeddable":true,"href":"https:\/\/taizyagromachine.com\/nl\/wp-json\/wp\/v2\/users\/1"}],"wp:featuredmedia":[{"embeddable":true,"href":"https:\/\/taizyagromachine.com\/nl\/wp-json\/wp\/v2\/media\/3250"}],"wp:attachment":[{"href":"https:\/\/taizyagromachine.com\/nl\/wp-json\/wp\/v2\/media?parent=3216"}],"wp:term":[{"taxonomy":"post_tag","embeddable":true,"href":"https:\/\/taizyagromachine.com\/nl\/wp-json\/wp\/v2\/tags?post=3216"},{"taxonomy":"product-type","embeddable":true,"href":"https:\/\/taizyagromachine.com\/nl\/wp-json\/wp\/v2\/product-type?post=3216"}],"curies":[{"name":"wp","href":"https:\/\/api.w.org\/{rel}","templated":true}]}}