{"id":3340,"date":"2022-09-13T03:47:17","date_gmt":"2022-09-13T03:47:17","guid":{"rendered":"https:\/\/taizyagromachine.com\/?post_type=product&#038;p=3340"},"modified":"2025-04-10T17:46:16","modified_gmt":"2025-04-10T09:46:16","slug":"9fq-hammer-mill-grinder","status":"publish","type":"product","link":"https:\/\/taizyagromachine.com\/nl\/product\/9fq-hammer-mill-grinder\/","title":{"rendered":"9FQ Hamermolenmolen voor ma\u00efs, ma\u00efs, graan en voervermaling"},"content":{"rendered":"<p class=\"translation-block\">Deze <strong>hamermolen<\/strong> is een multifunctionele crusher, zolang het droge materialen zijn, zoals ma\u00efs, sojabonen, pinda zaailingen, droge stro, enz. De machine-output varieert van 100 kg per uur tot 3 ton per uur, met een breed scala aan capaciteit en aanpassingsvermogen. <\/p>    <p>Bovendien kan deze 9FQ hamermolenvergruizer zowel elektromotor- als dieselmotorvermogen gebruiken. Dus als u ge\u00efnteresseerd bent in deze machine, neem dan gerust contact met ons op!<\/p>    <figure class=\"wp-block-embed is-type-video is-provider-youtube wp-block-embed-youtube wp-embed-aspect-16-9 wp-has-aspect-ratio\"><div class=\"wp-block-embed__wrapper\"> <iframe loading=\"lazy\" title=\"9FQ Hamermolenmachine | Ma\u00efsslijp-\/freesmachine | Ma\u00efskorrelbrekermachine #grinder\" width=\"500\" height=\"281\" src=\"https:\/\/www.youtube.com\/embed\/dN4giu5-BQk?feature=oembed\" frameborder=\"0\" allow=\"accelerometer; autoplay; clipboard-write; encrypted-media; gyroscope; picture-in-picture; web-share\" referrerpolicy=\"strict-origin-when-cross-origin\" allowfullscreen><\/iframe> <\/div><figcaption class=\"wp-element-caption\">hamermolen werkende video<\/figcaption><\/figure>    <h2 class=\"wp-block-heading\" id=\"h-hot-sale-9fq-hammer-mill-grinder\"><strong>Hot Sale 9FQ hamermolenmolen<\/strong><\/h2>    <p>Taizy hamermolen te koop bevat een verscheidenheid aan typen en varieert in uitvoergrootte. Gedetailleerde modellen vindt u hieronder ter referentie: <\/p>    <div class=\"wp-block-media-text alignwide is-stacked-on-mobile\"><figure class=\"wp-block-media-text__media\"><img loading=\"lazy\" decoding=\"async\" width=\"720\" height=\"540\" src=\"https:\/\/taizyagromachine.com\/wp-content\/uploads\/2022\/09\/hammer-mill-for-sale-9FQ-320.webp\" alt=\"hamermolen te koop-9FQ-320\" class=\"wp-image-3347 size-full\"\/><\/figure><div class=\"wp-block-media-text__content\"> <p class=\"translation-block\"><strong>Hamermolen te koop-9FQ-320<\/strong><\/p>    <p>Dit type ma\u00efsmolen heeft een capaciteit van 100 kg per uur en de elektromotor en dieselmotor zijn beide verkrijgbaar. <\/p>    <p>Als je dit model wilt, moet je het in bulk bestellen, omdat we dit model alleen in massa produceren.<\/p> <\/div><\/div>    <div class=\"wp-block-media-text alignwide has-media-on-the-right is-stacked-on-mobile\"><div class=\"wp-block-media-text__content\"> <p class=\"translation-block\"><strong>Hamermolen machine-9FQ-360<\/strong><\/p>    <p>9FQ-360 ma\u00efsmeelfreesmachine is erg populair op de internationale markt en kan ma\u00efs, rietjes en andere tot fijn poeder vermalen, als maaltijd of dierenvoer. Hij heeft een capaciteit van 150 kg per uur.<\/p> <\/div><figure class=\"wp-block-media-text__media\"><img loading=\"lazy\" decoding=\"async\" width=\"750\" height=\"750\" src=\"https:\/\/taizyagromachine.com\/wp-content\/uploads\/2022\/09\/hammer-mill-machine.webp\" alt=\"hamermolen machine\" class=\"wp-image-3349 size-full\"\/><\/figure><\/div>    <div class=\"wp-block-media-text alignwide is-stacked-on-mobile\"><figure class=\"wp-block-media-text__media\"><img loading=\"lazy\" decoding=\"async\" width=\"720\" height=\"540\" src=\"https:\/\/taizyagromachine.com\/wp-content\/uploads\/2022\/09\/commercial-hammer-mill-crusher.webp\" alt=\"commerci\u00eble hamermolenbreker\" class=\"wp-image-3352 size-full\"\/><\/figure><div class=\"wp-block-media-text__content\"> <p class=\"translation-block\"><strong>Commerci\u00eble hamermolen crusher-9FQ-420<\/strong><\/p>    <p>De hamermolenmolen beschikt over de 1800mm hoge cycloon, uiteraard is de dieselmotor ook toepasbaar. Het heeft een capaciteit van 400 kg per uur voor het vermalen van ma\u00efs en 200 kg\/uur voor het vermalen tot poeder.<\/p> <\/div><\/div>    <div class=\"wp-block-media-text alignwide has-media-on-the-right is-stacked-on-mobile\"><div class=\"wp-block-media-text__content\"> <p class=\"translation-block\"><strong>Hamermolen crusher-9FQ-500<\/strong><\/p>    <p>Over het algemeen maakt dit type graanhamermolen altijd gebruik van de dieselmotor, omdat het vermogen 500 kg\/u bedraagt. Bovendien wordt er ook gebruik gemaakt van het frame en de banden. Het is dus erg populair in het Afrikaanse gebied.<\/p> <\/div><figure class=\"wp-block-media-text__media\"><img loading=\"lazy\" decoding=\"async\" width=\"720\" height=\"540\" src=\"https:\/\/taizyagromachine.com\/wp-content\/uploads\/2022\/09\/Hammer-mill-crusher.webp\" alt=\"Hamermolen breker\" class=\"wp-image-3354 size-full\"\/><\/figure><\/div>    <div class=\"wp-block-media-text alignwide is-stacked-on-mobile\"><figure class=\"wp-block-media-text__media\"><img loading=\"lazy\" decoding=\"async\" width=\"720\" height=\"540\" src=\"https:\/\/taizyagromachine.com\/wp-content\/uploads\/2022\/09\/hammer-mill-feed-grinder.webp\" alt=\"hamermolen voermolen\" class=\"wp-image-3356 size-full\"\/><\/figure><div class=\"wp-block-media-text__content\"> <p class=\"translation-block\"><strong>Hamermolen voedergrinder-9FQ-600<\/strong><\/p>    <p>Bij het kiezen van dit soort industri\u00eble hamermolenslijpmachines kunt u kiezen voor een dieselmotor of een elektromotor. Bovendien zijn het frame en de banden ook optioneel. De output bedraagt \u200b\u200b1000 kg\/u.<\/p> <\/div><\/div>    <div class=\"wp-block-media-text alignwide has-media-on-the-right is-stacked-on-mobile\"><div class=\"wp-block-media-text__content\"> <p class=\"translation-block\"><strong><a href=\"https:\/\/taizyagromachine.com\/nl\/product\/disk-mill-machine\/?swcfpc=1\" target=\"_blank\" rel=\"noreferrer noopener\">Ma\u00efs grinder<\/a>-9FQ-750<\/strong><\/p>    <p>Op de foto kunnen we zien dat deze commerci\u00eble ma\u00efsmolenmachine een dieselmotorset kan gebruiken. Hij heeft een capaciteit van 1500 kg\/u.<\/p> <\/div><figure class=\"wp-block-media-text__media\"><img loading=\"lazy\" decoding=\"async\" width=\"720\" height=\"540\" src=\"https:\/\/taizyagromachine.com\/wp-content\/uploads\/2022\/09\/corn-grinder.webp\" alt=\"ma\u00efs molen\" class=\"wp-image-3358 size-full\"\/><\/figure><\/div>    <div class=\"wp-block-media-text alignwide is-stacked-on-mobile\"><figure class=\"wp-block-media-text__media\"><img loading=\"lazy\" decoding=\"async\" width=\"720\" height=\"540\" src=\"https:\/\/taizyagromachine.com\/wp-content\/uploads\/2023\/12\/image.webp\" alt=\"hamermolen vergruizer\" class=\"wp-image-6305 size-full\"\/><\/figure><div class=\"wp-block-media-text__content\"> <p class=\"translation-block\"><strong>Hamermolen pulverizer-9FQ-1000<\/strong><\/p>    <p>9FQ-1000 ma\u00efshamermolen heeft een grote productie van 3000 kg per uur. Het kan aan uw massaproductie voldoen.<\/p> <\/div><\/div>    <h2 class=\"wp-block-heading\"><strong>Technische parameters van de multifunctionele hamermolenbreker<\/strong><\/h2>    <figure class=\"wp-block-table\"><table><tbody><tr><td>Model<\/td><td>Vermogen (kW)<\/td><td>Vermogen (pk)<\/td><td>Gewicht (kg)<\/td><td>Capaciteit (kg\/u)<\/td><td>Hamer<\/td><td>Dia van zeef<\/td><td>Pakketgrootte (mm)<\/td><td>&nbsp;Installatiemaat (mm) met cycloon en motor&nbsp;<\/td><\/tr><tr><\/tr><tr><td>9FQ-320<\/td><td>2.2<\/td><td>5<\/td><td>50<\/td><td>100<\/td><td>16 stuks<\/td><td>0,5-5 mm<\/td><td>500*300*600<\/td><td>500*300*600<\/td><\/tr><tr><td>9FQ-360<\/td><td>5.5<\/td><td>8<\/td><td>120<\/td><td>150<\/td><td>24 stuks<\/td><td>0,5-5 mm<\/td><td>1100*600*1200<\/td><td>1500*1000*1900<\/td><\/tr><tr><td>9FQ-420<\/td><td>11<\/td><td>15<\/td><td>200<\/td><td>300<\/td><td>24 stuks<\/td><td>1,2-3 mm<\/td><td>1200*800*1900<\/td><td>1500*1000*1900<\/td><\/tr><tr><td>9FQ-500<\/td><td>11<\/td><td>20<\/td><td>300<\/td><td>500<\/td><td>24 stuks<\/td><td>1,2-3 mm<\/td><td>1200*800*1300<\/td><td>1500*1000*1900<\/td><\/tr><tr><td>9FQ-600<\/td><td>18.5-22<\/td><td>30<\/td><td>500<\/td><td>1000<\/td><td>32 stuks<\/td><td>1,2-3 mm<\/td><td>1500*900*1500<\/td><td>2000*1100*2300<\/td><\/tr><tr><td>9FQ-750<\/td><td>22-30<\/td><td>35<\/td><td>850<\/td><td>1500<\/td><td>32 stuks<\/td><td>1,2-3 mm<\/td><td>1500*1000*1600<\/td><td>2000*1200*2300<\/td><\/tr><tr><td>9FQ-800<\/td><td>37<\/td><td>45<\/td><td>1000<\/td><td>2000<\/td><td>40 stuks<\/td><td>1,2-5 mm<\/td><td>1500*1200*1600<\/td><td>2000*1300*2300<\/td><\/tr><tr><td>9FQ-1000<\/td><td>45-55<\/td><td>75<\/td><td>1200<\/td><td>3000<\/td><td>64 stuks<\/td><td>1,2-5 mm<\/td><td>1500*1300*1800<\/td><td>2000*1400*2300<\/td><\/tr><\/tbody><\/table><figcaption class=\"wp-element-caption\">technische gegevens van industri\u00eble hamermolenmolen<\/figcaption><\/figure>    <h2 class=\"wp-block-heading\"><strong>Toepassingen van de hamermolenmolen<\/strong><\/h2>    <p class=\"translation-block\">Vanwege de multifunctionele hamermolen kan deze machine <strong>wheat, beans, maize corn, dry grass, peanut shells, dry corn stalks, peanut seedlings, wood, spice, hay,<\/strong> <strong>ma\u00efskolven, kippenvoer,<\/strong> enz. malen. Als u meer wilt weten over materialen die gemalen kunnen worden, neem dan gerust contact met ons op! <\/p>   <div class=\"wp-block-image\"> <figure class=\"aligncenter size-full\"><img loading=\"lazy\" decoding=\"async\" width=\"720\" height=\"540\" src=\"https:\/\/taizyagromachine.com\/wp-content\/uploads\/2022\/09\/applications-of-the-hammer-mill-grinder.webp\" alt=\"toepassingen van de hamermolenmolen\" class=\"wp-image-3360\"\/><figcaption class=\"wp-element-caption\">toepassingen van de hamermolenmolen<\/figcaption><\/figure> <\/div>   <h2 class=\"wp-block-heading\"><strong>Ontwerp van de elektrische hamermolenstructuur<\/strong><\/h2>    <p>De structuur is heel eenvoudig. De hamermolenbreker bestaat uit de inlaat, uitlaat, zeefcycloon en motor\/dieselmotor. Voor de stroombron kun je kiezen wat je wilt. <\/p>   <div class=\"wp-block-image\"> <figure class=\"aligncenter size-full\"><img loading=\"lazy\" decoding=\"async\" width=\"720\" height=\"540\" src=\"https:\/\/taizyagromachine.com\/wp-content\/uploads\/2022\/09\/electric-hammer-mill-structure.webp\" alt=\"elektrische hamermolenstructuur\" class=\"wp-image-3367\"\/><figcaption class=\"wp-element-caption\">elektrische hamermolenstructuur<\/figcaption><\/figure> <\/div>   <h2 class=\"wp-block-heading\" id=\"h-advanatges-of-the-hammer-mill-feed-grinder\"><strong>Voordelen van de Hamermolen Voermolen<\/strong><\/h2>    <ul class=\"wp-block-list\"> <li>Eenvoudige structuur, eenvoudige bediening en stabiele prestaties.<\/li>    <li>Brede toepassingen, vanwege de grote inlaat.<\/li>    <li>Grote capaciteit, van 100kg per uur tot 3t per uur.<\/li>    <li>Hamer is het belangrijkste onderdeel van de structuur, verschillende capaciteiten hebben verschillende hamers.<\/li>    <li>Het scherm: 1 mm-3 mm, 4 cm, 5 cm. Als u veel hamermolens wilt, kunnen wij het scherm en de hamermolenmolen voor u aanpassen.<\/li> <\/ul>    <h2 class=\"wp-block-heading\" id=\"h-consumable-parts-of-the-hammer-mill-for-sale\"><strong>Verbruiksartikelen van de hamermolen te koop<\/strong><\/h2>    <p>Voor de Taizy-hamermolenmolen zijn er drie slijtdelen, namelijk riemen, zeven en hamerbladen.<\/p>    <p>Als de riem los zit, kunt u de motor verplaatsen en vervolgens strakker maken.<\/p>    <p>Het scherm en de hamer slijten uiteraard binnen een jaar, wij kunnen ze gratis leveren, maar u (de klant) moet de koerierskosten betalen.<\/p>    <h2 class=\"wp-block-heading\"><strong>Succesvol geval van commerci\u00eble graanhamermolen<\/strong><\/h2>    <p class=\"translation-block\"><strong>9FQ-500 dieselmotor ma\u00efsmolen ge\u00ebxporteerd naar Nigeria<\/strong><\/p>    <p>De Nigeriaanse klant werkte aan een aanbestedingsproject van de overheid, voornamelijk voor lokale behoeften. Vanaf het moment dat we het project ontvingen, hebben we de machinevereisten doorgelezen en zorgvuldig bestudeerd. <\/p>    <p>We volgden strikt de vereisten van de aanbesteding om de relevante machine-informatie te verstrekken, en elk afzonderlijk item voldeed aan de vereisten. Als gevolg hiervan kocht de Nigeriaanse klant de machine bij ons, Taizy.<\/p>   <div class=\"wp-block-image\"> <figure class=\"aligncenter size-full\"><img loading=\"lazy\" decoding=\"async\" width=\"720\" height=\"540\" src=\"https:\/\/taizyagromachine.com\/wp-content\/uploads\/2022\/09\/loading-diesel-engine-9FQ-500.webp\" alt=\"laden van dieselmotor 9FQ-500\" class=\"wp-image-3371\"\/><figcaption class=\"wp-element-caption\">laden van dieselmotor 9FQ-500<\/figcaption><\/figure> <\/div>   <p class=\"translation-block\"><strong>3 soorten hamermolens verkocht aan Thailand<\/strong><\/p>    <p>Taize Machinery heeft met succes drie modellen hamermolens uit de 9FQ-serie op de Thaise markt verkocht, die geschikt zijn voor verschillende maten en toepassingen. Al onze voerhamermolens hebben brede erkenning gekregen van Thaise klanten vanwege hun hoge effici\u00ebntie, duurzaamheid en stabiliteit.<\/p>    <figure class=\"wp-block-gallery aligncenter has-nested-images columns-default is-cropped wp-block-gallery-2 is-layout-flex wp-block-gallery-is-layout-flex\"> <figure class=\"wp-block-image size-large\"><img loading=\"lazy\" decoding=\"async\" width=\"720\" height=\"540\" data-id=\"6311\" src=\"https:\/\/taizyagromachine.com\/wp-content\/uploads\/2022\/09\/hammer-mill-crusher.webp\" alt=\"hamermolen breker\" class=\"wp-image-6311\"\/><figcaption class=\"wp-element-caption\">hamermolen breker<\/figcaption><\/figure>    <figure class=\"wp-block-image size-large\"><img loading=\"lazy\" decoding=\"async\" width=\"720\" height=\"540\" data-id=\"6310\" src=\"https:\/\/taizyagromachine.com\/wp-content\/uploads\/2022\/09\/hammer-mill-crusher-for-Thailand.webp\" alt=\"hamermolenbreker voor Thailand\" class=\"wp-image-6310\"\/><figcaption class=\"wp-element-caption\">hamermolenbreker voor Thailand<\/figcaption><\/figure> <\/figure>    <h2 class=\"wp-block-heading\" id=\"h-faq\"><strong>Veelgestelde vragen over industri\u00eble hamermolenmolen<\/strong><\/h2>   <div id=\"rank-math-faq\" class=\"rank-math-block\"> <div class=\"rank-math-list\"> <div id=\"faq-question-1667377290190\" class=\"rank-math-list-item\"> <h3 class=\"rank-math-question\"><strong>Vraag 1: Welk vermogen is beschikbaar voor de 9FQ hamermolenmolen?<\/strong><\/h3> <div class=\"rank-math-answer\">  <p>A1: Benzinemotor, elektrische motor en dieselmotor.<\/p>  <\/div> <\/div> <div id=\"faq-question-1667377295222\" class=\"rank-math-list-item\"> <h3 class=\"rank-math-question\"><strong>Q2: Wat is de capaciteit?<\/strong><\/h3> <div class=\"rank-math-answer\">  <p>A2: De capaciteit is zeer groot, van 100kg\/u tot 3t\/u.<\/p>  <\/div> <\/div> <div id=\"faq-question-1667377303614\" class=\"rank-math-list-item\"> <h3 class=\"rank-math-question\"><strong>Vraag 3: Hoe fijn kan het materiaal worden verpletterd?<\/strong><\/h3> <div class=\"rank-math-answer\">  <p>A3: Hangt af van het scherm dat je kiest en hoe fijn je nodig hebt. Het scherm is 1 mm-3 cm, 4 cm en 5 cm. Als u speciale wensen heeft, kunt u contact met ons opnemen voor meer informatie!<\/p>  <\/div> <\/div> <\/div> <\/div>   <h2 class=\"wp-block-heading\"><strong>Neem contact met ons op voor de prijs van graanfreesmachines!<\/strong><\/h2>    <p class=\"translation-block\">Voor prijsinformatie van <a href=\"https:\/\/en.wikipedia.org\/wiki\/Grain\" target=\"_blank\" rel=\"noopener\">graan<\/a> verwerkingsmachines, neem nu contact met ons op! Wij bieden allerlei soorten hoogwaardige graanverwerkingsapparatuur, en ons professionele team geeft u een gedetailleerde offerte op basis van uw behoeften, en biedt u uitgebreide productintroducties en aankoopadviesdiensten.<\/p>    <figure class=\"wp-block-embed is-type-video is-provider-youtube wp-block-embed-youtube wp-embed-aspect-16-9 wp-has-aspect-ratio\"><div class=\"wp-block-embed__wrapper\"> <iframe loading=\"lazy\" title=\"9FQ ma\u00efsfrezenmachine: effici\u00ebnte ma\u00efs slijpen voor eenvoudige ma\u00efsmeel maken | Ma\u00efsmolen molen\" width=\"500\" height=\"281\" src=\"https:\/\/www.youtube.com\/embed\/g81m6gqrChs?feature=oembed\" frameborder=\"0\" allow=\"accelerometer; autoplay; clipboard-write; encrypted-media; gyroscope; picture-in-picture; web-share\" referrerpolicy=\"strict-origin-when-cross-origin\" allowfullscreen><\/iframe> <\/div><figcaption class=\"wp-element-caption\">Video van maismolen<\/figcaption><\/figure>","protected":false},"excerpt":{"rendered":"<p>Hammer Mill Grinder vermaalt droge materialen, zoals ma\u00efs, sojabonen, pindazaailingen, droog stro, enz., met een capaciteit van 100 kg - 3000 kg per uur. In dit artikel beschrijven we voornamelijk de modellen hamermolen ter referentie bij uw keuze.<\/p>","protected":false},"author":1,"featured_media":3362,"parent":0,"template":"","tags":[189,131,190],"product-type":[17],"class_list":["post-3340","product","type-product","status-publish","has-post-thumbnail","hentry","tag-corn-grits-making-machine","tag-corn-milling-machine","tag-maize-grits-milling-machine","product-type-corn-machine"],"_links":{"self":[{"href":"https:\/\/taizyagromachine.com\/nl\/wp-json\/wp\/v2\/product\/3340","targetHints":{"allow":["GET"]}}],"collection":[{"href":"https:\/\/taizyagromachine.com\/nl\/wp-json\/wp\/v2\/product"}],"about":[{"href":"https:\/\/taizyagromachine.com\/nl\/wp-json\/wp\/v2\/types\/product"}],"author":[{"embeddable":true,"href":"https:\/\/taizyagromachine.com\/nl\/wp-json\/wp\/v2\/users\/1"}],"wp:featuredmedia":[{"embeddable":true,"href":"https:\/\/taizyagromachine.com\/nl\/wp-json\/wp\/v2\/media\/3362"}],"wp:attachment":[{"href":"https:\/\/taizyagromachine.com\/nl\/wp-json\/wp\/v2\/media?parent=3340"}],"wp:term":[{"taxonomy":"post_tag","embeddable":true,"href":"https:\/\/taizyagromachine.com\/nl\/wp-json\/wp\/v2\/tags?post=3340"},{"taxonomy":"product-type","embeddable":true,"href":"https:\/\/taizyagromachine.com\/nl\/wp-json\/wp\/v2\/product-type?post=3340"}],"curies":[{"name":"wp","href":"https:\/\/api.w.org\/{rel}","templated":true}]}}