{"id":3385,"date":"2022-09-15T07:13:10","date_gmt":"2022-09-15T07:13:10","guid":{"rendered":"https:\/\/taizyagromachine.com\/?post_type=product&#038;p=3385"},"modified":"2023-12-28T17:40:18","modified_gmt":"2023-12-28T09:40:18","slug":"fresh-corn-sheller","status":"publish","type":"product","link":"https:\/\/taizyagromachine.com\/nl\/product\/fresh-corn-sheller\/","title":{"rendered":"Verse ma\u00efsschiller voor het dorsen van suikerma\u00efs"},"content":{"rendered":"<p class=\"translation-block\">Taizy&#039;s <strong>ma\u00efsdorser<\/strong> is een soort ma\u00efsverwerkingsapparatuur die wordt gebruikt voor het dorsen van kleefma\u00efs, verse ma\u00efs, suikerma\u00efs, bevroren ma\u00efs, enz. Deze suikerma\u00efsdorser heeft een hoge effici\u00ebntie en is gemakkelijk te gebruiken. Daarom is deze machine erg populair in binnen- en buitenland en wordt hij vaak ge\u00ebxporteerd naar het buitenland. <\/p>    <p>Onze verse ma\u00efsbeschietingsmachine wordt vaak ge\u00ebxporteerd naar landen als Marokko, Thailand en de Verenigde Staten. Als u ge\u00efnteresseerd bent in deze machine, neem dan gerust contact met ons op!<\/p>    <figure class=\"wp-block-embed is-type-video is-provider-youtube wp-block-embed-youtube wp-embed-aspect-16-9 wp-has-aspect-ratio\"><div class=\"wp-block-embed__wrapper\"> <iframe loading=\"lazy\" title=\"2022 Suikerma\u00efs dorsmachine | Verse ma\u00efsshellermachine voor commercieel en thuisgebruik #sweetcorn\" width=\"500\" height=\"281\" src=\"https:\/\/www.youtube.com\/embed\/22IhEMWITb8?start=5&#038;feature=oembed\" frameborder=\"0\" allow=\"accelerometer; autoplay; clipboard-write; encrypted-media; gyroscope; picture-in-picture; web-share\" referrerpolicy=\"strict-origin-when-cross-origin\" allowfullscreen><\/iframe> <\/div><figcaption class=\"wp-element-caption\">suikerma\u00efs mazie dorsmachine werkende video<\/figcaption><\/figure>    <h2 class=\"wp-block-heading\"><strong>Typen van de Fresh Corn Sheller-machine te koop<\/strong><\/h2>    <p> Voor de suikerma\u00efsdorsmachine hebben we twee typen, afhankelijk van de beschikbaarheid van de transportband: SL-268 en SL-368.<\/p>    <figure class=\"wp-block-gallery aligncenter has-nested-images columns-default is-cropped wp-block-gallery-2 is-layout-flex wp-block-gallery-is-layout-flex\"> <figure class=\"wp-block-image size-large\"><img loading=\"lazy\" decoding=\"async\" width=\"540\" height=\"720\" data-id=\"3395\" src=\"https:\/\/taizyagromachine.com\/wp-content\/uploads\/2022\/09\/SL-268-sweet-corn-sheller.webp\" alt=\"SL-268-suikerma\u00efsschiller\" class=\"wp-image-3395\"\/><figcaption class=\"wp-element-caption\">SL-268 suikerma\u00efsschiller<\/figcaption><\/figure>    <figure class=\"wp-block-image size-large\"><img loading=\"lazy\" decoding=\"async\" width=\"540\" height=\"720\" data-id=\"3396\" src=\"https:\/\/taizyagromachine.com\/wp-content\/uploads\/2022\/09\/SL-368-fresh-corn-thresher.webp\" alt=\"SL-368-dorsmachine voor verse ma\u00efs\" class=\"wp-image-3396\"\/><figcaption class=\"wp-element-caption\">SL-368 dorsmachine voor verse ma\u00efs<\/figcaption><\/figure> <\/figure>    <ul class=\"wp-block-list\"> <li><strong>Verse ma\u00efsdorser zonder transportband<\/strong>: Dit type machine vereist meestal handmatige invoer van ma\u00efs, die wordt gedorst via de interne roterende trommel en de tandstructuur. De bediening is relatief eenvoudig en geschikt voor kleinschalig of thuisgebruik.<\/li>    <li><strong>Zoete verse ma\u00efsschiller met transportband<\/strong>: Dit model is uitgerust met een automatisch transportsysteem, dat de ma\u00efs continu en effici\u00ebnt naar de dorsruimte kan voeren, waardoor de werkeffici\u00ebntie aanzienlijk wordt verbeterd. Het is geschikt voor grootschalige landbouwproductie of commerci\u00eble verwerking en kan de handmatige arbeidsintensiteit verminderen en de productiviteit verbeteren.<\/li> <\/ul>    <figure class=\"wp-block-embed is-type-video is-provider-youtube wp-block-embed-youtube wp-embed-aspect-16-9 wp-has-aspect-ratio\"><div class=\"wp-block-embed__wrapper\"> <iframe loading=\"lazy\" title=\"Effici\u00ebnt dorsen! Zoete Verse Ma\u00efs Dorsmachine | Machine voor het beschieten van verse ma\u00efs\" width=\"500\" height=\"281\" src=\"https:\/\/www.youtube.com\/embed\/DJhhB9xqRE0?feature=oembed\" frameborder=\"0\" allow=\"accelerometer; autoplay; clipboard-write; encrypted-media; gyroscope; picture-in-picture; web-share\" referrerpolicy=\"strict-origin-when-cross-origin\" allowfullscreen><\/iframe> <\/div><figcaption class=\"wp-element-caption\">werkvideo van verse ma\u00efsschiller met transportband <\/figcaption><\/figure>    <p>Ongeacht het type kan de dorsmachine voor verse ma\u00efs de ma\u00efskorrels effectief van de kolven scheiden voor daaropvolgende verwerking en opslag.<\/p>    <h2 class=\"wp-block-heading\" id=\"h-technical-parameters-of-the-fresh-sweet-corn-sheller\"><strong>Technische parameters van de Fresh Sweet Corn Sheller<\/strong><\/h2>    <figure class=\"wp-block-table\"><table><tbody><tr><td>Model<\/td><td>TZ-268<\/td><td>TZ-368<\/td><\/tr><tr><td>Stroom<\/td><td>1,0 kW<\/td><td>0,4 kW + 0,75 kW+0,25 kW<\/td><\/tr><tr><td>Capaciteit<\/td><td>400-500kg\/u<\/td><td>400-500kg\/u<\/td><\/tr><tr><td>Gewicht<\/td><td>100 kg<\/td><td>110 kg<\/td><\/tr><tr><td>Maat<\/td><td>700(L)\u00d7620(B)\u00d71250(H)mm<\/td><td>1320(L)*620(B)*1250(H)mm<\/td><\/tr><tr><td>Spanning<\/td><td>220V, 1 fase, 50 Hz<\/td><td>240V, 1 fase, 60 Hz<\/td><\/tr><\/tbody><\/table><figcaption class=\"wp-element-caption\">technische parameters van verse suikerma\u00efs dorsmachine<\/figcaption><\/figure>    <h2 class=\"wp-block-heading\"><strong>Toepassingen van de Fresh Corn Shelling Machine<\/strong><\/h2>    <p class=\"translation-block\"><strong>Soorten ma\u00efs<\/strong>: de suikerma\u00efsdorser kan suikerma\u00efs, verse ma\u00efs, fruitma\u00efs, bevroren ma\u00efs, enz. dorsen.<\/p>    <p class=\"translation-block\"><strong>Toepasselijke fabrieken en ondernemingen<\/strong>: centrale keuken, inmaakma\u00efs, ma\u00efspap en -sap, diepvries, ma\u00efszadenfabriek, droge voedselverwerking, verwerking van landbouwbijproducten, enz.<\/p>    <h2 class=\"wp-block-heading\"><strong>Werkstappen van de dorsmachine voor verse ma\u00efs<\/strong><\/h2>    <div class=\"wp-block-media-text alignwide is-stacked-on-mobile\"><figure class=\"wp-block-media-text__media\"><img loading=\"lazy\" decoding=\"async\" width=\"720\" height=\"540\" src=\"https:\/\/taizyagromachine.com\/wp-content\/uploads\/2022\/09\/feeding-system.webp\" alt=\"voedingssysteem\" class=\"wp-image-3407 size-full\"\/><\/figure><div class=\"wp-block-media-text__content\"> <p class=\"translation-block\"><strong>Invoersysteem<\/strong><\/p> <\/div><\/div>    <div class=\"wp-block-media-text alignwide has-media-on-the-right is-stacked-on-mobile\"><div class=\"wp-block-media-text__content\"> <p class=\"translation-block\"><strong>Het kernonderdeel van de suikerma\u00efsdorser<\/strong><\/p> <\/div><figure class=\"wp-block-media-text__media\"><img loading=\"lazy\" decoding=\"async\" width=\"540\" height=\"540\" src=\"https:\/\/taizyagromachine.com\/wp-content\/uploads\/2022\/09\/corn-part-of-the-sweet-corn-thresher.webp\" alt=\"ma\u00efsdeel van de suikerma\u00efsdorser\" class=\"wp-image-3419 size-full\"\/><\/figure><\/div>    <div class=\"wp-block-media-text alignwide is-stacked-on-mobile\"><figure class=\"wp-block-media-text__media\"><img loading=\"lazy\" decoding=\"async\" width=\"540\" height=\"540\" src=\"https:\/\/taizyagromachine.com\/wp-content\/uploads\/2022\/09\/corn-seeds-and-corn-cob-separation.webp\" alt=\"ma\u00efszaden en ma\u00efskolfscheiding\" class=\"wp-image-3421 size-full\"\/><\/figure><div class=\"wp-block-media-text__content\"> <p class=\"translation-block\"><strong>Scheiding van ma\u00efskorrels en ma\u00efskolven<\/strong><\/p> <\/div><\/div>    <div class=\"wp-block-media-text alignwide has-media-on-the-right is-stacked-on-mobile\"><div class=\"wp-block-media-text__content\"> <p class=\"translation-block\"><strong>Afvoer van ma\u00efskolven<\/strong><\/p> <\/div><figure class=\"wp-block-media-text__media\"><img loading=\"lazy\" decoding=\"async\" width=\"540\" height=\"540\" src=\"https:\/\/taizyagromachine.com\/wp-content\/uploads\/2022\/09\/corn-cob-discharge.webp\" alt=\"ma\u00efskolf afvoer\" class=\"wp-image-3423 size-full\"\/><\/figure><\/div>    <h2 class=\"wp-block-heading\"><strong>Accessoires van de Suikerma\u00efs Sheller<\/strong><\/h2>    <div class=\"wp-block-media-text alignwide is-stacked-on-mobile\"><figure class=\"wp-block-media-text__media\"><img loading=\"lazy\" decoding=\"async\" width=\"610\" height=\"540\" src=\"https:\/\/taizyagromachine.com\/wp-content\/uploads\/2022\/09\/plate-and-blades.webp\" alt=\"plaat en messen\" class=\"wp-image-3425 size-full\"\/><\/figure><div class=\"wp-block-media-text__content\"> <p class=\"translation-block\"><strong>Plaat en messen<\/strong><\/p>    <p>Dit zijn de accessoires van de verse ma\u00efsschiller. Als u meer wilt, kunt u ons dit direct vertellen.<\/p> <\/div><\/div>    <h2 class=\"wp-block-heading\"><strong>Taizy Machinery: gecrediteerde fabrikant van verse ma\u00efsshellers<\/strong><\/h2>    <p class=\"translation-block\">Als professionele fabrikant en leverancier van landbouwmachines hebben we een breed scala aan landbouwmachines bij Taizy. Er zijn niet alleen ma\u00efsdorsers, <a href=\"https:\/\/taizyagromachine.com\/nl\/product\/corn-seeder\/?swcfpc=1\" target=\"_blank\" rel=\"noreferrer noopener\">ma\u00efszaaimachines<\/a> en ma\u00efsmaaiers, maar ook gerelateerde <a href=\"https:\/\/taizyagromachine.com\/nl\/product\/peanut-machine\/?swcfpc=1\" target=\"_blank\" rel=\"noreferrer noopener\">aardappelmachines,<\/a> <a href=\"https:\/\/taizyagromachine.com\/nl\/product\/silage-machine\/?swcfpc=1\" target=\"_blank\" rel=\"noreferrer noopener\">kuilvoermachines<\/a>, enzovoort. We hebben de volgende voordelen:<\/p>    <ul class=\"wp-block-list\"> <li><strong>Hoogwaardige producten<\/strong>: Taizy Machinery richt zich op de productkwaliteit en controleert strikt het productieproces om de duurzaamheid en prestatiestabiliteit van de apparatuur te garanderen. De producten worden door klanten vertrouwd vanwege hun uitstekende productieproces, hoge effici\u00ebntie en lange levensduur.<\/li>    <li><strong>Service op maat<\/strong>: Voor de specifieke behoeften van verschillende klanten biedt Taize Machinery oplossingen op maat, van apparatuurselectie, ontwerp en productie tot installatie en inbedrijfstelling, waarbij klanten gedurende het hele proces professionele diensten worden geboden.<\/li>    <li><strong>Uitgebreide after-sales service<\/strong>: We hechten veel belang aan de after-sales service en bieden een volledig scala aan diensten, waaronder onderhoud van apparatuur, technische ondersteuning en levering van onderdelen, om ervoor te zorgen dat de problemen die klanten tegenkomen tijdens het gebruik snel kunnen worden opgelost.<\/li>    <li><strong>Geloofwaardigheid en ervaring<\/strong>: Met jarenlange ervaring in de sector en een goede marktreputatie heeft Taize Machinery een stabiel klantenbestand en een breed zakelijk netwerk opgebouwd, dat het vertrouwen en de lof van onze klanten heeft gewonnen.<\/li> <\/ul>    <h2 class=\"wp-block-heading\"><strong>Wereldwijde gevallen van dorsmachine voor verse suikerma\u00efs <\/strong><\/h2>    <p class=\"translation-block\"><strong>Suikerma\u00efsdorser verkocht aan Marokko<\/strong><\/p>    <p>Deze Marokkaanse klant had een grote hoeveelheid zoete kleefma\u00efs die gedorst moest worden en dus verwerkt voor de volgende stap in het ma\u00efsproces. Toen hij onze verse ma\u00efsschiller online vond, stuurde hij ons een vraag. <\/p>    <p>Onze professionele verkoopmanager stelde vervolgens twee van onze machines aan hem voor. Na het lezen van de informatie was de Marokkaanse klant ge\u00efnteresseerd in het meer arbeidsbesparende exemplaar, de SL-368, en bekeek hij de werkende video van de machine. Uiteindelijk plaatste hij de bestelling. We hebben de machine verpakt en in zijn haven afgeleverd.<\/p>   <div class=\"wp-block-image\"> <figure class=\"aligncenter size-full\"><img loading=\"lazy\" decoding=\"async\" width=\"720\" height=\"540\" src=\"https:\/\/taizyagromachine.com\/wp-content\/uploads\/2022\/09\/sweet-corn-sheller-machine-package.webp\" alt=\"Pakket voor suikerma\u00efsshellermachine\" class=\"wp-image-3401\"\/><figcaption class=\"wp-element-caption\">Pakket voor suikerma\u00efsshellermachine<\/figcaption><\/figure> <\/div>   <p class=\"translation-block\"><strong>Ma\u00efsdorser te koop aangeboden aan Egypte<\/strong><\/p>    <p>Op de Egyptische markt heeft onze industri\u00eble dorsmachine voor verse ma\u00efs veel lof gekregen vanwege zijn uitstekende prestaties en aanpassingsvermogen. Deze machine is speciaal ontworpen voor verse ma\u00efs en kan op effici\u00ebnte wijze een breed scala aan ma\u00efsvari\u00ebteiten schillen en dorsen, inclusief kleefma\u00efs. Eenvoudig te bedienen en gemakkelijk te onderhouden, het zorgt voor een snel en schoon proces terwijl de integriteit van de ma\u00efskorrel behouden blijft. <\/p>    <figure class=\"wp-block-gallery aligncenter has-nested-images columns-default is-cropped wp-block-gallery-3 is-layout-flex wp-block-gallery-is-layout-flex\"> <figure class=\"wp-block-image size-large\"><img loading=\"lazy\" decoding=\"async\" width=\"540\" height=\"720\" data-id=\"6277\" src=\"https:\/\/taizyagromachine.com\/wp-content\/uploads\/2022\/09\/fresh-corn-sheller-with-conveyor-belt.webp\" alt=\"verse ma\u00efsschiller met transportband\" class=\"wp-image-6277\"\/><figcaption class=\"wp-element-caption\">verse ma\u00efsschiller met transportband<\/figcaption><\/figure>    <figure class=\"wp-block-image size-large\"><img loading=\"lazy\" decoding=\"async\" width=\"540\" height=\"720\" data-id=\"6279\" src=\"https:\/\/taizyagromachine.com\/wp-content\/uploads\/2022\/09\/sweet-corn-shelling-machine-for-sale.webp\" alt=\"suikerma\u00efs beschietingsmachine te koop\" class=\"wp-image-6279\"\/><figcaption class=\"wp-element-caption\">suikerma\u00efs beschietingsmachine te koop<\/figcaption><\/figure>    <figure class=\"wp-block-image size-large\"><img loading=\"lazy\" decoding=\"async\" width=\"540\" height=\"720\" data-id=\"6278\" src=\"https:\/\/taizyagromachine.com\/wp-content\/uploads\/2022\/09\/package-sweet-fresh-corn-sheller-and-threser.webp\" alt=\"pakket zoete verse ma\u00efsschiller en dorsmachine\" class=\"wp-image-6278\"\/><figcaption class=\"wp-element-caption\">pakket zoete verse ma\u00efsschiller en dorsmachine<\/figcaption><\/figure> <\/figure>    <h2 class=\"wp-block-heading\" id=\"h-faq\"><strong>Veelgestelde vragen over de verse zoete ma\u00efsschilmachine<\/strong><\/h2>   <div id=\"rank-math-faq\" class=\"rank-math-block\"> <div class=\"rank-math-list\"> <div id=\"faq-question-1663828057565\" class=\"rank-math-list-item\"> <h3 class=\"rank-math-question\"><strong>Vraag 1: Wat zijn de materialen van de verse ma\u00efsschillermachine?<\/strong><\/h3> <div class=\"rank-math-answer\">  <p class=\"translation-block\"><strong>A1: SUS304 roestvrij staal materiaal.<\/strong><\/p>  <\/div> <\/div> <div id=\"faq-question-1663828063454\" class=\"rank-math-list-item\"> <h3 class=\"rank-math-question\"><strong>Vraag 2: Welk soort ma\u00efs is deze machine geschikt om te dorsen?<\/strong><\/h3> <div class=\"rank-math-answer\">  <p>A2: Suikerma\u00efs, kleefma\u00efs, verse ma\u00efs, fruitgraan, bevroren ma\u00efs, enz.<\/p>  <\/div> <\/div> <div id=\"faq-question-1663828088495\" class=\"rank-math-list-item\"> <h3 class=\"rank-math-question\"><strong>Q3: Hoe zit het met de kwaliteitsgarantie?<\/strong><\/h3> <div class=\"rank-math-answer\">  <p>A3: Periode van \u00e9\u00e9n jaar. Wij zijn verantwoordelijk voor de storingen die veroorzaakt worden door machine-zelf en kwaliteit. Als andere storingen worden veroorzaakt door bedieningsfouten, door de mens veroorzaakte problemen, enz., bent u, de klant, verantwoordelijk.<\/p>  <\/div> <\/div> <\/div> <\/div>   <h2 class=\"wp-block-heading\"><strong>Neem contact met ons op voor details en prijs van de verse suikerma\u00efs dorsmachine!<\/strong><\/h2>    <p class=\"translation-block\">Als u op zoek bent naar een effici\u00ebnte en betrouwbare verse maaidorser om uw <a href=\"https:\/\/en.wikipedia.org\/wiki\/Sweet_corn\" target=\"_blank\" rel=\"noopener\">verse ma\u00efs<\/a> verwerkingseffici\u00ebntie te verbeteren, nodigen wij u uit om contact met ons op te nemen. Ons assortiment suikermaaidorsers omvat modellen die aan een verscheidenheid aan behoeften voldoen, of het nu gaat om een kleine familieboerderij of een grootschalige commerci\u00eble productie, wij hebben een oplossing voor u.<\/p>","protected":false},"excerpt":{"rendered":"<p>Onze Fresh Corn Sheller is een machine voor het dorsen van verschillende soorten plakkerige ma\u00efs, er zijn twee soorten SL-268 en SL-368. In dit artikel beschrijven we de soorten machines, parameters, succesverhalen, onze voordelen, enz. ter referentie en keuze.<\/p>","protected":false},"author":1,"featured_media":3388,"parent":0,"template":"","tags":[191,193,192,194],"product-type":[17],"class_list":["post-3385","product","type-product","status-publish","has-post-thumbnail","hentry","tag-corn-sheller","tag-fresh-corn-sheller","tag-maize-thresher","tag-sweet-corn-thresher","product-type-corn-machine"],"_links":{"self":[{"href":"https:\/\/taizyagromachine.com\/nl\/wp-json\/wp\/v2\/product\/3385","targetHints":{"allow":["GET"]}}],"collection":[{"href":"https:\/\/taizyagromachine.com\/nl\/wp-json\/wp\/v2\/product"}],"about":[{"href":"https:\/\/taizyagromachine.com\/nl\/wp-json\/wp\/v2\/types\/product"}],"author":[{"embeddable":true,"href":"https:\/\/taizyagromachine.com\/nl\/wp-json\/wp\/v2\/users\/1"}],"wp:featuredmedia":[{"embeddable":true,"href":"https:\/\/taizyagromachine.com\/nl\/wp-json\/wp\/v2\/media\/3388"}],"wp:attachment":[{"href":"https:\/\/taizyagromachine.com\/nl\/wp-json\/wp\/v2\/media?parent=3385"}],"wp:term":[{"taxonomy":"post_tag","embeddable":true,"href":"https:\/\/taizyagromachine.com\/nl\/wp-json\/wp\/v2\/tags?post=3385"},{"taxonomy":"product-type","embeddable":true,"href":"https:\/\/taizyagromachine.com\/nl\/wp-json\/wp\/v2\/product-type?post=3385"}],"curies":[{"name":"wp","href":"https:\/\/api.w.org\/{rel}","templated":true}]}}