{"id":3454,"date":"2022-09-21T08:14:33","date_gmt":"2022-09-21T08:14:33","guid":{"rendered":"https:\/\/taizyagromachine.com\/?post_type=product&#038;p=3454"},"modified":"2025-05-20T14:03:14","modified_gmt":"2025-05-20T06:03:14","slug":"corn-cleaning-machine","status":"publish","type":"product","link":"https:\/\/taizyagromachine.com\/nl\/product\/corn-cleaning-machine\/","title":{"rendered":"Ma\u00efs reinigingsmachine"},"content":{"rendered":"<p>De ma\u00efs schoonmaakmachine reinigt voornamelijk de ma\u00efskorrels na het dorsen, waardoor onzuiverheden in de ma\u00efs kunnen worden verwijderd en er schonere ma\u00efszaden worden verkregen. De Taizy ma\u00efsreiniger heeft de voordelen van eenvoudige bediening, gebruiksgemak en hoge effici\u00ebntie. Deze ma\u00efsreiniger kan zand, kleine stenen, ma\u00efskolven, enz. verwijderen om schone ma\u00efszaden te verkrijgen. Hierdoor kun je de ma\u00efs langer bewaren. Dus, als je ge\u00efnteresseerd bent, neem dan onmiddellijk contact met ons op!<\/p>    <figure class=\"wp-block-embed is-type-video is-provider-youtube wp-block-embed-youtube wp-embed-aspect-16-9 wp-has-aspect-ratio\"><div class=\"wp-block-embed__wrapper\"> <iframe loading=\"lazy\" title=\"Effici\u00ebnte ma\u00efs schoonmaakmachine voor ma\u00efsverwerking | Ma\u00efsreiniger gebruikt voor het schoonmaken van graanschermen\" width=\"500\" height=\"281\" src=\"https:\/\/www.youtube.com\/embed\/y8_33pFPUaI?feature=oembed\" frameborder=\"0\" allow=\"accelerometer; autoplay; clipboard-write; encrypted-media; gyroscope; picture-in-picture; web-share\" referrerpolicy=\"strict-origin-when-cross-origin\" allowfullscreen><\/iframe> <\/div><figcaption class=\"wp-element-caption\">video van ma\u00efs schoonmaakmachine<\/figcaption><\/figure>    <h2 class=\"wp-block-heading\"><strong>Structuur van ma\u00efsreinigingsapparatuur<\/strong><\/h2>    <p>Eigenlijk heeft deze ma\u00efsreinigingsmachine een zeer eenvoudige structuur. De samenstelling ervan bestaat uit de ma\u00efsinlaat, ma\u00efsuitlaat, onzuiverhedenuitlaat, zanduitlaat, steenuitlaat, ventilator, motor en riem. Hierdoor kunt u de machine gemakkelijk begrijpen en de machine goed en snel gebruiken. <\/p>    <figure class=\"wp-block-gallery aligncenter has-nested-images columns-default is-cropped wp-block-gallery-2 is-layout-flex wp-block-gallery-is-layout-flex\"> <figure class=\"wp-block-image size-full\"><img loading=\"lazy\" decoding=\"async\" width=\"720\" height=\"540\" data-id=\"3464\" src=\"https:\/\/taizyagromachine.com\/wp-content\/uploads\/2022\/09\/structure-of-the-maize-cleaner.webp\" alt=\"structuur-van-de-ma\u00efsreiniger\" class=\"wp-image-3464\"\/><figcaption class=\"wp-element-caption\">structuur van de ma\u00efsreiniger<\/figcaption><\/figure>    <figure class=\"wp-block-image size-full\"><img loading=\"lazy\" decoding=\"async\" width=\"720\" height=\"540\" data-id=\"3463\" src=\"https:\/\/taizyagromachine.com\/wp-content\/uploads\/2022\/09\/structure-of-the-corn-cleaner.webp\" alt=\"structuur-van-de-ma\u00efsreiniger\" class=\"wp-image-3463\"\/><figcaption class=\"wp-element-caption\">structuur van de ma\u00efsreiniger<\/figcaption><\/figure> <\/figure>    <h2 class=\"wp-block-heading\"><strong>Voordelen van Ma\u00efsreiniger<\/strong><\/h2>    <ol class=\"wp-block-list\"> <li>Eenvoudige structuur, eenvoudig gebruik en goede kwaliteit.<\/li>    <li>Stabiele prestaties, superkwaliteit en lange levensduur.<\/li>    <li>Lichtgewicht en klein volume. <\/li>    <li>Laag energieverbruik, energiebesparing.<\/li>    <li>Mooie uitstraling, sterke combinatie.<\/li>    <li>Hoge automatiseringsgraad.<\/li>    <li>Een bekend merk, de ma\u00efsreinigingsmachine wordt geproduceerd door Taizy Machinery.<\/li> <\/ol>    <h2 class=\"wp-block-heading\"><strong>Succesvol geval: 400-600 kg ma\u00efsreiniger ge\u00ebxporteerd naar Angola<\/strong><\/h2>    <p class=\"translation-block\">De klant uit Angola wilde de ma\u00efs reinigen zodat de kwaliteit van de korrels gegarandeerd kon worden, zowel voor verkoop als voor opslag. Daarom, toen hij zag dat we de relevante <a href=\"https:\/\/taizyagromachine.com\/nl\/product\/corn-machine\/\" target=\"_blank\" rel=\"noreferrer noopener\">ma\u00efsmachines<\/a> verkochten, vroeg hij of we zulke machines hadden. We weten dat na het dopen van de ma\u00efs met de <a href=\"https:\/\/taizyagromachine.com\/nl\/product\/maize-thresher\/\" target=\"_blank\" rel=\"noreferrer noopener\">ma\u00efsdorser<\/a>, er nog steeds diverse onzuiverheden in de ma\u00efs zitten (zoals ma\u00efswol, ma\u00efskolven, kleine steentjes, etc.). Daarom moet de ma\u00efs verder gereinigd worden. Onze salesmanager beval deze ma\u00efsreinigingsmachine aan hem aan en stuurde informatie over de machine (parameters, foto's, werkende video, configuratie, etc.). De Angolese klant was tevreden met de machine en plaatste meteen een bestelling.<\/p>   <div class=\"wp-block-image\"> <figure class=\"aligncenter size-full\"><img loading=\"lazy\" decoding=\"async\" width=\"720\" height=\"540\" src=\"https:\/\/taizyagromachine.com\/wp-content\/uploads\/2022\/09\/corn-cleaning-equipment.webp\" alt=\"apparatuur voor het reinigen van ma\u00efs\" class=\"wp-image-3477\"\/><figcaption class=\"wp-element-caption\">apparatuur voor het reinigen van ma\u00efs<\/figcaption><\/figure> <\/div>   <h2 class=\"wp-block-heading\"><strong>Parameters van ma\u00efskorrelreiniger<\/strong><\/h2>    <figure class=\"wp-block-table\"><table><tbody><tr><td>Model<\/td><td>TY-57<\/td><td>TY-100<\/td><\/tr><tr><td>Capaciteit<\/td><td>400-600kg<\/td><td>800-1200kg<\/td><\/tr><tr><td>Ondersteunende kracht<\/td><td>3kW<\/td><td>4kW<\/td><\/tr><tr><td>Grootte (L*B*H)<\/td><td>1,7*0,8*2,9m<\/td><td>1,9*1*3m<\/td><\/tr><tr><td>Gewicht<\/td><td>300 kg<\/td><td>\/<\/td><\/tr><\/tbody><\/table><\/figure>    <h2 class=\"wp-block-heading\"><strong>Veelgestelde vragen over Ma\u00efsreiniger<\/strong><\/h2>   <div id=\"rank-math-faq\" class=\"rank-math-block\"> <div class=\"rank-math-list\"> <div id=\"faq-question-1663750458497\" class=\"rank-math-list-item\"> <h3 class=\"rank-math-question\">Vraag 1: Is deze ma\u00efsreinigingsmachine alleen geschikt voor ma\u00efs?<\/h3> <div class=\"rank-math-answer\">  <p>A1: Ja, dat is zo. Deze ma\u00efsreinigingsapparatuur kan alleen voor de ma\u00efs worden gebruikt. Wilt u tarwe, gierst etc. schoonmaken, dan kunnen wij u een geschikt schoonmaakmiddel aanbevelen, neem dan contact met ons op en vertel ons wat u nodig heeft.  <\/p>  <\/div> <\/div> <div id=\"faq-question-1663750592473\" class=\"rank-math-list-item\"> <h3 class=\"rank-math-question\">Vraag 2: Wat is het voedingssysteem van de machine?<\/h3> <div class=\"rank-math-answer\">  <p>A2: Gewoonlijk gebruiken we de motor voor de ma\u00efsreiniger die te koop is.<\/p>  <\/div> <\/div> <div id=\"faq-question-1663750758008\" class=\"rank-math-list-item\"> <h3 class=\"rank-math-question\">Vraag 3: Hoe kan ik op mijn bestemming bezorgen?<\/h3> <div class=\"rank-math-answer\">  <p>A3: Over het algemeen gebruiken we de verzending. Als u andere eisen heeft, laat het ons dan weten. Wij doen ons best om u tevreden te stellen.<\/p>  <\/div> <\/div> <\/div> <\/div>   <h2 class=\"wp-block-heading\"><strong>Werkvideo van ma\u00efsreinigingsmachine<\/strong><\/h2>    <figure class=\"wp-block-embed is-type-video is-provider-youtube wp-block-embed-youtube wp-embed-aspect-16-9 wp-has-aspect-ratio\"><div class=\"wp-block-embed__wrapper\"> <iframe loading=\"lazy\" title=\"Effici\u00ebnte ma\u00efsreinigingsmachine | Ma\u00efsreinigingsapparatuur |Ma\u00efsreiniger van Taizy, 2022 #corn\" width=\"500\" height=\"281\" src=\"https:\/\/www.youtube.com\/embed\/M8XF9pRwodI?feature=oembed\" frameborder=\"0\" allow=\"accelerometer; autoplay; clipboard-write; encrypted-media; gyroscope; picture-in-picture; web-share\" referrerpolicy=\"strict-origin-when-cross-origin\" allowfullscreen><\/iframe> <\/div><\/figure>","protected":false},"excerpt":{"rendered":"<p>The corn cleaning machine mainly cleans the corn kernels after threshing, which can remove the impurities in the corn and get a cleaner corn seed. Taizy corn cleaner has the advantages of simple operation, easy use, and high efficiency. This maize cleaner can remove sand, small stones, corn cobs, etc. for getting clean corn seeds. [&hellip;]<\/p>\n","protected":false},"author":1,"featured_media":3455,"parent":0,"template":"","tags":[196,195],"product-type":[17],"class_list":["post-3454","product","type-product","status-publish","has-post-thumbnail","hentry","tag-corn-cleaning-machine","tag-corn-thresher","product-type-corn-machine"],"_links":{"self":[{"href":"https:\/\/taizyagromachine.com\/nl\/wp-json\/wp\/v2\/product\/3454","targetHints":{"allow":["GET"]}}],"collection":[{"href":"https:\/\/taizyagromachine.com\/nl\/wp-json\/wp\/v2\/product"}],"about":[{"href":"https:\/\/taizyagromachine.com\/nl\/wp-json\/wp\/v2\/types\/product"}],"author":[{"embeddable":true,"href":"https:\/\/taizyagromachine.com\/nl\/wp-json\/wp\/v2\/users\/1"}],"wp:featuredmedia":[{"embeddable":true,"href":"https:\/\/taizyagromachine.com\/nl\/wp-json\/wp\/v2\/media\/3455"}],"wp:attachment":[{"href":"https:\/\/taizyagromachine.com\/nl\/wp-json\/wp\/v2\/media?parent=3454"}],"wp:term":[{"taxonomy":"post_tag","embeddable":true,"href":"https:\/\/taizyagromachine.com\/nl\/wp-json\/wp\/v2\/tags?post=3454"},{"taxonomy":"product-type","embeddable":true,"href":"https:\/\/taizyagromachine.com\/nl\/wp-json\/wp\/v2\/product-type?post=3454"}],"curies":[{"name":"wp","href":"https:\/\/api.w.org\/{rel}","templated":true}]}}