{"id":3644,"date":"2022-10-11T13:50:29","date_gmt":"2022-10-11T05:50:29","guid":{"rendered":"https:\/\/taizyagromachine.com\/?post_type=product&#038;p=3644"},"modified":"2025-01-02T13:53:27","modified_gmt":"2025-01-02T05:53:27","slug":"corn-threshing-machine","status":"publish","type":"product","link":"https:\/\/taizyagromachine.com\/nl\/product\/corn-threshing-machine\/","title":{"rendered":"Multifunctionele ma\u00efsdorsmachine"},"content":{"rendered":"<p class=\"translation-block\">De Taizy ma\u00efsdorsmachine behoort eigenlijk tot de <a href=\"https:\/\/taizyagromachine.com\/nl\/product\/multifunctional-thresher\/\" target=\"_blank\" rel=\"noreferrer noopener\">multifunctionele graandorsmachine<\/a>, gebruikt voor het dorsen van ma\u00efs, sorghum, gierst en sojabonen. De multifunctionele dorsmachine kan een elektromotor, dieselmotor en aftakas als energiesysteem gebruiken. Bovendien kan de te koop staande ma\u00efsdorsmachine worden uitgerust met grote banden, wat de voorkeur geniet van Afrikaanse klanten. <\/p>    <p class=\"translation-block\">Daarnaast is onze multifunctionele dorsmachine zowel nationaal als internationaal erg populair. We hebben ge\u00ebxporteerd naar vele landen, zoals Nigeria, Botswana, Oeganda, de Verenigde Staten, Bangladesh, <a href=\"https:\/\/taizyagromachine.com\/nl\/info\/corn-sheller-machine-ghana\/\" target=\"_blank\" rel=\"noreferrer noopener\">Ghana<\/a>, enz. Als u ge\u00efnteresseerd bent, neem dan contact met ons op voor meer informatie!<\/p>    <h2 class=\"wp-block-heading\"><strong>Soorten ma\u00efsdorsmachines <\/strong><\/h2>    <p class=\"translation-block\">Als <a href=\"https:\/\/taizyagromachine.com\/nl\/about-us\/\" target=\"_blank\" rel=\"noreferrer noopener\">professionele fabrikant en leverancier van ma\u00efsdorsmachines<\/a> hebben we verschillende machine-uitvoeringen ter referentie. Hieronder worden drie typen getoond: respectievelijk het standaardtype, het aftakastype met grote banden en het dieselmotortype met grote banden. Uiteraard kunt u ook kiezen voor de elektromotor als aandrijving. Het hangt af van uw voorkeur. <\/p>    <figure class=\"wp-block-gallery aligncenter has-nested-images columns-default is-cropped wp-block-gallery-2 is-layout-flex wp-block-gallery-is-layout-flex\"> <figure class=\"wp-block-image size-large\"><img loading=\"lazy\" decoding=\"async\" width=\"720\" height=\"540\" data-id=\"3648\" src=\"https:\/\/taizyagromachine.com\/wp-content\/uploads\/2022\/10\/corn-thresher-for-sale.webp\" alt=\"ma\u00efsdorsmachine te koop\" class=\"wp-image-3648\"\/><figcaption class=\"wp-element-caption\">ma\u00efsdorser te koop<\/figcaption><\/figure>    <figure class=\"wp-block-image size-large\"><img loading=\"lazy\" decoding=\"async\" width=\"720\" height=\"540\" data-id=\"3650\" src=\"https:\/\/taizyagromachine.com\/wp-content\/uploads\/2022\/10\/corn-threshing-machine-with-PTO-and-tire.webp\" alt=\"ma\u00efsdorsmachine-met-aftakas-en-band\" class=\"wp-image-3650\"\/><figcaption class=\"wp-element-caption\">ma\u00efsdorsmachine met aftakas en band<\/figcaption><\/figure>    <figure class=\"wp-block-image size-large\"><img loading=\"lazy\" decoding=\"async\" width=\"720\" height=\"540\" data-id=\"3649\" src=\"https:\/\/taizyagromachine.com\/wp-content\/uploads\/2022\/10\/maize-thresher-with-the-diesel-engine-and-tire-.webp\" alt=\"ma\u00efsdorsmachine-met-de-dieselmotor-en-band-\" class=\"wp-image-3649\"\/><figcaption class=\"wp-element-caption\">ma\u00efsdorsmachine met dieselmotor en band <\/figcaption><\/figure> <\/figure>    <h2 class=\"wp-block-heading\"><strong>Toepassingen van de 5T-1000 meerkorrelige ma\u00efsdorsmachine<\/strong><\/h2>    <div class=\"wp-block-media-text alignwide is-stacked-on-mobile\"><figure class=\"wp-block-media-text__media\"><img loading=\"lazy\" decoding=\"async\" width=\"540\" height=\"600\" src=\"https:\/\/taizyagromachine.com\/wp-content\/uploads\/2022\/10\/applications-of-the-mutifunctional-thresher-machine.webp\" alt=\"toepassingen van de multifunctionele dorsmachine\" class=\"wp-image-3656 size-full\"\/><\/figure><div class=\"wp-block-media-text__content\"> <p>Vanwege zijn multifunctionele functies is dit soort ma\u00efsdorsmachine voornamelijk bedoeld voor ma\u00efs, sorghum, gierst en sojabonen. Het is ook geschikt voor het dorsen van tuinbonen, parelgierst, rijst, tarwe, kikkererwten, enz. <\/p> <\/div><\/div>    <h2 class=\"wp-block-heading\"><strong>Structuur van de <a href=\"https:\/\/cornmachines.com\/multifunctional-thresher-machine\/\" target=\"_blank\" rel=\"noreferrer noopener\">Multifunctionele ma\u00efsdorsmachine te koop<\/a><\/strong><\/h2>    <p>De structuur is heel duidelijk in de onderstaande afbeelding. De ma\u00efsdorsmachine is gemaakt van de inlaat, uitlaat, dubbele ventilatoren, grote wielen, vasthoudgedeelte en voedingssysteem (PTO). Houd er rekening mee dat deze machine 3 zeven en 2 ventilatoren heeft, waardoor u schonere ma\u00efs krijgt.<\/p>   <div class=\"wp-block-image\"> <figure class=\"aligncenter size-full\"><img loading=\"lazy\" decoding=\"async\" width=\"720\" height=\"540\" src=\"https:\/\/taizyagromachine.com\/wp-content\/uploads\/2022\/10\/structure-of-the-corn-thresher-machine.webp\" alt=\"structuur van de ma\u00efsdorsmachine\" class=\"wp-image-3658\"\/><figcaption class=\"wp-element-caption\">structuur van de ma\u00efsdorsmachine<\/figcaption><\/figure> <\/div>   <h2 class=\"wp-block-heading\"><strong>Wat be\u00efnvloedt de prijs van de ma\u00efsdorsmachine?<\/strong><\/h2>    <ul class=\"wp-block-list\"> <li><strong>Machineconfiguratie<\/strong>. Het is heel gemakkelijk te begrijpen. Als je een ma\u00efsdorsmachine zonder banden wilt kopen, moet deze veel goedkoper zijn dan \u00e9\u00e9n machine met grote banden.<\/li>    <li><strong>Machine-energiesysteem<\/strong>. Omdat dit soort multifunctionele ma\u00efsdorsers drie krachten kan gebruiken, heeft elke soort een andere prijs. <\/li>    <li><strong>De bezorgafstand<\/strong>. Als je het naar Nigeria of Ghana wilt sturen, zijn de afstanden verschillend. De transportkosten zijn uiteraard anders.<\/li> <\/ul>    <h2 class=\"wp-block-heading\"><strong>Voordelen van de multifunctionele dorsmachine<\/strong><\/h2>    <ol class=\"wp-block-list\"> <li>Drie aandrijfsystemen: aftakas, dieselmotor en elektromotor.<\/li>    <li>Grote banden en frame, gemakkelijk te verplaatsen.<\/li>    <li>Multifunctioneel: wordt gebruikt voor het dorsen van ma\u00efs, sorghum, gierst en sojabonen. <\/li>    <li>Hoog rendement, flexibele voedingsopties.<\/li> <\/ol>    <h2 class=\"wp-block-heading\"><strong>Succesvolle case: grote multifunctionele ma\u00efsdorsmachine verkocht aan Bangladesh<\/strong><\/h2>    <div class=\"wp-block-media-text alignwide is-stacked-on-mobile\"><figure class=\"wp-block-media-text__media\"><img loading=\"lazy\" decoding=\"async\" width=\"540\" height=\"600\" src=\"https:\/\/taizyagromachine.com\/wp-content\/uploads\/2022\/10\/package.webp\" alt=\"pakket\" class=\"wp-image-3659 size-full\"\/><\/figure><div class=\"wp-block-media-text__content\"> <p>De klant uit Bangladesh wilde een ma\u00efsdorsmachine kopen en nam contact met ons op nadat hij onze machine had gezien tijdens het online zoeken.<\/p>    <p>Tijdens het surfen op onze website zag hij deze multifunctionele machine en was hier meer in ge\u00efnteresseerd. En door de introductie van onze salesmanager Anna wist hij dat deze machine multifunctioneel is en wilde hij hem nog vaker kopen.<\/p>    <p>Tenslotte bestelde de klant uit Bangladesh een rode dorsmachine met grote wielen.<\/p> <\/div><\/div>    <h2 class=\"wp-block-heading\"><strong>Werkvideo van grote ma\u00efsdorsmachine<\/strong><\/h2>    <figure class=\"wp-block-embed is-type-video is-provider-youtube wp-block-embed-youtube wp-embed-aspect-16-9 wp-has-aspect-ratio\"><div class=\"wp-block-embed__wrapper\"> <iframe loading=\"lazy\" title=\"Grote multifunctionele graandorsmachine voor ma\u00efs\/ma\u00efs, sorghum, sojabonen, gierst, rijst, tarwe\" width=\"500\" height=\"281\" src=\"https:\/\/www.youtube.com\/embed\/6AIQ2-hvsdY?start=4&#038;feature=oembed\" frameborder=\"0\" allow=\"accelerometer; autoplay; clipboard-write; encrypted-media; gyroscope; picture-in-picture; web-share\" referrerpolicy=\"strict-origin-when-cross-origin\" allowfullscreen><\/iframe> <\/div><\/figure>    <h2 class=\"wp-block-heading\"><strong>Technische parameters van de ma\u00efsdorsmachine<\/strong><\/h2>    <figure class=\"wp-block-table\"><table><tbody><tr><td>Model<\/td><td>5T-1000<\/td><\/tr><tr><td>Sollicitatie<\/td><td>Ma\u00efs, sorghum, gierst, sojabonen<\/td><\/tr><tr><td>Stroom<\/td><td>12 pk dieselmotor<\/td><\/tr><tr><td>Snelheid hoofdas<\/td><td>550\u2013620 tpm<\/td><\/tr><tr><td>Capaciteit<\/td><td>Ma\u00efs: 2-4t\/u<br>Sorghum, gierst: 1-2t\/u<br>Sojabonen: 0,5-0,8 ton\/uur<\/td><\/tr><tr><td>Zeef<\/td><td>3 stuks<br>Ma\u00efszeef: \u03c618mm<br>Sorghum, gierstzeef: \u03c66mm<br>Sojaboon: \u03c612mm<\/td><\/tr><tr><td>Gewicht<\/td><td>650 kg<\/td><\/tr><tr><td>Totale maat<\/td><td>3400*2100*1980mm<\/td><\/tr><tr><td>Verpakkingsgrootte<\/td><td>2800*740*1400mm<\/td><\/tr><\/tbody><\/table><\/figure>","protected":false},"excerpt":{"rendered":"<p>Taizy corn threshing machine actually belongs to the multifunctional grain thresher, used for shelling maize, sorghum, millet, and soybean. The multifunctional thresher machine can use an electric motor, diesel engine, and PTO as the power system. Besides, the corn thresher machine for sale can be equipped with big tyres, which is preferred by African customers. [&hellip;]<\/p>\n","protected":false},"author":1,"featured_media":3661,"parent":0,"template":"","tags":[195,197,198],"product-type":[17],"class_list":["post-3644","product","type-product","status-publish","has-post-thumbnail","hentry","tag-corn-thresher","tag-corn-threshing-machine","tag-multifunctional-thresher","product-type-corn-machine"],"_links":{"self":[{"href":"https:\/\/taizyagromachine.com\/nl\/wp-json\/wp\/v2\/product\/3644","targetHints":{"allow":["GET"]}}],"collection":[{"href":"https:\/\/taizyagromachine.com\/nl\/wp-json\/wp\/v2\/product"}],"about":[{"href":"https:\/\/taizyagromachine.com\/nl\/wp-json\/wp\/v2\/types\/product"}],"author":[{"embeddable":true,"href":"https:\/\/taizyagromachine.com\/nl\/wp-json\/wp\/v2\/users\/1"}],"wp:featuredmedia":[{"embeddable":true,"href":"https:\/\/taizyagromachine.com\/nl\/wp-json\/wp\/v2\/media\/3661"}],"wp:attachment":[{"href":"https:\/\/taizyagromachine.com\/nl\/wp-json\/wp\/v2\/media?parent=3644"}],"wp:term":[{"taxonomy":"post_tag","embeddable":true,"href":"https:\/\/taizyagromachine.com\/nl\/wp-json\/wp\/v2\/tags?post=3644"},{"taxonomy":"product-type","embeddable":true,"href":"https:\/\/taizyagromachine.com\/nl\/wp-json\/wp\/v2\/product-type?post=3644"}],"curies":[{"name":"wp","href":"https:\/\/api.w.org\/{rel}","templated":true}]}}