{"id":3756,"date":"2022-10-19T13:17:50","date_gmt":"2022-10-19T05:17:50","guid":{"rendered":"https:\/\/taizyagromachine.com\/?post_type=product&#038;p=3756"},"modified":"2025-01-02T13:54:48","modified_gmt":"2025-01-02T05:54:48","slug":"small-rice-milling-machine","status":"publish","type":"product","link":"https:\/\/taizyagromachine.com\/nl\/product\/small-rice-milling-machine\/","title":{"rendered":"Kleine rijstfreesmachine"},"content":{"rendered":"<p class=\"translation-block\">De rijstmolen wordt gebruikt om witte rijst te produceren, voor commercieel en thuisgebruik. Deze rijstmolenmachine is kosteneffectief, van goede kwaliteit en duurzaam. Bovendien kan deze machine worden aangedreven door een elektromotor of een dieselmotor. In tegenstelling tot de <a href=\"https:\/\/taizyagromachine.com\/nl\/product\/rice-mill\/\" target=\"_blank\" rel=\"noreferrer noopener\">rijstmolen<\/a>, is deze Taizy rijstmolenmachine een kleine machine, die vaak wordt gebruikt in huishoudens, kleine winkels, enz. <\/p>    <p class=\"translation-block\">Taizy rijstmolenmachines zijn ge\u00ebxporteerd naar de VS, Mauritani\u00eb, Burkina Faso, Guinee, Nigeria, Mozambique, enz. Als u ge\u00efnteresseerd bent in dit type machine, neem dan <a href=\"https:\/\/taizyagromachine.com\/nl\/contact\/\" target=\"_blank\" rel=\"noreferrer noopener\">contact met ons op<\/a>!<\/p>    <h2 class=\"wp-block-heading\"><strong>Soorten rijstfreesmachines<\/strong><\/h2>    <p>Als professionele fabrikant en producent van rijstfreesmachines hebben we een breed scala aan modellen rijstmolenmachines. We hebben vier soorten rijstmolens: SB-05D, SB-10D, SB-30D en SB-50D. Het vermogen en het gewicht van elk model zijn verschillend.<\/p>    <p>Qua uiterlijk zijn onze rijstmolens leverbaar in diverse uitvoeringen, gangbare modellen, met cycloon, met stoffen zakken etc. Kortom het is afhankelijk van jouw wensen. Als u speciale en redelijke behoeften heeft, zullen onze machines u zeker tevreden stellen.<\/p>    <p class=\"translation-block\"><strong>Normale mini rijstmolenmachine<\/strong><\/p>    <figure class=\"wp-block-gallery aligncenter has-nested-images columns-default is-cropped wp-block-gallery-2 is-layout-flex wp-block-gallery-is-layout-flex\"> <figure class=\"wp-block-image size-large\"><img loading=\"lazy\" decoding=\"async\" width=\"540\" height=\"720\" data-id=\"3789\" src=\"https:\/\/taizyagromachine.com\/wp-content\/uploads\/2022\/10\/rice-husk-miller.webp\" alt=\"rijstschil-molenaar\" class=\"wp-image-3789\"\/><figcaption>molenaar van rijstschillen<\/figcaption><\/figure>    <figure class=\"wp-block-image size-large\"><img loading=\"lazy\" decoding=\"async\" width=\"540\" height=\"720\" data-id=\"3788\" src=\"https:\/\/taizyagromachine.com\/wp-content\/uploads\/2022\/10\/rice-husker.webp\" alt=\"rijst-schiller\" class=\"wp-image-3788\"\/><figcaption>rijstschil<\/figcaption><\/figure> <\/figure>    <p class=\"translation-block\"><strong>Rijstmolenmachine met cycloon<\/strong><\/p>    <figure class=\"wp-block-gallery aligncenter has-nested-images columns-default is-cropped wp-block-gallery-3 is-layout-flex wp-block-gallery-is-layout-flex\"> <figure class=\"wp-block-image size-large\"><img loading=\"lazy\" decoding=\"async\" width=\"540\" height=\"720\" data-id=\"3790\" src=\"https:\/\/taizyagromachine.com\/wp-content\/uploads\/2022\/10\/mini-rice-miller.webp\" alt=\"mini-rijstmolenaar\" class=\"wp-image-3790\"\/><figcaption>mini-rijstmolenaar<\/figcaption><\/figure>    <figure class=\"wp-block-image size-large\"><img loading=\"lazy\" decoding=\"async\" width=\"540\" height=\"720\" data-id=\"3791\" src=\"https:\/\/taizyagromachine.com\/wp-content\/uploads\/2022\/10\/rice-mini-milling-machine-with-the-cyclone.webp\" alt=\"rijst-mini-freesmachine-met-de-cycloon\" class=\"wp-image-3791\"\/><figcaption>rijst mini-freesmachine <\/figcaption><\/figure> <\/figure>    <p class=\"translation-block\"><strong>Gecombineerde rijstverwerkingsmachine<\/strong><\/p>    <figure class=\"wp-block-gallery aligncenter has-nested-images columns-default is-cropped wp-block-gallery-4 is-layout-flex wp-block-gallery-is-layout-flex\"> <figure class=\"wp-block-image size-large\"><img loading=\"lazy\" decoding=\"async\" width=\"540\" height=\"850\" data-id=\"3793\" src=\"https:\/\/taizyagromachine.com\/wp-content\/uploads\/2022\/10\/combined-rice-mill.webp\" alt=\"gecombineerde rijstmolen\" class=\"wp-image-3793\"\/><figcaption>gecombineerde rijstmolen<\/figcaption><\/figure>    <figure class=\"wp-block-image size-large\"><img loading=\"lazy\" decoding=\"async\" width=\"540\" height=\"850\" data-id=\"3794\" src=\"https:\/\/taizyagromachine.com\/wp-content\/uploads\/2022\/10\/combined-rice-processing-machine.webp\" alt=\"gecombineerde rijstverwerkingsmachine\" class=\"wp-image-3794\"\/><figcaption>gecombineerde rijstverwerkingsmachine<\/figcaption><\/figure> <\/figure>    <h2 class=\"wp-block-heading\"><strong>Voordelen van commerci\u00eble rijstfreesmachine<\/strong><\/h2>    <ol class=\"wp-block-list\"><li>Deze kleine rijstfreesmachine van Taizy heeft een redelijke structuur en passende indeling, wat zeer gebruiksvriendelijk is.<\/li><li>De output van deze kleine rijstpolijstmachine varieert van 400-2300 kg per uur, met een breed scala aan opties om tijd te besparen.<\/li><li>De witte rijst die deze machine produceert voldoet aan de nationale voedselveiligheidsvoorschriften en is rijst van hoge kwaliteit.<\/li><li>Taizy rijstverwerkingsmachine produceert schone rijstschillen, lage rijstbreuksnelheid en een zeer goed schileffect.<\/li><li>Deze rijstpelmachine kan de elektrische motor of de dieselmotor als vermogen kiezen, wat optioneel is.<\/li><\/ol>    <h2 class=\"wp-block-heading\"><strong>Factoren die de prijs van rijstfreesmachines be\u00efnvloeden<\/strong><\/h2>    <p>Onze Taizy kleine rijstfreesmachine is compact en redelijk van structuur en heeft een concurrerende prijs op de markt voor rijstfreesmachines. Maar de prijs wordt be\u00efnvloed door de volgende aspecten (inclusief maar niet beperkt tot).<\/p>    <p class=\"translation-block\"><strong>De modellen zijn verschillend<\/strong>. Ervan uitgaande dat het geselecteerde vermogen hetzelfde is, kies verschillende modellen, de output, grootte, enz. van de machine zijn verschillend, dus de prijs van de machine is ook anders.<\/p>    <p class=\"translation-block\"><strong>Keuze van het vermogen<\/strong>. Kies bijvoorbeeld het type rijstmolenmachine SB-30D, omdat dit type kan worden uitgerust met een motor en een dieselmotor, maar de prijs van beide is verschillend. Dus de prijs van de machine zal ook verschillend zijn.<\/p>    <p class=\"translation-block\"><strong>Groothandel machine<\/strong>. Omdat deze <a href=\"https:\/\/en.wikipedia.org\/wiki\/Rice_huller\" target=\"_blank\" rel=\"noreferrer noopener\">rijsthullermachine<\/a> relatief klein is, verkopen we deze meestal in de groothandel. De prijs van de machine wanneer deze in de groothandel wordt verkocht, verschilt ook van de prijs van het individueel kopen van de machine.<\/p>   <div class=\"wp-block-image\"> <figure class=\"aligncenter size-full\"><img loading=\"lazy\" decoding=\"async\" width=\"720\" height=\"540\" src=\"https:\/\/taizyagromachine.com\/wp-content\/uploads\/2022\/10\/wholesale-rice-milling-machine.webp\" alt=\"groothandel rijstfreesmachine\" class=\"wp-image-3784\"\/><figcaption>groothandel rijstfreesmachine<\/figcaption><\/figure> <\/div>   <h2 class=\"wp-block-heading\"><strong>Slijtonderdelen van de rijstverwerkingsmachine<\/strong><\/h2>    <div class=\"wp-block-media-text alignwide is-stacked-on-mobile\"><figure class=\"wp-block-media-text__media\"><img loading=\"lazy\" decoding=\"async\" width=\"540\" height=\"720\" src=\"https:\/\/taizyagromachine.com\/wp-content\/uploads\/2022\/10\/wearing-parts-of-the-rice-processing-machine.webp\" alt=\"slijtdelen van de rijstverwerkingsmachine\" class=\"wp-image-3763 size-full\"\/><\/figure><div class=\"wp-block-media-text__content\"> <p>Rubberen rol: 2 stks\/set<\/p>    <p>Ijzeren rol: 1 stk\/set<\/p>    <p>Transportkop: 1 stk\/set <\/p>    <p>Zeef: 2 stks\/set<\/p>    <p>Zeshoekige riem: 3 stks\/set<\/p>    <p>Dit zijn de verbruiksonderdelen wanneer u de rijstmolenmachine gebruikt. Let dus op deze onderdelen. U kunt ook extra reserveonderdelen kopen als u klaar bent.<\/p> <\/div><\/div>    <h2 class=\"wp-block-heading\"><strong>Succesvolle case: mini-rijstfreesmachine verkocht aan Mozambique<\/strong><\/h2>    <p>In juni van dit jaar nam een \u200b\u200bklant uit Mozambique contact met ons op en stuurde ons via WhatsApp een vraag over de huishoudelijke rijstmolenaar. Hij is distributeur en verkoopt diverse rijstfreesmachines in de regio. Onze manager Winnie gaf hem informatie over de machine. Nadat hij ernaar had gekeken, bestelde hij voor het eerst 5 eenheden en zei dat hij zou blijven bestellen als het goed werkte. In oktober van dit jaar bestelde hij nog eens tien exemplaren.<\/p>    <figure class=\"wp-block-gallery aligncenter has-nested-images columns-default is-cropped wp-block-gallery-5 is-layout-flex wp-block-gallery-is-layout-flex\"> <figure class=\"wp-block-image size-full\"><img loading=\"lazy\" decoding=\"async\" width=\"720\" height=\"540\" data-id=\"3759\" src=\"https:\/\/taizyagromachine.com\/wp-content\/uploads\/2022\/10\/rice-milling-machine-for-sale.webp\" alt=\"rijstfreesmachine te koop\" class=\"wp-image-3759\"\/><figcaption>rijstfreesmachine te koop<\/figcaption><\/figure>    <figure class=\"wp-block-image size-full\"><img loading=\"lazy\" decoding=\"async\" width=\"720\" height=\"540\" data-id=\"3758\" src=\"https:\/\/taizyagromachine.com\/wp-content\/uploads\/2022\/10\/packages.webp\" alt=\"pakketten\" class=\"wp-image-3758\"\/><figcaption>pakketten<\/figcaption><\/figure> <\/figure>    <h2 class=\"wp-block-heading\"><strong>Technische parameters van de rijstfreesmachine te koop<\/strong><\/h2>    <figure class=\"wp-block-table\"><table><tbody><tr><td>Model<\/td><td>SB-05D<\/td><td>SB-10D<\/td><td>SB-30D<\/td><td>SB-50D<\/td><\/tr><tr><td>Stroom<\/td><td>Dieselmotor van 10 pk \/ motor van 5,5 kW<\/td><td>15 pk dieselmotor\/11 kW motor<\/td><td>&nbsp;&nbsp;&nbsp;&nbsp;18 pk dieselmotor\/15 kW motor<\/td><td>Dieselmotor van 30 pk\/motor van 22 kW<\/td><\/tr><tr><td>Capaciteit<\/td><td>400-600kg\/u<\/td><td>700-1000kg\/u<\/td><td>&nbsp;&nbsp;&nbsp;1100-1500kg\/u<\/td><td>1800-2300kg\/u<\/td><\/tr><tr><td>Nettogewicht<\/td><td>130 kg<\/td><td>230 kg<\/td><td>&nbsp;&nbsp;&nbsp;&nbsp;&nbsp;270 kg<\/td><td>530 kg<\/td><\/tr><tr><td>Bruto gewicht<\/td><td>160 kg<\/td><td>&nbsp;285 kg<\/td><td>&nbsp;&nbsp;&nbsp;&nbsp;&nbsp;300 kg<\/td><td>580 kg<\/td><\/tr><tr><td>Totale grootte<\/td><td>860*692*1290mm<\/td><td>760*730*1735mm<\/td><td>1070*760*1760mm<\/td><td>2400*1080*2080mm<\/td><\/tr><tr><td>AANTAL\/20GP laden<\/td><td>27 sets<\/td><td>24 sets<\/td><td>18 sets<\/td><td>12 sets<\/td><\/tr><\/tbody><\/table><\/figure>    <h2 class=\"wp-block-heading\"><strong>Werkvideo van de Taizy rijstfreesmachine<\/strong><\/h2>    <p><\/p>    <figure class=\"wp-block-embed is-type-video is-provider-youtube wp-block-embed-youtube wp-embed-aspect-16-9 wp-has-aspect-ratio\"><div class=\"wp-block-embed__wrapper\"> <iframe loading=\"lazy\" title=\"Beste kleine rijstfreesmachine | Rijstmolenmachine voor thuis #ricemillmachine\" width=\"500\" height=\"281\" src=\"https:\/\/www.youtube.com\/embed\/oXby4Zx-N4s?feature=oembed\" frameborder=\"0\" allow=\"accelerometer; autoplay; clipboard-write; encrypted-media; gyroscope; picture-in-picture; web-share\" referrerpolicy=\"strict-origin-when-cross-origin\" allowfullscreen><\/iframe> <\/div><\/figure>","protected":false},"excerpt":{"rendered":"<p>The rice milling machine uses to produce white rice, for commercial and home use. This rice miller machine is cost-effective, good quality, and durable. Besides, this machine can be powered by an electric motor or diesel engine. Unlike the rice milling unit, this Taizy rice mill machine is a small machine, which is often used [&hellip;]<\/p>\n","protected":false},"author":1,"featured_media":3783,"parent":0,"template":"","tags":[35,56,57],"product-type":[18],"class_list":["post-3756","product","type-product","status-publish","has-post-thumbnail","hentry","tag-rice-mill","tag-rice-mill-machine","tag-rice-milling-machine","product-type-rice-mill"],"_links":{"self":[{"href":"https:\/\/taizyagromachine.com\/nl\/wp-json\/wp\/v2\/product\/3756","targetHints":{"allow":["GET"]}}],"collection":[{"href":"https:\/\/taizyagromachine.com\/nl\/wp-json\/wp\/v2\/product"}],"about":[{"href":"https:\/\/taizyagromachine.com\/nl\/wp-json\/wp\/v2\/types\/product"}],"author":[{"embeddable":true,"href":"https:\/\/taizyagromachine.com\/nl\/wp-json\/wp\/v2\/users\/1"}],"wp:featuredmedia":[{"embeddable":true,"href":"https:\/\/taizyagromachine.com\/nl\/wp-json\/wp\/v2\/media\/3783"}],"wp:attachment":[{"href":"https:\/\/taizyagromachine.com\/nl\/wp-json\/wp\/v2\/media?parent=3756"}],"wp:term":[{"taxonomy":"post_tag","embeddable":true,"href":"https:\/\/taizyagromachine.com\/nl\/wp-json\/wp\/v2\/tags?post=3756"},{"taxonomy":"product-type","embeddable":true,"href":"https:\/\/taizyagromachine.com\/nl\/wp-json\/wp\/v2\/product-type?post=3756"}],"curies":[{"name":"wp","href":"https:\/\/api.w.org\/{rel}","templated":true}]}}