{"id":4091,"date":"2022-11-21T11:05:17","date_gmt":"2022-11-21T03:05:17","guid":{"rendered":"https:\/\/taizyagromachine.com\/?post_type=product&#038;p=4091"},"modified":"2025-01-02T13:50:30","modified_gmt":"2025-01-02T05:50:30","slug":"corn-sheller-maize-threshing-machine","status":"publish","type":"product","link":"https:\/\/taizyagromachine.com\/nl\/product\/corn-sheller-maize-threshing-machine\/","title":{"rendered":"Ma\u00efsschiller | Ma\u00efs dorsmachine"},"content":{"rendered":"<p class=\"translation-block\">De ma\u00efsdorser is speciaal ontworpen voor het dorsen van ma\u00efs, wat gunstig is voor ma\u00efstelers. Deze <a href=\"https:\/\/taizyagromachine.com\/nl\/product\/multifunctional-thresher\/\" target=\"_blank\" rel=\"noreferrer noopener\">ma\u00efsdorser<\/a> is eenvoudig van structuur en zeer effici\u00ebnt, in staat om 3-4 ton ma\u00efs per uur te dorsen, waardoor hij ideaal is voor kleine of middelgrote ma\u00efstelers. Bovendien is deze <a href=\"https:\/\/cornmachines.com\/corn-sheller-machine\/\" target=\"_blank\" rel=\"noreferrer noopener\">ma\u00efsdorsmachine<\/a> zeer kosteneffectief, goedkoop en van goede kwaliteit tegelijk.<\/p>    <p>Daarom is deze ma\u00efsdorsmachine erg populair op de binnenlandse en buitenlandse markten, zoals Nigeria, de Filippijnen, Kenia, enz. Zijn de landen die we willen exporteren.<\/p>    <h2 class=\"wp-block-heading\"><strong>Soorten ma\u00efsschiller te koop<\/strong><\/h2>    <div class=\"wp-block-columns is-layout-flex wp-container-core-columns-is-layout-9d6595d7 wp-block-columns-is-layout-flex\"> <div class=\"wp-block-column is-layout-flow wp-block-column-is-layout-flow\"><div class=\"wp-block-image\"> <figure class=\"aligncenter size-full\"><img loading=\"lazy\" decoding=\"async\" width=\"540\" height=\"600\" src=\"https:\/\/taizyagromachine.com\/wp-content\/uploads\/2022\/11\/corn-sheller-machine-for-sale.webp\" alt=\"ma\u00efsschillermachine te koop\" class=\"wp-image-4099\"\/><figcaption class=\"wp-element-caption\">ma\u00efsschillermachine te koop<\/figcaption><\/figure> <\/div><\/div>    <div class=\"wp-block-column is-layout-flow wp-block-column-is-layout-flow\"> <p><\/p>    <p>Deze ma\u00efsschilmachine van Taizy is ontworpen volgens de behoeften van de meeste ma\u00efstelers en is zeer selectief. De ma\u00efsschillermachine kan worden uitgerust met een elektromotor, benzinemotor en dieselmotor om krachtondersteuning te bieden. De bijbehorende aandrijfeenheid kan worden afgestemd op de behoeften van de klant.<\/p>    <p>Bovendien kan deze machine, zoals u op de foto kunt zien, worden uitgerust met kleine wielen, die erg gemakkelijk te verplaatsen zijn. Er zijn ook beugels waarmee gebruikers de machine gemakkelijker kunnen gebruiken.<\/p>    <p>Onze ma\u00efsschillermachine levert uitstekende prestaties bij het dorsen van ma\u00efs met een hoge schilsnelheid, met als doel schone en hele ma\u00efskorrels te verkrijgen. Het is dus een goede hulp voor de boeren. Als u ge\u00efnteresseerd bent, neem dan gerust contact met ons op!<\/p> <\/div> <\/div>    <h2 class=\"wp-block-heading\"><strong>Machineontwerp voor ma\u00efsschiller<\/strong><\/h2>    <p>Zoals u op de onderstaande afbeeldingen kunt zien, is ons machineontwerp heel eenvoudig en bestaat het voornamelijk uit ma\u00efsinlaat, ma\u00efsuitlaat, ma\u00efszaaduitlaat, voedingssysteem, beugel, enz. Het is erg handig en gemakkelijk te gebruiken. <\/p>    <p>De ma\u00efsdorsmachine als geheel ziet er eenvoudig en mooi uit, zeer aantrekkelijk, en deze machine heeft een goede prijs-kwaliteitsverhouding en is zeer geschikt voor de groothandel.<\/p>   <div class=\"wp-block-image\"> <figure class=\"aligncenter size-full\"><img loading=\"lazy\" decoding=\"async\" width=\"720\" height=\"540\" src=\"https:\/\/taizyagromachine.com\/wp-content\/uploads\/2022\/11\/corn-sheller-machine-structure.webp\" alt=\"ma\u00efs sheller machinestructuur\" class=\"wp-image-4104\"\/><figcaption class=\"wp-element-caption\">ma\u00efs sheller machinestructuur<\/figcaption><\/figure> <\/div>   <h2 class=\"wp-block-heading\"><strong>Hoe werkt de Corn Sheller?<\/strong><\/h2>    <p>Het werkingsprincipe is eigenlijk heel gemakkelijk te begrijpen. De ma\u00efs wordt door de inlaat gevoerd en intern worden de kolven en korrels gescheiden, waarna de korrels uit de zeef lekken terwijl de kolven via het uiteinde van de machine worden afgevoerd. Dit proces is zeer snel en effectief bij het dorsen. Ook moet het v\u00f3\u00f3r gebruik goed worden gecontroleerd.<\/p>    <figure class=\"wp-block-gallery aligncenter has-nested-images columns-default is-cropped wp-block-gallery-2 is-layout-flex wp-block-gallery-is-layout-flex\"> <figure class=\"wp-block-image size-full\"><img loading=\"lazy\" decoding=\"async\" width=\"750\" height=\"750\" data-id=\"4113\" src=\"https:\/\/taizyagromachine.com\/wp-content\/uploads\/2022\/11\/working-scene-of-the-corn-sheller-machine.webp\" alt=\"werksc\u00e8ne-van-de-ma\u00efs-sheller-machine\" class=\"wp-image-4113\"\/><figcaption class=\"wp-element-caption\">werksc\u00e8ne van de ma\u00efsschillermachine<\/figcaption><\/figure>    <figure class=\"wp-block-image size-full\"><img loading=\"lazy\" decoding=\"async\" width=\"750\" height=\"750\" data-id=\"4112\" src=\"https:\/\/taizyagromachine.com\/wp-content\/uploads\/2022\/11\/corn-kernels.webp\" alt=\"ma\u00efskorrels\" class=\"wp-image-4112\"\/><figcaption class=\"wp-element-caption\">ma\u00efskorrels<\/figcaption><\/figure> <\/figure>    <h2 class=\"wp-block-heading\"><strong>Groothandel ma\u00efs dorsmachine <\/strong><\/h2>    <p class=\"translation-block\">De Taizy ma\u00efsdorser is een goede prijs-kwaliteitverhouding, dus het is niet ongebruikelijk dat klanten beginnen met 5 eenheden en tientallen of honderden eenheden kopen. Zo hebben we in oktober dit jaar <a href=\"https:\/\/taizyagromachine.com\/nl\/info\/corn-thresher-philippines\/\" target=\"_blank\" rel=\"noreferrer noopener\">10 van deze ma\u00efsdorsers naar de Filippijnen verscheept<\/a>. Wanneer de machines geladen worden, worden ze vaak geladen zoals hieronder getoond, en ons ervaren personeel zal de machines met maximale bescherming tegen transportschade laden.<\/p>    <figure class=\"wp-block-gallery aligncenter has-nested-images columns-default is-cropped wp-block-gallery-3 is-layout-flex wp-block-gallery-is-layout-flex\"> <figure class=\"wp-block-image size-full\"><img loading=\"lazy\" decoding=\"async\" width=\"720\" height=\"540\" data-id=\"4115\" src=\"https:\/\/taizyagromachine.com\/wp-content\/uploads\/2022\/11\/maize-sheller-ready-for-load.webp\" alt=\"ma\u00efs-sheller-klaar-voor-laden\" class=\"wp-image-4115\"\/><figcaption class=\"wp-element-caption\">ma\u00efsschiller <\/figcaption><\/figure>    <figure class=\"wp-block-image size-full\"><img loading=\"lazy\" decoding=\"async\" width=\"720\" height=\"540\" data-id=\"4114\" src=\"https:\/\/taizyagromachine.com\/wp-content\/uploads\/2022\/11\/load-in-the-container.webp\" alt=\"in de container laden\" class=\"wp-image-4114\"\/><figcaption class=\"wp-element-caption\">Laad de ma\u00efsschiller in de container<\/figcaption><\/figure>    <figure class=\"wp-block-image size-large\"><img loading=\"lazy\" decoding=\"async\" width=\"720\" height=\"540\" data-id=\"4116\" src=\"https:\/\/taizyagromachine.com\/wp-content\/uploads\/2022\/11\/wholesale-corn-thresher.webp\" alt=\"groothandel-ma\u00efsdorsmachine\" class=\"wp-image-4116\"\/><figcaption class=\"wp-element-caption\">groothandel ma\u00efs dorsmachine<\/figcaption><\/figure> <\/figure>    <h2 class=\"wp-block-heading\"><strong>Technische parameters van Corn Sheller-machine<\/strong><\/h2>    <figure class=\"wp-block-table\"><table><tbody><tr><td>Model<\/td><td>SL-B<\/td><\/tr><tr><td>Stroom<\/td><td>170F benzinemotor of 2,2 kW motor of dieselmotor<\/td><\/tr><tr><td>Capaciteit<\/td><td>3t-4t\/u<\/td><\/tr><tr><td>Maat<\/td><td>1300*400*900mm<\/td><\/tr><tr><td>Gewicht<\/td><td>71 kg<\/td><\/tr><\/tbody><\/table><\/figure>    <h2 class=\"wp-block-heading\"><strong>Video van Corn Sheller Thresher - Gebruik op landbouwboerderijen<\/strong><\/h2>    <figure class=\"wp-block-embed is-type-video is-provider-youtube wp-block-embed-youtube wp-embed-aspect-16-9 wp-has-aspect-ratio\"><div class=\"wp-block-embed__wrapper\"> <iframe loading=\"lazy\" title=\"Geweldige prestaties Corn Sheller-machine | Ma\u00efsdorsmachine van Taizy 2022 #corn\" width=\"500\" height=\"281\" src=\"https:\/\/www.youtube.com\/embed\/Qe2O6ylATT8?feature=oembed\" frameborder=\"0\" allow=\"accelerometer; autoplay; clipboard-write; encrypted-media; gyroscope; picture-in-picture; web-share\" referrerpolicy=\"strict-origin-when-cross-origin\" allowfullscreen><\/iframe> <\/div><\/figure>","protected":false},"excerpt":{"rendered":"<p>The corn sheller is specially designed for threshing maize beneficial to corn farmers. This corn thresher is simple in structure and very efficient, capable of threshing 3-4 tons of corn per hour, making it ideal for small or medium-sized corn growers. Besides, this maize threshing machine is very cost-effective, cheap and of good quality at [&hellip;]<\/p>\n","protected":false},"author":1,"featured_media":4092,"parent":0,"template":"","tags":[191,195,200],"product-type":[17],"class_list":["post-4091","product","type-product","status-publish","has-post-thumbnail","hentry","tag-corn-sheller","tag-corn-thresher","tag-maize-threshing-machine","product-type-corn-machine"],"_links":{"self":[{"href":"https:\/\/taizyagromachine.com\/nl\/wp-json\/wp\/v2\/product\/4091","targetHints":{"allow":["GET"]}}],"collection":[{"href":"https:\/\/taizyagromachine.com\/nl\/wp-json\/wp\/v2\/product"}],"about":[{"href":"https:\/\/taizyagromachine.com\/nl\/wp-json\/wp\/v2\/types\/product"}],"author":[{"embeddable":true,"href":"https:\/\/taizyagromachine.com\/nl\/wp-json\/wp\/v2\/users\/1"}],"wp:featuredmedia":[{"embeddable":true,"href":"https:\/\/taizyagromachine.com\/nl\/wp-json\/wp\/v2\/media\/4092"}],"wp:attachment":[{"href":"https:\/\/taizyagromachine.com\/nl\/wp-json\/wp\/v2\/media?parent=4091"}],"wp:term":[{"taxonomy":"post_tag","embeddable":true,"href":"https:\/\/taizyagromachine.com\/nl\/wp-json\/wp\/v2\/tags?post=4091"},{"taxonomy":"product-type","embeddable":true,"href":"https:\/\/taizyagromachine.com\/nl\/wp-json\/wp\/v2\/product-type?post=4091"}],"curies":[{"name":"wp","href":"https:\/\/api.w.org\/{rel}","templated":true}]}}