{"id":4122,"date":"2022-11-23T18:15:43","date_gmt":"2022-11-23T10:15:43","guid":{"rendered":"https:\/\/taizyagromachine.com\/?post_type=product&#038;p=4122"},"modified":"2024-01-09T16:59:21","modified_gmt":"2024-01-09T08:59:21","slug":"rice-transplanter-planting-machine","status":"publish","type":"product","link":"https:\/\/taizyagromachine.com\/nl\/product\/rice-transplanter-planting-machine\/","title":{"rendered":"Rijsttransplantatiemachine voor het planten van padiezaailingen"},"content":{"rendered":"<p class=\"translation-block\">De <strong>rijstplanter<\/strong> is een gespecialiseerde machine voor het planten van rijstzaailingen in rijstvelden, wat arbeid bespaart en het soepel verlopen van het daaropvolgende werk vergemakkelijkt. <\/p>    <p>We hebben drie soorten rijstplantmachines: 4-rijig, 6-rijig en 8-rijig. De 4-rijige en 6-rijige rijstplantmachines zijn semi-automatisch, terwijl de 8-rijige rijstplantmachine volledig automatisch is. <\/p>    <p>Taizy paddy planter is van uitstekende kwaliteit en hoog rendement, waardoor het een onmisbare mechanische assistent is voor rijsttelers.<\/p>    <p>Als u ge\u00efnteresseerd bent, neem dan contact met ons op en wij nemen zo snel mogelijk contact met u op met de optimale oplossing voor uw behoeften!<\/p>    <figure class=\"wp-block-embed is-type-video is-provider-youtube wp-block-embed-youtube wp-embed-aspect-16-9 wp-has-aspect-ratio\"><div class=\"wp-block-embed__wrapper\"> <iframe loading=\"lazy\" title=\"Automatische rijstplanter voor tractor| rijstplantmachine | prijs rijstplanter\" width=\"500\" height=\"281\" src=\"https:\/\/www.youtube.com\/embed\/xBPZr90CwV0?feature=oembed\" frameborder=\"0\" allow=\"accelerometer; autoplay; clipboard-write; encrypted-media; gyroscope; picture-in-picture; web-share\" referrerpolicy=\"strict-origin-when-cross-origin\" allowfullscreen><\/iframe> <\/div><figcaption class=\"wp-element-caption\">Padie plantmachine werkende video<\/figcaption><\/figure>    <h2 class=\"wp-block-heading\"><strong>Type 1: 4-rijige handmatige rijstzaailingenplantmachine<\/strong><\/h2>    <p>Deze 4-rijige handmatige rijstverplantmachine wordt aangedreven door een benzinemotor en is handmatig te bedienen, waardoor hij geschikt is voor de kleinschalige rijstteelt. Het is ook een arbeidsbesparende machine die nauwkeurig planten mogelijk maakt en gemiste transplantaties voorkomt. Als u kleine velden heeft om de rijstzaailingen te planten, is deze achterlooprijstplantmachine een goede keuze voor u.<\/p>    <figure class=\"wp-block-gallery aligncenter has-nested-images columns-default is-cropped wp-block-gallery-2 is-layout-flex wp-block-gallery-is-layout-flex\"> <figure class=\"wp-block-image size-large\"><img loading=\"lazy\" decoding=\"async\" width=\"720\" height=\"540\" data-id=\"4130\" src=\"https:\/\/taizyagromachine.com\/wp-content\/uploads\/2022\/11\/4-row-paddy-transplanter.webp\" alt=\"4-rijige padieplantmachine\" class=\"wp-image-4130\"\/><figcaption class=\"wp-element-caption\">4-rijige padieplantmachine<\/figcaption><\/figure>    <figure class=\"wp-block-image size-large\"><img loading=\"lazy\" decoding=\"async\" width=\"720\" height=\"540\" data-id=\"4131\" src=\"https:\/\/taizyagromachine.com\/wp-content\/uploads\/2022\/11\/4-row-rice-transplanter.webp\" alt=\"4-rijige rijstplantmachine\" class=\"wp-image-4131\"\/><figcaption class=\"wp-element-caption\">4-rijige rijstplantmachine<\/figcaption><\/figure> <\/figure>    <h3 class=\"wp-block-heading\"><strong>Structuur van een 4-rijige rijstplantmachine<\/strong><\/h3>    <p>Over het algemeen zijn er verschillende onderdelen die de structuur vormen waarmee rijstboeren gemakkelijker en gemakkelijker kunnen opereren. <\/p>    <p>Voor de padiezaailingen zijn de zaaibak en het frame van de zaaibak bedoeld om ze vast te houden. Vanwege het werken in de watervelden moet het wiel het rijstwiel zijn om gemakkelijk te kunnen bewegen. Voor het aandrijfsysteem wordt meestal de benzinemotor gebruikt om het werk van de machine te ondersteunen. <\/p>    <p>Dit zijn slechts enkele onderdelen. Als u meer wilt weten, raadpleeg dan de onderstaande structuurafbeelding of neem contact met ons op voor meer details!<\/p>   <div class=\"wp-block-image\"> <figure class=\"aligncenter size-full\"><img loading=\"lazy\" decoding=\"async\" width=\"720\" height=\"540\" src=\"https:\/\/taizyagromachine.com\/wp-content\/uploads\/2022\/11\/4-row-rice-transplanter-machine-structure.webp\" alt=\"4-rijige rijsttransplantatiemachine-machinestructuur\" class=\"wp-image-4128\"\/><figcaption class=\"wp-element-caption\">4-rijige rijsttransplantatiemachine-machinestructuur<\/figcaption><\/figure> <\/div>   <h3 class=\"wp-block-heading\"><strong>Kenmerken van 4-rijige plantmachine voor rijst<\/strong><\/h3>    <ol class=\"wp-block-list\"> <li>De afstand kan worden aangepast bij het verplanten van rijstzaailingen met behulp van de snelheids- en afstandshendel, met een bereik van 12-14 cm of 16-19 cm.<\/li>    <li>Wanneer de machine in rijstvelden werkt, moet de modderdiepte 15-35 cm zijn.<\/li>    <li>Met deze machine kan het verplanten van rijst snel en effici\u00ebnt worden uitgevoerd, waardoor arbeid wordt bespaard en er geen fouten of weglatingen plaatsvinden bij het verplanten.<\/li> <\/ol>    <h3 class=\"wp-block-heading\"><strong>Technische parameters van de 4-rijige rijstplantmachine<\/strong><\/h3>    <figure class=\"wp-block-table\"><table><tbody><tr><td>Model<\/td><td>CY-4<\/td><\/tr><tr><td>Aantal verplantrijen<\/td><td>4<\/td><\/tr><tr><td>Stroom<\/td><td>YAMAHA benzinemotor<\/td><\/tr><tr><td>Afmeting L*W*H (mm)<\/td><td>1950*1250*1300<\/td><\/tr><tr><td>Roterende snelheid van de motor (r\/min)<\/td><td>1800<\/td><\/tr><tr><td>Rij tot rij afstand (mm)<\/td><td>300<\/td><\/tr><tr><td>Plant-tot-plant afstand (mm)<\/td><td>120\/140\/160\/180\/210<\/td><\/tr><tr><td>Effici\u00ebntie van transplanteren<\/td><td>0,5 hectare\/uur<\/td><\/tr><tr><td>Bruto gewicht<\/td><td>165 kg<\/td><\/tr><\/tbody><\/table><figcaption class=\"wp-element-caption\">technische gegevens van een 4-rijige achterlooprijstplantmachine <\/figcaption><\/figure>    <h2 class=\"wp-block-heading\"><strong>Type 2: Rijstplantmachine met 6 rijen<\/strong><\/h2>    <p>Deze 6-rijige rijstverplantingsapparatuur kan worden gebruikt voor middelgrote rijstvelden, wat kosteneffectiever is voor boeren. Onze rijstplantmachine met 6 rijen is ook handmatig en \u00e9\u00e9n persoon moet de machine tijdens het werk bedienen. Zo bereikt het de combinatie van mens en machine. Als u ge\u00efnteresseerd bent, neem dan gerust contact met ons op voor meer informatie! <\/p>   <div class=\"wp-block-image\"> <figure class=\"aligncenter size-full\"><img loading=\"lazy\" decoding=\"async\" width=\"720\" height=\"540\" src=\"https:\/\/taizyagromachine.com\/wp-content\/uploads\/2022\/11\/6-row-hand-paddy-rice-transplanter.webp\" alt=\"6-rijige handpadieplantmachine\" class=\"wp-image-4132\"\/><figcaption class=\"wp-element-caption\">6-rijige handpadieplantmachine<\/figcaption><\/figure> <\/div>   <h3 class=\"wp-block-heading\"><strong>Kenmerken van een 6-rijige padieplantmachine<\/strong><\/h3>    <ol class=\"wp-block-list\"> <li>Dit type rijstplantmachine heeft een verstelbereik van 12-14 cm of 16-21 cm.<\/li>    <li>Deze machine kan werken op velden met een modderdiepte van 15-35 cm.<\/li>    <li>Hoog rendement, hoge precisie planten. <\/li> <\/ol>    <h3 class=\"wp-block-heading\"><strong>Technische parameters van de 6-rijige handpadieplantmachine<\/strong><\/h3>    <figure class=\"wp-block-table\"><table><tbody><tr><td>Model<\/td><td>2ZS-6<\/td><\/tr><tr><td>Aantal verplantrijen<\/td><td>6<\/td><\/tr><tr><td>Structuurtype<\/td><td>Met de hand lopen<\/td><\/tr><tr><td>Diameter van wiel (mm)<\/td><td>660<\/td><\/tr><tr><td>Wiel<\/td><td>Waaier<\/td><\/tr><tr><td>Stroom<\/td><td>Viertakt benzinemotor<\/td><\/tr><tr><td>Uitgangsvermogen van motor (kW\/rpm)<\/td><td>3.3\/3600<\/td><\/tr><tr><td>Afmeting L*W*H (mm)<\/td><td>2370*2280*910<\/td><\/tr><tr><td>Rij tot rij afstand (mm)<\/td><td>300<\/td><\/tr><tr><td>Plantafstand (mm)<\/td><td>210\/180\/160\/140\/120<\/td><\/tr><tr><td>Transplantatiediepte (mm)<\/td><td>15-37<\/td><\/tr><tr><td>Effici\u00ebntie van verplanten (acres\/u)<\/td><td>0.1-0.25<\/td><\/tr><tr><td>Plantsnelheid (m\/s)<\/td><td>0.28-0.5<\/td><\/tr><tr><td>Verpakkingsgrootte (mm)<\/td><td>2810*1760*600<\/td><\/tr><tr><td>Brutogewicht (kg)<\/td><td>187<\/td><\/tr><tr><td>Eenheden per 40HQ-container<\/td><td>12 sets<\/td><\/tr><\/tbody><\/table><figcaption class=\"wp-element-caption\">handmatige specificaties van de rijstveldplantmachine<\/figcaption><\/figure>    <h2 class=\"wp-block-heading\"><strong>Type 3: 8-rijige mechanische rijstplantmachine<\/strong><\/h2>    <p>Taizy 8-rijige rijstplantmachine is een volautomatische rijstplantmachine, met een grote capaciteit, geschikt voor grootschalige boerderijen. Bij gebruik van deze machine kan de operator de machine besturen, wat enorm veel tijd en kracht bespaart, en veel handiger is om padiezaailingen te planten. <\/p>    <figure class=\"wp-block-gallery aligncenter has-nested-images columns-default is-cropped wp-block-gallery-3 is-layout-flex wp-block-gallery-is-layout-flex\"> <figure class=\"wp-block-image size-large\"><img loading=\"lazy\" decoding=\"async\" width=\"720\" height=\"540\" data-id=\"4133\" src=\"https:\/\/taizyagromachine.com\/wp-content\/uploads\/2022\/11\/8-row-rice-planting-machine.webp\" alt=\"8-rijige rijstplantmachine\" class=\"wp-image-4133\"\/><figcaption class=\"wp-element-caption\">8-rijige rijstplantmachine<\/figcaption><\/figure>    <figure class=\"wp-block-image size-large\"><img loading=\"lazy\" decoding=\"async\" width=\"720\" height=\"540\" data-id=\"4134\" src=\"https:\/\/taizyagromachine.com\/wp-content\/uploads\/2022\/11\/8-row-rice-transplanter.webp\" alt=\"8-rijige rijstplantmachine\" class=\"wp-image-4134\"\/><figcaption class=\"wp-element-caption\">8-rijige rijstplantmachine<\/figcaption><\/figure> <\/figure>    <h3 class=\"wp-block-heading\"><strong>Kenmerken van 8-rijige padie-verplantapparatuur<\/strong><\/h3>    <ol class=\"wp-block-list\"> <li>De transplantatieafstand kan met het handvat worden aangepast aan de behoeften van uw veld. <\/li>    <li>De modderdiepte is 15-35 cm wanneer de machine in de rijstvelden werkt.<\/li>    <li>Lichtgewicht machine met grote capaciteit, om aan de behoeften van boeren te voldoen.<\/li> <\/ol>    <h3 class=\"wp-block-heading\"><strong>Specificaties van een 8-rijige rijstplantmachine te koop<\/strong><\/h3>    <figure class=\"wp-block-table\"><table><tbody><tr><td>Model<\/td><td>CY-8<\/td><\/tr><tr><td>Aantal verplantrijen<\/td><td>8<\/td><\/tr><tr><td>Model met dieselmotor<\/td><td>178F<\/td><\/tr><tr><td>Afmeting L*W*H (mm)<\/td><td>2410*2165*1300mm<\/td><\/tr><tr><td>Vermogen dieselmotor (kW\/pk)<\/td><td>4.05\/5.5<\/td><\/tr><tr><td>Rotatiesnelheid dieselmotor (r\/min)<\/td><td>1800<\/td><\/tr><tr><td>Rij tot rij afstand (mm)<\/td><td>238<\/td><\/tr><tr><td>Heuvel tot heuvel afstand (mm)<\/td><td>120\/140<\/td><\/tr><tr><td>Effici\u00ebntie van transplanteren<\/td><td>0,5-0,75 hectare\/uur<\/td><\/tr><tr><td>Verpakkingsgrootte<\/td><td>2810*1760*600mm<\/td><\/tr><tr><td>Bruto gewicht<\/td><td>460 kg<\/td><\/tr><tr><td>Eenheden per 20ft container<\/td><td>9 sets<\/td><\/tr><\/tbody><\/table><figcaption class=\"wp-element-caption\">technische gegevens van 8-rijige padieplantmachine <\/figcaption><\/figure>    <h2 class=\"wp-block-heading\"><strong>Hoe rijst verplanten in rijstvelden?<\/strong><\/h2>   <div id=\"rank-math-howto\" class=\"rank-math-block\" > <div class=\"rank-math-howto-description\">  <\/div>  <div class=\"rank-math-steps\"> <div id=\"howto-step-1704785977534\" class=\"rank-math-step\"> <h3 class=\"rank-math-step-title\"><strong>Controle v\u00f3\u00f3r het starten van de uitrusting<\/strong><\/h3> <div class=\"rank-math-step-content\"><p>Voordat u met de werkzaamheden begint, moet u ervoor zorgen dat alle functies van de rijstplantmachine intact zijn, dat het motoroliepeil en de koelvloeistof in de watertank voldoende zijn en dat de brandstof voldoende is en vrij van onzuiverheden. <br \/>Controleer of de onderdelen goed met elkaar zijn verbonden en of de zaailingennaalden en verplantvorken normaal zijn.<\/p> <\/div> <\/div> <div id=\"howto-step-1704786004293\" class=\"rank-math-step\"> <h3 class=\"rank-math-step-title\"><strong>Starten en afstellen<\/strong><\/h3> <div class=\"rank-math-step-content\"><p>Ga op de bestuurdersstoel zitten, trek de rem aan en zet de hoofdversnellingshendel in de \u201czaailingenaanvulling\u201d- of neutrale stand, en start de motor met de planthendel in de neutrale stand. <br \/>Nadat u zich ervan heeft verzekerd dat de machine soepel draait, past u de plantdiepte en de rijafstand aan op basis van de bodemgesteldheid en de afstand tussen de rijstplanten.<\/p> <\/div> <\/div> <div id=\"howto-step-1704786042269\" class=\"rank-math-step\"> <h3 class=\"rank-math-step-title\"><strong>Voorbereiding en positionering van het rijstveld<\/strong><\/h3> <div class=\"rank-math-step-content\"><p>Zorg ervoor dat het rijstveld vlak is en voldoende vocht heeft, en positioneer vervolgens de rijstplanter nauwkeurig via het stuur- en hefapparaat op de machine, zodat deze langs de vooraf geplande plantlijn beweegt.<\/p> <\/div> <\/div> <div id=\"howto-step-1704786076693\" class=\"rank-math-step\"> <h3 class=\"rank-math-step-title\"><strong>Rijst planten en debuggen<\/strong><\/h3> <div class=\"rank-math-step-content\"><p>Plaats de verzorgde rijstzaailingen netjes in de zaailingenbak en pas de hoeveelheid geplukte zaailingen aan zodat deze gelijkmatig en consistent is. Start de zaailingdeur en het zaailingstoevoermechanisme, kijk of de zaailing soepel wordt opgezogen en ingebracht en pas indien nodig de bijbehorende onderdelen op tijd aan.<\/p> <\/div> <\/div> <div id=\"howto-step-1704786105818\" class=\"rank-math-step\"> <h3 class=\"rank-math-step-title\"><strong>Begin met de transplantatieoperatie<\/strong><\/h3> <div class=\"rank-math-step-content\"><p>Wanneer alle instellingen en aanpassingen zijn voltooid, laat u langzaam de rem los en versnelt u de rijstplantmachine geleidelijk naar de normale werkconditie. De operator moet goed letten op het transplantatie-effect en op elk moment aanpassingen maken.<\/p> <\/div> <\/div> <div id=\"howto-step-1704786138253\" class=\"rank-math-step\"> <h3 class=\"rank-math-step-title\"><strong>Tussentijds onderhoud en inspectie<\/strong><\/h3> <div class=\"rank-math-step-content\"><p>Tijdens continu gebruik dient u de machine regelmatig te stoppen om de aanvoer van zaailingen in de zaailingenbak te controleren, eventuele wortels of ander vuil te verwijderen dat in de onderdelen verstrikt kan zijn, en om de apparatuur schoon en in goede staat te houden.<\/p> <\/div> <\/div> <div id=\"howto-step-1704786153477\" class=\"rank-math-step\"> <h3 class=\"rank-math-step-title\"><strong>Zaailingen aanvullen en afwerken<\/strong><\/h3> <div class=\"rank-math-step-content\"><p>U kunt de functie \u201czaailing aanvullen\u201d gebruiken om de ontbrekende of schaarse gebieden aan te vullen. Nadat u alle verplantingstaken hebt voltooid, schakelt u de motor uit, ruimt u de resten van de apparatuur op en voert u de routineonderhoudswerkzaamheden uit om ervoor te zorgen dat de volgende operatie soepel verloopt.<\/p> <\/div> <\/div> <\/div> <\/div>       <h2 class=\"wp-block-heading\"><strong>Lijst met reserveonderdelen voor de achterlopende padieplantmachine<\/strong><\/h2>    <figure class=\"wp-block-table\"><table><tbody><tr><td>S\/N<\/td><td>Naam van de slijtdelen<\/td><td>Afbeelding<\/td><\/tr><tr><td>1<\/td><td>carburateur&nbsp;<\/td><td><img loading=\"lazy\" decoding=\"async\" width=\"150\" height=\"200\" class=\"wp-image-4165\" style=\"width: 150px;\" src=\"https:\/\/taizyagromachine.com\/wp-content\/uploads\/2022\/11\/carburetter.webp\" alt=\"carburateur\"><\/td><\/tr><tr><td>2<\/td><td>Riem SB-33<\/td><td><img loading=\"lazy\" decoding=\"async\" width=\"150\" height=\"129\" class=\"wp-image-4167\" style=\"width: 150px;\" src=\"https:\/\/taizyagromachine.com\/wp-content\/uploads\/2022\/11\/Belt-SB-33.webp\" alt=\"Riem SB-33\"><\/td><\/tr><tr><td>3<\/td><td>oliekeerring 20\u00d732\u00d77<\/td><td><img loading=\"lazy\" decoding=\"async\" width=\"150\" height=\"139\" class=\"wp-image-4168\" style=\"width: 150px;\" src=\"https:\/\/taizyagromachine.com\/wp-content\/uploads\/2022\/11\/oilseal.webp\" alt=\"oliekeerring\"><\/td><\/tr><tr><td>4<\/td><td>oliekeerring monteren30\u00d752\u00d712<\/td><td><img loading=\"lazy\" decoding=\"async\" width=\"150\" height=\"140\" class=\"wp-image-4169\" style=\"width: 150px;\" src=\"https:\/\/taizyagromachine.com\/wp-content\/uploads\/2022\/11\/oil-seal-assemble.webp\" alt=\"oliekeerring monteren\"><\/td><\/tr><tr><td>5<\/td><td>oliekeerring monteren15\u00d735\u00d711.5<\/td><td><img loading=\"lazy\" decoding=\"async\" width=\"150\" height=\"142\" class=\"wp-image-4171\" style=\"width: 150px;\" src=\"https:\/\/taizyagromachine.com\/wp-content\/uploads\/2022\/11\/oil-seal-assemble15.webp\" alt=\"oliekeerring monteren15\"><\/td><\/tr><tr><td>6<\/td><td>gaskabel&nbsp;<\/td><td><img loading=\"lazy\" decoding=\"async\" width=\"150\" height=\"110\" class=\"wp-image-4172\" style=\"width: 150px;\" src=\"https:\/\/taizyagromachine.com\/wp-content\/uploads\/2022\/11\/throttle-wire.webp\" alt=\"gaskabel\"><\/td><\/tr><tr><td>7<\/td><td>Stuurkoppelingsdraad<\/td><td><img loading=\"lazy\" decoding=\"async\" width=\"150\" height=\"84\" class=\"wp-image-4178\" style=\"width: 150px;\" src=\"https:\/\/taizyagromachine.com\/wp-content\/uploads\/2022\/11\/Steering-clutch-wire.webp\" alt=\"Stuurkoppelingsdraad\"><\/td><\/tr><tr><td>8<\/td><td>choke draad<\/td><td><img loading=\"lazy\" decoding=\"async\" width=\"150\" height=\"92\" class=\"wp-image-4177\" style=\"width: 150px;\" src=\"https:\/\/taizyagromachine.com\/wp-content\/uploads\/2022\/11\/choke-wire.webp\" alt=\"choke draad\"><\/td><\/tr><tr><td>9<\/td><td>transmissie riem<\/td><td><img loading=\"lazy\" decoding=\"async\" width=\"150\" height=\"128\" class=\"wp-image-4176\" style=\"width: 150px;\" src=\"https:\/\/taizyagromachine.com\/wp-content\/uploads\/2022\/11\/transmission-belt.webp\" alt=\"transmissie riem\"><\/td><\/tr><tr><td>10<\/td><td>arm planten&nbsp;<\/td><td><img loading=\"lazy\" decoding=\"async\" width=\"150\" height=\"116\" class=\"wp-image-4175\" style=\"width: 150px;\" src=\"https:\/\/taizyagromachine.com\/wp-content\/uploads\/2022\/11\/planting-arm-.webp\" alt=\"arm planten&nbsp;\"><\/td><\/tr><tr><td>11<\/td><td>naald planten<\/td><td><img loading=\"lazy\" decoding=\"async\" width=\"150\" height=\"113\" class=\"wp-image-4174\" style=\"width: 150px;\" src=\"https:\/\/taizyagromachine.com\/wp-content\/uploads\/2022\/11\/planting-needle.webp\" alt=\"naald planten\"><\/td><\/tr><\/tbody><\/table><figcaption class=\"wp-element-caption\">reservelijst van plantmachines voor rijst<\/figcaption><\/figure>    <p>Hierboven vindt u een lijst met de slijtdelen van de semi-automatische rijstplantmachine. De verschillende onderdelen en functies van de rijstplantmachine zijn terug te vinden in de naam. Bij de aanschaf van een machine kunt u ook een paar extra sets slijtdelen aanschaffen, zodat de machine goed blijft werken.<\/p>    <h2 class=\"wp-block-heading\"><strong>Succesvolle cases van de meervoudige rijsttransplantatiemachine<\/strong><\/h2>    <p>Onze rijsttransplantatiemachines zijn van uitstekende kwaliteit, goede prestaties en machines met een lange levensduur. Daarom zijn ze zo populair in binnen- en buitenland. <\/p>    <p>Onze machines worden vaak naar het buitenland ge\u00ebxporteerd, bijvoorbeeld naar Togo en Pakistan. Meestal verpakken we de machines in houten kisten voordat we ze laden en over zee naar de bestemming van de klant sturen (als de klant een andere leveringsmethode wenst, is dit ook mogelijk).<\/p>    <figure class=\"wp-block-gallery aligncenter has-nested-images columns-default is-cropped wp-block-gallery-4 is-layout-flex wp-block-gallery-is-layout-flex\"> <figure class=\"wp-block-image size-large\"><img loading=\"lazy\" decoding=\"async\" width=\"720\" height=\"540\" data-id=\"4163\" src=\"https:\/\/taizyagromachine.com\/wp-content\/uploads\/2022\/11\/package-rice-planting-machine-in-the-wooden-case.webp\" alt=\"pakket rijstplantmachine in de houten kist\" class=\"wp-image-4163\"\/><figcaption class=\"wp-element-caption\">pakket rijstplantmachine in de houten kist<\/figcaption><\/figure>    <figure class=\"wp-block-image size-large\"><img loading=\"lazy\" decoding=\"async\" width=\"720\" height=\"540\" data-id=\"4164\" src=\"https:\/\/taizyagromachine.com\/wp-content\/uploads\/2022\/11\/rice-transplanter-in-the-wooden-case.webp\" alt=\"rijstplanter in de houten kist\" class=\"wp-image-4164\"\/><figcaption class=\"wp-element-caption\">rijstplanter in de houten kist<\/figcaption><\/figure> <\/figure>    <h2 class=\"wp-block-heading\"><strong>Hoe Taizy mechanische rijsttransplantatiemachine bestellen?<\/strong><\/h2>    <ul class=\"wp-block-list\"> <li><strong>Productbegrip en vraagbevestiging<\/strong>: Door contact met ons op te nemen, zullen onze verkoopmedewerkers u helpen de technische parameters, prestatiekenmerken en toepassingsgebied van verschillende modellen rijstverplanters in detail te begrijpen, en het juiste model selecteren op basis van uw eigen landbouwgrondgrootte, plantbehoeften en budget.<\/li>    <li><strong>Configuratieselectie en service op maat<\/strong>: Bepaal, afhankelijk van de daadwerkelijke plantbehoeften, of u extra hulpapparatuur moet aanschaffen (zoals zaailingentrays, bemestingsapparaten, enz.) of speciale maatwerkvereisten moet voorstellen, zoals het aanpassen van de rijafstand, plantafstand en andere parameters.<\/li>    <li><strong>Offerte en contractonderhandelingen<\/strong>: Wij sturen de offerte op en voeren diepgaande communicatie en onderhandeling over de aankoopprijs, leveringsdatum, betalingswijze en after-sales service, etc. Na overeenstemming stellen wij een koop- en verkoopcontract op.<\/li>    <li><strong>Onderteken het contract en betaal de aanbetaling<\/strong>: De twee partijen hebben het verkoopcontract formeel ondertekend, u betaalt een bepaald bedrag aan vooruitbetaling of aanbetaling volgens de overeenkomst, om ervoor te zorgen dat de bestelling van kracht wordt en het productieproces ingaat.<\/li>    <li><strong>Levering en installatie en inbedrijfstelling van apparatuur<\/strong>: Wij produceren de machine volgens de afgesproken tijd en testen de machine, en u betaalt de resterende betaling volgens het contract na acceptatie. Daarna zullen wij de rijstplantmachine op tijd leveren.<\/li> <\/ul>    <h2 class=\"wp-block-heading\"><strong>Neem contact met ons op voor uw rijstplanting!<\/strong><\/h2>    <p class=\"translation-block\">Wilt u de effici\u00ebntie van het <a href=\"https:\/\/en.wikipedia.org\/wiki\/Transplanting\" target=\"_blank\" rel=\"noopener\">transplanteren<\/a> van rijstzaailingen in rijstvelden verbeteren? Neem dan contact met ons op.<\/p>    <p class=\"translation-block\">Als een uitgebreide landbouwfabrikant en leverancier hebben we ook groenteplanters en <a href=\"https:\/\/taizyagromachine.com\/nl\/product\/nursery-seedling-machine\/\">zaailingkwekerijmachines<\/a> voor allerlei groente- en fruitzaailingen. Wij bieden u de optimale oplossing en offerte op basis van uw behoeften, om de kosteneffectiviteit van de machine te garanderen en tegelijkertijd uw rijstplantpercentage te garanderen!<\/p>","protected":false},"excerpt":{"rendered":"<p>Rijsttransplantatiemachine is speciaal voor het planten van rijst in de rijstvelden, met hoge precisie planten, goede effici\u00ebntie, met 4-rijige, 6-rijige, 8-rijige typen. Ter referentie introduceren we elk type in dit artikel in detail.<\/p>","protected":false},"author":1,"featured_media":4146,"parent":0,"template":"","tags":[202,201,203],"product-type":[31],"class_list":["post-4122","product","type-product","status-publish","has-post-thumbnail","hentry","tag-rice-planting-machine","tag-rice-transplanter","tag-vegetable-transplanter","product-type-nursery-transplanter"],"_links":{"self":[{"href":"https:\/\/taizyagromachine.com\/nl\/wp-json\/wp\/v2\/product\/4122","targetHints":{"allow":["GET"]}}],"collection":[{"href":"https:\/\/taizyagromachine.com\/nl\/wp-json\/wp\/v2\/product"}],"about":[{"href":"https:\/\/taizyagromachine.com\/nl\/wp-json\/wp\/v2\/types\/product"}],"author":[{"embeddable":true,"href":"https:\/\/taizyagromachine.com\/nl\/wp-json\/wp\/v2\/users\/1"}],"wp:featuredmedia":[{"embeddable":true,"href":"https:\/\/taizyagromachine.com\/nl\/wp-json\/wp\/v2\/media\/4146"}],"wp:attachment":[{"href":"https:\/\/taizyagromachine.com\/nl\/wp-json\/wp\/v2\/media?parent=4122"}],"wp:term":[{"taxonomy":"post_tag","embeddable":true,"href":"https:\/\/taizyagromachine.com\/nl\/wp-json\/wp\/v2\/tags?post=4122"},{"taxonomy":"product-type","embeddable":true,"href":"https:\/\/taizyagromachine.com\/nl\/wp-json\/wp\/v2\/product-type?post=4122"}],"curies":[{"name":"wp","href":"https:\/\/api.w.org\/{rel}","templated":true}]}}