{"id":4407,"date":"2022-12-29T11:06:32","date_gmt":"2022-12-29T03:06:32","guid":{"rendered":"https:\/\/taizyagromachine.com\/?post_type=product&#038;p=4407"},"modified":"2022-12-29T16:34:35","modified_gmt":"2022-12-29T08:34:35","slug":"corn-peeling-machine","status":"publish","type":"product","link":"https:\/\/taizyagromachine.com\/nl\/product\/corn-peeling-machine\/","title":{"rendered":"Kleine ma\u00efsschilmachine voor het verwijderen van ma\u00efshuid"},"content":{"rendered":"<p class=\"translation-block\">Deze ma\npelmachine wordt voornamelijk gebruikt om de ma\nishuid te verwijderen ter voorbereiding op het volgende proces. Bovendien is deze machine ook voor tarwe. Na het pellen werkt deze altijd samen met de <a href=\"https:\/\/taizyagromachine.com\/nl\/product\/disk-mill-machine\/\" target=\"_blank\" rel=\"noreferrer noopener\">ma\nmaalmachine<\/a> voor fijn poeder. <\/p>    <p class=\"translation-block\">Met de ontwikkeling van de tijden hebben ook onze landbouwmachines snelle veranderingen ondergaan; het gebruik van de <a href=\"https:\/\/taizyagromachine.com\/nl\/product\/maize-grits-milling-machine\/\" target=\"_blank\" rel=\"noreferrer noopener\">ma\u00efsgritmachine<\/a> kan zowel ma\u00efs pellen als ma\u00efsgrit maken. Het is voornamelijk aan u om te plannen. Als u ge\u00efnteresseerd bent, neem dan contact met ons op voor meer informatie!<\/p>    <h2 class=\"wp-block-heading\"><strong>Soorten multifunctionele ma\u00efsschilmachines te koop<\/strong><\/h2>    <p class=\"translation-block\">Als <a href=\"https:\/\/taizyagromachine.com\/nl\/\" target=\"_blank\" rel=\"noreferrer noopener\">een professionele fabrikant en leverancier van landbouwmachines<\/a>, kan onze ma\npelmachine worden gebruikt met zowel elektrische als dieselmotoren. Voor degenen die de voorkeur geven aan een machine met meerdere vermogensconfiguraties, is deze machine de ideale keuze.<\/p>    <p class=\"translation-block\">Deze ma\npelmachine is erg populair bij onze klanten vanwege zijn goede prestaties, gemakkelijke verplaatsing, compacte ontwerp en redelijke structuur. Vaak kopen klanten de hele kast of samen met andere machines, bijvoorbeeld, <a href=\"https:\/\/taizyagromachine.com\/nl\/info\/corn-grinder-machine-australia\/\" target=\"_blank\" rel=\"noreferrer noopener\">een Australische klant kocht onlangs ma\nmachines, waaronder een ma\npelmachine<\/a> van ons.<\/p>    <figure class=\"wp-block-gallery aligncenter has-nested-images columns-default is-cropped wp-block-gallery-2 is-layout-flex wp-block-gallery-is-layout-flex\"> <figure class=\"wp-block-image size-full\"><img loading=\"lazy\" decoding=\"async\" width=\"540\" height=\"720\" data-id=\"4416\" src=\"https:\/\/taizyagromachine.com\/wp-content\/uploads\/2022\/12\/electric-motor-maize-peeler.webp\" alt=\"ma\u00efsschiller met elektrische motor\" class=\"wp-image-4416\"\/><figcaption class=\"wp-element-caption\">Ma\u00efsschiller met elektrische motor<\/figcaption><\/figure>    <figure class=\"wp-block-image size-full\"><img loading=\"lazy\" decoding=\"async\" width=\"540\" height=\"720\" data-id=\"4417\" src=\"https:\/\/taizyagromachine.com\/wp-content\/uploads\/2022\/12\/diesel-engined-corn-peeler.webp\" alt=\"ma\u00efsschiller met dieselmotor\" class=\"wp-image-4417\"\/><figcaption class=\"wp-element-caption\">ma\u00efsschiller met dieselmotor<\/figcaption><\/figure> <\/figure>    <h2 class=\"wp-block-heading\"><strong>Wat is het ontwerp van de ma\u00efsschilmachine?<\/strong><\/h2>   <div class=\"wp-block-image\"> <figure class=\"aligncenter size-full\"><img loading=\"lazy\" decoding=\"async\" width=\"720\" height=\"540\" src=\"https:\/\/taizyagromachine.com\/wp-content\/uploads\/2022\/12\/structure-of-the-corn-skin-peeling-machine.webp\" alt=\"structuur van de ma\u00efshuidschilmachine\" class=\"wp-image-4414\"\/><figcaption class=\"wp-element-caption\">structuur van de ma\u00efshuidschilmachine<\/figcaption><\/figure> <\/div>   <figure class=\"wp-block-table\"><table><tbody><tr><td class=\"has-text-align-center\" data-align=\"center\">S\/N<\/td><td class=\"has-text-align-center\" data-align=\"center\">Machineonderdeel<\/td><td class=\"has-text-align-center\" data-align=\"center\">S\/N<\/td><td class=\"has-text-align-center\" data-align=\"center\">Machineonderdeel<\/td><\/tr><tr><td class=\"has-text-align-center\" data-align=\"center\">1<\/td><td class=\"has-text-align-center\" data-align=\"center\">Voeder<\/td><td class=\"has-text-align-center\" data-align=\"center\">4<\/td><td class=\"has-text-align-center\" data-align=\"center\">Controleer de invoersnelheid<\/td><\/tr><tr><td class=\"has-text-align-center\" data-align=\"center\">2<\/td><td class=\"has-text-align-center\" data-align=\"center\">Schil het mes<\/td><td class=\"has-text-align-center\" data-align=\"center\">5<\/td><td class=\"has-text-align-center\" data-align=\"center\">Kleine graanafvoer<\/td><\/tr><tr><td class=\"has-text-align-center\" data-align=\"center\">3<\/td><td class=\"has-text-align-center\" data-align=\"center\">Uitlaat voor huidschillen<\/td><td class=\"has-text-align-center\" data-align=\"center\">6<\/td><td class=\"has-text-align-center\" data-align=\"center\">Afzet van eindproducten<\/td><\/tr><\/tbody><\/table><\/figure>    <h2 class=\"wp-block-heading\"><strong>Factoren die de prijs van ma\u00efsschilmachines be\u00efnvloeden<\/strong><\/h2>    <p>De prijs van een ma\u00efsschilmachine wordt be\u00efnvloed door verschillende aspecten, zoals de keuze van het vermogen van de machine, de afstand van het land van transport, het tijdstip van aankoop, het aantal aan te schaffen machines, etc. Deze hebben allemaal invloed de prijs van de machine. Als u ge\u00efnteresseerd bent in het kopen van dit type ma\u00efsschilmachine, neem dan contact met ons op en onze verkoopmedewerkers zullen u de beste oplossing bieden op basis van uw behoeften.<\/p>    <h2 class=\"wp-block-heading\"><strong>Succesvolle casus: 30 sets ma\u00efsschilmachines verkocht aan Bukifarnasso<\/strong><\/h2>    <p class=\"translation-block\">Een klant uit Bukifarnasso heeft 30 ma\npelmachines bij ons besteld. De klant nam contact met ons op via WhatsApp en gaf aan dat hij bezig was met een aanbestedingsproject en een groot aantal van deze machines moest aanschaffen. Onze verkoopmedewerkers hebben hem proactief geholpen met het benodigde materiaal voor de aanbesteding en het project werd uiteindelijk gewonnen. De klant bestelde ook direct 30 sets ma\npelapparaten bij ons. Hieronder staan de machineproductie- en laad- en verzendingsfoto's.<\/p>    <figure class=\"wp-block-gallery aligncenter has-nested-images columns-default is-cropped wp-block-gallery-3 is-layout-flex wp-block-gallery-is-layout-flex\"> <figure class=\"wp-block-image size-large\"><img loading=\"lazy\" decoding=\"async\" width=\"540\" height=\"550\" data-id=\"4418\" src=\"https:\/\/taizyagromachine.com\/wp-content\/uploads\/2022\/12\/corn-peeling-machine-manufacturer-supplier.webp\" alt=\"fabrikant en leverancier van ma\u00efsschilmachines\" class=\"wp-image-4418\"\/><figcaption class=\"wp-element-caption\">fabrikant en leverancier van ma\u00efsschilmachines<\/figcaption><\/figure>    <figure class=\"wp-block-image size-large\"><img loading=\"lazy\" decoding=\"async\" width=\"540\" height=\"550\" data-id=\"4419\" src=\"https:\/\/taizyagromachine.com\/wp-content\/uploads\/2022\/12\/loading-and-shipping-corn-peeling-machine.webp\" alt=\"laden en verzenden ma\u00efsschilmachine\" class=\"wp-image-4419\"\/><figcaption class=\"wp-element-caption\">laden en verzenden ma\u00efsschilmachine<\/figcaption><\/figure> <\/figure>    <h2 class=\"wp-block-heading\"><strong>Technische parameters van kleine ma\u00efsschilmachine<\/strong><\/h2>    <figure class=\"wp-block-table\"><table><tbody><tr><td>Machinenaam<\/td><td>Ma\u00efsschilmachine<\/td><\/tr><tr><td>Stroom<\/td><td>5,5 kW elektromotor of 12 pk dieselmotor<\/td><\/tr><tr><td>Capaciteit<\/td><td>300-500kg\/u<\/td><\/tr><tr><td>Gewicht<\/td><td>100 kg<\/td><\/tr><tr><td>Maat<\/td><td>660*450*1020mm<\/td><\/tr><tr><td>Verpakkingsvolume<\/td><td>0,6CBM<\/td><\/tr><tr><td>Sollicitatie<\/td><td>Ma\u00efs, tarwe<\/td><\/tr><\/tbody><\/table><\/figure>    <h2 class=\"wp-block-heading\"><strong>Video van Taizy Farm Gebruik ma\u00efsschilmachine - Hoe ma\u00efshuid schillen?<\/strong><\/h2>    <figure class=\"wp-block-embed is-type-video is-provider-youtube wp-block-embed-youtube wp-embed-aspect-16-9 wp-has-aspect-ratio\"><div class=\"wp-block-embed__wrapper\"> <iframe loading=\"lazy\" title=\"Kleine ma\u00efsschilmachine - Ma\u00efsschilmachine te koop met de beste prijs vanaf Taizy 2022 #corns\" width=\"500\" height=\"281\" src=\"https:\/\/www.youtube.com\/embed\/GhLNC2FutO4?feature=oembed\" frameborder=\"0\" allow=\"accelerometer; autoplay; clipboard-write; encrypted-media; gyroscope; picture-in-picture; web-share\" referrerpolicy=\"strict-origin-when-cross-origin\" allowfullscreen><\/iframe> <\/div><\/figure>","protected":false},"excerpt":{"rendered":"<p>This corn peeling machine is mainly used to remove the maize skin for the preparation of the next process. Besides, this machine is also for the wheat. After peeling, it always works with the corn grinder machine for fine powder. With the development of the times, our agricultural machinery also has rapid changes, using the [&hellip;]<\/p>\n","protected":false},"author":1,"featured_media":4408,"parent":0,"template":"","tags":[189,208],"product-type":[17],"class_list":["post-4407","product","type-product","status-publish","has-post-thumbnail","hentry","tag-corn-grits-making-machine","tag-corn-peeling-machine","product-type-corn-machine"],"_links":{"self":[{"href":"https:\/\/taizyagromachine.com\/nl\/wp-json\/wp\/v2\/product\/4407","targetHints":{"allow":["GET"]}}],"collection":[{"href":"https:\/\/taizyagromachine.com\/nl\/wp-json\/wp\/v2\/product"}],"about":[{"href":"https:\/\/taizyagromachine.com\/nl\/wp-json\/wp\/v2\/types\/product"}],"author":[{"embeddable":true,"href":"https:\/\/taizyagromachine.com\/nl\/wp-json\/wp\/v2\/users\/1"}],"wp:featuredmedia":[{"embeddable":true,"href":"https:\/\/taizyagromachine.com\/nl\/wp-json\/wp\/v2\/media\/4408"}],"wp:attachment":[{"href":"https:\/\/taizyagromachine.com\/nl\/wp-json\/wp\/v2\/media?parent=4407"}],"wp:term":[{"taxonomy":"post_tag","embeddable":true,"href":"https:\/\/taizyagromachine.com\/nl\/wp-json\/wp\/v2\/tags?post=4407"},{"taxonomy":"product-type","embeddable":true,"href":"https:\/\/taizyagromachine.com\/nl\/wp-json\/wp\/v2\/product-type?post=4407"}],"curies":[{"name":"wp","href":"https:\/\/api.w.org\/{rel}","templated":true}]}}