{"id":6523,"date":"2024-01-26T16:59:23","date_gmt":"2024-01-26T08:59:23","guid":{"rendered":"https:\/\/taizyagromachine.com\/?post_type=product&#038;p=6523"},"modified":"2025-11-04T13:50:08","modified_gmt":"2025-11-04T05:50:08","slug":"mobile-grain-dryer","status":"publish","type":"product","link":"https:\/\/taizyagromachine.com\/nl\/product\/mobile-grain-dryer\/","title":{"rendered":"Mobiele graandroger voor het drogen van rijsttarwema\u00efs"},"content":{"rendered":"<p class=\"translation-block\">Onze <strong>mobiele graandroger<\/strong> is speciaal ontworpen voor het drogen van diverse gewassen, zoals rijst, tarwe, ma\u00efs, sojabonen, enz. De hoofdfunctie is om snel en effectief water uit vers geoogst graan te verwijderen om ervoor te zorgen dat het graan een veilige vochtigheidsgraad bereikt v\u00f3\u00f3r opslag, om verliezen zoals schimmel, kieming en insectenschade te voorkomen.<\/p>    <p>Onze draagbare graandroogmachine is verkrijgbaar in enkele en dubbele bakken, met een capaciteit vari\u00ebrend van 10 ton tot 240 ton per 24 uur. Als u meer informatie wilt weten, neem dan nu contact met ons op!<\/p>    <figure class=\"wp-block-embed is-type-video is-provider-youtube wp-block-embed-youtube wp-embed-aspect-16-9 wp-has-aspect-ratio\"><div class=\"wp-block-embed__wrapper\"> <iframe loading=\"lazy\" title=\"Mobiele graandroger in actie: effici\u00ebnt drogen van ma\u00efs op de boerderij | Ma\u00efsdroger #droger #graandroger\" width=\"500\" height=\"281\" src=\"https:\/\/www.youtube.com\/embed\/AJ6ZaE6ASIE?feature=oembed\" frameborder=\"0\" allow=\"accelerometer; autoplay; clipboard-write; encrypted-media; gyroscope; picture-in-picture; web-share\" referrerpolicy=\"strict-origin-when-cross-origin\" allowfullscreen><\/iframe> <\/div><figcaption class=\"wp-element-caption\">werkvideo van mobiele graandroger<\/figcaption><\/figure>    <h2 class=\"wp-block-heading\"><strong>Beschikbare typen mobiele graandroogmachines te koop<\/strong><\/h2>    <p class=\"translation-block\"><strong>Graandroger met enkele silo<\/strong><\/p>    <figure class=\"wp-block-table\"><table class=\"has-fixed-layout\"><tbody><tr><td><strong>Silo <\/strong><strong>Volume <\/strong><strong><\/strong><\/td><td><strong>Totale afmetingen (L*B*H)mm<\/strong><\/td><td><strong>Gewicht (ton)<\/strong><\/td><td><strong>Screw Conveyor Vermogen<\/strong><\/td><td><strong>Hoofdluchtventilator Vermogen<\/strong><\/td><td><strong>Inductieventilator<\/strong><\/td><td><strong>Verzending<\/strong><\/td><\/tr><tr><td>2Ton<\/td><td>4000*1800*3800<\/td><td>2.8<\/td><td>4KW<\/td><td>3kw<\/td><td>0.75KW<\/td><td>20 gp<\/td><\/tr><tr><td>4Ton<\/td><td>4200*2200*4600<\/td><td>4.5<\/td><td>7,5 kW<\/td><td>5.5kw<\/td><td>0.75KW<\/td><td>40 hoofdkwartier<\/td><\/tr><tr><td>6Ton<\/td><td>4600*2400*5000<\/td><td>5.3<\/td><td>7,5 kW<\/td><td>7,5 kW<\/td><td>0.75KW<\/td><td>40 hoofdkwartier<\/td><\/tr><tr><td>8Ton<\/td><td>4800*2400*5600<\/td><td>6.5<\/td><td>7,5 kW<\/td><td>7,5 kW<\/td><td>0.75KW<\/td><td>40 hoofdkwartier<\/td><\/tr><tr><td>10Ton<\/td><td>4800*2500*6200<\/td><td>7.4<\/td><td>7,5 kW<\/td><td>11 kW<\/td><td>1.5KW<\/td><td>40 hoofdkwartier<\/td><\/tr><\/tbody><\/table><figcaption class=\"wp-element-caption\">technische specificaties van kleine graandrogers met enkele bak<\/figcaption><\/figure>    <p>\u00a0Opmerking: deze graaddroger kan kolen, diesel, gas of elektriciteit gebruiken als brandstof voor de verbrandingsoven.<\/p>   <div class=\"wp-block-image\"> <figure class=\"aligncenter size-full\"><img loading=\"lazy\" decoding=\"async\" width=\"720\" height=\"540\" src=\"https:\/\/taizyagromachine.com\/wp-content\/uploads\/2024\/01\/mobile-corn-maize-drying-machine.webp\" alt=\"mobiele ma\u00efsdroogmachine\" class=\"wp-image-6528\"\/><figcaption class=\"wp-element-caption\">mobiele ma\u00efsdroogmachine<\/figcaption><\/figure> <\/div>   <p class=\"translation-block\"><strong>Verschil tussen enkele en dubbele bakken<\/strong>:<\/p>    <ul class=\"wp-block-list\"> <li><strong>Enkele bak<\/strong>: De droogtijd voor elke bak bedraagt \u200b\u200b2,5-3 uur (omdat er een tijd is voor het aan- en afvoeren van graan). Elke bak verspilt overtollige warmte. De kosten voor het drogen zijn iets hoger. Het beslaat een klein oppervlak, is klein van formaat, compact en lichtgewicht.<\/li>    <li><strong>Dubbele bakken<\/strong>: De droogtijd per bak bedraagt \u200b\u200b2 uur. Twee bakken laden en lossen afwisselend graan zonder enige pauze. Het rendement is hoog en de warmte wordt volledig benut, wat de droogkosten aanzienlijk verlaagt.<\/li> <\/ul>    <h2 class=\"wp-block-heading\"><strong>Toepasselijke gewassen die moeten worden gedroogd door een mobiele graandroogmachine<\/strong><\/h2>    <p>Onze batchgraandroger die te koop is, is geschikt voor het drogen van tarwe, sorghum, ma\u00efs, rijst, granen, koolzaad en bonen.<\/p>   <div class=\"wp-block-image\"> <figure class=\"aligncenter size-full\"><img loading=\"lazy\" decoding=\"async\" width=\"720\" height=\"540\" src=\"https:\/\/taizyagromachine.com\/wp-content\/uploads\/2024\/01\/crops-that-can-be-dried-by-small-grain-dryer.webp\" alt=\"gewassen die kunnen worden gedroogd door een kleine graandroger\" class=\"wp-image-6527\"\/><figcaption class=\"wp-element-caption\">gewassen die kunnen worden gedroogd door een kleine graandroger<\/figcaption><\/figure> <\/div>   <h2 class=\"wp-block-heading\"><strong><strong>Aanbevolen droogtemperatuur voor verschillende gewassen<\/strong><\/strong><\/h2>    <figure class=\"wp-block-table\"><table class=\"has-fixed-layout\"><tbody><tr><td><strong>Graan <\/strong><strong><\/strong><\/td><td><strong>Droogtemperatuur<\/strong><strong><\/strong><\/td><\/tr><tr><td>Ma\u00efs<\/td><td>100-140\u2103<\/td><\/tr><tr><td>Tarwe<\/td><td>80\u201390\u2103<\/td><\/tr><tr><td>Rijst<\/td><td>60-70\u2103<\/td><\/tr><tr><td>Sorghum<\/td><td>100-140\u2103<\/td><\/tr><tr><td>Bonen<\/td><td>100\u2103<\/td><\/tr><tr><td>Gierst<\/td><td>80\u2103<\/td><\/tr><tr><td>Raapzaad<\/td><td>100\u2103<\/td><\/tr><\/tbody><\/table><figcaption class=\"wp-element-caption\">gewasdroogtemperatuur<\/figcaption><\/figure>    <h2 class=\"wp-block-heading\"><strong>Commercieel ontwerp voor een gewasdroger<\/strong><\/h2>    <p>Dit soort mobiele graandroger bestaat uit silo, ladder, invoerpoort, oven, cycloon, traller, conbinet, wielen, ventilatoren, enz.<\/p>   <div class=\"wp-block-image\"> <figure class=\"aligncenter size-full\"><img loading=\"lazy\" decoding=\"async\" width=\"720\" height=\"540\" src=\"https:\/\/taizyagromachine.com\/wp-content\/uploads\/2024\/01\/structure-of-mobile-grain-drying-machine.jpg\" alt=\"structuur van mobiele graandroogmachine\" class=\"wp-image-6526\"\/><figcaption class=\"wp-element-caption\">structuur van mobiele graandroogmachine<\/figcaption><\/figure> <\/div>   <p>De graanbakken zijn geheel van RVS, de voordelen van RVS silo\u2019s:<\/p>    <ul class=\"wp-block-list\"> <li>Niet bang voor mist- en watercorrosie, hoge hardheid en slijtvastheid.<\/li>    <li>Het roest niet en veroorzaakt geen grote roestvlekken, en heeft geen invloed op de kwaliteit van het graan.<\/li>    <li>Na een jaar gebruik is het RVS voor het nestjaar nog steeds als nieuw!<br><\/li> <\/ul>    <h2 class=\"wp-block-heading\"><strong>Verschillen tussen mobiele graandroogmachine en torengraandroger<\/strong><\/h2>    <figure class=\"wp-block-table\"><table><tbody><tr><td>Soorten<\/td><td>Mobiele gewasdroger<\/td><td><a href=\"https:\/\/taizyagromachine.com\/nl\/product\/paddy-dryer\/\">Torengraandroger<\/a><\/td><\/tr><tr><td>Lawaai tijdens het werken<\/td><td>Klein<\/td><td>Groot<\/td><\/tr><tr><td>Ruimte innemen<\/td><td>Laag<\/td><td>Hoog<\/td><\/tr><tr><td>Handig om te bewegen<\/td><td>Het heeft wielen, gemakkelijk te verplaatsen<\/td><td>Eenmaal ge\u00efnstalleerd, is het moeilijk te verplaatsen<\/td><\/tr><tr><td>Onderhoudskosten<\/td><td>Gemakkelijk te verplaatsen, beschermd tegen wind en regen, relatief laag<\/td><td>Het wordt het hele jaar door blootgesteld aan wind en zon en de jaarlijkse onderhoudskosten zijn zeer hoog.<\/td><\/tr><\/tbody><\/table><figcaption class=\"wp-element-caption\">verschillenlijst van twee soorten graandrogers<\/figcaption><\/figure>    <figure class=\"wp-block-gallery aligncenter has-nested-images columns-default is-cropped wp-block-gallery-2 is-layout-flex wp-block-gallery-is-layout-flex\"> <figure class=\"wp-block-image size-full\"><img loading=\"lazy\" decoding=\"async\" width=\"720\" height=\"750\" data-id=\"6533\" src=\"https:\/\/taizyagromachine.com\/wp-content\/uploads\/2024\/01\/Taizy-crop-dryer-for-sale.webp\" alt=\"Taizy gewasdroger te koop\" class=\"wp-image-6533\"\/><figcaption class=\"wp-element-caption\">Taizy gewasdroger te koop<\/figcaption><\/figure>    <figure class=\"wp-block-image size-large\"><img loading=\"lazy\" decoding=\"async\" width=\"640\" height=\"640\" data-id=\"6424\" src=\"https:\/\/taizyagromachine.com\/wp-content\/uploads\/2022\/02\/paddy-dryer-machine-for-corn.webp\" alt=\"padie droogmachine voor ma\u00efs\" class=\"wp-image-6424\"\/><figcaption class=\"wp-element-caption\">padie droogmachine voor ma\u00efs<\/figcaption><\/figure> <\/figure>    <h2 class=\"wp-block-heading\"><strong>Hoe zit het met de prijs van de mobiele graandroger?<\/strong><\/h2>    <p>De prijs van een mobiele graandroger wordt be\u00efnvloed door verschillende factoren. De belangrijkste daarvan zijn het machinemodel, de productiecapaciteit, het brandertype en of deze al dan niet op maat is gemaakt.<\/p>    <ul class=\"wp-block-list\"> <li><strong>Modellen en capaciteiten: <\/strong>De prijs van verschillende modellen en capaciteiten van ma\u00efsdrogers varieert aanzienlijk als gevolg van de kosten van productiematerialen, technisch niveau en verwerkingscapaciteit. Over het algemeen zullen grote rijstdrogers met een hoge productie een hogere verkoopprijs hebben vanwege hun hoge effici\u00ebntie en ontwerp met grote capaciteit.<\/li>    <li><strong>Brandstof voor het branden van oven<\/strong>: De selectie van het brandertype heeft ook invloed op de prijs, zoals het gebruik van een gas-, diesel-, elektriciteits- of biomassabrander. Er is een verschil in bedrijfskosten, milieuprestaties en aanschafkosten van apparatuur.<\/li>    <li><strong>Maatwerk<\/strong>: Of de mobiele graandroger een gepersonaliseerde maatwerkservice biedt, is ook een belangrijke indicator om de prijs te bepalen. Extra maatwerkmogelijkheden zoals een intelligent besturingssysteem, nauwkeurig vochtmonitoringsysteem of duurzame materialen voor speciale gebruiksomgevingen zullen de prijs doen stijgen.<\/li> <\/ul>    <figure class=\"wp-block-gallery aligncenter has-nested-images columns-default is-cropped wp-block-gallery-3 is-layout-flex wp-block-gallery-is-layout-flex\"> <figure class=\"wp-block-image size-large\"><img loading=\"lazy\" decoding=\"async\" width=\"720\" height=\"750\" data-id=\"6529\" src=\"https:\/\/taizyagromachine.com\/wp-content\/uploads\/2024\/01\/mobile-grain-dryer-machine.webp\" alt=\"mobiele graandroogmachine\" class=\"wp-image-6529\"\/><figcaption class=\"wp-element-caption\">mobiele graandroogmachine<\/figcaption><\/figure>    <figure class=\"wp-block-image size-large\"><img loading=\"lazy\" decoding=\"async\" width=\"720\" height=\"750\" data-id=\"6530\" src=\"https:\/\/taizyagromachine.com\/wp-content\/uploads\/2024\/01\/small-batch-grain-dryer-for-sale.webp\" alt=\"Kleine batch graandroger te koop\" class=\"wp-image-6530\"\/><figcaption class=\"wp-element-caption\">Kleine batch graandroger te koop<\/figcaption><\/figure> <\/figure>    <p>Samenvattend moet u bij de aanschaf van mobiele graandrogers rekening houden met uw eigen productiebehoeften, verwachte effici\u00ebntie, energieverbruikskosten en gepersonaliseerde configuraties om ervoor te zorgen dat u aan de werkelijke behoeften voldoet en tegelijkertijd de investeringskosten redelijk onder controle houdt.<\/p>    <h2 class=\"wp-block-heading\"><strong>Taizy: een erkende fabrikant van graandrogers<\/strong><\/h2>    <p>Met zijn professionele technologie, rijke productassortiment, hoge kwaliteitsnormen, flexibele aanpassingsmogelijkheden en uitgebreid after-sales servicesysteem worden we een betrouwbare leverancier van graandrogers op nationaal en internationaal landbouwgebied.<\/p>    <ul class=\"wp-block-list\"> <li><strong>Professionele technische sterkte<\/strong>: Taizy heeft een sterk technisch onderzoeks- en ontwikkelingsteam en een geavanceerd productieproces, voortdurende innovatie en optimalisatie van productontwerp, om ervoor te zorgen dat de productie van mobiele graandrogers in termen van prestaties, effici\u00ebntie en energiebesparing het toonaangevende niveau in de sector heeft bereikt.<\/li>    <li><strong>Gepersonaliseerde service op maat<\/strong>: We zijn goed in ontwerp op maat volgens de specifieke omstandigheden en behoeften van klanten, inclusief selectie van brandertypes, afstemming van warmtebronnen, configuratie van intelligente besturingssystemen, enz., om aan de behoeften van gediversifieerde markten te voldoen.<\/li>    <li><strong>Perfecte after-sales service<\/strong>: Taizy belooft klanten een zorgeloze service-ervaring te bieden, inclusief maar niet beperkt tot installatie en inbedrijfstelling, bedieningstraining, after-sales onderhoud en technische ondersteuning, om ervoor te zorgen dat de ma\u00efsdroger effici\u00ebnt en stabiel werkt gedurende de hele gebruikscyclus.<\/li>    <li><strong>Internationale erkenning en samenwerking<\/strong>: Als gerenommeerd merk heeft Taizy niet alleen een solide positie op de binnenlandse markt opgebouwd, maar ook brede bekendheid gekregen op de internationale markt. Het heeft een langdurige samenwerking tot stand gebracht met ondernemingen in veel landen en regio's, wat het concurrentievermogen van zijn producten en internationale visie bewijst.<\/li> <\/ul>    <figure class=\"wp-block-gallery aligncenter has-nested-images columns-default is-cropped wp-block-gallery-4 is-layout-flex wp-block-gallery-is-layout-flex\"> <figure class=\"wp-block-image size-large\"><img loading=\"lazy\" decoding=\"async\" width=\"720\" height=\"750\" data-id=\"6531\" src=\"https:\/\/taizyagromachine.com\/wp-content\/uploads\/2024\/01\/mobile-grain-dryer-for-rice-wheat-corn.webp\" alt=\"mobiele graandroger voor rijsttarwema\u00efs\" class=\"wp-image-6531\"\/><figcaption class=\"wp-element-caption\">mobiele graandroger voor rijsttarwema\u00efs<\/figcaption><\/figure>    <figure class=\"wp-block-image size-large\"><img loading=\"lazy\" decoding=\"async\" width=\"720\" height=\"750\" data-id=\"6532\" src=\"https:\/\/taizyagromachine.com\/wp-content\/uploads\/2024\/01\/portable-grain-dryer-for-maize.webp\" alt=\"draagbare graandroger voor ma\u00efs\" class=\"wp-image-6532\"\/><figcaption class=\"wp-element-caption\">draagbare graandroger voor ma\u00efs<\/figcaption><\/figure> <\/figure>    <h2 class=\"wp-block-heading\"><strong>Veelgestelde vragen over mobiele graandroogmachines<\/strong><\/h2>   <div id=\"rank-math-faq\" class=\"rank-math-block\"> <div class=\"rank-math-list\"> <div id=\"faq-question-1706252443000\" class=\"rank-math-list-item\"> <h3 class=\"rank-math-question\"><strong>Van welk materiaal is de graandroger?<\/strong><\/h3> <div class=\"rank-math-answer\">  <p>De mobiele graanbak is van roestvrij staal. Het verwarmingsgedeelte is van koolstofstaal.<\/p>  <\/div> <\/div> <div id=\"faq-question-1706252513798\" class=\"rank-math-list-item\"> <h3 class=\"rank-math-question\"><strong>Hoe zit het met de voordelen van roestvrij staal en gegalvaniseerd staal?<\/strong><\/h3> <div class=\"rank-math-answer\">  <p class=\"translation-block\"><strong>Voordelen van roestvrij staal<\/strong>: Wanneer de machine draait, komt waterdamp naar buiten. Roestvrij staal is niet bang voor corrosie en krijgt geen roestvlekken. Zelfs als het dit jaar wordt gebruikt, is het volgend jaar nog prima nadat de machine opgeborgen is. <br \/><strong>Voordelen van gegalvaniseerd staal<\/strong>: Het is goedkoop maar het roest.<\/p>  <\/div> <\/div> <div id=\"faq-question-1706255494220\" class=\"rank-math-list-item\"> <h3 class=\"rank-math-question\"><strong>Welke gewassen kunnen drogen? Hoeveel graden is de temperatuur? Kan de temperatuurregeling worden geregeld?<\/strong><\/h3> <div class=\"rank-math-answer\">  <p class=\"translation-block\">Onze mobiele graan-droger kan mais, tarwe, bonen, rijst, sorghum en koolzaad drogen.<br \/>Onze droger werkt op warme lucht en zal de kwaliteit van het graan niet beschadigen. De kleur wordt niet be\u00efnvloed. <a href=\"https:\/\/en.wikipedia.org\/wiki\/Grain\" target=\"_blank\" rel=\"noopener\">Granen<\/a> kunnen gegeten worden.<br \/><strong>Mais temperatuur<\/strong>: 100-140 graden<br \/><strong>Tarwe temperatuur<\/strong>: 80-90 graden<br \/><strong>Rijst temperatuur<\/strong>: 60-70 graden<br \/><strong>Sorghum temperatuur<\/strong>: 100-140 graden<br \/><strong>Bonen temperatuur<\/strong>: 100 graden<br \/><strong>Graan temperatuur<\/strong>: 80 graden (met 1 mm gaas)<br \/><strong>Koolzaad temperatuur<\/strong>: 100 graden (met 1 mm gaas)<\/p>  <\/div> <\/div> <div id=\"faq-question-1706256407163\" class=\"rank-math-list-item\"> <h3 class=\"rank-math-question\"><strong>Wat kan worden gebruikt voor de warmtebron?<\/strong><\/h3> <div class=\"rank-math-answer\">  <p>Kolen, diesel, methanol, biomassa, elektriciteit.<\/p>  <\/div> <\/div> <div id=\"faq-question-1706256430292\" class=\"rank-math-list-item\"> <h3 class=\"rank-math-question\"><strong>Hoe lang is de garantie?<\/strong><\/h3> <div class=\"rank-math-answer\">  <p>De hele machinegarantie van \u00e9\u00e9n jaar.<\/p>  <\/div> <\/div> <div id=\"faq-question-1706256454820\" class=\"rank-math-list-item\"> <h3 class=\"rank-math-question\"><strong>Als ik niet weet hoe ik het moet gebruiken, kun je dan naar mijn fabriek komen om het te installeren?<\/strong><\/h3> <div class=\"rank-math-answer\">  <p>Als je niet weet hoe je het moet gebruiken, doen we deur-tot-deur installatie en debuggen, maar vergoeden we de reiskosten en basisvoedsel en accommodatie.<\/p>  <\/div> <\/div> <\/div> <\/div>","protected":false},"excerpt":{"rendered":"<p>Our mobile grain dryer is specially designed for various crops drying, such as rice, wheat, maize, soybeans, etc. The main function is to quickly and effectively remove water from newly harvested grain to ensure that the grain reaches a safe moisture content before warehousing and storage to prevent losses such as mould, germination and insect [&hellip;]<\/p>\n","protected":false},"author":1,"featured_media":6524,"parent":0,"template":"","tags":[223],"product-type":[30],"class_list":["post-6523","product","type-product","status-publish","has-post-thumbnail","hentry","tag-grain-drying","product-type-grain-dryer"],"_links":{"self":[{"href":"https:\/\/taizyagromachine.com\/nl\/wp-json\/wp\/v2\/product\/6523","targetHints":{"allow":["GET"]}}],"collection":[{"href":"https:\/\/taizyagromachine.com\/nl\/wp-json\/wp\/v2\/product"}],"about":[{"href":"https:\/\/taizyagromachine.com\/nl\/wp-json\/wp\/v2\/types\/product"}],"author":[{"embeddable":true,"href":"https:\/\/taizyagromachine.com\/nl\/wp-json\/wp\/v2\/users\/1"}],"wp:featuredmedia":[{"embeddable":true,"href":"https:\/\/taizyagromachine.com\/nl\/wp-json\/wp\/v2\/media\/6524"}],"wp:attachment":[{"href":"https:\/\/taizyagromachine.com\/nl\/wp-json\/wp\/v2\/media?parent=6523"}],"wp:term":[{"taxonomy":"post_tag","embeddable":true,"href":"https:\/\/taizyagromachine.com\/nl\/wp-json\/wp\/v2\/tags?post=6523"},{"taxonomy":"product-type","embeddable":true,"href":"https:\/\/taizyagromachine.com\/nl\/wp-json\/wp\/v2\/product-type?post=6523"}],"curies":[{"name":"wp","href":"https:\/\/api.w.org\/{rel}","templated":true}]}}