{"id":7059,"date":"2024-09-25T18:30:15","date_gmt":"2024-09-25T10:30:15","guid":{"rendered":"https:\/\/taizyagromachine.com\/?post_type=product&#038;p=7059"},"modified":"2024-10-15T09:44:10","modified_gmt":"2024-10-15T01:44:10","slug":"maize-grit-plant","status":"publish","type":"product","link":"https:\/\/taizyagromachine.com\/nl\/product\/maize-grit-plant\/","title":{"rendered":"Volautomatische ma\u00efsgritinstallatie"},"content":{"rendered":"<p class=\"translation-block\">[Taizy <strong>maize grit plant<\/strong> is volledig automatisch voor ma\u00efsverwerking om grote &amp; kleine ma\u00efsgrutten en ma\u00efszetmeel te maken met de natte methode. De uiteindelijke producten hebben een formaat van 0,8-8 mm (ma\u00efszetmeel of ma\u00efsgrutten).]<\/p>    <p>Deze ma\u00efsgruttenplant gebruikt een dubbele schilmethode om het eindproduct van hogere kwaliteit te maken. Bovendien bedraagt \u200b\u200bde output van \u00e9\u00e9n machine voor het maken van ma\u00efsgrutten in de gehele ma\u00efsontkiemings- en maalinstallatie 200-400 kg\/uur. Als u een hoger rendement wilt, kunt u meer uitrusten. U kunt ons ook raadplegen voor nauwkeurigere informatie.<\/p>    <figure class=\"wp-block-embed is-type-video is-provider-youtube wp-block-embed-youtube wp-embed-aspect-16-9 wp-has-aspect-ratio\"><div class=\"wp-block-embed__wrapper\"> <iframe loading=\"lazy\" title=\"Volledige verwerking van ma\u00efsgrutten en ma\u00efsmeel: reinigen, schillen en malen met ma\u00efsgruttenmachine\" width=\"500\" height=\"281\" src=\"https:\/\/www.youtube.com\/embed\/re0Wd3-MQH4?feature=oembed\" frameborder=\"0\" allow=\"accelerometer; autoplay; clipboard-write; encrypted-media; gyroscope; picture-in-picture; web-share\" referrerpolicy=\"strict-origin-when-cross-origin\" allowfullscreen><\/iframe> <\/div><figcaption class=\"wp-element-caption\">natte ma\u00efsgrutten die machinefabriek maken<\/figcaption><\/figure>    <h2 class=\"wp-block-heading\"><strong>Hoe maak je stap voor stap ma\u00efsgrutten en ma\u00efsmeel?<\/strong><\/h2>    <p class=\"translation-block\">De stappen van deze ma\u00efsgrit-installatie zijn <strong>ma\u00efsreiniging \u2192 bevochtigen \u2192 pellen \u2192 ma\u00efsmaling en grit-making<\/strong>. We hebben bijpassende apparatuur om deze activiteiten uit te voeren. Zie hieronder de details.<\/p>   <div class=\"wp-block-image\"> <figure class=\"aligncenter size-full\"><img loading=\"lazy\" decoding=\"async\" width=\"842\" height=\"363\" src=\"https:\/\/taizyagromachine.com\/wp-content\/uploads\/2024\/09\/flow-chart-of-maize-grits-processing-plant.webp\" alt=\"stroomschema van ma\u00efsgruttenverwerkingsfabriek\" class=\"wp-image-7073\" srcset=\"https:\/\/taizyagromachine.com\/wp-content\/uploads\/2024\/09\/flow-chart-of-maize-grits-processing-plant.webp 842w, https:\/\/taizyagromachine.com\/wp-content\/uploads\/2024\/09\/flow-chart-of-maize-grits-processing-plant-18x8.webp 18w\" sizes=\"auto, (max-width: 842px) 100vw, 842px\" \/><figcaption class=\"wp-element-caption\">stroomschema van ma\u00efsgruttenverwerkingsfabriek<\/figcaption><\/figure> <\/div>   <ol class=\"wp-block-list\"> <li><strong>Ma\u00efs schoonmaken<\/strong>: deze stap is bedoeld om onzuiverheden, stenen enz. uit de ma\u00efs te verwijderen.<\/li>    <li><strong>Inweken<\/strong>: week de ma\u00efs na het schoonmaken in water om de ma\u00efs zacht te maken.<\/li>    <li><strong>Peeling<\/strong>: dan de ma\u00efsschillen. Het is goed voor latere ma\u00efsgrutten en ma\u00efsmeelmalen.<\/li>    <li><strong>Slijpen<\/strong>: deze stap bestaat uit het opnieuw schillen van de ma\u00efsschillen en het vervolgens malen en malen van de gepelde ma\u00efs tot de benodigde korrels en bloem.<\/li> <\/ol>    <p class=\"translation-block\"><strong>Equipment in elke stap<\/strong><\/p>    <ul class=\"wp-block-list\"> <li><a href=\"https:\/\/taizyagromachine.com\/nl\/product\/corn-cleaning-machine\/\"><strong>Ma\u00efs schoner<\/strong><\/a>: het verwijdert de onzuiverheden uit de ma\u00efs.<\/li>    <li><strong>Silo<\/strong>: Het houdt voornamelijk ma\u00efs vast en weekt het.<\/li>    <li><a href=\"https:\/\/taizyagromachine.com\/nl\/product\/corn-peeling-machine-maize-skin-remove\/\"><strong>Ma\u00efsschilmachine<\/strong><\/a>: de maisdoppen worden verwijderd.<\/li>    <li><a href=\"https:\/\/taizyagromachine.com\/nl\/product\/maize-grits-milling-machine\/\"><strong>Ma\u00efsgritmachine<\/strong><\/a>: deze machine maalt de verwerkte mais tot ma\u00efsmeel en maisgrutten.<\/li> <\/ul>    <p class=\"translation-block\"><strong>Machineconfiguratieparameters van ma\u00efsgrits-verwerkingsinstallatie<\/strong><\/p>    <figure class=\"wp-block-table\"><table class=\"has-fixed-layout\"><tbody><tr><td>S\/N<\/td><td>Naam<\/td><td>Stroom<\/td><\/tr><tr><td>1<\/td><td>Ma\u00efs reinigingsmachine<\/td><td>4 kW<\/td><\/tr><tr><td>2<\/td><td>Silo<\/td><td>1,5 kW<\/td><\/tr><tr><td>3<\/td><td>Machine voor het schillen van ma\u00efs<\/td><td>11 kW<\/td><\/tr><tr><td>4<\/td><td>Machine voor het maken van ma\u00efsgrutten<\/td><td>7,5+5,5 kW<\/td><\/tr><\/tbody><\/table><figcaption class=\"wp-element-caption\">configuratielijst voor de productie-installatie voor ma\u00efsgrutten en ziektekiemen<\/figcaption><\/figure>    <p>Naast bovengenoemde apparatuur dient onze ma\u00efsgritinstallatie nog te voldoen aan de:<\/p>    <ul class=\"wp-block-list\"> <li>Transportband<\/li>    <li>Lift<\/li>    <li>Dubbele lift<\/li>    <li>Hopper<\/li>    <li>Verdeelkast<\/li> <\/ul>    <p>Wilt u meer informatie, neem dan gerust contact met ons op. We zullen de machinegegevens ter referentie verstrekken. <\/p>   <div class=\"wp-block-image\"> <figure class=\"aligncenter size-full\"><img loading=\"lazy\" decoding=\"async\" width=\"1020\" height=\"540\" src=\"https:\/\/taizyagromachine.com\/wp-content\/uploads\/2024\/09\/corn-grits-and-flour-milling-plant-in-the-factory.webp\" alt=\"ma\u00efsgrutten en meelfabriek in de fabriek\" class=\"wp-image-7077\" srcset=\"https:\/\/taizyagromachine.com\/wp-content\/uploads\/2024\/09\/corn-grits-and-flour-milling-plant-in-the-factory.webp 1020w, https:\/\/taizyagromachine.com\/wp-content\/uploads\/2024\/09\/corn-grits-and-flour-milling-plant-in-the-factory-18x10.webp 18w\" sizes=\"auto, (max-width: 1020px) 100vw, 1020px\" \/><figcaption class=\"wp-element-caption\">ma\u00efsgrutten en meelfabriek in de fabriek<\/figcaption><\/figure> <\/div>   <h2 class=\"wp-block-heading\"><strong>Voordelen van ma\u00efsgritplant<\/strong><\/h2>    <p>De ma\u00efsgruttenfabriek biedt verschillende voordelen, waaronder:<\/p>    <ul class=\"wp-block-list\"> <li>De ma\u00efsontkiemings- en maalinstallatie kan dat wel <strong>maak ma\u00efsgrutten en ma\u00efsmeel van 0,8-8 mm<\/strong> om aan verschillende klantbehoeften te voldoen.<\/li>    <li><strong>1 persoon kan de hele installatie bedienen<\/strong>, dat een hoge mate van automatisering kent.<\/li>    <li>Onze machinefabriek voor ma\u00efsgrutten is dat wel <strong>energiebesparend en milieuvriendelijk<\/strong>. Het maakt gebruik van geavanceerde technologie en apparatuur om het energieverbruik te verminderen.<\/li>    <li>Deze plant is<strong> voedselveilig<\/strong>, hygi\u00ebnisch en veilig.<\/li>    <li>Wij kunnen <strong>configureer de apparatuur flexibel<\/strong> om aan uw behoeften te voldoen.<\/li>    <li>Het is een <strong>snel rendement op de investering<\/strong>. Het heeft een korte productiecyclus en een snel rendement op de investering.<\/li> <\/ul>   <div class=\"wp-block-image\"> <figure class=\"aligncenter size-full\"><img loading=\"lazy\" decoding=\"async\" width=\"720\" height=\"540\" src=\"https:\/\/taizyagromachine.com\/wp-content\/uploads\/2024\/09\/maize-grit-plant-for-corn-processing.webp\" alt=\"ma\u00efsgruisinstallatie voor ma\u00efsverwerking\" class=\"wp-image-7079\" srcset=\"https:\/\/taizyagromachine.com\/wp-content\/uploads\/2024\/09\/maize-grit-plant-for-corn-processing.webp 720w, https:\/\/taizyagromachine.com\/wp-content\/uploads\/2024\/09\/maize-grit-plant-for-corn-processing-16x12.webp 16w\" sizes=\"auto, (max-width: 720px) 100vw, 720px\" \/><figcaption class=\"wp-element-caption\">ma\u00efsgruisinstallatie voor ma\u00efsverwerking<\/figcaption><\/figure> <\/div>   <h2 class=\"wp-block-heading\"><strong>Toepassingen van ma\u00efsgrutten maalinstallatie<\/strong><\/h2>    <p>De eindproducten van de ma\u00efsgruttenmachinefabriek zijn ma\u00efsgrutten en ma\u00efsmeel. Ma\u00efsgrutten en ma\u00efsmeel worden veel gebruikt in de voedselverwerking, diervoederverwerking en andere industrie\u00ebn.<\/p>    <ul class=\"wp-block-list\"> <li><strong>Thuisconsumptie<\/strong>: gestoomd brood, pap, etc.<\/li>    <li><strong>Voedselverwerking<\/strong>: als grondstof voor bakken, pasta, ontbijtproducten, enz.<\/li>    <li><strong>Voerverwerking<\/strong>: gebruikt als grondstof voor vee- en pluimveevoer.<\/li>    <li><strong>Zetmeelproductie<\/strong>: gebruikt als grondstof voor de productie van zetmeel.<\/li> <\/ul>    <h2 class=\"wp-block-heading\"><strong>Wat is de prijs van een ma\u00efskorrelmachinefabriek?<\/strong><\/h2>    <p>De prijs van Taizy ma\u00efsgritplant varieert afhankelijk van capaciteit, configuratie en merk. Over het algemeen zal de prijs van een klein verwerkingsbedrijf relatief laag zijn, terwijl de investering in grote, volledig geautomatiseerde apparatuur hoger zal zijn.<\/p>    <p>Als u specifieke offerte-informatie wilt opvragen, raden wij u aan direct contact met ons op te nemen. Vertel ons uw specifieke wensen en budget, en wij bezorgen u op basis daarvan de beste offerte.<\/p>   <div class=\"wp-block-image\"> <figure class=\"aligncenter size-full\"><img loading=\"lazy\" decoding=\"async\" width=\"720\" height=\"540\" src=\"https:\/\/taizyagromachine.com\/wp-content\/uploads\/2024\/09\/corn-grit-machine-plant-display.webp\" alt=\"ma\u00efsgrit machinefabriek display\" class=\"wp-image-7081\" srcset=\"https:\/\/taizyagromachine.com\/wp-content\/uploads\/2024\/09\/corn-grit-machine-plant-display.webp 720w, https:\/\/taizyagromachine.com\/wp-content\/uploads\/2024\/09\/corn-grit-machine-plant-display-16x12.webp 16w\" sizes=\"auto, (max-width: 720px) 100vw, 720px\" \/><figcaption class=\"wp-element-caption\">ma\u00efsgrit machinefabriek display<\/figcaption><\/figure> <\/div>   <h2 class=\"wp-block-heading\"><strong>Waarom kiezen voor Taizy ma\u00efsgruttenplant?<\/strong><\/h2>    <p class=\"translation-block\">De reden om Taizy te kiezen boven vele <a href=\"https:\/\/taizyagromachine.com\/nl\/product\/maize-grits-milling-machine\/\">ma\u00efsgrits-maker<\/a>-leveranciers op de markt is:<\/p>    <ul class=\"wp-block-list\"> <li><strong>Geavanceerde technologie<\/strong>. Taizy heeft vele jaren ervaring in het ontwikkelen en produceren van ma\u00efsverwerkingsapparatuur. <\/li>    <li><strong>Betrouwbare kwaliteit<\/strong>. Onze producten zijn gemaakt van hoogwaardige materialen en zijn duurzaam. De interne structuur van onze machine voor het maken van ma\u00efsgrutten is bijvoorbeeld van staal.<\/li>    <li><strong>Service op maat<\/strong>. Wij bieden oplossingen op maat volgens uw behoeften.<\/li>    <li><strong>Betrouwbare after-sales service<\/strong>. Machinetest, inbedrijfstelling, gebruikershandleiding, online begeleiding, etc.<\/li> <\/ul>   <div class=\"wp-block-image\"> <figure class=\"aligncenter size-full\"><img loading=\"lazy\" decoding=\"async\" width=\"720\" height=\"500\" src=\"https:\/\/taizyagromachine.com\/wp-content\/uploads\/2024\/09\/maize-corn-grits-flour-milling-processing-plant.webp\" alt=\"ma\u00efs ma\u00efsgrutten meelfabriek verwerkingsbedrijf\" class=\"wp-image-7083\" srcset=\"https:\/\/taizyagromachine.com\/wp-content\/uploads\/2024\/09\/maize-corn-grits-flour-milling-processing-plant.webp 720w, https:\/\/taizyagromachine.com\/wp-content\/uploads\/2024\/09\/maize-corn-grits-flour-milling-processing-plant-18x12.webp 18w\" sizes=\"auto, (max-width: 720px) 100vw, 720px\" \/><figcaption class=\"wp-element-caption\">ma\u00efs ma\u00efsgrutten meelfabriek verwerkingsbedrijf<\/figcaption><\/figure> <\/div>   <h2 class=\"wp-block-heading\"><strong>Neem nu contact met ons op voor meer details!<\/strong><\/h2>    <p class=\"translation-block\">Als u interesse heeft in de Taizy- ma\u00efsgrits-verwerkingsinstallatie of vragen heeft, neem dan gerust contact met ons op. We leveren graag gedetailleerde informatie en suggesties om u te helpen de meest geschikte apparatuur te kiezen die voldoet aan uw <a href=\"https:\/\/en.wikipedia.org\/wiki\/Grits\" target=\"_blank\" rel=\"noopener\">ma\u00efsgrits<\/a>-maakbehoeften.<\/p>","protected":false},"excerpt":{"rendered":"<p>Taizy ma\u00efsgruisplant is bedoeld voor ma\u00efsverwerking om grote en kleine ma\u00efsgrutten en ma\u00efsmeel te maken volgens de natte methode. De uiteindelijke productgrootte is 0,8-8 mm. <\/p>","protected":false},"author":1,"featured_media":7072,"parent":0,"template":"","tags":[228,226,227],"product-type":[27],"class_list":["post-7059","product","type-product","status-publish","has-post-thumbnail","hentry","tag-corn-flour","tag-corn-grits","tag-maize-grits","product-type-solutions"],"_links":{"self":[{"href":"https:\/\/taizyagromachine.com\/nl\/wp-json\/wp\/v2\/product\/7059","targetHints":{"allow":["GET"]}}],"collection":[{"href":"https:\/\/taizyagromachine.com\/nl\/wp-json\/wp\/v2\/product"}],"about":[{"href":"https:\/\/taizyagromachine.com\/nl\/wp-json\/wp\/v2\/types\/product"}],"author":[{"embeddable":true,"href":"https:\/\/taizyagromachine.com\/nl\/wp-json\/wp\/v2\/users\/1"}],"wp:featuredmedia":[{"embeddable":true,"href":"https:\/\/taizyagromachine.com\/nl\/wp-json\/wp\/v2\/media\/7072"}],"wp:attachment":[{"href":"https:\/\/taizyagromachine.com\/nl\/wp-json\/wp\/v2\/media?parent=7059"}],"wp:term":[{"taxonomy":"post_tag","embeddable":true,"href":"https:\/\/taizyagromachine.com\/nl\/wp-json\/wp\/v2\/tags?post=7059"},{"taxonomy":"product-type","embeddable":true,"href":"https:\/\/taizyagromachine.com\/nl\/wp-json\/wp\/v2\/product-type?post=7059"}],"curies":[{"name":"wp","href":"https:\/\/api.w.org\/{rel}","templated":true}]}}