{"id":7334,"date":"2024-11-27T17:40:53","date_gmt":"2024-11-27T09:40:53","guid":{"rendered":"https:\/\/taizyagromachine.com\/?post_type=product&#038;p=7334"},"modified":"2024-11-28T10:50:08","modified_gmt":"2024-11-28T02:50:08","slug":"no-till-corn-planter-machine","status":"publish","type":"product","link":"https:\/\/taizyagromachine.com\/nl\/product\/no-till-corn-planter-machine\/","title":{"rendered":"Ma\u00efszaaimachine zonder grondbewerking voor tractor"},"content":{"rendered":"<p class=\"translation-block\">Deze <strong>ma\u00efszaaimachine<\/strong> is een 2BYSF-serie en kan ma\u00efszaad, sojabonen of sorghum bemesten en zaaien in vlakke en heuvelachtige gebieden. Het is ontworpen om te werken met de 4-wielige tractor (12-100 pk), voor grootschalige landbouwzaaiingen.<\/p>    <p>Taizy ma\u00efsplanter heeft een rijafstand van 428-570 mm, een plantafstand van 140-280 mm en een graafdiepte van 60-80 mm. Deze zijn verstelbaar om aan uw ma\u00efszaaibehoeften te voldoen. <\/p>    <p>Met zijn hoge effici\u00ebntie, precisie en veelzijdigheid is het een belangrijk hulpmiddel geworden voor gemoderniseerde landbouwbeplanting. Als u op zoek bent naar een ma\u00efsplantmachine, neem dan gerust contact met ons op voor meer informatie!<\/p>    <figure class=\"wp-block-embed is-type-video is-provider-youtube wp-block-embed-youtube wp-embed-aspect-16-9 wp-has-aspect-ratio\"><div class=\"wp-block-embed__wrapper\"> <iframe loading=\"lazy\" title=\"Effici\u00ebnte ma\u00efsplantmachine voor tractor | Ma\u00efszaaien met hoge precisie | Ma\u00efsplanter zonder grondbewerking\" width=\"500\" height=\"281\" src=\"https:\/\/www.youtube.com\/embed\/RaK92i2FgL4?feature=oembed\" frameborder=\"0\" allow=\"accelerometer; autoplay; clipboard-write; encrypted-media; gyroscope; picture-in-picture; web-share\" referrerpolicy=\"strict-origin-when-cross-origin\" allowfullscreen><\/iframe> <\/div><figcaption class=\"wp-element-caption\">video van rijenplanter te koop<\/figcaption><\/figure>    <h2 class=\"wp-block-heading\"><strong>Voordelen van zaadma\u00efsplantermachine<\/strong><\/h2>    <ul class=\"wp-block-list\"> <li><strong>Zaaien op meerdere rijen<\/strong>: hij kan meestal 2, 3, 4, 5 of zelfs meer rijen zaaien en kan in \u00e9\u00e9n keer een grote beplanting voltooien.<\/li>    <li><strong>Nauwkeurige controle<\/strong>: de zaaidiepte, afstand en rijafstand van het zaad kunnen worden aangepast om de netheid van het planten en de kiemkracht van het zaad te garanderen.<\/li>    <li><strong>Effici\u00ebnte werking<\/strong>: afhankelijk van de tractie van de tractor, is het geschikt voor het beplanten van landbouwgrond op grote oppervlakken en bestrijkt het een groot gebied in \u00e9\u00e9n enkele handeling, wat de planteffici\u00ebntie aanzienlijk verbetert.<\/li>    <li><strong>Multifunctionaliteit<\/strong>: deze zaaimachine ondersteunt de gelijktijdige werking van het bemesten, waardoor de integratie van zaaien en bemesten wordt gerealiseerd.<\/li>    <li><strong>Eenvoudig onderhoud<\/strong>: eenvoudige structuur van de apparatuur, sterke duurzaamheid, geschikt voor meerdere operaties met hoge intensiteit.<\/li> <\/ul>   <div class=\"wp-block-image\"> <figure class=\"aligncenter size-full\"><img loading=\"lazy\" decoding=\"async\" width=\"720\" height=\"540\" src=\"https:\/\/taizyagromachine.com\/wp-content\/uploads\/2024\/11\/Taizy-corn-and-soybean-planter.webp\" alt=\"Taizy ma\u00efs- en sojabonenplanter\" class=\"wp-image-7351\" srcset=\"https:\/\/taizyagromachine.com\/wp-content\/uploads\/2024\/11\/Taizy-corn-and-soybean-planter.webp 720w, https:\/\/taizyagromachine.com\/wp-content\/uploads\/2024\/11\/Taizy-corn-and-soybean-planter-16x12.webp 16w\" sizes=\"auto, (max-width: 720px) 100vw, 720px\" \/><figcaption class=\"wp-element-caption\">Taizy ma\u00efs- en sojabonenplanter<\/figcaption><\/figure> <\/div>   <h2 class=\"wp-block-heading\"><strong>Technische parameters van ma\u00efsplantmachine<\/strong><\/h2>    <p>Als professionele fabrikant en producent van landbouwmachines hebben wij maiszaaimachines in verschillende rijgroottes. Onze plantenbakken hebben verstelbare plant- en rijafstanden. Raadpleeg de volgende tabel voor specifieke parameterdetails.<\/p>    <figure class=\"wp-block-table\"><table class=\"has-fixed-layout\"><tbody><tr><td>Model<\/td><td>2BYSF-2<\/td><td>2BYSF-3<\/td><td>2BYSF-4<\/td><td>2BYSF-5<\/td><td>2BYSF-6<\/td><td>2BYSF-8<\/td><\/tr><tr><td>Maat<\/td><td>1,57*1,3*1,2m<\/td><td>1,57*1,7*1,2m<\/td><td>1,62*2,35*1,2m<\/td><td>1,62*2,75*1,2m<\/td><td>1,62*3,35*1,2m<\/td><td>1,64*4,6*1,2m<\/td><\/tr><tr><td>Rij<\/td><td>2<\/td><td>3<\/td><td>4<\/td><td>5<\/td><td>6<\/td><td>8<\/td><\/tr><tr><td>Rij-afstand<\/td><td>428-570 mm<\/td><td>428-570 mm<\/td><td>428-570 mm<\/td><td>428-570 mm<\/td><td>428-570 mm<\/td><td>428-570 mm<\/td><\/tr><tr><td>Plantafstand<\/td><td>140-280 mm<\/td><td>140-280 mm<\/td><td>140-280 mm<\/td><td>140-280 mm<\/td><td>140-280 mm<\/td><td>140-280 mm<\/td><\/tr><tr><td>Diepte van het graven<\/td><td>60-80 mm<\/td><td>60-80 mm<\/td><td>60-80 mm<\/td><td>60-80 mm<\/td><td>60-80 mm<\/td><td>60-80 mm<\/td><\/tr><tr><td>Bemestingsdiepte<\/td><td>60-80 mm<\/td><td>60-80 mm<\/td><td>60-80 mm<\/td><td>60-80 mm<\/td><td>60-80 mm<\/td><td>60-80 mm<\/td><\/tr><tr><td>Zaaidiepte<\/td><td>30-50 mm<\/td><td>30-50 mm<\/td><td>30-50 mm<\/td><td>30-50 mm<\/td><td>30-50 mm<\/td><td>30-50 mm<\/td><\/tr><tr><td>Capaciteit kunstmesttank<\/td><td>18,75Lx2<\/td><td>18,75Lx3<\/td><td>18,75Lx4<\/td><td>18,75Lx5<\/td><td>18,75Lx6<\/td><td>18,75Lx8<\/td><\/tr><tr><td>Capaciteit zaadbak<\/td><td>8,5Lx2<\/td><td>8,5Lx3<\/td><td>8,5Lx4<\/td><td>8,5Lx5<\/td><td>8,5Lx6<\/td><td>8,5Lx 8<\/td><\/tr><tr><td>Gewicht<\/td><td>150 kg<\/td><td>200 kg<\/td><td>295 kg<\/td><td>360 kg<\/td><td>425 kg<\/td><td>650 kg<\/td><\/tr><tr><td>Matchende kracht<\/td><td>&nbsp;12-18 pk<\/td><td>15-25 pk<\/td><td>25-40 pk<\/td><td>40-60 pk<\/td><td>50-80 pk<\/td><td>75-100 pk<\/td><\/tr><tr><td>Koppeling<\/td><td>&nbsp;3-puntig<\/td><td>&nbsp;3-puntig<\/td><td>&nbsp;3-puntig<\/td><td>&nbsp;3-puntig<\/td><td>&nbsp;3-puntig<\/td><td>&nbsp;3-puntig<\/td><\/tr><\/tbody><\/table><figcaption class=\"wp-element-caption\">technische gegevens van 3-punts ma\u00efsplanter te koop<\/figcaption><\/figure>    <h2 class=\"wp-block-heading\"><strong>Structuur van Taizy rijma\u00efsplanter<\/strong><\/h2>    <p>Deze ma\u00efs- en bonenplanter bestaat uit een ma\u00efszaaibak, een kunstmestbak, een rijruimteregelaar, een ma\u00efszaadafstandsregelaar, een greppelopener, een bodembedekkend apparaat, enz.<\/p>    <ul class=\"wp-block-list\"> <li><strong>Zaaddoos:<\/strong> grote capaciteit, kan voldoen aan de vraag van langdurig continu gebruik.<\/li>    <li><strong>Vorenopener<\/strong>: gelijkmatige vooropening, geschikt voor verschillende bodemomstandigheden.<\/li>    <li><strong>Mulch-apparaat<\/strong>: het kan de mulchbewerking na het zaaien snel voltooien en de groeiomgeving van zaden beschermen.<\/li>    <li><strong>Systeem voor het aanpassen van de rijafstand<\/strong>: flexibele aanpassing van de rijenafstand, aangepast aan de behoeften van verschillende gewassen.<\/li> <\/ul>   <div class=\"wp-block-image\"> <figure class=\"aligncenter size-full\"><img loading=\"lazy\" decoding=\"async\" width=\"720\" height=\"540\" src=\"https:\/\/taizyagromachine.com\/wp-content\/uploads\/2024\/11\/structure-of-maize-planting-machine.webp\" alt=\"structuur van ma\u00efsplantmachine\" class=\"wp-image-7338\" srcset=\"https:\/\/taizyagromachine.com\/wp-content\/uploads\/2024\/11\/structure-of-maize-planting-machine.webp 720w, https:\/\/taizyagromachine.com\/wp-content\/uploads\/2024\/11\/structure-of-maize-planting-machine-16x12.webp 16w\" sizes=\"auto, (max-width: 720px) 100vw, 720px\" \/><figcaption class=\"wp-element-caption\">structuur van ma\u00efsplantmachine<\/figcaption><\/figure> <\/div>   <h2 class=\"wp-block-heading\"><strong>Hoe werkt de 3-punts ma\u00efsplantermachine?<\/strong><\/h2>    <p>Via het krachtoverbrengingssysteem maakt dit soort ma\u00efszaaimachine gebruik van tractortractie om de bewerkingen van het openen, zaaien, mulchen en onderdrukken van de voor te voltooien.<\/p>    <p> Ten eerste cre\u00ebert de vorentrekker van de machine een voor met de juiste diepte in de grond. Het zaadverdeelsysteem verdeelt de ma\u00efszaden gelijkmatig in de voor, gevolgd door een mulchinrichting die de zaadbedekking completeert. Tegelijkertijd verdicht het onderdrukkingsapparaat de grond om ervoor te zorgen dat de zaden volledig in contact komen met de grond en om de kieming te bevorderen. <\/p>    <p class=\"translation-block\">Het hele proces is geautomatiseerd en effici\u00ebnt, waardoor de behoefte aan arbeid wordt verminderd. Het is ook mogelijk om sorghum of <a href=\"https:\/\/en.wikipedia.org\/wiki\/Soybean\" target=\"_blank\" rel=\"noopener\">sojabonen<\/a> te zaaien door de zaaischijven te veranderen.<\/p>   <div class=\"wp-block-image\"> <figure class=\"aligncenter size-full\"><img loading=\"lazy\" decoding=\"async\" width=\"800\" height=\"800\" src=\"https:\/\/taizyagromachine.com\/wp-content\/uploads\/2024\/11\/three-point-hitch-corn-planter-machine.webp\" alt=\"ma\u00efszaaimachine met driepuntsophanging\" class=\"wp-image-7353\" srcset=\"https:\/\/taizyagromachine.com\/wp-content\/uploads\/2024\/11\/three-point-hitch-corn-planter-machine.webp 800w, https:\/\/taizyagromachine.com\/wp-content\/uploads\/2024\/11\/three-point-hitch-corn-planter-machine-12x12.webp 12w\" sizes=\"auto, (max-width: 800px) 100vw, 800px\" \/><figcaption class=\"wp-element-caption\">ma\u00efszaaimachine met driepuntsophanging<\/figcaption><\/figure> <\/div>   <h2 class=\"wp-block-heading\"><strong>Wat is de prijs van de ma\u00efsplanter?<\/strong><\/h2>    <p>De prijs van een ma\u00efsplanter zonder bewerking varieert afhankelijk van het model, de accessoires, de levertijd, het merk en de prestaties. Over het algemeen geldt: hoe meer rijen, hoe hoger de prijs van de machine. Een ma\u00efsplanter met 4 rijen is bijvoorbeeld duurder dan een ma\u00efsplanter met 2 rijen.<\/p>    <p>Taizy op een tractor gemonteerde ma\u00efszaadplanter garandeert niet alleen de kwaliteit, maar biedt ook concurrerende prijzen op de markt om aan de budgetten en behoeften van klanten te voldoen. Als u specifieke prijzen wilt, neem dan contact met ons op en wij zullen u een gedetailleerde offerte geven op basis van uw vereisten.<\/p>    <figure class=\"wp-block-gallery has-nested-images columns-default is-cropped wp-block-gallery-2 is-layout-flex wp-block-gallery-is-layout-flex\"> <figure class=\"wp-block-image size-large\"><img loading=\"lazy\" decoding=\"async\" width=\"800\" height=\"800\" data-id=\"7350\" src=\"https:\/\/taizyagromachine.com\/wp-content\/uploads\/2024\/11\/no-till-2-row-corn-planter-with-fertilizer.webp\" alt=\"nr. tot 2-rijige ma\u00efsplanter met kunstmest\" class=\"wp-image-7350\" srcset=\"https:\/\/taizyagromachine.com\/wp-content\/uploads\/2024\/11\/no-till-2-row-corn-planter-with-fertilizer.webp 800w, https:\/\/taizyagromachine.com\/wp-content\/uploads\/2024\/11\/no-till-2-row-corn-planter-with-fertilizer-12x12.webp 12w\" sizes=\"auto, (max-width: 800px) 100vw, 800px\" \/><figcaption class=\"wp-element-caption\">nr. tot 2-rijige ma\u00efsplanter met kunstmest<\/figcaption><\/figure>    <figure class=\"wp-block-image size-large\"><img loading=\"lazy\" decoding=\"async\" width=\"800\" height=\"800\" data-id=\"7348\" src=\"https:\/\/taizyagromachine.com\/wp-content\/uploads\/2024\/11\/3-row-planter-for-sale.webp\" alt=\"3 rijige plantenbak te koop\" class=\"wp-image-7348\" srcset=\"https:\/\/taizyagromachine.com\/wp-content\/uploads\/2024\/11\/3-row-planter-for-sale.webp 800w, https:\/\/taizyagromachine.com\/wp-content\/uploads\/2024\/11\/3-row-planter-for-sale-12x12.webp 12w\" sizes=\"auto, (max-width: 800px) 100vw, 800px\" \/><figcaption class=\"wp-element-caption\">3 rijige plantenbak te koop<\/figcaption><\/figure>    <figure class=\"wp-block-image size-large\"><img loading=\"lazy\" decoding=\"async\" width=\"800\" height=\"800\" data-id=\"7349\" src=\"https:\/\/taizyagromachine.com\/wp-content\/uploads\/2024\/11\/4-row-corn-planter-machine-with-tractor.webp\" alt=\"4-rijige ma\u00efszaaimachine met tractor\" class=\"wp-image-7349\" srcset=\"https:\/\/taizyagromachine.com\/wp-content\/uploads\/2024\/11\/4-row-corn-planter-machine-with-tractor.webp 800w, https:\/\/taizyagromachine.com\/wp-content\/uploads\/2024\/11\/4-row-corn-planter-machine-with-tractor-12x12.webp 12w\" sizes=\"auto, (max-width: 800px) 100vw, 800px\" \/><figcaption class=\"wp-element-caption\">4-rijige ma\u00efszaaimachine met tractor<\/figcaption><\/figure> <\/figure>    <h2 class=\"wp-block-heading\"><strong>Waarom kiezen voor Taizy ma\u00efszaadplanter als uw eerste keuze?<\/strong><\/h2>    <p>Onze ma\u00efsma\u00efsplanter heeft de volgende voordelen om klanten op de internationale markt aan te trekken:<\/p>    <ul class=\"wp-block-list\"> <li><strong>Garantie van hoge kwaliteit<\/strong>: Taizy produceert en verkoopt zijn eigen producten om stabiele prestaties en een lange levensduur van de apparatuur te garanderen.<\/li>    <li><strong>One-stop-service<\/strong>: we hebben niet alleen verschillende soorten ma\u00efsplantmachines, maar ook <a href=\"https:\/\/taizyagromachine.com\/nl\/product\/single-row-corn-harvester\/\">ma\u00efsoogstmachine<\/a>, dorsmachine, ma\u00efsmolen enzovoort. Je kunt de ma\u00efsmachines die je nodig hebt in \u00e9\u00e9n keer kopen in Taizy.<\/li>    <li><strong>Dienst na verkoop<\/strong>: wij bieden uitgebreide technische ondersteuning en onderhoudsdiensten zodat u zich geen zorgen hoeft te maken.<\/li>    <li><strong>Herkenning van klanten<\/strong>: de ma\u00efsplantermachine is zeer populair op de internationale markt, met een hoge klanttevredenheid.<\/li> <\/ul>    <h2 class=\"wp-block-heading\"><strong>Succesvolle case: export van 16 sets ma\u00efsplanters naar Groot-Brittanni\u00eb<\/strong><\/h2>    <p>Een klant uit Groot-Brittanni\u00eb, die een verkoopbedrijf voor landbouwmachines exploiteert, koos voor de Taizy ma\u00efsplantmachine nadat hij verschillende merken had vergeleken. De klant kocht in \u00e9\u00e9n keer 16 sets ma\u00efsplanters met 3, 4 en 5 rijen, die voornamelijk naar de Afrikaanse markt worden ge\u00ebxporteerd.<\/p>    <p>De klant is tevreden met de effici\u00ebnte prestaties en het nauwkeurige plantvermogen van de machines, en prees ook de professionele laadoplossing en transportservice van Taizy zeer. Deze samenwerkingscasus benadrukt de hoge kwaliteit en brede toepassing van Taiz\u00e9-plantapparatuur.<\/p>    <figure class=\"wp-block-gallery has-nested-images columns-default is-cropped wp-block-gallery-3 is-layout-flex wp-block-gallery-is-layout-flex\"> <figure class=\"wp-block-image size-large\"><img loading=\"lazy\" decoding=\"async\" width=\"720\" height=\"540\" data-id=\"7343\" src=\"https:\/\/taizyagromachine.com\/wp-content\/uploads\/2024\/11\/seed-drill-in-the-factory.webp\" alt=\"zaaimachine in de fabriek\" class=\"wp-image-7343\" srcset=\"https:\/\/taizyagromachine.com\/wp-content\/uploads\/2024\/11\/seed-drill-in-the-factory.webp 720w, https:\/\/taizyagromachine.com\/wp-content\/uploads\/2024\/11\/seed-drill-in-the-factory-16x12.webp 16w\" sizes=\"auto, (max-width: 720px) 100vw, 720px\" \/><figcaption class=\"wp-element-caption\">zaaimachine in de fabriek<\/figcaption><\/figure>    <figure class=\"wp-block-image size-large\"><img loading=\"lazy\" decoding=\"async\" width=\"720\" height=\"540\" data-id=\"7342\" src=\"https:\/\/taizyagromachine.com\/wp-content\/uploads\/2024\/11\/maize-seed-planter-package.webp\" alt=\"ma\u00efszaad planter pakket\" class=\"wp-image-7342\" srcset=\"https:\/\/taizyagromachine.com\/wp-content\/uploads\/2024\/11\/maize-seed-planter-package.webp 720w, https:\/\/taizyagromachine.com\/wp-content\/uploads\/2024\/11\/maize-seed-planter-package-16x12.webp 16w\" sizes=\"auto, (max-width: 720px) 100vw, 720px\" \/><figcaption class=\"wp-element-caption\">ma\u00efszaad planter pakket<\/figcaption><\/figure> <\/figure>    <figure class=\"wp-block-gallery has-nested-images columns-default is-cropped wp-block-gallery-4 is-layout-flex wp-block-gallery-is-layout-flex\"> <figure class=\"wp-block-image size-large\"><img loading=\"lazy\" decoding=\"async\" width=\"720\" height=\"720\" data-id=\"7345\" src=\"https:\/\/taizyagromachine.com\/wp-content\/uploads\/2024\/11\/4-row-corn-planter-machine-in-the-container.webp\" alt=\"4-rijige maispootmachine in de container\" class=\"wp-image-7345\" srcset=\"https:\/\/taizyagromachine.com\/wp-content\/uploads\/2024\/11\/4-row-corn-planter-machine-in-the-container.webp 720w, https:\/\/taizyagromachine.com\/wp-content\/uploads\/2024\/11\/4-row-corn-planter-machine-in-the-container-12x12.webp 12w\" sizes=\"auto, (max-width: 720px) 100vw, 720px\" \/><figcaption class=\"wp-element-caption\">4-rijige maispootmachine in de container<\/figcaption><\/figure>    <figure class=\"wp-block-image size-large\"><img loading=\"lazy\" decoding=\"async\" width=\"720\" height=\"720\" data-id=\"7346\" src=\"https:\/\/taizyagromachine.com\/wp-content\/uploads\/2024\/11\/machine-delivery-1.webp\" alt=\"levering van machines\" class=\"wp-image-7346\" srcset=\"https:\/\/taizyagromachine.com\/wp-content\/uploads\/2024\/11\/machine-delivery-1.webp 720w, https:\/\/taizyagromachine.com\/wp-content\/uploads\/2024\/11\/machine-delivery-1-12x12.webp 12w\" sizes=\"auto, (max-width: 720px) 100vw, 720px\" \/><figcaption class=\"wp-element-caption\">levering van machines<\/figcaption><\/figure> <\/figure>    <h2 class=\"wp-block-heading\"><strong>Neem nu contact met ons op voor een gratis offerte!<\/strong><\/h2>    <p>Wilt u meer weten over de Taizy ma\u00efsplantmachine? Of het nu gaat om productconfiguratie, prijsdetails of logistieke diensten, wij staan \u200b\u200bklaar om professionele antwoorden te geven. Neem nu contact met ons op voor gespecialiseerde oplossingen en gunstige prijzen!<\/p>","protected":false},"excerpt":{"rendered":"<p>Deze ma\u00efsplantmachine is een 2BYSF-serie en kan ma\u00efszaden bemesten en zaaien in vlakten en heuvelachtige gebieden. Het werkt met de 4-wielige tractor (12-100 pk).<\/p>","protected":false},"author":1,"featured_media":7337,"parent":0,"template":"","tags":[235,234],"product-type":[17],"class_list":["post-7334","product","type-product","status-publish","has-post-thumbnail","hentry","tag-corn","tag-corn-planting","product-type-corn-machine"],"_links":{"self":[{"href":"https:\/\/taizyagromachine.com\/nl\/wp-json\/wp\/v2\/product\/7334","targetHints":{"allow":["GET"]}}],"collection":[{"href":"https:\/\/taizyagromachine.com\/nl\/wp-json\/wp\/v2\/product"}],"about":[{"href":"https:\/\/taizyagromachine.com\/nl\/wp-json\/wp\/v2\/types\/product"}],"author":[{"embeddable":true,"href":"https:\/\/taizyagromachine.com\/nl\/wp-json\/wp\/v2\/users\/1"}],"wp:featuredmedia":[{"embeddable":true,"href":"https:\/\/taizyagromachine.com\/nl\/wp-json\/wp\/v2\/media\/7337"}],"wp:attachment":[{"href":"https:\/\/taizyagromachine.com\/nl\/wp-json\/wp\/v2\/media?parent=7334"}],"wp:term":[{"taxonomy":"post_tag","embeddable":true,"href":"https:\/\/taizyagromachine.com\/nl\/wp-json\/wp\/v2\/tags?post=7334"},{"taxonomy":"product-type","embeddable":true,"href":"https:\/\/taizyagromachine.com\/nl\/wp-json\/wp\/v2\/product-type?post=7334"}],"curies":[{"name":"wp","href":"https:\/\/api.w.org\/{rel}","templated":true}]}}