{"id":7370,"date":"2024-12-04T14:37:28","date_gmt":"2024-12-04T06:37:28","guid":{"rendered":"https:\/\/taizyagromachine.com\/?post_type=product&#038;p=7370"},"modified":"2024-12-11T11:44:56","modified_gmt":"2024-12-11T03:44:56","slug":"wholesale-maize-shelling-machine","status":"publish","type":"product","link":"https:\/\/taizyagromachine.com\/nl\/product\/wholesale-maize-shelling-machine\/","title":{"rendered":"Groothandel ma\u00efs beschietingsmachine"},"content":{"rendered":"<p class=\"translation-block\">\"Taizy <strong>maize shelling machine<\/strong> is newly designed for corn threshing with a capacity of 4000-6000kg\/h. It belongs to 5TYM series, having a breaking rate of \u22641.5%,  and a threshing rate of \u226598%. This maize sheller machine can use the electric motor, gasoline engine or diesel engine as the machine power.\"<\/p>    <p>Bovendien kan de machine grote banden en frames gebruiken, waar Afrikaanse klanten de voorkeur aan geven. Het is het meest ideale nieuwe model voor ma\u00efsproducerende gebieden, boerderijen en professionals. Onze machines worden vaak in de groothandel verkocht aan klanten in verschillende landen, zoals Nicaragua. Als u meer wilt weten, kunt u altijd contact met ons opnemen!<\/p>    <figure class=\"wp-block-embed is-type-video is-provider-youtube wp-block-embed-youtube wp-embed-aspect-16-9 wp-has-aspect-ratio\"><div class=\"wp-block-embed__wrapper\"> <iframe loading=\"lazy\" title=\"Waarom deze ma\u00efsschillermachine met grote wielen en standaard kopen? Ma\u00efsbeschietingsmachine #cornsheller\" width=\"500\" height=\"281\" src=\"https:\/\/www.youtube.com\/embed\/kxEESK82j0A?feature=oembed\" frameborder=\"0\" allow=\"accelerometer; autoplay; clipboard-write; encrypted-media; gyroscope; picture-in-picture; web-share\" referrerpolicy=\"strict-origin-when-cross-origin\" allowfullscreen><\/iframe> <\/div><figcaption class=\"wp-element-caption\">ma\u00efs sheller machine video<\/figcaption><\/figure>    <h2 class=\"wp-block-heading\"><strong>Voordelen van de nieuwe ma\u00efsbeschietingsmachine<\/strong><\/h2>    <ul class=\"wp-block-list\"> <li>Het kan 4-6 ton ma\u00efs per uur verwerken om aan de vraag van grootschalige productie te voldoen, zeer effici\u00ebnt.<\/li>    <li>De machine maakt gebruik van het wetenschappelijke dorsontwerp, waardoor de breuksnelheid van ma\u00efskorrels wordt verminderd (breeksnelheid van \u22641,5%).<\/li>    <li>Deze machine kan worden uitgerust met grote wielen en een tractieframe, geschikt voor verplaatsing tussen velden en locaties.<\/li>    <li>Onze ma\u00efsschillermachine heeft een klein volume, een compacte structuur, gemakkelijke bediening en onderhoud.<\/li> <\/ul>    <figure class=\"wp-block-gallery has-nested-images columns-default is-cropped wp-block-gallery-2 is-layout-flex wp-block-gallery-is-layout-flex\"> <figure class=\"wp-block-image size-large\"><img loading=\"lazy\" decoding=\"async\" width=\"720\" height=\"540\" data-id=\"7375\" src=\"https:\/\/taizyagromachine.com\/wp-content\/uploads\/2024\/12\/cost-effective-corn-shelling-machine.webp\" alt=\"kosteneffectieve ma\u00efsbeschietingsmachine\" class=\"wp-image-7375\" srcset=\"https:\/\/taizyagromachine.com\/wp-content\/uploads\/2024\/12\/cost-effective-corn-shelling-machine.webp 720w, https:\/\/taizyagromachine.com\/wp-content\/uploads\/2024\/12\/cost-effective-corn-shelling-machine-16x12.webp 16w\" sizes=\"auto, (max-width: 720px) 100vw, 720px\" \/><figcaption class=\"wp-element-caption\">kosteneffectieve ma\u00efsbeschietingsmachine<\/figcaption><\/figure>    <figure class=\"wp-block-image size-large\"><img loading=\"lazy\" decoding=\"async\" width=\"720\" height=\"540\" data-id=\"7376\" src=\"https:\/\/taizyagromachine.com\/wp-content\/uploads\/2024\/12\/maize-sheller-with-big-tyres-and-frame.webp\" alt=\"ma\u00efsschiller met grote banden en frame\" class=\"wp-image-7376\" srcset=\"https:\/\/taizyagromachine.com\/wp-content\/uploads\/2024\/12\/maize-sheller-with-big-tyres-and-frame.webp 720w, https:\/\/taizyagromachine.com\/wp-content\/uploads\/2024\/12\/maize-sheller-with-big-tyres-and-frame-16x12.webp 16w\" sizes=\"auto, (max-width: 720px) 100vw, 720px\" \/><figcaption class=\"wp-element-caption\">ma\u00efsschiller met grote banden en frame<\/figcaption><\/figure> <\/figure>    <h2 class=\"wp-block-heading\"><strong>Technische gegevens van commerci\u00eble ma\u00efsbeschietingsmachine<\/strong><\/h2>    <figure class=\"wp-block-table\"><table><tbody><tr><td>Model<\/td><td>5TYM-850<\/td><\/tr><tr><td>Capaciteit<\/td><td>4000-6000kg\/u<\/td><\/tr><tr><td>Breuksnelheid<\/td><td>\u22641,5%<\/td><\/tr><tr><td>Dorssnelheid<\/td><td>\u226598%<\/td><\/tr><tr><td>Matchende kracht<\/td><td>\u22655,5-7,5 kW<\/td><\/tr><tr><td>Gewicht<\/td><td>340 kg<\/td><\/tr><\/tbody><\/table><figcaption class=\"wp-element-caption\">parameters van ma\u00efsbeschietingsmachine<\/figcaption><\/figure>    <p>Opmerking: het vochtgehalte van graan is 15%-20% en de verhouding tussen graan en gras is 0,4%-1,0%.<\/p>    <h2 class=\"wp-block-heading\"><strong>Structuur van ma\u00efsschillermachine<\/strong><\/h2>    <p>De structuur is zeer gemakkelijk te begrijpen en bestaat uit een ventilator, inlaat, ma\u00efskorreluitlaat, ma\u00efskolfuitlaat, stroom, enz.<\/p>   <div class=\"wp-block-image\"> <figure class=\"aligncenter size-full\"><img loading=\"lazy\" decoding=\"async\" width=\"720\" height=\"540\" src=\"https:\/\/taizyagromachine.com\/wp-content\/uploads\/2024\/12\/structure-of-maize-sheller-machine.webp\" alt=\"structuur van ma\u00efsshellermachine\" class=\"wp-image-7372\" srcset=\"https:\/\/taizyagromachine.com\/wp-content\/uploads\/2024\/12\/structure-of-maize-sheller-machine.webp 720w, https:\/\/taizyagromachine.com\/wp-content\/uploads\/2024\/12\/structure-of-maize-sheller-machine-16x12.webp 16w\" sizes=\"auto, (max-width: 720px) 100vw, 720px\" \/><figcaption class=\"wp-element-caption\">structuur van ma\u00efsshellermachine<\/figcaption><\/figure> <\/div>   <h2 class=\"wp-block-heading\"><strong>Hoe werkt de ma\u00efsbeschietmachine?<\/strong><\/h2>    <p>Bij het dorsen komen de ma\u00efskolven via de invoerpoort de scheidingskamer binnen. Het dorsen wordt uitgevoerd door het slaan van de tanden en het wrijven van de likdoorns. De gedorste ma\u00efskorrels vallen via de verschuifbare graanplaat op de trilzeef. <\/p>    <p>Onder het schudden van de zeef vallen de korrels onder de trilzeef en worden de gebroken kolven op het zeefoppervlak uit de machine geschud. De zemelen en het vuil worden in de ventilator gezogen en uit de machine afgevoerd terwijl ze uit de aanzuigopening vallen. De ma\u00efskolven worden via de uitloop onder druk van een trommel afgevoerd.<\/p>   <div class=\"wp-block-image\"> <figure class=\"aligncenter size-full\"><img loading=\"lazy\" decoding=\"async\" width=\"720\" height=\"540\" src=\"https:\/\/taizyagromachine.com\/wp-content\/uploads\/2024\/12\/small-maize-sheller-machine-for-corn-threshing.webp\" alt=\"kleine ma\u00efsschillermachine voor het dorsen van ma\u00efs\" class=\"wp-image-7373\" srcset=\"https:\/\/taizyagromachine.com\/wp-content\/uploads\/2024\/12\/small-maize-sheller-machine-for-corn-threshing.webp 720w, https:\/\/taizyagromachine.com\/wp-content\/uploads\/2024\/12\/small-maize-sheller-machine-for-corn-threshing-16x12.webp 16w\" sizes=\"auto, (max-width: 720px) 100vw, 720px\" \/><figcaption class=\"wp-element-caption\">kleine ma\u00efsschillermachine voor het dorsen van ma\u00efs<\/figcaption><\/figure> <\/div>   <h2 class=\"wp-block-heading\"><strong>Wat is de prijs van de ma\u00efsschillermachine?<\/strong><\/h2>    <p>De prijs van de Taizy-ma\u00efsbeschietingsmachine varieert afhankelijk van de kenmerken, capaciteit, dorseffici\u00ebntie van de machine en extra kenmerken zoals mobiliteit en scheiding van onzuiverheden. Hoe meer functies en capaciteit van de machine, hoe hoger de prijs van de machine.<\/p>    <p>Als u de specifieke machineprijs wilt weten, kunt u rechtstreeks contact met ons opnemen Taizy. Wij zullen het juiste model voor u kiezen op basis van uw behoeften en budget en u het beste programma aanbevelen.<\/p>    <h2 class=\"wp-block-heading\"><strong>Succesvolle case: groothandel in ma\u00efsbeschietingsmachine voor Nicaragua<\/strong><\/h2>    <p>Een klant in Nicaragua heeft onlangs een partij ma\u00efsdorsers besteld, in totaal vijf stuks, voornamelijk voor de verkoopbehoeften van lokale boeren en graanverwerkers. Deze klant maakte zich zorgen over de machineprestaties, de prijs en de transportverpakking en vroeg om zekerheid over de machinekwaliteit en transportveiligheid.<\/p>    <p>Op basis van zijn behoeften adviseerden we grote ma\u00efsschillers met stabiele prestaties, uitgerust met grote wielen en tractieframes voor gemakkelijk verplaatsen tussen boerderijen. Tegelijkertijd bieden we voor elke machine een houten kistverpakking om deze te beschermen tegen schade tijdens zeetransport.<\/p>    <p>Nadat de klant de machine had ontvangen en in gebruik had genomen, was de dorseffici\u00ebntie hoog en voldeed hij aan de lokale marktvraag. De klant was er zeer tevreden over en plande verdere samenwerking.<\/p>    <figure class=\"wp-block-gallery has-nested-images columns-default is-cropped wp-block-gallery-3 is-layout-flex wp-block-gallery-is-layout-flex\"> <figure class=\"wp-block-image size-full\"><img loading=\"lazy\" decoding=\"async\" width=\"720\" height=\"540\" data-id=\"7374\" src=\"https:\/\/taizyagromachine.com\/wp-content\/uploads\/2024\/12\/maize-shelling-machine-manufacturer.webp\" alt=\"fabrikant van ma\u00efsbeschietingsmachines\" class=\"wp-image-7374\" srcset=\"https:\/\/taizyagromachine.com\/wp-content\/uploads\/2024\/12\/maize-shelling-machine-manufacturer.webp 720w, https:\/\/taizyagromachine.com\/wp-content\/uploads\/2024\/12\/maize-shelling-machine-manufacturer-16x12.webp 16w\" sizes=\"auto, (max-width: 720px) 100vw, 720px\" \/><figcaption class=\"wp-element-caption\">fabrikant van ma\u00efsbeschietingsmachines<\/figcaption><\/figure>    <figure class=\"wp-block-image size-full\"><img loading=\"lazy\" decoding=\"async\" width=\"720\" height=\"540\" data-id=\"7036\" src=\"https:\/\/taizyagromachine.com\/wp-content\/uploads\/2024\/09\/machine-package-ready-for-delivery.webp\" alt=\"machinepakket klaar voor levering\" class=\"wp-image-7036\" srcset=\"https:\/\/taizyagromachine.com\/wp-content\/uploads\/2024\/09\/machine-package-ready-for-delivery.webp 720w, https:\/\/taizyagromachine.com\/wp-content\/uploads\/2024\/09\/machine-package-ready-for-delivery-16x12.webp 16w\" sizes=\"auto, (max-width: 720px) 100vw, 720px\" \/><figcaption class=\"wp-element-caption\">machinepakket klaar voor levering<\/figcaption><\/figure> <\/figure>    <h2 class=\"wp-block-heading\"><strong>Neem nu contact met ons op voor een gratis offerte!<\/strong><\/h2>    <p class=\"translation-block\">Als een ervaren leverancier van landbouwmachines verkopen wij diverse ma\u00efsmachines, zoals <a href=\"https:\/\/taizyagromachine.com\/nl\/product\/fresh-corn-sheller\/\">zoete ma\u00efsschiller<\/a>, hamermolen, <a href=\"https:\/\/taizyagromachine.com\/nl\/product\/no-till-corn-planter-machine\/\">maismotor<\/a>, enz. <\/p>    <p class=\"translation-block\">Zoekt u kosteneffectieve ma\u00efsschiller-apparatuur? Zo ja, kom dan nu bij ons. We bieden de beste <a href=\"https:\/\/en.wikipedia.org\/wiki\/Maize\" target=\"_blank\" rel=\"noopener\">ma\u00efs<\/a> schiloplossing en een gratis offerte ter referentie.<\/p>    <figure class=\"wp-block-embed is-type-video is-provider-youtube wp-block-embed-youtube wp-embed-aspect-16-9 wp-has-aspect-ratio\"><div class=\"wp-block-embed__wrapper\"> <iframe loading=\"lazy\" title=\"Effici\u00ebnte ma\u00efsschillermachine voor het snel beschieten van ma\u00efs #cornsheller #maize #thresher\" width=\"500\" height=\"281\" src=\"https:\/\/www.youtube.com\/embed\/qpD6OqSDwFk?feature=oembed\" frameborder=\"0\" allow=\"accelerometer; autoplay; clipboard-write; encrypted-media; gyroscope; picture-in-picture; web-share\" referrerpolicy=\"strict-origin-when-cross-origin\" allowfullscreen><\/iframe> <\/div><figcaption class=\"wp-element-caption\">video van ma\u00efsschuiver<\/figcaption><\/figure>","protected":false},"excerpt":{"rendered":"<p>De Taizy-ma\u00efsbeschietingsmachine is nieuw ontworpen voor het dorsen van ma\u00efs met een capaciteit van 4000-6000 kg \/ uur en wordt vaak in het groot verkocht aan verschillende landen.<\/p>","protected":false},"author":1,"featured_media":7371,"parent":0,"template":"","tags":[235,237,236],"product-type":[17],"class_list":["post-7370","product","type-product","status-publish","has-post-thumbnail","hentry","tag-corn","tag-shelling","tag-threshing","product-type-corn-machine"],"_links":{"self":[{"href":"https:\/\/taizyagromachine.com\/nl\/wp-json\/wp\/v2\/product\/7370","targetHints":{"allow":["GET"]}}],"collection":[{"href":"https:\/\/taizyagromachine.com\/nl\/wp-json\/wp\/v2\/product"}],"about":[{"href":"https:\/\/taizyagromachine.com\/nl\/wp-json\/wp\/v2\/types\/product"}],"author":[{"embeddable":true,"href":"https:\/\/taizyagromachine.com\/nl\/wp-json\/wp\/v2\/users\/1"}],"wp:featuredmedia":[{"embeddable":true,"href":"https:\/\/taizyagromachine.com\/nl\/wp-json\/wp\/v2\/media\/7371"}],"wp:attachment":[{"href":"https:\/\/taizyagromachine.com\/nl\/wp-json\/wp\/v2\/media?parent=7370"}],"wp:term":[{"taxonomy":"post_tag","embeddable":true,"href":"https:\/\/taizyagromachine.com\/nl\/wp-json\/wp\/v2\/tags?post=7370"},{"taxonomy":"product-type","embeddable":true,"href":"https:\/\/taizyagromachine.com\/nl\/wp-json\/wp\/v2\/product-type?post=7370"}],"curies":[{"name":"wp","href":"https:\/\/api.w.org\/{rel}","templated":true}]}}