{"id":7410,"date":"2024-12-18T16:53:21","date_gmt":"2024-12-18T08:53:21","guid":{"rendered":"https:\/\/taizyagromachine.com\/?post_type=product&#038;p=7410"},"modified":"2024-12-18T17:01:22","modified_gmt":"2024-12-18T09:01:22","slug":"small-corn-harvesting-machine","status":"publish","type":"product","link":"https:\/\/taizyagromachine.com\/nl\/product\/small-corn-harvesting-machine\/","title":{"rendered":"Kleine maisoogstmachine met zitje"},"content":{"rendered":"<p class=\"translation-block\">\"Taizy <strong>ma\u00efs oogstmachine<\/strong> combineert de functies van ma\u00efsoogsten, pellen, stro vergruizen en ma\u00efskorrels verzamelen, effici\u00ebnt en snel de taak van ma\u00efsoogst voltooien. Het kan kolven van 0.05-0.12h\u33a1 per uur oogsten.\"<\/p>    <p>Deze mazie oogstmachine heeft een zitontwerp, grote banden en wordt aangedreven door 25pk. Met zijn hoge effici\u00ebntie, arbeidsbesparende, economische en praktische bruikbaarheid is hij geschikt voor een breed scala aan terreinen en werkvereisten. De machine is ideaal voor het continu oogsten van ma\u00efs.<\/p>    <p>Als u ge\u00efnteresseerd bent in deze apparatuur, neem dan gerust contact met ons op voor meer informatie!<\/p>    <figure class=\"wp-block-embed is-type-video is-provider-youtube wp-block-embed-youtube wp-embed-aspect-16-9 wp-has-aspect-ratio\"><div class=\"wp-block-embed__wrapper\"> <iframe loading=\"lazy\" title=\"Effici\u00ebnte ma\u00efsoogst met Taizy ma\u00efskolvenplukker | Ma\u00efsplukker\" width=\"500\" height=\"281\" src=\"https:\/\/www.youtube.com\/embed\/RQLRhR-9diU?feature=oembed\" frameborder=\"0\" allow=\"accelerometer; autoplay; clipboard-write; encrypted-media; gyroscope; picture-in-picture; web-share\" referrerpolicy=\"strict-origin-when-cross-origin\" allowfullscreen><\/iframe> <\/div><figcaption class=\"wp-element-caption\">werkvideo van ma\u00efsplukkermachine<\/figcaption><\/figure>    <h2 class=\"wp-block-heading\"><strong>Voordelen van een kleine ma\u00efsoogstmachine<\/strong><\/h2>    <ul class=\"wp-block-list\"> <li><strong>Uitvoering met zitje<\/strong>: de machine is voorzien van een comfortabele stoel, de machinist kan zitten en werken, waardoor de arbeidsintensiteit aanzienlijk wordt verminderd en het werkcomfort wordt verbeterd.<\/li>    <li><strong>Bediening met \u00e9\u00e9n rij<\/strong>: ontworpen voor kleinschalige beplanting, de ma\u00efskolvenplukker is geschikt voor landbouwgrond met kleine rijenafstanden en ingewikkeld terrein.<\/li>    <li><strong>Zeer effici\u00ebnt oogsten<\/strong>: het voltooit het werk van het plukken, scheiden en verzamelen in \u00e9\u00e9n keer, waardoor u veel arbeid en tijd bespaart.<\/li>    <li><strong>Flexibel en handig<\/strong>: deze machine heeft een compact formaat en een kleine draaicirkel, geschikt voor vlaktes, heuvels en ander terrein.<\/li>    <li>Het is betaalbaar, eenvoudig te bedienen en gemakkelijk te onderhouden.<\/li> <\/ul>   <div class=\"wp-block-image\"> <figure class=\"aligncenter size-full\"><img loading=\"lazy\" decoding=\"async\" width=\"720\" height=\"540\" src=\"https:\/\/taizyagromachine.com\/wp-content\/uploads\/2024\/12\/mini-corn-harvester-machine.webp\" alt=\"mini-ma\u00efsoogstmachine\" class=\"wp-image-7418\" srcset=\"https:\/\/taizyagromachine.com\/wp-content\/uploads\/2024\/12\/mini-corn-harvester-machine.webp 720w, https:\/\/taizyagromachine.com\/wp-content\/uploads\/2024\/12\/mini-corn-harvester-machine-16x12.webp 16w\" sizes=\"auto, (max-width: 720px) 100vw, 720px\" \/><figcaption class=\"wp-element-caption\">mini-ma\u00efsoogstmachine<\/figcaption><\/figure> <\/div>   <h2 class=\"wp-block-heading\"><strong>Technische gegevens ma\u00efsrooier<\/strong><\/h2>    <figure class=\"wp-block-table\"><table><tbody><tr><td>Model<\/td><td>CM4YZP-1<\/td><\/tr><tr><td>Stroom&nbsp;<\/td><td>25 pk<\/td><\/tr><tr><td>Producticiteit<\/td><td>0,05-0,12 uur\u33a1\/uur<\/td><\/tr><tr><td>Werkbereik<\/td><td>650 mm<\/td><\/tr><tr><td>Minimale bodemvrijheid<\/td><td>200 mm<\/td><\/tr><tr><td>Nominale snelheid<\/td><td>2200 tpm<\/td><\/tr><tr><td>Maat<\/td><td>3650*1000*1270mm<\/td><\/tr><tr><td>Gewicht<\/td><td>980 kg<\/td><\/tr><\/tbody><\/table><figcaption class=\"wp-element-caption\">specificaties van mini-ma\u00efsoogstmachine<\/figcaption><\/figure>    <h2 class=\"wp-block-heading\"><strong>Structuur<\/strong> <strong>van ma\u00efsoogstmachine<\/strong><\/h2>    <p>De machine is ontworpen om compact en effici\u00ebnt te zijn en bestaat voornamelijk uit een snijtafel, een transportapparaat, een schilapparaat, een opvangsysteem, een aandrijfsysteem, een stoel, enz.<\/p>    <ul class=\"wp-block-list\"> <li>Snijtafel: wordt gebruikt om de ma\u00efsstengels af te snijden en de korenaren van de ma\u00efs te scheiden.<\/li>    <li>Transportband: breng de kolven over van de snijtafel naar het schilapparaat.<\/li>    <li>Stripper: verwijdert op effici\u00ebnte wijze de deksels van de likdoorns om de netheid van het eindproduct te garanderen.<\/li>    <li>Verzamelbox: waarin de gepelde likdoorns worden opgevangen.<\/li>    <li>Vermogenssysteem: bied kracht om de ma\u00efsoogstmachine aan te drijven.<\/li> <\/ul>   <div class=\"wp-block-image\"> <figure class=\"aligncenter size-full\"><img loading=\"lazy\" decoding=\"async\" width=\"720\" height=\"540\" src=\"https:\/\/taizyagromachine.com\/wp-content\/uploads\/2024\/12\/small-corn-harvesting-machine-for-sale.webp\" alt=\"Kleine maisoogstmachine te koop\" class=\"wp-image-7416\" srcset=\"https:\/\/taizyagromachine.com\/wp-content\/uploads\/2024\/12\/small-corn-harvesting-machine-for-sale.webp 720w, https:\/\/taizyagromachine.com\/wp-content\/uploads\/2024\/12\/small-corn-harvesting-machine-for-sale-16x12.webp 16w\" sizes=\"auto, (max-width: 720px) 100vw, 720px\" \/><figcaption class=\"wp-element-caption\">Kleine maisoogstmachine te koop<\/figcaption><\/figure> <\/div>   <h2 class=\"wp-block-heading\"><strong>Hoe werkt de ma\u00efsoogstmachine?<\/strong><\/h2>    <p>Wanneer de ma\u00efsoogstmachine in werking is, wordt de snijtafel aangedreven door het aandrijfsysteem, dat de ma\u00efsstengels afsnijdt en de kolven vervolgens via de transportband naar de schilinrichting overbrengt voor verwerking. Het pelapparaat verwijdert de externe deksels van de ma\u00efs en slaat de verwerkte ma\u00efs uiteindelijk op in een opvangbak. Het hele proces is effici\u00ebnt en continu, wat een aanzienlijke arbeids- en tijdbesparing oplevert.<\/p>    <h2 class=\"wp-block-heading\"><strong>Wat is de prijs van de Taizy ma\u00efsoogstmachine?<\/strong><\/h2>    <p>De door Taizy aangeboden ma\u00efsoogstmachine staat bekend om zijn hoge kostenprestaties en de prijzen vari\u00ebren afhankelijk van modellen, configuraties en functies. De ma\u00efsoogstmachine die te koop is van Taizy heeft meestal een enkele rij, maar er is ook een 2-rijige ma\u00efsplukker met verschillende configuraties. Dit laatste is duurder.<\/p>    <p>We ondersteunen ook oplossingen op maat om ervoor te zorgen dat elke klant het juiste product voor zijn of haar behoeften krijgt. Wilt u specifieke machineprijzen, neem dan contact met ons op. Vertel ons uw wensen en wij zorgen voor de meest geschikte oplossing en de beste prijs!<\/p>   <div class=\"wp-block-image\"> <figure class=\"aligncenter size-full\"><img loading=\"lazy\" decoding=\"async\" width=\"720\" height=\"540\" src=\"https:\/\/taizyagromachine.com\/wp-content\/uploads\/2024\/12\/corn-picker-machine-with-seat.webp\" alt=\"ma\u00efsplukmachine met zitje\" class=\"wp-image-7417\" srcset=\"https:\/\/taizyagromachine.com\/wp-content\/uploads\/2024\/12\/corn-picker-machine-with-seat.webp 720w, https:\/\/taizyagromachine.com\/wp-content\/uploads\/2024\/12\/corn-picker-machine-with-seat-16x12.webp 16w\" sizes=\"auto, (max-width: 720px) 100vw, 720px\" \/><figcaption class=\"wp-element-caption\">ma\u00efsplukmachine met zitje<\/figcaption><\/figure> <\/div>   <h2 class=\"wp-block-heading\"><strong>Ma\u00efskolvenplukker met zitje VS. eenrijige zelfrijdende maisplukker<\/strong><\/h2>    <p class=\"translation-block\"><strong>Ma\u00efs oogstmachine met stoel<\/strong>: deze ma\u00efs oogstmachine is geschikt voor lange werktijden, biedt comfort voor de operator en grotere effici\u00ebntie. Aanbevolen voor middelgrote tot grote boerderijen of in scenario\u2019s met een hoge vraag naar continu gebruik.<\/p>    <p class=\"translation-block\"><strong>Enkele-rij zelfrijdende ma\u00efs oogstmachine<\/strong>: deze <a href=\"https:\/\/taizyagromachine.com\/nl\/product\/single-row-corn-harvester\/\">1-rij ma\u00efsplukker<\/a> is compacter en flexibeler, ideaal voor individuele, kleine percelen of kleinschalige boerderijen. Dit type is meestal groothandel, geliefd bij wereldwijde distributeurs.<\/p>    <p>Beide modellen hebben hun eigen voordelen. Het model met zitje is geschikt voor gebruikers die effici\u00ebntie en comfort nastreven, terwijl het zelfrijdende model meer geschikt is voor de vraag naar flexibel opereren. Afhankelijk van de gebruiksomgeving en het budget zijn klanten vrij om het juiste model te kiezen.<\/p>    <figure class=\"wp-block-gallery has-nested-images columns-default is-cropped wp-block-gallery-2 is-layout-flex wp-block-gallery-is-layout-flex\"> <figure class=\"wp-block-image size-full\"><img loading=\"lazy\" decoding=\"async\" width=\"720\" height=\"540\" data-id=\"7420\" src=\"https:\/\/taizyagromachine.com\/wp-content\/uploads\/2024\/12\/new-type-corn-harvesting-machine.webp\" alt=\"nieuw type ma\u00efsoogstmachine\" class=\"wp-image-7420\" srcset=\"https:\/\/taizyagromachine.com\/wp-content\/uploads\/2024\/12\/new-type-corn-harvesting-machine.webp 720w, https:\/\/taizyagromachine.com\/wp-content\/uploads\/2024\/12\/new-type-corn-harvesting-machine-16x12.webp 16w\" sizes=\"auto, (max-width: 720px) 100vw, 720px\" \/><figcaption class=\"wp-element-caption\">nieuw type ma\u00efsoogstmachine<\/figcaption><\/figure>    <figure class=\"wp-block-image size-full\"><img loading=\"lazy\" decoding=\"async\" width=\"720\" height=\"540\" data-id=\"7364\" src=\"https:\/\/taizyagromachine.com\/wp-content\/uploads\/2024\/12\/1-row-corn-picker.webp\" alt=\"1-rijige ma\u00efsplukker\" class=\"wp-image-7364\" srcset=\"https:\/\/taizyagromachine.com\/wp-content\/uploads\/2024\/12\/1-row-corn-picker.webp 720w, https:\/\/taizyagromachine.com\/wp-content\/uploads\/2024\/12\/1-row-corn-picker-16x12.webp 16w\" sizes=\"auto, (max-width: 720px) 100vw, 720px\" \/><figcaption class=\"wp-element-caption\">1-rijige ma\u00efsplukker<\/figcaption><\/figure> <\/figure>    <h2 class=\"wp-block-heading\"><strong>After-sales service waarvan u kunt genieten bij Taizy<\/strong><\/h2>    <p>Na aankoop van een Taiz\u00e9-ma\u00efsoogstmachine profiteert u van een uitgebreide after-sales service, waaronder:<\/p>    <ul class=\"wp-block-list\"> <li>Technische begeleiding<\/li>    <li>Voldoende aanbod van reserveonderdelen<\/li>    <li>Onderhoudsadvies voor apparatuur<\/li>    <li>Online FQA<\/li> <\/ul>    <p>De bovenstaande diensten zijn voor u om eens te bekijken. Onze after-sales service zorgt ervoor dat uw ma\u00efsplukkermachine langdurig stabiel kan draaien.<\/p>    <h2 class=\"wp-block-heading\"><strong>Neem contact met ons op voor meer informatie!<\/strong><\/h2>    <p class=\"translation-block\">Als u ge\u00efnteresseerd bent in de Taizy ma\u00efs oogstmachine, neem gerust contact met ons op. Wij zullen u van gedetailleerde informatie en <a href=\"https:\/\/en.wikipedia.org\/wiki\/Maize\" target=\"_blank\" rel=\"noopener\">ma\u00efs<\/a> oogstoplossingen voorzien!<\/p>","protected":false},"excerpt":{"rendered":"<p>De Taizy-ma\u00efsoogstmachine combineert de functies van ma\u00efsplukken, schillen, stropletten en ma\u00efs verzamelen, met een capaciteit van 0,05-0,12 h\u33a1\/h.<\/p>","protected":false},"author":1,"featured_media":7412,"parent":0,"template":"","tags":[79,240],"product-type":[17],"class_list":["post-7410","product","type-product","status-publish","has-post-thumbnail","hentry","tag-corn-machine","tag-harvester","product-type-corn-machine"],"_links":{"self":[{"href":"https:\/\/taizyagromachine.com\/nl\/wp-json\/wp\/v2\/product\/7410","targetHints":{"allow":["GET"]}}],"collection":[{"href":"https:\/\/taizyagromachine.com\/nl\/wp-json\/wp\/v2\/product"}],"about":[{"href":"https:\/\/taizyagromachine.com\/nl\/wp-json\/wp\/v2\/types\/product"}],"author":[{"embeddable":true,"href":"https:\/\/taizyagromachine.com\/nl\/wp-json\/wp\/v2\/users\/1"}],"wp:featuredmedia":[{"embeddable":true,"href":"https:\/\/taizyagromachine.com\/nl\/wp-json\/wp\/v2\/media\/7412"}],"wp:attachment":[{"href":"https:\/\/taizyagromachine.com\/nl\/wp-json\/wp\/v2\/media?parent=7410"}],"wp:term":[{"taxonomy":"post_tag","embeddable":true,"href":"https:\/\/taizyagromachine.com\/nl\/wp-json\/wp\/v2\/tags?post=7410"},{"taxonomy":"product-type","embeddable":true,"href":"https:\/\/taizyagromachine.com\/nl\/wp-json\/wp\/v2\/product-type?post=7410"}],"curies":[{"name":"wp","href":"https:\/\/api.w.org\/{rel}","templated":true}]}}