{"id":8405,"date":"2025-10-31T15:27:26","date_gmt":"2025-10-31T07:27:26","guid":{"rendered":"https:\/\/taizyagromachine.com\/?post_type=product&#038;p=8405"},"modified":"2025-11-03T17:14:15","modified_gmt":"2025-11-03T09:14:15","slug":"self-propelled-forage-harvester-machine","status":"publish","type":"product","link":"https:\/\/taizyagromachine.com\/nl\/product\/self-propelled-forage-harvester-machine\/","title":{"rendered":"Zelfrijdende voederoogstmachine\u00a0"},"content":{"rendered":"<p class=\"translation-block\">Taizy<strong>voederoogstmachine<\/strong>is speciaal ontworpen om silagegewassen zoals ma\u00efsstengels, olifantsgras, naipergras en Soedangras te snijden, hakken en laden. Het voltooit snijden, hakken, transporteren en laden in \u00e9\u00e9n operatie, wat de effici\u00ebntie van silageverzameling aanzienlijk verhoogt en de handmatige arbeid vermindert. De gehakte silagelengte is ongeveer 15 mm, verstelbaar tussen 10-40 mm. Bij Taizy zijn er twee soorten ma\u00efsilage oogsters beschikbaar: rupstype en wieltstype. Als je ge\u00efnteresseerd bent, lees dan verder voor meer informatie!<\/p>    <figure class=\"wp-block-embed is-type-video is-provider-youtube wp-block-embed-youtube wp-embed-aspect-16-9 wp-has-aspect-ratio\"><div class=\"wp-block-embed__wrapper\"> <iframe loading=\"lazy\" title=\"Effici\u00ebnte silage oogster die in het veld werkt | Ma\u00efs en gras silage snijmachine voor vee\" width=\"500\" height=\"281\" src=\"https:\/\/www.youtube.com\/embed\/oQGKm1c9ynQ?feature=oembed\" frameborder=\"0\" allow=\"accelerometer; autoplay; clipboard-write; encrypted-media; gyroscope; picture-in-picture; web-share\" referrerpolicy=\"strict-origin-when-cross-origin\" allowfullscreen><\/iframe> <\/div><figcaption class=\"wp-element-caption\">video van zelfrijdende silage oogster<\/figcaption><\/figure>    <h2 class=\"wp-block-heading\"><strong>Soorten voederoogstmachines te koop<\/strong><\/h2>    <p>Als professionele fabrikant en leverancier van landbouwmachines zijn Taizy zelfrijdende voederoogsters voornamelijk onderverdeeld in twee types: <\/p>    <ul class=\"wp-block-list\"> <li>Getrackte silage oogster (met zonnescherm of afgesloten cabine)<\/li>    <li>Wielsilage oogster (met zonnescherm of afgesloten cabine)<\/li> <\/ul>    <p>Opmerking: In de gesloten bestuurderscabine kan de airconditioner worden ge\u00efnstalleerd.<\/p>    <figure class=\"wp-block-gallery has-nested-images columns-default is-cropped wp-block-gallery-2 is-layout-flex wp-block-gallery-is-layout-flex\"> <figure class=\"wp-block-image size-large\"><img loading=\"lazy\" decoding=\"async\" width=\"540\" height=\"670\" data-id=\"8419\" src=\"https:\/\/taizyagromachine.com\/wp-content\/uploads\/2025\/10\/silage-harvester-with-sunshed.webp\" alt=\"silage oogster met zonnescherm\" class=\"wp-image-8419\" srcset=\"https:\/\/taizyagromachine.com\/wp-content\/uploads\/2025\/10\/silage-harvester-with-sunshed.webp 540w, https:\/\/taizyagromachine.com\/wp-content\/uploads\/2025\/10\/silage-harvester-with-sunshed-10x12.webp 10w\" sizes=\"auto, (max-width: 540px) 100vw, 540px\" \/><figcaption class=\"wp-element-caption\">silage oogster met zonnescherm<\/figcaption><\/figure>    <figure class=\"wp-block-image size-large\"><img loading=\"lazy\" decoding=\"async\" width=\"540\" height=\"720\" data-id=\"8420\" src=\"https:\/\/taizyagromachine.com\/wp-content\/uploads\/2025\/10\/self-propelled-forage-harvester-with-enclosed-cab.webp\" alt=\"zelfrijdende voederoogster met afgesloten cabine\" class=\"wp-image-8420\" srcset=\"https:\/\/taizyagromachine.com\/wp-content\/uploads\/2025\/10\/self-propelled-forage-harvester-with-enclosed-cab.webp 540w, https:\/\/taizyagromachine.com\/wp-content\/uploads\/2025\/10\/self-propelled-forage-harvester-with-enclosed-cab-9x12.webp 9w\" sizes=\"auto, (max-width: 540px) 100vw, 540px\" \/><figcaption class=\"wp-element-caption\">zelfrijdende voederoogster met afgesloten cabine<\/figcaption><\/figure> <\/figure>    <p>Deze twee modellen zijn respectievelijk geschikt voor verschillende operationele omgevingen en boerderijvereisten, en kunnen omgaan met diverse werkomstandigheden vari\u00ebrend van vlaktes tot heuvels, en van droog tot modderig terrein. Lees verder voor meer details.<\/p>    <h3 class=\"wp-block-heading\"><strong>Type 1: Rupstype silage oogstmachine<\/strong><\/h3>    <p>De rupstypen ma\u00efs voederoogster is ideaal voor complexe terreinen zoals modderige, glibberige en heuvelachtige gebieden in Zuidoost-Azi\u00eb, Centraal-Afrika en delen van Zuid-Amerika. Met sterke tractie en hoge zelfherstellingscapaciteit is dit model de perfecte oplossing voor regenseizoenen en omgevingen met hoge luchtvochtigheid.<\/p>    <figure class=\"wp-block-gallery aligncenter has-nested-images columns-default is-cropped wp-block-gallery-3 is-layout-flex wp-block-gallery-is-layout-flex\"> <figure class=\"wp-block-image size-full\"><img loading=\"lazy\" decoding=\"async\" width=\"720\" height=\"540\" data-id=\"8417\" src=\"https:\/\/taizyagromachine.com\/wp-content\/uploads\/2025\/10\/tracked-forage-harvester-machine-for-grass-cutting.webp\" alt=\"getrackte voederoogstmachine voor gras snijden\" class=\"wp-image-8417\" srcset=\"https:\/\/taizyagromachine.com\/wp-content\/uploads\/2025\/10\/tracked-forage-harvester-machine-for-grass-cutting.webp 720w, https:\/\/taizyagromachine.com\/wp-content\/uploads\/2025\/10\/tracked-forage-harvester-machine-for-grass-cutting-16x12.webp 16w\" sizes=\"auto, (max-width: 720px) 100vw, 720px\" \/><figcaption class=\"wp-element-caption\">getrackte voederoogstmachine voor gras snijden<\/figcaption><\/figure>    <figure class=\"wp-block-image size-full\"><img loading=\"lazy\" decoding=\"async\" width=\"720\" height=\"540\" data-id=\"8425\" src=\"https:\/\/taizyagromachine.com\/wp-content\/uploads\/2025\/10\/crawler-type-corn-silage-forage-harvesting-machine.webp\" alt=\"rupstype ma\u00efs voederoogstmachine\" class=\"wp-image-8425\" srcset=\"https:\/\/taizyagromachine.com\/wp-content\/uploads\/2025\/10\/crawler-type-corn-silage-forage-harvesting-machine.webp 720w, https:\/\/taizyagromachine.com\/wp-content\/uploads\/2025\/10\/crawler-type-corn-silage-forage-harvesting-machine-16x12.webp 16w\" sizes=\"auto, (max-width: 720px) 100vw, 720px\" \/><figcaption class=\"wp-element-caption\">rupstype ma\u00efs voederoogstmachine<\/figcaption><\/figure> <\/figure>    <h4 class=\"wp-block-heading\"><strong>Kenmerken van de getrackte voederoogstmachine<\/strong><\/h4>    <ul class=\"wp-block-list\"> <li>Krachtige prestaties: Voorzien van 100PK-160PK krachtige motoren met longitudinale aandrijving met nul riemverlies.<\/li>    <li>Uitzonderlijke terreinadaptatie: 350 mm brede tracks maken bediening op modderige, hellende en zandige oppervlakken mogelijk.<\/li>    <li>Hoge operationele effici\u00ebntie: Ge\u00efntegreerde snij-, hak- en laadfuncties.<\/li>    <li>Verstelbare haklengte: Variabel van 10-40 mm zorgt voor uniforme voedersegmentatie.<\/li>    <li>Hydraulisch controlesysteem: Volledig hydraulische aanpassing voor kophoogte, rijden en lossen.<\/li>    <li>Stabiel en betrouwbaar: Lage zwaartepunt en sterke schokbestendigheid zorgen voor langdurige continue werking.<\/li> <\/ul>    <h4 class=\"wp-block-heading\"><strong>Technische parameters van deze ma\u00efsilage oogster<\/strong><\/h4>    <p>Dit model is 4QZL-1600 met een gesloten bestuurderscabine. De geschikte gewassen zijn ma\u00efs, olifantsgras, Soedan gras, sorghum en voedergrassen. Raadpleeg de onderstaande tabel voor machineparameters.<\/p>    <figure class=\"wp-block-table\"><table class=\"has-fixed-layout\"><tbody><tr><td>Model<\/td><td>4QZL-1600<\/td><\/tr><tr><td>Type<\/td><td>Zelfrijdend<\/td><\/tr><tr><td>Stroom<\/td><td>110,3 kW(150 pk)<\/td><\/tr><tr><td>Motor nominale snelheid<\/td><td>2400 t\/min<\/td><\/tr><tr><td>Maaibreedte<\/td><td>1550 mm<\/td><\/tr><tr><td>Type snijder van de kop<\/td><td>Zaagmachine<\/td><\/tr><tr><td>Type van het hakmechanisme<\/td><td>Schijf type<\/td><\/tr><tr><td>Cabinet type<\/td><td>Standaard cabine<\/td><\/tr><tr><td>Transmissiemethode<\/td><td>Handmatige transmissie<\/td><\/tr><tr><td>Aandrijfmethode<\/td><td>Hydraulische aandrijving<\/td><\/tr><tr><td>Bandbreedte<\/td><td>350 mm<\/td><\/tr><tr><td>Contactlengte van de band met de grond<\/td><td>1400 mm<\/td><\/tr><tr><td>Track gauge<\/td><td>1240 mm<\/td><\/tr><tr><td>Bedrijfsnelheidsbereik<\/td><td>1-3 km\/u<\/td><\/tr><tr><td>Ontworpen snijlengte<\/td><td>15 mm<\/td><\/tr><tr><td>Opslagbak<\/td><td>3,1 m\u00b3<\/td><\/tr><tr><td>Grootte wanneer de machine werkt<\/td><td>5200\u00d71680\u00d74200 mm<\/td><\/tr><\/tbody><\/table><figcaption class=\"wp-element-caption\">specificaties van de getrackte voederoogstmachine<\/figcaption><\/figure>    <figure class=\"wp-block-gallery has-nested-images columns-default is-cropped wp-block-gallery-4 is-layout-flex wp-block-gallery-is-layout-flex\"> <figure class=\"wp-block-image size-large\"><img loading=\"lazy\" decoding=\"async\" width=\"720\" height=\"540\" data-id=\"8423\" src=\"https:\/\/taizyagromachine.com\/wp-content\/uploads\/2025\/10\/corn-silage-harvester-for-forage.webp\" alt=\"ma\u00efs silage oogstmachine voor voeder\" class=\"wp-image-8423\" srcset=\"https:\/\/taizyagromachine.com\/wp-content\/uploads\/2025\/10\/corn-silage-harvester-for-forage.webp 720w, https:\/\/taizyagromachine.com\/wp-content\/uploads\/2025\/10\/corn-silage-harvester-for-forage-16x12.webp 16w\" sizes=\"auto, (max-width: 720px) 100vw, 720px\" \/><figcaption class=\"wp-element-caption\">ma\u00efs silage oogstmachine voor voeder<\/figcaption><\/figure>    <figure class=\"wp-block-image size-large\"><img loading=\"lazy\" decoding=\"async\" width=\"720\" height=\"540\" data-id=\"8424\" src=\"https:\/\/taizyagromachine.com\/wp-content\/uploads\/2025\/10\/maize-forage-harvester-machine-for-silage-making.webp\" alt=\"ma\u00efs voederoogstmachine voor silage maken\" class=\"wp-image-8424\" srcset=\"https:\/\/taizyagromachine.com\/wp-content\/uploads\/2025\/10\/maize-forage-harvester-machine-for-silage-making.webp 720w, https:\/\/taizyagromachine.com\/wp-content\/uploads\/2025\/10\/maize-forage-harvester-machine-for-silage-making-16x12.webp 16w\" sizes=\"auto, (max-width: 720px) 100vw, 720px\" \/><figcaption class=\"wp-element-caption\">ma\u00efs voederoogstmachine voor silage maken<\/figcaption><\/figure> <\/figure>    <h3 class=\"wp-block-heading\"><strong>Type 2: Wieltstype ma\u00efs voederoogster<\/strong><\/h3>    <p>Taizy op de grond gemonteerde ma\u00efsilage oogster biedt hoge mobiliteit en flexibele verplaatsing, waardoor het ideaal is voor vlak terrein of boerderijen met verspreide percelen, zoals die in Afrika, Zuid-Amerika en het Midden-Oosten. Het levert hoge effici\u00ebntie en heeft een vereenvoudigd onderhoud en lagere operationele kosten.<\/p>    <h4 class=\"wp-block-heading\"> <strong>Kenmerken van de ma\u00efs voederoogster<\/strong><\/h4>    <ul class=\"wp-block-list\"> <li>Eenvoudige verplaatsing: Maximale snelheid van 20 km\/u maakt snelle beweging tussen velden mogelijk.<\/li>    <li>Eenvoudige bediening: Geautomatiseerd controlesysteem zorgt voor moeiteloos rijden.<\/li>    <li>Lage onderhoudskosten: Compacte structuur met hoge componentinterchangeabiliteit.<\/li>    <li>Uniform hakken: Ontwerp van hoge snelheid messen garandeert silagekwaliteit.<\/li>    <li>Hoge betrouwbaarheid: Stabiel hydraulisch systeem zorgt voor continue werking.<\/li> <\/ul>   <div class=\"wp-block-image\"> <figure class=\"aligncenter size-full\"><img loading=\"lazy\" decoding=\"async\" width=\"720\" height=\"540\" src=\"https:\/\/taizyagromachine.com\/wp-content\/uploads\/2025\/10\/commercial-corn-silage-harvester-machine-for-sale.webp\" alt=\"commerci\u00eble ma\u00efsilage oogstmachine te koop\" class=\"wp-image-8413\" srcset=\"https:\/\/taizyagromachine.com\/wp-content\/uploads\/2025\/10\/commercial-corn-silage-harvester-machine-for-sale.webp 720w, https:\/\/taizyagromachine.com\/wp-content\/uploads\/2025\/10\/commercial-corn-silage-harvester-machine-for-sale-16x12.webp 16w\" sizes=\"auto, (max-width: 720px) 100vw, 720px\" \/><figcaption class=\"wp-element-caption\">commerci\u00eble ma\u00efsilage oogstmachine te koop<\/figcaption><\/figure> <\/div>   <h4 class=\"wp-block-heading\"><strong>Technische gegevens van de wieltype voederoogstmachine<\/strong><\/h4>    <p>Het is een 4QZ-1800 ma\u00efs stro oogstmachine met een gesloten cabine, en het kan Napiergras, ma\u00efs, enz. oogsten. Hieronder staan de parameter details van deze zelfrijdende silage oogstmachine. <\/p>    <figure class=\"wp-block-table\"><table class=\"has-fixed-layout\"><tbody><tr><td>Model<\/td><td>4QZ-1800<\/td><\/tr><tr><td>Type<\/td><td>Zelfrijdend<\/td><\/tr><tr><td>Stroom<\/td><td>150 pk<\/td><\/tr><tr><td>Motor nominale snelheid<\/td><td>2400 t\/min<\/td><\/tr><tr><td>Maaibreedte<\/td><td>1800 mm<\/td><\/tr><tr><td>Type snijder van de kop<\/td><td>Zaagmachine<\/td><\/tr><tr><td>Type van het hakmechanisme<\/td><td>Schijf type<\/td><\/tr><tr><td>Cabinet type<\/td><td>Standaard cabine<\/td><\/tr><tr><td>Transmissiemethode<\/td><td>Handmatige transmissie<\/td><\/tr><tr><td>Aandrijfmethode<\/td><td>Hydraulische aandrijving<\/td><\/tr><tr><td>Gidswiel spoorbreedte<\/td><td>1290 mm<\/td><\/tr><tr><td>Gidswiel band specificatie<\/td><td>27\u00d78.5-15<\/td><\/tr><tr><td>Aandrijfwiel spoorbreedte<\/td><td>1290 mm<\/td><\/tr><tr><td>Aandrijfwiel band specificatie<\/td><td>12-16.5<\/td><\/tr><tr><td>Wielbasis<\/td><td>2200 mm<\/td><\/tr><tr><td>Bedrijfsnelheidsbereik<\/td><td>2-5 km\/u<\/td><\/tr><tr><td>Ontworpen snijlengte<\/td><td>15 mm<\/td><\/tr><tr><td>Opslagbak<\/td><td>3,1 m\u00b3<\/td><\/tr><tr><td>Grootte wanneer de machine werkt<\/td><td>5400\u00d71900\u00d73800 mm<\/td><\/tr><\/tbody><\/table><figcaption class=\"wp-element-caption\">specificaties van de wieltype voederoogstmachine<\/figcaption><\/figure>    <figure class=\"wp-block-gallery has-nested-images columns-default is-cropped wp-block-gallery-5 is-layout-flex wp-block-gallery-is-layout-flex\"> <figure class=\"wp-block-image size-large\"><img loading=\"lazy\" decoding=\"async\" width=\"720\" height=\"540\" data-id=\"8415\" src=\"https:\/\/taizyagromachine.com\/wp-content\/uploads\/2025\/10\/maize-forage-harvester-for-silage-chopping.webp\" alt=\"ma\u00efs voederoogster voor silage hakken\" class=\"wp-image-8415\" srcset=\"https:\/\/taizyagromachine.com\/wp-content\/uploads\/2025\/10\/maize-forage-harvester-for-silage-chopping.webp 720w, https:\/\/taizyagromachine.com\/wp-content\/uploads\/2025\/10\/maize-forage-harvester-for-silage-chopping-16x12.webp 16w\" sizes=\"auto, (max-width: 720px) 100vw, 720px\" \/><figcaption class=\"wp-element-caption\">ma\u00efs voederoogster voor silage hakken<\/figcaption><\/figure>    <figure class=\"wp-block-image size-large\"><img loading=\"lazy\" decoding=\"async\" width=\"720\" height=\"540\" data-id=\"8414\" src=\"https:\/\/taizyagromachine.com\/wp-content\/uploads\/2025\/10\/corn-forage-harvester-for-silage-cutting.webp\" alt=\"ma\u00efs voederoogster voor silage snijden\" class=\"wp-image-8414\" srcset=\"https:\/\/taizyagromachine.com\/wp-content\/uploads\/2025\/10\/corn-forage-harvester-for-silage-cutting.webp 720w, https:\/\/taizyagromachine.com\/wp-content\/uploads\/2025\/10\/corn-forage-harvester-for-silage-cutting-16x12.webp 16w\" sizes=\"auto, (max-width: 720px) 100vw, 720px\" \/><figcaption class=\"wp-element-caption\">ma\u00efs voederoogster voor silage snijden<\/figcaption><\/figure> <\/figure>    <h2 class=\"wp-block-heading\"><strong>Structuur van de ma\u00efsilage oogstmachine<\/strong><\/h2>    <p>In feite is de structuur duidelijk en eenvoudig, inclusief snijsysteem, bedieningsdeel, verzamelingssysteem en loopmodus. Neem de getrackte voederoogstmachine als voorbeeld:<\/p>    <figure class=\"wp-block-table\"><table class=\"has-fixed-layout\"><tbody><tr><td>Naam van machineonderdeel<\/td><td>Functie<\/td><\/tr><tr><td>Snijsysteem<\/td><td>Snijd ma\u00efs, Napiergras of sorghum effici\u00ebnt en gelijkmatig met de schijfsnijder.<\/td><\/tr><tr><td>Bedieningsdeel<\/td><td>Een comfortabele bestuurdersstoel met een hydraulisch bedieningspaneel, waarmee de snijhoogte, voersnelheid en losrichting eenvoudig kunnen worden aangepast.<\/td><\/tr><tr><td>Verzamelingssysteem<\/td><td>Verzamel en transporteer de gehakte voeder soepel naar de opslagcontainer via een spuitkanaal.<\/td><\/tr><tr><td>Loopmodus<\/td><td>Een 350 mm brede rubbertrack die zorgt voor uitstekende stabiliteit en grip, zelfs in modderige of ongelijke velden.<\/td><\/tr><\/tbody><\/table><figcaption class=\"wp-element-caption\">structuurlijst van zelfrijdende voedergras oogster <\/figcaption><\/figure>   <div class=\"wp-block-image\"> <figure class=\"aligncenter size-full\"><img loading=\"lazy\" decoding=\"async\" width=\"720\" height=\"540\" src=\"https:\/\/taizyagromachine.com\/wp-content\/uploads\/2025\/10\/structure-of-self-propelled-forage-harvester-machine.webp\" alt=\"structuur van de zelfrijdende voederoogstmachine\" class=\"wp-image-8408\" srcset=\"https:\/\/taizyagromachine.com\/wp-content\/uploads\/2025\/10\/structure-of-self-propelled-forage-harvester-machine.webp 720w, https:\/\/taizyagromachine.com\/wp-content\/uploads\/2025\/10\/structure-of-self-propelled-forage-harvester-machine-16x12.webp 16w\" sizes=\"auto, (max-width: 720px) 100vw, 720px\" \/><figcaption class=\"wp-element-caption\">structuur van de zelfrijdende voederoogstmachine<\/figcaption><\/figure> <\/div>   <h2 class=\"wp-block-heading\"><strong>Toepassingen van <strong>zelfaangedreven<\/strong> hakselaar machine<\/strong><\/h2>    <p>Deze ma\u00efsilage oogstmachine wordt veel gebruikt in:<\/p>    <ul class=\"wp-block-list\"> <li>Grote veehouderijen <ul class=\"wp-block-list\"> <li>Zoals melkveebedrijven, vleesveebedrijven, schapenboerderijen, enz., voor het oogsten en opslaan van silagevoer.<\/li> <\/ul> <\/li>    <li>Voederverwerkingsfabrieken <ul class=\"wp-block-list\"> <li>Direct silagevoer produceren door voeder te versnipperen.<\/li> <\/ul> <\/li>    <li>Agrarische co\u00f6peraties <ul class=\"wp-block-list\"> <li>Bied silage oogstdiensten aan omliggende boerderijen.<\/li> <\/ul> <\/li>    <li>Overheidslandbouwprojecten <ul class=\"wp-block-list\"> <li>Voor subsidies voor landbouwmachines en mechanisatie demonstratieprogramma's.<\/li> <\/ul> <\/li> <\/ul>    <p>Geschikte gewassen: Ma\u00efsstengels, olifantsgras, Soedangras, sorghum, voedergrassen, haver, naipergras, enz.<\/p>    <figure class=\"wp-block-gallery has-nested-images columns-default is-cropped wp-block-gallery-6 is-layout-flex wp-block-gallery-is-layout-flex\"> <figure class=\"wp-block-image size-large\"><img loading=\"lazy\" decoding=\"async\" width=\"720\" height=\"540\" data-id=\"8429\" src=\"https:\/\/taizyagromachine.com\/wp-content\/uploads\/2025\/10\/chopped-silage.webp\" alt=\"gehakte silage\" class=\"wp-image-8429\" srcset=\"https:\/\/taizyagromachine.com\/wp-content\/uploads\/2025\/10\/chopped-silage.webp 720w, https:\/\/taizyagromachine.com\/wp-content\/uploads\/2025\/10\/chopped-silage-16x12.webp 16w\" sizes=\"auto, (max-width: 720px) 100vw, 720px\" \/><figcaption class=\"wp-element-caption\">gehakte silage<\/figcaption><\/figure>    <figure class=\"wp-block-image size-large\"><img loading=\"lazy\" decoding=\"async\" width=\"720\" height=\"540\" data-id=\"8430\" src=\"https:\/\/taizyagromachine.com\/wp-content\/uploads\/2025\/10\/silage-cutting-effect.webp\" alt=\"silage snij-effect\" class=\"wp-image-8430\" srcset=\"https:\/\/taizyagromachine.com\/wp-content\/uploads\/2025\/10\/silage-cutting-effect.webp 720w, https:\/\/taizyagromachine.com\/wp-content\/uploads\/2025\/10\/silage-cutting-effect-16x12.webp 16w\" sizes=\"auto, (max-width: 720px) 100vw, 720px\" \/><figcaption class=\"wp-element-caption\">silage snij-effect<\/figcaption><\/figure> <\/figure>    <h2 class=\"wp-block-heading\"><strong>Wat is de prijs van de Taizy silage oogster?<\/strong><\/h2>    <p>De prijzen van de voederoogstmachines vari\u00ebren op basis van model, configuratie en motorvermogen. Over het algemeen hebben grotere modellen met hogere specificaties hogere totale prijzen.<\/p>    <p>Bijvoorbeeld, voor getrackte zelfrijdende silage oogstmachines is de volledig afgesloten cabine versie duurder dan de versie met een zonnescherm. Bovendien kunnen klanten verschillende configuraties kiezen op basis van hun behoeften (bijv. aantal messen, motorvermogen, laadcapaciteit).<\/p>    <p>Taizy biedt consequent fabrieksdirecte prijzen, uitgebreide machinegaranties en levering van reserveonderdelen. We bieden ook alle vereiste exportdocumentatie (bijv. Vrijhandelscertificaten, oorsprongsverklaringen).<\/p>   <div class=\"wp-block-image\"> <figure class=\"aligncenter size-full\"><img loading=\"lazy\" decoding=\"async\" width=\"720\" height=\"540\" src=\"https:\/\/taizyagromachine.com\/wp-content\/uploads\/2025\/10\/Taizy-self-propelled-silage-forage-harvester-machine-for-sale.webp\" alt=\"Taizy zelfrijdende silage voederoogstmachine te koop\" class=\"wp-image-8427\" srcset=\"https:\/\/taizyagromachine.com\/wp-content\/uploads\/2025\/10\/Taizy-self-propelled-silage-forage-harvester-machine-for-sale.webp 720w, https:\/\/taizyagromachine.com\/wp-content\/uploads\/2025\/10\/Taizy-self-propelled-silage-forage-harvester-machine-for-sale-16x12.webp 16w\" sizes=\"auto, (max-width: 720px) 100vw, 720px\" \/><figcaption class=\"wp-element-caption\">Taizy zelfrijdende silage voederoogstmachine te koop<\/figcaption><\/figure> <\/div>   <h2 class=\"wp-block-heading\"><strong>Hoe krijg je een geschikte ma\u00efs voederoogster?<\/strong><\/h2>    <p>Bij het kiezen van een ma\u00efs voederoogster voor silage oogsten, overweeg de volgende factoren:<\/p>    <ul class=\"wp-block-list\"> <li>Terreincondities: Aanbevolen wieltype modellen voor vlakke vlaktes; kies getrackte modellen voor heuvelachtige of modderige gebieden.<\/li>    <li>Gewas type en opbrengst: Selecteer verschillende pk op basis van ma\u00efs of voederopbrengst.<\/li>    <li>Budget en gebruiksfrequentie: Kies voor modellen met gemiddelde kracht voor dagelijks gebruik; raad aan om modellen met hoge specificaties voor commerci\u00eble toepassingen te kiezen.<\/li>    <li>Klantenservice: Kies fabrikanten zoals Taizy met uitgebreide ervaring, langdurige onderdelenlevering en technische ondersteuning.<\/li> <\/ul>    <p class=\"translation-block\">Taizy Machinery heeft 22 jaar ervaring in de productie van landbouwmachines. Onze producten worden ge\u00ebxporteerd naar meer dan 40 landen in Afrika, Zuidoost-Azi\u00eb, Zuid-Amerika en daarbuiten, wat sterke klantvertrouwen oplevert. Ook hebben we een one-stop oplossing voor silage: van snijden tot balen wikkelen door de<a href=\"https:\/\/taizyagromachine.com\/nl\/product\/silage-baler\/\">silage bal wikkelmachine<\/a>.<\/p>    <p>Als je ge\u00efnteresseerd bent, neem dan onmiddellijk contact met ons op!<\/p>","protected":false},"excerpt":{"rendered":"<p>Taizy biedt professionele silage oogstmachine voor boerderijen en voederfabrieken. Kies tussen wiel- of rupsbandtypes voor effici\u00ebnte en betrouwbare voederverzameling. Ontworpen voor hoge effici\u00ebntie, duurzaamheid en kwaliteitsvoederproductie.<\/p>","protected":false},"author":1,"featured_media":8406,"parent":0,"template":"","tags":[235,116],"product-type":[19],"class_list":["post-8405","product","type-product","status-publish","has-post-thumbnail","hentry","tag-corn","tag-silage","product-type-silage-machine"],"_links":{"self":[{"href":"https:\/\/taizyagromachine.com\/nl\/wp-json\/wp\/v2\/product\/8405","targetHints":{"allow":["GET"]}}],"collection":[{"href":"https:\/\/taizyagromachine.com\/nl\/wp-json\/wp\/v2\/product"}],"about":[{"href":"https:\/\/taizyagromachine.com\/nl\/wp-json\/wp\/v2\/types\/product"}],"author":[{"embeddable":true,"href":"https:\/\/taizyagromachine.com\/nl\/wp-json\/wp\/v2\/users\/1"}],"wp:featuredmedia":[{"embeddable":true,"href":"https:\/\/taizyagromachine.com\/nl\/wp-json\/wp\/v2\/media\/8406"}],"wp:attachment":[{"href":"https:\/\/taizyagromachine.com\/nl\/wp-json\/wp\/v2\/media?parent=8405"}],"wp:term":[{"taxonomy":"post_tag","embeddable":true,"href":"https:\/\/taizyagromachine.com\/nl\/wp-json\/wp\/v2\/tags?post=8405"},{"taxonomy":"product-type","embeddable":true,"href":"https:\/\/taizyagromachine.com\/nl\/wp-json\/wp\/v2\/product-type?post=8405"}],"curies":[{"name":"wp","href":"https:\/\/api.w.org\/{rel}","templated":true}]}}