{"id":11,"date":"2022-01-11T03:21:20","date_gmt":"2022-01-11T03:21:20","guid":{"rendered":"http:\/\/taizyagromachine.local\/?page_id=11"},"modified":"2022-01-24T06:09:57","modified_gmt":"2022-01-24T06:09:57","slug":"about-us","status":"publish","type":"page","link":"https:\/\/taizyagromachine.com\/pt\/about-us\/","title":{"rendered":"Sobre n\u00f3s"},"content":{"rendered":"<div class=\"wp-block-media-text alignwide is-stacked-on-mobile\"><figure class=\"wp-block-media-text__media\"><img loading=\"lazy\" decoding=\"async\" width=\"720\" height=\"540\" src=\"https:\/\/taizyagromachine.com\/wp-content\/uploads\/2022\/01\/cooperation-with-government.jpg\" alt=\"coopera\u00e7\u00e3o\" class=\"wp-image-1801 size-full\"\/><\/figure><div class=\"wp-block-media-text__content\"> <p class=\"translation-block\">Como um fabricante e fornecedor l\u00edder e profissional de m\u00e1quinas agr\u00edcolas, a Taizy Agro Machine Co., Ltd, consideramos \u201c<strong><em>Para Agricultores<\/em>, <em>Para Agricultura, Para uma Vida Melhor<\/em><\/strong>\u201d como o nosso slogan para servir os nossos clientes. Al\u00e9m disso, temos uma rica experi\u00eancia na exporta\u00e7\u00e3o de m\u00e1quinas agr\u00edcolas h\u00e1 mais de 15 anos. Os nossos principais produtos incluem <strong><em>M\u00e1quina de Moagem de Arroz, M\u00e1quina de Milho, M\u00e1quina de Arroz e Trigo, M\u00e1quina de Amendoim, M\u00e1quina de Silagem, Cortador de Palha, M\u00e1quina de Mudas, Transplante de Vegetais, M\u00e1quina de Pelotas de Ra\u00e7\u00e3o para Peixes, M\u00e1quina de Pelotas de Ra\u00e7\u00e3o Animal<\/em><\/strong>, etc. Al\u00e9m disso, somos especialistas em realizar Projetos de Concurso de <strong><em>ONG, FAO, UNDP e Compras Governamentais<\/em><\/strong>. <\/p>    <p class=\"translation-block\">Bem-vindo a contactar-nos via WhatsApp\/Wechat\/Tel: <strong><em>+86 13673689272<\/em><\/strong> para mais informa\u00e7\u00f5es.<\/p> <\/div><\/div>    <h2 class=\"has-huge-font-size wp-block-heading\">Porque escolher-nos<\/h2>    <div class=\"wp-block-columns is-layout-flex wp-container-core-columns-is-layout-9d6595d7 wp-block-columns-is-layout-flex\"> <div class=\"wp-block-column is-layout-flow wp-block-column-is-layout-flow\"> <ul class=\"wp-block-list\"><li>Forte for\u00e7a de f\u00e1brica para m\u00e1quinas de fabricante<\/li><li>Experi\u00eancias ricas em exporta\u00e7\u00e3o para o exterior<\/li><li>Excelentes servi\u00e7os de pr\u00e9-venda, venda e p\u00f3s-venda oferecidos aos clientes<\/li><li>Marca confi\u00e1vel para valer a pena comprar<\/li><li>Qualidade garantida para garantir o desempenho e a propriedade da m\u00e1quina<\/li><li>V\u00e1rias m\u00e1quinas agr\u00edcolas para atender \u00e0s diferentes demandas dos clientes<\/li><li>Pre\u00e7o competitivo para beneficiar os clientes<\/li><\/ul> <\/div>    <div class=\"wp-block-column is-layout-flow wp-block-column-is-layout-flow\"> <figure class=\"wp-block-gallery aligncenter columns-2 is-cropped wp-block-gallery-2 is-layout-flex wp-block-gallery-is-layout-flex\"><ul class=\"blocks-gallery-grid\"><li class=\"blocks-gallery-item\"><figure><img loading=\"lazy\" decoding=\"async\" width=\"720\" height=\"540\" src=\"https:\/\/taizyagromachine.com\/wp-content\/uploads\/2022\/01\/factory-display-why-choose-us.jpg\" alt=\"exibi\u00e7\u00e3o de f\u00e1brica\" data-id=\"1809\" data-full-url=\"https:\/\/taizyagromachine.com\/wp-content\/uploads\/2022\/01\/factory-display-why-choose-us.jpg\" data-link=\"https:\/\/taizyagromachine.com\/about\/factory-display-why-choose-us\/\" class=\"wp-image-1809\"\/><figcaption class=\"blocks-gallery-item__caption\">exibi\u00e7\u00e3o de f\u00e1brica<\/figcaption><\/figure><\/li><li class=\"blocks-gallery-item\"><figure><img loading=\"lazy\" decoding=\"async\" width=\"720\" height=\"540\" src=\"https:\/\/taizyagromachine.com\/wp-content\/uploads\/2022\/01\/150pcs-corn-sheller-to-Zimbabwe.jpg\" alt=\"150 unidades de descascador de milho para o Zimb\u00e1bue\" data-id=\"1810\" data-full-url=\"https:\/\/taizyagromachine.com\/wp-content\/uploads\/2022\/01\/150pcs-corn-sheller-to-Zimbabwe.jpg\" data-link=\"https:\/\/taizyagromachine.com\/about\/150pcs-corn-sheller-to-zimbabwe\/\" class=\"wp-image-1810\"\/><figcaption class=\"blocks-gallery-item__caption\">descascador de milho para o Zimb\u00e1bue<\/figcaption><\/figure><\/li><\/ul><\/figure> <\/div> <\/div>    <h2 class=\"wp-block-heading\">Eventos<\/h2>    <p>Como\u00a0um\u00a0dos\u00a0fornecedores de m\u00e1quinas agr\u00edcolas mais\u00a0profissionais\u00a0da prov\u00edncia de Henan, investigamos em profundidade o mercado dos pa\u00edses em desenvolvimento e\u00a0escolhemos as\u00a0m\u00e1quinas agr\u00edcolas\u00a0mais adequadas para atender \u00e0 demanda local. Al\u00e9m disso, somos convidados a participar de muitos eventos famosos na China e no exterior. Tal como, 2018 na Nig\u00e9ria, 2018 em Yiwu, 2019 na Nig\u00e9ria, 2019 no Vietname, etc.<\/p>    <div class=\"wp-block-image\"><figure class=\"aligncenter size-full\"><img loading=\"lazy\" decoding=\"async\" width=\"1200\" height=\"600\" src=\"https:\/\/taizyagromachine.com\/wp-content\/uploads\/2022\/01\/events.jpg\" alt=\"eventos\" class=\"wp-image-1820\"\/><figcaption>eventos<\/figcaption><\/figure><\/div>    <h2 class=\"wp-block-heading\">Pegada<\/h2>    <p>Temos experi\u00eancia em exporta\u00e7\u00e3o h\u00e1 mais de 15 anos. Nossos produtos t\u00eam desfrutado de grande popularidade na \u00c1frica, Sudeste Asi\u00e1tico e Am\u00e9rica do Sul, como Nig\u00e9ria, Gana, Peru, Indon\u00e9sia, Congo, Eti\u00f3pia, Nam\u00edbia, Marrocos, Botsuana, etc. <\/p>    <div class=\"wp-block-image\"><figure class=\"aligncenter size-full\"><img loading=\"lazy\" decoding=\"async\" width=\"1024\" height=\"486\" src=\"https:\/\/taizyagromachine.com\/wp-content\/uploads\/2022\/01\/footprints-Taizy-Agro.jpg\" alt=\"pegadas\" class=\"wp-image-1805\"\/><figcaption>pegadas<\/figcaption><\/figure><\/div>    <h2 class=\"wp-block-heading\">Certificado<\/h2>    <p>Nossa empresa possui certificado ISO 9001 e a maioria dos produtos possui certificado CE. Tamb\u00e9m podemos obter PVOC, SONCAP, SABRE e C\/O preferencial para ajudar os clientes a fazer o desembara\u00e7o de importa\u00e7\u00e3o com facilidade. Comprometemo-nos a fornecer produtos adequados e servi\u00e7o completo para todos os clientes nacionais e estrangeiros.<\/p>    <div class=\"wp-block-columns is-layout-flex wp-container-core-columns-is-layout-9d6595d7 wp-block-columns-is-layout-flex\"> <div class=\"wp-block-column is-layout-flow wp-block-column-is-layout-flow\"> <div class=\"wp-block-image\"><figure class=\"aligncenter size-full\"><img loading=\"lazy\" decoding=\"async\" width=\"2468\" height=\"3425\" src=\"https:\/\/taizyagromachine.com\/wp-content\/uploads\/2022\/01\/PVOC-.jpg\" alt=\"COVP\" class=\"wp-image-1832\"\/><figcaption>COVP<\/figcaption><\/figure><\/div> <\/div>    <div class=\"wp-block-column is-layout-flow wp-block-column-is-layout-flow\"> <div class=\"wp-block-image\"><figure class=\"aligncenter size-full\"><img loading=\"lazy\" decoding=\"async\" width=\"2468\" height=\"3425\" src=\"https:\/\/taizyagromachine.com\/wp-content\/uploads\/2022\/01\/SONCAP-.jpg\" alt=\"SONCAP\" class=\"wp-image-1833\"\/><figcaption>SONCAP<\/figcaption><\/figure><\/div> <\/div>    <div class=\"wp-block-column is-layout-flow wp-block-column-is-layout-flow\"> <div class=\"wp-block-image\"><figure class=\"aligncenter size-full\"><img loading=\"lazy\" decoding=\"async\" width=\"2468\" height=\"3425\" src=\"https:\/\/taizyagromachine.com\/wp-content\/uploads\/2022\/01\/ISO9001-.jpg\" alt=\"ISO 9001\" class=\"wp-image-1834\"\/><figcaption>ISO 9001<\/figcaption><\/figure><\/div> <\/div> <\/div>    <p><\/p>","protected":false},"excerpt":{"rendered":"<p>As a leading and professional agricultural machines manufacturer and provider, Taizy Agro Machine Co., Ltd, we consider &#8220;For Farmers, For Agriculture, For Better Life&#8221; as our slogan to serve our customers. Besides, we have rich experience in exporting agricultural machines for more than 15 years. Our main products include Rice Mill, Corn Machine, Rice and [&hellip;]<\/p>\n","protected":false},"author":1,"featured_media":0,"parent":0,"menu_order":0,"comment_status":"closed","ping_status":"closed","template":"","meta":{"footnotes":""},"class_list":["post-11","page","type-page","status-publish","hentry"],"_links":{"self":[{"href":"https:\/\/taizyagromachine.com\/pt\/wp-json\/wp\/v2\/pages\/11","targetHints":{"allow":["GET"]}}],"collection":[{"href":"https:\/\/taizyagromachine.com\/pt\/wp-json\/wp\/v2\/pages"}],"about":[{"href":"https:\/\/taizyagromachine.com\/pt\/wp-json\/wp\/v2\/types\/page"}],"author":[{"embeddable":true,"href":"https:\/\/taizyagromachine.com\/pt\/wp-json\/wp\/v2\/users\/1"}],"replies":[{"embeddable":true,"href":"https:\/\/taizyagromachine.com\/pt\/wp-json\/wp\/v2\/comments?post=11"}],"version-history":[{"count":0,"href":"https:\/\/taizyagromachine.com\/pt\/wp-json\/wp\/v2\/pages\/11\/revisions"}],"wp:attachment":[{"href":"https:\/\/taizyagromachine.com\/pt\/wp-json\/wp\/v2\/media?parent=11"}],"curies":[{"name":"wp","href":"https:\/\/api.w.org\/{rel}","templated":true}]}}