{"id":1131,"date":"2021-12-01T09:41:24","date_gmt":"2021-12-01T09:41:24","guid":{"rendered":"https:\/\/taizyagromachine.com\/?p=1131"},"modified":"2022-09-29T11:31:03","modified_gmt":"2022-09-29T03:31:03","slug":"18tpd-automatic-rice-mill-production-line","status":"publish","type":"product","link":"https:\/\/taizyagromachine.com\/pt\/product\/18tpd-automatic-rice-mill-production-line\/","title":{"rendered":"Linha de produ\u00e7\u00e3o autom\u00e1tica de moinho de arroz 18TPD"},"content":{"rendered":"<p class=\"translation-block\">A <strong>linha de produ\u00e7\u00e3o autom\u00e1tica de descascadora de arroz de 18 TPD<\/strong> \u00e9 uma linha de produ\u00e7\u00e3o pr\u00e1tica para processar o arroz em casca em arroz branco. A sua produ\u00e7\u00e3o \u00e9 de 700-800kg por hora. \u00c9 uma f\u00e1brica completa de descascadora de arroz, realizando automa\u00e7\u00e3o total. Tanto o arroz em casca de formato redondo como o de formato longo podem ser utilizados, bastando escolher descascadoras de arroz diferentes. Pode limpar, remover pedras, descascar, separar, moer, polir, classificar, graduar, armazenar e embalar tudo num s\u00f3. Est\u00e1 interessado? Contacte-nos. Ofereceremos solu\u00e7\u00f5es adequadas com base nos seus requisitos reais.<\/p>   <div class=\"wp-block-image\"> <figure class=\"aligncenter size-full\"><img loading=\"lazy\" decoding=\"async\" width=\"720\" height=\"540\" src=\"https:\/\/taizyagromachine.com\/wp-content\/uploads\/2022\/01\/18t-rice-mill-production-line.jpg\" alt=\"linha de produ\u00e7\u00e3o de moinho de arroz 18tpd\" class=\"wp-image-1780\"\/><figcaption>linha de produ\u00e7\u00e3o de moinho de arroz 18tpd<\/figcaption><\/figure> <\/div>   <h2 class=\"wp-block-heading\" id=\"overview-of-modern-18tpd-rice-mill-production-line\"><strong>Vis\u00e3o geral da moderna linha de produ\u00e7\u00e3o de moinho de arroz 18TPD<\/strong><\/h2>   <div class=\"wp-block-image\"> <figure class=\"aligncenter size-full\"><img loading=\"lazy\" decoding=\"async\" width=\"720\" height=\"400\" src=\"https:\/\/taizyagromachine.com\/wp-content\/uploads\/2022\/01\/18t-display.jpg\" alt=\"Linha de produ\u00e7\u00e3o completa de 18 tpd \" class=\"wp-image-1781\"\/><figcaption>Linha de produ\u00e7\u00e3o completa de 18 tpd <\/figcaption><\/figure> <\/div>   <h2 class=\"wp-block-heading\" id=\"structure-of-18tpd-fully-automatic-rice-mill-production-line\"><strong>Estrutura da linha de produ\u00e7\u00e3o de moinho de arroz totalmente autom\u00e1tico 18TPD<\/strong><\/h2>    <p class=\"translation-block\">Esta linha de produ\u00e7\u00e3o de descascadora de arroz inclui um limpador e removedor de pedras combinado, descascador de arroz, separador por gravidade, primeira descascadora de arroz, separador magn\u00e9tico, segunda descascadora de arroz, polidor de arroz com \u00e1gua, <a href=\"https:\/\/en.wikipedia.org\/wiki\/Colour_sorter\" target=\"_blank\" rel=\"noreferrer noopener\">classificador de cores<\/a>, classificador de arroz, silo de armazenamento, m\u00e1quina de pesagem e embalagem.<\/p>   <div class=\"wp-block-image\"> <figure class=\"aligncenter size-full\"><img loading=\"lazy\" decoding=\"async\" width=\"720\" height=\"300\" src=\"https:\/\/taizyagromachine.com\/wp-content\/uploads\/2022\/01\/18t-drawing.jpg\" alt=\"planta autom\u00e1tica de moinho de arroz estrutura-18tpd\" class=\"wp-image-1783\"\/><figcaption>planta autom\u00e1tica de moinho de arroz estrutura-18tpd<\/figcaption><\/figure> <\/div>   <h2 class=\"wp-block-heading\" id=\"why-choose-rice-mill-machine-twice\"><strong>Por que escolher a m\u00e1quina de moinho de arroz duas vezes?<\/strong><\/h2>    <p>Da linha de produ\u00e7\u00e3o autom\u00e1tica completa do moinho de arroz 18T\/D, descobrimos que ela tem a primeira moagem de arroz e a segunda moagem de arroz. As raz\u00f5es s\u00e3o as seguintes:<\/p>    <ol class=\"wp-block-list\" type=\"1\"><li>Baixa quebra. Adotando a moagem de arroz duas vezes, reduz muito a taxa de arroz quebrado e voc\u00ea pode obter arroz branco de alta qualidade.<\/li><li>Grande produ\u00e7\u00e3o. Duas m\u00e1quinas de moagem de arroz podem moer arroz sem interrup\u00e7\u00e3o.<\/li><\/ol>    <h2 class=\"wp-block-heading\" id=\"spare-parts-list-necessary-parts-for-1-production-line-in-one-year\"><strong>Lista de pe\u00e7as sobressalentes (pe\u00e7as necess\u00e1rias para 1 linha de produ\u00e7\u00e3o autom\u00e1tica de moinho de arroz em um ano)<\/strong><\/h2>    <figure class=\"wp-block-table is-style-stripes\"><table><tbody><tr><td>S\/N<\/td><td>M\u00e1quina<\/td><td>Nome<\/td><td>Quantidade<\/td><\/tr><tr><td>1<\/td><td>Pe\u00e7as de reposi\u00e7\u00e3o para descascador de arroz em casca<\/td><td>Rolo de borracha<\/td><td>4 PCS<\/td><\/tr><tr><td>2<\/td><td>Pe\u00e7as de reposi\u00e7\u00e3o para o primeiro moinho de arroz<\/td><td>Peneira<\/td><td>8 pe\u00e7as<\/td><\/tr><tr><td>3<\/td><td>Pe\u00e7as de reposi\u00e7\u00e3o para o primeiro moinho de arroz<\/td><td>Barra de imprensa<\/td><td>16\u00a0pe\u00e7as<\/td><\/tr><tr><td>4<\/td><td>Pe\u00e7as de reposi\u00e7\u00e3o para o primeiro moinho de arroz<\/td><td>Rolo de esmeril<\/td><td>1 pe\u00e7a<\/td><\/tr><tr><td>5<\/td><td>Pe\u00e7as de reposi\u00e7\u00e3o para o primeiro moinho de arroz<\/td><td>Parafuso<\/td><td>2 pe\u00e7as<\/td><\/tr><tr><td>6<\/td><td>Pe\u00e7as de reposi\u00e7\u00e3o para o segundo moinho de arroz<\/td><td>Peneira<\/td><td>12 pe\u00e7as<\/td><\/tr><tr><td>7<\/td><td>Pe\u00e7as de reposi\u00e7\u00e3o para o segundo moinho de arroz<\/td><td>Barra de imprensa<\/td><td>6 pe\u00e7as<\/td><\/tr><tr><td>8<\/td><td>Pe\u00e7as de reposi\u00e7\u00e3o para o segundo moinho de arroz<\/td><td>Rolo de esmeril<\/td><td>1 pe\u00e7a<\/td><\/tr><tr><td>9<\/td><td>Pe\u00e7as de reposi\u00e7\u00e3o para o segundo moinho de arroz<\/td><td>Parafuso<\/td><td>2 pe\u00e7as<\/td><\/tr><\/tbody><\/table><\/figure>    <h2 class=\"wp-block-heading\" id=\"features-of-18t-rice-mill-plant-production-line\"><strong>Caracter\u00edsticas da linha de produ\u00e7\u00e3o de moinho de arroz 18t<\/strong><\/h2>    <ul class=\"wp-block-list\" type=\"1\"><li>Desempenho est\u00e1vel, estrutura compacta e super qualidade.<\/li><li>Menos arroz quebrado. Porque esta linha de produ\u00e7\u00e3o autom\u00e1tica de moinho de arroz adota duas m\u00e1quinas de moagem de arroz.<\/li><li>F\u00e1cil opera\u00e7\u00e3o, alta precis\u00e3o do arroz e manuten\u00e7\u00e3o conveniente.<\/li><li>Todas as pe\u00e7as de reposi\u00e7\u00e3o s\u00e3o feitas de materiais de alta qualidade, dur\u00e1veis \u200b\u200be confi\u00e1veis.<\/li><li>Economize m\u00e3o de obra e melhore a efici\u00eancia do trabalho. Devido ao compartimento de armazenamento, os trabalhadores n\u00e3o precisam esperar muito tempo para embalar. Ap\u00f3s armazenar uma determinada quantidade, o trabalho de embalagem pode come\u00e7ar de forma eficiente.<\/li><\/ul>    <h2 class=\"wp-block-heading\" id=\"differences-between-15t-and-18t-rice-mill-production-line\"><strong>Diferen\u00e7as entre a linha de produ\u00e7\u00e3o autom\u00e1tica de moinho de arroz 15t e 18t<\/strong><\/h2>    <ol class=\"wp-block-list\" type=\"1\"><li>Sa\u00edda. Obviamente, a sa\u00edda \u00e9 diferente. Um custa 15 toneladas por dia, enquanto outro custa 18 toneladas por dia.<\/li><li>Polidor de arroz com \u00e1gua. Comparado com <a href=\"https:\/\/taizyagromachine.com\/pt\/product\/15tpd-complete-rice-mill-production-line\/\" target=\"_blank\" rel=\"noreferrer noopener\">Linha de produ\u00e7\u00e3o de planta de moinho de arroz 15t<\/a>, A linha de produ\u00e7\u00e3o completa de 18t possui o polidor de arroz com \u00e1gua. Ele d\u00e1 brilho ao arroz branco com jato de \u00e1gua, deixando-o mais branco e leve.<\/li><\/ol>    <h2 class=\"wp-block-heading\" id=\"why-choose-us\"><strong>Porque escolher-nos?<\/strong><strong><\/strong><\/h2>    <p class=\"translation-block\">N\u00f3s, a <a href=\"https:\/\/taizyagromachine.com\/pt\/\" target=\"_blank\" rel=\"noreferrer noopener\">Taizy Company<\/a>, somos um fabricante e fornecedor experiente de m\u00e1quinas agr\u00edcolas. Fornecemos n\u00e3o s\u00f3 uma s\u00e9rie de f\u00e1bricas de descascadoras de arroz, mas tamb\u00e9m enfardadeiras de feno, semeadoras de milho, <a href=\"https:\/\/taizyagromachine.com\/pt\/product\/nursery-transplanter\/\" target=\"_blank\" rel=\"noreferrer noopener\">transplantadores de vegetais<\/a>, etc. Isto deve-se \u00e0s nossas seguintes vantagens:<\/p>    <ol class=\"wp-block-list\" type=\"1\"><li>Efeito de marca.<\/li><li>Servi\u00e7o p\u00f3s-venda.<\/li><li>Oficiais profissionais e qualificados.<\/li><\/ol>   <div class=\"wp-block-image\"> <figure class=\"aligncenter size-full\"><img loading=\"lazy\" decoding=\"async\" width=\"720\" height=\"400\" src=\"https:\/\/taizyagromachine.com\/wp-content\/uploads\/2022\/01\/18t-company-factory-strength.jpg\" alt=\"for\u00e7a da f\u00e1brica da empresa\" class=\"wp-image-1784\"\/><figcaption>for\u00e7a da f\u00e1brica da empresa<\/figcaption><\/figure> <\/div>   <h2 class=\"wp-block-heading\" id=\"successful-case-4-sets-18tpd-rice-mill-plants-to-burkina-faso\"><strong>Caso de sucesso: 4 conjuntos de plantas de moinho de arroz 18TPD para Burkina Faso<\/strong><\/h2>    <p>Este ano, um cliente de Burkina Faso perguntou sobre a linha de produ\u00e7\u00e3o autom\u00e1tica do moinho de arroz. Ele dirige uma f\u00e1brica em grande escala e a produ\u00e7\u00e3o necess\u00e1ria era de 700-800 kg por hora. Al\u00e9m disso, ele queria vender arroz branco de alta qualidade. Portanto, nossa gerente de vendas Emily recomendou a linha de produ\u00e7\u00e3o de moinho de arroz 18TPD para satisfazer seu neg\u00f3cio. Ele revisou a linha de produ\u00e7\u00e3o e ficou muito satisfeito. Ele encomendou 4 conjuntos uma vez. E em Setembro, export\u00e1mos com sucesso para o seu pa\u00eds, Burkina Faso. Ele recebeu as m\u00e1quinas e um bom feedback chegou at\u00e9 n\u00f3s.<\/p>   <div class=\"wp-block-image\"> <figure class=\"aligncenter size-full\"><img loading=\"lazy\" decoding=\"async\" width=\"720\" height=\"540\" src=\"https:\/\/taizyagromachine.com\/wp-content\/uploads\/2022\/01\/loading-into-container-18t.jpg\" alt=\"carregando\" class=\"wp-image-1786\"\/><figcaption>carregando<\/figcaption><\/figure> <\/div>","protected":false},"excerpt":{"rendered":"<p>18TPD automatic rice mill production line\u00a0is a practical production line to process the paddy rice into white rice. Its output is 700-800kg per hour. It\u2019s a complete rice mill plant, realizing full automation. Both round-shaped and long-shaped paddy rice can use, just choosing different rice millers. It can clean, de-stone, hull, separate, mill, polish, sort, [&hellip;]<\/p>\n","protected":false},"author":1,"featured_media":2077,"parent":0,"template":"","tags":[54,58,53,49,35,56,37,57,48],"product-type":[27],"class_list":["post-1131","product","type-product","status-publish","has-post-thumbnail","hentry","tag-18tpd","tag-18tpd-rice-mill-production-line","tag-automatic-rice-mill-production-line","tag-complete-rice-milling-plant","tag-rice-mill","tag-rice-mill-machine","tag-rice-mill-plant","tag-rice-milling-machine","tag-rice-milling-plant-for-sale","product-type-solutions"],"_links":{"self":[{"href":"https:\/\/taizyagromachine.com\/pt\/wp-json\/wp\/v2\/product\/1131","targetHints":{"allow":["GET"]}}],"collection":[{"href":"https:\/\/taizyagromachine.com\/pt\/wp-json\/wp\/v2\/product"}],"about":[{"href":"https:\/\/taizyagromachine.com\/pt\/wp-json\/wp\/v2\/types\/product"}],"author":[{"embeddable":true,"href":"https:\/\/taizyagromachine.com\/pt\/wp-json\/wp\/v2\/users\/1"}],"wp:featuredmedia":[{"embeddable":true,"href":"https:\/\/taizyagromachine.com\/pt\/wp-json\/wp\/v2\/media\/2077"}],"wp:attachment":[{"href":"https:\/\/taizyagromachine.com\/pt\/wp-json\/wp\/v2\/media?parent=1131"}],"wp:term":[{"taxonomy":"post_tag","embeddable":true,"href":"https:\/\/taizyagromachine.com\/pt\/wp-json\/wp\/v2\/tags?post=1131"},{"taxonomy":"product-type","embeddable":true,"href":"https:\/\/taizyagromachine.com\/pt\/wp-json\/wp\/v2\/product-type?post=1131"}],"curies":[{"name":"wp","href":"https:\/\/api.w.org\/{rel}","templated":true}]}}