{"id":1133,"date":"2021-12-01T09:41:58","date_gmt":"2021-12-01T09:41:58","guid":{"rendered":"https:\/\/taizyagromachine.com\/?p=1133"},"modified":"2022-09-29T13:55:04","modified_gmt":"2022-09-29T05:55:04","slug":"20tpd-rice-mill-plant","status":"publish","type":"product","link":"https:\/\/taizyagromachine.com\/pt\/product\/20tpd-rice-mill-plant\/","title":{"rendered":"Planta de tritura\u00e7\u00e3o do arroz 20TPD"},"content":{"rendered":"<p class=\"translation-block\">A <strong>unidade de moagem de arroz de 20 TPD<\/strong> processa o arroz em casca para arroz branco, com uma produ\u00e7\u00e3o de 20 toneladas por dia. Este \u00e9 o tipo b\u00e1sico, que inclui o funil de alimenta\u00e7\u00e3o, elevador, separador de pedras, descascador de arroz, separador por gravidade e o pr\u00f3prio<strong><\/strong>moinho de arroz. \u00c9 uma unidade de moagem de arroz totalmente autom\u00e1tica, que produz arroz branco comest\u00edvel satisfat\u00f3rio. \u00c9 uma linha de produ\u00e7\u00e3o b\u00e1sica para o processamento de arroz branco, especialmente bem recebida na Nig\u00e9ria. Agricultores, empresas ou f\u00e1bricas podem adquirir esta unidade de moagem de arroz combinada para beneficiar os seus neg\u00f3cios. Tem interesse neste tipo de m\u00e1quina? Aguardamos o seu contacto!<\/p>    <h2 class=\"wp-block-heading\" id=\"h-working-flow\"><strong>Fluxo de Trabalho<\/strong><strong><\/strong><\/h2>    <ol class=\"wp-block-list\" type=\"1\"><li>Coloque o arroz em casca na tremonha. E ent\u00e3o, atrav\u00e9s do limpador, retire as impurezas. O arroz em casca chega ao descaro\u00e7ador por elevador.<\/li><li>O descaro\u00e7ador remover\u00e1 o caro\u00e7o e as impurezas existentes no arroz em casca. Em seguida, o arroz em casca passa pelo elevador duplo at\u00e9 o <a href=\"https:\/\/en.wikipedia.org\/wiki\/Rice_huller\" target=\"_blank\" rel=\"noreferrer noopener\">descascador de arroz<\/a>.<\/li><li>O descascador de arroz remover\u00e1 a casca do arroz em casca. O pr\u00f3ximo passo \u00e9 o separador por gravidade, separando o arroz em casca e o arroz integral. O arroz integral ir\u00e1 para a fresadora de arroz enquanto o arroz em casca voltar\u00e1 para o descascador de arroz.<\/li><li>A fresadora de arroz serve para moer o arroz integral em arroz branco. E ent\u00e3o v\u00e1 para a tela de classifica\u00e7\u00e3o. Por fim, pegue o arroz branco qualificado.<\/li><\/ol>    <figure class=\"wp-block-embed is-type-video is-provider-youtube wp-block-embed-youtube wp-embed-aspect-16-9 wp-has-aspect-ratio\"><div class=\"wp-block-embed__wrapper\"> <iframe loading=\"lazy\" title=\"Planta de moinho de arroz 20T\/D totalmente autom\u00e1tica m\u00e1quina de processamento de arroz integrada planta de moinho de arroz para venda\" width=\"500\" height=\"281\" src=\"https:\/\/www.youtube.com\/embed\/mmUFiYX-sAg?feature=oembed\" frameborder=\"0\" allow=\"accelerometer; autoplay; clipboard-write; encrypted-media; gyroscope; picture-in-picture; web-share\" referrerpolicy=\"strict-origin-when-cross-origin\" allowfullscreen><\/iframe> <\/div><\/figure>    <h2 class=\"wp-block-heading\" id=\"h-structure-of-20tpd-rice-mill-plant-for-sale\"><strong>Estrutura da planta de moinho de arroz 20TPD para venda<\/strong><\/h2>    <p>Este equipamento de moagem de arroz 20t possui diversas pe\u00e7as, listadas abaixo:<\/p>   <div class=\"wp-block-image\"> <figure class=\"aligncenter size-full\"><img loading=\"lazy\" decoding=\"async\" width=\"720\" height=\"540\" src=\"https:\/\/taizyagromachine.com\/wp-content\/uploads\/2022\/02\/structure-of-20tpd-rice-mill-plant.jpg\" alt=\"estrutura da planta de moinho de arroz 20tpd\" class=\"wp-image-2167\" srcset=\"https:\/\/taizyagromachine.com\/wp-content\/uploads\/2022\/02\/structure-of-20tpd-rice-mill-plant.jpg 720w, https:\/\/taizyagromachine.com\/wp-content\/uploads\/2022\/02\/structure-of-20tpd-rice-mill-plant-300x225.jpg 300w\" sizes=\"auto, (max-width: 720px) 100vw, 720px\" \/><figcaption>estrutura da planta de moinho de arroz 20tpd<\/figcaption><\/figure> <\/div>   <h2 class=\"wp-block-heading\" id=\"h-machine-details\"><strong>Detalhes da m\u00e1quina de <\/strong><\/h2>    <figure class=\"wp-block-gallery aligncenter has-nested-images columns-default is-cropped wp-block-gallery-2 is-layout-flex wp-block-gallery-is-layout-flex\"> <figure class=\"wp-block-image size-large\"><img loading=\"lazy\" decoding=\"async\" width=\"720\" height=\"540\" data-id=\"1751\" src=\"https:\/\/taizyagromachine.com\/wp-content\/uploads\/2022\/01\/destoner-screen.jpg\" alt=\"tela do destruidor\" class=\"wp-image-1751\"\/><figcaption>tela do destruidor<\/figcaption><\/figure>    <figure class=\"wp-block-image size-large\"><img loading=\"lazy\" decoding=\"async\" width=\"720\" height=\"540\" data-id=\"1752\" src=\"https:\/\/taizyagromachine.com\/wp-content\/uploads\/2022\/01\/control-cabinet.jpg\" alt=\"cabine de controle\" class=\"wp-image-1752\"\/><figcaption>cabine de controle<\/figcaption><\/figure> <\/figure>    <h2 class=\"wp-block-heading\" id=\"h-features-of-20tpd-modern-rice-milling-plant\"><strong>Caracter\u00edsticas da moderna planta de moagem de arroz 20TPD<\/strong><\/h2>    <ul class=\"wp-block-list\" type=\"1\"><li>A parte da tela de limpeza adota opera\u00e7\u00e3o rotativa, rota de limpeza suave e efeito de limpeza longo.<\/li><li>O destoner adota o modo de transmiss\u00e3o exclusivo, longa vida \u00fatil da m\u00e1quina.<\/li><li>O descascador de arroz \u00e9 acionado por correia, a superf\u00edcie obl\u00edqua do dente \u00e9 invertida, baixo ru\u00eddo e desempenho est\u00e1vel.<\/li><li>A fresadora de arroz \u00e9 acionada por forte tiragem, o teor de p\u00f3 de farelo de arroz \u00e9 pequeno e a temperatura \u00e9 baixa.<\/li><li>Um conjunto completo de equipamentos para moagem de arroz, composto por m\u00e1quinas individuais, como descascador de arroz, moinho de arroz, etc.<\/li><\/ul>    <h2 class=\"wp-block-heading\" id=\"h-finished-products-effect-of-automatic-rice-processing-plant\"><strong>Efeito de produtos acabados de R autom\u00e1tico<\/strong><strong>gelo <\/strong><strong>P<\/strong><strong>processamento <\/strong><strong>P<\/strong><strong>planta<\/strong><strong><\/strong><\/h2>    <p>Pelas fotos abaixo, obviamente, percebe-se que o arroz em casca se transforma em arroz branco ap\u00f3s uma s\u00e9rie de procedimentos de processamento.<\/p>   <div class=\"wp-block-image\"> <figure class=\"aligncenter size-full\"><img loading=\"lazy\" decoding=\"async\" width=\"720\" height=\"540\" src=\"https:\/\/taizyagromachine.com\/wp-content\/uploads\/2022\/01\/finished-products.jpg\" alt=\"produtos finalizados\" class=\"wp-image-1753\"\/><figcaption>produtos finalizados<\/figcaption><\/figure> <\/div>   <h2 class=\"wp-block-heading\" id=\"h-rice-mill-plant-applications\"><strong>Aplica\u00e7\u00f5es em moinhos de arroz<\/strong><strong><\/strong><\/h2>    <ol class=\"wp-block-list\" type=\"1\"><li>Fazendas.<\/li><li>Cidades.<\/li><li>Loja de gr\u00e3os.<\/li><li>Domic\u00edlios especializados.<\/li><\/ol>    <h2 class=\"wp-block-heading\" id=\"h-differences-between-15t-rice-mill-plant-and-20t-rice-mill-plant\"><strong>Diferen\u00e7as entre a f\u00e1brica de moinho de arroz 15TPD e a f\u00e1brica de moinho de arroz 20TPD<\/strong><\/h2>    <p class=\"translation-block\">Na <a href=\"https:\/\/taizyagromachine.com\/pt\/\" target=\"_blank\" rel=\"noreferrer noopener\">Taizy Machinery Company<\/a>, em termos do tipo b\u00e1sico, a unidade de moagem de arroz de 15 t difere do equipamento de moagem de arroz de 20 t.<\/p>    <ol class=\"wp-block-list\" type=\"1\"><li>Sa\u00edda. \u00c9 muito distinto que essas duas f\u00e1bricas tenham diferen\u00e7as de produ\u00e7\u00e3o. A planta de moagem de arroz completa de 15t tem 600-700kg por hora, enquanto a planta de moagem autom\u00e1tica de arroz de 20t tem 800-1000kg por hora.<\/li><li>Configura\u00e7\u00e3o. Em compara\u00e7\u00e3o com a linha de produ\u00e7\u00e3o integrada do moinho de arroz de 15t, a f\u00e1brica de moagem de arroz de 20t possui o limpador e o gabinete.<\/li><li>Tamanho. O conjunto completo de equipamentos de moagem de arroz 20t tem uma dimens\u00e3o maior.<\/li><\/ol>    <h2 class=\"wp-block-heading\" id=\"h-related-machines\"><strong>M\u00e1quinas Relacionadas<\/strong><strong><\/strong><\/h2>    <figure class=\"wp-block-gallery aligncenter has-nested-images columns-default is-cropped wp-block-gallery-3 is-layout-flex wp-block-gallery-is-layout-flex\"> <figure class=\"wp-block-image size-large\"><img loading=\"lazy\" decoding=\"async\" width=\"720\" height=\"540\" data-id=\"1756\" src=\"https:\/\/taizyagromachine.com\/wp-content\/uploads\/2022\/01\/15tpd-rice-milling.jpg\" alt=\"Planta de moagem de arroz 15tpd\" class=\"wp-image-1756\"\/><figcaption>Planta de moagem de arroz 15tpd<\/figcaption><\/figure>    <figure class=\"wp-block-image size-large\"><img loading=\"lazy\" decoding=\"async\" width=\"720\" height=\"540\" data-id=\"1758\" src=\"https:\/\/taizyagromachine.com\/wp-content\/uploads\/2022\/01\/30tpd-rice-milling.jpg\" alt=\"Planta de moagem de arroz 30tpd\" class=\"wp-image-1758\"\/><figcaption>Planta de moagem de arroz 30tpd<\/figcaption><\/figure> <\/figure>","protected":false},"excerpt":{"rendered":"<p>20TPD rice milling plant\u00a0is processing the paddy rice into white rice, production of 20t per day. This is the basic type, including the feed hopper, elevator, destoner, rice huller, gravity separator, and rice miller. It\u2019s fully automatic rice milling plant, producing satisfied edible white rice. It\u2019s a basic production line for processing white rice, especially [&hellip;]<\/p>\n","protected":false},"author":1,"featured_media":2165,"parent":0,"template":"","tags":[49,35,56,37,57,48],"product-type":[18],"class_list":["post-1133","product","type-product","status-publish","has-post-thumbnail","hentry","tag-complete-rice-milling-plant","tag-rice-mill","tag-rice-mill-machine","tag-rice-mill-plant","tag-rice-milling-machine","tag-rice-milling-plant-for-sale","product-type-rice-mill"],"_links":{"self":[{"href":"https:\/\/taizyagromachine.com\/pt\/wp-json\/wp\/v2\/product\/1133","targetHints":{"allow":["GET"]}}],"collection":[{"href":"https:\/\/taizyagromachine.com\/pt\/wp-json\/wp\/v2\/product"}],"about":[{"href":"https:\/\/taizyagromachine.com\/pt\/wp-json\/wp\/v2\/types\/product"}],"author":[{"embeddable":true,"href":"https:\/\/taizyagromachine.com\/pt\/wp-json\/wp\/v2\/users\/1"}],"wp:featuredmedia":[{"embeddable":true,"href":"https:\/\/taizyagromachine.com\/pt\/wp-json\/wp\/v2\/media\/2165"}],"wp:attachment":[{"href":"https:\/\/taizyagromachine.com\/pt\/wp-json\/wp\/v2\/media?parent=1133"}],"wp:term":[{"taxonomy":"post_tag","embeddable":true,"href":"https:\/\/taizyagromachine.com\/pt\/wp-json\/wp\/v2\/tags?post=1133"},{"taxonomy":"product-type","embeddable":true,"href":"https:\/\/taizyagromachine.com\/pt\/wp-json\/wp\/v2\/product-type?post=1133"}],"curies":[{"name":"wp","href":"https:\/\/api.w.org\/{rel}","templated":true}]}}