{"id":1135,"date":"2021-12-02T03:26:04","date_gmt":"2021-12-02T03:26:04","guid":{"rendered":"https:\/\/taizyagromachine.com\/?p=1135"},"modified":"2022-11-22T10:32:14","modified_gmt":"2022-11-22T02:32:14","slug":"vegetable-seed-planter","status":"publish","type":"product","link":"https:\/\/taizyagromachine.com\/pt\/product\/vegetable-seed-planter\/","title":{"rendered":"Plantador de sementes vegetais"},"content":{"rendered":"<p class=\"translation-block\"><strong>Semeador de sementes de vegetais\u00a0<\/strong>foi concebido para semear v\u00e1rias sementes de vegetais. As suas aplica\u00e7\u00f5es cobrem quase todos os tipos de sementes de vegetais, como sementes de beterraba, sementes de couve, sementes de br\u00f3colos, sementes de mostarda, etc. Este semeador de sementes de vegetais tem uma estrutura muito simples, opera\u00e7\u00e3o f\u00e1cil e longa vida \u00fatil. Al\u00e9m disso, \u00e9 uma m\u00e1quina de semear altamente autom\u00e1tica. Mas uma pessoa deve segurar a dire\u00e7\u00e3o. De acordo com as suas exig\u00eancias, pode escolher as linhas que deseja. Tamb\u00e9m podemos adaptar as linhas da m\u00e1quina com base na sua situa\u00e7\u00e3o real. As linhas variam de 1 a 12. Al\u00e9m disso, se comprar uma m\u00e1quina de semear vegetais, pode selecionar flexivelmente as linhas para semear sementes de vegetais. Assim, pode obter o espa\u00e7o que deseja. Bem-vindo a contactar-nos para mais detalhes!<\/p>    <h2 class=\"wp-block-heading\" id=\"working-video-of-vegetable-seeder-machine\"><strong>V\u00eddeo de trabalho da m\u00e1quina plantadora de sementes de vegetais<\/strong>  <\/h2>    <figure class=\"wp-block-embed aligncenter is-type-video is-provider-youtube wp-block-embed-youtube\"><div class=\"wp-block-embed__wrapper\"> <iframe loading=\"lazy\" title=\"Plantador de sementes de vegetais\" width=\"500\" height=\"281\" src=\"https:\/\/www.youtube.com\/embed\/PG3LXZ-K9Bw?feature=oembed\" frameborder=\"0\" allow=\"accelerometer; autoplay; clipboard-write; encrypted-media; gyroscope; picture-in-picture; web-share\" referrerpolicy=\"strict-origin-when-cross-origin\" allowfullscreen><\/iframe> <\/div><\/figure>    <h2 class=\"wp-block-heading\" id=\"structure-of-vegetable-seeder-for-sale\"><strong>Estrutura do plantador de sementes vegetais para venda<\/strong><\/h2>    <p>Este projeto de m\u00e1quina plantadora de sementes de vegetais \u00e9 muito amig\u00e1vel para os cultivadores. Primeiramente, est\u00e1 dispon\u00edvel o motor a gasolina, que fornece energia para o plantio de sementes de hortali\u00e7as. Al\u00e9m disso, as pessoas s\u00f3 precisam segurar o apoio de bra\u00e7o para controlar a dire\u00e7\u00e3o. E ent\u00e3o, a caixa de ferramentas \u00e9 anexada \u00e0 m\u00e1quina. O rolo funciona para nivelar o solo.<\/p>   <div class=\"wp-block-image\"> <figure class=\"aligncenter size-full\"><img loading=\"lazy\" decoding=\"async\" width=\"720\" height=\"540\" src=\"https:\/\/taizyagromachine.com\/wp-content\/uploads\/2022\/01\/structure-of-vegetable-seed-planter.jpg\" alt=\"estrutura do plantador de sementes vegetais\" class=\"wp-image-1711\"\/><figcaption class=\"wp-element-caption\">estrutura da semeadora de vegetais<\/figcaption><\/figure> <\/div>   <h2 class=\"wp-block-heading\" id=\"advantages-of-vegetable-seeding-machine\"><strong>Vantagens do plantador de sementes vegetais para venda<\/strong><\/h2>    <ul class=\"wp-block-list\" type=\"1\"> <li>Diferentes linhas para o plantio de sementes de hortali\u00e7as. As linhas variam de 1 a 12. Voc\u00ea pode semear de acordo com a situa\u00e7\u00e3o do seu terreno.<\/li>    <li>Motor a gasolina. Este motor a gasolina fornece a energia necess\u00e1ria ao plantador de sementes de vegetais.<\/li>    <li>Amplas aplica\u00e7\u00f5es. A semeadora de vegetais tem uma variedade de aplica\u00e7\u00f5es, como aipo, amaranto, bok choi, r\u00facula, Yu choi, etc.<\/li>    <li>Um conjunto de discos de sementeira para todo o tipo de sementes de hortali\u00e7as. Este conjunto pode resolver todos os seus problemas de semeadura de sementes de vegetais.<\/li>    <li>Opera\u00e7\u00e3o simples. Apenas uma pessoa est\u00e1 encarregada da dire\u00e7\u00e3o e assim a m\u00e1quina pode funcionar muito bem.<\/li>    <li>Semeadura flex\u00edvel. Voc\u00ea pode escolher as caixas de semeadura adequadas dentro do espa\u00e7amento necess\u00e1rio para se adaptar \u00e0s necessidades do seu terreno.<\/li> <\/ul>    <figure class=\"wp-block-gallery has-nested-images columns-default is-cropped wp-block-gallery-2 is-layout-flex wp-block-gallery-is-layout-flex\"> <figure class=\"wp-block-image size-large\"><img loading=\"lazy\" decoding=\"async\" width=\"1685\" height=\"1263\" data-id=\"1715\" src=\"https:\/\/taizyagromachine.com\/wp-content\/uploads\/2022\/01\/equipped-gasoline.jpg\" alt=\"equipada a gasolina para plantador de sementes de hortali\u00e7as\" class=\"wp-image-1715\"\/><figcaption class=\"wp-element-caption\">gasolina equipada<\/figcaption><\/figure>    <figure class=\"wp-block-image size-large\"><img loading=\"lazy\" decoding=\"async\" width=\"720\" height=\"540\" data-id=\"1716\" src=\"https:\/\/taizyagromachine.com\/wp-content\/uploads\/2022\/01\/seeding-disc.jpg\" alt=\"disco de semeadura de plantador de sementes de vegetais\" class=\"wp-image-1716\"\/><figcaption class=\"wp-element-caption\">disco de semeadura<\/figcaption><\/figure> <\/figure>    <h2 class=\"wp-block-heading\" id=\"wide-applications\"><strong>Amplas aplica\u00e7\u00f5es de plantadores manuais de sementes de vegetais<\/strong><\/h2>    <p class=\"translation-block\">O semeador de vegetais da <a href=\"https:\/\/taizyagromachine.com\/pt\/\" target=\"_blank\" rel=\"noreferrer noopener\">Taizy Company<\/a> tem uma imensa gama de aplica\u00e7\u00f5es. Sementes de vegetais s\u00e3o, por exemplo, beterraba, couve, br\u00f3colos, mostarda, aipo, amaranto, Bok choi, r\u00facula, Yu Choi, couve de Taiwan, espinafre, acelga, cebolinho, alho-franc\u00eas, coentros, Kan Kong (ong Choi)(espinafre de \u00e1gua), couve chinesa, cenoura, rabanete (tipos Daikin e asi\u00e1tico), nabo, etc. Todos os tipos de sementes de vegetais s\u00e3o aplic\u00e1veis a esta m\u00e1quina de semear sementes de vegetais. Se n\u00e3o tiver a certeza, entre em contacto connosco muito em breve, podemos oferecer-lhe solu\u00e7\u00f5es profissionais.<\/p>   <div class=\"wp-block-image\"> <figure class=\"aligncenter size-full\"><img loading=\"lazy\" decoding=\"async\" width=\"2100\" height=\"500\" src=\"https:\/\/taizyagromachine.com\/wp-content\/uploads\/2022\/01\/wide-applications-of-vegetable-seeder.jpg\" alt=\"amplas aplica\u00e7\u00f5es de semeadora de vegetais\" class=\"wp-image-1717\"\/><figcaption class=\"wp-element-caption\">amplas aplica\u00e7\u00f5es de semeadora de vegetais<\/figcaption><\/figure> <\/div>   <h2 class=\"wp-block-heading\" id=\"differences-between-standard-configuration-and-high-configuration\"><strong>Diferen\u00e7as entre configura\u00e7\u00e3o padr\u00e3o e configura\u00e7\u00e3o alta \u2013 Plantador de sementes de vegetais push<\/strong><\/h2>    <p>A diferen\u00e7a fundamental \u00e9 a estrutura da plantadeira manual de sementes de hortali\u00e7as.<\/p>    <p class=\"translation-block\"><strong>Configura\u00e7\u00e3o Standard<\/strong>: design de um eixo. Todas as caixas de sementes s\u00e3o ligadas por rosca atrav\u00e9s de um eixo.<\/p>    <p class=\"translation-block\"><strong>Configura\u00e7\u00e3o Elevada<\/strong>: a caixa de sementes \u00e9 instalada na posi\u00e7\u00e3o fixa, conveniente para desmontar.<\/p>    <p>Quando quiser substituir o disco semeador para plantar sementes diferentes, para a configura\u00e7\u00e3o padr\u00e3o \u00e9 necess\u00e1rio retirar todo o eixo, o que \u00e9 mais problem\u00e1tico.<\/p>    <figure class=\"wp-block-gallery has-nested-images columns-default is-cropped wp-block-gallery-3 is-layout-flex wp-block-gallery-is-layout-flex\"> <figure class=\"wp-block-image size-large\"><img loading=\"lazy\" decoding=\"async\" width=\"720\" height=\"540\" data-id=\"1718\" src=\"https:\/\/taizyagromachine.com\/wp-content\/uploads\/2022\/01\/standard-configuration.jpg\" alt=\"configura\u00e7\u00e3o padr\u00e3o\" class=\"wp-image-1718\"\/><figcaption class=\"wp-element-caption\">configura\u00e7\u00e3o padr\u00e3o<\/figcaption><\/figure>    <figure class=\"wp-block-image size-large\"><img loading=\"lazy\" decoding=\"async\" width=\"720\" height=\"540\" data-id=\"1719\" src=\"https:\/\/taizyagromachine.com\/wp-content\/uploads\/2022\/01\/high-configuration.jpg\" alt=\"configura\u00e7\u00e3o alta\" class=\"wp-image-1719\"\/><figcaption class=\"wp-element-caption\">configura\u00e7\u00e3o alta<\/figcaption><\/figure> <\/figure>    <h2 class=\"wp-block-heading\" id=\"package-and-shipping\"><strong>Embalagem e envio de pequenos plantadores comerciais de sementes de vegetais<\/strong><\/h2>    <p class=\"translation-block\">Esta m\u00e1quina semeador de sementes de vegetais tamb\u00e9m \u00e9 exportada para pa\u00edses e regi\u00f5es estrangeiras. N\u00e3o s\u00f3 esta m\u00e1quina, tamb\u00e9m exportamos o <a href=\"https:\/\/cornmachines.com\/corn-planter-machine\/\" target=\"_blank\" rel=\"noreferrer noopener\">semeador de sementes de milho<\/a>, <a href=\"https:\/\/taizyagromachine.com\/pt\/wheat-planter\/\" target=\"_blank\" rel=\"noreferrer noopener\">semeador de trigo<\/a>, etc. Antes da exporta\u00e7\u00e3o, embalamos a m\u00e1quina em caixas de madeira. Durante o transporte, a m\u00e1quina pode obter prote\u00e7\u00e3o, evitando danos causados por colis\u00f5es. &nbsp;<\/p>   <div class=\"wp-block-image\"> <figure class=\"aligncenter size-full\"><img loading=\"lazy\" decoding=\"async\" width=\"720\" height=\"540\" src=\"https:\/\/taizyagromachine.com\/wp-content\/uploads\/2022\/01\/packing-and-shipping-vegetable-seeder.jpg\" alt=\"embalagem e transporte - semeadora de vegetais\" class=\"wp-image-1721\"\/><figcaption class=\"wp-element-caption\">embalagem e transporte - semeadora de vegetais<\/figcaption><\/figure> <\/div>   <h2 class=\"wp-block-heading\"><strong>Par\u00e2metros t\u00e9cnicos do plantador de sementes de vegetais<\/strong><\/h2>    <figure class=\"wp-block-table\"><table><tbody><tr><td>Modelo<\/td><td>SC-9<\/td><\/tr><tr><td>Linhas<\/td><td>1-14<\/td><\/tr><tr><td>Sementes<\/td><td>espinafre, cenoura, aipo, etc.<\/td><\/tr><tr><td>Poder<\/td><td>Motor a gasolina<\/td><\/tr><tr><td>Tamanho da embalagem<\/td><td>116*126*87cm<\/td><\/tr><tr><td>Peso<\/td><td>160kg<\/td><\/tr><\/tbody><\/table><\/figure>","protected":false},"excerpt":{"rendered":"<p>Vegetable seed planter&nbsp;is designed for&nbsp;sowing various vegetable seeds. Its applications cover almost all kinds of vegetable seeds, such as beets seeds, kale seeds, broccoli seeds, mustard seeds, etc. This vegetable seed planter has very simple structure, easy operation, and long service life. Besides, it\u2019s a highly automatic sowing machine. But one person should hold the [&hellip;]<\/p>\n","protected":false},"author":1,"featured_media":2162,"parent":0,"template":"","tags":[],"product-type":[22],"class_list":["post-1135","product","type-product","status-publish","has-post-thumbnail","hentry","product-type-others"],"_links":{"self":[{"href":"https:\/\/taizyagromachine.com\/pt\/wp-json\/wp\/v2\/product\/1135","targetHints":{"allow":["GET"]}}],"collection":[{"href":"https:\/\/taizyagromachine.com\/pt\/wp-json\/wp\/v2\/product"}],"about":[{"href":"https:\/\/taizyagromachine.com\/pt\/wp-json\/wp\/v2\/types\/product"}],"author":[{"embeddable":true,"href":"https:\/\/taizyagromachine.com\/pt\/wp-json\/wp\/v2\/users\/1"}],"wp:featuredmedia":[{"embeddable":true,"href":"https:\/\/taizyagromachine.com\/pt\/wp-json\/wp\/v2\/media\/2162"}],"wp:attachment":[{"href":"https:\/\/taizyagromachine.com\/pt\/wp-json\/wp\/v2\/media?parent=1135"}],"wp:term":[{"taxonomy":"post_tag","embeddable":true,"href":"https:\/\/taizyagromachine.com\/pt\/wp-json\/wp\/v2\/tags?post=1135"},{"taxonomy":"product-type","embeddable":true,"href":"https:\/\/taizyagromachine.com\/pt\/wp-json\/wp\/v2\/product-type?post=1135"}],"curies":[{"name":"wp","href":"https:\/\/api.w.org\/{rel}","templated":true}]}}