{"id":1137,"date":"2021-12-02T01:28:02","date_gmt":"2021-12-02T01:28:02","guid":{"rendered":"https:\/\/taizyagromachine.com\/?p=1137"},"modified":"2025-01-02T13:56:04","modified_gmt":"2025-01-02T05:56:04","slug":"wheat-planter","status":"publish","type":"product","link":"https:\/\/taizyagromachine.com\/pt\/product\/wheat-planter\/","title":{"rendered":"Plantador de trigo"},"content":{"rendered":"<p class=\"translation-block\"><strong>Semeador de Trigo<\/strong> \u00e9 uma semeadora especialmente para a sementeira de <a href=\"https:\/\/en.wikipedia.org\/wiki\/Wheat\" target=\"_blank\" rel=\"noreferrer noopener\">trigo<\/a>. Esta semeadora de trigo pode semear e fertilizar simultaneamente. Claro, pode optar apenas pela sementeira. Depende de si. Al\u00e9m disso, \u00e9 adequada para semear trigo, alfafa, gr\u00e3os, cevada, arroz seco, s\u00e9samo, etc. O tamanho da m\u00e1quina varia consoante a m\u00e1quina de semear trigo de diferentes linhas. Deve funcionar com o trator para completar automaticamente o trabalho de planta\u00e7\u00e3o de trigo. Mas, como \u00e9 sabido por todos, esta m\u00e1quina \u00e9 utilizada em campo preparado. Se tiver d\u00favidas, entre em contacto connosco o mais rapidamente poss\u00edvel para obter detalhes!<\/p>    <h2 class=\"wp-block-heading\" id=\"h-wheat-planter-for-sale\"><strong>Plantador de trigo \u00e0 venda<\/strong><strong><\/strong><\/h2>    <p class=\"translation-block\">Na <a href=\"https:\/\/taizyagromachine.com\/pt\/\" target=\"_blank\" rel=\"noreferrer noopener\">Taizy Machine Company<\/a>, fornecemos v\u00e1rios tipos de semeadores de trigo \u00e0 venda. Esta s\u00e9rie de m\u00e1quinas 2BXF s\u00e3o novos modelos, com caixa de velocidades para ajustar a quantidade de descarga. Os tipos principais s\u00e3o descritos abaixo:<\/p>    <h3 class=\"wp-block-heading\" id=\"h-type-a\"><strong>Plantador de trigo 2BFX-9 (9 linhas) para venda<\/strong><\/h3>    <p>Este tipo de semeadora possui 9 linhas para a semeadura de trigo. Adapta-se ao engate de 3 pontas e combina com o pequeno trator. Durante a opera\u00e7\u00e3o, pode nivelar o campo, sulcar e cobrir o solo, etc.<\/p>   <div class=\"wp-block-image\"> <figure class=\"aligncenter size-full\"><img loading=\"lazy\" decoding=\"async\" width=\"720\" height=\"540\" src=\"https:\/\/taizyagromachine.com\/wp-content\/uploads\/2021\/12\/9-row-wheat-planting-machine.jpg\" alt=\"Plantador de trigo de 9 fileiras\" class=\"wp-image-1731\"\/><figcaption class=\"wp-element-caption\">Plantador de trigo de 9 fileiras<\/figcaption><\/figure> <\/div>   <h3 class=\"wp-block-heading\" id=\"h-type-b\"><strong> M\u00e1quina plantadora de trigo 2BFX-12 (12 fileiras) para venda<\/strong><\/h3>    <p>A plantadora de trigo possui 12 linhas para trabalhar. Todas as tarefas podem ser conclu\u00eddas, incluindo nivelamento, abertura do solo, fertiliza\u00e7\u00e3o, semeadura, cobertura e prensagem. Comparado ao 2BXF-9, este possui maior efici\u00eancia de trabalho.<\/p>   <div class=\"wp-block-image\"> <figure class=\"aligncenter size-full\"><img loading=\"lazy\" decoding=\"async\" width=\"720\" height=\"540\" src=\"https:\/\/taizyagromachine.com\/wp-content\/uploads\/2022\/01\/12-row-wheat-seeder.jpg\" alt=\"Semeadora de trigo de 12 linhas\" class=\"wp-image-1732\"\/><figcaption class=\"wp-element-caption\">Plantador de trigo de 12 fileiras<\/figcaption><\/figure> <\/div>   <h3 class=\"wp-block-heading\" id=\"h-type-c\"><strong>Plantador de trigo 2BFX-20 (20 linhas) para venda<\/strong><\/h3>    <p>Esta plantadora de trigo possui 20 linhas para realizar o trabalho de semeadura. Pode colaborar com o trator combinado, melhorando muito a efici\u00eancia do cultivo.<\/p>   <div class=\"wp-block-image\"> <figure class=\"aligncenter size-full\"><img loading=\"lazy\" decoding=\"async\" width=\"720\" height=\"540\" src=\"https:\/\/taizyagromachine.com\/wp-content\/uploads\/2022\/01\/20-row-wheat-seeder.jpg\" alt=\"M\u00e1quina de plantar trigo de 20 linhas\" class=\"wp-image-1734\"\/><figcaption class=\"wp-element-caption\">Plantador de trigo de 20 linhas<\/figcaption><\/figure> <\/div>   <h2 class=\"wp-block-heading\" id=\"h-advantages-of-wheat-planter-machine\"><strong>Vantagens da m\u00e1quina plantadora de trigo<\/strong><strong><\/strong><\/h2>    <ul class=\"wp-block-list\" type=\"1\"> <li>Mais preciso na taxa de semeadura. Devido ao novo modelo aplicado, a m\u00e1quina pode semear trigo com mais precis\u00e3o.<\/li>    <li>O novo dep\u00f3sito de fertilizante \u00e9 feito de a\u00e7o inoxid\u00e1vel. Portanto, \u00e9 mais dur\u00e1vel e confi\u00e1vel em uso.<\/li>    <li>A plantadeira de trigo \u00e9 aplicada em pequenos itens granulares, como trigo, arroz, alfafa, cevada, grama, arroz seco, grama, etc.<\/li>    <li>Esta m\u00e1quina pode ser fabricada com linhas de 6, 9, 12, 14, 16, 20.<\/li>    <li>Adota conex\u00e3o de suspens\u00e3o com o trator, articula\u00e7\u00e3o de 3 pontas.<\/li>    <li>Esta m\u00e1quina semeia e fertiliza no mesmo sulco.<\/li> <\/ul>    <h2 class=\"wp-block-heading\" id=\"h-machine-details\"><strong>Detalhes da m\u00e1quina plantadora de trigo Taizy<\/strong><\/h2>    <p>Como mostra a foto abaixo, a primeira parte mostra que o solo est\u00e1 coberto ap\u00f3s a semeadura. Outro mostra que podemos ver claramente na hora de semear.<\/p>   <div class=\"wp-block-image\"> <figure class=\"aligncenter size-full\"><img loading=\"lazy\" decoding=\"async\" width=\"720\" height=\"720\" src=\"https:\/\/taizyagromachine.com\/wp-content\/uploads\/2022\/01\/wheat-machine-details.jpg\" alt=\"detalhes da m\u00e1quina de trigo\" class=\"wp-image-1736\"\/><figcaption class=\"wp-element-caption\">detalhes da m\u00e1quina de trigo<\/figcaption><\/figure> <\/div>   <h2 class=\"wp-block-heading\" id=\"h-questions-you-will-ask\"><strong>Perguntas que voc\u00ea far\u00e1 ao escolher o plantador de trigo <\/strong><\/h2>    <h3 class=\"wp-block-heading\" id=\"h-tractor-horsepower\"><strong>Pot\u00eancia do trator<\/strong><\/h3>    <p>Devido \u00e0s diferentes semeadoras de trigo, deve combinar com o trator correspondente. Por exemplo, o plantador de trigo de 9 linhas trabalha com o trator pequeno, enquanto o de 20 linhas precisa de um trator mais potente.<\/p>    <h3 class=\"wp-block-heading\" id=\"h-planting-rows\"><strong>Linhas de plantio<\/strong><\/h3>    <p>Ao determinar as linhas de plantio, ent\u00e3o, os tipos de semeadora de trigo podem ser decididos. Linhas de 6, 9, 12, 14, 16 e 20 est\u00e3o dispon\u00edveis.<\/p>    <h3 class=\"wp-block-heading\" id=\"h-fertilizing-and-sowing-quantity\"><strong>Quantidade de fertiliza\u00e7\u00e3o e semeadura<\/strong><\/h3>    <p>Isso est\u00e1 intimamente ligado \u00e0 m\u00e1quina que possui adubo e caixas de sementes. Ao usar esta m\u00e1quina, tome cuidado para que a quantidade de fertilizante corresponda \u00e0 quantidade de semeadura. Eles t\u00eam uma certa propor\u00e7\u00e3o. Se voc\u00ea estiver confuso, entre em contato conosco para obter suporte!<\/p>    <h2 class=\"wp-block-heading\" id=\"h-maintenance-of-wheat-seed-drill\"><strong>Manuten\u00e7\u00e3o da semeadora de trigo<\/strong><strong><\/strong><\/h2>    <ol class=\"wp-block-list\" type=\"1\"> <li>Quando a m\u00e1quina estiver circulando na estrada em alta velocidade, o elevador do trator deve estar travado, sendo estritamente proibido puxar a m\u00e1quina para dirigir.<\/li>    <li>Verifique os fixadores e conectores antes de plantar e aperte-os a tempo se estiverem soltos.<\/li>    <li>Durante a opera\u00e7\u00e3o, o operador deve seguir rigorosamente as regras de opera\u00e7\u00e3o segura para reduzir o desgaste desnecess\u00e1rio das m\u00e1quinas-ferramentas.<\/li>    <li>Ap\u00f3s cada turno, remova a sujeira de todas as pe\u00e7as da m\u00e1quina.<\/li>    <li>Ap\u00f3s o uso trimestral, limpe e mantenha a tempo. Limpe o fertilizante, verifique cada parte, depois adicione \u00f3leo anticorrosivo e, por fim, guarde no armaz\u00e9m. &nbsp;<\/li> <\/ol>    <h2 class=\"wp-block-heading\" id=\"h-related-machines\"><strong>M\u00e1quinas Relacionadas<\/strong><strong><\/strong><\/h2>    <p class=\"translation-block\">Como empresa profissional de m\u00e1quinas agr\u00edcolas, n\u00e3o s\u00f3 fornecemos m\u00e1quinas de planta\u00e7\u00e3o de trigo de v\u00e1rias linhas, como tamb\u00e9m fornecemos semeadores de milho, <a href=\"https:\/\/taizyagromachine.com\/pt\/others\/vegetable-seed-planter\/\" target=\"_blank\" rel=\"noreferrer noopener\">semeadores de vegetais<\/a>. Se tiver interesse, seja bem-vindo a contactar-nos a qualquer momento.<\/p>    <figure class=\"wp-block-gallery aligncenter has-nested-images columns-default is-cropped wp-block-gallery-2 is-layout-flex wp-block-gallery-is-layout-flex\"> <figure class=\"wp-block-image size-large\"><img loading=\"lazy\" decoding=\"async\" width=\"720\" height=\"540\" data-id=\"1739\" src=\"https:\/\/taizyagromachine.com\/wp-content\/uploads\/2021\/12\/6-row-wheat-seeding-machine.jpg\" alt=\"Semeadora de trigo de 6 linhas\" class=\"wp-image-1739\"\/><figcaption class=\"wp-element-caption\">Semeadora de trigo de 6 linhas<\/figcaption><\/figure>    <figure class=\"wp-block-image size-large\"><img loading=\"lazy\" decoding=\"async\" width=\"720\" height=\"540\" data-id=\"1740\" src=\"https:\/\/taizyagromachine.com\/wp-content\/uploads\/2022\/01\/16-row-wheat-seeding-machine.jpg\" alt=\"Semeadora de trigo de 16 linhas\" class=\"wp-image-1740\"\/><figcaption class=\"wp-element-caption\">Semeadora de trigo de 16 linhas<\/figcaption><\/figure> <\/figure>","protected":false},"excerpt":{"rendered":"<p>Wheat planter&nbsp;is a seed drill specially for wheat sowing. This wheat seed drill can simultaneously seed and fertilize. Of course, you can choose only seeding. It depends on you. Besides, it is suitable for sowing wheat, alfalfa, grain, barley, dry-rice, sesame, etc. The machine size varies along with the wheat sowing machine of different rows. [&hellip;]<\/p>\n","protected":false},"author":1,"featured_media":2145,"parent":0,"template":"","tags":[],"product-type":[20],"class_list":["post-1137","product","type-product","status-publish","has-post-thumbnail","hentry","product-type-rice-and-wheat-machine"],"_links":{"self":[{"href":"https:\/\/taizyagromachine.com\/pt\/wp-json\/wp\/v2\/product\/1137","targetHints":{"allow":["GET"]}}],"collection":[{"href":"https:\/\/taizyagromachine.com\/pt\/wp-json\/wp\/v2\/product"}],"about":[{"href":"https:\/\/taizyagromachine.com\/pt\/wp-json\/wp\/v2\/types\/product"}],"author":[{"embeddable":true,"href":"https:\/\/taizyagromachine.com\/pt\/wp-json\/wp\/v2\/users\/1"}],"wp:featuredmedia":[{"embeddable":true,"href":"https:\/\/taizyagromachine.com\/pt\/wp-json\/wp\/v2\/media\/2145"}],"wp:attachment":[{"href":"https:\/\/taizyagromachine.com\/pt\/wp-json\/wp\/v2\/media?parent=1137"}],"wp:term":[{"taxonomy":"post_tag","embeddable":true,"href":"https:\/\/taizyagromachine.com\/pt\/wp-json\/wp\/v2\/tags?post=1137"},{"taxonomy":"product-type","embeddable":true,"href":"https:\/\/taizyagromachine.com\/pt\/wp-json\/wp\/v2\/product-type?post=1137"}],"curies":[{"name":"wp","href":"https:\/\/api.w.org\/{rel}","templated":true}]}}