{"id":1217,"date":"2021-12-04T01:18:15","date_gmt":"2021-12-04T01:18:15","guid":{"rendered":"https:\/\/taizyagromachine.com\/?p=1217"},"modified":"2022-09-29T13:59:15","modified_gmt":"2022-09-29T05:59:15","slug":"15tpd-rice-mill-plant-with-package","status":"publish","type":"product","link":"https:\/\/taizyagromachine.com\/pt\/product\/15tpd-rice-mill-plant-with-package\/","title":{"rendered":"Planta de moinho de arroz 15TPD com pacote"},"content":{"rendered":"<p class=\"translation-block\"><strong>Planta de beneficiamento de arroz de 15TPD com embalagem<\/strong> integra a remo\u00e7\u00e3o de pedras, descascamento de arroz, separa\u00e7\u00e3o de arroz em casca, primeiro beneficiamento de arroz, segundo beneficiamento de arroz, classifica\u00e7\u00e3o de arroz branco e embalagem. Deste processo, verifica-se claramente que o arroz em casca \u00e9 beneficiado duas vezes. Assim, pode obter arroz de alta qualidade. Al\u00e9m disso, \u00e9 uma linha de produ\u00e7\u00e3o completa de beneficiamento de arroz, poupando m\u00e3o de obra e tempo. Al\u00e9m disso, tem alta efici\u00eancia de trabalho. Para esta planta de m\u00e1quina de beneficiamento de arroz, a sua capacidade \u00e9 de 15t por dia, 600-700kg por hora. Pode satisfazer os seus requisitos de neg\u00f3cio. Bem-vindo a contactar-nos, responderemos muito em breve!<\/p>    <h2 class=\"wp-block-heading\" id=\"h-structure-of-automatic-rice-mill-machine-for-sale\"><strong>Estrutura da planta autom\u00e1tica de arroz com pacote<\/strong><\/h2>    <p class=\"translation-block\">A <a href=\"https:\/\/taizyagromachine.com\/pt\/product\/15tpd-rice-mill-plant\/\" target=\"_blank\" rel=\"noreferrer noopener\">planta de beneficiamento de arroz de 15TPD<\/a> consiste em descaro\u00e7ador, <a href=\"https:\/\/en.wikipedia.org\/wiki\/Rice_huller\" target=\"_blank\" rel=\"noreferrer noopener\">descascador de arroz<\/a>, separador de arroz em casca, primeiro beneficiador de arroz, segundo beneficiador de arroz, classificador de arroz branco, m\u00e1quina de embalagem.<\/p>   <div class=\"wp-block-image\"> <figure class=\"aligncenter size-full\"><img loading=\"lazy\" decoding=\"async\" width=\"720\" height=\"540\" src=\"https:\/\/taizyagromachine.com\/wp-content\/uploads\/2022\/01\/structure-15tpd-with-package.jpg\" alt=\"estrutura\" class=\"wp-image-1775\"\/><figcaption>estrutura<\/figcaption><\/figure> <\/div>   <h2 class=\"wp-block-heading\" id=\"h-which-place-is-applicable\"><strong>Qual local \u00e9 aplic\u00e1vel para f\u00e1brica de moinho de arroz com pacote?<\/strong><\/h2>    <ol class=\"wp-block-list\" type=\"1\"><li>Esta\u00e7\u00e3o de distribui\u00e7\u00e3o de arroz<\/li><li>Fazendas<\/li><li>F\u00e1brica de arroz<\/li><li>Aut\u00f4nomos<\/li><\/ol>    <h2 class=\"wp-block-heading\" id=\"h-advantages-of-15t-integrated-rice-mill-plant\"><strong>Vantagens da planta integrada de moinho de arroz 15t com pacote<\/strong><\/h2>    <ul class=\"wp-block-list\" type=\"1\"><li>Estrutura compacta, apar\u00eancia atraente, tamanho adequado.<\/li><li>Super qualidade, desempenho est\u00e1vel, baixa manuten\u00e7\u00e3o.<\/li><li>F\u00e1cil opera\u00e7\u00e3o, alto grau de automa\u00e7\u00e3o.<\/li><li>Alto rendimento, sem polui\u00e7\u00e3o.<\/li><li>Alta velocidade de quebra de cascas, baixa vibra\u00e7\u00e3o de toda a m\u00e1quina, sa\u00edda r\u00e1pida de arroz.<\/li><\/ul>    <h2 class=\"wp-block-heading\" id=\"h-work-flow\"><strong>Fluxo de trabalho da f\u00e1brica de arroz com pacote <\/strong><\/h2>    <p>Esta f\u00e1brica de moinho de arroz 15TPD com pacote funciona da seguinte forma:<\/p>    <ol class=\"wp-block-list\" type=\"1\"><li>Coloque o arroz em casca na tremonha;<\/li><li>Depois, o arroz em casca chega ao descaro\u00e7ador. O soprador elimina as impurezas leves. Pela tela, as pedras entre o arroz em casca saem.<\/li><li>E ent\u00e3o, o arroz em casca chega ao descascador de arroz atrav\u00e9s do elevador duplo. O descascador de arroz funciona para remover a casca do arroz em casca.<\/li><li>O arroz em casca descascado chega ao separador de arroz em casca. Divida em tr\u00eas tipos: arroz integral, arroz integral e arroz em casca e arroz em casca. O arroz integral chega diretamente \u00e0 m\u00e1quina de moer arroz. Enquanto o arroz integral e o arroz em casca voltam para o separador pelo elevador duplo. Por \u00faltimo, o arroz em casca vai diretamente para o descascador de arroz.<\/li><li>A m\u00e1quina de moinho de arroz transforma o arroz integral em arroz branco. Al\u00e9m disso, \u00e9 o primeiro moinho de arroz.<\/li><li>Em seguida, come\u00e7a o segundo moinho de arroz, para polir o arroz e obter arroz branco de alta qualidade.<\/li><li>O classificador de arroz branco deve classificar o arroz branco inteiro e o arroz branco quebrado.<\/li><li>Por fim, o arroz branco integral \u00e9 embalado em sacos pela embaladora, variando de 5kg a 50kg.<\/li><\/ol>   <div class=\"wp-block-image\"> <figure class=\"aligncenter size-full\"><img loading=\"lazy\" decoding=\"async\" width=\"720\" height=\"320\" src=\"https:\/\/taizyagromachine.com\/wp-content\/uploads\/2022\/01\/working-scene-15tpd.jpg\" alt=\"cena de trabalho\" class=\"wp-image-1777\"\/><figcaption>cena de trabalho<\/figcaption><\/figure> <\/div>   <h2 class=\"wp-block-heading\" id=\"h-services-you-will-enjoy\"><strong>Servi\u00e7os que voc\u00ea ir\u00e1 desfrutar<\/strong><strong><\/strong><\/h2>    <ol class=\"wp-block-list\" type=\"1\"><li>Suporte de conhecimento profissional.<\/li><li>Suporte t\u00e9cnico oportuno.<\/li><li>Servi\u00e7o p\u00f3s-venda.<\/li><li>V\u00eddeo e orienta\u00e7\u00e3o on-line.<\/li><li>Costumiza\u00e7\u00e3o. De acordo com o seu neg\u00f3cio, oferecemos as solu\u00e7\u00f5es mais adequadas.<\/li><\/ol>    <h2 class=\"wp-block-heading\" id=\"h-why-choose-us\"><strong>Porque escolher-nos?<\/strong><strong><\/strong><\/h2>    <p class=\"translation-block\">Na <a href=\"https:\/\/taizyagromachine.com\/pt\/\" target=\"_blank\" rel=\"noreferrer noopener\">Taizy Company<\/a>, fornecemos n\u00e3o s\u00f3 a planta de beneficiamento de arroz de 15tpd com embalagem, mas tamb\u00e9m outros tipos de plantas de beneficiamento de arroz. Como planta de beneficiamento de arroz de 20TPD, linha de produ\u00e7\u00e3o de planta de beneficiamento de arroz de 18t, etc. Comparado com outros fabricantes e fornecedores, temos pontos fortes \u00fanicos em compara\u00e7\u00e3o com outros fabricantes e fornecedores.<\/p>    <ol class=\"wp-block-list\" type=\"1\"><li>Experi\u00eancia rica. Estamos profundamente envolvidos na m\u00e1quina agr\u00edcola h\u00e1 mais de d\u00e9cadas.<\/li><li>V\u00e1rios tipos de m\u00e1quina de moinho de arroz. Al\u00e9m disso, temos f\u00e1bricas de moagem de arroz com diferentes capacidades.<\/li><li>Exportado para mais de 80 pa\u00edses e regi\u00f5es. Nossas m\u00e1quinas chegaram \u00e0 Nig\u00e9ria, Burkina Faso, Vietn\u00e3, Mal\u00e1sia, Qu\u00eania, Brasil, Madagascar, Peru, etc.<\/li><\/ol>   <div class=\"wp-block-image\"> <figure class=\"aligncenter size-full\"><img loading=\"lazy\" decoding=\"async\" width=\"720\" height=\"400\" src=\"https:\/\/taizyagromachine.com\/wp-content\/uploads\/2022\/01\/factory-display.jpg\" alt=\"exibi\u00e7\u00e3o de f\u00e1brica\" class=\"wp-image-1778\"\/><figcaption>exibi\u00e7\u00e3o de f\u00e1brica<\/figcaption><\/figure> <\/div>","protected":false},"excerpt":{"rendered":"<p>15TPD rice mill plant with package\u00a0integrates destoning, rice hulling, paddy rice separating, first rice milling, second rice milling, white rice grading, and packaging. From this process, it\u2019s clearly found that the paddy rice is milled twice. So, you can get high-quality rice. Besides, it\u2019s a complete rice milling production line, saving labor and time. Moreover, [&hellip;]<\/p>\n","protected":false},"author":1,"featured_media":1774,"parent":0,"template":"","tags":[51,50,52,35,37,38],"product-type":[18],"class_list":["post-1217","product","type-product","status-publish","has-post-thumbnail","hentry","tag-automatic-rice-mill-machine-for-sale","tag-integrated-rice-mill-plant","tag-package-machine","tag-rice-mill","tag-rice-mill-plant","tag-rice-mill-production-line","product-type-rice-mill"],"_links":{"self":[{"href":"https:\/\/taizyagromachine.com\/pt\/wp-json\/wp\/v2\/product\/1217","targetHints":{"allow":["GET"]}}],"collection":[{"href":"https:\/\/taizyagromachine.com\/pt\/wp-json\/wp\/v2\/product"}],"about":[{"href":"https:\/\/taizyagromachine.com\/pt\/wp-json\/wp\/v2\/types\/product"}],"author":[{"embeddable":true,"href":"https:\/\/taizyagromachine.com\/pt\/wp-json\/wp\/v2\/users\/1"}],"wp:featuredmedia":[{"embeddable":true,"href":"https:\/\/taizyagromachine.com\/pt\/wp-json\/wp\/v2\/media\/1774"}],"wp:attachment":[{"href":"https:\/\/taizyagromachine.com\/pt\/wp-json\/wp\/v2\/media?parent=1217"}],"wp:term":[{"taxonomy":"post_tag","embeddable":true,"href":"https:\/\/taizyagromachine.com\/pt\/wp-json\/wp\/v2\/tags?post=1217"},{"taxonomy":"product-type","embeddable":true,"href":"https:\/\/taizyagromachine.com\/pt\/wp-json\/wp\/v2\/product-type?post=1217"}],"curies":[{"name":"wp","href":"https:\/\/api.w.org\/{rel}","templated":true}]}}