{"id":1274,"date":"2021-12-04T07:34:00","date_gmt":"2021-12-04T07:34:00","guid":{"rendered":"https:\/\/taizyagromachine.com\/?p=1274"},"modified":"2022-12-16T18:00:22","modified_gmt":"2022-12-16T10:00:22","slug":"3-cylinder-hydraulic-silage-baler","status":"publish","type":"product","link":"https:\/\/taizyagromachine.com\/pt\/product\/3-cylinder-hydraulic-silage-baler\/","title":{"rendered":"Prensa enfardadeira hidr\u00e1ulica de ensilagem de 3 cilindros"},"content":{"rendered":"<p class=\"translation-block\"><strong>Enfardadeira hidr\u00e1ulica de 3 cilindros para silagem<\/strong> funciona para compactar, agrupar e embalar feno em formas quadradas. Pelo seu nome, possui 3 cilindros hidr\u00e1ulicos para realizar os trabalhos de enfardamento. Mas para o fornecimento de energia, esta enfardadeira de prensagem hidr\u00e1ulica utiliza apenas o motor el\u00e9trico. Al\u00e9m disso, a pot\u00eancia do motor el\u00e9trico \u00e9 de 22kW. Tamb\u00e9m, o tamanho da enfardadeira \u00e9 o mesmo que a <a href=\"https:\/\/silagebaler.com\/double-cylinder-hydraulic-silage-baler\/\" target=\"_blank\" rel=\"noreferrer noopener\">enfardadeira hidr\u00e1ulica de dois cilindros<\/a>, 700*400*300mm. <\/p>    <p class=\"translation-block\">Al\u00e9m disso, os clientes usam sempre sacos de PE e PP para embalar o feno enfardado. Isso porque pode conservar por mais tempo. Esta m\u00e1quina <a href=\"https:\/\/taizyagromachine.com\/pt\/silage-machine\/silage-baler-50-type\/\" target=\"_blank\" rel=\"noreferrer noopener\">enfardadeira de silagem<\/a> \u00e9 uma boa parceira para quem gere quintas, f\u00e1bricas de forragem, bem como pastagens, etc. Aguardamos a sua consulta!<\/p>    <h2 class=\"wp-block-heading\" id=\"h-structure-of-3-cylinder-hydraulic-baler-for-sale\"><strong>Estrutura da enfardadeira hidr\u00e1ulica de 3 cilindros para venda<\/strong><\/h2>    <p>Como fabricante e fornecedor profissional de m\u00e1quina de silagem, fabricamos m\u00e1quina de fardos de feno de 3 cilindros com excelente design e apar\u00eancia atraente. Possui motor, gabinete de controle, tanque de \u00f3leo, entrada e sa\u00edda. Na verdade a estrutura \u00e9 muito f\u00e1cil de entender, o ponto chave \u00e9 ter clareza sobre todas as fun\u00e7\u00f5es das pe\u00e7as ao utilizar a enfardadeira de silagem hidr\u00e1ulica.<\/p>   <div class=\"wp-block-image\"> <figure class=\"aligncenter size-full\"><img loading=\"lazy\" decoding=\"async\" width=\"720\" height=\"540\" src=\"https:\/\/taizyagromachine.com\/wp-content\/uploads\/2022\/01\/structure-3-cylinder-hydraulic-baler.jpg\" alt=\"enfardadeira hidr\u00e1ulica de estrutura de 3 cilindros\" class=\"wp-image-1697\"\/><figcaption class=\"wp-element-caption\">enfardadeira hidr\u00e1ulica de estrutura-3 cilindros<\/figcaption><\/figure> <\/div>  <div class=\"wp-block-image\"> <figure class=\"aligncenter size-full\"><img loading=\"lazy\" decoding=\"async\" width=\"720\" height=\"540\" src=\"https:\/\/taizyagromachine.com\/wp-content\/uploads\/2022\/01\/structure-3-cylinder-hydraulic-baling-machine.jpg\" alt=\"m\u00e1quina de enfardamento hidr\u00e1ulica de estrutura de 3 cilindros\" class=\"wp-image-1698\"\/><figcaption class=\"wp-element-caption\">m\u00e1quina de enfardamento hidr\u00e1ulica de estrutura-3 cilindros<\/figcaption><\/figure> <\/div>   <h2 class=\"wp-block-heading\" id=\"h-advantages-of-hydraulic-hay-baler\"><strong>Vantagens da enfardadeira de feno hidr\u00e1ulica<\/strong><strong><\/strong><\/h2>    <ul class=\"wp-block-list\" type=\"1\"> <li>Amplas aplica\u00e7\u00f5es. Esta enfardadeira de silagem hidr\u00e1ulica de 3 cilindros pode enfardar quase qualquer tipo de palha, como palha de milho, silagem, talo de milho, feno, grama, sorgo, palha de trigo, etc.\u00a0<\/li>    <li>Alta efici\u00eancia de trabalho. Porque pode enfardar 120-180 pacotes por hora.<\/li>    <li>Totalmente automatizado. Esta prensa enfardadeira hidr\u00e1ulica completa automaticamente a compacta\u00e7\u00e3o, empacotamento e enfardamento em um \u00fanico processo.<\/li>    <li>Material dur\u00e1vel. Adota a\u00e7o carbono, resistente ao desgaste.<\/li>    <li>Longo per\u00edodo de armazenamento. Naturalmente, pode durar 3 anos.<\/li> <\/ul>    <h2 class=\"wp-block-heading\" id=\"h-materials-to-be-baled\"><strong>Materiais a serem enfardados pela enfardadeira de silagem<\/strong><\/h2>    <p>Geralmente, esta enfardadeira de silagem hidr\u00e1ulica de 3 cilindros pode processar palhas, feno, talos de milho, sorgo, bem como palha de trigo, etc. Se voc\u00ea tiver d\u00favidas sobre algum material que n\u00e3o conhecia antes, entre em contato conosco para obter classifica\u00e7\u00f5es!<\/p>   <div class=\"wp-block-image\"> <figure class=\"aligncenter size-full\"><img loading=\"lazy\" decoding=\"async\" width=\"720\" height=\"540\" src=\"https:\/\/taizyagromachine.com\/wp-content\/uploads\/2022\/01\/materials.jpg\" alt=\"materiais enfardados\" class=\"wp-image-1700\"\/><figcaption class=\"wp-element-caption\">materiais enfardados<\/figcaption><\/figure> <\/div>   <h2 class=\"wp-block-heading\" id=\"h-applicable-animals\"><strong>Animais aplic\u00e1veis \u200b\u200bcriados por silagem <\/strong><\/h2>    <p>Esta enfardadeira de silagem hidr\u00e1ulica de 3 cilindros \u00e9 usada principalmente para armazenamento de silagem, cujo objetivo \u00e9 alimentar v\u00e1rios animais e pode ajudar grandes fazendas de gado. Em geral, essas silagens podem ser utilizadas na alimenta\u00e7\u00e3o de bovinos, equinos, ovinos, coelhos, etc. A silagem pode ser utilizada desde que os animais sejam herb\u00edvoros.<\/p>   <div class=\"wp-block-image\"> <figure class=\"aligncenter size-full\"><img loading=\"lazy\" decoding=\"async\" width=\"720\" height=\"540\" src=\"https:\/\/taizyagromachine.com\/wp-content\/uploads\/2022\/01\/application-range.jpg\" alt=\"animais aplic\u00e1veis\" class=\"wp-image-1702\"\/><figcaption class=\"wp-element-caption\">animais aplic\u00e1veis<\/figcaption><\/figure> <\/div>   <h2 class=\"wp-block-heading\" id=\"h-finished-products\"><strong>Produtos acabados por enfardadeira de silagem hidr\u00e1ulica de 3 cilindros<\/strong><\/h2>    <p>Esta enfardadeira de silagem hidr\u00e1ulica de 3 cilindros \u00e9 capaz de enfardar a silagem em formatos quadrados. Os produtos acabados s\u00e3o geralmente armazenados em sacos PE\/PP. O principal objetivo do uso desses sacos para embalagem de silagem \u00e9 proteger a silagem da umidade e do mofo. Al\u00e9m disso, esses tipos de fardos permitem o armazenamento da silagem por longo prazo, de acordo com a inten\u00e7\u00e3o original do agricultor em armazen\u00e1-la.<\/p>   <div class=\"wp-block-image\"> <figure class=\"aligncenter size-full\"><img loading=\"lazy\" decoding=\"async\" width=\"638\" height=\"478\" src=\"https:\/\/taizyagromachine.com\/wp-content\/uploads\/2022\/01\/finished-products-3-cylinder.jpg\" alt=\"produtos finalizados\" class=\"wp-image-1703\"\/><figcaption class=\"wp-element-caption\">produtos finalizados<\/figcaption><\/figure> <\/div>   <h2 class=\"wp-block-heading\" id=\"h-necessary-equipment\"><strong>Equipamento necess\u00e1rio para enfardadeira de silagem hidr\u00e1ulica de 3 cilindros <\/strong><\/h2>    <p class=\"translation-block\">Se comprar a enfardadeira hidr\u00e1ulica na <a href=\"https:\/\/taizyagromachine.com\/pt\/\" target=\"_blank\" rel=\"noreferrer noopener\">Taizy Company<\/a>, da nossa perspetiva profissional, recomendamos que tamb\u00e9m compre o triturador e o transportador. Isso porque:<\/p>    <ol class=\"wp-block-list\" type=\"1\"> <li>Esta enfardadeira hidr\u00e1ulica de 3 cilindros \u00e9 t\u00e3o alta que \u00e9 muito dif\u00edcil para os trabalhadores colocarem grama.<\/li>    <li>A enfardadeira hidr\u00e1ulica tamb\u00e9m tem um rendimento muito alto. Assim, apenas a alimenta\u00e7\u00e3o manual tem dificuldade para atender \u00e0s suas necessidades.<\/li> <\/ol>   <div class=\"wp-block-image\"> <figure class=\"aligncenter size-full\"><img loading=\"lazy\" decoding=\"async\" width=\"720\" height=\"540\" src=\"https:\/\/taizyagromachine.com\/wp-content\/uploads\/2022\/01\/crusher-and-conveyor.jpg\" alt=\"triturador e transportador\" class=\"wp-image-1705\"\/><figcaption class=\"wp-element-caption\">triturador e transportador<\/figcaption><\/figure> <\/div>   <h2 class=\"wp-block-heading\" id=\"h-similarities-differences-of-hydraulic-press-baler\"><strong>Semelhan\u00e7as e diferen\u00e7as da enfardadeira de silagem hidr\u00e1ulica<\/strong><\/h2>    <p>De modo geral, em nossa empresa Taizy, a enfardadeira de silagem hidr\u00e1ulica possui 2 cilindros e 3 cilindros. Comparados estes, existem algumas semelhan\u00e7as e diferen\u00e7as. Vamos ser claros com isso.<\/p>    <h3 class=\"wp-block-heading\" id=\"h-similarities\"><strong>Semelhan\u00e7as da enfardadeira de feno hidr\u00e1ulica<\/strong><\/h3>    <ol class=\"wp-block-list\" type=\"1\"> <li>Formato de fardo. Ambos se agrupam em formas quadradas.<\/li>    <li>Tamanho do fardo. O tamanho tamb\u00e9m \u00e9 o mesmo, 700*400*300mm.<\/li> <\/ol>    <h3 class=\"wp-block-heading\" id=\"h-differences\"><strong>Diferen\u00e7as de 2\/3 cilindros hidr\u00e1ulicos <strong>Silagem<\/strong> Enfardadeira<\/strong><\/h3>    <ol class=\"wp-block-list\" type=\"1\"> <li>Poder. A enfardadeira de prensa hidr\u00e1ulica de silagem de cilindro duplo possui motor diesel e motor el\u00e9trico alternativo, mas 3 cilindros possui apenas motor el\u00e9trico dispon\u00edvel.<\/li>    <li>Sa\u00edda. O cilindro duplo pode produzir 100-120 sacos por hora, enquanto o cilindro 3 pode enfardar 120-180 sacos por hora.<\/li> <\/ol>    <h2 class=\"wp-block-heading\"><strong>V\u00eddeo de trabalho da enfardadeira hidr\u00e1ulica de silagem<\/strong><\/h2>    <figure class=\"wp-block-embed is-type-video is-provider-youtube wp-block-embed-youtube wp-embed-aspect-16-9 wp-has-aspect-ratio\"><div class=\"wp-block-embed__wrapper\"> <iframe loading=\"lazy\" title=\"M\u00e1quina enfardadeira de ensilagem de prensa hidr\u00e1ulica para enfardamento de ensilagem quadrada - m\u00e1quinas de embalagem de ensilagem #silage\" width=\"500\" height=\"281\" src=\"https:\/\/www.youtube.com\/embed\/hkYSZuUMRCA?feature=oembed\" frameborder=\"0\" allow=\"accelerometer; autoplay; clipboard-write; encrypted-media; gyroscope; picture-in-picture; web-share\" referrerpolicy=\"strict-origin-when-cross-origin\" allowfullscreen><\/iframe> <\/div><\/figure>","protected":false},"excerpt":{"rendered":"<p>3 cylinder hydraulic silage baler\u00a0functions to compact, bundle, and pack hay straw into square shapes. From its name, it has 3 hydraulic cylinders to carry out the baling works. But for the power supply, this hydraulic press baler only utilizes the electric motor. Besides, the power of the electric motor is 22kW. Also, the bale [&hellip;]<\/p>\n","protected":false},"author":1,"featured_media":2146,"parent":0,"template":"","tags":[76,78,77,75],"product-type":[19],"class_list":["post-1274","product","type-product","status-publish","has-post-thumbnail","hentry","tag-hydraulic-silage-baler","tag-silage-baler-machine","tag-silage-baling-machine","tag-silage-machine","product-type-silage-machine"],"_links":{"self":[{"href":"https:\/\/taizyagromachine.com\/pt\/wp-json\/wp\/v2\/product\/1274","targetHints":{"allow":["GET"]}}],"collection":[{"href":"https:\/\/taizyagromachine.com\/pt\/wp-json\/wp\/v2\/product"}],"about":[{"href":"https:\/\/taizyagromachine.com\/pt\/wp-json\/wp\/v2\/types\/product"}],"author":[{"embeddable":true,"href":"https:\/\/taizyagromachine.com\/pt\/wp-json\/wp\/v2\/users\/1"}],"wp:featuredmedia":[{"embeddable":true,"href":"https:\/\/taizyagromachine.com\/pt\/wp-json\/wp\/v2\/media\/2146"}],"wp:attachment":[{"href":"https:\/\/taizyagromachine.com\/pt\/wp-json\/wp\/v2\/media?parent=1274"}],"wp:term":[{"taxonomy":"post_tag","embeddable":true,"href":"https:\/\/taizyagromachine.com\/pt\/wp-json\/wp\/v2\/tags?post=1274"},{"taxonomy":"product-type","embeddable":true,"href":"https:\/\/taizyagromachine.com\/pt\/wp-json\/wp\/v2\/product-type?post=1274"}],"curies":[{"name":"wp","href":"https:\/\/api.w.org\/{rel}","templated":true}]}}