{"id":1447,"date":"2021-12-07T07:35:01","date_gmt":"2021-12-07T07:35:01","guid":{"rendered":"https:\/\/taizyagromachine.com\/?p=1447"},"modified":"2022-09-29T09:26:12","modified_gmt":"2022-09-29T01:26:12","slug":"30tpd-rice-mill-production-line","status":"publish","type":"product","link":"https:\/\/taizyagromachine.com\/pt\/product\/30tpd-rice-mill-production-line\/","title":{"rendered":"Linha de produ\u00e7\u00e3o do moinho de arroz 30TPD"},"content":{"rendered":"<p class=\"translation-block\">A <strong>linha de produ\u00e7\u00e3o de f\u00e1brica de arroz de 30TPD<\/strong> \u00e9 uma linha de produ\u00e7\u00e3o de grande produ\u00e7\u00e3o para o processamento de arroz. Esta f\u00e1brica de arroz tem a capacidade de 30t por dia. Al\u00e9m disso, \u00e9 uma <a href=\"https:\/\/taizyagromachine.com\/pt\/product\/solutions\/\" target=\"_blank\" rel=\"noreferrer noopener\">linha de produ\u00e7\u00e3o totalmente autom\u00e1tica<\/a>, poupando m\u00e3o de obra e tempo. Possui tamb\u00e9m dois n\u00edveis de plataformas: o superior \u00e9 para verifica\u00e7\u00e3o e manuten\u00e7\u00e3o, o inferior \u00e9 para trabalho. Ao mesmo tempo, tem alta efici\u00eancia de trabalho, que pode satisfazer os seus v\u00e1rios requisitos de neg\u00f3cio. Mas \u00e9 preciso aten\u00e7\u00e3o que esta linha de produ\u00e7\u00e3o completa de f\u00e1brica de arroz de 30tdp tem duas ou tr\u00eas m\u00e1quinas de processamento de arroz. Depende das suas exig\u00eancias. De acordo com a escala da sua f\u00e1brica de arroz, pode escolher de forma flex\u00edvel. Esta f\u00e1brica de arroz pode beneficiar o seu neg\u00f3cio porque ajuda a obter arroz mais branco e de maior qualidade para venda. Precisa de uma para facilitar o seu neg\u00f3cio? Contacte-nos para mais informa\u00e7\u00f5es!<\/p>   <div class=\"wp-block-image\"> <figure class=\"aligncenter size-full\"><img loading=\"lazy\" decoding=\"async\" width=\"720\" height=\"540\" src=\"https:\/\/taizyagromachine.com\/wp-content\/uploads\/2022\/02\/30tpd-rice-mill-production-line.jpg\" alt=\"linha de produ\u00e7\u00e3o de moinho de arroz 30tpd\" class=\"wp-image-1936\" srcset=\"https:\/\/taizyagromachine.com\/wp-content\/uploads\/2022\/02\/30tpd-rice-mill-production-line.jpg 720w, https:\/\/taizyagromachine.com\/wp-content\/uploads\/2022\/02\/30tpd-rice-mill-production-line-300x225.jpg 300w\" sizes=\"auto, (max-width: 720px) 100vw, 720px\" \/><figcaption>linha de produ\u00e7\u00e3o de moinho de arroz 30tpd<\/figcaption><\/figure> <\/div>   <h2 class=\"wp-block-heading\" id=\"structure-of-30t-rice-mill-plant-for-sale\"><strong>Estrutura da planta de moinho de arroz de 30t para venda<\/strong><strong><\/strong><\/h2>    <p class=\"translation-block\">Limpeza combinada, descaro\u00e7ador, descascador de arroz, <a href=\"https:\/\/taizyagromachine.com\/pt\/product\/gravity-paddy-separator\/\" target=\"_blank\" rel=\"noreferrer noopener\">separador de arroz em casca por gravidade<\/a>, primeira m\u00e1quina de polimento de arroz, segunda m\u00e1quina de polimento de arroz, terceira m\u00e1quina de polimento de arroz, classificador de arroz branco, polidor de \u00e1gua de arroz, <a href=\"https:\/\/en.wikipedia.org\/wiki\/Colour_sorter\" target=\"_blank\" rel=\"noreferrer noopener\">classificador de cores<\/a>, m\u00e1quina de embalagem<\/p>   <div class=\"wp-block-image\"> <figure class=\"aligncenter size-full\"><img loading=\"lazy\" decoding=\"async\" width=\"720\" height=\"450\" src=\"https:\/\/taizyagromachine.com\/wp-content\/uploads\/2022\/02\/structure-30tpd-production-line.jpg\" alt=\"estrutura-30tpd-linha de produ\u00e7\u00e3o\" class=\"wp-image-1937\" srcset=\"https:\/\/taizyagromachine.com\/wp-content\/uploads\/2022\/02\/structure-30tpd-production-line.jpg 720w, https:\/\/taizyagromachine.com\/wp-content\/uploads\/2022\/02\/structure-30tpd-production-line-300x188.jpg 300w\" sizes=\"auto, (max-width: 720px) 100vw, 720px\" \/><figcaption>estrutura<\/figcaption><\/figure> <\/div>   <h2 class=\"wp-block-heading\" id=\"features-of-complete-30t-rice-mill-machine-plant\"><strong>Caracter\u00edsticas da planta completa de moinho de arroz 30t<\/strong><strong><\/strong><\/h2>    <ul class=\"wp-block-list\" type=\"1\"><li>Linha de produ\u00e7\u00e3o\u00a0autom\u00e1tica\u00a030tpd completa de moinho de arroz, produ\u00e7\u00e3o de alta efici\u00eancia.<\/li><li>Excelente design de moinho de arroz moderno, f\u00e1cil de manter e operar.<\/li><li>Estrutura compacta, desempenho est\u00e1vel, arroz branco de alta qualidade.<\/li><li>A taxa de produ\u00e7\u00e3o de arroz \u00e9 de cerca de 70%, e a taxa de arroz quebrado \u00e9 de 2%.<\/li><li>Baixo consumo de energia.<\/li><li>A planta do moinho de arroz pode ser personalizada de acordo com as necessidades do cliente.<\/li><\/ul>    <h2 class=\"wp-block-heading\" id=\"what-functions-of-combined-cleaner\"><strong>Quais fun\u00e7\u00f5es do limpador combinado?<\/strong><strong><\/strong><\/h2>    <p>Em compara\u00e7\u00e3o com outras linhas de produ\u00e7\u00e3o, como a linha de produ\u00e7\u00e3o do moinho de arroz de 15tdp, esta planta autom\u00e1tica de processamento de arroz de 30t possui o limpador combinado. Como fabricante e fornecedor profissional, recomendamos o limpador combinado para grandes linhas de produ\u00e7\u00e3o de moinhos de arroz. Funciona principalmente para remover impurezas grandes e pequenas. Porque algumas impurezas entram no arroz em casca durante a colheita.<\/p>    <p>O princ\u00edpio de funcionamento depende da peneira. O limpador combinado serve para remover as impurezas de acordo com o tamanho do furo da peneira. &nbsp;<\/p>    <h2 class=\"wp-block-heading\" id=\"choose-multiple-rice-milling\"><strong>Escolha a moagem m\u00faltipla de arroz<\/strong><strong><\/strong><\/h2>    <p>Para a grande linha de produ\u00e7\u00e3o do moinho de arroz, a planta do moinho de arroz sempre adota m\u00faltiplas moendas de arroz. Existem dois motivos:<\/p>    <ol class=\"wp-block-list\" type=\"1\"><li>A moagem m\u00faltipla de arroz pode reduzir com efici\u00eancia a taxa de arroz quebrado, garantindo a qualidade do arroz branco integral.<\/li><li>Al\u00e9m disso, pode garantir uma grande produ\u00e7\u00e3o.<\/li><\/ol>    <p>Com base nas raz\u00f5es acima, a grande linha de produ\u00e7\u00e3o de moinho de arroz, n\u00e3o apenas a linha de produ\u00e7\u00e3o de 30 tpd, pode utilizar a moagem m\u00faltipla de arroz para atingir a meta exigida.<\/p>   <div class=\"wp-block-image\"> <figure class=\"aligncenter size-full\"><img loading=\"lazy\" decoding=\"async\" width=\"720\" height=\"400\" src=\"https:\/\/taizyagromachine.com\/wp-content\/uploads\/2022\/02\/multiple-rice-milling-30tpd.jpg\" alt=\"moagem m\u00faltipla de arroz\" class=\"wp-image-1939\" srcset=\"https:\/\/taizyagromachine.com\/wp-content\/uploads\/2022\/02\/multiple-rice-milling-30tpd.jpg 720w, https:\/\/taizyagromachine.com\/wp-content\/uploads\/2022\/02\/multiple-rice-milling-30tpd-300x167.jpg 300w\" sizes=\"auto, (max-width: 720px) 100vw, 720px\" \/><figcaption>moagem m\u00faltipla de arroz<\/figcaption><\/figure> <\/div>   <h2 class=\"wp-block-heading\" id=\"why-use-air-compressor\"><strong>Por que usar compressor de ar?<\/strong><strong><\/strong><\/h2>    <p>Quando voc\u00ea compra a linha de produ\u00e7\u00e3o completa da planta de arroz 30tpd, o compressor de ar \u00e9 necess\u00e1rio. Nesta linha de produ\u00e7\u00e3o, o classificador de cores, o polidor de \u00e1gua de arroz e a m\u00e1quina de embalagem devem usar o compressor de ar. Os motivos s\u00e3o os seguintes:<\/p>    <ol class=\"wp-block-list\" type=\"1\"><li>Ap\u00f3s a classifica\u00e7\u00e3o por cores, o compressor de ar expele o arroz n\u00e3o qualificado.<\/li><li>Para o polidor de \u00e1gua de arroz, o compressor de ar funciona para formar n\u00e9voa de \u00e1gua, resfriar e soprar a poeira.<\/li><li>Em rela\u00e7\u00e3o \u00e0 embaladora, duas fun\u00e7\u00f5es do compressor de ar s\u00e3o controlar a quantidade de obtura\u00e7\u00e3o e prender os sacos.<\/li><\/ol>   <div class=\"wp-block-image\"> <figure class=\"aligncenter size-full\"><img loading=\"lazy\" decoding=\"async\" width=\"720\" height=\"400\" src=\"https:\/\/taizyagromachine.com\/wp-content\/uploads\/2022\/02\/air-compressor-30tpd.jpg\" alt=\"compressor de ar-30tpd\" class=\"wp-image-1941\" srcset=\"https:\/\/taizyagromachine.com\/wp-content\/uploads\/2022\/02\/air-compressor-30tpd.jpg 720w, https:\/\/taizyagromachine.com\/wp-content\/uploads\/2022\/02\/air-compressor-30tpd-300x167.jpg 300w\" sizes=\"auto, (max-width: 720px) 100vw, 720px\" \/><figcaption>compressor de ar<\/figcaption><\/figure> <\/div>   <h2 class=\"wp-block-heading\" id=\"which-places-are-applicable\"><strong>Quais locais s\u00e3o aplic\u00e1veis?<\/strong><strong><\/strong><\/h2>    <ol class=\"wp-block-list\" type=\"1\"><li>F\u00e1bricas de arroz.<\/li><li>Propriet\u00e1rios de terras agr\u00edcolas.<\/li><li>Distribuidores\/agentes.<\/li><\/ol>    <h2 class=\"wp-block-heading\" id=\"related-production-line\"><strong>Linha de produ\u00e7\u00e3o relacionada<\/strong><strong><\/strong><\/h2>    <p class=\"translation-block\">Na nossa <a href=\"https:\/\/taizyagromachine.com\/pt\/\" target=\"_blank\" rel=\"noreferrer noopener\">Taizy Machine Company<\/a>, n\u00e3o fornecemos apenas a linha de produ\u00e7\u00e3o de f\u00e1brica de arroz de 30tdp, mas tamb\u00e9m a linha de produ\u00e7\u00e3o de 15tpd, a linha de produ\u00e7\u00e3o de 20tpd, etc.<\/p>","protected":false},"excerpt":{"rendered":"<p>30TPD rice mill production line&nbsp;is a large output production line for rice milling. This rice mill plant has the capacity of 30t per day. Besides, it\u2019s fully automatic production line, saving labor and time. It also has two layers of platforms: the upper is for check and maintenance, the lower is for work. At the [&hellip;]<\/p>\n","protected":false},"author":1,"featured_media":2082,"parent":0,"template":"","tags":[38],"product-type":[27],"class_list":["post-1447","product","type-product","status-publish","has-post-thumbnail","hentry","tag-rice-mill-production-line","product-type-solutions"],"_links":{"self":[{"href":"https:\/\/taizyagromachine.com\/pt\/wp-json\/wp\/v2\/product\/1447","targetHints":{"allow":["GET"]}}],"collection":[{"href":"https:\/\/taizyagromachine.com\/pt\/wp-json\/wp\/v2\/product"}],"about":[{"href":"https:\/\/taizyagromachine.com\/pt\/wp-json\/wp\/v2\/types\/product"}],"author":[{"embeddable":true,"href":"https:\/\/taizyagromachine.com\/pt\/wp-json\/wp\/v2\/users\/1"}],"wp:featuredmedia":[{"embeddable":true,"href":"https:\/\/taizyagromachine.com\/pt\/wp-json\/wp\/v2\/media\/2082"}],"wp:attachment":[{"href":"https:\/\/taizyagromachine.com\/pt\/wp-json\/wp\/v2\/media?parent=1447"}],"wp:term":[{"taxonomy":"post_tag","embeddable":true,"href":"https:\/\/taizyagromachine.com\/pt\/wp-json\/wp\/v2\/tags?post=1447"},{"taxonomy":"product-type","embeddable":true,"href":"https:\/\/taizyagromachine.com\/pt\/wp-json\/wp\/v2\/product-type?post=1447"}],"curies":[{"name":"wp","href":"https:\/\/api.w.org\/{rel}","templated":true}]}}