{"id":1496,"date":"2021-12-10T03:12:00","date_gmt":"2021-12-10T03:12:00","guid":{"rendered":"https:\/\/taizyagromachine.com\/?p=1496"},"modified":"2022-09-29T14:04:15","modified_gmt":"2022-09-29T06:04:15","slug":"38tpd-rice-mill-plant","status":"publish","type":"product","link":"https:\/\/taizyagromachine.com\/pt\/product\/38tpd-rice-mill-plant\/","title":{"rendered":"Planta de processamento de arroz 38TPD"},"content":{"rendered":"<p class=\"translation-block\">A <strong>unidade de processamento de arroz de 38 TPD<\/strong> \u00e9 uma unidade ideal para a produ\u00e7\u00e3o em larga escala de moagem de arroz. Como pode produzir arroz branco em 38 t por dia, tem alta efici\u00eancia. \u00c9 muito adequada para f\u00e1bricas de arroz, propriet\u00e1rios de quintas, etc. Foi concebida para ser uma linha de produ\u00e7\u00e3o completa e totalmente autom\u00e1tica. Claro, podemos recomendar uma unidade de moagem de arroz adequada com base nas suas exig\u00eancias. Esta unidade de moagem de arroz de 38 t tem uma apar\u00eancia atrativa, desempenho est\u00e1vel, bem como qualidade superior. Al\u00e9m disso, tem plataformas. A plataforma superior destina-se a verifica\u00e7\u00e3o e manuten\u00e7\u00e3o, enquanto a inferior \u00e9 a plataforma de trabalho. Se tiver alguma necessidade, seja bem-vindo a contactar-nos para mais detalhes!<\/p>    <h2 class=\"wp-block-heading\" id=\"working-flow-of-38t-production-line\"><strong>Fluxo de Trabalho da Linha de Produ\u00e7\u00e3o 38t<\/strong><\/h2>    <p>A partir do fluxo do processo abaixo, podemos ver claramente como funciona toda a f\u00e1brica de moagem de arroz. O procedimento e a sequ\u00eancia s\u00e3o mostrados claramente.<\/p>   <div class=\"wp-block-image\"> <figure class=\"aligncenter size-full\"><img loading=\"lazy\" decoding=\"async\" width=\"720\" height=\"540\" src=\"https:\/\/taizyagromachine.com\/wp-content\/uploads\/2022\/02\/work-flow-38tpd.jpg\" alt=\"fluxo de trabalho\" class=\"wp-image-1983\" srcset=\"https:\/\/taizyagromachine.com\/wp-content\/uploads\/2022\/02\/work-flow-38tpd.jpg 720w, https:\/\/taizyagromachine.com\/wp-content\/uploads\/2022\/02\/work-flow-38tpd-300x225.jpg 300w\" sizes=\"auto, (max-width: 720px) 100vw, 720px\" \/><figcaption>fluxo de trabalho<\/figcaption><\/figure> <\/div>   <h2 class=\"wp-block-heading\" id=\"structure-of-integrated-38tpd-rice-milling-plant-for-sale\"><strong>Estrutura da planta integrada de processamento de arroz 38tpd para venda<\/strong><\/h2>    <p>Esta estrutura \u00e9 compacta e razo\u00e1vel porque a sequ\u00eancia de trabalho est\u00e1 em ordem. Definitivamente, v\u00e1rias m\u00e1quinas podem ser adicionadas a este procedimento para fazer arroz branco de alta qualidade e melhor comest\u00edvel.<\/p>   <div class=\"wp-block-image\"> <figure class=\"aligncenter size-full\"><img loading=\"lazy\" decoding=\"async\" width=\"720\" height=\"540\" src=\"https:\/\/taizyagromachine.com\/wp-content\/uploads\/2022\/02\/structure-38t-rice-milling-plant.jpg\" alt=\"estrutura da planta de processamento de arroz 38tpd\" class=\"wp-image-1984\" srcset=\"https:\/\/taizyagromachine.com\/wp-content\/uploads\/2022\/02\/structure-38t-rice-milling-plant.jpg 720w, https:\/\/taizyagromachine.com\/wp-content\/uploads\/2022\/02\/structure-38t-rice-milling-plant-300x225.jpg 300w\" sizes=\"auto, (max-width: 720px) 100vw, 720px\" \/><figcaption>estrutura da planta de processamento de arroz 38tpd<\/figcaption><\/figure> <\/div>   <h2 class=\"wp-block-heading\" id=\"features-of-complete-38tpd-rice-mill-plant\"><strong>Caracter\u00edsticas da planta completa de moinho de arroz 38tpd<\/strong><\/h2>    <ul class=\"wp-block-list\" type=\"1\"><li>Instala\u00e7\u00e3o conveniente, porque \u00e9 organizada de acordo com o processo ordenado.<\/li><li>Apar\u00eancia atraente. A apar\u00eancia \u00e9 elegante e bonita, atraindo pessoas e criando sentimentos de conforto.<\/li><li>Opera\u00e7\u00e3o simples. Fornecemos o manual de opera\u00e7\u00e3o. Al\u00e9m disso, h\u00e1 uma descri\u00e7\u00e3o em ingl\u00eas na m\u00e1quina.<\/li><li>Baixa exig\u00eancia para o workshop. \u00c9 um equipamento de processamento de arroz ideal para esta\u00e7\u00f5es de gr\u00e3os, f\u00e1bricas de arroz e fazendas.<\/li><li>Costumiza\u00e7\u00e3o. A classificadora de arroz branco pode ser personalizada para satisfazer suas necessidades.<\/li><\/ul>    <h2 class=\"wp-block-heading\" id=\"optional-equipment\"><strong>Equipamento opcional para planta de processamento de arroz<\/strong><\/h2>    <p class=\"translation-block\">Como <a href=\"https:\/\/taizyagromachine.com\/pt\/\" target=\"_blank\" rel=\"noreferrer noopener\">fabricante e fornecedor experiente<\/a>, podemos oferecer uma unidade de moagem de arroz adequada para impulsionar o seu neg\u00f3cio. Por exemplo, a linha de produ\u00e7\u00e3o completa de moagem de arroz de 38 TPD tem m\u00e1quinas como descaro\u00e7ador, <a href=\"https:\/\/en.wikipedia.org\/wiki\/Rice_huller\" target=\"_blank\" rel=\"noreferrer noopener\">descascador de arroz<\/a>, separador gravim\u00e9trico de arroz em casca, moinho de arroz e classificador de arroz branco.<\/p>   <div class=\"wp-block-image\"> <figure class=\"aligncenter size-full\"><img loading=\"lazy\" decoding=\"async\" width=\"720\" height=\"540\" src=\"https:\/\/taizyagromachine.com\/wp-content\/uploads\/2022\/02\/complete-rice-mill-plant-38t.jpg\" alt=\"planta completa de moinho de arroz\" class=\"wp-image-1987\" srcset=\"https:\/\/taizyagromachine.com\/wp-content\/uploads\/2022\/02\/complete-rice-mill-plant-38t.jpg 720w, https:\/\/taizyagromachine.com\/wp-content\/uploads\/2022\/02\/complete-rice-mill-plant-38t-300x225.jpg 300w\" sizes=\"auto, (max-width: 720px) 100vw, 720px\" \/><figcaption>planta completa de moinho de arroz<\/figcaption><\/figure> <\/div>   <p>Al\u00e9m disso, existem outros equipamentos dispon\u00edveis para cooperar no sentido de atingir os objetivos pretendidos. Como classificador de cores, polidor de arroz, m\u00e1quina de embalagem, caixa de armazenamento, etc. Contanto que voc\u00ea nos diga suas necessidades de produ\u00e7\u00e3o, forneceremos a solu\u00e7\u00e3o perfeita. &nbsp;&nbsp;<\/p>    <p>Al\u00e9m disso, voc\u00ea pode escolher o secador para colocar na linha de produ\u00e7\u00e3o.<\/p>    <h2 class=\"wp-block-heading\" id=\"why-choose-us\"><strong>Porque escolher-nos?<\/strong><strong><\/strong><\/h2>    <p>Somos um fabricante e fornecedor profissional de m\u00e1quinas agr\u00edcolas. A Taizy Machine Company goza de grande reputa\u00e7\u00e3o no com\u00e9rcio agr\u00edcola internacional. Al\u00e9m disso, estamos profundamente nesta \u00e1rea h\u00e1 mais de d\u00e9cadas. Ent\u00e3o, temos experi\u00eancias ricas. E estamos confiantes em recomendar as m\u00e1quinas agr\u00edcolas adequadas aos clientes.<\/p>   <div class=\"wp-block-image\"> <figure class=\"aligncenter size-full\"><img loading=\"lazy\" decoding=\"async\" width=\"720\" height=\"540\" src=\"https:\/\/taizyagromachine.com\/wp-content\/uploads\/2022\/02\/stregth-display-38t.jpg\" alt=\"for\u00e7a da f\u00e1brica\" class=\"wp-image-1986\" srcset=\"https:\/\/taizyagromachine.com\/wp-content\/uploads\/2022\/02\/stregth-display-38t.jpg 720w, https:\/\/taizyagromachine.com\/wp-content\/uploads\/2022\/02\/stregth-display-38t-300x225.jpg 300w\" sizes=\"auto, (max-width: 720px) 100vw, 720px\" \/><figcaption>for\u00e7a da f\u00e1brica<\/figcaption><\/figure> <\/div>   <p>Tomando como exemplo uma planta de processamento de arroz de 38tpd, uma linha de produ\u00e7\u00e3o totalmente completa inclui tremonha de alimenta\u00e7\u00e3o, secador, limpador combinado, descaro\u00e7ador, descascador de arroz, separador por gravidade, m\u00e1quina de moinho de arroz(tr\u00eas conjuntos), polidor de arroz, classificador de arroz branco, classificador de cores, caixa de armazenamento, m\u00e1quina de embalagem. Dentre essas m\u00e1quinas, podemos combinar a cal\u00e7a do moinho de arroz no que voc\u00ea precisa de acordo com sua necessidade.<\/p>    <h2 class=\"wp-block-heading\" id=\"related-machines\"><strong>M\u00e1quinas Relacionadas<\/strong><strong><\/strong><\/h2>    <div class=\"wp-block-columns is-layout-flex wp-container-core-columns-is-layout-9d6595d7 wp-block-columns-is-layout-flex\"> <div class=\"wp-block-column is-layout-flow wp-block-column-is-layout-flow\"><div class=\"wp-block-image\"> <figure class=\"aligncenter size-full\"><img loading=\"lazy\" decoding=\"async\" width=\"720\" height=\"540\" src=\"https:\/\/taizyagromachine.com\/wp-content\/uploads\/2022\/01\/30tpd-rice-milling.jpg\" alt=\"Planta de moagem de arroz 30tpd\" class=\"wp-image-1758\"\/><figcaption>Planta de moagem de arroz 30tpd<\/figcaption><\/figure> <\/div><\/div>    <div class=\"wp-block-column is-layout-flow wp-block-column-is-layout-flow\"><div class=\"wp-block-image\"> <figure class=\"aligncenter size-full\"><a href=\"https:\/\/taizyagromachine.com\/pt\/product\/20tpd-rice-mill-plant\/\"><img loading=\"lazy\" decoding=\"async\" width=\"720\" height=\"540\" src=\"https:\/\/taizyagromachine.com\/wp-content\/uploads\/2022\/01\/20t-rice-milling-standard-1.jpg\" alt=\"Planta de moagem de arroz 20tpd\" class=\"wp-image-1768\"\/><\/a><figcaption>Planta de moagem de arroz 20tpd<\/figcaption><\/figure> <\/div><\/div> <\/div>","protected":false},"excerpt":{"rendered":"<p>38TPD rice processing plant\u00a0is an ideal plant for the large output of rice milling. Because it can produce white rice for 38t per day, it has high efficiency. It\u2019s very suitable for rice factories, farm owners, etc. It\u2019s designed to be a fully automatic and complete production line. Of course, we can recommend a suitable [&hellip;]<\/p>\n","protected":false},"author":1,"featured_media":1981,"parent":0,"template":"","tags":[156,155,35,56,37,38,57,55],"product-type":[18],"class_list":["post-1496","product","type-product","status-publish","has-post-thumbnail","hentry","tag-38tpd-rice-mill-plant","tag-auto-rice-mill-plant","tag-rice-mill","tag-rice-mill-machine","tag-rice-mill-plant","tag-rice-mill-production-line","tag-rice-milling-machine","tag-rice-milling-plant","product-type-rice-mill"],"_links":{"self":[{"href":"https:\/\/taizyagromachine.com\/pt\/wp-json\/wp\/v2\/product\/1496","targetHints":{"allow":["GET"]}}],"collection":[{"href":"https:\/\/taizyagromachine.com\/pt\/wp-json\/wp\/v2\/product"}],"about":[{"href":"https:\/\/taizyagromachine.com\/pt\/wp-json\/wp\/v2\/types\/product"}],"author":[{"embeddable":true,"href":"https:\/\/taizyagromachine.com\/pt\/wp-json\/wp\/v2\/users\/1"}],"wp:featuredmedia":[{"embeddable":true,"href":"https:\/\/taizyagromachine.com\/pt\/wp-json\/wp\/v2\/media\/1981"}],"wp:attachment":[{"href":"https:\/\/taizyagromachine.com\/pt\/wp-json\/wp\/v2\/media?parent=1496"}],"wp:term":[{"taxonomy":"post_tag","embeddable":true,"href":"https:\/\/taizyagromachine.com\/pt\/wp-json\/wp\/v2\/tags?post=1496"},{"taxonomy":"product-type","embeddable":true,"href":"https:\/\/taizyagromachine.com\/pt\/wp-json\/wp\/v2\/product-type?post=1496"}],"curies":[{"name":"wp","href":"https:\/\/api.w.org\/{rel}","templated":true}]}}