{"id":1498,"date":"2021-12-10T03:12:22","date_gmt":"2021-12-10T03:12:22","guid":{"rendered":"https:\/\/taizyagromachine.com\/?p=1498"},"modified":"2023-02-09T10:40:33","modified_gmt":"2023-02-09T02:40:33","slug":"rice-milling-production-line","status":"publish","type":"product","link":"https:\/\/taizyagromachine.com\/pt\/product\/rice-milling-production-line\/","title":{"rendered":"Linha de produ\u00e7\u00e3o integrada de moagem de arroz 25TPD"},"content":{"rendered":"<p class=\"translation-block\"><strong>Linha de produ\u00e7\u00e3o integrada de moagem de arroz de 25 t\/dia<\/strong> \u00e9 um equipamento especial de processamento de arroz para a produ\u00e7\u00e3o de 25 t por dia. Sua fun\u00e7\u00e3o \u00e9 transformar arroz em gr\u00e3o em arroz branco. Esta f\u00e1brica de moagem de arroz tem a plataforma para trabalhar, apenas um andar. Al\u00e9m disso, possui estrutura compacta, baixo consumo e f\u00e1cil opera\u00e7\u00e3o. N\u00f3s, como um fabricante e fornecedor confi\u00e1vel de m\u00e1quinas agr\u00edcolas, temos v\u00e1rias plantas de m\u00e1quinas de moagem de arroz com diferentes produ\u00e7\u00f5es para venda. Diferentes produ\u00e7\u00f5es podem satisfazer seus v\u00e1rios requisitos. \u00c9 uma escolha ideal para plantas de processamento de arroz de pequeno e m\u00e9dio porte. Bem-vindo a contactar-nos para mais informa\u00e7\u00f5es!<\/p>   <div class=\"wp-block-image\"> <figure class=\"aligncenter size-full\"><img loading=\"lazy\" decoding=\"async\" width=\"720\" height=\"540\" src=\"https:\/\/taizyagromachine.com\/wp-content\/uploads\/2022\/02\/25TPD-rice-mill-production-line.jpg\" alt=\"Linha de produ\u00e7\u00e3o do moinho de arroz 25TPD\" class=\"wp-image-1923\" srcset=\"https:\/\/taizyagromachine.com\/wp-content\/uploads\/2022\/02\/25TPD-rice-mill-production-line.jpg 720w, https:\/\/taizyagromachine.com\/wp-content\/uploads\/2022\/02\/25TPD-rice-mill-production-line-300x225.jpg 300w\" sizes=\"auto, (max-width: 720px) 100vw, 720px\" \/><figcaption class=\"wp-element-caption\">Linha de produ\u00e7\u00e3o do moinho de arroz 25TPD<\/figcaption><\/figure> <\/div>   <h2 class=\"wp-block-heading\" id=\"structure-of-25tpd-rice-mill-plant-for-sale\"><strong>Estrutura da planta de moinho de arroz de 25tpd para venda<\/strong><strong><\/strong><\/h2>    <p class=\"translation-block\">Esta linha de produ\u00e7\u00e3o integrada de moagem de arroz inclui 7 elevadores, e tamb\u00e9m a m\u00e1quina de embalagem. M\u00e1quinas individuais comp\u00f5em esta linha de produ\u00e7\u00e3o completa de moagem de arroz, incluindo o descaro\u00e7ador, <a href=\"https:\/\/en.wikipedia.org\/wiki\/Rice_huller\" target=\"_blank\" rel=\"noreferrer noopener\">descascador de arroz<\/a>, duas moagens de arroz, classificador de cores, polidor de arroz, <a href=\"https:\/\/taizyagromachine.com\/pt\/product\/rice-grader\/\" target=\"_blank\" rel=\"noreferrer noopener\">classificador de arroz branco<\/a> e m\u00e1quina de embalagem. Podemos fazer diferentes configura\u00e7\u00f5es para atender aos seus requisitos.<\/p>   <div class=\"wp-block-image\"> <figure class=\"aligncenter size-full\"><img loading=\"lazy\" decoding=\"async\" width=\"720\" height=\"450\" src=\"https:\/\/taizyagromachine.com\/wp-content\/uploads\/2022\/02\/structure-25TPD-production-line.jpg\" alt=\"estrutura\" class=\"wp-image-1927\" srcset=\"https:\/\/taizyagromachine.com\/wp-content\/uploads\/2022\/02\/structure-25TPD-production-line.jpg 720w, https:\/\/taizyagromachine.com\/wp-content\/uploads\/2022\/02\/structure-25TPD-production-line-300x188.jpg 300w\" sizes=\"auto, (max-width: 720px) 100vw, 720px\" \/><figcaption class=\"wp-element-caption\">estrutura<\/figcaption><\/figure> <\/div>   <h2 class=\"wp-block-heading\" id=\"work-process-for-rice-milling-production-line\"><strong>Processo de trabalho<\/strong> <strong>para linha de produ\u00e7\u00e3o de moagem de arroz<\/strong><\/h2>    <p>Funil de alimenta\u00e7\u00e3o \u2192 detonador \u2192 descascador de arroz \u2192 separador de gravidade \u2192 m\u00e1quina de moinho de arroz \u2192 m\u00e1quina de moinho de arroz \u2192 classificador de cores \u2192 polidor de arroz \u2192 classificador de arroz branco \u2192 m\u00e1quina de embalagem<\/p>   <div class=\"wp-block-image\"> <figure class=\"aligncenter size-full\"><img loading=\"lazy\" decoding=\"async\" width=\"720\" height=\"540\" src=\"https:\/\/taizyagromachine.com\/wp-content\/uploads\/2022\/02\/work-process-25TPD-production-line.jpg\" alt=\"processo de trabalho\" class=\"wp-image-1928\" srcset=\"https:\/\/taizyagromachine.com\/wp-content\/uploads\/2022\/02\/work-process-25TPD-production-line.jpg 720w, https:\/\/taizyagromachine.com\/wp-content\/uploads\/2022\/02\/work-process-25TPD-production-line-300x225.jpg 300w\" sizes=\"auto, (max-width: 720px) 100vw, 720px\" \/><figcaption class=\"wp-element-caption\">processo de trabalho<\/figcaption><\/figure> <\/div>   <h2 class=\"wp-block-heading\" id=\"features\"><strong>Caracter\u00edsticas da linha de produ\u00e7\u00e3o de moagem de arroz 25TPD<\/strong><\/h2>    <ul class=\"wp-block-list\" type=\"1\"> <li>Bom efeito de remo\u00e7\u00e3o de pedras, r\u00e1pida velocidade de quebra da casca e bom efeito de separa\u00e7\u00e3o de gr\u00e3os.<\/li>    <li>Elevando o arroz automaticamente, padr\u00f5es internacionais avan\u00e7ados.<\/li>    <li>Vibra\u00e7\u00e3o de m\u00e1quina pequena, opera\u00e7\u00e3o simples, sa\u00edda r\u00e1pida de arroz.<\/li>    <li>Planta de moinho de arroz completa totalmente autom\u00e1tica, baixo consumo.<\/li>    <li>Costumiza\u00e7\u00e3o. Podemos combinar diferentes f\u00e1bricas de moinho de arroz com base em suas demandas reais.<\/li> <\/ul>    <h2 class=\"wp-block-heading\" id=\"services-you-ll-enjoy\"><strong>Servi\u00e7os que voc\u00ea ir\u00e1 desfrutar na planta de moinho de arroz \u00e0 venda<\/strong><\/h2>    <p class=\"translation-block\">Sendo <a href=\"https:\/\/taizyagromachine.com\/pt\/\" target=\"_blank\" rel=\"noreferrer noopener\">uma empresa profissional<\/a>, oferecemos muitos servi\u00e7os para o seu conforto. Agora apresentamos principalmente o servi\u00e7o de pr\u00e9-venda, servi\u00e7o em venda e servi\u00e7o p\u00f3s-venda.<\/p>    <h3 class=\"wp-block-heading\" id=\"pre-sale-service\"><strong>Servi\u00e7o de pr\u00e9-venda<\/strong><strong><\/strong><\/h3>    <p>Por exemplo, voc\u00ea deseja uma linha de produ\u00e7\u00e3o de moinho de arroz de 25 tpd. Ent\u00e3o, nesse processo, ajudamos voc\u00ea a entender a planta de moagem de arroz \u00e0 venda. Al\u00e9m disso, fornecemos suporte t\u00e9cnico.<\/p>    <h3 class=\"wp-block-heading\" id=\"on-sale-service\"><strong>Servi\u00e7o \u00e0 venda<\/strong><strong><\/strong><\/h3>    <p>Daremos fotos do processo e faremos com que voc\u00ea conhe\u00e7a o processo de usinagem. Al\u00e9m disso, temos o compromisso de que a m\u00e1quina seja de super qualidade e esteja em boas condi\u00e7\u00f5es antes da entrega.<\/p>    <h3 class=\"wp-block-heading\" id=\"after-sale-service\"><strong>Servi\u00e7o p\u00f3s-venda<\/strong><strong><\/strong><\/h3>    <p>Orienta\u00e7\u00e3o online e suporte de v\u00eddeo s\u00e3o o b\u00e1sico. Tamb\u00e9m elaboramos o manual e a manuten\u00e7\u00e3o junto com a m\u00e1quina.<\/p>    <h2 class=\"wp-block-heading\" id=\"packing-and-shipping\"><strong>Embalagem e envio da linha de produ\u00e7\u00e3o de moagem de arroz<\/strong><\/h2>    <p>Ao entregar a m\u00e1quina pertencente \u00e0 linha de produ\u00e7\u00e3o de moagem de arroz 25tpd, para evitar acidentes durante o transporte, sempre embalamos as m\u00e1quinas em caixas de madeira. Porque tem muitas vantagens, como f\u00e1cil produ\u00e7\u00e3o, leveza, alta resist\u00eancia, boa durabilidade e pre\u00e7o relativamente barato.<\/p>   <div class=\"wp-block-image\"> <figure class=\"aligncenter size-full\"><img loading=\"lazy\" decoding=\"async\" width=\"720\" height=\"540\" src=\"https:\/\/taizyagromachine.com\/wp-content\/uploads\/2022\/01\/package.jpg\" alt=\"pacote\" class=\"wp-image-1765\"\/><figcaption class=\"wp-element-caption\">pacote<\/figcaption><\/figure> <\/div>   <h2 class=\"wp-block-heading\" id=\"related-machine\"><strong>M\u00e1quina Relacionada<\/strong><strong><\/strong><\/h2>    <div class=\"wp-block-columns is-layout-flex wp-container-core-columns-is-layout-9d6595d7 wp-block-columns-is-layout-flex\"> <div class=\"wp-block-column is-layout-flow wp-block-column-is-layout-flow\"><div class=\"wp-block-image\"> <figure class=\"aligncenter size-full\"><a href=\"https:\/\/taizyagromachine.com\/pt\/product\/20tpd-rice-mill-plant\/\"><img loading=\"lazy\" decoding=\"async\" width=\"720\" height=\"540\" src=\"https:\/\/taizyagromachine.com\/wp-content\/uploads\/2022\/01\/20t-rice-milling-standard-1.jpg\" alt=\"Planta de moagem de arroz 20tpd\" class=\"wp-image-1768\"\/><\/a><figcaption class=\"wp-element-caption\">Planta de moagem de arroz 20tpd<\/figcaption><\/figure> <\/div><\/div>    <div class=\"wp-block-column is-layout-flow wp-block-column-is-layout-flow\"><div class=\"wp-block-image\"> <figure class=\"aligncenter size-full\"><img loading=\"lazy\" decoding=\"async\" width=\"720\" height=\"540\" src=\"https:\/\/taizyagromachine.com\/wp-content\/uploads\/2022\/01\/30tpd-rice-milling.jpg\" alt=\"Planta de moagem de arroz 30tpd\" class=\"wp-image-1758\"\/><figcaption class=\"wp-element-caption\">Planta de moagem de arroz 30tpd<\/figcaption><\/figure> <\/div><\/div> <\/div>","protected":false},"excerpt":{"rendered":"<p>25tpd integrated rice milling production line&nbsp;is special rice processing equipment for the production of 25t per day. It functions to turn paddy rice into white rice. This rice mill plant has the platform to work, only one layer. Besides, it has compact structure, low consumption, easy operation. We, as a reliable agricultural machine manufacturer and [&hellip;]<\/p>\n","protected":false},"author":1,"featured_media":2079,"parent":0,"template":"","tags":[59,49,60,35,56,37,38,57,48,61],"product-type":[27],"class_list":["post-1498","product","type-product","status-publish","has-post-thumbnail","hentry","tag-25tpd-rice-mill-producion-line","tag-complete-rice-milling-plant","tag-integrated-rice-milling-production-line","tag-rice-mill","tag-rice-mill-machine","tag-rice-mill-plant","tag-rice-mill-production-line","tag-rice-milling-machine","tag-rice-milling-plant-for-sale","tag-rice-milling-production-line","product-type-solutions"],"_links":{"self":[{"href":"https:\/\/taizyagromachine.com\/pt\/wp-json\/wp\/v2\/product\/1498","targetHints":{"allow":["GET"]}}],"collection":[{"href":"https:\/\/taizyagromachine.com\/pt\/wp-json\/wp\/v2\/product"}],"about":[{"href":"https:\/\/taizyagromachine.com\/pt\/wp-json\/wp\/v2\/types\/product"}],"author":[{"embeddable":true,"href":"https:\/\/taizyagromachine.com\/pt\/wp-json\/wp\/v2\/users\/1"}],"wp:featuredmedia":[{"embeddable":true,"href":"https:\/\/taizyagromachine.com\/pt\/wp-json\/wp\/v2\/media\/2079"}],"wp:attachment":[{"href":"https:\/\/taizyagromachine.com\/pt\/wp-json\/wp\/v2\/media?parent=1498"}],"wp:term":[{"taxonomy":"post_tag","embeddable":true,"href":"https:\/\/taizyagromachine.com\/pt\/wp-json\/wp\/v2\/tags?post=1498"},{"taxonomy":"product-type","embeddable":true,"href":"https:\/\/taizyagromachine.com\/pt\/wp-json\/wp\/v2\/product-type?post=1498"}],"curies":[{"name":"wp","href":"https:\/\/api.w.org\/{rel}","templated":true}]}}