{"id":1512,"date":"2021-12-13T07:19:45","date_gmt":"2021-12-13T07:19:45","guid":{"rendered":"https:\/\/taizyagromachine.com\/?p=1512"},"modified":"2024-02-06T10:28:46","modified_gmt":"2024-02-06T02:28:46","slug":"60tpd-rice-mill-plant","status":"publish","type":"product","link":"https:\/\/taizyagromachine.com\/pt\/product\/60tpd-rice-mill-plant\/","title":{"rendered":"Planta de processamento de moinho de arroz 60TPD"},"content":{"rendered":"<p class=\"translation-block\"><strong>60TPD rice mill processing plant<\/strong> \u00e9 equipamento de processamento de arroz com uma capacidade de 60t por dia. Esta unidade de beneficiamento de arroz apresenta uma alta taxa de arroz fino e uma baixa taxa de quebras devido \u00e0 tecnologia avan\u00e7ada. Ela integra destongaliza\u00e7\u00e3o, casca de arroz, moagem do arroz, classifica\u00e7\u00e3o do arroz, separa\u00e7\u00e3o de cor e embalagem. <\/p>    <p>Portanto, \u00e9 uma \u00f3tima f\u00e1brica de moinhos de arroz para f\u00e1bricas de moagem de arroz e propriet\u00e1rios de fazendas. Al\u00e9m disso, podemos fornecer uma f\u00e1brica completa de moinho de arroz de 60tpd de acordo com suas demandas. Al\u00e9m disso, esta fresadora de arroz comercial \u00e9 fornecida diretamente pela f\u00e1brica, portanto a qualidade pode ser garantida. <\/p>    <p>Voc\u00ea tem interesse em equipamentos de moagem de arroz? Bem-vindo a entrar em contato conosco para mais detalhes!<\/p>    <figure class=\"wp-block-embed is-type-video is-provider-youtube wp-block-embed-youtube wp-embed-aspect-16-9 wp-has-aspect-ratio\"><div class=\"wp-block-embed__wrapper\"> <iframe loading=\"lazy\" title=\"Revelando Excel\u00eancia: Vitrine e Demonstra\u00e7\u00e3o de Fresadora de Arroz de 60 Ton! \ud83c\udf3e\u2728#ricemill #ricemill\" width=\"500\" height=\"281\" src=\"https:\/\/www.youtube.com\/embed\/DFJ1pZxTMuU?feature=oembed\" frameborder=\"0\" allow=\"accelerometer; autoplay; clipboard-write; encrypted-media; gyroscope; picture-in-picture; web-share\" referrerpolicy=\"strict-origin-when-cross-origin\" allowfullscreen><\/iframe> <\/div><figcaption class=\"wp-element-caption\">introdu\u00e7\u00e3o do moinho de arroz e v\u00eddeo de trabalho <\/figcaption><\/figure>    <h2 class=\"wp-block-heading\"><strong>Qual m\u00e1quina \u00e9 usada na moagem de arroz?<\/strong><\/h2>    <p>Nossa planta de processamento de arroz de 60 tpd vem em diferentes configura\u00e7\u00f5es, com diferentes configura\u00e7\u00f5es combinadas com diferentes n\u00fameros de m\u00e1quinas, mas de modo geral, o equipamento na unidade de moagem \u00e9 praticamente o mesmo. <\/p>    <figure class=\"wp-block-gallery aligncenter has-nested-images columns-default is-cropped wp-block-gallery-2 is-layout-flex wp-block-gallery-is-layout-flex\"> <figure class=\"wp-block-image size-large\"><img loading=\"lazy\" decoding=\"async\" width=\"720\" height=\"540\" data-id=\"6384\" src=\"https:\/\/taizyagromachine.com\/wp-content\/uploads\/2021\/12\/auto-rice-mill-plant-with-3-rice-millers.webp\" alt=\"planta autom\u00e1tica de moinho de arroz com 3 moinhos de arroz\" class=\"wp-image-6384\"\/><figcaption class=\"wp-element-caption\">planta autom\u00e1tica de moinho de arroz com 3 moinhos de arroz<\/figcaption><\/figure>    <figure class=\"wp-block-image size-large\"><img loading=\"lazy\" decoding=\"async\" width=\"720\" height=\"540\" data-id=\"6385\" src=\"https:\/\/taizyagromachine.com\/wp-content\/uploads\/2021\/12\/industrial-rice-milling-machine-with-2-rice-millers.webp\" alt=\"Fresadora de arroz industrial com 2 moinhos de arroz\" class=\"wp-image-6385\"\/><figcaption class=\"wp-element-caption\">Fresadora de arroz industrial com 2 moinhos de arroz<\/figcaption><\/figure> <\/figure>    <p>A lista de m\u00e1quinas utilizadas no moinho de arroz \u00e9 mostrada abaixo:<\/p>    <p class=\"translation-block\"><strong>Pre cleaner &amp; destoner<\/strong>: Remove pedras, solo, palha, sementes de relva e outras impurezas do arroz peneirado. Usando triagem e classifica\u00e7\u00e3o por vento, garante que o arroz que entra no pr\u00f3ximo processo esteja limpo e sem impurezas.<\/p>    <p class=\"translation-block\"><strong>Rice huller<\/strong>: Separa a casca externa (casca) do gr\u00e3o interno (arroz integral) do arroz com for\u00e7a mec\u00e2nica para realizar o processo de descascamento.<\/p>    <p class=\"translation-block\"><strong>Gravity paddy separator<\/strong>: Separa de forma eficaz a mistura (arroz integral e farelo) obtida ap\u00f3s o descascamento, para separar o arroz integral do farelo e melhorar a pureza do arroz integral.<\/p>    <p class=\"translation-block\"><strong>Rice milling machine<\/strong>: Adopta o princ\u00edpio da moagem, a camada de farelo na superf\u00edcie do arroz integral \u00e9 gradualmente removida sem destruir o endosperma, obtendo arroz branco. Dependendo dos requisitos do processo, pode ser necess\u00e1rio passar por v\u00e1rios processos de polimento para assegurar a qualidade.<\/p>    <p class=\"translation-block\"><strong>Polishing machine<\/strong>: Polir o arroz mo\u00eddo para remover ainda mais o farelo residual microsc\u00f3pico e conferir ao arroz uma apar\u00eancia suave e brilhante para aumentar o seu valor comercial.<\/p>    <p class=\"translation-block\"><strong>Rice grader<\/strong>: De acordo com o tamanho, forma e qualidade das part\u00edculas de arroz, realiza peneira\u00e7\u00e3o e classifica\u00e7\u00e3o para assegurar que o produto final tenha especifica\u00e7\u00e3o uniforme e cumpra os requisitos de diferentes mercados para o tamanho do gr\u00e3o de arroz.<\/p>    <p class=\"translation-block\"><strong>Color sorter<\/strong>: Identificar e rejeitar produtos defeituosos, como gr\u00e3os de cores diferentes e gr\u00e3os doentes, atrav\u00e9s de sensores fotoel\u00e9tricos, para melhorar a qualidade geral e a seguran\u00e7a alimentar do arroz acabado.<\/p>    <p class=\"translation-block\"><strong>Packing machine<\/strong>: Pesagem autom\u00e1tica, enchimento, selagem e marca\u00e7\u00e3o, completando a embalagem padronizada dos produtos, o que \u00e9 conveniente para transporte, armazenamento e venda.<\/p>    <figure class=\"wp-block-gallery aligncenter has-nested-images columns-default is-cropped wp-block-gallery-3 is-layout-flex wp-block-gallery-is-layout-flex\"> <figure class=\"wp-block-image size-large\"><img loading=\"lazy\" decoding=\"async\" width=\"720\" height=\"540\" data-id=\"6391\" src=\"https:\/\/taizyagromachine.com\/wp-content\/uploads\/2021\/12\/complete-rice-milling-plant-machinery-in-the-rice-mill-factory.webp\" alt=\"m\u00e1quinas completas para moagem de arroz na f\u00e1brica de moinho de arroz\" class=\"wp-image-6391\"\/><figcaption class=\"wp-element-caption\">m\u00e1quinas completas para moagem de arroz na f\u00e1brica de moinho de arroz<\/figcaption><\/figure>    <figure class=\"wp-block-image size-large\"><img loading=\"lazy\" decoding=\"async\" width=\"720\" height=\"540\" data-id=\"6392\" src=\"https:\/\/taizyagromachine.com\/wp-content\/uploads\/2021\/12\/machine-for-rice-mill.webp\" alt=\"m\u00e1quina para moinho de arroz\" class=\"wp-image-6392\"\/><figcaption class=\"wp-element-caption\">m\u00e1quina para moinho de arroz<\/figcaption><\/figure> <\/figure>    <h2 class=\"wp-block-heading\"><strong>Par\u00e2metros t\u00e9cnicos da planta moderna de moinho de arroz<\/strong><\/h2>    <figure class=\"wp-block-table\"><table><tbody><tr><td>Marca<\/td><td>Taizy<\/td><\/tr><tr><td>Nome da maquina<\/td><td>Planta do moinho de arroz 60TPD<\/td><\/tr><tr><td>Modelo<\/td><td>MCTP60<\/td><\/tr><tr><td>Capacidade<\/td><td>2200-2600 kg\/h<\/td><\/tr><tr><td>Gr\u00e3o aplic\u00e1vel<\/td><td>Arroz em casca<\/td><\/tr><tr><td>Poder<\/td><td>143 kW<\/td><\/tr><tr><td>Tamanho<\/td><td>13500*2900*4500mm<\/td><\/tr><\/tbody><\/table><figcaption class=\"wp-element-caption\">par\u00e2metros t\u00e9cnicos da planta de processamento de moinho de arroz para venda<\/figcaption><\/figure>    <h2 class=\"wp-block-heading\"><strong>Estrutura da planta de processamento de moinho de arroz autom\u00e1tico 60tpd para venda<\/strong><\/h2>    <p>Na Taizy Machine Company, a moderna f\u00e1brica de moinho de arroz de 60tpd \u00e0 venda inclui limpador, descaro\u00e7ador, descascador de arroz, tr\u00eas moinhos de arroz e classificador de arroz branco.<\/p>   <div class=\"wp-block-image\"> <figure class=\"aligncenter size-full\"><img loading=\"lazy\" decoding=\"async\" width=\"720\" height=\"540\" src=\"https:\/\/taizyagromachine.com\/wp-content\/uploads\/2022\/02\/structure-of-60t.jpg\" alt=\"estrutura da planta de moinho de arroz 60tpd\" class=\"wp-image-2034\" srcset=\"https:\/\/taizyagromachine.com\/wp-content\/uploads\/2022\/02\/structure-of-60t.jpg 720w, https:\/\/taizyagromachine.com\/wp-content\/uploads\/2022\/02\/structure-of-60t-300x225.jpg 300w\" sizes=\"auto, (max-width: 720px) 100vw, 720px\" \/><figcaption class=\"wp-element-caption\">estrutura da planta de processamento de moinho de arroz 60tpd<\/figcaption><\/figure> <\/div>   <h2 class=\"wp-block-heading\" id=\"process-flow-chart\"><strong>Fluxograma do processo da planta de processamento do moinho de arroz<\/strong><\/h2>    <p>Neste fluxograma voc\u00ea pode ver como funciona a planta de moagem de arroz. Isso ajuda significativamente voc\u00ea a entender o processo de trabalho e a se familiarizar com a planta da m\u00e1quina.<\/p>   <div class=\"wp-block-image\"> <figure class=\"aligncenter size-full\"><img loading=\"lazy\" decoding=\"async\" width=\"720\" height=\"540\" src=\"https:\/\/taizyagromachine.com\/wp-content\/uploads\/2022\/02\/work-flow-38tpd.jpg\" alt=\"fluxo de trabalho da planta de processamento de moinho de arroz\" class=\"wp-image-1983\" srcset=\"https:\/\/taizyagromachine.com\/wp-content\/uploads\/2022\/02\/work-flow-38tpd.jpg 720w, https:\/\/taizyagromachine.com\/wp-content\/uploads\/2022\/02\/work-flow-38tpd-300x225.jpg 300w\" sizes=\"auto, (max-width: 720px) 100vw, 720px\" \/><figcaption class=\"wp-element-caption\">fluxo de trabalho da planta de processamento de moinho de arroz<\/figcaption><\/figure> <\/div>   <h2 class=\"wp-block-heading\" id=\"advantages\"><strong>Vantagens da m\u00e1quina combinada de moinho de arroz<\/strong><\/h2>    <ul class=\"wp-block-list\"> <li>M\u00e1quinas individuais para a f\u00e1brica de moinho de arroz de 60 tdp s\u00e3o exibidas em uma linha, organizadas e bonitas.<\/li>    <li>A parte de moagem de arroz do equipamento adota tecnologia avan\u00e7ada de moagem de arroz, baixa temperatura do arroz, pouco farelo e baixa taxa de quebra.<\/li>    <li>A opera\u00e7\u00e3o principal est\u00e1 concentrada em um lado, f\u00e1cil de operar.<\/li>    <li>Economia de energia,\u00a0prote\u00e7\u00e3o ambiental, opera\u00e7\u00e3o simples, manuten\u00e7\u00e3o conveniente e durabilidade.<\/li>    <li>Grande capacidade, velocidade r\u00e1pida, desempenho est\u00e1vel.<\/li>    <li>Coloca\u00e7\u00e3o diferente. Podemos recomendar a f\u00e1brica de moinho de arroz de 60tpd adequada para atender \u00e0s suas necessidades.<\/li> <\/ul>    <h2 class=\"wp-block-heading\" id=\"machines-that-can-be-equipped\"><strong>M\u00e1quinas opcionais para unidade completa de moinho de arroz<\/strong><\/h2>    <p>A m\u00e1quina para planta de processamento de arroz 60tpd tem diferentes coloca\u00e7\u00f5es para atingir o objetivo necess\u00e1rio. Com base nesta f\u00e1brica de moinho de arroz de 60 tpd, tamb\u00e9m temos outras m\u00e1quinas para colocar.<\/p>    <p class=\"translation-block\"><strong>Rice polisher<\/strong><\/p>    <p>Esta m\u00e1quina \u00e9 utilizada na linha de produ\u00e7\u00e3o do moinho de arroz, funcionando para tornar o arroz mais branco e macio.<\/p>    <p class=\"translation-block\"><strong>Color sorter<\/strong><\/p>    <p>O classificador de cores pode diferenciar entre arroz branco bom e arroz preto com mofo. Para o arroz branco de boa qualidade ajuda bastante.<\/p>    <p class=\"translation-block\"><strong>Packing machine<\/strong><\/p>    <p>Como o objetivo final \u00e9 o arroz branco \u00e0 venda, a embalagem \u00e9 a etapa necess\u00e1ria. Esta m\u00e1quina de embalagem para esta planta de moagem de arroz varia de 5kg a 50kg. Assim, \u00e9 muito pr\u00e1tico.<\/p>    <p>Pelo exposto, podemos constatar que uma linha completa de produ\u00e7\u00e3o de moinho de arroz para venda possui uma localiza\u00e7\u00e3o diferenciada para atender \u00e0s necessidades do seu neg\u00f3cio.<\/p>   <div class=\"wp-block-image\"> <figure class=\"aligncenter size-full\"><img loading=\"lazy\" decoding=\"async\" width=\"720\" height=\"540\" src=\"https:\/\/taizyagromachine.com\/wp-content\/uploads\/2022\/02\/60tpd-complete-rice-mill-production-line.jpg\" alt=\"Linha de produ\u00e7\u00e3o completa de moinho de arroz 60tpd\" class=\"wp-image-2035\" srcset=\"https:\/\/taizyagromachine.com\/wp-content\/uploads\/2022\/02\/60tpd-complete-rice-mill-production-line.jpg 720w, https:\/\/taizyagromachine.com\/wp-content\/uploads\/2022\/02\/60tpd-complete-rice-mill-production-line-300x225.jpg 300w\" sizes=\"auto, (max-width: 720px) 100vw, 720px\" \/><figcaption class=\"wp-element-caption\">Linha de produ\u00e7\u00e3o completa de moinho de arroz 60tpd<\/figcaption><\/figure> <\/div>   <h2 class=\"wp-block-heading\"><strong>Servi\u00e7o oferecido na fresadora combinada de arroz<\/strong><\/h2>    <p>Para unidades de moagem de arroz, a seguinte gama de servi\u00e7os pode ser fornecida:<\/p>    <ul class=\"wp-block-list\"> <li><strong>Venda e customiza\u00e7\u00e3o de equipamentos<\/strong>: Fornece conjuntos completos de equipamentos para plantas de processamento de moinho de arroz com diferentes escalas de produ\u00e7\u00e3o, como <a href=\"https:\/\/taizyagromachine.com\/pt\/product\/15tpd-rice-mill-plant\/\">Unidade do moinho de arroz 15TPD<\/a>, 25TPD, etc., e pode personalizar fresadoras de arroz com especifica\u00e7\u00f5es e configura\u00e7\u00f5es especiais de acordo com suas necessidades.<\/li>    <li><strong>Consultoria t\u00e9cnica e design<\/strong>: De acordo com suas necessidades espec\u00edficas, caracter\u00edsticas da mat\u00e9ria-prima e condi\u00e7\u00f5es do local, oferecemos projeto profissional de linha de produ\u00e7\u00e3o de moagem de arroz e servi\u00e7os de consultoria t\u00e9cnica.<\/li>    <li><strong>Suporte e manuten\u00e7\u00e3o p\u00f3s-venda<\/strong>: Repara\u00e7\u00e3o ou substitui\u00e7\u00e3o gratuita de pe\u00e7as defeituosas durante o per\u00edodo de garantia do equipamento; fornecer suporte t\u00e9cnico oportuno e servi\u00e7os de manuten\u00e7\u00e3o pagos fora do per\u00edodo de garantia.<\/li>    <li><strong>Fornecimento de pe\u00e7as<\/strong>: Fornecimento de longo prazo de todos os tipos de pe\u00e7as de reposi\u00e7\u00e3o originais exigidas pela planta de processamento do moinho de arroz, para garantir a qualidade e compatibilidade das pe\u00e7as de reposi\u00e7\u00e3o necess\u00e1rias no processo de utiliza\u00e7\u00e3o do equipamento.<\/li> <\/ul>    <figure class=\"wp-block-gallery aligncenter has-nested-images columns-default is-cropped wp-block-gallery-4 is-layout-flex wp-block-gallery-is-layout-flex\"> <figure class=\"wp-block-image size-large\"><img loading=\"lazy\" decoding=\"async\" width=\"720\" height=\"540\" data-id=\"6394\" src=\"https:\/\/taizyagromachine.com\/wp-content\/uploads\/2021\/12\/industrial-rice-milling-machine-for-sale.webp\" alt=\"M\u00e1quina de moagem de arroz industrial para venda\" class=\"wp-image-6394\"\/><figcaption class=\"wp-element-caption\">M\u00e1quina de moagem de arroz industrial para venda<\/figcaption><\/figure>    <figure class=\"wp-block-image size-large\"><img loading=\"lazy\" decoding=\"async\" width=\"720\" height=\"540\" data-id=\"6395\" src=\"https:\/\/taizyagromachine.com\/wp-content\/uploads\/2021\/12\/rice-mill-processing-plant-for-sale.webp\" alt=\"planta de processamento de moinho de arroz para venda\" class=\"wp-image-6395\"\/><figcaption class=\"wp-element-caption\">planta de processamento de moinho de arroz para venda<\/figcaption><\/figure> <\/figure>    <h2 class=\"wp-block-heading\"><strong>Comece o neg\u00f3cio de moagem de arroz agora!<\/strong><\/h2>    <p class=\"translation-block\">Apressa-te a contactar-nos, iremos desenhar uma combina\u00e7\u00e3o de m\u00e1quinas razo\u00e1vel para ti de acordo com as tuas necessidades espec\u00edficas, para satisfazer as diferentes exig\u00eancias de realiza\u00e7\u00e3o de <a href=\"https:\/\/en.wikipedia.org\/wiki\/Rice_mill\" target=\"_blank\" rel=\"noopener\">moagem de arroz<\/a>.<\/p>","protected":false},"excerpt":{"rendered":"<p>A Planta de Processamento de Arroz 60TPD tem como objetivo produzir arroz branco comest\u00edvel para venda, com capacidade de 60 toneladas por dia, desde a moagem at\u00e9 o empacotamento do arroz. apresentamos todas as m\u00e1quinas utilizadas no moinho de arroz.<\/p>","protected":false},"author":1,"featured_media":2033,"parent":0,"template":"","tags":[],"product-type":[18],"class_list":["post-1512","product","type-product","status-publish","has-post-thumbnail","hentry","product-type-rice-mill"],"_links":{"self":[{"href":"https:\/\/taizyagromachine.com\/pt\/wp-json\/wp\/v2\/product\/1512","targetHints":{"allow":["GET"]}}],"collection":[{"href":"https:\/\/taizyagromachine.com\/pt\/wp-json\/wp\/v2\/product"}],"about":[{"href":"https:\/\/taizyagromachine.com\/pt\/wp-json\/wp\/v2\/types\/product"}],"author":[{"embeddable":true,"href":"https:\/\/taizyagromachine.com\/pt\/wp-json\/wp\/v2\/users\/1"}],"wp:featuredmedia":[{"embeddable":true,"href":"https:\/\/taizyagromachine.com\/pt\/wp-json\/wp\/v2\/media\/2033"}],"wp:attachment":[{"href":"https:\/\/taizyagromachine.com\/pt\/wp-json\/wp\/v2\/media?parent=1512"}],"wp:term":[{"taxonomy":"post_tag","embeddable":true,"href":"https:\/\/taizyagromachine.com\/pt\/wp-json\/wp\/v2\/tags?post=1512"},{"taxonomy":"product-type","embeddable":true,"href":"https:\/\/taizyagromachine.com\/pt\/wp-json\/wp\/v2\/product-type?post=1512"}],"curies":[{"name":"wp","href":"https:\/\/api.w.org\/{rel}","templated":true}]}}