{"id":1535,"date":"2021-12-14T06:35:13","date_gmt":"2021-12-14T06:35:13","guid":{"rendered":"https:\/\/taizyagromachine.com\/?p=1535"},"modified":"2022-09-29T11:16:10","modified_gmt":"2022-09-29T03:16:10","slug":"vibration-cleaner","status":"publish","type":"product","link":"https:\/\/taizyagromachine.com\/pt\/product\/vibration-cleaner\/","title":{"rendered":"Limpador de vibra\u00e7\u00e3o"},"content":{"rendered":"<p class=\"translation-block\"><strong>Vibration cleaner<\/strong> est\u00e1 a limpar as grandes, pequenas e leves <a href=\"https:\/\/en.wikipedia.org\/wiki\/Impurity\" target=\"_blank\" rel=\"noreferrer noopener\">impurezas<\/a> provenientes dos gr\u00e3os. Especialmente, na planta de moagem de arroz de grande capacidade, a m\u00e1quina de limpeza vibrat\u00f3ria de arroz cru \u00e9 a etapa inicial e necess\u00e1ria. \u00c9 adequada n\u00e3o apenas para arroz de casca, mas tamb\u00e9m para trigo, amendoins, gergelim, soja, etc. Al\u00e9m disso, est\u00e1 equipada com dois motores de vibra\u00e7\u00e3o. \u00c0s vezes, \u00e9 usada para classificar produtos semiacabados ou acabados. Em suma, a m\u00e1quina de peneirar vibrat\u00f3ria \u00e9 necess\u00e1ria para a planta completa de moagem de arroz. Se tiver d\u00favidas, contacte-nos para mais detalhes!<\/p>    <h2 class=\"wp-block-heading\" id=\"structure-of-paddy-vibration-cleaner\"><strong>Estrutura do limpador vibrat\u00f3rio Paddy<\/strong><\/h2>    <p>Nossa m\u00e1quina inclui entrada, sa\u00edda respectivamente para impurezas e arroz em casca, motor de vibra\u00e7\u00e3o.<\/p>   <div class=\"wp-block-image\"> <figure class=\"aligncenter size-full\"><img loading=\"lazy\" decoding=\"async\" width=\"720\" height=\"540\" src=\"https:\/\/taizyagromachine.com\/wp-content\/uploads\/2022\/01\/structure-of-vibration-cleaner.jpg\" alt=\"estrutura do limpador vibrat\u00f3rio\" class=\"wp-image-1869\"\/><figcaption>estrutura do limpador vibrat\u00f3rio<\/figcaption><\/figure> <\/div>   <h2 class=\"wp-block-heading\" id=\"advantages-of-vibrating-sieve-cleaner\"><strong>Vantagens do limpador de peneira vibrat\u00f3ria<\/strong><strong><\/strong><\/h2>    <ul class=\"wp-block-list\" type=\"1\"><li>Estrutura razo\u00e1vel, super qualidade, desempenho est\u00e1vel.<\/li><li>Alta efici\u00eancia de limpeza e baixo consumo de energia.<\/li><li>M\u00e1quinas pequenas, ocupando pouco espa\u00e7o.<\/li><li>Marca bem conhecida nos mercados internacionais.<\/li><li>Costumiza\u00e7\u00e3o. Voc\u00ea pode combinar as peneiras correspondentes \u00e0 base de arroz em casca.<\/li><\/ul>    <h2 class=\"wp-block-heading\" id=\"working-principle\"><strong>Princ\u00edpio de trabalho<\/strong><strong><\/strong><\/h2>    <p class=\"translation-block\">O limpador de vibra\u00e7\u00e3o realiza o seu trabalho de acordo com o tamanho do orif\u00edcio da peneira. Por exemplo, na moderna <a href=\"https:\/\/taizyagromachine.com\/pt\/product\/solutions\/\" target=\"_blank\" rel=\"noreferrer noopener\">linha de produ\u00e7\u00e3o de moagem de arroz \u00e0 venda<\/a>, a m\u00e1quina de limpeza por vibra\u00e7\u00e3o utiliza uma peneira de duas camadas. Em termos gerais, possui tr\u00eas sa\u00eddas. Uma \u00e9 para as grandes impurezas, outra para as impurezas pequenas e leves, e a outra para o arroz. \u00c9 f\u00e1cil de entender. Se tiver d\u00favidas, por favor contacte-nos para mais informa\u00e7\u00f5es!<\/p>    <figure class=\"wp-block-embed is-type-video is-provider-youtube wp-block-embed-youtube wp-embed-aspect-16-9 wp-has-aspect-ratio\"><div class=\"wp-block-embed__wrapper\"> <iframe loading=\"lazy\" title=\"O limpador vibrat\u00f3rio funciona para limpar as impurezas do arroz em casca na planta de moagem de arroz.\" width=\"500\" height=\"281\" src=\"https:\/\/www.youtube.com\/embed\/L9lQfmDcAsw?feature=oembed\" frameborder=\"0\" allow=\"accelerometer; autoplay; clipboard-write; encrypted-media; gyroscope; picture-in-picture; web-share\" referrerpolicy=\"strict-origin-when-cross-origin\" allowfullscreen><\/iframe> <\/div><\/figure>","protected":false},"excerpt":{"rendered":"<p>Vibration cleaner\u00a0is cleaning the large, small, and light impurities from grains. Especially, in the large capacity complete rice mill plant, the paddy vibrating cleaner machine is the initial and necessary step. It\u2019s suitable for not only paddy rice but also wheat, peanuts, sesame, soybeans, etc. Besides, it is equipped with two vibration motors. Sometimes, it [&hellip;]<\/p>\n","protected":false},"author":1,"featured_media":1867,"parent":0,"template":"","tags":[],"product-type":[18],"class_list":["post-1535","product","type-product","status-publish","has-post-thumbnail","hentry","product-type-rice-mill"],"_links":{"self":[{"href":"https:\/\/taizyagromachine.com\/pt\/wp-json\/wp\/v2\/product\/1535","targetHints":{"allow":["GET"]}}],"collection":[{"href":"https:\/\/taizyagromachine.com\/pt\/wp-json\/wp\/v2\/product"}],"about":[{"href":"https:\/\/taizyagromachine.com\/pt\/wp-json\/wp\/v2\/types\/product"}],"author":[{"embeddable":true,"href":"https:\/\/taizyagromachine.com\/pt\/wp-json\/wp\/v2\/users\/1"}],"wp:featuredmedia":[{"embeddable":true,"href":"https:\/\/taizyagromachine.com\/pt\/wp-json\/wp\/v2\/media\/1867"}],"wp:attachment":[{"href":"https:\/\/taizyagromachine.com\/pt\/wp-json\/wp\/v2\/media?parent=1535"}],"wp:term":[{"taxonomy":"post_tag","embeddable":true,"href":"https:\/\/taizyagromachine.com\/pt\/wp-json\/wp\/v2\/tags?post=1535"},{"taxonomy":"product-type","embeddable":true,"href":"https:\/\/taizyagromachine.com\/pt\/wp-json\/wp\/v2\/product-type?post=1535"}],"curies":[{"name":"wp","href":"https:\/\/api.w.org\/{rel}","templated":true}]}}