{"id":1560,"date":"2021-12-15T08:25:49","date_gmt":"2021-12-15T08:25:49","guid":{"rendered":"https:\/\/taizyagromachine.com\/?p=1560"},"modified":"2025-01-02T13:54:13","modified_gmt":"2025-01-02T05:54:13","slug":"rice-grader","status":"publish","type":"product","link":"https:\/\/taizyagromachine.com\/pt\/product\/rice-grader\/","title":{"rendered":"Classificador de arroz"},"content":{"rendered":"<p class=\"translation-block\">O <strong>Classificador de Arroz<\/strong> est\u00e1 a separar o arroz branco inteiro e o arroz branco partido de acordo com o tamanho. Pertence ao classificador de arroz branco da s\u00e9rie MMJP, um papel importante na f\u00e1brica de processamento de arroz. Frequentemente, \u00e9 utilizado na <a href=\"https:\/\/taizyagromachine.com\/pt\/product\/solutions\/\" target=\"_blank\" rel=\"noreferrer noopener\">linha de produ\u00e7\u00e3o de f\u00e1brica de beneficiamento de arroz totalmente autom\u00e1tica<\/a>. Geralmente, existem di\u00e2metros nas suas apar\u00eancias. Al\u00e9m disso, h\u00e1 a borracha na tela. Isso ocorre porque a bola serve para a limpeza do entupimento da peneira. Em diferentes f\u00e1bricas de beneficiamento de arroz, pode aplicar diferentes classificadores de arroz de capacidade. Al\u00e9m disso, o classificador de arroz e o selecionador de cores podem alterar a sequ\u00eancia. Bem-vindo a contactar-nos para mais detalhes!<\/p>    <h2 class=\"wp-block-heading\" id=\"advantages-of-rice-grading-machine\"><strong>Vantagens do classificador de arroz<\/strong><\/h2>    <ul class=\"wp-block-list\" type=\"1\"><li>Estrutura razo\u00e1vel, funcionamento est\u00e1vel, super qualidade.<\/li><li>Alta efici\u00eancia de trabalho e baixo consumo de energia.<\/li><li>N\u00e3o \u00e9 facilmente obstru\u00eddo por telas, devido ao equipamento de limpeza autom\u00e1tica.<\/li><li>Longa vida \u00fatil, f\u00e1cil de operar e manter.<\/li><li>Peneira de m\u00faltiplas camadas dispon\u00edvel, aplic\u00e1vel a diferentes capacidades de classifica\u00e7\u00e3o de arroz.<\/li><li>Pequeno ru\u00eddo, forte adaptabilidade, alto rendimento.<\/li><\/ul>    <figure class=\"wp-block-gallery has-nested-images columns-default is-cropped wp-block-gallery-2 is-layout-flex wp-block-gallery-is-layout-flex\"> <figure class=\"wp-block-image size-large\"><img loading=\"lazy\" decoding=\"async\" width=\"720\" height=\"540\" data-id=\"1890\" src=\"https:\/\/taizyagromachine.com\/wp-content\/uploads\/2022\/02\/screen-rice-grader.jpg\" alt=\"tela\" class=\"wp-image-1890\"\/><figcaption>tela<\/figcaption><\/figure>    <figure class=\"wp-block-image size-large\"><img loading=\"lazy\" decoding=\"async\" width=\"720\" height=\"540\" data-id=\"1891\" src=\"https:\/\/taizyagromachine.com\/wp-content\/uploads\/2022\/02\/separating-rice.jpg\" alt=\"classificando arroz\" class=\"wp-image-1891\"\/><figcaption>classificando arroz<\/figcaption><\/figure> <\/figure>    <h2 class=\"wp-block-heading\" id=\"rice-grader-machine-price\"><strong>R<\/strong><strong>gelo <\/strong><strong>G<\/strong><strong>Rader <\/strong><strong>M<\/strong><strong>dor <\/strong><strong>P<\/strong><strong>arroz<\/strong><strong><\/strong><\/h2>    <p class=\"translation-block\">Como <a href=\"https:\/\/taizyagromachine.com\/pt\/\" target=\"_blank\" rel=\"noreferrer noopener\">um fabricante e fornecedor profissional de m\u00e1quinas de beneficiamento de arroz<\/a>, temos v\u00e1rias f\u00e1bricas de beneficiamento de arroz. A f\u00e1brica completa de beneficiamento de arroz necessita de um classificador de arroz correspondente. No entanto, diferentes sa\u00eddas necessitam de um separador de arroz correspondente. O pre\u00e7o da m\u00e1quina classificadora de arroz varia. Assim, pode dizer-nos os seus requisitos e n\u00f3s recomendaremos o adequado e enviaremos o melhor pre\u00e7o o mais r\u00e1pido poss\u00edvel!<\/p>   <div class=\"wp-block-image\"> <figure class=\"aligncenter size-full\"><img loading=\"lazy\" decoding=\"async\" width=\"720\" height=\"540\" src=\"https:\/\/taizyagromachine.com\/wp-content\/uploads\/2022\/02\/functions-in-the-complete-ric-emill-plant.jpg\" alt=\"fun\u00e7\u00f5es na f\u00e1brica completa de moinho de arroz\" class=\"wp-image-1893\"\/><figcaption>fun\u00e7\u00f5es na f\u00e1brica completa de moinho de arroz<\/figcaption><\/figure> <\/div>","protected":false},"excerpt":{"rendered":"<p>Rice grader\u00a0is separating the whole white rice and broken white rice according to size. It belongs to MMJP series white rice grader, an important role in the rice processing plant. Often, it is used in the fully automatic rice mill plant production line. Generally speaking, there are diameters in their appearances. Besides, there is the [&hellip;]<\/p>\n","protected":false},"author":1,"featured_media":1889,"parent":0,"template":"","tags":[],"product-type":[18],"class_list":["post-1560","product","type-product","status-publish","has-post-thumbnail","hentry","product-type-rice-mill"],"_links":{"self":[{"href":"https:\/\/taizyagromachine.com\/pt\/wp-json\/wp\/v2\/product\/1560","targetHints":{"allow":["GET"]}}],"collection":[{"href":"https:\/\/taizyagromachine.com\/pt\/wp-json\/wp\/v2\/product"}],"about":[{"href":"https:\/\/taizyagromachine.com\/pt\/wp-json\/wp\/v2\/types\/product"}],"author":[{"embeddable":true,"href":"https:\/\/taizyagromachine.com\/pt\/wp-json\/wp\/v2\/users\/1"}],"wp:featuredmedia":[{"embeddable":true,"href":"https:\/\/taizyagromachine.com\/pt\/wp-json\/wp\/v2\/media\/1889"}],"wp:attachment":[{"href":"https:\/\/taizyagromachine.com\/pt\/wp-json\/wp\/v2\/media?parent=1560"}],"wp:term":[{"taxonomy":"post_tag","embeddable":true,"href":"https:\/\/taizyagromachine.com\/pt\/wp-json\/wp\/v2\/tags?post=1560"},{"taxonomy":"product-type","embeddable":true,"href":"https:\/\/taizyagromachine.com\/pt\/wp-json\/wp\/v2\/product-type?post=1560"}],"curies":[{"name":"wp","href":"https:\/\/api.w.org\/{rel}","templated":true}]}}