{"id":1601,"date":"2021-12-18T01:14:32","date_gmt":"2021-12-18T01:14:32","guid":{"rendered":"https:\/\/taizyagromachine.com\/?p=1601"},"modified":"2025-01-02T13:52:00","modified_gmt":"2025-01-02T05:52:00","slug":"emery-roller-rice-mill-machine","status":"publish","type":"product","link":"https:\/\/taizyagromachine.com\/pt\/product\/emery-roller-rice-mill-machine\/","title":{"rendered":"M\u00e1quina de moinho de arroz com rolo de esmeril"},"content":{"rendered":"<p class=\"translation-block\">O<strong>Emery roller rice mill machine<\/strong>\u00e9 o equipamento ideal para processar arroz integral em arroz branco. Geralmente, este equipamento de brunimento de arroz com rolo de esmeril \u00e9 chamado de s\u00e9rie MNMS. Esta m\u00e1quina de brunimento de arroz tem amplas aplica\u00e7\u00f5es na f\u00e1brica de brunimento de arroz e<a href=\"https:\/\/taizyagromachine.com\/pt\/product\/solutions\/\" target=\"_blank\" rel=\"noreferrer noopener\">linha de produ\u00e7\u00e3o de brunimento de arroz<\/a>. Al\u00e9m disso, tem as vantagens de estrutura simples, opera\u00e7\u00e3o f\u00e1cil e manuten\u00e7\u00e3o conveniente. Mais importante ainda, \u00e9 mais adequado para arroz de formato longo. Entre em contato conosco para mais detalhes!<\/p>   <div class=\"wp-block-image\"> <figure class=\"aligncenter size-full\"><img loading=\"lazy\" decoding=\"async\" width=\"720\" height=\"540\" src=\"https:\/\/taizyagromachine.com\/wp-content\/uploads\/2022\/02\/emery-roller-rice-mill-machine.jpg\" alt=\"M\u00e1quina de moinho de arroz com rolo de esmeril\" class=\"wp-image-1903\"\/><figcaption>M\u00e1quina de moinho de arroz com rolo de esmeril<\/figcaption><\/figure> <\/div>   <h2 class=\"wp-block-heading\" id=\"structure-of-rice-milling-machine-for-sale\"><strong>Estrutura da fresadora de arroz para venda<\/strong><\/h2>   <div class=\"wp-block-image\"> <figure class=\"aligncenter size-full\"><img loading=\"lazy\" decoding=\"async\" width=\"720\" height=\"540\" src=\"https:\/\/taizyagromachine.com\/wp-content\/uploads\/2022\/02\/machine-structure-emery-roll-rice-mill-machine.jpg\" alt=\"estrutura da m\u00e1quina\" class=\"wp-image-1905\"\/><figcaption>estrutura da m\u00e1quina<\/figcaption><\/figure> <\/div>   <h2 class=\"wp-block-heading\" id=\"features\"><strong>Caracter\u00edsticas da m\u00e1quina de moinho de arroz com rolo de esmeril<\/strong><\/h2>    <ul class=\"wp-block-list\" type=\"1\"><li>Estrutura razo\u00e1vel, boa qualidade, desempenho est\u00e1vel.<\/li><li>Alto volume de produ\u00e7\u00e3o, menos arroz quebrado.<\/li><li>F\u00e1cil de controlar e ajustar para arroz de alta qualidade e precis\u00e3o.<\/li><li>Tecnologia refinada e ampla praticidade.<\/li><li>V\u00e1rios modelos para atender \u00e0s suas necessidades.<\/li><\/ul>    <h2 class=\"wp-block-heading\" id=\"machine-details\"><strong>Detalhes da m\u00e1quina<\/strong><strong><\/strong><\/h2>    <h3 class=\"wp-block-heading\" id=\"emery-roller\">Rolo de esmeril<\/h3>    <p>Este rolo de esmeril \u00e9 usado na m\u00e1quina de moagem de arroz para moer o arroz integral. Tem as vantagens de baixo consumo de energia, alto rendimento de arroz e alta efici\u00eancia de produ\u00e7\u00e3o.<\/p>   <div class=\"wp-block-image\"> <figure class=\"aligncenter size-full\"><img loading=\"lazy\" decoding=\"async\" width=\"720\" height=\"450\" src=\"https:\/\/taizyagromachine.com\/wp-content\/uploads\/2022\/02\/emery-roller.jpg\" alt=\"rolo de esmeril\" class=\"wp-image-1908\"\/><figcaption>rolo de esmeril<\/figcaption><\/figure> <\/div>   <h3 class=\"wp-block-heading\" id=\"feed-hopper\">Tremonha de alimenta\u00e7\u00e3o<\/h3>    <p>Possui janela visual, conveniente para observar a velocidade do arroz integral. Al\u00e9m disso, possui um painel. No painel voc\u00ea pode observar com precis\u00e3o a press\u00e3o de alimenta\u00e7\u00e3o.<\/p>    <h3 class=\"wp-block-heading\" id=\"blower\">Ventilador<\/h3>    <p>O soprador adota o material de alum\u00ednio, possuindo melhor extens\u00e3o. Portanto, tem bom desempenho mec\u00e2nico.<\/p>   <div class=\"wp-block-image\"> <figure class=\"aligncenter size-full\"><img loading=\"lazy\" decoding=\"async\" width=\"720\" height=\"450\" src=\"https:\/\/taizyagromachine.com\/wp-content\/uploads\/2022\/02\/air-cleaner.jpg\" alt=\"ventilador\" class=\"wp-image-1907\"\/><figcaption>ventilador<\/figcaption><\/figure> <\/div>   <h3 class=\"wp-block-heading\" id=\"outlet\">Tomada<\/h3>    <p class=\"translation-block\">Pela sa\u00edda, podemos observar se h\u00e1 algum problema com a qualidade do arroz, e \u00e9 claro para a separa\u00e7\u00e3o do<a href=\"https:\/\/en.wikipedia.org\/wiki\/Bran\" target=\"_blank\" rel=\"noreferrer noopener\">farelo<\/a>de arroz.<\/p>    <h2 class=\"wp-block-heading\" id=\"functions-in-complete-rice-mill-plant\"><strong>Fun\u00e7\u00f5es na planta completa de moinho de arroz<\/strong><strong><\/strong><\/h2>    <p>A fresadora de arroz com rolo de esmeril desempenha um papel muito importante na unidade integrada de moagem de arroz. Como \u00e9 do conhecimento de todos, a fresadora de arroz \u00e9 uma etapa essencial do processo. Funciona principalmente para transformar o arroz integral em arroz branco. E a capacidade varia de acordo com as diferentes linhas de produ\u00e7\u00e3o do moinho de arroz. Ent\u00e3o, o pre\u00e7o da f\u00e1brica de arroz \u00e9 diferente. Se voc\u00ea n\u00e3o tem ideia sobre a fresadora de arroz, entre em contato conosco para obter suporte!<\/p>   <div class=\"wp-block-image\"> <figure class=\"aligncenter size-full\"><img loading=\"lazy\" decoding=\"async\" width=\"720\" height=\"540\" src=\"https:\/\/taizyagromachine.com\/wp-content\/uploads\/2022\/02\/functions-in-the-complete-ric-emill-plant.jpg\" alt=\"fun\u00e7\u00f5es na f\u00e1brica completa de moinho de arroz\" class=\"wp-image-1893\"\/><figcaption>fun\u00e7\u00f5es na f\u00e1brica completa de moinho de arroz<\/figcaption><\/figure> <\/div>","protected":false},"excerpt":{"rendered":"<p>Emery roller rice mill machine&nbsp;is the ideal equipment for processing brown rice into white rice. Generally, this emery roller rice milling equipment is called as MNMS series. This rice milling machine has wide applications in the rice milling plant and rice mill production line. Besides, it has the advantages of simple structure, easy operation, and [&hellip;]<\/p>\n","protected":false},"author":1,"featured_media":1903,"parent":0,"template":"","tags":[],"product-type":[18],"class_list":["post-1601","product","type-product","status-publish","has-post-thumbnail","hentry","product-type-rice-mill"],"_links":{"self":[{"href":"https:\/\/taizyagromachine.com\/pt\/wp-json\/wp\/v2\/product\/1601","targetHints":{"allow":["GET"]}}],"collection":[{"href":"https:\/\/taizyagromachine.com\/pt\/wp-json\/wp\/v2\/product"}],"about":[{"href":"https:\/\/taizyagromachine.com\/pt\/wp-json\/wp\/v2\/types\/product"}],"author":[{"embeddable":true,"href":"https:\/\/taizyagromachine.com\/pt\/wp-json\/wp\/v2\/users\/1"}],"wp:featuredmedia":[{"embeddable":true,"href":"https:\/\/taizyagromachine.com\/pt\/wp-json\/wp\/v2\/media\/1903"}],"wp:attachment":[{"href":"https:\/\/taizyagromachine.com\/pt\/wp-json\/wp\/v2\/media?parent=1601"}],"wp:term":[{"taxonomy":"post_tag","embeddable":true,"href":"https:\/\/taizyagromachine.com\/pt\/wp-json\/wp\/v2\/tags?post=1601"},{"taxonomy":"product-type","embeddable":true,"href":"https:\/\/taizyagromachine.com\/pt\/wp-json\/wp\/v2\/product-type?post=1601"}],"curies":[{"name":"wp","href":"https:\/\/api.w.org\/{rel}","templated":true}]}}