{"id":1622,"date":"2021-12-18T01:14:22","date_gmt":"2021-12-18T01:14:22","guid":{"rendered":"https:\/\/taizyagromachine.com\/?p=1622"},"modified":"2025-01-02T13:52:32","modified_gmt":"2025-01-02T05:52:32","slug":"gravity-paddy-separator","status":"publish","type":"product","link":"https:\/\/taizyagromachine.com\/pt\/product\/gravity-paddy-separator\/","title":{"rendered":"Separador de arroz por gravidade"},"content":{"rendered":"<p class=\"translation-block\">O <strong>separador de arroz por gravidade<\/strong> serve para separar o arroz integral do arroz em casca de acordo com a gravidade. Geralmente, chamamos-lhe s\u00e9rie MGCZ. Na f\u00e1brica de processamento de arroz, n\u00e3o s\u00f3 melhora muito a produ\u00e7\u00e3o de arroz inteiro, como tamb\u00e9m promove enormemente o benef\u00edcio econ\u00f3mico. Existem v\u00e1rios modelos de separadores de arroz por gravidade \u00e0 venda. Para a f\u00e1brica de moagem de arroz de grande capacidade, este separador por gravidade \u00e9 colocado individualmente. Comparado com a f\u00e1brica de moagem de arroz de grande porte, para a configura\u00e7\u00e3o padr\u00e3o e de pequena capacidade, o separador por gravidade est\u00e1 sempre localizado na parte superior da m\u00e1quina de moagem de arroz. Bem-vindo a contactar-nos para mais detalhes!<\/p>    <h2 class=\"wp-block-heading\" id=\"gravity-separator-design\"><strong>Projeto do Separador de Gravidade<\/strong><\/h2>    <p>Este separador de arroz por gravidade tem um design \u00fanico e simples. O motor de cobre fornece a energia para sustentar o funcionamento desta m\u00e1quina, e a peneira determina a separa\u00e7\u00e3o do arroz em casca e do arroz integral. Eles se complementam e s\u00e3o indispens\u00e1veis.<\/p>    <figure class=\"wp-block-gallery has-nested-images columns-default is-cropped wp-block-gallery-2 is-layout-flex wp-block-gallery-is-layout-flex\"> <figure class=\"wp-block-image size-large\"><img loading=\"lazy\" decoding=\"async\" width=\"720\" height=\"540\" data-id=\"1897\" src=\"https:\/\/taizyagromachine.com\/wp-content\/uploads\/2022\/02\/copper-motor-gravity-separator.jpg\" alt=\"motor de cobre\" class=\"wp-image-1897\"\/><figcaption>motor de cobre<\/figcaption><\/figure>    <figure class=\"wp-block-image size-large\"><img loading=\"lazy\" decoding=\"async\" width=\"720\" height=\"540\" data-id=\"1898\" src=\"https:\/\/taizyagromachine.com\/wp-content\/uploads\/2022\/02\/sieve-plate.jpg\" alt=\"placa de peneira\" class=\"wp-image-1898\"\/><figcaption>placa de peneira<\/figcaption><\/figure> <\/figure>    <h2 class=\"wp-block-heading\" id=\"features\"><strong>Caracter\u00edsticas<\/strong><strong><\/strong><\/h2>    <ul class=\"wp-block-list\" type=\"1\"><li>Opera\u00e7\u00e3o f\u00e1cil, constru\u00e7\u00e3o compacta e desempenho est\u00e1vel.<\/li><li>Amplas aplica\u00e7\u00f5es. Porque esta m\u00e1quina pode ser aplicada tanto a arroz integral de gr\u00e3o longo quanto de gr\u00e3o redondo.<\/li><li>O design de equil\u00edbrio exclusivo proporciona excelente desempenho do mecanismo.<\/li><li>Baricentro mec\u00e2nico baixo, propriedade de processamento rotativa e est\u00e1vel razo\u00e1vel.<\/li><li>V\u00e1rios modelos atendem aos diferentes requisitos dos clientes.<\/li><\/ul>    <h2 class=\"wp-block-heading\" id=\"gravity-separator-working-principle\"><strong>Princ\u00edpio de funcionamento do separador de gravidade<\/strong><strong><\/strong><\/h2>    <p class=\"translation-block\">Na f\u00e1brica integrada totalmente autom\u00e1tica de moagem de arroz, o separador de arroz por gravidade \u00e9 essencial. Devido \u00e0 diferente <a href=\"https:\/\/en.wikipedia.org\/wiki\/Gravity\" target=\"_blank\" rel=\"noreferrer noopener\">gravidade<\/a> e coeficientes de atrito, o arroz em casca e o arroz integral separam-se com o movimento rec\u00edproco das peneiras.<\/p>    <h2 class=\"wp-block-heading\" id=\"conclusion\"><strong>Conclus\u00e3o<\/strong><strong><\/strong><\/h2>    <p class=\"translation-block\">Na Taizy Company, o separador de arroz por gravidade \u00e9 sempre colocado em conjunto com a <a href=\"https:\/\/taizyagromachine.com\/pt\/product\/solutions\/\" target=\"_blank\" rel=\"noreferrer noopener\">linha de produ\u00e7\u00e3o de moagem de arroz<\/a>. Diferentes linhas de moagem de arroz completas devem corresponder ao separador de arroz por gravidade correspondente. Assim, o pre\u00e7o do separador de arroz por gravidade varia juntamente com as diferentes capacidades das f\u00e1bricas de moagem de arroz. Al\u00e9m disso, tal como o classificador de arroz, o <a href=\"https:\/\/taizyagromachine.com\/pt\/product\/vibration-cleaner\/\" target=\"_blank\" rel=\"noreferrer noopener\">limpador vibrat\u00f3rio<\/a>, etc. Como configurar uma f\u00e1brica de moagem de arroz adequada para o seu neg\u00f3cio? Pode dizer-nos as suas necessidades detalhadas e, em seguida, o nosso gestor de vendas profissional fornecer\u00e1 as solu\u00e7\u00f5es adequadas para o satisfazer.<\/p>   <div class=\"wp-block-image\"> <figure class=\"aligncenter size-full\"><img loading=\"lazy\" decoding=\"async\" width=\"720\" height=\"540\" src=\"https:\/\/taizyagromachine.com\/wp-content\/uploads\/2022\/02\/functions-in-the-complete-ric-emill-plant.jpg\" alt=\"fun\u00e7\u00f5es na f\u00e1brica completa de moinho de arroz\" class=\"wp-image-1893\"\/><figcaption>fun\u00e7\u00f5es na f\u00e1brica completa de moinho de arroz<\/figcaption><\/figure> <\/div>","protected":false},"excerpt":{"rendered":"<p>Gravity paddy separator&nbsp;is to divide brown rice from the paddy rice according to gravity.&nbsp;Generally, we call it MGCZ series. In the rice processing plant, it not only improves whole rice output greatly, also promotes economic benefit enormously. There are various models of gravity paddy rice separator for sale. For the large capacity rice mill plant, [&hellip;]<\/p>\n","protected":false},"author":1,"featured_media":1896,"parent":0,"template":"","tags":[],"product-type":[18],"class_list":["post-1622","product","type-product","status-publish","has-post-thumbnail","hentry","product-type-rice-mill"],"_links":{"self":[{"href":"https:\/\/taizyagromachine.com\/pt\/wp-json\/wp\/v2\/product\/1622","targetHints":{"allow":["GET"]}}],"collection":[{"href":"https:\/\/taizyagromachine.com\/pt\/wp-json\/wp\/v2\/product"}],"about":[{"href":"https:\/\/taizyagromachine.com\/pt\/wp-json\/wp\/v2\/types\/product"}],"author":[{"embeddable":true,"href":"https:\/\/taizyagromachine.com\/pt\/wp-json\/wp\/v2\/users\/1"}],"wp:featuredmedia":[{"embeddable":true,"href":"https:\/\/taizyagromachine.com\/pt\/wp-json\/wp\/v2\/media\/1896"}],"wp:attachment":[{"href":"https:\/\/taizyagromachine.com\/pt\/wp-json\/wp\/v2\/media?parent=1622"}],"wp:term":[{"taxonomy":"post_tag","embeddable":true,"href":"https:\/\/taizyagromachine.com\/pt\/wp-json\/wp\/v2\/tags?post=1622"},{"taxonomy":"product-type","embeddable":true,"href":"https:\/\/taizyagromachine.com\/pt\/wp-json\/wp\/v2\/product-type?post=1622"}],"curies":[{"name":"wp","href":"https:\/\/api.w.org\/{rel}","templated":true}]}}