{"id":1646,"date":"2022-01-20T08:04:29","date_gmt":"2022-01-20T08:04:29","guid":{"rendered":"https:\/\/taizyagromachine.com\/"},"modified":"2025-01-02T13:54:01","modified_gmt":"2025-01-02T05:54:01","slug":"paddy-wheat-thresher-for-sorghum-rice-beans-rapeseed","status":"publish","type":"product","link":"https:\/\/taizyagromachine.com\/pt\/product\/paddy-wheat-thresher-for-sorghum-rice-beans-rapeseed\/","title":{"rendered":"Debulhador de trigo em casca para sorgo, arroz, feij\u00e3o, colza"},"content":{"rendered":"<p class=\"translation-block\">A <strong>debulhadora de arroz e trigo<\/strong> serve principalmente para debulhar arroz e trigo. \u00c9 tamb\u00e9m adequada para <a href=\"https:\/\/en.wikipedia.org\/wiki\/Sorghum\" target=\"_blank\" rel=\"noreferrer noopener\">sorgo<\/a> e feij\u00e3o. Mais uma coisa a ter em aten\u00e7\u00e3o \u00e9 que devemos personalizar a m\u00e1quina para debulhar feij\u00e3o. Isto deve-se \u00e0s diferentes velocidades do fuso. Al\u00e9m disso, esta debulhadora de arroz pertence \u00e0 s\u00e9rie 5TD. O modelo apresentado hoje \u00e9 o 5TD-125. Este tipo de debulhadora de trigo adota dupla limpeza de ar para remover as impurezas. Devido \u00e0 maior capacidade, podemos equipar o motor el\u00e9trico ou motor a diesel como sistema de energia. Bem-vindo a contactar-nos para mais informa\u00e7\u00f5es! Responderemos muito em breve!<\/p>    <h2 class=\"wp-block-heading\" id=\"h-characteristics-of-paddy-wheat-thresher\"><strong>Caracter\u00edsticas do debulhador de trigo em casca<\/strong><\/h2>    <ul class=\"wp-block-list\" type=\"1\"><li>Estrutura razo\u00e1vel, alta taxa de debulha, baixa taxa de perdas.<\/li><li>Filtros de ar duplos. \u00c9 melhor remover as impurezas para deixar o arroz em casca e o trigo mais limpos.<\/li><li>Configura\u00e7\u00e3o baseada nas demandas dos clientes. Como <a href=\"https:\/\/taizyagromachine.com\/pt\/\" target=\"_blank\" rel=\"noreferrer noopener\">uma empresa experiente e profissional<\/a>, nossa debulhadora de trigo pode colocar as rodas, estrutura, tomada de for\u00e7a, etc. Claro, o pre\u00e7o da debulhadora de arroz \u00e9 diferente.<\/li><li>Personalize a debulhadora de arroz se as culturas forem feij\u00e3o. Devido \u00e0s diferentes velocidades, o debulhador de arroz e trigo pode ser personalizado.<\/li><li>Mudando a peneira para descascar o trigo correspondente, arroz.<\/li><\/ul>    <h2 class=\"wp-block-heading\" id=\"h-paddy-wheat-thresher-structure\"><strong>Estrutura do Debulhador de Trigo Arrozal<\/strong><strong><\/strong><\/h2>    <p>Comparado com o debulhador de trigo pequeno, este tipo possui grande capacidade. Consiste na entrada de alimenta\u00e7\u00e3o, sa\u00edda de impurezas, malha de tela, ventiladores, suporte. Resumindo, \u00e9 f\u00e1cil de entender e operar.<\/p>    <figure class=\"wp-block-gallery aligncenter has-nested-images columns-default is-cropped wp-block-gallery-2 is-layout-flex wp-block-gallery-is-layout-flex\"> <figure class=\"wp-block-image size-large\"><img loading=\"lazy\" decoding=\"async\" width=\"720\" height=\"540\" data-id=\"1648\" src=\"https:\/\/taizyagromachine.com\/wp-content\/uploads\/2022\/01\/structure-125.jpg\" alt=\"estrutura da debulhadora de trigo em casca\" class=\"wp-image-1648\"\/><figcaption>estrutura<\/figcaption><\/figure>    <figure class=\"wp-block-image size-large\"><img loading=\"lazy\" decoding=\"async\" width=\"720\" height=\"540\" data-id=\"1649\" src=\"https:\/\/taizyagromachine.com\/wp-content\/uploads\/2022\/01\/structure-side-125.jpg\" alt=\"estrutura com tomada de for\u00e7a\" class=\"wp-image-1649\"\/><figcaption>estrutura com tomada de for\u00e7a<\/figcaption><\/figure> <\/figure>    <h2 class=\"wp-block-heading\" id=\"h-applications-of-rice-thresher\"><strong>Aplica\u00e7\u00f5es do Debulhador de Arroz<\/strong><\/h2>    <p>De modo geral, a debulhadora de arroz em casca \u00e9 adequada para arroz, trigo, sorgo, feij\u00e3o, colza, etc. Exceto feij\u00e3o, para outros, basta substituir a peneira e depois debulhar as culturas.<\/p>    <figure class=\"wp-block-gallery aligncenter has-nested-images columns-default is-cropped wp-block-gallery-3 is-layout-flex wp-block-gallery-is-layout-flex\"> <figure class=\"wp-block-image size-large\"><img loading=\"lazy\" decoding=\"async\" width=\"720\" height=\"300\" data-id=\"1650\" src=\"https:\/\/taizyagromachine.com\/wp-content\/uploads\/2022\/01\/applications-125.jpg\" alt=\"trigo aplic\u00e1vel, arroz\" class=\"wp-image-1650\"\/><figcaption>trigo aplic\u00e1vel, arroz<\/figcaption><\/figure> <\/figure>    <figure class=\"wp-block-gallery aligncenter has-nested-images columns-default is-cropped wp-block-gallery-4 is-layout-flex wp-block-gallery-is-layout-flex\"> <figure class=\"wp-block-image size-large\"><img loading=\"lazy\" decoding=\"async\" width=\"720\" height=\"300\" data-id=\"1651\" src=\"https:\/\/taizyagromachine.com\/wp-content\/uploads\/2022\/01\/applications-beans-125.jpg\" alt=\"feij\u00f5es aplic\u00e1veis\" class=\"wp-image-1651\"\/><figcaption>feij\u00f5es aplic\u00e1veis<\/figcaption><\/figure>    <figure class=\"wp-block-image size-large\"><img loading=\"lazy\" decoding=\"async\" width=\"720\" height=\"300\" data-id=\"1653\" src=\"https:\/\/taizyagromachine.com\/wp-content\/uploads\/2022\/01\/applications-rapeseed-125-1.jpg\" alt=\"colza aplic\u00e1vel\" class=\"wp-image-1653\"\/><figcaption>colza aplic\u00e1vel<\/figcaption><\/figure> <\/figure>    <h2 class=\"wp-block-heading\" id=\"h-successful-case-5td-125-paddy-thresher-exported-to-zimbabwe\"><strong>Caso de sucesso: debulhador de arroz 5TD-125 exportado para o Zimb\u00e1bue<\/strong><strong><\/strong><\/h2>    <p>Um cliente do Zimbabu\u00e9 perguntou sobre o debulhador de trigo para as suas explora\u00e7\u00f5es de trigo. Ele precisava de uma grande capacidade de 1.200 kg por hora de acordo com a escala de sua fazenda. Ent\u00e3o, nossa gerente de vendas Lena recomendou o 5TD-125 para ele. Esta debulhadora de arroz em casca pode ser equipada com rodas grandes, suportes e tamb\u00e9m tomada de for\u00e7a para conectar ao trator. Cliente do Zimbabu\u00e9 tamb\u00e9m em compara\u00e7\u00e3o com outras empresas. Por fim, ele fez um pedido conosco, Taizy Agro Machine Company. E ele enviou de volta a foto de feedback, listada abaixo.<\/p>    <figure class=\"wp-block-gallery aligncenter has-nested-images columns-default is-cropped wp-block-gallery-5 is-layout-flex wp-block-gallery-is-layout-flex\"> <figure class=\"wp-block-image size-large\"><img loading=\"lazy\" decoding=\"async\" width=\"720\" height=\"300\" data-id=\"1654\" src=\"https:\/\/taizyagromachine.com\/wp-content\/uploads\/2022\/01\/check-scene.jpg\" alt=\"cena de verifica\u00e7\u00e3o\" class=\"wp-image-1654\"\/><figcaption>verifique a cena<\/figcaption><\/figure>    <figure class=\"wp-block-image size-large\"><img loading=\"lazy\" decoding=\"async\" width=\"720\" height=\"300\" data-id=\"1655\" src=\"https:\/\/taizyagromachine.com\/wp-content\/uploads\/2022\/01\/working-scene.jpg\" alt=\"cena de trabalho\" class=\"wp-image-1655\"\/><figcaption>cena de trabalho<\/figcaption><\/figure> <\/figure>    <figure class=\"wp-block-gallery aligncenter has-nested-images columns-default is-cropped wp-block-gallery-6 is-layout-flex wp-block-gallery-is-layout-flex\"> <figure class=\"wp-block-image size-large\"><img loading=\"lazy\" decoding=\"async\" width=\"720\" height=\"300\" data-id=\"1656\" src=\"https:\/\/taizyagromachine.com\/wp-content\/uploads\/2022\/01\/threshing-effect.jpg\" alt=\"efeito debulhador\" class=\"wp-image-1656\"\/><figcaption>efeito debulhador<\/figcaption><\/figure> <\/figure>","protected":false},"excerpt":{"rendered":"<p>Paddy wheat thresher\u00a0is mainly to thresh the paddy rice and wheat. Also, it\u2019s suitable for sorghum and beans. One more thing needing attention is that we should customize the machine of shelling beans. That\u2019s because of the different spindle speeds. What\u2019s more, this rice thresher belongs to the 5TD series. The model introduced today is [&hellip;]<\/p>\n","protected":false},"author":1,"featured_media":2144,"parent":0,"template":"","tags":[],"product-type":[20],"class_list":["post-1646","product","type-product","status-publish","has-post-thumbnail","hentry","product-type-rice-and-wheat-machine"],"_links":{"self":[{"href":"https:\/\/taizyagromachine.com\/pt\/wp-json\/wp\/v2\/product\/1646","targetHints":{"allow":["GET"]}}],"collection":[{"href":"https:\/\/taizyagromachine.com\/pt\/wp-json\/wp\/v2\/product"}],"about":[{"href":"https:\/\/taizyagromachine.com\/pt\/wp-json\/wp\/v2\/types\/product"}],"author":[{"embeddable":true,"href":"https:\/\/taizyagromachine.com\/pt\/wp-json\/wp\/v2\/users\/1"}],"wp:featuredmedia":[{"embeddable":true,"href":"https:\/\/taizyagromachine.com\/pt\/wp-json\/wp\/v2\/media\/2144"}],"wp:attachment":[{"href":"https:\/\/taizyagromachine.com\/pt\/wp-json\/wp\/v2\/media?parent=1646"}],"wp:term":[{"taxonomy":"post_tag","embeddable":true,"href":"https:\/\/taizyagromachine.com\/pt\/wp-json\/wp\/v2\/tags?post=1646"},{"taxonomy":"product-type","embeddable":true,"href":"https:\/\/taizyagromachine.com\/pt\/wp-json\/wp\/v2\/product-type?post=1646"}],"curies":[{"name":"wp","href":"https:\/\/api.w.org\/{rel}","templated":true}]}}