{"id":1671,"date":"2022-01-21T08:59:57","date_gmt":"2022-01-21T08:59:57","guid":{"rendered":"https:\/\/taizyagromachine.com\/"},"modified":"2025-01-02T13:52:52","modified_gmt":"2025-01-02T05:52:52","slug":"groundnut-sheller","status":"publish","type":"product","link":"https:\/\/taizyagromachine.com\/pt\/product\/groundnut-sheller\/","title":{"rendered":"Descascador de amendoim"},"content":{"rendered":"<p class=\"translation-block\">O <strong>descascador de amendoim<\/strong> foi especialmente concebido para separar as cascas e os gr\u00e3os de amendoim, sem danificar os gr\u00e3os. Este tipo pertence \u00e0 s\u00e9rie TBH, e o modelo apresentado hoje \u00e9 o TBH-800. Este descascador de amendoim pode usar um motor el\u00e9trico, motor a gasolina ou motor a diesel como sistema de energia. Al\u00e9m disso, esta m\u00e1quina de descascar amendoim \u00e0 venda instala dois peneiros no interior. Assim, est\u00e3o dispon\u00edveis dois ventiladores. Mais ainda, esta m\u00e1quina de remover cascas de amendoim pode realizar uma dupla debulha. Claro, \u00e9 muito pr\u00e1tica. Se tiver terrenos de amendoim, pode comprar uma m\u00e1quina de descascar amendoim para casa. Aguardamos as suas consultas!<\/p>   <div class=\"wp-block-image\"> <figure class=\"aligncenter size-full\"><img loading=\"lazy\" decoding=\"async\" width=\"720\" height=\"540\" src=\"https:\/\/taizyagromachine.com\/wp-content\/uploads\/2022\/01\/peanut-sheller.jpg\" alt=\"descascador de amendoim-descascador de amendoim\" class=\"wp-image-1672\"\/><figcaption class=\"wp-element-caption\">descascador de amendoim<\/figcaption><\/figure> <\/div>   <h2 class=\"wp-block-heading\" id=\"h-working-process-of-groundnut-sheller\"><strong>Processo de trabalho do descascador de amendoim<\/strong><\/h2>    <ol class=\"wp-block-list\" type=\"1\"> <li>Alimente o amendoim no tambor frontal atrav\u00e9s do funil de alimenta\u00e7\u00e3o.<\/li>    <li>Os amendoins ser\u00e3o descascados pela rota\u00e7\u00e3o da manga de suspens\u00e3o e pela for\u00e7a de fric\u00e7\u00e3o da placa c\u00f4ncava.<\/li>    <li>O caro\u00e7o e a casca do amendoim separados caem. Atrav\u00e9s do canal de vento, a casca do amendoim \u00e9 soprada pela for\u00e7a do vento, para a sele\u00e7\u00e3o prim\u00e1ria.<\/li>    <li>O caro\u00e7o do amendoim e o amendoim sem casca chegam juntos ao separador gravitacional, para sele\u00e7\u00e3o.<\/li>    <li>O gr\u00e3o de amendoim selecionado sair\u00e1 pela sa\u00edda do gr\u00e3o de amendoim. Enquanto o amendoim sem casca volta para a esteira e\u00f3lica, prepare-se para come\u00e7ar a descascar duas vezes.<\/li>    <li>Continue o passo 3, o descascador de amendoim finalmente consegue o descascamento completo.<\/li> <\/ol>    <h2 class=\"wp-block-heading\" id=\"h-advantages-of-peanut-sheller-for-sale\"><strong>Vantagens do descascador de amendoim para venda<\/strong><strong><\/strong><\/h2>    <ul class=\"wp-block-list\" type=\"1\"> <li>Descascamento e peneiramento autom\u00e1tico de amendoim. Conclua automaticamente o descasque do amendoim e descasque duas vezes. Separe os gr\u00e3os de amendoim estragados. &nbsp;<\/li>    <li>Estrutura compacta, opera\u00e7\u00e3o flex\u00edvel e f\u00e1cil manuten\u00e7\u00e3o.<\/li>    <li>Alta efici\u00eancia de descasque, alto desempenho, economia de trabalho.<\/li>    <li>Toda a estrutura do descascador de amendoim adota a\u00e7o de alta qualidade, dur\u00e1vel.<\/li>    <li>A taxa de bombardeio pode ser\u226595%, al\u00e9m disso, a taxa de rompimento \u00e9\u22645%.<\/li> <\/ul>   <div class=\"wp-block-image\"> <figure class=\"aligncenter size-full\"><img loading=\"lazy\" decoding=\"async\" width=\"720\" height=\"150\" src=\"https:\/\/taizyagromachine.com\/wp-content\/uploads\/2022\/01\/features-of-peanut-husk-removing-machine.jpg\" alt=\"rolo, tela e outros\" class=\"wp-image-1673\"\/><figcaption class=\"wp-element-caption\">rolo, tela e outros<\/figcaption><\/figure> <\/div>   <h2 class=\"wp-block-heading\" id=\"h-groundnut-peeling-machine-design\"><strong>Projeto de m\u00e1quina para descascar amendoim<\/strong><\/h2>    <p class=\"translation-block\">Como <a href=\"https:\/\/taizyagromachine.com\/pt\/\" target=\"_blank\" rel=\"noreferrer noopener\">um fabricante profissional de m\u00e1quinas de descascar amendoim<\/a>, n\u00f3s, a Taizy Company, somos confi\u00e1veis. A m\u00e1quina de descascar amendoim inclui um funil de alimenta\u00e7\u00e3o, uma sa\u00edda para o gr\u00e3o de amendoim e uma sa\u00edda para a casca de amendoim.<\/p>   <div class=\"wp-block-image\"> <figure class=\"aligncenter size-full\"><img loading=\"lazy\" decoding=\"async\" width=\"720\" height=\"540\" src=\"https:\/\/taizyagromachine.com\/wp-content\/uploads\/2022\/01\/structure-of-peanut-shelling-machine.jpg\" alt=\"estrutura da m\u00e1quina de descascar amendoim\" class=\"wp-image-1674\"\/><figcaption class=\"wp-element-caption\">estrutura da m\u00e1quina de descascar amendoim<\/figcaption><\/figure> <\/div>   <h2 class=\"wp-block-heading\" id=\"h-conclusion\"><strong>Conclus\u00e3o \u2013 Aplica\u00e7\u00f5es do Descascador de Amendoim<\/strong><\/h2>    <p class=\"translation-block\">O equipamento de processamento de amendoim pode processar as cascas e os gr\u00e3os de amendoim inteiros. Os gr\u00e3os de amendoim podem ser consumidos como alimento ou como mat\u00e9ria-prima para f\u00e1bricas de \u00f3leo. Al\u00e9m disso, as cascas de amendoim podem ser usadas para <a href=\"https:\/\/cornmachines.com\/pellet-mill-machine\/\" target=\"_blank\" rel=\"noreferrer noopener\">fabricar pellets de madeira<\/a> ou briquetes de carv\u00e3o para combust\u00edvel.<\/p>    <p>Em suma, a m\u00e1quina descascadora de amendoim \u00e9 totalmente adequada para opera\u00e7\u00f5es de descascamento de amendoim de:<\/p>    <p class=\"translation-block\"><em><strong>explora\u00e7\u00f5es individuais de processamento de amendoim<\/strong><\/em><\/p>    <p class=\"translation-block\"><em><strong>armaz\u00e9ns de cereais <\/strong><\/em><\/p>    <p class=\"translation-block\"><em><strong>f\u00e1bricas de processamento de \u00f3leo e ind\u00fastrias alimentares<\/strong><\/em><\/p>    <p>\u00c9 um bom equipamento para descascar amendoim para investimento em vastas \u00e1reas de produ\u00e7\u00e3o de amendoim e resid\u00eancias profissionais individuais.<\/p>   <div class=\"wp-block-image\"> <figure class=\"aligncenter size-full\"><img loading=\"lazy\" decoding=\"async\" width=\"720\" height=\"400\" src=\"https:\/\/taizyagromachine.com\/wp-content\/uploads\/2022\/01\/strength-machine-display.jpg\" alt=\"for\u00e7a da f\u00e1brica\" class=\"wp-image-1675\"\/><figcaption class=\"wp-element-caption\">for\u00e7a da f\u00e1brica<\/figcaption><\/figure> <\/div>   <h2 class=\"wp-block-heading\"><strong>V\u00eddeo de trabalho da m\u00e1quina descascadora de amendoim TBH-800<\/strong><\/h2>    <figure class=\"wp-block-embed is-type-video is-provider-youtube wp-block-embed-youtube wp-embed-aspect-16-9 wp-has-aspect-ratio\"><div class=\"wp-block-embed__wrapper\"> <iframe loading=\"lazy\" title=\"Descascador de amendoim de alta efici\u00eancia - M\u00e1quina popular para descascar amendoim no cultivo de amendoim #amendoim\" width=\"500\" height=\"281\" src=\"https:\/\/www.youtube.com\/embed\/3O-OeI0zGjE?feature=oembed\" frameborder=\"0\" allow=\"accelerometer; autoplay; clipboard-write; encrypted-media; gyroscope; picture-in-picture; web-share\" referrerpolicy=\"strict-origin-when-cross-origin\" allowfullscreen><\/iframe> <\/div><\/figure>","protected":false},"excerpt":{"rendered":"<p>Groundnut sheller&nbsp;is specially designed for separating peanut shells and kernels, without damage to kernels. This type belongs to TBH series, and today model introduced is TBH-800. This groundnut sheller can use the electric motor, gasoline engine, or diesel engine as the power system. Besides, this peanut shelling machine for sale installs two screens inside. Thus, [&hellip;]<\/p>\n","protected":false},"author":1,"featured_media":1672,"parent":0,"template":"","tags":[],"product-type":[21],"class_list":["post-1671","product","type-product","status-publish","has-post-thumbnail","hentry","product-type-peanut-machine"],"_links":{"self":[{"href":"https:\/\/taizyagromachine.com\/pt\/wp-json\/wp\/v2\/product\/1671","targetHints":{"allow":["GET"]}}],"collection":[{"href":"https:\/\/taizyagromachine.com\/pt\/wp-json\/wp\/v2\/product"}],"about":[{"href":"https:\/\/taizyagromachine.com\/pt\/wp-json\/wp\/v2\/types\/product"}],"author":[{"embeddable":true,"href":"https:\/\/taizyagromachine.com\/pt\/wp-json\/wp\/v2\/users\/1"}],"wp:featuredmedia":[{"embeddable":true,"href":"https:\/\/taizyagromachine.com\/pt\/wp-json\/wp\/v2\/media\/1672"}],"wp:attachment":[{"href":"https:\/\/taizyagromachine.com\/pt\/wp-json\/wp\/v2\/media?parent=1671"}],"wp:term":[{"taxonomy":"post_tag","embeddable":true,"href":"https:\/\/taizyagromachine.com\/pt\/wp-json\/wp\/v2\/tags?post=1671"},{"taxonomy":"product-type","embeddable":true,"href":"https:\/\/taizyagromachine.com\/pt\/wp-json\/wp\/v2\/product-type?post=1671"}],"curies":[{"name":"wp","href":"https:\/\/api.w.org\/{rel}","templated":true}]}}