{"id":1849,"date":"2022-01-25T07:19:19","date_gmt":"2022-01-25T07:19:19","guid":{"rendered":"https:\/\/taizyagromachine.com\/"},"modified":"2025-01-02T13:49:54","modified_gmt":"2025-01-02T05:49:54","slug":"combined-groundnut-sheller-and-cleaner-for-sale","status":"publish","type":"product","link":"https:\/\/taizyagromachine.com\/pt\/product\/combined-groundnut-sheller-and-cleaner-for-sale\/","title":{"rendered":"Descascador e limpador de amendoim combinado para venda"},"content":{"rendered":"<p class=\"translation-block\"><strong>Descascador e limpador de amendoim<\/strong> \u00e9 combinado com equipamento de limpeza e debulha, especialmente para amendoins. 6BHX-3500 \u00e9 apresentado hoje. Esta <a href=\"https:\/\/taizyagromachine.com\/pt\/product\/combined-groundnut-shelling-and-cleaning-machine\/\" target=\"_blank\" rel=\"noreferrer noopener\">unidade de m\u00e1quina de descascar amendoim<\/a> tem o design mais recente. Al\u00e9m disso, o descascador combinado de amendoim \u00e0 venda tem as vantagens de vendas diretas de f\u00e1brica, alta taxa de descascamento e grande capacidade. Al\u00e9m disso, esta m\u00e1quina descascadora de amendoim pertence a modelos ecologicamente corretos. Na Taizy Agro Machine Company, este tipo de descascador de amendoim tem tr\u00eas peneiras para descascar amendoim de forma muito mais limpa. Bem-vindo a contactar-nos para mais classifica\u00e7\u00f5es!<\/p>    <h2 class=\"wp-block-heading\" id=\"h-why-using-combined-groundnut-shelling-and-cleaning-machine\"><strong>Por que usar m\u00e1quina combinada de descascamento e limpeza de amendoim?<\/strong><strong><\/strong><\/h2>    <p class=\"translation-block\">Ao <a href=\"https:\/\/taizyagromachine.com\/pt\/peanut-machine\/small-groundnut-harvester\/\" target=\"_blank\" rel=\"noreferrer noopener\">colher amendoins<\/a>, o fruto do amendoim cont\u00e9m muitos torr\u00f5es, pedras, folhas de amendoim, poeira, etc. Se n\u00e3o for limpo atempadamente, n\u00e3o s\u00f3 causa um grande n\u00famero de amendoins partidos, mas tamb\u00e9m afeta a cor dos amendoins. Quando o descascador e limpador de amendoim trabalham, as pe\u00e7as da m\u00e1quina ter\u00e3o danos em diferentes graus.<\/p>   <div class=\"wp-block-image\"> <figure class=\"aligncenter size-full\"><img loading=\"lazy\" decoding=\"async\" width=\"720\" height=\"250\" src=\"https:\/\/taizyagromachine.com\/wp-content\/uploads\/2022\/01\/functions-3500.jpg\" alt=\"fun\u00e7\u00f5es\" class=\"wp-image-1857\"\/><figcaption class=\"wp-element-caption\">fun\u00e7\u00f5es<\/figcaption><\/figure> <\/div>   <h2 class=\"wp-block-heading\" id=\"h-features-of-groundnut-thresher-with-cleaner\"><strong>Caracter\u00edsticas do debulhador de amendoim com limpador<\/strong><strong><\/strong><\/h2>    <ul class=\"wp-block-list\" type=\"1\"> <li>Alta taxa de bombardeio e alta taxa de limpeza.<\/li>    <li>Opera\u00e7\u00e3o simples e sa\u00edda eficiente.<\/li>    <li>Descascador de amendoim de grande produ\u00e7\u00e3o, 1500-2200kg por hora.<\/li>    <li>Baixa taxa de quebra e baixa taxa de perda.<\/li>    <li>Tr\u00eas peneiras para instalar, selecione o tamanho da tela com base no tamanho do amendoim.<\/li> <\/ul>    <h2 class=\"wp-block-heading\" id=\"h-structure-of-groundnut-sheller-and-cleaner\"><strong>Estrutura do descascador e limpador de amendoim<\/strong><strong><\/strong><\/h2>    <p class=\"translation-block\">O design e <a href=\"https:\/\/en.wikipedia.org\/wiki\/Manufacturing\" target=\"_blank\" rel=\"noreferrer noopener\">fabrica\u00e7\u00e3o<\/a> da m\u00e1quina descascar amendoim t\u00eam pensamentos \u00fanicos. Esta m\u00e1quina tem um sistema de limpeza e um sistema de debulha. Para a parte de limpeza, o limpador funciona para remover as impurezas existentes nos amendoins. Para a parte de debulha, o decorticador de amendoim \u00e9 o n\u00facleo. Inclui entrada de amendoim, sa\u00edda de gr\u00e3os de amendoim, sa\u00edda de impurezas. Al\u00e9m disso, entre o limpador e a m\u00e1quina de descascar amendoim, existe um elevador transportador.<\/p>   <div class=\"wp-block-image\"> <figure class=\"aligncenter size-full\"><img loading=\"lazy\" decoding=\"async\" width=\"720\" height=\"540\" src=\"https:\/\/taizyagromachine.com\/wp-content\/uploads\/2022\/01\/structure-of-peanut-sheller-and-cleaner.jpg\" alt=\"estrutura do descascador e limpador de amendoim\" class=\"wp-image-1852\"\/><figcaption class=\"wp-element-caption\">estrutura do descascador e limpador de amendoim<\/figcaption><\/figure> <\/div>   <h2 class=\"wp-block-heading\" id=\"h-working-principle-of-groundnut-shelling-machine\"><strong>Princ\u00edpio de funcionamento da m\u00e1quina de descascar amendoim<\/strong><strong><\/strong><\/h2>    <p>A m\u00e1quina de descascar amendoim \u00e0 venda funciona de acordo com os procedimentos, obtendo finalmente os gr\u00e3os de amendoim. Abaixo est\u00e1 o processo de descascamento e limpeza de amendoim:<\/p>    <ol class=\"wp-block-list\" type=\"1\"> <li>Despeje o amendoim na entrada do limpador. A m\u00e1quina de limpeza funciona para remover sujeira, pedras, folhas de amendoim, poeira e outras impurezas.<\/li>    <li>Os amendoins limpos s\u00e3o entregues \u00e0 quebradeira de amendoim pelo elevador.<\/li>    <li>A m\u00e1quina debulhadora de amendoim adota a combina\u00e7\u00e3o de caixa de tela fechada e ventilador especial para realizar a classifica\u00e7\u00e3o e descasque da suspens\u00e3o.<\/li>    <li>Depois de cuidadosamente selecionados e descascados, os gr\u00e3os de amendoim saem do orif\u00edcio de descarga com uma peneira.<\/li> <\/ol>   <div class=\"wp-block-image\"> <figure class=\"aligncenter size-full\"><img loading=\"lazy\" decoding=\"async\" width=\"720\" height=\"540\" src=\"https:\/\/taizyagromachine.com\/wp-content\/uploads\/2022\/01\/working-process-model-3500.jpg\" alt=\"processo de trabalho do descascador e limpador de amendoim\" class=\"wp-image-1856\"\/><figcaption class=\"wp-element-caption\">processo de trabalho<\/figcaption><\/figure> <\/div>   <h2 class=\"wp-block-heading\"><strong>V\u00eddeo da M\u00e1quina Combinada de Descascador e Limpador de Amendoim<\/strong><\/h2>    <figure class=\"wp-block-embed is-type-video is-provider-youtube wp-block-embed-youtube wp-embed-aspect-16-9 wp-has-aspect-ratio\"><div class=\"wp-block-embed__wrapper\"> <iframe loading=\"lazy\" title=\"M\u00e1quina combinada de descascar amendoim - Descascador de amendoim de alta efici\u00eancia com m\u00e1quina de limpeza #amendoim\" width=\"500\" height=\"281\" src=\"https:\/\/www.youtube.com\/embed\/6I6Itc8PI9o?feature=oembed\" frameborder=\"0\" allow=\"accelerometer; autoplay; clipboard-write; encrypted-media; gyroscope; picture-in-picture; web-share\" referrerpolicy=\"strict-origin-when-cross-origin\" allowfullscreen><\/iframe> <\/div><\/figure>","protected":false},"excerpt":{"rendered":"<p>Groundnut sheller and cleaner&nbsp;is combined with cleaning and&nbsp;threshing equipment, especially for peanuts. 6BHX- 3500&nbsp;is introduced today. This peanut shelling machine unit&nbsp;has the latest design. Besides, the combined groundnut sheller for sale&nbsp;has the advantages of factory direct sales, high shelling rate, and large capacity.&nbsp;Also, this peanut sheller machine belongs to environmentally-friendly models. In Taizy Agro Machine [&hellip;]<\/p>\n","protected":false},"author":1,"featured_media":2153,"parent":0,"template":"","tags":[],"product-type":[21],"class_list":["post-1849","product","type-product","status-publish","has-post-thumbnail","hentry","product-type-peanut-machine"],"_links":{"self":[{"href":"https:\/\/taizyagromachine.com\/pt\/wp-json\/wp\/v2\/product\/1849","targetHints":{"allow":["GET"]}}],"collection":[{"href":"https:\/\/taizyagromachine.com\/pt\/wp-json\/wp\/v2\/product"}],"about":[{"href":"https:\/\/taizyagromachine.com\/pt\/wp-json\/wp\/v2\/types\/product"}],"author":[{"embeddable":true,"href":"https:\/\/taizyagromachine.com\/pt\/wp-json\/wp\/v2\/users\/1"}],"wp:featuredmedia":[{"embeddable":true,"href":"https:\/\/taizyagromachine.com\/pt\/wp-json\/wp\/v2\/media\/2153"}],"wp:attachment":[{"href":"https:\/\/taizyagromachine.com\/pt\/wp-json\/wp\/v2\/media?parent=1849"}],"wp:term":[{"taxonomy":"post_tag","embeddable":true,"href":"https:\/\/taizyagromachine.com\/pt\/wp-json\/wp\/v2\/tags?post=1849"},{"taxonomy":"product-type","embeddable":true,"href":"https:\/\/taizyagromachine.com\/pt\/wp-json\/wp\/v2\/product-type?post=1849"}],"curies":[{"name":"wp","href":"https:\/\/api.w.org\/{rel}","templated":true}]}}