{"id":1858,"date":"2022-01-26T07:17:33","date_gmt":"2022-01-26T07:17:33","guid":{"rendered":"https:\/\/taizyagromachine.com\/"},"modified":"2023-12-12T17:46:13","modified_gmt":"2023-12-12T09:46:13","slug":"4-row-groundnut-sowing-machine","status":"publish","type":"product","link":"https:\/\/taizyagromachine.com\/pt\/product\/4-row-groundnut-sowing-machine\/","title":{"rendered":"M\u00e1quina de semeadura de amendoim para plantio de amendoim"},"content":{"rendered":"<p class=\"translation-block\"><strong>Groundnut sowing machine<\/strong> is designed for groundnuts planting in the sandy land, wheat stubble land, and soft lands(no stones). The groundnut planter should work with the tractor of 40-70HP, adopting a 3-linkage suspension. Because the peanut planter itself has no power to drive. The peanut seeder has advantages of precision planting, high efficiency, and stable performance. Compared to the <a href=\"https:\/\/taizyagromachine.com\/pt\/rice-and-wheat-machine\/wheat-planter\/\" target=\"_blank\" rel=\"noreferrer noopener\">wheat planter<\/a>, this groundnut seeder has 2 row, 6 row, 8 row available. The planting rows are upon customers\u2019 demands. Looking forward to your inquiries\uff01<\/p>    <h2 class=\"wp-block-heading\"><strong>Tipos de m\u00e1quinas plantadoras de amendoim dispon\u00edveis<\/strong><\/h2>    <p>Nossa semeadora de amendoim est\u00e1 dispon\u00edvel em diferentes modelos, incluindo 2 fileiras, 4 fileiras, 6 fileiras e 8 fileiras, etc. Esses diferentes modelos de semeadoras de amendoim atendem fazendas de diferentes tamanhos, permitindo que os produtores de amendoim escolham o mais modelo apropriado para o tamanho e as necessidades de sua opera\u00e7\u00e3o agr\u00edcola.<\/p>    <div class=\"wp-block-columns is-layout-flex wp-container-core-columns-is-layout-9d6595d7 wp-block-columns-is-layout-flex\"> <div class=\"wp-block-column is-layout-flow wp-block-column-is-layout-flow\"> <figure class=\"wp-block-image size-full\"><img loading=\"lazy\" decoding=\"async\" width=\"720\" height=\"540\" src=\"https:\/\/taizyagromachine.com\/wp-content\/uploads\/2023\/12\/twin-row-peanut-planter.webp\" alt=\"plantador de amendoim de fileira dupla\" class=\"wp-image-6147\"\/><figcaption class=\"wp-element-caption\">plantador de amendoim de fileira dupla<\/figcaption><\/figure> <\/div>    <div class=\"wp-block-column is-vertically-aligned-center is-layout-flow wp-block-column-is-layout-flow\"> <p class=\"has-text-align-center translation-block\"><strong>Two row peanut planter<\/strong><\/p>    <p>A m\u00e1quina plantadora de amendoim de 2 fileiras \u00e9 adequada para fazendas menores e \u00e9 capaz de plantar eficientemente duas fileiras de sementes de amendoim ao mesmo tempo, fornecendo uma solu\u00e7\u00e3o pr\u00e1tica e econ\u00f4mica para a produ\u00e7\u00e3o agr\u00edcola em pequena escala.<\/p> <\/div> <\/div>    <div class=\"wp-block-columns is-layout-flex wp-container-core-columns-is-layout-9d6595d7 wp-block-columns-is-layout-flex\"> <div class=\"wp-block-column is-vertically-aligned-center is-layout-flow wp-block-column-is-layout-flow\"> <p class=\"has-text-align-center translation-block\"><strong>4-row peanut precision planter<\/strong><\/p>    <p>Nossa plantadeira de amendoim de 4 fileiras \u00e9 adequada para fazendas de m\u00e9dio porte e \u00e9 capaz de plantar quatro fileiras de sementes de amendoim de uma s\u00f3 vez, melhorando a efici\u00eancia e mantendo a facilidade de manejo.<\/p> <\/div>    <div class=\"wp-block-column is-layout-flow wp-block-column-is-layout-flow\"> <figure class=\"wp-block-image size-full\"><img loading=\"lazy\" decoding=\"async\" width=\"720\" height=\"540\" src=\"https:\/\/taizyagromachine.com\/wp-content\/uploads\/2023\/12\/4-row-peanut-precision-planter.webp\" alt=\"Plantadora de precis\u00e3o para amendoim com 4 fileiras\" class=\"wp-image-6149\"\/><figcaption class=\"wp-element-caption\">Plantadora de precis\u00e3o para amendoim com 4 fileiras<\/figcaption><\/figure> <\/div> <\/div>    <div class=\"wp-block-columns is-layout-flex wp-container-core-columns-is-layout-9d6595d7 wp-block-columns-is-layout-flex\"> <div class=\"wp-block-column is-layout-flow wp-block-column-is-layout-flow\"> <figure class=\"wp-block-image size-full\"><img loading=\"lazy\" decoding=\"async\" width=\"720\" height=\"540\" src=\"https:\/\/taizyagromachine.com\/wp-content\/uploads\/2023\/12\/6-row-groundnut-planter.webp\" alt=\"Plantador de amendoim de 6 linhas\" class=\"wp-image-6153\"\/><figcaption class=\"wp-element-caption\">Plantador de amendoim de 6 linhas<\/figcaption><\/figure> <\/div>    <div class=\"wp-block-column is-vertically-aligned-center is-layout-flow wp-block-column-is-layout-flow\"> <p class=\"has-text-align-center translation-block\"><strong>6-row groundnut planter machine<\/strong><\/p>    <p>Projetada para opera\u00e7\u00f5es agr\u00edcolas em grande escala, a m\u00e1quina semeadora de sementes de amendoim de 6 fileiras permite o plantio simult\u00e2neo de seis fileiras de sementes de amendoim para campos de amendoim extensos, aumentando a efici\u00eancia do plantio e reduzindo o tempo necess\u00e1rio para o cultivo de amendoim.<\/p> <\/div> <\/div>    <div class=\"wp-block-columns is-layout-flex wp-container-core-columns-is-layout-9d6595d7 wp-block-columns-is-layout-flex\"> <div class=\"wp-block-column is-vertically-aligned-center is-layout-flow wp-block-column-is-layout-flow\"> <p class=\"has-text-align-center translation-block\"><strong>8-row groundnut seeder<\/strong><\/p>    <p>Uma solu\u00e7\u00e3o poderosa projetada para o cultivo de amendoim em grande escala, a semeadora de amendoim de 8 fileiras \u00e9 capaz de plantar oito fileiras de sementes de amendoim simultaneamente, maximizando a efici\u00eancia e a produtividade, tornando-a uma excelente escolha para extensos campos de amendoim e agroneg\u00f3cios comerciais.<\/p> <\/div>    <div class=\"wp-block-column is-layout-flow wp-block-column-is-layout-flow\"> <figure class=\"wp-block-image size-full\"><img loading=\"lazy\" decoding=\"async\" width=\"720\" height=\"540\" src=\"https:\/\/taizyagromachine.com\/wp-content\/uploads\/2023\/12\/8-row-groundnut-seed-sowing-machine.webp\" alt=\"Semeadora de sementes de amendoim de 8 linhas\" class=\"wp-image-6155\"\/><figcaption class=\"wp-element-caption\">Semeadora de sementes de amendoim de 8 linhas<\/figcaption><\/figure> <\/div> <\/div>    <h2 class=\"wp-block-heading\"><strong>Quais s\u00e3o as fun\u00e7\u00f5es do plantador de amendoim?<\/strong><\/h2>    <p>A semeadora de amendoim \u00e9 uma m\u00e1quina agr\u00edcola multifuncional com diversas fun\u00e7\u00f5es importantes.<\/p>    <ul class=\"wp-block-list\"> <li><strong>Riding<\/strong>: Pode realizar opera\u00e7\u00f5es de sulca\u00e7\u00e3o, limpar e nivelar o solo de forma eficaz e criar condi\u00e7\u00f5es favor\u00e1veis \u200b\u200b\u200b\u200bpara o crescimento do amendoim.<\/li>    <li><strong>Cobertura morta<\/strong>: A plantadeira de amendoim tamb\u00e9m possui a fun\u00e7\u00e3o de cobertura morta, que \u00e9 capaz de cobrir a pel\u00edcula durante o processo de semeadura para aumentar a temperatura do solo, hidratar o solo e inibir o crescimento de ervas daninhas, o que ajuda a melhorar o rendimento e a qualidade do amendoim .<\/li>    <li><strong>Rega<\/strong>: Nossa m\u00e1quina tamb\u00e9m \u00e9 capaz de realizar opera\u00e7\u00f5es de irriga\u00e7\u00e3o para garantir o enraizamento e a germina\u00e7\u00e3o suave das sementes em solo \u00famido, fornecendo \u00e1gua suficiente para o crescimento do amendoim.<\/li> <\/ul>    <figure class=\"wp-block-gallery aligncenter has-nested-images columns-default is-cropped wp-block-gallery-2 is-layout-flex wp-block-gallery-is-layout-flex\"> <figure class=\"wp-block-image size-large\"><img loading=\"lazy\" decoding=\"async\" width=\"720\" height=\"540\" data-id=\"6165\" src=\"https:\/\/taizyagromachine.com\/wp-content\/uploads\/2022\/01\/normal-type-mounted-peanut-planter-for-tractor.webp\" alt=\"plantador de amendoim montado tipo normal para trator\" class=\"wp-image-6165\"\/><figcaption class=\"wp-element-caption\">plantador de amendoim montado tipo normal para trator<\/figcaption><\/figure>    <figure class=\"wp-block-image size-large\"><img loading=\"lazy\" decoding=\"async\" width=\"720\" height=\"540\" data-id=\"6166\" src=\"https:\/\/taizyagromachine.com\/wp-content\/uploads\/2022\/01\/peanut-seed-drill-planter-with-rigiding-function.webp\" alt=\"semeadora de amendoim com fun\u00e7\u00e3o de enrijecimento\" class=\"wp-image-6166\"\/><figcaption class=\"wp-element-caption\">semeadora de amendoim com fun\u00e7\u00e3o de enrijecimento<\/figcaption><\/figure> <\/figure>    <figure class=\"wp-block-gallery aligncenter has-nested-images columns-default is-cropped wp-block-gallery-3 is-layout-flex wp-block-gallery-is-layout-flex\"> <figure class=\"wp-block-image size-large\"><img loading=\"lazy\" decoding=\"async\" width=\"720\" height=\"540\" data-id=\"6167\" src=\"https:\/\/taizyagromachine.com\/wp-content\/uploads\/2022\/01\/groundnut-planter-with-watering-and-mulching.webp\" alt=\"plantador de amendoim com rega e cobertura morta\" class=\"wp-image-6167\"\/><figcaption class=\"wp-element-caption\">plantador de amendoim com rega e cobertura morta<\/figcaption><\/figure>    <figure class=\"wp-block-image size-large\"><img loading=\"lazy\" decoding=\"async\" width=\"720\" height=\"540\" data-id=\"6168\" src=\"https:\/\/taizyagromachine.com\/wp-content\/uploads\/2022\/01\/groundnut-sowing-machine-with-rigiding-and-baffle.webp\" alt=\"semeadora de amendoim com refor\u00e7o e defletor\" class=\"wp-image-6168\"\/><figcaption class=\"wp-element-caption\">semeadora de amendoim com refor\u00e7o e defletor<\/figcaption><\/figure> <\/figure>    <h2 class=\"wp-block-heading\" id=\"characteristics-pf-peanut-sowing-machine-for-sale\"><strong>Caracter\u00edsticas da m\u00e1quina semeadora de amendoim para venda <\/strong><\/h2>    <ul class=\"wp-block-list\"> <li>Grande espa\u00e7o de design. A semeadora de amendoim est\u00e1 dispon\u00edvel com op\u00e7\u00f5es de semeadura em crista e plana. A m\u00e1quina de cultivo de amendoim tamb\u00e9m pode ser usada em campos de restolho.<\/li>    <li>Fun\u00e7\u00f5es adicionadas. Esta m\u00e1quina tamb\u00e9m pode adicionar a cobertura com filme\u00a0e regar.<\/li>    <li>Ajuste do espa\u00e7o da planta. O espa\u00e7o da planta\u00a0pode ser ajustado ajustando a velocidade do regulador.<\/li>    <li>A m\u00e1quina de plantar amendoim\u00a0precisa estar conectada ao trator para realizar o trabalho de semeadura de amendoim.<\/li>    <li>Opera\u00e7\u00e3o confi\u00e1vel, menos tempo de manuten\u00e7\u00e3o, alta efici\u00eancia e longa vida \u00fatil.<\/li> <\/ul>    <figure class=\"wp-block-gallery has-nested-images columns-default is-cropped wp-block-gallery-4 is-layout-flex wp-block-gallery-is-layout-flex\"> <figure class=\"wp-block-image size-full\"><img loading=\"lazy\" decoding=\"async\" width=\"720\" height=\"540\" data-id=\"1864\" src=\"https:\/\/taizyagromachine.com\/wp-content\/uploads\/2022\/01\/ridge.jpg\" alt=\"cume da m\u00e1quina de semeadura de amendoim\" class=\"wp-image-1864\"\/><figcaption class=\"wp-element-caption\">cume<\/figcaption><\/figure>    <figure class=\"wp-block-image size-full\"><img loading=\"lazy\" decoding=\"async\" width=\"720\" height=\"540\" data-id=\"1865\" src=\"https:\/\/taizyagromachine.com\/wp-content\/uploads\/2022\/01\/governor.jpg\" alt=\"governador\" class=\"wp-image-1865\"\/><figcaption class=\"wp-element-caption\">governador<\/figcaption><\/figure> <\/figure>    <h2 class=\"wp-block-heading\" id=\"advantages-of-groundnut-seeder-machine\"><strong>Vantagens da m\u00e1quina semeadora de amendoim<\/strong><\/h2>    <ol class=\"wp-block-list\" style=\"list-style-type:1\"> <li>A crista primeiro pode garantir uma profundidade consistente da semente e uma germina\u00e7\u00e3o r\u00e1pida.<\/li>    <li>Em compara\u00e7\u00e3o com os modelos tradicionais, a semeadora de amendoim pode garantir a taxa de germina\u00e7\u00e3o e aumentar o rendimento m\u00e9dio.<\/li>    <li>Adote 65# <a href=\"https:\/\/en.wikipedia.org\/wiki\/Mangalloy\" target=\"_blank\" rel=\"noreferrer noopener\">a\u00e7o mangan\u00eas<\/a>, que possui alta dureza e boa resist\u00eancia ao desgaste.<\/li>    <li>O dispositivo de sementes \u00e9 mais preciso para semeadura, sementes uniformes, sementes menos podres e espa\u00e7o garantido para plantas.&nbsp;<\/li> <\/ol>    <h2 class=\"wp-block-heading\" id=\"peanut-planter-design\"><strong>P<\/strong><strong>amendoim <\/strong><strong>P<\/strong><strong>lanterna <\/strong><strong>D<\/strong><strong>design<\/strong><strong><\/strong><\/h2>    <p class=\"translation-block\">Being <a href=\"https:\/\/taizyagromachine.com\/pt\/about-us\/\" target=\"_blank\" rel=\"noreferrer noopener\">one of the leading agro machine companies<\/a>, our peanut planter machine for sale has the reasonable structure. The groundnut sowing machine has the fertilize box and seedbox, thus, fertilizing and seeding at the same time. The ridge-making device functions to make ridge to facilitate the peanut seed sowing.<\/p>   <div class=\"wp-block-image\"> <figure class=\"aligncenter size-full\"><img loading=\"lazy\" decoding=\"async\" width=\"720\" height=\"540\" src=\"https:\/\/taizyagromachine.com\/wp-content\/uploads\/2022\/01\/structure-of-4-row-peanut-planter.jpg\" alt=\"estrutura de plantador de amendoim de 4 fileiras\" class=\"wp-image-1863\"\/><figcaption class=\"wp-element-caption\">estrutura de plantador de amendoim de 4 fileiras<\/figcaption><\/figure> <\/div>   <h2 class=\"wp-block-heading\" id=\"working-process-of-peanut-sowing-machine\"><strong>Processo de trabalho da m\u00e1quina semeadora de sementes de amendoim<\/strong><\/h2>    <p>Ap\u00f3s a montagem com o trator, a m\u00e1quina plantadora de amendoim come\u00e7a a funcionar. O processo \u00e9 muito simples, primeiro a fertiliza\u00e7\u00e3o, depois a semeadura e por \u00faltimo a sulcagem.<\/p>    <p>Desde o plantio da semente de amendoim, passando pelo cultivo at\u00e9 a colheita, a semeadora de amendoim funciona inicialmente. Portanto, \u00e9 importante aprender a plantar sementes de amendoim.<\/p>   <div class=\"wp-block-image\"> <figure class=\"aligncenter size-full\"><img loading=\"lazy\" decoding=\"async\" width=\"720\" height=\"540\" src=\"https:\/\/taizyagromachine.com\/wp-content\/uploads\/2022\/01\/peanut-seedinggrowing-and-harvesting.jpg\" alt=\"semeadura, cultivo e colheita de amendoim\" class=\"wp-image-1861\"\/><figcaption class=\"wp-element-caption\">semeadura, cultivo e colheita de amendoim<\/figcaption><\/figure> <\/div>   <h2 class=\"wp-block-heading\"><strong>Casos globais de plantador de sementes de amendoim Taizy <\/strong><\/h2>    <h3 class=\"wp-block-heading\" id=\"successful-case-4-row-peanut-planter-exported-to-myanmar\"><strong>Caso de sucesso: plantadeira de amendoim com 4 fileiras exportada para Mianmar<\/strong><\/h3>    <p class=\"translation-block\">This year, our sales manager Coco received one inquiry from <a href=\"https:\/\/en.wikipedia.org\/wiki\/Myanmar\" target=\"_blank\" rel=\"noreferrer noopener\">Myanmar<\/a> about the groundnut sowing machine. A customer in Myanmar has a piece of land, so he wanted to buy a groundnut sowing machine for farming. After inquiring about his budget and farming needs, Coco recommended the peanut sowing machine with four rows of ridges. Myanmar customers decided to buy from our company. Both parties confirmed the machines one by one and finalized the agreement. After receiving the machine, he send back good feedback to us and praised our machines.<\/p>   <div class=\"wp-block-image\"> <figure class=\"aligncenter size-full\"><img loading=\"lazy\" decoding=\"async\" width=\"720\" height=\"540\" src=\"https:\/\/taizyagromachine.com\/wp-content\/uploads\/2022\/01\/Myanmar-customized-4-row-geoundnut-seeder.jpg\" alt=\"semeadora de amendoim personalizada de 4 linhas para cliente de Mianmar\" class=\"wp-image-1862\"\/><figcaption class=\"wp-element-caption\"> semeadora de amendoim personalizada de 4 linhas para cliente de Mianmar<\/figcaption><\/figure> <\/div>   <h3 class=\"wp-block-heading\"><strong>Stroy de sucesso: plantador de amendoim de 6 fileiras vendido para a Dinamarca<\/strong><\/h3>    <p>Uma semeadora de amendoim de 6 linhas de \u00faltima gera\u00e7\u00e3o foi recentemente exportada com sucesso para a Dinamarca, trazendo solu\u00e7\u00f5es modernas para a produ\u00e7\u00e3o agr\u00edcola local. Com a sua eficiente fun\u00e7\u00e3o de plantio simult\u00e2neo de 6 linhas, esta plantadeira oferece uma op\u00e7\u00e3o mais r\u00e1pida e conveniente para o plantio de amendoim na Dinamarca. A sua tecnologia avan\u00e7ada n\u00e3o s\u00f3 melhora a efici\u00eancia do plantio, mas tamb\u00e9m permite que os agricultores dinamarqueses se adaptem melhor ao ambiente local de plantio. <\/p>    <figure class=\"wp-block-gallery aligncenter has-nested-images columns-default is-cropped wp-block-gallery-5 is-layout-flex wp-block-gallery-is-layout-flex\"> <figure class=\"wp-block-image size-large\"><img loading=\"lazy\" decoding=\"async\" width=\"720\" height=\"540\" data-id=\"6160\" src=\"https:\/\/taizyagromachine.com\/wp-content\/uploads\/2022\/01\/6-row-groundnut-planter-for-sale.webp\" alt=\"Vendo plantador de amendoim de 6 fileiras\" class=\"wp-image-6160\"\/><figcaption class=\"wp-element-caption\">Vendo plantador de amendoim de 6 fileiras<\/figcaption><\/figure>    <figure class=\"wp-block-image size-large\"><img loading=\"lazy\" decoding=\"async\" width=\"720\" height=\"540\" data-id=\"6161\" src=\"https:\/\/taizyagromachine.com\/wp-content\/uploads\/2022\/01\/customized-peanut-planter-equipment.webp\" alt=\"equipamento personalizado para plantador de amendoim\" class=\"wp-image-6161\"\/><figcaption class=\"wp-element-caption\">equipamento personalizado para plantador de amendoim<\/figcaption><\/figure> <\/figure>    <figure class=\"wp-block-gallery aligncenter has-nested-images columns-default is-cropped wp-block-gallery-6 is-layout-flex wp-block-gallery-is-layout-flex\"> <figure class=\"wp-block-image size-large\"><img loading=\"lazy\" decoding=\"async\" width=\"720\" height=\"540\" data-id=\"6163\" src=\"https:\/\/taizyagromachine.com\/wp-content\/uploads\/2022\/01\/package-groundnut-sowing-machine-in-wooden-cases.webp\" alt=\"m\u00e1quina de semeadura de amendoim embalada em caixas de madeira\" class=\"wp-image-6163\"\/><figcaption class=\"wp-element-caption\">m\u00e1quina de semeadura de amendoim embalada em caixas de madeira<\/figcaption><\/figure>    <figure class=\"wp-block-image size-large\"><img loading=\"lazy\" decoding=\"async\" width=\"720\" height=\"540\" data-id=\"6162\" src=\"https:\/\/taizyagromachine.com\/wp-content\/uploads\/2022\/01\/export-6-row-peanut-planter-to-Denmark.webp\" alt=\"exportar plantador de amendoim de 6 linhas para a Dinamarca\" class=\"wp-image-6162\"\/><figcaption class=\"wp-element-caption\">exportar plantador de amendoim de 6 linhas para a Dinamarca<\/figcaption><\/figure> <\/figure>    <p>Este evento de exporta\u00e7\u00e3o n\u00e3o \u00e9 apenas um interc\u00e2mbio transfronteiri\u00e7o de tecnologia de maquinaria agr\u00edcola, mas tamb\u00e9m uma contribui\u00e7\u00e3o positiva para a moderniza\u00e7\u00e3o da agricultura dinamarquesa, introduzindo ferramentas de sementeira mais avan\u00e7adas para a agricultura local.<\/p>    <h2 class=\"wp-block-heading\"><strong>V\u00eddeo da m\u00e1quina semeadora de amendoim de Taizy<\/strong><\/h2>    <figure class=\"wp-block-embed is-type-video is-provider-youtube wp-block-embed-youtube wp-embed-aspect-16-9 wp-has-aspect-ratio\"><div class=\"wp-block-embed__wrapper\"> <iframe loading=\"lazy\" title=\"M\u00e1quina de plantio de amendoim com m\u00faltiplas fileiras de Taizy 2023 #planter #amendoim #agricultural\" width=\"500\" height=\"281\" src=\"https:\/\/www.youtube.com\/embed\/rTrY3IFrM9Y?feature=oembed\" frameborder=\"0\" allow=\"accelerometer; autoplay; clipboard-write; encrypted-media; gyroscope; picture-in-picture; web-share\" referrerpolicy=\"strict-origin-when-cross-origin\" allowfullscreen><\/iframe> <\/div><\/figure>","protected":false},"excerpt":{"rendered":"<p>Groundnut sowing machine&nbsp;is designed for groundnuts planting in the sandy land, wheat stubble land, and soft lands(no stones). The groundnut planter should work with the tractor of 40-70HP, adopting a 3-linkage suspension. Because the peanut planter itself has no power to drive. The peanut seeder has advantages of precision planting, high efficiency, and stable performance. [&hellip;]<\/p>\n","protected":false},"author":1,"featured_media":2164,"parent":0,"template":"","tags":[154,45,46,149,40,39,42,152,151,43,153,44,150],"product-type":[21],"class_list":["post-1858","product","type-product","status-publish","has-post-thumbnail","hentry","tag-2-row-peanut-planter","tag-4-row-groundnut-sowing-machine","tag-4-row-peanut-sowing-machine","tag-double-row-planter","tag-groundnut-planter","tag-groundnut-sowing-machine","tag-peanut-planter","tag-peanut-planter-equipment","tag-peanut-planter-machine","tag-peanut-planting-machine","tag-peanut-seed-planter","tag-peanut-sowing-machine","tag-twin-row-peanut-planter-for-sale","product-type-peanut-machine"],"_links":{"self":[{"href":"https:\/\/taizyagromachine.com\/pt\/wp-json\/wp\/v2\/product\/1858","targetHints":{"allow":["GET"]}}],"collection":[{"href":"https:\/\/taizyagromachine.com\/pt\/wp-json\/wp\/v2\/product"}],"about":[{"href":"https:\/\/taizyagromachine.com\/pt\/wp-json\/wp\/v2\/types\/product"}],"author":[{"embeddable":true,"href":"https:\/\/taizyagromachine.com\/pt\/wp-json\/wp\/v2\/users\/1"}],"wp:featuredmedia":[{"embeddable":true,"href":"https:\/\/taizyagromachine.com\/pt\/wp-json\/wp\/v2\/media\/2164"}],"wp:attachment":[{"href":"https:\/\/taizyagromachine.com\/pt\/wp-json\/wp\/v2\/media?parent=1858"}],"wp:term":[{"taxonomy":"post_tag","embeddable":true,"href":"https:\/\/taizyagromachine.com\/pt\/wp-json\/wp\/v2\/tags?post=1858"},{"taxonomy":"product-type","embeddable":true,"href":"https:\/\/taizyagromachine.com\/pt\/wp-json\/wp\/v2\/product-type?post=1858"}],"curies":[{"name":"wp","href":"https:\/\/api.w.org\/{rel}","templated":true}]}}