{"id":1974,"date":"2022-02-08T06:54:20","date_gmt":"2022-02-08T06:54:20","guid":{"rendered":"https:\/\/taizyagromachine.com\/"},"modified":"2025-02-26T10:27:05","modified_gmt":"2025-02-26T02:27:05","slug":"automatic-sesame-seed-peeling-and-hulling-machine","status":"publish","type":"product","link":"https:\/\/taizyagromachine.com\/pt\/product\/automatic-sesame-seed-peeling-and-hulling-machine\/","title":{"rendered":"M\u00e1quina de descascar gergelim | M\u00e1quina autom\u00e1tica de descascar sementes de gergelim"},"content":{"rendered":"<p class=\"translation-block\">A <strong>m\u00e1quina de descascar s\u00e9samo<\/strong> foi especialmente concebida para descascar s\u00e9samo e sementes de ab\u00f3bora para v\u00e1rios usos, maioritariamente nas ind\u00fastrias alimentares. Esta m\u00e1quina de descascar s\u00e9samo combina a limpeza e a remo\u00e7\u00e3o da pele do s\u00e9samo, sendo melhor para obter s\u00e9samo de alta qualidade. Al\u00e9m disso, a m\u00e1quina de descascar s\u00e9samo tem uma taxa de descascamento de 80%-85%. Para al\u00e9m disso, a m\u00e1quina autom\u00e1tica de lavar e descascar sementes de s\u00e9samo tem as vantagens de descascamento completo, gr\u00e3o perfeito, branco e brilhante. <\/p>    <p>Al\u00e9m do mais, esta m\u00e1quina de lavar e descascar gergelim \u00e0 venda possui certificado CE. Assim, os clientes estrangeiros podem aceit\u00e1-lo melhor e mais facilmente. Assim, a nossa m\u00e1quina de lavar e descascar gergelim \u00e9 muito popular entre muitos pa\u00edses e regi\u00f5es estrangeiras, como Nig\u00e9ria, Burkina Faso, Gana, Tanz\u00e2nia, I\u00e9men, etc. <\/p>    <p>Caso tenha interesse em descascar sementes pelo m\u00e9todo \u00famido, entre em contato conosco imediatamente e entraremos em contato em breve!<\/p>    <figure class=\"wp-block-embed is-type-video is-provider-youtube wp-block-embed-youtube wp-embed-aspect-16-9 wp-has-aspect-ratio\"><div class=\"wp-block-embed__wrapper\"> <iframe loading=\"lazy\" title=\"M\u00e1quina de descascar e lavar sementes para sementes de ab\u00f3bora - Fabricante e fornecedor de m\u00e1quina de descascar gergelim\" width=\"500\" height=\"281\" src=\"https:\/\/www.youtube.com\/embed\/z8xSX3G2aGU?feature=oembed\" frameborder=\"0\" allow=\"accelerometer; autoplay; clipboard-write; encrypted-media; gyroscope; picture-in-picture; web-share\" referrerpolicy=\"strict-origin-when-cross-origin\" allowfullscreen><\/iframe> <\/div><figcaption class=\"wp-element-caption\">v\u00eddeo da m\u00e1quina de descascar sementes de gergelim pelo m\u00e9todo \u00famido<\/figcaption><\/figure>    <h2 class=\"wp-block-heading\"><strong>Par\u00e2metros t\u00e9cnicos da m\u00e1quina descascadora de gergelim<\/strong><\/h2>    <figure class=\"wp-block-table\"><table><tbody><tr><td>Nome da maquina<\/td><td>M\u00e1quina descascadora de gergelim<\/td><\/tr><tr><td>Poder<\/td><td>Motor de descascamento 2.2kw,<br>Motor de separa\u00e7\u00e3o 1,5 kW<\/td><\/tr><tr><td>Capacidade<\/td><td>400-500 kg\/hora<br>30-50kg\/barril<\/td><\/tr><tr><td>Taxa de descascamento<\/td><td>80%-85%<\/td><\/tr><tr><td>Peso<\/td><td>500kg<\/td><\/tr><tr><td>Tamanho<\/td><td>1400*700*2000mm<\/td><\/tr><tr><td>Material da m\u00e1quina<\/td><td>Feito de a\u00e7o inoxid\u00e1vel<\/td><\/tr><\/tbody><\/table><figcaption class=\"wp-element-caption\">dados detalhados da m\u00e1quina descascadora de sementes de gergelim<\/figcaption><\/figure>    <h2 class=\"wp-block-heading\" id=\"features-of-sesame-peeling-machine-for-sale\"><strong>Caracter\u00edsticas da m\u00e1quina descascadora de gergelim para venda<\/strong><\/h2>    <ul class=\"wp-block-list\"> <li>Tamanho pequeno, estrutura simples, bela apar\u00eancia, f\u00e1cil opera\u00e7\u00e3o e baixa taxa de manuten\u00e7\u00e3o.<\/li>    <li>Materiais de a\u00e7o inoxid\u00e1vel, dur\u00e1veis \u200b\u200be ambientalmente inofensivos.<\/li>    <li>Boas propriedades mec\u00e2nicas, longa vida \u00fatil.<\/li>    <li>Boa resist\u00eancia \u00e0 corros\u00e3o e resist\u00eancia ao desgaste.<\/li>    <li>Esta m\u00e1quina de descascar gergelim \u00e9 brilhante e limpa, de alta qualidade.<\/li> <\/ul>    <h2 class=\"wp-block-heading\" id=\"sesame-hulling-process\"><strong>O que \u00e9 o processo de descascamento do gergelim?<\/strong><\/h2>   <div id=\"rank-math-howto\" class=\"rank-math-block\" > <div class=\"rank-math-howto-description\">  <p>Como fabricante e fornecedor profissional de m\u00e1quinas agr\u00edcolas, a m\u00e1quina de lavar e descascar gergelim segue um determinado procedimento para descascar o gergelim. O processo \u00e9 o seguinte:<\/p>  <\/div>  <div class=\"rank-math-steps\"> <div id=\"howto-step-1704185703290\" class=\"rank-math-step\"> <h3 class=\"rank-math-step-title\"><strong>Prepara\u00e7\u00e3o e Processo Inicial de Peeling<\/strong><\/h3> <div class=\"rank-math-step-content\"><p>Na fase inicial, como fabricante profissional de m\u00e1quinas agr\u00edcolas, comece misturando sementes de gergelim cruas com aproximadamente 20% de \u00e1gua para facilitar o processo de descascamento. Assim que a mistura estiver devidamente preparada, ligue a m\u00e1quina descascadora de gergelim.<\/p> <\/div> <\/div> <div id=\"howto-step-1704185761442\" class=\"rank-math-step\"> <h3 class=\"rank-math-step-title\"><strong>Descama\u00e7\u00e3o<\/strong><\/h3> <div class=\"rank-math-step-content\"><p>Ap\u00f3s o tempo de descascamento designado, a pr\u00f3xima etapa envolve a transfer\u00eancia das sementes de gergelim descascadas. Abra a porta de descarga do descascador e despeje cuidadosamente as sementes no componente separador da m\u00e1quina. Esta parte do maquin\u00e1rio separa o gergelim agora descascado de sua casca.<\/p> <\/div> <\/div> <div id=\"howto-step-1704185934488\" class=\"rank-math-step\"> <h3 class=\"rank-math-step-title\"><strong>Separando<\/strong><\/h3> <div class=\"rank-math-step-content\"><p>Durante o processo de separa\u00e7\u00e3o, \u00e9 crucial manter uma propor\u00e7\u00e3o ideal de \u00e1gua para gergelim de 3:1. Isso garante que o separador possa funcionar com a melhor efici\u00eancia ao separar as sementes de gergelim limpas de suas cascas. Ao mesmo tempo, abra a v\u00e1lvula inferior do separador.<\/p> <\/div> <\/div> <\/div> <\/div>       <figure class=\"wp-block-embed is-type-video is-provider-youtube wp-block-embed-youtube wp-embed-aspect-16-9 wp-has-aspect-ratio\"><div class=\"wp-block-embed__wrapper\"> <iframe loading=\"lazy\" title=\"Guia para a opera\u00e7\u00e3o correta da m\u00e1quina de descascamento de sementes de gergelim | Lavagem de gergelim preto e branco\" width=\"500\" height=\"281\" src=\"https:\/\/www.youtube.com\/embed\/23n8PzepCoA?feature=oembed\" frameborder=\"0\" allow=\"accelerometer; autoplay; clipboard-write; encrypted-media; gyroscope; picture-in-picture; web-share\" referrerpolicy=\"strict-origin-when-cross-origin\" allowfullscreen><\/iframe> <\/div><figcaption class=\"wp-element-caption\">Processo de lavagem e descama\u00e7\u00e3o de sementes de gergelim<\/figcaption><\/figure>    <h2 class=\"wp-block-heading\" id=\"wide-applications-of-sesames\"><strong>Amplas aplica\u00e7\u00f5es de descascado<\/strong> <strong>Gergelim<\/strong> <\/h2>    <p>Depois de descascar o gergelim, podemos obter sementes de gergelim de alta qualidade. Mas onde s\u00e3o mais usados? A resposta est\u00e1 definitivamente na ind\u00fastria aliment\u00edcia.<\/p>   <div class=\"wp-block-image\"> <figure class=\"aligncenter size-full\"><img loading=\"lazy\" decoding=\"async\" width=\"720\" height=\"540\" src=\"https:\/\/taizyagromachine.com\/wp-content\/uploads\/2022\/02\/wide-applications-sesame-dehulling-machine.jpg\" alt=\"m\u00e1quina de descascar gergelim para aplica\u00e7\u00f5es amplas\" class=\"wp-image-1976\" srcset=\"https:\/\/taizyagromachine.com\/wp-content\/uploads\/2022\/02\/wide-applications-sesame-dehulling-machine.jpg 720w, https:\/\/taizyagromachine.com\/wp-content\/uploads\/2022\/02\/wide-applications-sesame-dehulling-machine-300x225.jpg 300w\" sizes=\"auto, (max-width: 720px) 100vw, 720px\" \/><figcaption class=\"wp-element-caption\">amplas aplica\u00e7\u00f5es de m\u00e1quina de descascar e descascar sementes de gergelim<\/figcaption><\/figure> <\/div>   <ul class=\"wp-block-list\"> <li>Adicione sementes de gergelim \u00e0 padaria, biscoitos e sobremesas para torn\u00e1-los mais atraentes e deliciosos.<\/li>    <li>Como mat\u00e9ria-prima, \u00e9 utilizado para fazer <a href=\"https:\/\/en.wikipedia.org\/wiki\/Tahini\" target=\"_blank\" rel=\"noreferrer noopener\">tahine<\/a>.<\/li>    <li>Normalmente, sempre temos \u00f3leo de gergelim comest\u00edvel para deixar os alimentos mais perfumados e deliciosos. Al\u00e9m disso, o \u00f3leo de gergelim \u00e9 bom para os humanos.<\/li>    <li>O \u00f3leo de gergelim serve para massagem corporal e tamb\u00e9m para tratamento de sa\u00fade.<\/li> <\/ul>    <p>Todos os itens acima precisam da m\u00e1quina de descascar gergelim. Ent\u00e3o, n\u00e3o hesite em nos contatar para mais informa\u00e7\u00f5es!<\/p>    <h2 class=\"wp-block-heading\" id=\"how-does-sesame-peeling-machine-work\"><strong>Como funciona a m\u00e1quina autom\u00e1tica de descascar sementes de gergelim?<\/strong><\/h2>    <p>Este v\u00eddeo detalha o estado de funcionamento da m\u00e1quina de descascar gergelim. Pelo v\u00eddeo, voc\u00ea pode saber claramente que a m\u00e1quina de descascar gergelim funciona para obter gergelim comest\u00edvel.<\/p>    <figure class=\"wp-block-embed is-type-video is-provider-youtube wp-block-embed-youtube\"><div class=\"wp-block-embed__wrapper\"> <iframe loading=\"lazy\" title=\"M\u00e1quina de descascar gergelim | m\u00e1quina de descascar gergelim | m\u00e1quina de descascar sementes de gergelim | descascador de gergelim\" width=\"500\" height=\"281\" src=\"https:\/\/www.youtube.com\/embed\/3vg5t99RnuE?feature=oembed\" frameborder=\"0\" allow=\"accelerometer; autoplay; clipboard-write; encrypted-media; gyroscope; picture-in-picture; web-share\" referrerpolicy=\"strict-origin-when-cross-origin\" allowfullscreen><\/iframe> <\/div><figcaption class=\"wp-element-caption\">v\u00eddeo de funcionamento da m\u00e1quina de descascar sementes de gergelim<\/figcaption><\/figure>    <h2 class=\"wp-block-heading\" id=\"attentions-during-operation\"><strong>Aten\u00e7\u00e3o durante a opera\u00e7\u00e3o da m\u00e1quina de descascar e descascar sementes de gergelim<\/strong><\/h2>    <p>Ao usar a m\u00e1quina de descascar gergelim, v\u00e1rias coisas que voc\u00ea deve prestar aten\u00e7\u00e3o s\u00e3o as seguintes:<\/p>    <ul class=\"wp-block-list\"> <li>Se o gergelim da m\u00e1quina descascadora de gergelim n\u00e3o estiver completamente descarregado, enx\u00e1gue-o com \u00e1gua em temperatura normal.<\/li>    <li>Antes de colocar as sementes de gergelim descascadas no separador, adicione 1\/3 de \u00e1gua para evitar que a casca do gergelim bloqueie a malha.<\/li>    <li>A quantidade de entrada \u00e9 igual \u00e0 quantidade de descarga. Demora cerca de 5 a 10 minutos para terminar a separa\u00e7\u00e3o.<\/li> <\/ul>    <h2 class=\"wp-block-heading\" id=\"h-installation-maintenance\"><strong>Instala\u00e7\u00e3o e manuten\u00e7\u00e3o de m\u00e1quina descascadora de gergelim<\/strong><\/h2>    <ul class=\"wp-block-list\"> <li>Ao instalar o descascador de gergelim pela primeira vez. consertar o equipamento. Deve haver \u00e1gua, energia e boas instala\u00e7\u00f5es de drenagem nos arredores.<\/li>    <li>Ligue a energia e verifique se o equipamento est\u00e1 girando corretamente.<\/li>    <li>O tubo de entrada deve estar conectado \u00e0 fonte de \u00e1gua. Se a press\u00e3o da fonte de \u00e1gua n\u00e3o for suficiente, \u00e9 necess\u00e1rio aumentar a press\u00e3o da bomba d'\u00e1gua.<\/li>    <li>Ap\u00f3s o uso, limpe os res\u00edduos do equipamento todos os dias. Enx\u00e1gue a superf\u00edcie da tela de separa\u00e7\u00e3o com \u00e1gua. Se houver um bloqueio, voc\u00ea pode usar uma pistola de \u00e1gua de alta press\u00e3o.<\/li>    <li>O redutor deve ser substitu\u00eddo regularmente por \u00f3leo.<\/li> <\/ul>    <h2 class=\"wp-block-heading\" id=\"h-successful-case-4-sets-of-sesame-hulling-machine-exported-to-nigeria\"><strong>Caso de sucesso: 4 conjuntos de m\u00e1quinas para descascar gergelim exportados para a Nig\u00e9ria  <\/strong><\/h2>    <p>Em mar\u00e7o deste ano, recebemos uma consulta de um cliente na Nig\u00e9ria sobre uma m\u00e1quina para descascar sementes de gergelim. Ele fornece principalmente sementes de gergelim de boa qualidade para algumas f\u00e1bricas de processamento de alimentos. Ent\u00e3o ele quis comprar um descascador de gergelim para melhorar sua efici\u00eancia e ao mesmo tempo garantir a qualidade do gergelim. <\/p>    <p>Como a exig\u00eancia j\u00e1 estava clara, nosso gerente de vendas, Coco, apresentou-lhe o desempenho, par\u00e2metros, configura\u00e7\u00e3o e fun\u00e7\u00f5es de nossa m\u00e1quina descascadora de gergelim, al\u00e9m de enviar fotos e v\u00eddeos de funcionamento. O cliente nigeriano ficou satisfeito e encomendou imediatamente 4 unidades. Em seguida, embalamos as m\u00e1quinas em caixas de madeira e as enviamos para seu pa\u00eds.<\/p>    <figure class=\"wp-block-gallery aligncenter has-nested-images columns-default is-cropped wp-block-gallery-2 is-layout-flex wp-block-gallery-is-layout-flex\"> <figure class=\"wp-block-image size-full\"><img loading=\"lazy\" decoding=\"async\" width=\"720\" height=\"540\" data-id=\"2684\" src=\"https:\/\/taizyagromachine.com\/wp-content\/uploads\/2022\/05\/packing-sesame-seed-hulling-machine.jpg\" alt=\"m\u00e1quina de descascar sementes de gergelim\" class=\"wp-image-2684\"\/><figcaption class=\"wp-element-caption\">m\u00e1quina de descascar sementes de gergelim para embalar<\/figcaption><\/figure>    <figure class=\"wp-block-image size-full\"><img loading=\"lazy\" decoding=\"async\" width=\"720\" height=\"540\" data-id=\"2683\" src=\"https:\/\/taizyagromachine.com\/wp-content\/uploads\/2022\/05\/package.jpg\" alt=\"pacote\" class=\"wp-image-2683\"\/><figcaption class=\"wp-element-caption\">pacote<\/figcaption><\/figure> <\/figure>    <h2 class=\"wp-block-heading\" id=\"h-\"><strong>Consulta sobre o pre\u00e7o da m\u00e1quina de descascar gergelim!<\/strong><\/h2>    <p class=\"translation-block\">Quer descascar sementes de forma r\u00e1pida e segura? \u00c9 diferente da <a href=\"https:\/\/taizyagromachine.com\/pt\/product\/multifunctional-thresher\/\">m\u00e1quina multifuncional de debulhar<\/a>, se quiser mais detalhes, entre em contato conosco e recomendaremos a m\u00e1quina de descascar s\u00e9samo mais adequada e a melhor oferta para suas necessidades.<\/p>","protected":false},"excerpt":{"rendered":"<p>A m\u00e1quina descascadora de gergelim \u00e9 especialmente projetada para descascar sementes de gergelim e ab\u00f3bora com uma taxa de descascamento de 80%-85%. Este artigo descreve detalhadamente os par\u00e2metros da m\u00e1quina, a aplica\u00e7\u00e3o e como utilizar o descascador de gergelim.<\/p>","protected":false},"author":1,"featured_media":2161,"parent":0,"template":"","tags":[215],"product-type":[22],"class_list":["post-1974","product","type-product","status-publish","has-post-thumbnail","hentry","tag-sesame-peeling-machine","product-type-others"],"_links":{"self":[{"href":"https:\/\/taizyagromachine.com\/pt\/wp-json\/wp\/v2\/product\/1974","targetHints":{"allow":["GET"]}}],"collection":[{"href":"https:\/\/taizyagromachine.com\/pt\/wp-json\/wp\/v2\/product"}],"about":[{"href":"https:\/\/taizyagromachine.com\/pt\/wp-json\/wp\/v2\/types\/product"}],"author":[{"embeddable":true,"href":"https:\/\/taizyagromachine.com\/pt\/wp-json\/wp\/v2\/users\/1"}],"wp:featuredmedia":[{"embeddable":true,"href":"https:\/\/taizyagromachine.com\/pt\/wp-json\/wp\/v2\/media\/2161"}],"wp:attachment":[{"href":"https:\/\/taizyagromachine.com\/pt\/wp-json\/wp\/v2\/media?parent=1974"}],"wp:term":[{"taxonomy":"post_tag","embeddable":true,"href":"https:\/\/taizyagromachine.com\/pt\/wp-json\/wp\/v2\/tags?post=1974"},{"taxonomy":"product-type","embeddable":true,"href":"https:\/\/taizyagromachine.com\/pt\/wp-json\/wp\/v2\/product-type?post=1974"}],"curies":[{"name":"wp","href":"https:\/\/api.w.org\/{rel}","templated":true}]}}