{"id":1989,"date":"2022-02-09T06:55:47","date_gmt":"2022-02-09T06:55:47","guid":{"rendered":"https:\/\/taizyagromachine.com\/"},"modified":"2025-01-02T13:55:56","modified_gmt":"2025-01-02T05:55:56","slug":"watermelon-and-pumpkin-seed-harvester","status":"publish","type":"product","link":"https:\/\/taizyagromachine.com\/pt\/product\/watermelon-and-pumpkin-seed-harvester\/","title":{"rendered":"Colheitadeira de sementes de melancia e ab\u00f3bora"},"content":{"rendered":"<p class=\"translation-block\">O <strong>colhedor de sementes de ab\u00f3bora<\/strong> \u00e9 usado principalmente para a colheita e debulha de ab\u00f3boras. Este extrator de sementes de ab\u00f3bora tem tr\u00eas op\u00e7\u00f5es de pot\u00eancia, respetivamente, POT, motor e motor a diesel. Os clientes podem escolher a mais adequada com base na situa\u00e7\u00e3o real. Al\u00e9m disso, a m\u00e1quina colhedora de ab\u00f3boras pode colher sementes de mel\u00e3o cantalupo, sementes de ab\u00f3bora, sementes de mel\u00e3o, etc. Al\u00e9m disso, a nossa m\u00e1quina separadora de sementes de ab\u00f3bora \u00e9 bem recebida em muitos pa\u00edses e regi\u00f5es. Por exemplo, M\u00e9xico, Estados Unidos, Fran\u00e7a, Austr\u00e1lia, Filipinas, Marrocos, Israel, \u00c1frica do Sul, Canad\u00e1, etc. E temos casos de sucesso sobre o coletor de sementes de ab\u00f3bora nestes pa\u00edses. N\u00e3o hesite em contactar-nos!<\/p>    <h2 class=\"wp-block-heading\" id=\"h-type-1-small-size-melon-and-pumpkin-seed-extractor\"><strong>Tipo 1: extrator de sementes de mel\u00e3o e ab\u00f3bora de tamanho pequeno<\/strong><\/h2>    <p>Esta pequena m\u00e1quina de extra\u00e7\u00e3o de sementes de ab\u00f3bora \u00e9 acionada por um trator de 30-50 HP, e a peneira selecionada varia, assim como a quantidade de mel\u00f5es que podem ser processados. A m\u00e1quina possui um certificado CE. Al\u00e9m disso, a m\u00e1quina lida com uma variedade de mel\u00f5es com limpeza 85% e esmagamento inferior a 5%. Se voc\u00ea estiver interessado, entre em contato conosco.<\/p>   <div class=\"wp-block-image\"> <figure class=\"aligncenter size-full\"><img loading=\"lazy\" decoding=\"async\" width=\"720\" height=\"540\" src=\"https:\/\/taizyagromachine.com\/wp-content\/uploads\/2022\/02\/pumpkin-seed-picker-machine.jpg\" alt=\"m\u00e1quina selecionadora de sementes de ab\u00f3bora\" class=\"wp-image-2160\" srcset=\"https:\/\/taizyagromachine.com\/wp-content\/uploads\/2022\/02\/pumpkin-seed-picker-machine.jpg 720w, https:\/\/taizyagromachine.com\/wp-content\/uploads\/2022\/02\/pumpkin-seed-picker-machine-300x225.jpg 300w\" sizes=\"auto, (max-width: 720px) 100vw, 720px\" \/><figcaption>m\u00e1quina selecionadora de sementes de ab\u00f3bora<\/figcaption><\/figure> <\/div>   <h3 class=\"wp-block-heading\"><strong>Estrutura da m\u00e1quina selecionadora de sementes de ab\u00f3bora<\/strong><\/h3>    <p class=\"translation-block\">Na <a href=\"https:\/\/taizyagromachine.com\/pt\/\" target=\"_blank\" rel=\"noreferrer noopener\">Taizy Agro Machine Co.<\/a>, a nossa m\u00e1quina de colheita de ab\u00f3boras tem uma estrutura muito simples, incluindo entrada, sa\u00eddas para sementes de ab\u00f3bora e cascas de ab\u00f3bora. Portanto, \u00e9 f\u00e1cil de entender e operar.<\/p>   <div class=\"wp-block-image\"> <figure class=\"aligncenter size-full\"><img loading=\"lazy\" decoding=\"async\" width=\"720\" height=\"540\" src=\"https:\/\/taizyagromachine.com\/wp-content\/uploads\/2022\/02\/structure-of-pumpkin-seed-harvester.jpg\" alt=\"estrutura da colheitadeira de sementes de ab\u00f3bora\" class=\"wp-image-1996\" srcset=\"https:\/\/taizyagromachine.com\/wp-content\/uploads\/2022\/02\/structure-of-pumpkin-seed-harvester.jpg 720w, https:\/\/taizyagromachine.com\/wp-content\/uploads\/2022\/02\/structure-of-pumpkin-seed-harvester-300x225.jpg 300w\" sizes=\"auto, (max-width: 720px) 100vw, 720px\" \/><figcaption>estrutura da colheitadeira de sementes de ab\u00f3bora<\/figcaption><\/figure> <\/div>   <h3 class=\"wp-block-heading\"><strong>Par\u00e2metros da colheitadeira de sementes de mel\u00e3o <\/strong><\/h3>    <figure class=\"wp-block-table\"><table><tbody><tr><td>Modelo<strong><\/strong><\/td><td>5TZ-500<\/td><\/tr><tr><td>Dimens\u00e3o<\/td><td>2500*2000*1800mm<\/td><\/tr><tr><td>Peso<\/td><td>400kg<\/td><\/tr><tr><td>Velocidade de trabalho<\/td><td>4-6km\/h<\/td><\/tr><tr><td>Capacidade<\/td><td>300-500 kg\/hora<\/td><\/tr><tr><td>Taxa de limpeza<\/td><td>\u226585%<\/td><\/tr><tr><td>Taxa de quebra<\/td><td>\u22645%<\/td><\/tr><tr><td>Pot\u00eancia m\u00ednima<\/td><td>30cv<\/td><\/tr><tr><td>poder maximo<\/td><td>50cv<\/td><\/tr><tr><td>RPM<\/td><td>40<\/td><\/tr><tr><td>Conectar maneira<\/td><td>liga\u00e7\u00e3o de tr\u00eas pontos<\/td><\/tr><\/tbody><\/table><\/figure>    <h2 class=\"wp-block-heading\"><strong>Tipo 2: extrator de sementes de ab\u00f3bora de tamanho grande<\/strong><\/h2>    <p>A m\u00e1quina colhedora de sementes de ab\u00f3bora tem as fun\u00e7\u00f5es de colher, triturar, espremer, separar, limpar, armazenar e descarregar. E diferentes redes de separa\u00e7\u00e3o podem ser selecionadas para a colheita de sementes de melancia e ab\u00f3bora. Al\u00e9m disso, a m\u00e1quina \u00e9 acionada por trator atrav\u00e9s de tomada de for\u00e7a, o que \u00e9 especialmente adequado para a opera\u00e7\u00e3o agr\u00edcola simples. Ressalta-se que a m\u00e1quina extratora de sementes s\u00f3 pode ser utilizada para a colheita de melancias e ab\u00f3boras maduras, e seu desempenho n\u00e3o ser\u00e1 ideal se estiverem verdes ou podres.<\/p>    <p>\u00c9 uma m\u00e1quina piqueadora de sementes totalmente autom\u00e1tica, carregando mel\u00f5es automaticamente, igual a duas pequenas colheitadeiras de sementes de ab\u00f3bora.<\/p>    <div class=\"wp-block-columns is-layout-flex wp-container-core-columns-is-layout-9d6595d7 wp-block-columns-is-layout-flex\"> <div class=\"wp-block-column is-layout-flow wp-block-column-is-layout-flow\"><div class=\"wp-block-image\"> <figure class=\"aligncenter size-full\"><img loading=\"lazy\" decoding=\"async\" width=\"720\" height=\"540\" src=\"https:\/\/taizyagromachine.com\/wp-content\/uploads\/2022\/05\/pumkin-seeds-extractor.jpg\" alt=\"extrator de sementes de ab\u00f3bora\" class=\"wp-image-2811\"\/><figcaption>extrator de sementes de ab\u00f3bora<\/figcaption><\/figure> <\/div><\/div>    <div class=\"wp-block-column is-layout-flow wp-block-column-is-layout-flow\"><div class=\"wp-block-image\"> <figure class=\"aligncenter size-full\"><img loading=\"lazy\" decoding=\"async\" width=\"720\" height=\"540\" src=\"https:\/\/taizyagromachine.com\/wp-content\/uploads\/2022\/05\/pumpkin-harvester.jpg\" alt=\"colheitadeira de ab\u00f3bora\" class=\"wp-image-2812\"\/><figcaption>colheitadeira de ab\u00f3bora<\/figcaption><\/figure> <\/div><\/div> <\/div>    <h3 class=\"wp-block-heading\"><strong>Estrutura da m\u00e1quina colhedora de ab\u00f3bora para venda<\/strong><\/h3>    <p>A colheitadeira e extrator de sementes de melancia consiste em estrutura, barril de colheita de melancia, extrator de sementes, recipiente de tritura\u00e7\u00e3o, barril de limpeza, elevador, caixa de armazenamento de sementes, caixa de engrenagens, pneu e tubo hidr\u00e1ulico.<\/p>    <figure class=\"wp-block-gallery aligncenter has-nested-images columns-default is-cropped wp-block-gallery-2 is-layout-flex wp-block-gallery-is-layout-flex\"> <figure class=\"wp-block-image size-large\"><img loading=\"lazy\" decoding=\"async\" width=\"720\" height=\"540\" data-id=\"2814\" src=\"https:\/\/taizyagromachine.com\/wp-content\/uploads\/2022\/05\/watermelon-seed-picker-structure.jpg\" alt=\"estrutura colhedora de sementes de melancia\" class=\"wp-image-2814\"\/><figcaption>estrutura do selecionador de sementes de melancia<\/figcaption><\/figure>    <figure class=\"wp-block-image size-large\"><img loading=\"lazy\" decoding=\"async\" width=\"720\" height=\"540\" data-id=\"2815\" src=\"https:\/\/taizyagromachine.com\/wp-content\/uploads\/2022\/05\/pumpkin-seed-pikcer-structure.jpg\" alt=\"estrutura de semente de ab\u00f3bora\" class=\"wp-image-2815\"\/><figcaption>estrutura pikcer de semente de ab\u00f3bora<\/figcaption><\/figure>    <figure class=\"wp-block-image size-large\"><img loading=\"lazy\" decoding=\"async\" width=\"720\" height=\"540\" data-id=\"2816\" src=\"https:\/\/taizyagromachine.com\/wp-content\/uploads\/2022\/05\/seed-extraxtor-structure.jpg\" alt=\"estrutura do extrator de sementes\" class=\"wp-image-2816\"\/><figcaption>estrutura do extrator de sementes<\/figcaption><\/figure> <\/figure>    <h3 class=\"wp-block-heading\"><strong>Quais s\u00e3o os par\u00e2metros do selecionador de sementes de ab\u00f3bora?<\/strong><\/h3>    <figure class=\"wp-block-table\"><table><tbody><tr><td>Modelo<strong><\/strong><\/td><td>5TZ-1500<\/td><\/tr><tr><td>Peso<\/td><td>3.388 kg<\/td><\/tr><tr><td>Velocidade de trabalho<\/td><td>2-5km\/h\u00a0\u00a0(6600m<sup>2<\/sup>\/h)<\/td><\/tr><tr><td>Recipiente de materiais<\/td><td>1.288m\u00b3<\/td><\/tr><tr><td>Taxa de limpeza<\/td><td>\u226585%<\/td><\/tr><tr><td>Taxa de quebra<\/td><td>\u22640,3%<\/td><\/tr><tr><td>Poder<\/td><td>60-90kW<\/td><\/tr><tr><td>Velocidade de entrada<\/td><td>540-720 rpm<\/td><\/tr><tr><td>Conectar maneira<\/td><td>liga\u00e7\u00e3o de tr\u00eas pontos<\/td><\/tr><\/tbody><\/table><\/figure>    <h2 class=\"wp-block-heading\" id=\"characteristics-of-pumpkin-seed-collecting-machine\"><strong>Caracter\u00edsticas da m\u00e1quina de coleta de sementes de ab\u00f3bora<\/strong><\/h2>    <ul class=\"wp-block-list\" type=\"1\"><li>Simples de usar, f\u00e1cil de operar, opera\u00e7\u00e3o segura e confi\u00e1vel.<\/li><li>Estrutura razo\u00e1vel, desempenho est\u00e1vel, super qualidade.<\/li><li>Tr\u00eas sistemas de energia. Esta colheitadeira de sementes de ab\u00f3bora pode usar tomada de for\u00e7a, motor, motor diesel.<\/li><li>Flexibilidade forte. Como o extrator de sementes de melancia pode utilizar tr\u00eas fontes de energia, ele \u00e9 adequado para opera\u00e7\u00f5es de campo ou ocasi\u00f5es fixas em \u00e1reas planas.<\/li><li>Certificado CE. A colhedora de ab\u00f3boras \u00e0 venda possui certificado CE, atendendo \u00e0s exig\u00eancias do mercado.&nbsp;<\/li><\/ul>    <figure class=\"wp-block-gallery has-nested-images columns-default is-cropped wp-block-gallery-3 is-layout-flex wp-block-gallery-is-layout-flex\"> <figure class=\"wp-block-image size-full\"><img loading=\"lazy\" decoding=\"async\" width=\"720\" height=\"540\" data-id=\"1993\" src=\"https:\/\/taizyagromachine.com\/wp-content\/uploads\/2022\/02\/PTO-pumpkin-harvester.jpg\" alt=\"\" class=\"wp-image-1993\" srcset=\"https:\/\/taizyagromachine.com\/wp-content\/uploads\/2022\/02\/PTO-pumpkin-harvester.jpg 720w, https:\/\/taizyagromachine.com\/wp-content\/uploads\/2022\/02\/PTO-pumpkin-harvester-300x225.jpg 300w\" sizes=\"auto, (max-width: 720px) 100vw, 720px\" \/><figcaption>Tomada de for\u00e7a<\/figcaption><\/figure>    <figure class=\"wp-block-image size-large\"><img loading=\"lazy\" decoding=\"async\" width=\"720\" height=\"540\" data-id=\"1995\" src=\"https:\/\/taizyagromachine.com\/wp-content\/uploads\/2022\/02\/motor-pumpkin-harvester.jpg\" alt=\"motor\" class=\"wp-image-1995\" srcset=\"https:\/\/taizyagromachine.com\/wp-content\/uploads\/2022\/02\/motor-pumpkin-harvester.jpg 720w, https:\/\/taizyagromachine.com\/wp-content\/uploads\/2022\/02\/motor-pumpkin-harvester-300x225.jpg 300w\" sizes=\"auto, (max-width: 720px) 100vw, 720px\" \/><figcaption>motor<\/figcaption><\/figure>    <figure class=\"wp-block-image size-full\"><img loading=\"lazy\" decoding=\"async\" width=\"720\" height=\"540\" data-id=\"1994\" src=\"https:\/\/taizyagromachine.com\/wp-content\/uploads\/2022\/02\/diesel-pumpkin-aeed-harvester.jpg\" alt=\"Motor a gas\u00f3leo\" class=\"wp-image-1994\" srcset=\"https:\/\/taizyagromachine.com\/wp-content\/uploads\/2022\/02\/diesel-pumpkin-aeed-harvester.jpg 720w, https:\/\/taizyagromachine.com\/wp-content\/uploads\/2022\/02\/diesel-pumpkin-aeed-harvester-300x225.jpg 300w\" sizes=\"auto, (max-width: 720px) 100vw, 720px\" \/><figcaption>Motor a gas\u00f3leo<\/figcaption><\/figure> <\/figure>    <h2 class=\"wp-block-heading\" id=\"wide-applications-of-watermelon-and-pumpkin-seeds-harvester\"><strong>Amplas aplica\u00e7\u00f5es de colheitadeira de sementes de melancia e ab\u00f3bora<\/strong><\/h2>    <p>De um modo geral, esta m\u00e1quina para retirar sementes de ab\u00f3bora tem uma ampla gama de aplica\u00e7\u00f5es. Pode obter diversas sementes de frutas, como sementes de melancia, sementes de mel\u00e3o, sementes de caba\u00e7a e outras. Assim, esta colhedora de sementes de ab\u00f3bora tem um grande mercado potencial. Em caso de d\u00favidas, entre em contato conosco a qualquer momento para esclarecimentos\uff01<\/p>   <div class=\"wp-block-image\"> <figure class=\"aligncenter size-full\"><img loading=\"lazy\" decoding=\"async\" width=\"720\" height=\"540\" src=\"https:\/\/taizyagromachine.com\/wp-content\/uploads\/2022\/02\/applications-pumpkin-harvester.jpg\" alt=\"ampla aplica\u00e7\u00e3o - colheitadeira de sementes de ab\u00f3bora\" class=\"wp-image-1997\" srcset=\"https:\/\/taizyagromachine.com\/wp-content\/uploads\/2022\/02\/applications-pumpkin-harvester.jpg 720w, https:\/\/taizyagromachine.com\/wp-content\/uploads\/2022\/02\/applications-pumpkin-harvester-300x225.jpg 300w\" sizes=\"auto, (max-width: 720px) 100vw, 720px\" \/><figcaption>amplas aplica\u00e7\u00f5es<\/figcaption><\/figure> <\/div>   <h2 class=\"wp-block-heading\" id=\"usage-of-pumpkin-seeds\"><strong>Uso de sementes de ab\u00f3bora<\/strong><strong><\/strong><\/h2>    <p>Como todos sabem, podemos obter as sementes de ab\u00f3bora no extrator de sementes de ab\u00f3bora. Mas quais s\u00e3o as fun\u00e7\u00f5es das sementes de ab\u00f3bora, at\u00e9 mesmo de melancia e outras sementes? Na verdade, essas sementes s\u00e3o amplamente utilizadas em produtos de sa\u00fade e cuidados com a pele. Al\u00e9m do mais, colhemos sementes de ab\u00f3bora para comer, plantar, etc. Claro, as outras sementes s\u00e3o iguais.<\/p>    <h2 class=\"wp-block-heading\" id=\"h-how-are-pumpkin-seeds-shelled\"><strong>Como s\u00e3o descascadas as sementes de ab\u00f3bora?<\/strong><\/h2>    <p>A\u00a0m\u00e1quina colhedora de melancia e ab\u00f3bora\u00a0pode ser conectada ao pequeno trator durante o trabalho. O trator aciona a m\u00e1quina trabalhando por tomada de for\u00e7a.<\/p>    <p>1.\u00a0A m\u00e1quina colhedora de melancia e ab\u00f3bora pode coletar melancia ou ab\u00f3bora na tremonha (a colhedora de sementes de ab\u00f3bora de tamanho grande coleta automaticamente enquanto a de tamanho pequeno manualmente). &nbsp;<\/p>    <p>2. A m\u00e1quina esmaga a\u00a0melancia ou\u00a0ab\u00f3bora com um eixo triturador.<\/p>    <p>3.\u00a0Melancia\u00a0ou\u00a0ab\u00f3bora esmagada vai para o tambor de separa\u00e7\u00e3o.<\/p>    <p>4.\u00a0Com o eixo funcionando, a pele e a carne de melancia ou ab\u00f3bora s\u00e3o descarregadas do tambor de separa\u00e7\u00e3o e as sementes de melancia ou ab\u00f3bora s\u00e3o puxadas para o tambor de limpeza.<\/p>    <p>5. Com o eixo de limpeza funcionando, as sementes de melancia ou ab\u00f3bora s\u00e3o limpas e separadas novamente.<\/p>    <p>6.\u00a0As sementes s\u00e3o descarregadas com uma rota\u00e7\u00e3o do eixo de limpeza.<\/p>    <h2 class=\"wp-block-heading\" id=\"equipment-used-with-pumpkin-seed-harvesting-machine\"><strong>Equipamento usado com m\u00e1quina de colheita de sementes de ab\u00f3bora<\/strong><strong><\/strong><\/h2>    <p>Esta tamb\u00e9m \u00e9 uma m\u00e1quina de colheita de ab\u00f3bora e melancia. Pode quebrar os caules da ab\u00f3bora ou da melancia, coletar a ab\u00f3bora ou a melancia e coloc\u00e1-las de lado. Ent\u00e3o, esse equipamento ajuda a fazenda a economizar tempo. Al\u00e9m disso, geralmente funciona com a m\u00e1quina colhedora de sementes de ab\u00f3bora. Aguardamos sua consulta!<\/p>   <div class=\"wp-block-image\"> <figure class=\"aligncenter size-full\"><img loading=\"lazy\" decoding=\"async\" width=\"720\" height=\"500\" src=\"https:\/\/taizyagromachine.com\/wp-content\/uploads\/2022\/02\/harvesting-machine-for-pumpkin.jpg\" alt=\"m\u00e1quina de colheita de ab\u00f3bora, melancia, etc.\" class=\"wp-image-1998\" srcset=\"https:\/\/taizyagromachine.com\/wp-content\/uploads\/2022\/02\/harvesting-machine-for-pumpkin.jpg 720w, https:\/\/taizyagromachine.com\/wp-content\/uploads\/2022\/02\/harvesting-machine-for-pumpkin-300x208.jpg 300w\" sizes=\"auto, (max-width: 720px) 100vw, 720px\" \/><figcaption>m\u00e1quina de colheita de ab\u00f3bora, melancia, etc.<\/figcaption><\/figure> <\/div>   <h2 class=\"wp-block-heading\" id=\"successful-case-pumpkin-seed-collector-sold-to-france\"><strong>Caso de sucesso: colheitadeira de sementes de ab\u00f3bora vendida para Fran\u00e7a<\/strong><\/h2>    <p>Nosso gerente de vendas Winnie recebeu uma consulta sobre uma colheitadeira de sementes de um cliente franc\u00eas. Ele se dedica ao plantio h\u00e1 muitos anos. E ele cultivou uma grande \u00e1rea de campos de ab\u00f3bora, vendendo principalmente sementes de ab\u00f3bora para fazer produtos de sa\u00fade. Ele viu nosso extrator de sementes de ab\u00f3bora no site e achou que era muito \u00fatil para ele, ent\u00e3o tomou a iniciativa de nos contatar para saber o pre\u00e7o da colhedora de sementes de ab\u00f3bora. Nosso gerente de vendas Winnie enviou a foto e o v\u00eddeo de trabalho, ele ficou muito satisfeito. Ambos os lados assinaram o contrato. <\/p>    <p class=\"translation-block\">Posteriormente, ao selecionar o barril de limpeza, as sementes de ab\u00f3bora a serem coletadas pelo cliente franc\u00eas foram medidas e combinadas com a malha de peneira apropriada. Finalmente, foi enviado com sucesso para a Fran\u00e7a por via mar\u00edtima. Tamb\u00e9m fornecemos a <a href=\"https:\/\/taizyagromachine.com\/pt\/product\/automatic-sesame-seed-peeling-and-hulling-machine\/\" target=\"_blank\" rel=\"noreferrer noopener\">m\u00e1quina de descascar sementes de s\u00e9samo<\/a>, m\u00e1quina de prensar \u00f3leo e outras m\u00e1quinas agr\u00edcolas diversas. <\/p>    <figure class=\"wp-block-gallery has-nested-images columns-default is-cropped wp-block-gallery-4 is-layout-flex wp-block-gallery-is-layout-flex\"> <figure class=\"wp-block-image size-large\"><img loading=\"lazy\" decoding=\"async\" width=\"720\" height=\"540\" data-id=\"1999\" src=\"https:\/\/taizyagromachine.com\/wp-content\/uploads\/2022\/02\/machien-parts-to-pack.jpg\" alt=\"pe\u00e7as de m\u00e1quinas para embalar\" class=\"wp-image-1999\" srcset=\"https:\/\/taizyagromachine.com\/wp-content\/uploads\/2022\/02\/machien-parts-to-pack.jpg 720w, https:\/\/taizyagromachine.com\/wp-content\/uploads\/2022\/02\/machien-parts-to-pack-300x225.jpg 300w\" sizes=\"auto, (max-width: 720px) 100vw, 720px\" \/><figcaption>pe\u00e7as de m\u00e1quinas para embalar<\/figcaption><\/figure>    <figure class=\"wp-block-image size-large\"><img loading=\"lazy\" decoding=\"async\" width=\"1024\" height=\"768\" data-id=\"2000\" src=\"https:\/\/taizyagromachine.com\/wp-content\/uploads\/2022\/02\/measure-seed-size-1024x768.jpg\" alt=\"medir o tamanho da semente\" class=\"wp-image-2000\" srcset=\"https:\/\/taizyagromachine.com\/wp-content\/uploads\/2022\/02\/measure-seed-size-1024x768.jpg 1024w, https:\/\/taizyagromachine.com\/wp-content\/uploads\/2022\/02\/measure-seed-size-300x225.jpg 300w, https:\/\/taizyagromachine.com\/wp-content\/uploads\/2022\/02\/measure-seed-size-768x576.jpg 768w, https:\/\/taizyagromachine.com\/wp-content\/uploads\/2022\/02\/measure-seed-size.jpg 1080w\" sizes=\"auto, (max-width: 1024px) 100vw, 1024px\" \/><figcaption>medir o tamanho da semente<\/figcaption><\/figure> <\/figure>    <h2 class=\"wp-block-heading\" id=\"h-faq\"><strong>Perguntas frequentes sobre a colheitadeira de sementes de melancia e ab\u00f3bora<\/strong><\/h2>   <div id=\"rank-math-faq\" class=\"rank-math-block\"> <div class=\"rank-math-list\"> <div id=\"faq-question-1665562690660\" class=\"rank-math-list-item\"> <h3 class=\"rank-math-question\"><strong>P: Como confirmar o tamanho das sementes de mel\u00e3o?<\/strong><\/h3> <div class=\"rank-math-answer\">  <p>R: Me\u00e7a o comprimento e a largura das sementes de mel\u00e3o.<\/p>  <\/div> <\/div> <div id=\"faq-question-1665562695862\" class=\"rank-math-list-item\"> <h3 class=\"rank-math-question\"><strong>P: Que tal o eixo intermedi\u00e1rio do trator?<\/strong><\/h3> <div class=\"rank-math-answer\">  <p>R: 6 ou 8.<\/p>  <\/div> <\/div> <div id=\"faq-question-1665562704903\" class=\"rank-math-list-item\"> <h3 class=\"rank-math-question\"><strong>P: Que tipo de sementes s\u00e3o adequadas?<\/strong><\/h3> <div class=\"rank-math-answer\">  <p class=\"translation-block\">R: <a href=\"https:\/\/en.wikipedia.org\/wiki\/Zucchini\" target=\"_blank\" rel=\"noreferrer noopener\">Ab\u00f3bora<\/a>, melancia, ab\u00f3bora, pepino, mel\u00e3o (Austr\u00e1lia).<\/p>  <\/div> <\/div> <\/div> <\/div>","protected":false},"excerpt":{"rendered":"<p>Pumpkin seed harvester&nbsp;is mainly used for harvesting and deseeding pumpkins. This pumpkin seed extractor has three options for power, respectively POT, motor, and diesel engine. Customers can choose the suitable one based on the actual situation. Besides, the pumpkin harvester machine can harvest the cantaloupe seed, gourd seed, melon seed, etc. Also, our pumpkin seed [&hellip;]<\/p>\n","protected":false},"author":1,"featured_media":2813,"parent":0,"template":"","tags":[112,114,109,113,111,110,115],"product-type":[22],"class_list":["post-1989","product","type-product","status-publish","has-post-thumbnail","hentry","tag-melon-seed-harvester","tag-pumpkin-seed-collector","tag-pumpkin-seed-harvester","tag-pumpkin-seed-picker","tag-seed-extractor","tag-watermelon-seed-harvester","tag-watermelon-seed-picker-machine","product-type-others"],"_links":{"self":[{"href":"https:\/\/taizyagromachine.com\/pt\/wp-json\/wp\/v2\/product\/1989","targetHints":{"allow":["GET"]}}],"collection":[{"href":"https:\/\/taizyagromachine.com\/pt\/wp-json\/wp\/v2\/product"}],"about":[{"href":"https:\/\/taizyagromachine.com\/pt\/wp-json\/wp\/v2\/types\/product"}],"author":[{"embeddable":true,"href":"https:\/\/taizyagromachine.com\/pt\/wp-json\/wp\/v2\/users\/1"}],"wp:featuredmedia":[{"embeddable":true,"href":"https:\/\/taizyagromachine.com\/pt\/wp-json\/wp\/v2\/media\/2813"}],"wp:attachment":[{"href":"https:\/\/taizyagromachine.com\/pt\/wp-json\/wp\/v2\/media?parent=1989"}],"wp:term":[{"taxonomy":"post_tag","embeddable":true,"href":"https:\/\/taizyagromachine.com\/pt\/wp-json\/wp\/v2\/tags?post=1989"},{"taxonomy":"product-type","embeddable":true,"href":"https:\/\/taizyagromachine.com\/pt\/wp-json\/wp\/v2\/product-type?post=1989"}],"curies":[{"name":"wp","href":"https:\/\/api.w.org\/{rel}","templated":true}]}}