{"id":2002,"date":"2022-02-10T08:13:22","date_gmt":"2022-02-10T08:13:22","guid":{"rendered":"https:\/\/taizyagromachine.com\/"},"modified":"2025-04-27T14:16:30","modified_gmt":"2025-04-27T06:16:30","slug":"two-wheel-drive-walking-type-tractor","status":"publish","type":"product","link":"https:\/\/taizyagromachine.com\/pt\/product\/two-wheel-drive-walking-type-tractor\/","title":{"rendered":"Trator tipo andante com tra\u00e7\u00e3o em duas rodas"},"content":{"rendered":"<p class=\"translation-block\">O<strong> trator tipo andar<\/strong> \u00e9 um trator agr\u00edcola essencial de 2 rodas, capaz de operar v\u00e1rios implementos diferentes. O trator de andar fornece as fontes de energia, amplamente utilizado em todo o mundo. O trator de m\u00e3o tem vantagens de multifun\u00e7\u00f5es, opera\u00e7\u00e3o f\u00e1cil, estrutura compacta. Al\u00e9m disso, este trator de andar pode corresponder a diferentes equipamentos, como arado, enxad\u00e3o, <a href=\"https:\/\/cornmachines.com\/corn-planter-machine\/\" target=\"_blank\" rel=\"noreferrer noopener\">semeador<\/a>, bomba de \u00e1gua, etc. Os acess\u00f3rios do trator de andar podem ser variados. Devido ao seu pre\u00e7o econ\u00f3mico, o trator de duas rodas \u00e9 bem recebido na \u00c1frica do Sul, Maur\u00edcia, Am\u00e9rica, Zimbabu\u00e9, Uganda, etc. Se tiver interesse, contacte-nos a qualquer momento.<\/p>    <h2 class=\"wp-block-heading\" id=\"features-of-walking-type-tractor\"><strong>Caracter\u00edsticas do trator tipo ambulante<\/strong><strong><\/strong><\/h2>    <ul class=\"wp-block-list\"> <li>Estrutura simples, boa qualidade, desempenho est\u00e1vel.<\/li>    <li>Pre\u00e7o competitivo no mercado. O pre\u00e7o do trator ambulante \u00e9 acess\u00edvel para pessoas na maioria dos pa\u00edses, como o Qu\u00eania.<\/li>    <li>M\u00faltiplas fun\u00e7\u00f5es. Este trator de duas rodas pode trabalhar com diferentes tipos de m\u00e1quinas para realizar valas, semeadura, cumeeiras, colheita, etc.<\/li>    <li>Exportado para muitos pa\u00edses e regi\u00f5es. Devido ao seu pre\u00e7o forte, este trator manual tem sido frequentemente exportado para \u00c1frica. Como Lesoto, Gana, \u00c1frica do Sul, Qu\u00e9nia, Zimbabu\u00e9, Nig\u00e9ria, I\u00e9men, Som\u00e1lia, Botswana, etc.<\/li>    <li>Forte praticidade. Este trator agr\u00edcola cria condi\u00e7\u00f5es muito mais convenientes para pessoas que est\u00e3o em m\u00e1 situa\u00e7\u00e3o.<\/li> <\/ul>    <h2 class=\"wp-block-heading\" id=\"working-video-of-walking-type-tractor-implements\"><strong>V\u00eddeo de trabalho de implementos de trator tipo ambulante<\/strong><\/h2>    <p>Este trator ambulante pequeno e simples tem muitas possibilidades com base nas demandas dos clientes. O v\u00eddeo abaixo mostra suficientemente diversas possibilidades e fun\u00e7\u00f5es.<\/p>    <figure class=\"wp-block-embed is-type-video is-provider-youtube wp-block-embed-youtube\"><div class=\"wp-block-embed__wrapper\"> <iframe loading=\"lazy\" title=\"Trator ambulante | trator manual | trator ambulante de duas rodas | trator de passeio com dispositivo diesel\" width=\"500\" height=\"281\" src=\"https:\/\/www.youtube.com\/embed\/TQMlzGjxFTs?feature=oembed\" frameborder=\"0\" allow=\"accelerometer; autoplay; clipboard-write; encrypted-media; gyroscope; picture-in-picture; web-share\" referrerpolicy=\"strict-origin-when-cross-origin\" allowfullscreen><\/iframe> <\/div><\/figure>    <h2 class=\"wp-block-heading\" id=\"functional-diversification-of-walking-tractor\"><strong>Diversifica\u00e7\u00e3o Funcional do Trator Andante<\/strong><strong><\/strong><\/h2>    <p class=\"translation-block\">Como este trator de duas rodas fornece apenas a fonte de energia, ele pode ser associado a muitas m\u00e1quinas agr\u00edcolas para alcan\u00e7ar diferentes fun\u00e7\u00f5es. Por exemplo, um trator de andar com arado pode lavrar a terra para o cultivo subsequente. O trator de m\u00e3o com semeador, como o semeador de milho, o <a href=\"https:\/\/taizyagromachine.com\/pt\/product\/wheat-planter\/\" target=\"_blank\" rel=\"noreferrer noopener\">semeador de trigo<\/a> pode semear e fertilizar ao mesmo tempo. Al\u00e9m disso, o trator tipo andar com um reboque pode carregar itens. Al\u00e9m disso, pode ter rodas comuns substitu\u00eddas por rodas de arroz para campos de arroz. Em suma, este trator de 2 rodas motrizes pode atingir m\u00faltiplas fun\u00e7\u00f5es em conjunto com as muitas m\u00e1quinas. Aguardamos a sua consulta!<\/p>    <figure class=\"wp-block-gallery has-nested-images columns-default is-cropped wp-block-gallery-2 is-layout-flex wp-block-gallery-is-layout-flex\"> <figure class=\"wp-block-image size-large\"><img loading=\"lazy\" decoding=\"async\" width=\"720\" height=\"540\" data-id=\"2008\" src=\"https:\/\/taizyagromachine.com\/wp-content\/uploads\/2022\/02\/2-wheel-tractor-with-corn-planter.jpg\" alt=\"Trator de 2 rodas com plantador de milho\" class=\"wp-image-2008\" srcset=\"https:\/\/taizyagromachine.com\/wp-content\/uploads\/2022\/02\/2-wheel-tractor-with-corn-planter.jpg 720w, https:\/\/taizyagromachine.com\/wp-content\/uploads\/2022\/02\/2-wheel-tractor-with-corn-planter-300x225.jpg 300w\" sizes=\"auto, (max-width: 720px) 100vw, 720px\" \/><figcaption class=\"wp-element-caption\">Trator de 2 rodas com plantador de milho<\/figcaption><\/figure>    <figure class=\"wp-block-image size-large\"><img loading=\"lazy\" decoding=\"async\" width=\"720\" height=\"540\" data-id=\"2011\" src=\"https:\/\/taizyagromachine.com\/wp-content\/uploads\/2022\/02\/walk-behind-tractor-with-wheat-planter.jpg\" alt=\"trator de passeio com plantador de trigo\" class=\"wp-image-2011\" srcset=\"https:\/\/taizyagromachine.com\/wp-content\/uploads\/2022\/02\/walk-behind-tractor-with-wheat-planter.jpg 720w, https:\/\/taizyagromachine.com\/wp-content\/uploads\/2022\/02\/walk-behind-tractor-with-wheat-planter-300x225.jpg 300w\" sizes=\"auto, (max-width: 720px) 100vw, 720px\" \/><figcaption class=\"wp-element-caption\">trator de passeio com plantador de trigo<\/figcaption><\/figure>    <figure class=\"wp-block-image size-large\"><img loading=\"lazy\" decoding=\"async\" width=\"720\" height=\"540\" data-id=\"2013\" src=\"https:\/\/taizyagromachine.com\/wp-content\/uploads\/2022\/02\/walking-trator-trailer.jpg\" alt=\"reboque tipo trator ambulante\" class=\"wp-image-2013\" srcset=\"https:\/\/taizyagromachine.com\/wp-content\/uploads\/2022\/02\/walking-trator-trailer.jpg 720w, https:\/\/taizyagromachine.com\/wp-content\/uploads\/2022\/02\/walking-trator-trailer-300x225.jpg 300w\" sizes=\"auto, (max-width: 720px) 100vw, 720px\" \/><figcaption class=\"wp-element-caption\">reboque<\/figcaption><\/figure> <\/figure>    <figure class=\"wp-block-gallery has-nested-images columns-default is-cropped wp-block-gallery-3 is-layout-flex wp-block-gallery-is-layout-flex\"> <figure class=\"wp-block-image size-large\"><img loading=\"lazy\" decoding=\"async\" width=\"720\" height=\"540\" data-id=\"2014\" src=\"https:\/\/taizyagromachine.com\/wp-content\/uploads\/2022\/02\/electric-start-device-walking-tractor.jpg\" alt=\"trator ambulante com dispositivo de partida el\u00e9trica\" class=\"wp-image-2014\" srcset=\"https:\/\/taizyagromachine.com\/wp-content\/uploads\/2022\/02\/electric-start-device-walking-tractor.jpg 720w, https:\/\/taizyagromachine.com\/wp-content\/uploads\/2022\/02\/electric-start-device-walking-tractor-300x225.jpg 300w\" sizes=\"auto, (max-width: 720px) 100vw, 720px\" \/><figcaption class=\"wp-element-caption\">trator ambulante com dispositivo de partida el\u00e9trica<\/figcaption><\/figure>    <figure class=\"wp-block-image size-large\"><img loading=\"lazy\" decoding=\"async\" width=\"720\" height=\"540\" data-id=\"2012\" src=\"https:\/\/taizyagromachine.com\/wp-content\/uploads\/2022\/02\/water-pump-hand-tractor.jpg\" alt=\"bomba de \u00e1gua\" class=\"wp-image-2012\" srcset=\"https:\/\/taizyagromachine.com\/wp-content\/uploads\/2022\/02\/water-pump-hand-tractor.jpg 720w, https:\/\/taizyagromachine.com\/wp-content\/uploads\/2022\/02\/water-pump-hand-tractor-300x225.jpg 300w\" sizes=\"auto, (max-width: 720px) 100vw, 720px\" \/><figcaption class=\"wp-element-caption\">bomba de \u00e1gua<\/figcaption><\/figure> <\/figure>    <h2 class=\"wp-block-heading\" id=\"walking-tractor-attachments\">Acess\u00f3rios para trator ambulante<\/h2>    <p>Como fabricante e fornecedor profissional de m\u00e1quinas agr\u00edcolas, temos v\u00e1rias coloca\u00e7\u00f5es para mostrar a voc\u00ea.<\/p>    <h3 class=\"wp-block-heading\" id=\"walking-type-tractor-with-rovatator\">Trator tipo ambulante com rotovator<\/h3>    <p>Quando esses dois trabalham juntos, \u00e9 adequado para campos aqu\u00e1ticos e para terras \u00e1ridas. Al\u00e9m disso, pela imagem, podemos ver claramente que existe um design de assento para criar condi\u00e7\u00f5es convenientes para os usu\u00e1rios.<\/p>   <div class=\"wp-block-image\"> <figure class=\"aligncenter size-full\"><img loading=\"lazy\" decoding=\"async\" width=\"720\" height=\"540\" src=\"https:\/\/taizyagromachine.com\/wp-content\/uploads\/2022\/02\/walking-type-tractor-with-rotavator.jpg\" alt=\"trator tipo ambulante com rotovator\" class=\"wp-image-2006\" srcset=\"https:\/\/taizyagromachine.com\/wp-content\/uploads\/2022\/02\/walking-type-tractor-with-rotavator.jpg 720w, https:\/\/taizyagromachine.com\/wp-content\/uploads\/2022\/02\/walking-type-tractor-with-rotavator-300x225.jpg 300w\" sizes=\"auto, (max-width: 720px) 100vw, 720px\" \/><figcaption class=\"wp-element-caption\">trator tipo ambulante com rotovator<\/figcaption><\/figure> <\/div>   <h3 class=\"wp-block-heading\" id=\"2-wheel-drive-tractor-with-double-disc-plough\">Trator de 2 rodas com arado de disco duplo<\/h3>    <p>O arado de disco duplo destina-se principalmente ao cultivo de terras \u00e1ridas. Esta combina\u00e7\u00e3o tem as vantagens de f\u00e1cil opera\u00e7\u00e3o, velocidade r\u00e1pida e alta efici\u00eancia.<\/p>   <div class=\"wp-block-image\"> <figure class=\"aligncenter size-full\"><img loading=\"lazy\" decoding=\"async\" width=\"720\" height=\"540\" src=\"https:\/\/taizyagromachine.com\/wp-content\/uploads\/2022\/02\/2-wheel-rive-tractor-with-double-disc-plough.jpg\" alt=\"Trator de 2 rodas com arado de disco duplo\" class=\"wp-image-2007\" srcset=\"https:\/\/taizyagromachine.com\/wp-content\/uploads\/2022\/02\/2-wheel-rive-tractor-with-double-disc-plough.jpg 720w, https:\/\/taizyagromachine.com\/wp-content\/uploads\/2022\/02\/2-wheel-rive-tractor-with-double-disc-plough-300x225.jpg 300w\" sizes=\"auto, (max-width: 720px) 100vw, 720px\" \/><figcaption class=\"wp-element-caption\">Trator de 2 rodas com arado de disco duplo<\/figcaption><\/figure> <\/div>   <h3 class=\"wp-block-heading\" id=\"hand-tractor-with-double-plough\">Trator manual com arado duplo<\/h3>    <p>O trator manual com arado duplo \u00e9 comumente utilizado em campos secos para revirar e soltar o solo.<\/p>   <div class=\"wp-block-image\"> <figure class=\"aligncenter size-full\"><img loading=\"lazy\" decoding=\"async\" width=\"720\" height=\"540\" src=\"https:\/\/taizyagromachine.com\/wp-content\/uploads\/2022\/02\/hand-tractor-with-double-plough.jpg\" alt=\"trator manual com arado duplo\" class=\"wp-image-2009\" srcset=\"https:\/\/taizyagromachine.com\/wp-content\/uploads\/2022\/02\/hand-tractor-with-double-plough.jpg 720w, https:\/\/taizyagromachine.com\/wp-content\/uploads\/2022\/02\/hand-tractor-with-double-plough-300x225.jpg 300w\" sizes=\"auto, (max-width: 720px) 100vw, 720px\" \/><figcaption class=\"wp-element-caption\">trator manual com arado duplo<\/figcaption><\/figure> <\/div>   <h3 class=\"wp-block-heading\" id=\"two-wheel-drive-tractor-with-paddy-wheel\">Trator com tra\u00e7\u00e3o nas duas rodas e roda de arroz<\/h3>    <p>Este tipo de trator ambulante com roda de arroz \u00e9 principalmente para arrozais aquosos. Esta roda de arroz \u00e9 ben\u00e9fica para caminhar nos campos aqu\u00e1ticos, n\u00e3o presa nas terras.<\/p>   <div class=\"wp-block-image\"> <figure class=\"aligncenter size-full\"><img loading=\"lazy\" decoding=\"async\" width=\"720\" height=\"540\" src=\"https:\/\/taizyagromachine.com\/wp-content\/uploads\/2022\/02\/two-whell-drive-tractor-with-paddy-wheel.jpg\" alt=\"trator com tra\u00e7\u00e3o nas duas rodas e roda de arroz\" class=\"wp-image-2010\" srcset=\"https:\/\/taizyagromachine.com\/wp-content\/uploads\/2022\/02\/two-whell-drive-tractor-with-paddy-wheel.jpg 720w, https:\/\/taizyagromachine.com\/wp-content\/uploads\/2022\/02\/two-whell-drive-tractor-with-paddy-wheel-300x225.jpg 300w\" sizes=\"auto, (max-width: 720px) 100vw, 720px\" \/><figcaption class=\"wp-element-caption\">trator com tra\u00e7\u00e3o nas duas rodas e roda de arroz<\/figcaption><\/figure> <\/div>   <h2 class=\"wp-block-heading\" id=\"successful-case-hand-tractor-exported-to-mauritius-and-south-africa\"><strong>Caso de sucesso: trator manual exportado para Maur\u00edcio e \u00c1frica do Sul<\/strong><strong><\/strong><\/h2>    <p>Na verdade, este trator port\u00e1til \u00e9 muito popular no mundo. Por causa da simplicidade, o trator de duas rodas tem for\u00e7a de pre\u00e7o. Al\u00e9m do mais, possui m\u00faltiplas fun\u00e7\u00f5es com m\u00e1quinas diferentes. Portanto, tem mercados amplos. Nosso gerente de vendas, Coco, recebeu convites para cota\u00e7\u00f5es das Maur\u00edcias e da \u00c1frica do Sul, respectivamente. Como os tratores ambulantes podem ser usados \u200b\u200bcomo fonte de energia e trabalhar com diferentes m\u00e1quinas, os clientes nas Maur\u00edcias e na \u00c1frica do Sul encomendaram n\u00e3o apenas tratores manuais, mas tamb\u00e9m bombas de \u00e1gua, arados, sulcadores, rodas de arroz, arrancadores de inc\u00eandio el\u00e9tricos, etc. caixas de madeira, carregou-as no cont\u00eainer e exportou-as para Maur\u00edcio e \u00c1frica do Sul por via mar\u00edtima. Bem-vindo a entrar em contato conosco para obter mais informa\u00e7\u00f5es!<\/p>   <div class=\"wp-block-image\"> <figure class=\"aligncenter size-full\"><img loading=\"lazy\" decoding=\"async\" width=\"720\" height=\"540\" src=\"https:\/\/taizyagromachine.com\/wp-content\/uploads\/2022\/02\/pack-walking-tractor-into-wooden-cases.jpg\" alt=\"embalar trator manual em caixas de madeira\" class=\"wp-image-2004\" srcset=\"https:\/\/taizyagromachine.com\/wp-content\/uploads\/2022\/02\/pack-walking-tractor-into-wooden-cases.jpg 720w, https:\/\/taizyagromachine.com\/wp-content\/uploads\/2022\/02\/pack-walking-tractor-into-wooden-cases-300x225.jpg 300w\" sizes=\"auto, (max-width: 720px) 100vw, 720px\" \/><figcaption class=\"wp-element-caption\">carregar o trator manual em caixas de madeira para o cont\u00eainer<\/figcaption><\/figure> <\/div>   <figure class=\"wp-block-embed is-type-video is-provider-youtube wp-block-embed-youtube wp-embed-aspect-16-9 wp-has-aspect-ratio\"><div class=\"wp-block-embed__wrapper\"> <iframe loading=\"lazy\" title=\"Trator de m\u00e3o com colhedora para colheita de amendoim e batata | Equipamento de colheita de amendoim\" width=\"500\" height=\"281\" src=\"https:\/\/www.youtube.com\/embed\/DzLEq9Kn4m4?feature=oembed\" frameborder=\"0\" allow=\"accelerometer; autoplay; clipboard-write; encrypted-media; gyroscope; picture-in-picture; web-share\" referrerpolicy=\"strict-origin-when-cross-origin\" allowfullscreen><\/iframe> <\/div><figcaption class=\"wp-element-caption\">v\u00eddeo de trator de m\u00e3o com colhedora<\/figcaption><\/figure>","protected":false},"excerpt":{"rendered":"<p>Walking type tractor&nbsp;is an essential 2 wheel farm walking tractor, capable of operating many different implements. Walk-behind tractor supplies the power sources, widely used worldwide. The hand tractor has advantages of multi functions, easy operation, compact structure. Besides, this walking tractor can match with the different equipment, like plough, ridger, planter, water pump, etc. The [&hellip;]<\/p>\n","protected":false},"author":1,"featured_media":2159,"parent":0,"template":"","tags":[],"product-type":[22],"class_list":["post-2002","product","type-product","status-publish","has-post-thumbnail","hentry","product-type-others"],"_links":{"self":[{"href":"https:\/\/taizyagromachine.com\/pt\/wp-json\/wp\/v2\/product\/2002","targetHints":{"allow":["GET"]}}],"collection":[{"href":"https:\/\/taizyagromachine.com\/pt\/wp-json\/wp\/v2\/product"}],"about":[{"href":"https:\/\/taizyagromachine.com\/pt\/wp-json\/wp\/v2\/types\/product"}],"author":[{"embeddable":true,"href":"https:\/\/taizyagromachine.com\/pt\/wp-json\/wp\/v2\/users\/1"}],"wp:featuredmedia":[{"embeddable":true,"href":"https:\/\/taizyagromachine.com\/pt\/wp-json\/wp\/v2\/media\/2159"}],"wp:attachment":[{"href":"https:\/\/taizyagromachine.com\/pt\/wp-json\/wp\/v2\/media?parent=2002"}],"wp:term":[{"taxonomy":"post_tag","embeddable":true,"href":"https:\/\/taizyagromachine.com\/pt\/wp-json\/wp\/v2\/tags?post=2002"},{"taxonomy":"product-type","embeddable":true,"href":"https:\/\/taizyagromachine.com\/pt\/wp-json\/wp\/v2\/product-type?post=2002"}],"curies":[{"name":"wp","href":"https:\/\/api.w.org\/{rel}","templated":true}]}}