{"id":2019,"date":"2022-02-11T06:41:24","date_gmt":"2022-02-11T06:41:24","guid":{"rendered":"https:\/\/taizyagromachine.com\/"},"modified":"2025-01-02T13:52:41","modified_gmt":"2025-01-02T05:52:41","slug":"small-groundnut-harvester","status":"publish","type":"product","link":"https:\/\/taizyagromachine.com\/pt\/product\/small-groundnut-harvester\/","title":{"rendered":"Colheitadeira de amendoim | Equipamento para colheita de amendoim"},"content":{"rendered":"<p class=\"translation-block\">O<strong>Colhedor de Amendoim<\/strong>\u00e9 o equipamento ideal para separar o fruto do amendoim do solo. Normalmente, o colhedor de amendoim \u00e9 montado no trator, trabalhando nos campos. Al\u00e9m disso, esta m\u00e1quina de colheita de amendoim tem uma boa capacidade de 0,3-0,5 acres por hora. Al\u00e9m disso, a taxa de recolha da m\u00e1quina de colheita de amendoim \u00e9 \u226598%, enquanto a taxa de quebra \u00e9 \u22641%. Todos sabemos que o amendoim debaixo da terra tem alguma terra. E o equipamento colhedor de amendoim tem uma taxa de limpeza superior a 95%. Assim, esta escavadora de amendoim \u00e9 popular no mercado de m\u00e1quinas de amendoim. Aguardamos a sua consulta!<\/p>    <h2 class=\"wp-block-heading\" id=\"characteristics-of-peanut-harvester-for-sale\"><strong>Caracter\u00edsticas do equipamento de colheita de amendoim para venda<\/strong><\/h2>    <ul class=\"wp-block-list\" type=\"1\"> <li>Estrutura simples, f\u00e1cil opera\u00e7\u00e3o, alta efici\u00eancia.<\/li>    <li>O rolo protege as plantas de amendoim de afundarem no solo e facilita a escava\u00e7\u00e3o.<\/li>    <li>O \u00e2ngulo de bisel pode prometer que o amendoim fique de lado.<\/li>    <li>O eixo de transmiss\u00e3o universal da colhedora de amendoim \u00e9 acoplado ao trator com a articula\u00e7\u00e3o da suspens\u00e3o, ajustando a dire\u00e7\u00e3o do acionamento dos dentes de serra.<\/li>    <li>O eixo de transmiss\u00e3o serve para transferir os frutos do amendoim.<\/li> <\/ul>    <figure class=\"wp-block-gallery has-nested-images columns-default is-cropped wp-block-gallery-2 is-layout-flex wp-block-gallery-is-layout-flex\"> <figure class=\"wp-block-image size-full\"><img loading=\"lazy\" decoding=\"async\" width=\"720\" height=\"540\" data-id=\"2025\" src=\"https:\/\/taizyagromachine.com\/wp-content\/uploads\/2022\/02\/transmission-shaft-ground-nut-harvesting-machine.jpg\" alt=\"eixo de transmiss\u00e3o\" class=\"wp-image-2025\" srcset=\"https:\/\/taizyagromachine.com\/wp-content\/uploads\/2022\/02\/transmission-shaft-ground-nut-harvesting-machine.jpg 720w, https:\/\/taizyagromachine.com\/wp-content\/uploads\/2022\/02\/transmission-shaft-ground-nut-harvesting-machine-300x225.jpg 300w\" sizes=\"auto, (max-width: 720px) 100vw, 720px\" \/><figcaption class=\"wp-element-caption\">eixo de transmiss\u00e3o<\/figcaption><\/figure>    <figure class=\"wp-block-image size-large\"><img loading=\"lazy\" decoding=\"async\" width=\"720\" height=\"540\" data-id=\"2023\" src=\"https:\/\/taizyagromachine.com\/wp-content\/uploads\/2022\/02\/vebel-angle-and-roller-peanut-harvest.jpg\" alt=\"\u00e2ngulo de bisel e rolo\" class=\"wp-image-2023\" srcset=\"https:\/\/taizyagromachine.com\/wp-content\/uploads\/2022\/02\/vebel-angle-and-roller-peanut-harvest.jpg 720w, https:\/\/taizyagromachine.com\/wp-content\/uploads\/2022\/02\/vebel-angle-and-roller-peanut-harvest-300x225.jpg 300w\" sizes=\"auto, (max-width: 720px) 100vw, 720px\" \/><figcaption class=\"wp-element-caption\">\u00e2ngulo de bisel e rolo<\/figcaption><\/figure> <\/figure>    <h2 class=\"wp-block-heading\" id=\"principle-of-groundnut-harvesting-machine\"><strong>Princ\u00edpio da m\u00e1quina colhedora de amendoim<\/strong><\/h2>    <p>Este novo tipo de m\u00e1quina colhedora de amendoim adota o princ\u00edpio da tela vibrat\u00f3ria, sacudindo o solo de forma limpa e colocando o amendoim de um lado de maneira organizada. Assim, esta colhedora de amendoim cumpre o objetivo de separar o amendoim do solo, colocando a muda de amendoim ordenadamente de um lado. &nbsp;<\/p>   <div class=\"wp-block-image\"> <figure class=\"aligncenter size-full\"><img loading=\"lazy\" decoding=\"async\" width=\"720\" height=\"540\" src=\"https:\/\/taizyagromachine.com\/wp-content\/uploads\/2022\/02\/vibratimg-screen-peanut-harvester.jpg\" alt=\"tela vibrat\u00f3ria\" class=\"wp-image-2021\" srcset=\"https:\/\/taizyagromachine.com\/wp-content\/uploads\/2022\/02\/vibratimg-screen-peanut-harvester.jpg 720w, https:\/\/taizyagromachine.com\/wp-content\/uploads\/2022\/02\/vibratimg-screen-peanut-harvester-300x225.jpg 300w\" sizes=\"auto, (max-width: 720px) 100vw, 720px\" \/><figcaption class=\"wp-element-caption\">tela vibrat\u00f3ria<\/figcaption><\/figure> <\/div>   <h2 class=\"wp-block-heading\" id=\"advantages-of-groundnut-harvester\"><strong>Vantagens da m\u00e1quina de colheita de amendoim<\/strong><\/h2>    <ol class=\"wp-block-list\" type=\"1\"> <li>Esta m\u00e1quina colhedora autom\u00e1tica de amendoim tem uma alta taxa de colheita de \u226598%, por isso tem alta efici\u00eancia.<\/li>    <li>Nosso pequeno escavador de amendoim possui duas patentes, um\u00a0modelo de utilidade\u00a0e um\u00a0design\u00a0externo\u00a0aprovado pelo\u00a0National&nbsp;<a href=\"https:\/\/en.wikipedia.org\/wiki\/Patent_office\" target=\"_blank\" rel=\"noreferrer noopener\">Escrit\u00f3rio de Patentes<\/a>.<\/li>    <li>A colheitadeira acionada por trator de amendoim\u00a0tem o trator funcionando mais r\u00e1pido do que aut\u00f4nomo, sem\u00a0tremor,\u00a0empilhamento e descarregamento r\u00e1pido\u00a0e sem\u00a0bloqueio\u00a0por\u00a0gramas.<\/li> <\/ol>    <h2 class=\"wp-block-heading\" id=\"successful-case-hanging-peanut-harvest-equipment-to-botswana\"><strong>Caso de sucesso: Equipamento suspenso para colheita de amendoim enviado para Botsuana<\/strong> <\/h2>    <p class=\"translation-block\">Um cliente do Botswana contactou-nos ao ler um artigo no nosso website Taizy Agro Machine. A nossa gerente de vendas profissional, Emily, respondeu-lhe. Atrav\u00e9s da comunica\u00e7\u00e3o, soubemos que ele plantou um grande campo de amendoins e compreendemos que a sua necessidade era um colhedor de amendoins de trator agr\u00edcola. Assim, Emily recomendou-lhe esta pequena m\u00e1quina de colheita de amendoins que pode colher 0,3-0,5 acres por hora. Ele encomendou-nos imediatamente ap\u00f3s assistir ao v\u00eddeo e \u00e0s fotos do colhedor de amendoins a funcionar. Al\u00e9m disso, temos m\u00e1quina de semear amendoins, recolhedor de amendoins, <a href=\"https:\/\/taizyagromachine.com\/pt\/peanut-machine\/peanut-sheller\/\" target=\"_blank\" rel=\"noreferrer noopener\">descascador de amendoins<\/a> \u00e0 venda. Ele pode escolher com base nas suas necessidades. Por fim, embal\u00e1mos a m\u00e1quina e a m\u00e1quina chegou ao seu destino por via mar\u00edtima.<\/p>   <div class=\"wp-block-image\"> <figure class=\"aligncenter size-full\"><img loading=\"lazy\" decoding=\"async\" width=\"720\" height=\"220\" src=\"https:\/\/taizyagromachine.com\/wp-content\/uploads\/2022\/02\/packing-loading-shipping-groundnut-harvester.jpg\" alt=\"embalagem, carregamento, transporte - colheitadeira de amendoim\" class=\"wp-image-2022\" srcset=\"https:\/\/taizyagromachine.com\/wp-content\/uploads\/2022\/02\/packing-loading-shipping-groundnut-harvester.jpg 720w, https:\/\/taizyagromachine.com\/wp-content\/uploads\/2022\/02\/packing-loading-shipping-groundnut-harvester-300x92.jpg 300w\" sizes=\"auto, (max-width: 720px) 100vw, 720px\" \/><figcaption class=\"wp-element-caption\">embalagem, carregamento, envio <\/figcaption><\/figure> <\/div>   <h2 class=\"wp-block-heading\"><strong>V\u00eddeo da m\u00e1quina colhedora de amendoim<\/strong><\/h2>    <figure class=\"wp-block-embed is-type-video is-provider-youtube wp-block-embed-youtube wp-embed-aspect-16-9 wp-has-aspect-ratio\"><div class=\"wp-block-embed__wrapper\"> <iframe loading=\"lazy\" title=\"M\u00e1quina colhedora de amendoim - Equipamento de colheita de amendoim para venda, 2023 #amendoim\" width=\"500\" height=\"281\" src=\"https:\/\/www.youtube.com\/embed\/SPkTTtFYb6k?feature=oembed\" frameborder=\"0\" allow=\"accelerometer; autoplay; clipboard-write; encrypted-media; gyroscope; picture-in-picture; web-share\" referrerpolicy=\"strict-origin-when-cross-origin\" allowfullscreen><\/iframe> <\/div><\/figure>","protected":false},"excerpt":{"rendered":"<p>Groundnut harvester&nbsp;is the ideal equipment for the purpose of separating peanut fruit from the soil. Commonly, the peanut harvester is mounted with the tractor, working the fields. Besides, this peanut harvesting machine has a good capacity of 0.3-0.5 acres per hour. Also, the picking rate of the groundnut harvesting machine is \u226598%, while the breaking [&hellip;]<\/p>\n","protected":false},"author":1,"featured_media":2151,"parent":0,"template":"","tags":[],"product-type":[21],"class_list":["post-2019","product","type-product","status-publish","has-post-thumbnail","hentry","product-type-peanut-machine"],"_links":{"self":[{"href":"https:\/\/taizyagromachine.com\/pt\/wp-json\/wp\/v2\/product\/2019","targetHints":{"allow":["GET"]}}],"collection":[{"href":"https:\/\/taizyagromachine.com\/pt\/wp-json\/wp\/v2\/product"}],"about":[{"href":"https:\/\/taizyagromachine.com\/pt\/wp-json\/wp\/v2\/types\/product"}],"author":[{"embeddable":true,"href":"https:\/\/taizyagromachine.com\/pt\/wp-json\/wp\/v2\/users\/1"}],"wp:featuredmedia":[{"embeddable":true,"href":"https:\/\/taizyagromachine.com\/pt\/wp-json\/wp\/v2\/media\/2151"}],"wp:attachment":[{"href":"https:\/\/taizyagromachine.com\/pt\/wp-json\/wp\/v2\/media?parent=2019"}],"wp:term":[{"taxonomy":"post_tag","embeddable":true,"href":"https:\/\/taizyagromachine.com\/pt\/wp-json\/wp\/v2\/tags?post=2019"},{"taxonomy":"product-type","embeddable":true,"href":"https:\/\/taizyagromachine.com\/pt\/wp-json\/wp\/v2\/product-type?post=2019"}],"curies":[{"name":"wp","href":"https:\/\/api.w.org\/{rel}","templated":true}]}}