{"id":2028,"date":"2022-02-14T07:07:09","date_gmt":"2022-02-14T07:07:09","guid":{"rendered":"https:\/\/taizyagromachine.com\/"},"modified":"2024-01-03T17:49:47","modified_gmt":"2024-01-03T09:49:47","slug":"animal-feed-pellet-machine","status":"publish","type":"product","link":"https:\/\/taizyagromachine.com\/pt\/product\/animal-feed-pellet-machine\/","title":{"rendered":"M\u00e1quina de pellets de ra\u00e7\u00e3o animal para gado, gado de frango"},"content":{"rendered":"<p class=\"translation-block\"><strong>M\u00e1quina de fabricar granulados para ra\u00e7\u00e3o animal<\/strong> produz especialmente ra\u00e7\u00e3o para gado, cabras e aves de capoeira, como galinhas e patos. Esta m\u00e1quina peletizadora tem uma estrutura simples, desempenho est\u00e1vel e f\u00e1cil opera\u00e7\u00e3o. Al\u00e9m disso, as mat\u00e9rias-primas da m\u00e1quina peletizadora de ra\u00e7\u00e3o animal s\u00e3o capim e gr\u00e3os, como milho, soja, casca de arroz e outros. <\/p>    <p>Al\u00e9m do mais, nossa peletizadora de ra\u00e7\u00e3o\u00a0foi exportada para muitos pa\u00edses e regi\u00f5es e recebeu popularidade de nossos clientes. Devido \u00e0 pequena m\u00e1quina de pellets de ra\u00e7\u00e3o, os pa\u00edses populares s\u00e3o Filipinas, Nig\u00e9ria, Paquist\u00e3o, Mal\u00e1sia, Nepal, Austr\u00e1lia, Gana, etc.<\/p>    <figure class=\"wp-block-embed is-type-video is-provider-youtube wp-block-embed-youtube wp-embed-aspect-16-9 wp-has-aspect-ratio\"><div class=\"wp-block-embed__wrapper\"> <iframe loading=\"lazy\" title=\"Moinho de pellets para ra\u00e7\u00e3o animal - Como usar grama seca para fazer pellets como ra\u00e7\u00e3o animal? #animalfeed #pellets\" width=\"500\" height=\"281\" src=\"https:\/\/www.youtube.com\/embed\/0ziMguB0ahU?feature=oembed\" frameborder=\"0\" allow=\"accelerometer; autoplay; clipboard-write; encrypted-media; gyroscope; picture-in-picture; web-share\" referrerpolicy=\"strict-origin-when-cross-origin\" allowfullscreen><\/iframe> <\/div><figcaption class=\"wp-element-caption\">v\u00eddeo de funcionamento da m\u00e1quina de fazer ra\u00e7\u00e3o animal<\/figcaption><\/figure>    <h2 class=\"wp-block-heading\" id=\"technical-specifications-of-animal-feed-pellet-machine\"><strong>Especifica\u00e7\u00f5es t\u00e9cnicas da m\u00e1quina de pellets de ra\u00e7\u00e3o<\/strong><\/h2>    <p>O pre\u00e7o da m\u00e1quina para fabrica\u00e7\u00e3o de ra\u00e7\u00e3o animal difere de acordo com as diferentes configura\u00e7\u00f5es. Classificamos o modelo da m\u00e1quina de acordo com o di\u00e2metro da planta do molde. Junto com a placa de molde maior, a capacidade aumenta. <\/p>    <p>Al\u00e9m disso, quanto maior a capacidade, recomendamos o motor el\u00e9trico ou motor diesel. Voc\u00ea pode entrar em contato conosco para mais detalhes. Entraremos em contato com voc\u00ea em breve.<\/p>    <figure class=\"wp-block-table is-style-stripes\"><table><tbody><tr><td>Modelo&nbsp;<\/td><td>Capacidade<\/td><td>Poder<\/td><td>Di\u00e2metro da placa do molde<\/td><td>Tamanho<\/td><td>Peso<\/td><\/tr><tr><td>KL-120<\/td><td>120kg\/hora<\/td><td>3kW<\/td><td>120mm<\/td><td>750*320*610mm<\/td><td>100kg<\/td><\/tr><tr><td>KL-150<\/td><td>150kg\/hora<\/td><td>3kW<\/td><td>150 mm<\/td><td>750*350*650mm<\/td><td>190kg<\/td><\/tr><tr><td>KL-210<\/td><td>400kg\/hora<\/td><td>7,5 kW<\/td><td>210mm<\/td><td>1000*450*960mm<\/td><td>230kg<\/td><\/tr><tr><td>KBL-260<\/td><td>800kg\/hora<\/td><td>15kW<\/td><td>260mm<\/td><td>1460*460*1150mm<\/td><td>360kg<\/td><\/tr><tr><td>KBL-300<\/td><td>1000-1200 kg\/h<\/td><td>22kW<\/td><td>300mm<\/td><td>1360*570*1150mm<\/td><td>450kg<\/td><\/tr><\/tbody><\/table><figcaption class=\"wp-element-caption\">par\u00e2metros t\u00e9cnicos da m\u00e1quina de fabrica\u00e7\u00e3o de ra\u00e7\u00e3o animal<\/figcaption><\/figure>    <figure class=\"wp-block-embed is-type-video is-provider-youtube wp-block-embed-youtube wp-embed-aspect-16-9 wp-has-aspect-ratio\"><div class=\"wp-block-embed__wrapper\"> <iframe loading=\"lazy\" title=\"Venda quente moinho de pellets de ra\u00e7\u00e3o para aves, ra\u00e7\u00e3o para gado, ra\u00e7\u00e3o para coelhos: M\u00e1quina de fabrica\u00e7\u00e3o de ra\u00e7\u00e3o animal\" width=\"500\" height=\"281\" src=\"https:\/\/www.youtube.com\/embed\/9AQQHeaSnsM?start=11&#038;feature=oembed\" frameborder=\"0\" allow=\"accelerometer; autoplay; clipboard-write; encrypted-media; gyroscope; picture-in-picture; web-share\" referrerpolicy=\"strict-origin-when-cross-origin\" allowfullscreen><\/iframe> <\/div><figcaption class=\"wp-element-caption\">M\u00e1quina de pellets para v\u00eddeo de trabalho de ra\u00e7\u00e3o animal<\/figcaption><\/figure>    <h2 class=\"wp-block-heading\" id=\"reasonable-structure-of-feed-pelleting-machine\"><strong>Estrutura razo\u00e1vel da peletizadora de ra\u00e7\u00e3o<\/strong><\/h2>    <p>Como fabricante e fornecedor profissional de m\u00e1quinas de pellets para ra\u00e7\u00e3o animal, os t\u00e9cnicos projetam a m\u00e1quina de pellets para ra\u00e7\u00e3o animal atendendo ao mercado. Consiste no funil de alimenta\u00e7\u00e3o, c\u00e2mara de trabalho, sistema de energia e caixa de engrenagens.<\/p>    <p>Na c\u00e2mara de trabalho, o rolo e a placa do molde s\u00e3o as pe\u00e7as consum\u00edveis.<\/p>   <div class=\"wp-block-image\"> <figure class=\"aligncenter size-full\"><img loading=\"lazy\" decoding=\"async\" width=\"720\" height=\"540\" src=\"https:\/\/taizyagromachine.com\/wp-content\/uploads\/2022\/02\/structure-animal-feed-pellet-mill.jpg\" alt=\"estrutura-moinho de pellets para ra\u00e7\u00e3o de frango para venda\" class=\"wp-image-2051\" srcset=\"https:\/\/taizyagromachine.com\/wp-content\/uploads\/2022\/02\/structure-animal-feed-pellet-mill.jpg 720w, https:\/\/taizyagromachine.com\/wp-content\/uploads\/2022\/02\/structure-animal-feed-pellet-mill-300x225.jpg 300w\" sizes=\"auto, (max-width: 720px) 100vw, 720px\" \/><figcaption class=\"wp-element-caption\">estrutura da pelotizadora de ra\u00e7\u00e3o animal para venda<\/figcaption><\/figure> <\/div>   <h2 class=\"wp-block-heading\" id=\"working-principle-of-animal-feed-pellet-machine\"><strong>Princ\u00edpio de funcionamento da m\u00e1quina de pellets de ra\u00e7\u00e3o animal<\/strong><strong><\/strong><\/h2>    <p>A c\u00e2mara de trabalho \u00e9 o esp\u00edrito do granulador de ra\u00e7\u00e3o animal. Possui rolo de prensa, placa de molde e cortador. A taxa de alimenta\u00e7\u00e3o de moagem e o comprimento dos pellets podem ser ajustados.<\/p>   <div class=\"wp-block-image\"> <figure class=\"aligncenter size-full\"><img loading=\"lazy\" decoding=\"async\" width=\"720\" height=\"540\" src=\"https:\/\/taizyagromachine.com\/wp-content\/uploads\/2022\/02\/roller-and-mill-plate-of-animal-feed-pelllet-machine.jpg\" alt=\"m\u00e1quina de pellets de ra\u00e7\u00e3o animal\" class=\"wp-image-2056\" srcset=\"https:\/\/taizyagromachine.com\/wp-content\/uploads\/2022\/02\/roller-and-mill-plate-of-animal-feed-pelllet-machine.jpg 720w, https:\/\/taizyagromachine.com\/wp-content\/uploads\/2022\/02\/roller-and-mill-plate-of-animal-feed-pelllet-machine-300x225.jpg 300w\" sizes=\"auto, (max-width: 720px) 100vw, 720px\" \/><figcaption class=\"wp-element-caption\">placa de rolo e moinho<\/figcaption><\/figure> <\/div>   <p>Em primeiro lugar, coloque as mat\u00e9rias-primas no recipiente de alimenta\u00e7\u00e3o. Eles cair\u00e3o sobre um conjunto de rolos girat\u00f3rios sobre a placa do molde.<\/p>    <p>Em seguida, os materiais ser\u00e3o espremidos entre a superf\u00edcie da placa do molde e os rolos rotativos. Os pellets sair\u00e3o da matriz e ser\u00e3o cortados em comprimentos espec\u00edficos com uma faca afiada. &nbsp;<\/p>    <figure class=\"wp-block-embed is-type-video is-provider-youtube wp-block-embed-youtube wp-embed-aspect-16-9 wp-has-aspect-ratio\"><div class=\"wp-block-embed__wrapper\"> <iframe loading=\"lazy\" title=\"Transformando gr\u00e3os de milho em pellets de ra\u00e7\u00e3o animal premium! \ud83c\udf3d\ud83d\udc13 M\u00e1quina de pellets para ra\u00e7\u00e3o animal \u00e0 venda\" width=\"500\" height=\"281\" src=\"https:\/\/www.youtube.com\/embed\/F8roiuXcgoc?feature=oembed\" frameborder=\"0\" allow=\"accelerometer; autoplay; clipboard-write; encrypted-media; gyroscope; picture-in-picture; web-share\" referrerpolicy=\"strict-origin-when-cross-origin\" allowfullscreen><\/iframe> <\/div><figcaption class=\"wp-element-caption\">fazendo ra\u00e7\u00e3o animal com milho<\/figcaption><\/figure>    <h2 class=\"wp-block-heading\" id=\"features-of-animal-feed-pellet-machine\"><strong>Caracter\u00edsticas da m\u00e1quina de pellets de ra\u00e7\u00e3o animal para venda<\/strong><\/h2>    <ul class=\"wp-block-list\"> <li><strong>Tr\u00eas fontes de energia<\/strong>. Motor el\u00e9trico, motor diesel e motor a gasolina est\u00e3o dispon\u00edveis. Esta peletizadora de matriz plana pode ser usada em qualquer lugar do mundo, especialmente\u00a0popular\u00a0para\u00a0\u00e1reas\u00a0com\u00a0falta\u00a0de\u00a0fornecimento\u00a0de\u00a0eletricidade.<\/li>    <li><strong>Simples de usar e limpar<\/strong>. Apenas\u00a01\u00a0ou\u00a02\u00a0trabalhadores\u00a0s\u00e3o suficientes.<\/li>    <li>As pe\u00e7as sobressalentes s\u00e3o f\u00e1ceis de trocar, com menor custo para rolos e matrizes.<\/li>    <li>Estrutura\u00a0compacta\u00a0e\u00a0leve, f\u00e1cil de mover e adequada para a produ\u00e7\u00e3o de pequenos pellets.<\/li>    <li>Composi\u00e7\u00e3o uniforme do pellet e formato elegante. O di\u00e2metro da part\u00edcula pode ser dividido em: \u03c62, \u03c62,5, \u03c63, \u03c63,5, \u03c64, \u03c65, \u03c66, \u03c67, \u03c68 e assim por diante.<\/li> <\/ul>    <figure class=\"wp-block-gallery has-nested-images columns-default is-cropped wp-block-gallery-2 is-layout-flex wp-block-gallery-is-layout-flex\"> <figure class=\"wp-block-image size-large\"><img loading=\"lazy\" decoding=\"async\" width=\"720\" height=\"540\" data-id=\"2052\" src=\"https:\/\/taizyagromachine.com\/wp-content\/uploads\/2022\/02\/animal-feed-pellet-machine-with-motor.jpg\" alt=\"moinho de pellets de ra\u00e7\u00e3o com motor\" class=\"wp-image-2052\" srcset=\"https:\/\/taizyagromachine.com\/wp-content\/uploads\/2022\/02\/animal-feed-pellet-machine-with-motor.jpg 720w, https:\/\/taizyagromachine.com\/wp-content\/uploads\/2022\/02\/animal-feed-pellet-machine-with-motor-300x225.jpg 300w\" sizes=\"auto, (max-width: 720px) 100vw, 720px\" \/><figcaption class=\"wp-element-caption\">moinho de pellets de ra\u00e7\u00e3o com motor<\/figcaption><\/figure>    <figure class=\"wp-block-image size-large\"><img loading=\"lazy\" decoding=\"async\" width=\"720\" height=\"540\" data-id=\"2053\" src=\"https:\/\/taizyagromachine.com\/wp-content\/uploads\/2022\/02\/feed-pellet-mill-with-diesel.jpg\" alt=\"peletizadora de ra\u00e7\u00e3o com motor diesel\" class=\"wp-image-2053\" srcset=\"https:\/\/taizyagromachine.com\/wp-content\/uploads\/2022\/02\/feed-pellet-mill-with-diesel.jpg 720w, https:\/\/taizyagromachine.com\/wp-content\/uploads\/2022\/02\/feed-pellet-mill-with-diesel-300x225.jpg 300w\" sizes=\"auto, (max-width: 720px) 100vw, 720px\" \/><figcaption class=\"wp-element-caption\">peletizadora de ra\u00e7\u00e3o com motor diesel<\/figcaption><\/figure> <\/figure>    <h2 class=\"wp-block-heading\" id=\"applications-of-animal-feed-pelleting-machine\"><strong>Aplica\u00e7\u00f5es da peletizadora de ra\u00e7\u00e3o animal<\/strong><strong><\/strong><\/h2>    <p>Esta m\u00e1quina para fabricar pellets de ra\u00e7\u00e3o pode usar gr\u00e3os, casca de arroz, caule de algod\u00e3o, cascas de sementes de algod\u00e3o, farelo de trigo e todos os tipos de gr\u00e3os em p\u00f3, etc. Ap\u00f3s o processamento por esta m\u00e1quina de pellets para ra\u00e7\u00e3o animal, ela pode criar gado, cabra, porcos, frango, pato, etc <\/p>    <p>Por exemplo, consulte a f\u00f3rmula do pellet de ra\u00e7\u00e3o para gado, ent\u00e3o voc\u00ea saber\u00e1 claramente como misturar as mat\u00e9rias-primas. E ent\u00e3o usar esta m\u00e1quina para produzir os pellets necess\u00e1rios.<\/p>   <div class=\"wp-block-image\"> <figure class=\"aligncenter size-full\"><img loading=\"lazy\" decoding=\"async\" width=\"720\" height=\"400\" src=\"https:\/\/taizyagromachine.com\/wp-content\/uploads\/2022\/02\/applications-of-animal-feed-mill.jpg\" alt=\"aplica\u00e7\u00f5es de f\u00e1brica de ra\u00e7\u00e3o animal\" class=\"wp-image-2054\" srcset=\"https:\/\/taizyagromachine.com\/wp-content\/uploads\/2022\/02\/applications-of-animal-feed-mill.jpg 720w, https:\/\/taizyagromachine.com\/wp-content\/uploads\/2022\/02\/applications-of-animal-feed-mill-300x167.jpg 300w\" sizes=\"auto, (max-width: 720px) 100vw, 720px\" \/><figcaption class=\"wp-element-caption\">aplica\u00e7\u00f5es de f\u00e1brica de ra\u00e7\u00e3o animal<\/figcaption><\/figure> <\/div>   <h2 class=\"wp-block-heading\" id=\"working-principle-of-animal-feed-pellet-machine\"><strong>Princ\u00edpio de funcionamento da m\u00e1quina de pellets de ra\u00e7\u00e3o animal<\/strong><strong><\/strong><\/h2>    <p>A c\u00e2mara de trabalho \u00e9 o esp\u00edrito do granulador de ra\u00e7\u00e3o animal. Possui rolo de prensa, placa de molde e cortador. A taxa de alimenta\u00e7\u00e3o de moagem e o comprimento dos pellets podem ser ajustados.<\/p>   <div class=\"wp-block-image\"> <figure class=\"aligncenter size-full\"><img loading=\"lazy\" decoding=\"async\" width=\"720\" height=\"540\" src=\"https:\/\/taizyagromachine.com\/wp-content\/uploads\/2022\/02\/roller-and-mill-plate-of-animal-feed-pelllet-machine.jpg\" alt=\"m\u00e1quina de pellets de ra\u00e7\u00e3o animal\" class=\"wp-image-2056\" srcset=\"https:\/\/taizyagromachine.com\/wp-content\/uploads\/2022\/02\/roller-and-mill-plate-of-animal-feed-pelllet-machine.jpg 720w, https:\/\/taizyagromachine.com\/wp-content\/uploads\/2022\/02\/roller-and-mill-plate-of-animal-feed-pelllet-machine-300x225.jpg 300w\" sizes=\"auto, (max-width: 720px) 100vw, 720px\" \/><figcaption class=\"wp-element-caption\">placa de rolo e moinho<\/figcaption><\/figure> <\/div>   <p>Em primeiro lugar, coloque as mat\u00e9rias-primas no recipiente de alimenta\u00e7\u00e3o. Eles cair\u00e3o sobre um conjunto de rolos girat\u00f3rios sobre a placa do molde.<\/p>    <p>Em seguida, os materiais ser\u00e3o espremidos entre a superf\u00edcie da placa do molde e os rolos rotativos. Os pellets sair\u00e3o da matriz e ser\u00e3o cortados em comprimentos espec\u00edficos com uma faca afiada. &nbsp;<\/p>    <h2 class=\"wp-block-heading\" id=\"advantages-of-pellets-processed-by-feed-pellet-mill\"><strong>Vantagens dos pellets processados \u200b\u200bpela peletizadora de ra\u00e7\u00e3o<\/strong><strong><\/strong><\/h2>    <p>Durante o processamento, a temperatura \u00e9 de cerca de 70\u00b0C, portanto a prote\u00edna congela. O valor nutricional aumenta e para os animais \u00e9 de f\u00e1cil absor\u00e7\u00e3o. Para pellets feitos pela peletizadora de ra\u00e7\u00e3o animal, seu interior est\u00e1 amadurecendo, o exterior \u00e9 r\u00edgido o suficiente. Devido a estas caracter\u00edsticas, \u00e9 adequado para armazenamento a longo prazo.<\/p>    <h2 class=\"wp-block-heading\"><strong>Planta de pelotiza\u00e7\u00e3o de ra\u00e7\u00e3o para produ\u00e7\u00e3o em massa de ra\u00e7\u00e3o animal<\/strong><\/h2>    <p>Fornecemos conjuntos completos de peletizadoras de matriz plana para produ\u00e7\u00e3o de pellets de ra\u00e7\u00e3o animal, fornecendo solu\u00e7\u00f5es completas para diferentes n\u00edveis de produ\u00e7\u00e3o de 500kg, 1000kg e 2000kg. <\/p>    <figure class=\"wp-block-gallery aligncenter has-nested-images columns-default is-cropped wp-block-gallery-3 is-layout-flex wp-block-gallery-is-layout-flex\"> <figure class=\"wp-block-image size-large\"><img loading=\"lazy\" decoding=\"async\" width=\"720\" height=\"540\" data-id=\"6374\" src=\"https:\/\/taizyagromachine.com\/wp-content\/uploads\/2022\/02\/small-animal-feed-pellet-machine-plant.webp\" alt=\"planta de m\u00e1quina de pelotiza\u00e7\u00e3o de ra\u00e7\u00e3o animal pequena\" class=\"wp-image-6374\"\/><figcaption class=\"wp-element-caption\">planta de m\u00e1quina de pelotiza\u00e7\u00e3o de ra\u00e7\u00e3o animal pequena<\/figcaption><\/figure>    <figure class=\"wp-block-image size-large\"><img loading=\"lazy\" decoding=\"async\" width=\"720\" height=\"540\" data-id=\"6373\" src=\"https:\/\/taizyagromachine.com\/wp-content\/uploads\/2022\/02\/animal-feed-pellet-processing-line.webp\" alt=\"linha de processamento de pelotas de ra\u00e7\u00e3o animal\" class=\"wp-image-6373\"\/><figcaption class=\"wp-element-caption\">linha de processamento de pelotas de ra\u00e7\u00e3o animal<\/figcaption><\/figure> <\/figure>    <p>Desde a tritura\u00e7\u00e3o de mat\u00e9rias-primas, mistura at\u00e9 prensagem de pellets e embalagem de resfriamento, ele realiza uma produ\u00e7\u00e3o automatizada de alta efici\u00eancia e atende \u00e0s necessidades de todos os tipos de escala agr\u00edcola.<\/p>    <figure class=\"wp-block-gallery aligncenter has-nested-images columns-default is-cropped wp-block-gallery-4 is-layout-flex wp-block-gallery-is-layout-flex\"> <figure class=\"wp-block-image size-large\"><img loading=\"lazy\" decoding=\"async\" width=\"720\" height=\"540\" data-id=\"6376\" src=\"https:\/\/taizyagromachine.com\/wp-content\/uploads\/2022\/02\/large-feed-pellet-machine-plant.webp\" alt=\"grande planta de m\u00e1quina de pelotiza\u00e7\u00e3o de ra\u00e7\u00e3o\" class=\"wp-image-6376\"\/><figcaption class=\"wp-element-caption\">grande planta de m\u00e1quina de pelotiza\u00e7\u00e3o de ra\u00e7\u00e3o<\/figcaption><\/figure>    <figure class=\"wp-block-image size-large\"><img loading=\"lazy\" decoding=\"async\" width=\"720\" height=\"540\" data-id=\"6375\" src=\"https:\/\/taizyagromachine.com\/wp-content\/uploads\/2022\/02\/feed-pellet-mill-for-mass-animal-feed-production.webp\" alt=\"moinho de pellets para produ\u00e7\u00e3o de ra\u00e7\u00e3o animal em massa\" class=\"wp-image-6375\"\/><figcaption class=\"wp-element-caption\">moinho de pellets para produ\u00e7\u00e3o de ra\u00e7\u00e3o animal em massa<\/figcaption><\/figure> <\/figure>    <h2 class=\"wp-block-heading\"><strong>Servi\u00e7o oferecido ao moinho de pelotiza\u00e7\u00e3o de ra\u00e7\u00e3o animal para gado<\/strong><\/h2>    <p class=\"translation-block\">Como um fabricante conhecido de m\u00e1quinas de fabricar granulados para ra\u00e7\u00e3o animal, fornecemos uma gama completa de servi\u00e7os de produ\u00e7\u00e3o de ra\u00e7\u00e3o para gado e animais, incluindo principalmente os seguintes:<\/p>    <ul class=\"wp-block-list\"> <li><strong>Fornecimento de equipamentos<\/strong>: Fornecemos peletizadoras de matriz plana de v\u00e1rias especifica\u00e7\u00f5es e capacidades (120-1200kg \/ h), incluindo conjuntos completos de equipamentos de produ\u00e7\u00e3o de ra\u00e7\u00f5es em diferentes n\u00edveis de produ\u00e7\u00e3o, como 500kg, 1000kg e 2000kg.<\/li>    <li><strong>Garantia da Qualidade<\/strong>: Todos os produtos passaram por rigorosos testes de qualidade para garantir que a peletizadora tenha desempenho, durabilidade e confiabilidade superiores, para ajudar os clientes a melhorar a efici\u00eancia econ\u00f4mica.<\/li>    <li><strong>Solu\u00e7\u00f5es personalizadas<\/strong>: M\u00e1quina de pellets de ra\u00e7\u00e3o animal sob medida ou solu\u00e7\u00f5es de design de linha de produ\u00e7\u00e3o de acordo com suas necessidades espec\u00edficas e escala agr\u00edcola para garantir um processo de produ\u00e7\u00e3o de pellets de ra\u00e7\u00e3o animal eficiente e est\u00e1vel.<\/li>    <li><strong>Suporte t\u00e9cnico<\/strong>: Equipados com uma equipe t\u00e9cnica profissional, oferecemos instala\u00e7\u00e3o e comissionamento de equipamentos, treinamento operacional, manuten\u00e7\u00e3o e outros servi\u00e7os completos de suporte t\u00e9cnico.<\/li>    <li><strong>Orienta\u00e7\u00e3o sobre f\u00f3rmula de mat\u00e9ria-prima<\/strong>: Cooperamos com especialistas do setor, pesquisamos e desenvolvemos f\u00f3rmulas de ra\u00e7\u00f5es que atendam \u00e0s necessidades nutricionais dos animais para voc\u00ea e oferecemos consultoria profissional na sele\u00e7\u00e3o de mat\u00e9rias-primas.<\/li>    <li><strong>Servi\u00e7o p\u00f3s-venda<\/strong>: Taizy estabeleceu um sistema de servi\u00e7o p\u00f3s-venda perfeito para garantir uma resposta r\u00e1pida \u00e0s suas necessidades e resolver prontamente todos os tipos de problemas no processo de opera\u00e7\u00e3o do equipamento.<\/li> <\/ul>    <h2 class=\"wp-block-heading\" id=\"related-machines\"><strong>M\u00e1quinas Relacionadas<\/strong><\/h2>    <p class=\"translation-block\">Mais uma coisa a mencionar, temos a m\u00e1quina para ra\u00e7\u00e3o de peixe, chamada <a href=\"https:\/\/taizyagromachine.com\/pt\/product\/fish-feed-extruder\/\" target=\"_blank\" rel=\"noreferrer noopener\">m\u00e1quina de fabricar granulados para ra\u00e7\u00e3o de peixe<\/a>. Al\u00e9m disso, fornecemos a linha de produ\u00e7\u00e3o de granulados para ra\u00e7\u00e3o, incluindo a cortadora de forragem, triturador, misturador, m\u00e1quina de fabricar granulados para ra\u00e7\u00e3o animal. Quando for comprar a m\u00e1quina, entre em contato conosco. Recomendaremos a mais adequada para voc\u00ea com base nas suas demandas reais.<\/p>    <h2 class=\"wp-block-heading\"><strong>Consulta sobre m\u00e1quina de pellets para ra\u00e7\u00e3o animal!<\/strong><\/h2>    <p class=\"translation-block\">Quer produzir todos os tipos de <a href=\"https:\/\/en.wikipedia.org\/wiki\/Animal_feed\" target=\"_blank\" rel=\"noopener\">ra\u00e7\u00e3o animal<\/a>? Temos uma ampla gama de tipos de peletizadoras de matriz plana para atender \u00e0s suas necessidades. Entre em contato conosco, projetaremos a melhor solu\u00e7\u00e3o para voc\u00ea e forneceremos a melhor cota\u00e7\u00e3o.<\/p>","protected":false},"excerpt":{"rendered":"<p>A peletizadora de ra\u00e7\u00e3o animal \u00e9 especialmente para produzir ra\u00e7\u00e3o animal para bovinos, caprinos, aves, coelhos, etc., com capacidade de 120-1200 kg \/ h. Este artigo apresenta os diversos modelos de peletizadora de matriz plana e os diversos servi\u00e7os que podemos oferecer, bem-vindo para consultar.<\/p>","protected":false},"author":1,"featured_media":2157,"parent":0,"template":"","tags":[72,68,63,64,71,70,67,69,62,65,74,66,73],"product-type":[29],"class_list":["post-2028","product","type-product","status-publish","has-post-thumbnail","hentry","tag-animal-feed-granulator","tag-animal-feed-making-machine-price","tag-animal-feed-pellet-machine","tag-animal-feed-pellet-mill","tag-applications-of-animal-feed-pelleting-machine","tag-cattle-feed-pellet-formula","tag-feed-pellet-machine","tag-feed-pellet-making-machine","tag-feed-pellet-mill","tag-feed-pellet-mill-machine","tag-feed-pellet-mill-production-line","tag-feed-pelleting-machine","tag-fish-feed-pellet-machine","product-type-feed-pellet-machine"],"_links":{"self":[{"href":"https:\/\/taizyagromachine.com\/pt\/wp-json\/wp\/v2\/product\/2028","targetHints":{"allow":["GET"]}}],"collection":[{"href":"https:\/\/taizyagromachine.com\/pt\/wp-json\/wp\/v2\/product"}],"about":[{"href":"https:\/\/taizyagromachine.com\/pt\/wp-json\/wp\/v2\/types\/product"}],"author":[{"embeddable":true,"href":"https:\/\/taizyagromachine.com\/pt\/wp-json\/wp\/v2\/users\/1"}],"wp:featuredmedia":[{"embeddable":true,"href":"https:\/\/taizyagromachine.com\/pt\/wp-json\/wp\/v2\/media\/2157"}],"wp:attachment":[{"href":"https:\/\/taizyagromachine.com\/pt\/wp-json\/wp\/v2\/media?parent=2028"}],"wp:term":[{"taxonomy":"post_tag","embeddable":true,"href":"https:\/\/taizyagromachine.com\/pt\/wp-json\/wp\/v2\/tags?post=2028"},{"taxonomy":"product-type","embeddable":true,"href":"https:\/\/taizyagromachine.com\/pt\/wp-json\/wp\/v2\/product-type?post=2028"}],"curies":[{"name":"wp","href":"https:\/\/api.w.org\/{rel}","templated":true}]}}