{"id":2029,"date":"2022-02-14T05:56:23","date_gmt":"2022-02-14T05:56:23","guid":{"rendered":"https:\/\/taizyagromachine.com\/"},"modified":"2025-01-02T13:53:53","modified_gmt":"2025-01-02T05:53:53","slug":"paddy-dryer","status":"publish","type":"product","link":"https:\/\/taizyagromachine.com\/pt\/product\/paddy-dryer\/","title":{"rendered":"Secador de arroz para gr\u00e3os, milho, arroz, trigo"},"content":{"rendered":"<p class=\"translation-block\">O secador de arroz \u00e9 um equipamento ideal que funciona principalmente para secar v\u00e1rios gr\u00e3os, como milho, arroz, trigo, soja, etc. O secador de gr\u00e3os pertence ao secador de circula\u00e7\u00e3o em lotes, baixa temperatura e economia de energia. Possui uma estrutura razo\u00e1vel, opera\u00e7\u00e3o f\u00e1cil e baixo ru\u00eddo. <\/p>    <p>De modo geral, os secadores de gr\u00e3os \u00e0 venda da Taizy Company t\u00eam 5H-15 e 5H-32 dispon\u00edveis. Al\u00e9m disso, o m\u00e9todo de aquecimento \u00e9 opcional. O secador de torre \u00e9 comum para uso comercial. <\/p>    <p>Por exemplo, na f\u00e1brica de moinho de arroz, esta m\u00e1quina \u00e9 usada como secador de arroz para obter arroz em casca satisfeito. Pela mesma teoria, tamb\u00e9m pode ser aplicado como secador de milho. Bem-vindo a entrar em contato conosco para mais detalhes!<\/p>    <figure class=\"wp-block-embed is-type-video is-provider-youtube wp-block-embed-youtube wp-embed-aspect-16-9 wp-has-aspect-ratio\"><div class=\"wp-block-embed__wrapper\"> <iframe loading=\"lazy\" title=\"Secador de gr\u00e3os vertical industrial usado para arroz em casca, trigo, gr\u00e3os, soja, sorgo, colza, etc.\" width=\"500\" height=\"281\" src=\"https:\/\/www.youtube.com\/embed\/7hceHg7rS_k?feature=oembed\" frameborder=\"0\" allow=\"accelerometer; autoplay; clipboard-write; encrypted-media; gyroscope; picture-in-picture; web-share\" referrerpolicy=\"strict-origin-when-cross-origin\" allowfullscreen><\/iframe> <\/div><figcaption class=\"wp-element-caption\">v\u00eddeo de funcionamento do secador de arroz<\/figcaption><\/figure>    <h2 class=\"wp-block-heading\"><strong>Par\u00e2metros t\u00e9cnicos do secador de arroz para venda<\/strong><\/h2>    <figure class=\"wp-block-table\"><table><tbody><tr><td>Modelo<\/td><td>5H-15<\/td><td>5H-32<\/td><\/tr><tr><td>Capacidade de secagem<\/td><td>15-20t\u00b7%\/h<\/td><td>25-35t\u00b7%\/h<\/td><\/tr><tr><td>Hora da alimenta\u00e7\u00e3o<\/td><td>Cerca de 63 minutos<\/td><td>Cerca de 58 minutos<\/td><\/tr><tr><td>Tempo de descarga<\/td><td>Cerca de 69 minutos<\/td><td>Cerca de 64 minutos<\/td><\/tr><tr><td>Poder<\/td><td>6,5 kW (82\/3 CV)<\/td><td>12,65kW<\/td><\/tr><tr><td>Peso total<\/td><td>3.200kg<\/td><td>7500kg<\/td><\/tr><\/tbody><\/table><figcaption class=\"wp-element-caption\">dados t\u00e9cnicos do secador de gr\u00e3os<\/figcaption><\/figure>    <figure class=\"wp-block-gallery aligncenter has-nested-images columns-default is-cropped wp-block-gallery-2 is-layout-flex wp-block-gallery-is-layout-flex\"> <figure class=\"wp-block-image size-large\"><img loading=\"lazy\" decoding=\"async\" width=\"640\" height=\"640\" data-id=\"6420\" src=\"https:\/\/taizyagromachine.com\/wp-content\/uploads\/2022\/02\/corn-dryer-for-sale.webp\" alt=\"Vendo secador de milho\" class=\"wp-image-6420\"\/><figcaption class=\"wp-element-caption\">Vendo secador de milho<\/figcaption><\/figure>    <figure class=\"wp-block-image size-large\"><img loading=\"lazy\" decoding=\"async\" width=\"640\" height=\"640\" data-id=\"6421\" src=\"https:\/\/taizyagromachine.com\/wp-content\/uploads\/2022\/02\/grain-dryer-for-sale.webp\" alt=\"secador de gr\u00e3os \u00e0 venda\" class=\"wp-image-6421\"\/><figcaption class=\"wp-element-caption\">secador de gr\u00e3os \u00e0 venda<\/figcaption><\/figure>    <figure class=\"wp-block-image size-large\"><img loading=\"lazy\" decoding=\"async\" width=\"640\" height=\"640\" data-id=\"6422\" src=\"https:\/\/taizyagromachine.com\/wp-content\/uploads\/2022\/02\/paddy-dryer-in-batches.webp\" alt=\"secador de arroz em lotes\" class=\"wp-image-6422\"\/><figcaption class=\"wp-element-caption\">secador de arroz em lotes<\/figcaption><\/figure> <\/figure>    <h2 class=\"wp-block-heading\" id=\"machine-details\"><strong>Projeto de secador circular de baixa temperatura<\/strong><\/h2>    <div class=\"wp-block-columns is-layout-flex wp-container-core-columns-is-layout-9d6595d7 wp-block-columns-is-layout-flex\"> <div class=\"wp-block-column is-layout-flow wp-block-column-is-layout-flow\"> <figure class=\"wp-block-image size-full\"><img loading=\"lazy\" decoding=\"async\" width=\"720\" height=\"540\" src=\"https:\/\/taizyagromachine.com\/wp-content\/uploads\/2022\/02\/PLC-tower-grain-dryer.jpg\" alt=\"Gabinete de controle PLC\" class=\"wp-image-2042\" srcset=\"https:\/\/taizyagromachine.com\/wp-content\/uploads\/2022\/02\/PLC-tower-grain-dryer.jpg 720w, https:\/\/taizyagromachine.com\/wp-content\/uploads\/2022\/02\/PLC-tower-grain-dryer-300x225.jpg 300w\" sizes=\"auto, (max-width: 720px) 100vw, 720px\" \/><figcaption class=\"wp-element-caption\">Gabinete de controle PLC<\/figcaption><\/figure> <\/div>    <div class=\"wp-block-column is-vertically-aligned-center is-layout-flow wp-block-column-is-layout-flow\"> <p class=\"has-text-align-center translation-block\">Gabinete de controle PLC<\/p>    <p>Siemens el\u00e9trica, opera\u00e7\u00e3o com tela sens\u00edvel ao toque, exibi\u00e7\u00e3o precisa de falhas<\/p> <\/div> <\/div>    <div class=\"wp-block-columns is-layout-flex wp-container-core-columns-is-layout-9d6595d7 wp-block-columns-is-layout-flex\"> <div class=\"wp-block-column is-vertically-aligned-center is-layout-flow wp-block-column-is-layout-flow\"> <p class=\"has-text-align-center translation-block\">M\u00e9todos de aquecimento<\/p>    <p>V\u00e1rias fontes de calor est\u00e3o \u00e0 sua escolha: fog\u00e3o a biomassa, fog\u00e3o a diesel, g\u00e1s natural, queimador el\u00e9trico. Escolher um maximiza seus benef\u00edcios.&nbsp;&nbsp;<\/p> <\/div>    <div class=\"wp-block-column is-layout-flow wp-block-column-is-layout-flow\"> <figure class=\"wp-block-image size-full\"><img loading=\"lazy\" decoding=\"async\" width=\"720\" height=\"540\" src=\"https:\/\/taizyagromachine.com\/wp-content\/uploads\/2022\/02\/heating-method-grain-dryer.jpg\" alt=\"m\u00e9todos de aquecimento do secador de gr\u00e3os\" class=\"wp-image-2043\" srcset=\"https:\/\/taizyagromachine.com\/wp-content\/uploads\/2022\/02\/heating-method-grain-dryer.jpg 720w, https:\/\/taizyagromachine.com\/wp-content\/uploads\/2022\/02\/heating-method-grain-dryer-300x225.jpg 300w\" sizes=\"auto, (max-width: 720px) 100vw, 720px\" \/><figcaption class=\"wp-element-caption\">m\u00e9todos de aquecimento do secador de gr\u00e3os<\/figcaption><\/figure> <\/div> <\/div>    <div class=\"wp-block-columns is-layout-flex wp-container-core-columns-is-layout-9d6595d7 wp-block-columns-is-layout-flex\"> <div class=\"wp-block-column is-layout-flow wp-block-column-is-layout-flow\"> <figure class=\"wp-block-image size-full\"><img loading=\"lazy\" decoding=\"async\" width=\"720\" height=\"540\" src=\"https:\/\/taizyagromachine.com\/wp-content\/uploads\/2022\/02\/elevator-corn-dryer.jpg\" alt=\"elevador de secador de milho\" class=\"wp-image-2044\" srcset=\"https:\/\/taizyagromachine.com\/wp-content\/uploads\/2022\/02\/elevator-corn-dryer.jpg 720w, https:\/\/taizyagromachine.com\/wp-content\/uploads\/2022\/02\/elevator-corn-dryer-300x225.jpg 300w\" sizes=\"auto, (max-width: 720px) 100vw, 720px\" \/><figcaption class=\"wp-element-caption\">elevador de secador de milho<\/figcaption><\/figure> <\/div>    <div class=\"wp-block-column is-vertically-aligned-center is-layout-flow wp-block-column-is-layout-flow\"> <p class=\"has-text-align-center translation-block\">Elevador<\/p>    <p>O cinto \u00e9 feito de lona de n\u00e1ilon puro, o balde usa pl\u00e1stico de n\u00e1ilon virgem com boa resist\u00eancia e sem fragilidade.<\/p> <\/div> <\/div>    <div class=\"wp-block-columns is-layout-flex wp-container-core-columns-is-layout-9d6595d7 wp-block-columns-is-layout-flex\"> <div class=\"wp-block-column is-vertically-aligned-center is-layout-flow wp-block-column-is-layout-flow\"> <p class=\"has-text-align-center translation-block\">C\u00e1lculo de design de secador de arroz<\/p>    <p>Ingest\u00e3o angular, facilitando a secagem dos gr\u00e3os. &nbsp;&nbsp;<\/p> <\/div>    <div class=\"wp-block-column is-layout-flow wp-block-column-is-layout-flow\"> <figure class=\"wp-block-image size-full\"><img loading=\"lazy\" decoding=\"async\" width=\"750\" height=\"416\" src=\"https:\/\/taizyagromachine.com\/wp-content\/uploads\/2022\/02\/circulation-drying-dryer.jpg\" alt=\"secagem por circula\u00e7\u00e3o de secador de gr\u00e3os\" class=\"wp-image-2045\" srcset=\"https:\/\/taizyagromachine.com\/wp-content\/uploads\/2022\/02\/circulation-drying-dryer.jpg 750w, https:\/\/taizyagromachine.com\/wp-content\/uploads\/2022\/02\/circulation-drying-dryer-300x166.jpg 300w\" sizes=\"auto, (max-width: 750px) 100vw, 750px\" \/><figcaption class=\"wp-element-caption\">secagem por circula\u00e7\u00e3o de secador de gr\u00e3os<\/figcaption><\/figure> <\/div> <\/div>    <p><\/p>    <h2 class=\"wp-block-heading\" id=\"advantages-of-rice-dryer-for-sale\"><strong>Vantagens do secador de arroz para venda<\/strong><\/h2>    <ul class=\"wp-block-list\"> <li><strong>Uso conveniente<\/strong>. Porque este secador de arroz n\u00e3o necessita de substitui\u00e7\u00e3o de pe\u00e7as, adaptando-se diretamente para secar milho, arroz, trigo, colza, soja, etc.<\/li>    <li><strong>Tecnologia avan\u00e7ada de secagem de gr\u00e3os<\/strong>. Esta tecnologia aquece os gr\u00e3os uniformemente, com r\u00e1pida taxa de desidrata\u00e7\u00e3o e baixo custo de secagem.<\/li>    <li><strong>Material de a\u00e7o inoxid\u00e1vel<\/strong>. As principais partes do secador de gr\u00e3os no interior adotam materiais de a\u00e7o inoxid\u00e1vel, prolongando efetivamente a vida \u00fatil do equipamento.<\/li>    <li>O secador de milho tem seu <strong>pr\u00f3prio sistema de distribui\u00e7\u00e3o de ar de refrigera\u00e7\u00e3o<\/strong>, o que pode efetivamente garantir a qualidade dos gr\u00e3os secos e facilitar a preserva\u00e7\u00e3o dos gr\u00e3os.<\/li>    <li>F\u00e1cil opera\u00e7\u00e3o, alta efici\u00eancia de secagem, livre de polui\u00e7\u00e3o.<\/li>    <li><strong>M\u00e9todos de aquecimento opcionais<\/strong>. Fog\u00e3o a biomassa, fog\u00e3o a diesel, g\u00e1s natural e queimador el\u00e9trico est\u00e3o dispon\u00edveis.<\/li> <\/ul>    <h2 class=\"wp-block-heading\" id=\"wide-applications-of-vertical-grain-dryer\"><strong>Amplas aplica\u00e7\u00f5es de secador de gr\u00e3os vertical<\/strong><\/h2>    <p class=\"translation-block\">Este secador de gr\u00e3os vertical tem uma ampla gama de aplica\u00e7\u00f5es. Pode secar gr\u00e3os, como arroz, trigo, milho, soja, sorgo, milho mi\u00fado, colza, semente de girassol, etc. em tipo de lote. <\/p>   <div class=\"wp-block-image\"> <figure class=\"aligncenter size-full\"><img loading=\"lazy\" decoding=\"async\" width=\"720\" height=\"540\" src=\"https:\/\/taizyagromachine.com\/wp-content\/uploads\/2022\/02\/applications-tower-grain-dryer.jpg\" alt=\"aplica\u00e7\u00e3o do secador de arroz\" class=\"wp-image-2046\" srcset=\"https:\/\/taizyagromachine.com\/wp-content\/uploads\/2022\/02\/applications-tower-grain-dryer.jpg 720w, https:\/\/taizyagromachine.com\/wp-content\/uploads\/2022\/02\/applications-tower-grain-dryer-300x225.jpg 300w\" sizes=\"auto, (max-width: 720px) 100vw, 720px\" \/><figcaption class=\"wp-element-caption\">aplica\u00e7\u00e3o do secador de arroz<\/figcaption><\/figure> <\/div>   <h2 class=\"wp-block-heading\" id=\"how-does-a-paddy-dryer-work\"><strong>Como funciona um secador de arroz cru?<\/strong><\/h2>   <div id=\"rank-math-howto\" class=\"rank-math-block\" > <div class=\"rank-math-howto-description\">  <\/div>  <div class=\"rank-math-steps\"> <div id=\"howto-step-1704706129384\" class=\"rank-math-step\"> <h3 class=\"rank-math-step-title\"><strong>Est\u00e1gio de alimenta\u00e7\u00e3o<\/strong><\/h3> <div class=\"rank-math-step-content\"><p>Antes de iniciar o processo de secagem do arroz, o arroz \u00famido colhido \u00e9 primeiro alimentado da \u00e1rea de prepara\u00e7\u00e3o para a entrada do secador de arroz atrav\u00e9s do equipamento de eleva\u00e7\u00e3o (por exemplo, elevador de ca\u00e7amba ou transportador de correia) para completar o carregamento inicial do gr\u00e3o.<\/p> <\/div> <\/div> <div id=\"howto-step-1704706148500\" class=\"rank-math-step\"> <h3 class=\"rank-math-step-title\"><strong>Prepara\u00e7\u00e3o de pr\u00e9-aquecimento<\/strong><\/h3> <div class=\"rank-math-step-content\"><p>Antes que a secadora esteja completamente cheia de arroz, o operador precisa ligar o queimador dentro da secadora. Dependendo do tipo de equipamento, \u00f3leo, g\u00e1s, biomassa ou outras formas de energia podem ser utilizados para garantir que o queimador queime de forma constante e gere calor suficiente para fornecer uma fonte de calor para a opera\u00e7\u00e3o de secagem.<\/p> <\/div> <\/div> <div id=\"howto-step-1704706186044\" class=\"rank-math-step\"> <h3 class=\"rank-math-step-title\"><strong>Processo de secagem circular<\/strong><\/h3> <div class=\"rank-math-step-content\"><p>Quando o forno de combust\u00e3o atinge uma temperatura predeterminada e come\u00e7a a fornecer calor de forma constante, o sistema de circula\u00e7\u00e3o do secador \u00e9 acionado. <br \/>Depende principalmente do calor gerado na c\u00e2mara do forno para trocar calor com o arroz. O ar quente circula dentro do secador e aquece o arroz uniformemente atrav\u00e9s das placas de secagem multicamadas ou canais de secagem especialmente projetados para remover a umidade dele.<\/p> <\/div> <\/div> <div id=\"howto-step-1704706222538\" class=\"rank-math-step\"> <h3 class=\"rank-math-step-title\"><strong>Fim da secagem e descarga<\/strong><\/h3> <div class=\"rank-math-step-content\"><p>A opera\u00e7\u00e3o de secagem \u00e9 conclu\u00edda quando a umidade no arroz \u00e9 reduzida a um padr\u00e3o adequado para armazenamento. Desligue o forno de combust\u00e3o, ajuste o dispositivo de descarga do secador, controle o arroz para ser descarregado ordenadamente pela parte inferior do secador ou pela sa\u00edda espec\u00edfica de acordo com a velocidade definida. <br \/>Ap\u00f3s a secagem, o arroz \u00e9 resfriado e pronto para a pr\u00f3xima etapa de armazenamento ou processamento.<\/p> <\/div> <\/div> <\/div> <\/div>       <figure class=\"wp-block-gallery aligncenter has-nested-images columns-default is-cropped wp-block-gallery-3 is-layout-flex wp-block-gallery-is-layout-flex\"> <figure class=\"wp-block-image size-large\"><img loading=\"lazy\" decoding=\"async\" width=\"640\" height=\"640\" data-id=\"6424\" src=\"https:\/\/taizyagromachine.com\/wp-content\/uploads\/2022\/02\/paddy-dryer-machine-for-corn.webp\" alt=\"m\u00e1quina de secar arroz para milho\" class=\"wp-image-6424\"\/><figcaption class=\"wp-element-caption\">m\u00e1quina de secar arroz para milho<\/figcaption><\/figure>    <figure class=\"wp-block-image size-large\"><img loading=\"lazy\" decoding=\"async\" width=\"640\" height=\"640\" data-id=\"6425\" src=\"https:\/\/taizyagromachine.com\/wp-content\/uploads\/2022\/02\/rice-dryer-on-site.webp\" alt=\"secador de arroz no local\" class=\"wp-image-6425\"\/><figcaption class=\"wp-element-caption\">secador de arroz no local<\/figcaption><\/figure> <\/figure>    <h2 class=\"wp-block-heading\" id=\"four-questions-we-should-confirm\"><strong>Perguntas frequentes ao comprar secador de gr\u00e3os<\/strong><\/h2>   <div id=\"rank-math-faq\" class=\"rank-math-block\"> <div class=\"rank-math-list\"> <div id=\"faq-question-1704705433446\" class=\"rank-math-list-item\"> <h3 class=\"rank-math-question\"><strong>Que tipo de gr\u00e3os voc\u00ea deseja secar? Arroz, milho, sorgo, trigo ou outros gr\u00e3os?<\/strong><\/h3> <div class=\"rank-math-answer\">  <p>Nosso secador de gr\u00e3os pode secar todos os itens acima.<\/p>  <\/div> <\/div> <div id=\"faq-question-1704705476297\" class=\"rank-math-list-item\"> <h3 class=\"rank-math-question\"><strong>Quantas toneladas voc\u00ea deseja secar por lote ou dia?<\/strong><\/h3> <div class=\"rank-math-answer\">  <p>Nossa m\u00e1quina de secagem de gr\u00e3os trabalha em lotes, geralmente 15 toneladas\/lote ou 32 toneladas\/lote. Se precisar de maior capacidade, tamb\u00e9m podemos equip\u00e1-la para voc\u00ea.<\/p>  <\/div> <\/div> <div id=\"faq-question-1704705577780\" class=\"rank-math-list-item\"> <h3 class=\"rank-math-question\"><strong>Qual \u00e9 a umidade antes de secar? Que umidade voc\u00ea deseja obter ap\u00f3s a secagem?<\/strong><\/h3> <div class=\"rank-math-answer\">  <p>Normalmente, antes da secagem, a umidade \u00e9\u00a040%; ap\u00f3s a secagem, voc\u00ea deseja que seja 20%.<\/p>  <\/div> <\/div> <div id=\"faq-question-1704705597446\" class=\"rank-math-list-item\"> <h3 class=\"rank-math-question\"><strong>Para a fornalha de queima, voc\u00ea pode escolher carv\u00e3o, diesel e biomassa como combust\u00edvel. Qual voc\u00ea prefere?\u00a0<\/strong><\/h3> <div class=\"rank-math-answer\">  <p>Nosso secador de milho pode usar tudo isso.<\/p>  <\/div> <\/div> <\/div> <\/div>   <p>As quatro perguntas acima s\u00e3o informa\u00e7\u00f5es b\u00e1sicas para nos ajudar a entender melhor suas necessidades. Podemos recomendar um secador de arroz comercial adequado para o seu neg\u00f3cio. Entre em contato conosco e retornaremos o mais breve poss\u00edvel!<\/p>    <figure class=\"wp-block-gallery aligncenter has-nested-images columns-default is-cropped wp-block-gallery-4 is-layout-flex wp-block-gallery-is-layout-flex\"> <figure class=\"wp-block-image size-large\"><img loading=\"lazy\" decoding=\"async\" width=\"3000\" height=\"4000\" data-id=\"6427\" src=\"https:\/\/taizyagromachine.com\/wp-content\/uploads\/2022\/02\/grain-drying-machine-in-stock.webp\" alt=\"m\u00e1quina de secagem de gr\u00e3os em estoque\" class=\"wp-image-6427\"\/><figcaption class=\"wp-element-caption\">m\u00e1quina de secagem de gr\u00e3os em estoque<\/figcaption><\/figure>    <figure class=\"wp-block-image size-large\"><img loading=\"lazy\" decoding=\"async\" width=\"3000\" height=\"4000\" data-id=\"6428\" src=\"https:\/\/taizyagromachine.com\/wp-content\/uploads\/2022\/02\/paddy-grain-dryer.webp\" alt=\"secador de gr\u00e3os de arroz\" class=\"wp-image-6428\"\/><figcaption class=\"wp-element-caption\">secador de gr\u00e3os de arroz<\/figcaption><\/figure>    <figure class=\"wp-block-image size-large\"><img loading=\"lazy\" decoding=\"async\" width=\"3000\" height=\"4000\" data-id=\"6429\" src=\"https:\/\/taizyagromachine.com\/wp-content\/uploads\/2022\/02\/paddy-rice-dryer-factory.webp\" alt=\"f\u00e1brica de secadores de arroz em casca\u00a0\" class=\"wp-image-6429\"\/><figcaption class=\"wp-element-caption\">f\u00e1brica de secadores de arroz em casca\u00a0<\/figcaption><\/figure> <\/figure>    <h2 class=\"wp-block-heading\"><strong>Contate-nos para saber o pre\u00e7o do secador de gr\u00e3os!<\/strong><\/h2>    <p class=\"translation-block\">Venha e entre em contato conosco para o secador de <a href=\"https:\/\/en.wikipedia.org\/wiki\/Maize\" target=\"_blank\" rel=\"noopener\">milho<\/a>, arroz, trigo e soja! Nossa m\u00e1quina secadora de milho pode ajud\u00e1-lo a secar seus gr\u00e3os rapidamente e em lotes. E nossa m\u00e1quina tem um pre\u00e7o competitivo, que o atrai! <\/p>","protected":false},"excerpt":{"rendered":"<p>Paddy dryer&nbsp;is ideal equipment that mainly functions to dry various grains, such as corn, rice, wheat, soybean, etc. The grain dryer belongs to batch circulation dryer, low temperature, and energy saving. It has a reasonable structure, easy operation, and low noise. Generally speaking, grain dryers for sale from Taizy Company have 5H-15 and 5H-32 available. [&hellip;]<\/p>\n","protected":false},"author":1,"featured_media":2158,"parent":0,"template":"","tags":[223],"product-type":[30],"class_list":["post-2029","product","type-product","status-publish","has-post-thumbnail","hentry","tag-grain-drying","product-type-grain-dryer"],"_links":{"self":[{"href":"https:\/\/taizyagromachine.com\/pt\/wp-json\/wp\/v2\/product\/2029","targetHints":{"allow":["GET"]}}],"collection":[{"href":"https:\/\/taizyagromachine.com\/pt\/wp-json\/wp\/v2\/product"}],"about":[{"href":"https:\/\/taizyagromachine.com\/pt\/wp-json\/wp\/v2\/types\/product"}],"author":[{"embeddable":true,"href":"https:\/\/taizyagromachine.com\/pt\/wp-json\/wp\/v2\/users\/1"}],"wp:featuredmedia":[{"embeddable":true,"href":"https:\/\/taizyagromachine.com\/pt\/wp-json\/wp\/v2\/media\/2158"}],"wp:attachment":[{"href":"https:\/\/taizyagromachine.com\/pt\/wp-json\/wp\/v2\/media?parent=2029"}],"wp:term":[{"taxonomy":"post_tag","embeddable":true,"href":"https:\/\/taizyagromachine.com\/pt\/wp-json\/wp\/v2\/tags?post=2029"},{"taxonomy":"product-type","embeddable":true,"href":"https:\/\/taizyagromachine.com\/pt\/wp-json\/wp\/v2\/product-type?post=2029"}],"curies":[{"name":"wp","href":"https:\/\/api.w.org\/{rel}","templated":true}]}}