{"id":2030,"date":"2022-02-14T03:22:31","date_gmt":"2022-02-14T03:22:31","guid":{"rendered":"https:\/\/taizyagromachine.com\/"},"modified":"2025-12-18T15:04:00","modified_gmt":"2025-12-18T07:04:00","slug":"single-row-corn-harvester","status":"publish","type":"product","link":"https:\/\/taizyagromachine.com\/pt\/product\/single-row-corn-harvester\/","title":{"rendered":"Colheitadeira de milho de fileira \u00fanica"},"content":{"rendered":"<p class=\"translation-block\">O <strong>ceifeira de milho de linha \u00fanica<\/strong> \u00e9 um equipamento autopropulsionado para colheita de milho, utilizado maioritariamente em pequenos campos de milho em \u00e1reas de pequena dimens\u00e3o, regi\u00f5es montanhosas e terrenos acidentados. \u00c9 uma ceifeira de milho pequena, alimentada por motor diesel ou a gasolina. Al\u00e9m disso, a ceifeira de milho de uma linha tem fun\u00e7\u00f5es de colheita de milho e tritura\u00e7\u00e3o de caules. Os caules triturados regressam ao campo. <\/p>    <p class=\"translation-block\">Al\u00e9m disso, a altura do toco dos caules de milho \u00e9 ajust\u00e1vel de acordo com as suas necessidades. Mais ainda, a parte de colheita desta m\u00e1quina \u00e9 concebida de forma independente, podendo ser removida. E a parte restante pode ser utilizada como uma micro-cultivadora. Ap\u00f3s a colheita do milho, pode utilizar um <a href=\"https:\/\/taizyagromachine.com\/pt\/corn-machine\/maize-thresher\/\" target=\"_blank\" rel=\"noreferrer noopener\">debulhador de milho<\/a> para obter os gr\u00e3os de milho. Tem interesse nesta ceifeira de milho? Contacte-nos o mais rapidamente poss\u00edvel!<\/p>    <h2 class=\"wp-block-heading\" id=\"structure-of-one-row-maize-harvester-for-sale\"><strong>Estrutura da colheitadeira de milho de uma fileira para venda<\/strong><\/h2>    <p>Para ser sincero, esta colheitadeira de milho de linha \u00fanica possui uma estrutura simples e compacta. Possui apoio de bra\u00e7o para controlar a m\u00e1quina. Al\u00e9m disso, pela sua estrutura podemos saber que \u00e9 f\u00e1cil de operar e muito amig\u00e1vel para os usu\u00e1rios.<\/p>   <div class=\"wp-block-image\"> <figure class=\"aligncenter size-full\"><img loading=\"lazy\" decoding=\"async\" width=\"720\" height=\"540\" src=\"https:\/\/taizyagromachine.com\/wp-content\/uploads\/2022\/02\/structure-1-row-corn-harvester.jpg\" alt=\"colheitadeira de milho de estrutura \u00fanica\" class=\"wp-image-2037\" srcset=\"https:\/\/taizyagromachine.com\/wp-content\/uploads\/2022\/02\/structure-1-row-corn-harvester.jpg 720w, https:\/\/taizyagromachine.com\/wp-content\/uploads\/2022\/02\/structure-1-row-corn-harvester-300x225.jpg 300w\" sizes=\"auto, (max-width: 720px) 100vw, 720px\" \/><figcaption class=\"wp-element-caption\">estrutura<\/figcaption><\/figure> <\/div>   <h2 class=\"wp-block-heading\" id=\"features-of-corn-reaper\"><strong>Caracter\u00edsticas da colheitadeira de milho de linha \u00fanica para venda<\/strong><\/h2>    <ul class=\"wp-block-list\"> <li>M\u00faltiplas fun\u00e7\u00f5es. Este colhedor de milho de 1 linha pode completar a colheita de milho e esmagar os talos de volta aos campos ao mesmo tempo.<\/li>    <li>Forte adaptabilidade. A colheitadeira de milho de linha \u00fanica pode realizar trabalhos em distritos montanhosos e montanhosos, pequenos campos.<\/li>    <li>Alta efici\u00eancia. Um operador qualificado pode atingir 0,03-0,06\u00a0hectares por hora.<\/li>    <li>Opera\u00e7\u00e3o f\u00e1cil. As pessoas n\u00e3o precisam de conhecimentos especializados e treinam demais.<\/li>    <li>Opera\u00e7\u00e3o flex\u00edvel, pequena m\u00e1quina colhedora de milho, estrutura simples.<\/li>    <li>Baixo consumo de \u00f3leo, econ\u00f4mico e, portanto, de baixo custo.<\/li> <\/ul>    <h2 class=\"wp-block-heading\" id=\"working-principles-of-single-row-corn-picker\"><strong>Princ\u00edpios de funcionamento do colhedor de milho de linha \u00fanica<\/strong><\/h2>    <p>Esta colhedora de milho autopropelida est\u00e1 equipada com o motor correspondente, fornecendo pot\u00eancia atrav\u00e9s da caixa de c\u00e2mbio. Os pneus de caminhada funcionam com energia fornecida por uma caixa de c\u00e2mbio. Para outra caixa de c\u00e2mbio, aciona duas rodas de colheita e um conjunto de l\u00e2minas britadeiras. Quando a ceifeira de milho de 1 linha avan\u00e7ar, puxe o talo de milho para dentro da entrada de colheita. E ent\u00e3o a roda de colheita puxa o talo do milho para baixo. Mas durante a descida, devido ao grande tamanho dos gr\u00e3os, o milho pode ser puxado para dentro do galp\u00e3o colhedor. Os talos de milho ser\u00e3o esmagados pelo conjunto de l\u00e2minas trituradoras.<\/p>    <h2 class=\"wp-block-heading\" id=\"successful-cases-of-single-row-corn-harvesting-machine\"><strong>Casos de sucesso de m\u00e1quina colhedora de milho de linha \u00fanica<\/strong><\/h2>    <p>Este ano, o nosso gestor de vendas Winne recebeu uma consulta sobre uma colheitadeira de milho de uma fila do Nig\u00e9ria. Ele comprou para as suas explora\u00e7\u00f5es de milho. Mas as suas explora\u00e7\u00f5es estavam localizadas em regi\u00f5es montanhosas. Portanto, Winne recomendou este tipo de colheitadeira de milho autopropelida a ele. Claro, ele consultou outros fabricantes e fornecedores. Em compara\u00e7\u00e3o com essas empresas, ele achou que somos uma empresa profissional e confi\u00e1vel. Assim, ele encomendou 30 unidades de colheitadeira de milho de uma fila da nossa empresa Taizy. Ap\u00f3s receber as m\u00e1quinas, enviou-nos um bom feedback e esperava que pud\u00e9ssemos colaborar novamente.<\/p>    <figure class=\"wp-block-gallery has-nested-images columns-default is-cropped wp-block-gallery-2 is-layout-flex wp-block-gallery-is-layout-flex\"> <figure class=\"wp-block-image size-full\"><img loading=\"lazy\" decoding=\"async\" width=\"720\" height=\"540\" data-id=\"2040\" src=\"https:\/\/taizyagromachine.com\/wp-content\/uploads\/2022\/02\/pack-in-the-woooden-case-1-row-corn-harvester.jpg\" alt=\"embalar na caixa de madeira\" class=\"wp-image-2040\" srcset=\"https:\/\/taizyagromachine.com\/wp-content\/uploads\/2022\/02\/pack-in-the-woooden-case-1-row-corn-harvester.jpg 720w, https:\/\/taizyagromachine.com\/wp-content\/uploads\/2022\/02\/pack-in-the-woooden-case-1-row-corn-harvester-300x225.jpg 300w\" sizes=\"auto, (max-width: 720px) 100vw, 720px\" \/><figcaption class=\"wp-element-caption\">embalar na caixa de madeira<\/figcaption><\/figure>    <figure class=\"wp-block-image size-full\"><img loading=\"lazy\" decoding=\"async\" width=\"720\" height=\"540\" data-id=\"2039\" src=\"https:\/\/taizyagromachine.com\/wp-content\/uploads\/2022\/02\/load-into-the-container-1-rowcorn-harvester.jpg\" alt=\"carregar no cont\u00eainer\" class=\"wp-image-2039\" srcset=\"https:\/\/taizyagromachine.com\/wp-content\/uploads\/2022\/02\/load-into-the-container-1-rowcorn-harvester.jpg 720w, https:\/\/taizyagromachine.com\/wp-content\/uploads\/2022\/02\/load-into-the-container-1-rowcorn-harvester-300x225.jpg 300w\" sizes=\"auto, (max-width: 720px) 100vw, 720px\" \/><figcaption class=\"wp-element-caption\">carregar no cont\u00eainer<\/figcaption><\/figure> <\/figure>    <h2 class=\"wp-block-heading\" id=\"faq\"><strong>Perguntas frequentes sobre a colheitadeira de milho de linha \u00fanica<\/strong><\/h2>   <div id=\"rank-math-faq\" class=\"rank-math-block\"> <div class=\"rank-math-list\"> <div id=\"faq-question-1663830814557\" class=\"rank-math-list-item\"> <h3 class=\"rank-math-question\"><strong>P: Esta colheitadeira pode descascar a casca do milho?<\/strong><\/h3> <div class=\"rank-math-answer\">  <p>R: N\u00e3o, n\u00e3o pode.<\/p>  <\/div> <\/div> <div id=\"faq-question-1663830821594\" class=\"rank-math-list-item\"> <h3 class=\"rank-math-question\"><strong>P: Onde ficam os talos de milho ap\u00f3s a colheita?<\/strong><\/h3> <div class=\"rank-math-answer\">  <p>R: Os talos de milho voltam aos campos ap\u00f3s serem esmagados pelas 10 l\u00e2minas na parte inferior da m\u00e1quina.<\/p>  <\/div> <\/div> <div id=\"faq-question-1663830840907\" class=\"rank-math-list-item\"> <h3 class=\"rank-math-question\"><strong>P: E quanto \u00e0 altura do restolho?<\/strong><\/h3> <div class=\"rank-math-answer\">  <p>R: \u00c9 ajust\u00e1vel, mas a altura m\u00ednima \u00e9 de 10cm.<\/p>  <\/div> <\/div> <div id=\"faq-question-1663830861138\" class=\"rank-math-list-item\"> <h3 class=\"rank-math-question\"><strong>P: A l\u00e2mina \u00e9 facilmente danificada? Por quanto tempo posso us\u00e1-lo?<\/strong><\/h3> <div class=\"rank-math-answer\">  <p>R: Sim, as l\u00e2minas quebram facilmente, especialmente se encontrarem pedras grandes ou outros obst\u00e1culos muito dif\u00edceis. Normalmente tem vida \u00fatil de um ano. Enviamos 1 unidade extra (10 unidades) gratuitamente com a colhedora de milho no momento da entrega.<\/p>  <\/div> <\/div> <div id=\"faq-question-1663830876948\" class=\"rank-math-list-item\"> <h3 class=\"rank-math-question\"><strong>P:\u00a0Que energia esta colhedora de milho usa?<\/strong><\/h3> <div class=\"rank-math-answer\">  <p>A: Motor a gasolina 188F ou motor diesel 188F com refrigera\u00e7\u00e3o a ar.<\/p>  <\/div> <\/div> <div id=\"faq-question-1663830896543\" class=\"rank-math-list-item\"> <h3 class=\"rank-math-question\"><strong>P: Haver\u00e1 algum milho que n\u00e3o poder\u00e1 ser colhido?<\/strong><\/h3> <div class=\"rank-math-answer\">  <p>R: Com experi\u00eancia pr\u00e1tica, a taxa de colheita de milho \u00e9 superior a 98%.<\/p>  <\/div> <\/div> <div id=\"faq-question-1663830913428\" class=\"rank-math-list-item\"> <h3 class=\"rank-math-question\">P: Quantos gr\u00e3os podem ser coletados no celeiro ao lado da m\u00e1quina?<\/h3> <div class=\"rank-math-answer\">  <p>R: Depende do tamanho do milho, geralmente pode coletar 30-50 unidades.<\/p>  <\/div> <\/div> <\/div> <\/div>   <h2 class=\"wp-block-heading\"><strong>V\u00eddeo da m\u00e1quina colhedora de milho de linha \u00fanica<\/strong><\/h2>    <figure class=\"wp-block-embed is-type-video is-provider-youtube wp-block-embed-youtube wp-embed-aspect-16-9 wp-has-aspect-ratio\"><div class=\"wp-block-embed__wrapper\"> <iframe loading=\"lazy\" title=\"M\u00e1quina colhedora de milho de fileira \u00fanica empurrada manualmente | Seletor de milho de 1 linha por atacado para venda #corn\" width=\"500\" height=\"281\" src=\"https:\/\/www.youtube.com\/embed\/oWVc9HTAemk?feature=oembed\" frameborder=\"0\" allow=\"accelerometer; autoplay; clipboard-write; encrypted-media; gyroscope; picture-in-picture; web-share\" referrerpolicy=\"strict-origin-when-cross-origin\" allowfullscreen><\/iframe> <\/div><\/figure>","protected":false},"excerpt":{"rendered":"<p>Single row corn harvester&nbsp;is self-propelled maize reaping equipment, mostly used in the small cornfields in small land blocks, mountainous regions, hilly grounds. It\u2019s small maize harvester, powered by diesel engine or gasoline engine. Besides, the one-row corn picker has functions of corn picking and stalks crushing. The crushed stalks get back to the field. Also, [&hellip;]<\/p>\n","protected":false},"author":1,"featured_media":2143,"parent":0,"template":"","tags":[],"product-type":[17],"class_list":["post-2030","product","type-product","status-publish","has-post-thumbnail","hentry","product-type-corn-machine"],"_links":{"self":[{"href":"https:\/\/taizyagromachine.com\/pt\/wp-json\/wp\/v2\/product\/2030","targetHints":{"allow":["GET"]}}],"collection":[{"href":"https:\/\/taizyagromachine.com\/pt\/wp-json\/wp\/v2\/product"}],"about":[{"href":"https:\/\/taizyagromachine.com\/pt\/wp-json\/wp\/v2\/types\/product"}],"author":[{"embeddable":true,"href":"https:\/\/taizyagromachine.com\/pt\/wp-json\/wp\/v2\/users\/1"}],"wp:featuredmedia":[{"embeddable":true,"href":"https:\/\/taizyagromachine.com\/pt\/wp-json\/wp\/v2\/media\/2143"}],"wp:attachment":[{"href":"https:\/\/taizyagromachine.com\/pt\/wp-json\/wp\/v2\/media?parent=2030"}],"wp:term":[{"taxonomy":"post_tag","embeddable":true,"href":"https:\/\/taizyagromachine.com\/pt\/wp-json\/wp\/v2\/tags?post=2030"},{"taxonomy":"product-type","embeddable":true,"href":"https:\/\/taizyagromachine.com\/pt\/wp-json\/wp\/v2\/product-type?post=2030"}],"curies":[{"name":"wp","href":"https:\/\/api.w.org\/{rel}","templated":true}]}}