{"id":2057,"date":"2022-02-14T08:10:31","date_gmt":"2022-02-14T08:10:31","guid":{"rendered":"https:\/\/taizyagromachine.com\/"},"modified":"2025-01-02T13:53:35","modified_gmt":"2025-01-02T05:53:35","slug":"multifunctional-thresher","status":"publish","type":"product","link":"https:\/\/taizyagromachine.com\/pt\/product\/multifunctional-thresher\/","title":{"rendered":"Debulhador multifuncional"},"content":{"rendered":"<p>A debulhadora multifuncional \u00e9 um equipamento atualizado baseado na debulhadora de milho, adequada para milho, sorgo, soja e milheto. Ele pode ser combinado com motor diesel, motor a gasolina ou motor el\u00e9trico como dispositivo de pot\u00eancia. Al\u00e9m disso, voc\u00ea deve escolher as diferentes telas para as culturas correspondentes. Nossas debulhadoras multifuncionais s\u00e3o muito conhecidas no exterior e apreciadas por pessoas na Indon\u00e9sia, Zimb\u00e1bue, Benin, Nig\u00e9ria, Botsuana e muitos outros pa\u00edses.<\/p>    <h2 class=\"wp-block-heading\" id=\"why-call-it-multipurpose-thresher\"><strong>Por que ligar <a href=\"https:\/\/cornmachines.com\/multifunctional-thresher-machine\/\" target=\"_blank\" rel=\"noreferrer noopener\">Debulhador Multiuso<\/a>?<\/strong>&nbsp;<\/h2>    <p>As raz\u00f5es s\u00e3o as seguintes:<\/p>    <ol class=\"wp-block-list\" type=\"1\"> <li><strong>Aplica\u00e7\u00f5es mais amplas<\/strong>. Comparada com a debulhadora de milho, a debulhadora de milho multifuncional tamb\u00e9m pode descascar sorgo, soja e milho.<\/li>    <li><strong>Mais fun\u00e7\u00f5es<\/strong>. Esta debulhadora multifuncional de sorgo pode descascar e debulhar ao mesmo tempo.<\/li> <\/ol>    <h2 class=\"wp-block-heading\" id=\"h-hot-sell-multi-corn-threshing-machine-for-sale\"><strong>M\u00e1quina debulhadora de milho multi-venda quente para venda<\/strong><\/h2>    <p class=\"translation-block\">Como <a href=\"https:\/\/taizyagromachine.com\/pt\/\" target=\"_blank\" rel=\"noreferrer noopener\">uma empresa especialista em maquinaria agr\u00edcola<\/a>, dispomos de uma vasta gama de marcas de m\u00e1quinas. No que diz respeito \u00e0 debulhadora multifuncional, temos dois modelos, a MT-860 e a MT-1200, que s\u00e3o econ\u00f3micas, f\u00e1ceis de operar e t\u00eam uma vasta gama de fun\u00e7\u00f5es. A debulhadora de v\u00e1rias colheitas \u00e9 mais potente do que a debulhadora de milho. Como resultado, esta m\u00e1quina \u00e9 tamb\u00e9m mais popular no mercado de maquinaria agr\u00edcola.\u00a0<\/p>    <figure class=\"wp-block-gallery aligncenter has-nested-images columns-default is-cropped wp-block-gallery-2 is-layout-flex wp-block-gallery-is-layout-flex\"> <figure class=\"wp-block-image size-large\"><img loading=\"lazy\" decoding=\"async\" width=\"720\" height=\"540\" data-id=\"2489\" src=\"https:\/\/taizyagromachine.com\/wp-content\/uploads\/2022\/04\/multi-crop-thresher-machine.jpg\" alt=\"m\u00e1quina debulhadora multi-cultura\" class=\"wp-image-2489\" srcset=\"https:\/\/taizyagromachine.com\/wp-content\/uploads\/2022\/04\/multi-crop-thresher-machine.jpg 720w, https:\/\/taizyagromachine.com\/wp-content\/uploads\/2022\/04\/multi-crop-thresher-machine-300x225.jpg 300w\" sizes=\"auto, (max-width: 720px) 100vw, 720px\" \/><figcaption class=\"wp-element-caption\">m\u00e1quina debulhadora multi-cultura<\/figcaption><\/figure>    <figure class=\"wp-block-image size-full\"><img loading=\"lazy\" decoding=\"async\" width=\"720\" height=\"540\" data-id=\"2615\" src=\"https:\/\/taizyagromachine.com\/wp-content\/uploads\/2022\/05\/multifunctional-corn-thresher-machine.jpg\" alt=\"m\u00e1quina debulhadora de milho multifuncional\" class=\"wp-image-2615\"\/><figcaption class=\"wp-element-caption\">m\u00e1quina debulhadora de milho multifuncional<\/figcaption><\/figure> <\/figure>    <h2 class=\"wp-block-heading\" id=\"structure-of-multi-purpose-maize-sheller\"><strong>Estrutura do Descascador de Milho Multiuso<\/strong><strong><\/strong><\/h2>    <p>Atendendo \u00e0 tend\u00eancia do mercado, a debulhadora multifuncional possui design simples. Esta m\u00e1quina debulhadora \u00e9 composta de entrada, sa\u00edda de gr\u00e3os de milho, sa\u00edda de impurezas e ventilador de tiragem. Uma coisa que deve ser observada \u00e9 o ventilador de tiragem \u00fanica e os ventiladores de tiragem dupla para esta debulhadora de gr\u00e3os pequenos. Para a m\u00e1quina com ventiladores de dupla tiragem, as sementes da colheita ficam muito mais limpas. &nbsp;<\/p>   <div class=\"wp-block-image\"> <figure class=\"aligncenter size-full\"><img loading=\"lazy\" decoding=\"async\" width=\"720\" height=\"350\" src=\"https:\/\/taizyagromachine.com\/wp-content\/uploads\/2022\/02\/structure-multi-thresher-MT860.jpg\" alt=\"estrutura-multi-debulhador-MT860\" class=\"wp-image-2059\" srcset=\"https:\/\/taizyagromachine.com\/wp-content\/uploads\/2022\/02\/structure-multi-thresher-MT860.jpg 720w, https:\/\/taizyagromachine.com\/wp-content\/uploads\/2022\/02\/structure-multi-thresher-MT860-300x146.jpg 300w\" sizes=\"auto, (max-width: 720px) 100vw, 720px\" \/><figcaption class=\"wp-element-caption\">estrutura<\/figcaption><\/figure> <\/div>   <h2 class=\"wp-block-heading\" id=\"h-technical-parameters\"><strong>Par\u00e2metros t\u00e9cnicos da debulhadora multifuncional<\/strong><\/h2>    <p>Como voc\u00ea pode ver na tabela de par\u00e2metros, a debulhadora multifuncional MT-860 tem capacidade de 1,5-2 toneladas por hora, enquanto a capacidade da MT-1200 varia dependendo da cultura. Al\u00e9m disso, o primeiro pode ser movido por motor diesel, el\u00e9trico ou a gasolina, enquanto o segundo \u00e9 geralmente equipado com motor diesel. No entanto, a gama de aplica\u00e7\u00f5es \u00e9 a mesma para ambos, sendo o sorgo, a soja, o milho e o milho-mi\u00fado trilhados.<\/p>    <figure class=\"wp-block-table\"><table><tbody><tr><td>Modelo<\/td><td>Poder<\/td><td>Capacidade<\/td><td>Peso<\/td><td>Tamanho<\/td><td>Aplicativo<\/td><\/tr><tr><td>MT-860<\/td><td>Motor diesel, motor a gasolina, motor el\u00e9trico<\/td><td>1,5-2t\/h<\/td><td>112kg<\/td><td>1150*860<em>*<\/em>1160 mm<\/td><td>Sorgo, Pain\u00e7o, Milho, Soja<\/td><\/tr><tr><td>MT-1200<\/td><td>Motor diesel 10-12HP<\/td><td>milho 3t\/h,<br>Soja 2t\/h<br>Sorgo, pain\u00e7o, trigo, arroz 1,5t\/h<\/td><td>200kg<\/td><td>2100*1700*1400mm<\/td><td>Sorgo, Pain\u00e7o, Milho, Soja<\/td><\/tr><\/tbody><\/table><\/figure>    <h2 class=\"wp-block-heading\" id=\"characteristics-of-combined-peeler-and-thresher-machine\"><strong>Caracter\u00edsticas da m\u00e1quina combinada de descascador e debulhador<\/strong><strong><\/strong><\/h2>    <ul class=\"wp-block-list\" type=\"1\"> <li>Tem a vantagem de alta efici\u00eancia, baixa quebra e baixa impureza.<\/li>    <li>Tr\u00eas dispositivos de energia est\u00e3o dispon\u00edveis. Motor diesel, motor a gasolina e motor el\u00e9trico s\u00e3o adequados para transportar pequenas debulhadoras multifuncionais para o trabalho.<\/li>    <li>Telas. Esta m\u00e1quina pode descascar e descascar milho, sorgo, milheto, feij\u00e3o, os tamanhos dessas culturas s\u00e3o diferentes, portanto, as telas devem corresponder \u00e0s culturas.<\/li>    <li>Projeto humanizado. Rodas pequenas est\u00e3o equipadas e f\u00e1ceis de mover. E a altura da m\u00e1quina \u00e9 adequada para a altura humana, conveniente para colocar gr\u00e3os.<\/li>    <li>Custo-beneficio. Os agricultores pobres podem comprar a m\u00e1quina e poupar dinheiro. Al\u00e9m disso, a m\u00e1quina \u00e9 multifuncional.<\/li> <\/ul>   <div class=\"wp-block-image\"> <figure class=\"aligncenter size-full\"><img loading=\"lazy\" decoding=\"async\" width=\"720\" height=\"250\" src=\"https:\/\/taizyagromachine.com\/wp-content\/uploads\/2022\/02\/three-engines-MT860.jpg\" alt=\"tr\u00eas motores\" class=\"wp-image-2061\" srcset=\"https:\/\/taizyagromachine.com\/wp-content\/uploads\/2022\/02\/three-engines-MT860.jpg 720w, https:\/\/taizyagromachine.com\/wp-content\/uploads\/2022\/02\/three-engines-MT860-300x104.jpg 300w\" sizes=\"auto, (max-width: 720px) 100vw, 720px\" \/><figcaption class=\"wp-element-caption\">tr\u00eas motores<\/figcaption><\/figure> <\/div>   <h2 class=\"wp-block-heading\" id=\"what-screens-are-suitable\"><strong>Quais telas s\u00e3o adequadas?<\/strong><\/h2>    <p>Para a debulhadora multifuncional, voc\u00ea deve usar as telas correspondentes para debulhar as colheitas.<\/p>    <p>Debulha de milho, instala\u00e7\u00e3o de tela \u00d820 e martelo, tela inferior usa\u00a0\u00d8 6.&nbsp;<\/p>    <p>Descasque de sorgo, instale tela \u00d88 e garra trilhadora, tela inferior usa \u00d8 6.<\/p>    <p>Debulha de milho, instale tela \u00d85, a tela inferior usa 1,5*1,5.<\/p>   <div class=\"wp-block-image\"> <figure class=\"aligncenter size-full\"><img loading=\"lazy\" decoding=\"async\" width=\"720\" height=\"540\" src=\"https:\/\/taizyagromachine.com\/wp-content\/uploads\/2022\/02\/matched-screen-multi-thresher.jpg\" alt=\"multi-debulhador de tela combinada\" class=\"wp-image-2060\" srcset=\"https:\/\/taizyagromachine.com\/wp-content\/uploads\/2022\/02\/matched-screen-multi-thresher.jpg 720w, https:\/\/taizyagromachine.com\/wp-content\/uploads\/2022\/02\/matched-screen-multi-thresher-300x225.jpg 300w\" sizes=\"auto, (max-width: 720px) 100vw, 720px\" \/><figcaption class=\"wp-element-caption\">tela correspondente<\/figcaption><\/figure> <\/div>   <h2 class=\"wp-block-heading\" id=\"comparison-of-maize-thresher-and-multifunctional-thresher\"><strong>Compara\u00e7\u00e3o entre debulhador de milho e debulhador multifuncional<\/strong><strong><\/strong><\/h2>    <ol class=\"wp-block-list\" type=\"1\"> <li>Faixa de aplica\u00e7\u00e3o. O <a href=\"https:\/\/taizyagromachine.com\/pt\/corn-machine\/maize-thresher\/\" target=\"_blank\" rel=\"noreferrer noopener\">debulhador de milho<\/a> \u00e9 apenas para os calos. Embora este debulhador de gr\u00e3os de pequena escala seja adequado para milho, sorgo, milho e soja.<\/li>    <li>Fun\u00e7\u00f5es diferentes. O descascador de milho pode debulhar o milho sem casca. Mas a debulhadora multifuncional pode descascar e descascar as colheitas.<\/li>    <li>Capacidade. O descascador de milho \u00e9 de 6t por hora, grande capacidade. A debulhadora de milho, soja, milheto e sorgo tem apenas 1,5-2t por hora.<\/li> <\/ol>    <figure class=\"wp-block-gallery has-nested-images columns-default is-cropped wp-block-gallery-3 is-layout-flex wp-block-gallery-is-layout-flex\"> <figure class=\"wp-block-image size-large\"><img loading=\"lazy\" decoding=\"async\" width=\"720\" height=\"500\" data-id=\"2062\" src=\"https:\/\/taizyagromachine.com\/wp-content\/uploads\/2022\/02\/applications-multi-function-thresher.jpg\" alt=\"milho e sorgo\" class=\"wp-image-2062\" srcset=\"https:\/\/taizyagromachine.com\/wp-content\/uploads\/2022\/02\/applications-multi-function-thresher.jpg 720w, https:\/\/taizyagromachine.com\/wp-content\/uploads\/2022\/02\/applications-multi-function-thresher-300x208.jpg 300w\" sizes=\"auto, (max-width: 720px) 100vw, 720px\" \/><figcaption class=\"wp-element-caption\">milho e sorgo<\/figcaption><\/figure>    <figure class=\"wp-block-image size-large\"><img loading=\"lazy\" decoding=\"async\" width=\"720\" height=\"500\" data-id=\"2063\" src=\"https:\/\/taizyagromachine.com\/wp-content\/uploads\/2022\/02\/applications-multifunctional-thresher.jpg\" alt=\"feij\u00e3o e milho\" class=\"wp-image-2063\" srcset=\"https:\/\/taizyagromachine.com\/wp-content\/uploads\/2022\/02\/applications-multifunctional-thresher.jpg 720w, https:\/\/taizyagromachine.com\/wp-content\/uploads\/2022\/02\/applications-multifunctional-thresher-300x208.jpg 300w\" sizes=\"auto, (max-width: 720px) 100vw, 720px\" \/><figcaption class=\"wp-element-caption\">feij\u00e3o e milho<\/figcaption><\/figure> <\/figure>    <h2 class=\"wp-block-heading\" id=\"h-successful-case-multi-corn-thresher-machine-exported-to-zimbabwe\"><strong>Caso de sucesso: M\u00e1quina debulhadora de milho m\u00faltipla exportada para o Zimb\u00e1bue<\/strong><\/h2>    <p id=\"h-zimbabwe-is-a-large-agricultural-country-with-vast-plains-where-maize-can-be-grown-and-where-the-local-people-eat-three-meals-a-day-based-on-maize-flour-our-sales-manager-grace-received-an-enquiry-from-a-customer-in-zimbabwe-he-wanted-to-buy-a-maize-threshing-machine-for-threshing-maize-after-understanding-his-needs-grace-recommended-this-multifunctional-thresher-as-it-was-more-versatile-and-cost-effective-than-the-others-the-zimbabwean-customer-was-so-pleased-with-the-parameters-and-the-video-that-he-placed-an-order-immediately\" class=\"translation-block\">O Zimbabu\u00e9 \u00e9 um grande pa\u00eds agr\u00edcola com vastas plan\u00edcies onde o milho pode ser cultivado e onde a popula\u00e7\u00e3o local faz tr\u00eas refei\u00e7\u00f5es por dia \u00e0 base de farinha de milho. A nossa Gerente de Vendas, Grace, recebeu uma consulta de um cliente do Zimbabu\u00e9. Ele queria comprar uma m\u00e1quina debulhadora de milho para debulhar milho. Ap\u00f3s entender as suas necessidades, Grace recomendou esta debulhadora multifuncional, pois era mais vers\u00e1til e econ\u00f3mica do que as outras. O cliente zimbabuense ficou t\u00e3o satisfeito com os par\u00e2metros e o v\u00eddeo que fez o pedido imediatamente.\u00a0<\/p>    <h2 class=\"wp-block-heading\" id=\"faq\"><strong>Perguntas frequentes sobre debulhador multifuncional<\/strong><\/h2>   <div id=\"rank-math-faq\" class=\"rank-math-block\"> <div class=\"rank-math-list\"> <div id=\"faq-question-1663830468690\" class=\"rank-math-list-item\"> <h3 class=\"rank-math-question\"><strong>P: Como descascar diferentes culturas?<\/strong><\/h3> <div class=\"rank-math-answer\">  <p>R: Abra a tampa e depois mude a tela. Ao debulhar gr\u00e3os, remova os quatro rolos internos.<\/p>  <\/div> <\/div> <div id=\"faq-question-1663830506354\" class=\"rank-math-list-item\"> <h3 class=\"rank-math-question\"><strong>P: Se n\u00e3o tiver ideia sobre como usar a m\u00e1quina, o que devo fazer?<\/strong><\/h3> <div class=\"rank-math-answer\">  <p>R: N\u00e3o se preocupe. Junto com a m\u00e1quina disponibilizamos manuais e v\u00eddeos sobre instala\u00e7\u00e3o, opera\u00e7\u00e3o, troca de tela, etc.<\/p>  <\/div> <\/div> <div id=\"faq-question-1663830517291\" class=\"rank-math-list-item\"> <h3 class=\"rank-math-question\"><strong>P: \u00c9 conveniente mover-se?<\/strong><\/h3> <div class=\"rank-math-answer\">  <p>R: Claro, a debulhadora de milho multifuncional possui rodas e barras de reboque, f\u00e1ceis de mover.<\/p>  <\/div> <\/div> <div id=\"faq-question-1663830529940\" class=\"rank-math-list-item\"> <h3 class=\"rank-math-question\"><strong>P: Quais culturas podem usar esta debulhadora multifuncional?<\/strong><\/h3> <div class=\"rank-math-answer\">  <p>R: Milho, sorgo, milho, soja.<\/p>  <\/div> <\/div> <div id=\"faq-question-1663830545523\" class=\"rank-math-list-item\"> <h3 class=\"rank-math-question\"><strong>P: Que tal a pot\u00eancia do MT-860?<\/strong><\/h3> <div class=\"rank-math-answer\">  <p>A: Motor el\u00e9trico de 2,2-3 kW, motor diesel de 6-8 HP, motor a gasolina 170F.<\/p>  <\/div> <\/div> <div id=\"faq-question-1663830561860\" class=\"rank-math-list-item\"> <h3 class=\"rank-math-question\"><strong>P: Qual \u00e9 a capacidade deste debulhador de gr\u00e3os MT-860? Taxa de debulha?<\/strong><\/h3> <div class=\"rank-math-answer\">  <p>R: Respectivamente 1,5-2t por hora, \u226595%.\u00a0<\/p>  <\/div> <\/div> <\/div> <\/div>   <h2 class=\"wp-block-heading\"><strong>V\u00eddeo da Debulhadora Multifuncional para Debulha de Milho, Feij\u00e3o, Sorgo, Milheto<\/strong><\/h2>    <figure class=\"wp-block-embed is-type-video is-provider-youtube wp-block-embed-youtube wp-embed-aspect-16-9 wp-has-aspect-ratio\"><div class=\"wp-block-embed__wrapper\"> <iframe loading=\"lazy\" title=\"M\u00e1quina debulhadora multifuncional | Debulha de milho, pain\u00e7o, benas, sorgo #milho #milheto\" width=\"500\" height=\"281\" src=\"https:\/\/www.youtube.com\/embed\/Nz2M6Ba3iqo?feature=oembed\" frameborder=\"0\" allow=\"accelerometer; autoplay; clipboard-write; encrypted-media; gyroscope; picture-in-picture; web-share\" referrerpolicy=\"strict-origin-when-cross-origin\" allowfullscreen><\/iframe> <\/div><\/figure>    <p><\/p>    <p><\/p>","protected":false},"excerpt":{"rendered":"<p>The multifunctional&nbsp;thresher is upgraded equipment based on the maize thresher, suitable for corns, sorghum, soybeans, millet.&nbsp;It can collocate with the diesel engine, gasoline engine, or electric motor as the power device. Besides, you should choose the different screens for the corresponding crops. Our multifunctional threshing machines are very well known abroad and loved by people [&hellip;]<\/p>\n","protected":false},"author":1,"featured_media":2142,"parent":0,"template":"","tags":[],"product-type":[17],"class_list":["post-2057","product","type-product","status-publish","has-post-thumbnail","hentry","product-type-corn-machine"],"_links":{"self":[{"href":"https:\/\/taizyagromachine.com\/pt\/wp-json\/wp\/v2\/product\/2057","targetHints":{"allow":["GET"]}}],"collection":[{"href":"https:\/\/taizyagromachine.com\/pt\/wp-json\/wp\/v2\/product"}],"about":[{"href":"https:\/\/taizyagromachine.com\/pt\/wp-json\/wp\/v2\/types\/product"}],"author":[{"embeddable":true,"href":"https:\/\/taizyagromachine.com\/pt\/wp-json\/wp\/v2\/users\/1"}],"wp:featuredmedia":[{"embeddable":true,"href":"https:\/\/taizyagromachine.com\/pt\/wp-json\/wp\/v2\/media\/2142"}],"wp:attachment":[{"href":"https:\/\/taizyagromachine.com\/pt\/wp-json\/wp\/v2\/media?parent=2057"}],"wp:term":[{"taxonomy":"post_tag","embeddable":true,"href":"https:\/\/taizyagromachine.com\/pt\/wp-json\/wp\/v2\/tags?post=2057"},{"taxonomy":"product-type","embeddable":true,"href":"https:\/\/taizyagromachine.com\/pt\/wp-json\/wp\/v2\/product-type?post=2057"}],"curies":[{"name":"wp","href":"https:\/\/api.w.org\/{rel}","templated":true}]}}