{"id":2064,"date":"2022-02-14T09:37:14","date_gmt":"2022-02-14T09:37:14","guid":{"rendered":"https:\/\/taizyagromachine.com\/"},"modified":"2025-04-14T16:20:07","modified_gmt":"2025-04-14T08:20:07","slug":"maize-thresher","status":"publish","type":"product","link":"https:\/\/taizyagromachine.com\/pt\/product\/maize-thresher\/","title":{"rendered":"Debulhador de milho comercial para descascamento de milho"},"content":{"rendered":"<p class=\"translation-block\"><strong>Debulhadora de Milho<\/strong> \u00e9 projetada profissionalmente para milho, debulhando milho de espigas e gr\u00e3os de milho com uma capacidade de 6t por hora. As espigas e gr\u00e3os de milho ficam inteiros, sem quebrar. Al\u00e9m disso, \u00e9 uma debulhadora de milho autom\u00e1tica de grande capacidade. <\/p>    <p>A debulhadora de milho pode ser movida por motor diesel ou motor el\u00e9trico. Agora, esse tipo de descascador de milho avan\u00e7ou com base nas necessidades dos clientes. \u00c9 muito mais popular entre propriet\u00e1rios de fazendas de m\u00e9dio e grande porte. Aguardamos suas perguntas!<\/p>    <figure class=\"wp-block-embed is-type-video is-provider-youtube wp-block-embed-youtube wp-embed-aspect-16-9 wp-has-aspect-ratio\"><div class=\"wp-block-embed__wrapper\"> <iframe loading=\"lazy\" title=\"Debulhador de milho de grande capacidade | M\u00e1quina debulhadora de milho de Taizy 2022 #corn #maize\" width=\"500\" height=\"281\" src=\"https:\/\/www.youtube.com\/embed\/do6M5uIGU_U?feature=oembed\" frameborder=\"0\" allow=\"accelerometer; autoplay; clipboard-write; encrypted-media; gyroscope; picture-in-picture; web-share\" referrerpolicy=\"strict-origin-when-cross-origin\" allowfullscreen><\/iframe> <\/div><figcaption class=\"wp-element-caption\">grande v\u00eddeo de funcionamento da m\u00e1quina debulhadora de milho<\/figcaption><\/figure>    <h2 class=\"wp-block-heading\"><strong>Tipos de descascadores de milho para venda<\/strong><\/h2>    <p>Fornecemos dois tipos de descascadoras de milho grandes para atender \u00e0s suas necessidades em constante mudan\u00e7a, ambas caracterizadas por seu excelente desempenho de debulha e estabilidade: <\/p>    <ul class=\"wp-block-list\"> <li>Um \u00e9 um modelo totalmente autom\u00e1tico de alta efici\u00eancia, equipado com um sistema de alimenta\u00e7\u00e3o inteligente, adequado para opera\u00e7\u00e3o cont\u00ednua em larga escala; <\/li>    <li>O outro \u00e9 um modelo port\u00e1til flex\u00edvel, com design dobr\u00e1vel inovador, f\u00e1cil de instalar e transportar, al\u00e9m de operar em m\u00faltiplos locais.<\/li> <\/ul>    <h3 class=\"wp-block-heading\"><strong>Grande tipo de m\u00e1quina debulhadora de milho<\/strong><\/h3>    <p>Esta m\u00e1quina descascadora de milho \u00e9 um tipo de m\u00e1quina e equipamento agr\u00edcola de alta efici\u00eancia, que \u00e9 usado principalmente para processamento em lote de espigas de milho ap\u00f3s a secagem por um tempo.<\/p>    <figure class=\"wp-block-gallery aligncenter has-nested-images columns-default is-cropped wp-block-gallery-2 is-layout-flex wp-block-gallery-is-layout-flex\"> <figure class=\"wp-block-image size-large\"><img loading=\"lazy\" decoding=\"async\" width=\"720\" height=\"540\" data-id=\"6328\" src=\"https:\/\/taizyagromachine.com\/wp-content\/uploads\/2022\/02\/big-size-corn-sheller.webp\" alt=\"descascador de milho tamanho grande\" class=\"wp-image-6328\"\/><figcaption class=\"wp-element-caption\">descascador de milho tamanho grande<\/figcaption><\/figure>    <figure class=\"wp-block-image size-large\"><img loading=\"lazy\" decoding=\"async\" width=\"720\" height=\"540\" data-id=\"6329\" src=\"https:\/\/taizyagromachine.com\/wp-content\/uploads\/2022\/02\/large-maize-shelling-machine.webp\" alt=\"grande m\u00e1quina de descascar milho\" class=\"wp-image-6329\"\/><figcaption class=\"wp-element-caption\">grande m\u00e1quina de descascar milho<\/figcaption><\/figure> <\/figure>    <p>Separa os gr\u00e3os de milho das espigas atrav\u00e9s da estrutura de rolo axial ou disco debulhador vertical, e \u00e9 equipado com sistema de carregamento autom\u00e1tico ou semiautom\u00e1tico, que pode completar rapidamente a opera\u00e7\u00e3o de debulha de grandes quantidades de milho. Entretanto, possui caracter\u00edsticas de baixo consumo de energia, funcionamento est\u00e1vel e f\u00e1cil manuten\u00e7\u00e3o, o que melhora muito a efici\u00eancia da colheita e processamento do milho.<\/p>    <figure class=\"wp-block-gallery aligncenter has-nested-images columns-default is-cropped wp-block-gallery-3 is-layout-flex wp-block-gallery-is-layout-flex\"> <figure class=\"wp-block-image size-large\"><img loading=\"lazy\" decoding=\"async\" width=\"720\" height=\"540\" data-id=\"6330\" src=\"https:\/\/taizyagromachine.com\/wp-content\/uploads\/2022\/02\/industrial-corn-thresher-machine.webp\" alt=\"m\u00e1quina debulhadora de milho industrial\" class=\"wp-image-6330\"\/><figcaption class=\"wp-element-caption\">m\u00e1quina debulhadora de milho industrial<\/figcaption><\/figure>    <figure class=\"wp-block-image size-large\"><img loading=\"lazy\" decoding=\"async\" width=\"720\" height=\"540\" data-id=\"6331\" src=\"https:\/\/taizyagromachine.com\/wp-content\/uploads\/2022\/02\/Taizy-maize-thresher-for-sale.webp\" alt=\"Debulhador de milho Taizy para venda\" class=\"wp-image-6331\"\/><figcaption class=\"wp-element-caption\">Debulhador de milho Taizy para venda<\/figcaption><\/figure> <\/figure>    <p class=\"translation-block\"><strong>Design da Debulhadora de Milho<\/strong><\/p>    <p>O descascador de milho tem uma estrutura simples. Consiste em entrada de milho, sa\u00edda de espiga de milho, sa\u00edda de gr\u00e3o de milho, sa\u00edda de p\u00f3, correia transportadora e tubos.<\/p>   <div class=\"wp-block-image\"> <figure class=\"aligncenter size-full\"><img loading=\"lazy\" decoding=\"async\" width=\"720\" height=\"400\" src=\"https:\/\/taizyagromachine.com\/wp-content\/uploads\/2022\/02\/structure-maize-thresher.jpg\" alt=\"estrutura-debulhador de milho\" class=\"wp-image-2066\" srcset=\"https:\/\/taizyagromachine.com\/wp-content\/uploads\/2022\/02\/structure-maize-thresher.jpg 720w, https:\/\/taizyagromachine.com\/wp-content\/uploads\/2022\/02\/structure-maize-thresher-300x167.jpg 300w\" sizes=\"auto, (max-width: 720px) 100vw, 720px\" \/><figcaption class=\"wp-element-caption\">estrutura<\/figcaption><\/figure> <\/div>   <h3 class=\"wp-block-heading\"><strong>Novo tipo de m\u00e1quina debulhadora de milho<\/strong><\/h3>    <figure class=\"wp-block-embed is-type-video is-provider-youtube wp-block-embed-youtube wp-embed-aspect-16-9 wp-has-aspect-ratio\"><div class=\"wp-block-embed__wrapper\"> <iframe loading=\"lazy\" title=\"Debulha de milho revolucion\u00e1ria: descascador de milho de nova gera\u00e7\u00e3o em a\u00e7\u00e3o! Debulhador de milho para venda a bom pre\u00e7o\" width=\"500\" height=\"281\" src=\"https:\/\/www.youtube.com\/embed\/8jyFGYTMc4U?feature=oembed\" frameborder=\"0\" allow=\"accelerometer; autoplay; clipboard-write; encrypted-media; gyroscope; picture-in-picture; web-share\" referrerpolicy=\"strict-origin-when-cross-origin\" allowfullscreen><\/iframe> <\/div><figcaption class=\"wp-element-caption\">novo tipo de v\u00eddeo de m\u00e1quina debulhadora de milho<\/figcaption><\/figure>    <p>A mais recente m\u00e1quina de descascar milho da Taizy tem um design dobr\u00e1vel inovador, compacto e f\u00e1cil de instalar e transportar. A m\u00e1quina mant\u00e9m alto desempenho de debulha enquanto otimiza espa\u00e7o e flexibilidade. <\/p>    <figure class=\"wp-block-gallery aligncenter has-nested-images columns-default is-cropped wp-block-gallery-4 is-layout-flex wp-block-gallery-is-layout-flex\"> <figure class=\"wp-block-image size-large\"><img loading=\"lazy\" decoding=\"async\" width=\"720\" height=\"540\" data-id=\"6321\" src=\"https:\/\/taizyagromachine.com\/wp-content\/uploads\/2022\/02\/diesel-powered-corn-shelling-machine.webp\" alt=\"m\u00e1quina de descascar milho movida a diesel\" class=\"wp-image-6321\"\/><figcaption class=\"wp-element-caption\">m\u00e1quina de descascar milho movida a diesel<\/figcaption><\/figure>    <figure class=\"wp-block-image size-large\"><img loading=\"lazy\" decoding=\"async\" width=\"720\" height=\"540\" data-id=\"6322\" src=\"https:\/\/taizyagromachine.com\/wp-content\/uploads\/2022\/02\/maize-thresher-machine-with-folded-conveyor.webp\" alt=\"m\u00e1quina debulhadora de milho com transportador dobrado\" class=\"wp-image-6322\"\/><figcaption class=\"wp-element-caption\">m\u00e1quina debulhadora de milho com transportador dobrado<\/figcaption><\/figure>    <figure class=\"wp-block-image size-large\"><img loading=\"lazy\" decoding=\"async\" width=\"720\" height=\"540\" data-id=\"6323\" src=\"https:\/\/taizyagromachine.com\/wp-content\/uploads\/2022\/02\/totally-display-of-Taizy-corn-sheller-machine.webp\" alt=\"exibi\u00e7\u00e3o total da m\u00e1quina descascadora de milho Taizy\" class=\"wp-image-6323\"\/><figcaption class=\"wp-element-caption\">exibi\u00e7\u00e3o total da m\u00e1quina descascadora de milho Taizy<\/figcaption><\/figure> <\/figure>    <p>Como usu\u00e1rio, voc\u00ea pode facilmente desmontar, transportar e armazenar a m\u00e1quina, simplificando muito o processamento p\u00f3s-colheita do milho e demonstrando excelente comodidade e praticidade.<\/p>    <figure class=\"wp-block-gallery aligncenter has-nested-images columns-default is-cropped wp-block-gallery-5 is-layout-flex wp-block-gallery-is-layout-flex\"> <figure class=\"wp-block-image size-large\"><img loading=\"lazy\" decoding=\"async\" width=\"720\" height=\"540\" data-id=\"6324\" src=\"https:\/\/taizyagromachine.com\/wp-content\/uploads\/2022\/02\/maize-shelling-machine-in-stock.webp\" alt=\"m\u00e1quina de descascar milho em estoque\" class=\"wp-image-6324\"\/><figcaption class=\"wp-element-caption\">m\u00e1quina de descascar milho em estoque<\/figcaption><\/figure>    <figure class=\"wp-block-image size-large\"><img loading=\"lazy\" decoding=\"async\" width=\"720\" height=\"540\" data-id=\"6325\" src=\"https:\/\/taizyagromachine.com\/wp-content\/uploads\/2022\/02\/maize-thresher-machine-for-sale.webp\" alt=\"M\u00e1quina debulhadora de milho para venda\" class=\"wp-image-6325\"\/><figcaption class=\"wp-element-caption\">M\u00e1quina debulhadora de milho para venda<\/figcaption><\/figure> <\/figure>    <h2 class=\"wp-block-heading\" id=\"advantages-of-maize-sheller\"><strong>Vantagens do descascador de milho para venda<\/strong><\/h2>    <ul class=\"wp-block-list\"> <li>A porcentagem de descasque no milho pode chegar a 99,5%, descascando efetivamente o milho.<\/li>    <li>Correia transportadora para transporte de milho, economizando m\u00e3o de obra.<\/li>    <li>Alta efici\u00eancia de trabalho,\u00a0capacidade de cerca de 6t\/h.<\/li>    <li>O soprador\u00a0est\u00e1 soprando\u00a0as impurezas, garantindo\u00a0que a semente de milho\u00a0fique muito limpa.<\/li>    <li>Motores a diesel ou motores el\u00e9tricos s\u00e3o boas escolhas para \u00e1reas onde h\u00e1 falta de eletricidade.<\/li>    <li>F\u00e1cil de transportar devido \u00e0s barras de reboque e \u00e0s rodas.<\/li> <\/ul>    <h2 class=\"wp-block-heading\" id=\"working-process-of-maize-thresher\"><strong>Processo de trabalho da m\u00e1quina debulhadora de milho Taizy<\/strong><\/h2>   <div id=\"rank-math-howto\" class=\"rank-math-block\" > <div class=\"rank-math-howto-description\">  <p class=\"translation-block\">Como uma empresa agr\u00edcola profissional, esta m\u00e1quina debulhadora de milho \u00e9 uma debulhadora de milho comercial. Vamos conhecer melhor o processo da m\u00e1quina debulhadora de milho.<\/p>  <\/div>  <div class=\"rank-math-steps\"> <div id=\"howto-step-1704181461787\" class=\"rank-math-step\"> <h3 class=\"rank-math-step-title\">Carregamento e transporte de milho via correia transportadora<\/h3> <div class=\"rank-math-step-content\"><p>Passe o milho pela esteira, at\u00e9 que os gr\u00e3os cheguem \u00e0 c\u00e2mara de trilha.<\/p> <\/div> <\/div> <div id=\"howto-step-1704181510328\" class=\"rank-math-step\"> <h3 class=\"rank-math-step-title\">Opera\u00e7\u00e3o de debulha e remo\u00e7\u00e3o de impurezas<\/h3> <div class=\"rank-math-step-content\"><p>Ap\u00f3s a trilha e a separa\u00e7\u00e3o, as impurezas leves ser\u00e3o expelidas pela sa\u00edda de poeira.<\/p> <\/div> <\/div> <div id=\"howto-step-1704181531183\" class=\"rank-math-step\"> <h3 class=\"rank-math-step-title\">Descarga de espiga de milho e coleta de sementes de milho<\/h3> <div class=\"rank-math-step-content\"><img loading=\"lazy\" decoding=\"async\" width=\"720\" height=\"540\" src=\"https:\/\/taizyagromachine.com\/wp-content\/uploads\/2022\/02\/working-screne-of-corn-thresher.jpg\" class=\"attachment-full size-full\" alt=\"tela de trabalho do debulhador de milho\" srcset=\"https:\/\/taizyagromachine.com\/wp-content\/uploads\/2022\/02\/working-screne-of-corn-thresher.jpg 720w, https:\/\/taizyagromachine.com\/wp-content\/uploads\/2022\/02\/working-screne-of-corn-thresher-300x225.jpg 300w\" sizes=\"auto, (max-width: 720px) 100vw, 720px\" \/><p>Toda a espiga de milho sai pela sa\u00edda da espiga de milho, ao mesmo tempo, as sementes de milho s\u00e3o descarregadas pela sa\u00edda correspondente.<\/p> <\/div> <\/div> <\/div> <\/div>       <h2 class=\"wp-block-heading\" id=\"optional-equipment\"><strong>Equipamento opcional para m\u00e1quina debulhadora de milho grande<\/strong><\/h2>    <p id=\"optional-equipment\" class=\"translation-block\"><strong>1. Correia transportadora<\/strong><\/p>    <p>Esta correia transportadora \u00e9 para transporte de milho. \u00c9 usado na debulhadora de milho para economia de trabalho e alta efici\u00eancia.<\/p>    <p class=\"translation-block\"><strong>2. Tubo para transporte dos gr\u00e3os de milho<\/strong><\/p>    <p>O dispositivo beneficia os agricultores porque pode chegar diretamente ao grande recipiente para armazenar as sementes de milho.<\/p>    <p>Preste aten\u00e7\u00e3o, o pre\u00e7o da debulhadora de milho varia de acordo com as diferentes coloca\u00e7\u00f5es.<\/p>   <div class=\"wp-block-image\"> <figure class=\"aligncenter size-full\"><img loading=\"lazy\" decoding=\"async\" width=\"720\" height=\"540\" src=\"https:\/\/taizyagromachine.com\/wp-content\/uploads\/2022\/02\/optional-conveyor-and-pipe-corn-thresher.jpg\" alt=\"debulhador de milho com transportador e tubo opcional\" class=\"wp-image-2068\" srcset=\"https:\/\/taizyagromachine.com\/wp-content\/uploads\/2022\/02\/optional-conveyor-and-pipe-corn-thresher.jpg 720w, https:\/\/taizyagromachine.com\/wp-content\/uploads\/2022\/02\/optional-conveyor-and-pipe-corn-thresher-300x225.jpg 300w\" sizes=\"auto, (max-width: 720px) 100vw, 720px\" \/><figcaption class=\"wp-element-caption\">transportador e tubo opcionais<\/figcaption><\/figure> <\/div>   <h2 class=\"wp-block-heading\"><strong>Fatores que afetam o pre\u00e7o da debulhadora de milho<\/strong><\/h2>    <p>Existem muitos fatores que afetam o pre\u00e7o da debulhadora de milho. Apenas listamos v\u00e1rios fatores para sua refer\u00eancia.<\/p>    <ul class=\"wp-block-list\"> <li><strong>Equipamento opcional<\/strong>. Conforme mencionado acima, para esta grande m\u00e1quina debulhadora de milho, existem diferentes configura\u00e7\u00f5es dispon\u00edveis. Sem tubo e correia transportadora e com tubo e correia transportadora s\u00e3o pre\u00e7os completamente diferentes.<\/li>    <li><strong>Pot\u00eancia da m\u00e1quina<\/strong>. A debulhadora de milho pode ser movida por motor diesel ou el\u00e9trico. O pre\u00e7o \u00e9 diferente com o motor diesel ou com o motor el\u00e9trico. <\/li>    <li><strong>Qualidade da m\u00e1quina<\/strong>. Os fabricantes e fornecedores de debulhadoras de milho s\u00e3o numerosos no mercado. Talvez alguns fornecedores tenham a m\u00e1quina com um pre\u00e7o mais barato em compara\u00e7\u00e3o com a nossa debulhadora de milho, mas voc\u00ea tamb\u00e9m deve se atentar \u00e0 qualidade da m\u00e1quina. <\/li> <\/ul>    <h2 class=\"wp-block-heading\"><strong>Pontos fortes da Taizy \u2013 os fabricantes e fornecedores confi\u00e1veis \u200b\u200bde debulhadores de milho<\/strong><\/h2>    <ol class=\"wp-block-list\"> <li><strong>Pre\u00e7o competitivo<\/strong>. Somos fabricantes e produtores, por isso temos uma vantagem de pre\u00e7o sem agregar custos extras ao pre\u00e7o da m\u00e1quina.<\/li>    <li><strong>Certificado CE<\/strong>. Nossas debulhadoras de milho s\u00e3o certificadas pela autoridade competente, a qualidade da m\u00e1quina \u00e9 garantida e a vida \u00fatil \u00e9 longa.<\/li>    <li><strong>Servi\u00e7o p\u00f3s-venda<\/strong>. Nossa equipe fornecer\u00e1 um servi\u00e7o p\u00f3s-venda profissional, especificamente para voc\u00ea responder a quaisquer d\u00favidas que possa encontrar no processo de uso da debulhadora de milho.<\/li>    <li><strong>Atendimento on-line, orienta\u00e7\u00e3o em v\u00eddeo, etc.<\/strong>. No momento de receber a m\u00e1quina, voc\u00ea inevitavelmente n\u00e3o est\u00e1 familiarizado com ela. Nesta fase, forneceremos orienta\u00e7\u00e3o online, ou o v\u00eddeo poder\u00e1 ajudar os clientes a se familiarizarem com o uso da m\u00e1quina o mais r\u00e1pido poss\u00edvel.<\/li> <\/ol>   <div class=\"wp-block-image\"> <figure class=\"aligncenter size-full\"><img loading=\"lazy\" decoding=\"async\" width=\"720\" height=\"540\" src=\"https:\/\/taizyagromachine.com\/wp-content\/uploads\/2022\/04\/strong-strength-Taizy-Argo-Machine.jpg\" alt=\"forte for\u00e7a-Taizy Argo Machine\" class=\"wp-image-2452\" srcset=\"https:\/\/taizyagromachine.com\/wp-content\/uploads\/2022\/04\/strong-strength-Taizy-Argo-Machine.jpg 720w, https:\/\/taizyagromachine.com\/wp-content\/uploads\/2022\/04\/strong-strength-Taizy-Argo-Machine-300x225.jpg 300w\" sizes=\"auto, (max-width: 720px) 100vw, 720px\" \/><figcaption class=\"wp-element-caption\">forte for\u00e7a-Taizy Argo Machine<\/figcaption><\/figure> <\/div>   <h2 class=\"wp-block-heading\" id=\"several-things-to-clarify\"><strong>V\u00e1rias coisas a serem esclarecidas para a m\u00e1quina descascadora de milho<\/strong><\/h2>   <div id=\"rank-math-faq\" class=\"rank-math-block\"> <div class=\"rank-math-list\"> <div id=\"faq-question-1668158967005\" class=\"rank-math-list-item\"> <h3 class=\"rank-math-question\"><strong><strong>Essa m\u00e1quina \u00e9 s\u00f3 para milho<\/strong><\/strong>? Se outras culturas, como milho-mi\u00fado e <strong><strong>sorgo, esta m\u00e1quina \u00e9 aplic\u00e1vel?<\/strong><\/strong><\/h3> <div class=\"rank-math-answer\">  <p>Este debulhador de milho s\u00f3 pode ser usado para descascar milho seco. Outras culturas podem escolher outras debulhadoras. Por exemplo, o sorgo pode usar a debulhadora multifuncional.<\/p>  <\/div> <\/div> <div id=\"faq-question-1668158977898\" class=\"rank-math-list-item\"> <h3 class=\"rank-math-question\"><strong><strong>O debulhador de milho pode descascar a palha do milho?<\/strong><\/strong><\/h3> <div class=\"rank-math-answer\">  <p>N\u00e3o, esta debulhadora de milho \u00e9 adequada para milho sem casca.<\/p>  <\/div> <\/div> <div id=\"faq-question-1668158995127\" class=\"rank-math-list-item\"> <h3 class=\"rank-math-question\"><strong><strong>O milho doce pode usar esta m\u00e1quina descascadora de milho para debulhar?<\/strong><\/strong><\/h3> <div class=\"rank-math-answer\">  <p>O descascador de milho \u00e0 venda \u00e9 diferente do debulhador de milho doce. Esta m\u00e1quina est\u00e1 debulhando milho seco. Se voc\u00ea deseja debulhar o milho doce, a descascadora de milho doce \u00e9 a melhor escolha.<\/p>  <\/div> <\/div> <\/div> <\/div>   <h2 class=\"wp-block-heading\"><strong>Par\u00e2metros t\u00e9cnicos da debulhadora de milho Big Taizy<\/strong><\/h2>    <figure class=\"wp-block-table\"><table><tbody><tr><td>Modelo<\/td><td>5TY-80D<\/td><\/tr><tr><td>Poder<\/td><td>Motor diesel de 15 HP ou motor de 7,5 kW<\/td><\/tr><tr><td>Capacidade<\/td><td>6t\/h (sementes de milho)<\/td><\/tr><tr><td>Taxa de debulha<\/td><td>\u226599,5%<\/td><\/tr><tr><td>Ritmo de perda<\/td><td>\u22642,0%<\/td><\/tr><tr><td>Taxa de quebra<\/td><td>\u22641,5%<\/td><\/tr><tr><td>Taxa de impureza<\/td><td>\u22641,0%<\/td><\/tr><tr><td>Peso<\/td><td>350kg<\/td><\/tr><tr><td>Tamanho<\/td><td>3860*1360*2480\u00a0mil\u00edmetros<\/td><\/tr><\/tbody><\/table><figcaption class=\"wp-element-caption\">Par\u00e2metros da m\u00e1quina debulhadora de milho<\/figcaption><\/figure>    <h2 class=\"wp-block-heading\"><strong>Comece sua debulha de milho agora!<\/strong><\/h2>    <p class=\"translation-block\">Comece a sua jornada de colheita de <a href=\"https:\/\/en.wikipedia.org\/wiki\/Maize\" target=\"_blank\" rel=\"noopener\">milho<\/a> imediatamente! Escolha a nossa debulhadora de milho grande, eficiente e conveniente, um bot\u00e3o para abrir o modo de debulha de milho em lote. Contacte-nos imediatamente para mais detalhes sobre a debulhadora de milho e o melhor pre\u00e7o!<\/p>    <figure class=\"wp-block-embed is-type-video is-provider-youtube wp-block-embed-youtube wp-embed-aspect-16-9 wp-has-aspect-ratio\"><div class=\"wp-block-embed__wrapper\"> <iframe loading=\"lazy\" title=\"M\u00e1quina de concha de milho de alto volume para debulhar milho | Threather de milho para bombardeio de milho com 6t\/h\" width=\"500\" height=\"281\" src=\"https:\/\/www.youtube.com\/embed\/ZE9BoK5BwqM?feature=oembed\" frameborder=\"0\" allow=\"accelerometer; autoplay; clipboard-write; encrypted-media; gyroscope; picture-in-picture; web-share\" referrerpolicy=\"strict-origin-when-cross-origin\" allowfullscreen><\/iframe> <\/div><figcaption class=\"wp-element-caption\">V\u00eddeo da m\u00e1quina de debulha de milho<\/figcaption><\/figure>","protected":false},"excerpt":{"rendered":"<p>O Debulhador de Milho \u00e9 especialmente para separar milho em gr\u00e3os e espigas de milho, com grande capacidade de 6t por hora, cujo tipo possui esteira dobrada! Descrevemos os mais recentes tipos de debulhadoras de milho, juntamente com os par\u00e2metros da m\u00e1quina, para sua refer\u00eancia na escolha.<\/p>","protected":false},"author":1,"featured_media":2141,"parent":0,"template":"","tags":[],"product-type":[17],"class_list":["post-2064","product","type-product","status-publish","has-post-thumbnail","hentry","product-type-corn-machine"],"_links":{"self":[{"href":"https:\/\/taizyagromachine.com\/pt\/wp-json\/wp\/v2\/product\/2064","targetHints":{"allow":["GET"]}}],"collection":[{"href":"https:\/\/taizyagromachine.com\/pt\/wp-json\/wp\/v2\/product"}],"about":[{"href":"https:\/\/taizyagromachine.com\/pt\/wp-json\/wp\/v2\/types\/product"}],"author":[{"embeddable":true,"href":"https:\/\/taizyagromachine.com\/pt\/wp-json\/wp\/v2\/users\/1"}],"wp:featuredmedia":[{"embeddable":true,"href":"https:\/\/taizyagromachine.com\/pt\/wp-json\/wp\/v2\/media\/2141"}],"wp:attachment":[{"href":"https:\/\/taizyagromachine.com\/pt\/wp-json\/wp\/v2\/media?parent=2064"}],"wp:term":[{"taxonomy":"post_tag","embeddable":true,"href":"https:\/\/taizyagromachine.com\/pt\/wp-json\/wp\/v2\/tags?post=2064"},{"taxonomy":"product-type","embeddable":true,"href":"https:\/\/taizyagromachine.com\/pt\/wp-json\/wp\/v2\/product-type?post=2064"}],"curies":[{"name":"wp","href":"https:\/\/api.w.org\/{rel}","templated":true}]}}