{"id":2092,"date":"2022-02-17T09:56:31","date_gmt":"2022-02-17T09:56:31","guid":{"rendered":"https:\/\/taizyagromachine.com\/"},"modified":"2025-05-07T11:30:30","modified_gmt":"2025-05-07T03:30:30","slug":"automatic-groundnut-oil-sunflower-oil-making-machine","status":"publish","type":"product","link":"https:\/\/taizyagromachine.com\/pt\/product\/automatic-groundnut-oil-sunflower-oil-making-machine\/","title":{"rendered":"M\u00e1quina de fazer \u00f3leo de amendoim | M\u00e1quina de prensagem de \u00f3leo de amendoim"},"content":{"rendered":"<p class=\"translation-block\">A m\u00e1quina de fabrico de \u00f3leo de amendoim da Taizy especializa-se na extra\u00e7\u00e3o de \u00f3leo e gordura de gr\u00e3os de amendoim ou com casca por prensagem a parafuso com prensagem a quente. \u00c9 uma prensa de \u00f3leo a parafuso, tamb\u00e9m adequada para sementes de girassol, soja, etc. A sua produ\u00e7\u00e3o \u00e9 de 40-600kg\/h.<\/p>    <p>Esta prensa de \u00f3leo de amendoim tem uma taxa de extra\u00e7\u00e3o de \u00f3leo de 43-54%. A temperatura do amendoim prensado atinge 100-200\u00b0C e a temperatura da m\u00e1quina fica em torno de 180\u00b0C.<\/p>    <p>\u00c9 caracterizado por estrutura simples, f\u00e1cil opera\u00e7\u00e3o e alto rendimento de petr\u00f3leo, sendo amplamente utilizado em pequenas petroleiras e oficinas familiares. Se voc\u00ea quiser mais informa\u00e7\u00f5es, entre em contato comigo para mais detalhes da m\u00e1quina!<\/p>    <figure class=\"wp-block-embed is-type-video is-provider-youtube wp-block-embed-youtube wp-embed-aspect-16-9 wp-has-aspect-ratio\"><div class=\"wp-block-embed__wrapper\"> <iframe loading=\"lazy\" title=\"Como extrair \u00f3leo de amendoim por prensa de \u00f3leo frio e quente? M\u00e1quina de extra\u00e7\u00e3o de \u00f3leo para casca de sementes de amendoim\" width=\"500\" height=\"281\" src=\"https:\/\/www.youtube.com\/embed\/drwu4FR4itc?feature=oembed\" frameborder=\"0\" allow=\"accelerometer; autoplay; clipboard-write; encrypted-media; gyroscope; picture-in-picture; web-share\" referrerpolicy=\"strict-origin-when-cross-origin\" allowfullscreen><\/iframe> <\/div><figcaption class=\"wp-element-caption\">v\u00eddeo da m\u00e1quina de prensagem de \u00f3leo de parafuso<\/figcaption><\/figure>    <h2 class=\"wp-block-heading\" id=\"features-of-groundnut-oil-processing-machine\"><strong>Caracter\u00edsticas da m\u00e1quina de extra\u00e7\u00e3o de \u00f3leo de amendoim Taizy<\/strong>&nbsp;<\/h2>    <ul class=\"wp-block-list\"> <li>Esta m\u00e1quina possui uma ampla gama de <strong>capacidade de 40-600kg\/h<\/strong>, que \u00e9 altamente eficiente.<\/li>    <li>Tem um <strong>alto rendimento de \u00f3leo de 43-54%<\/strong>, beneficiando seu neg\u00f3cio.<\/li>    <li>O equipamento n\u00e3o \u00e9 aplic\u00e1vel apenas a <strong>amendoim<\/strong>, mas tamb\u00e9m pode ser usado para <strong>sementes de girassol, soja<\/strong> e outras culturas oleaginosas.<\/li>    <li>A m\u00e1quina de processamento de \u00f3leo de amendoim pode ser <strong>equipado com filtros de v\u00e1cuo<\/strong>, obtendo mais \u00f3leo comest\u00edvel de alta qualidade.<\/li>    <li>O parafuso \u00e9 um <strong>imprensa de tr\u00eas graus<\/strong>, colocando os materiais uma vez e obtendo o \u00f3leo comest\u00edvel final.<\/li>    <li>Possui uma estrutura simples, <strong>f\u00e1cil de operar<\/strong>.<\/li>    <li>Esta prensa de \u00f3leo de amendoim \u00e9 <strong>feito de materiais de alta qualidade<\/strong>, e tem desempenho est\u00e1vel e longa vida \u00fatil.<\/li> <\/ul>    <figure class=\"wp-block-gallery aligncenter has-nested-images columns-default is-cropped wp-block-gallery-2 is-layout-flex wp-block-gallery-is-layout-flex\"> <figure class=\"wp-block-image size-large\"><img loading=\"lazy\" decoding=\"async\" width=\"950\" height=\"540\" data-id=\"7116\" src=\"https:\/\/taizyagromachine.com\/wp-content\/uploads\/2022\/02\/peanut-oil-expeller-machine-for-groundnut-oil.webp\" alt=\"M\u00e1quina de extrator de \u00f3leo de amendoim para \u00f3leo de amendoim\" class=\"wp-image-7116\" srcset=\"https:\/\/taizyagromachine.com\/wp-content\/uploads\/2022\/02\/peanut-oil-expeller-machine-for-groundnut-oil.webp 950w, https:\/\/taizyagromachine.com\/wp-content\/uploads\/2022\/02\/peanut-oil-expeller-machine-for-groundnut-oil-18x10.webp 18w\" sizes=\"auto, (max-width: 950px) 100vw, 950px\" \/><figcaption class=\"wp-element-caption\">M\u00e1quina de extrator de \u00f3leo de amendoim para \u00f3leo de amendoim<\/figcaption><\/figure> <\/figure>    <h2 class=\"wp-block-heading\"><strong>Par\u00e2metros t\u00e9cnicos da m\u00e1quina de fazer \u00f3leo de amendoim<\/strong><\/h2>    <figure class=\"wp-block-table\"><table class=\"has-fixed-layout\"><tbody><tr><td>Modelo<\/td><td>6YL-60<\/td><td>6YL-70<\/td><td>6YL-100<\/td><td>6YL-125<\/td><td>6YL-150<\/td><\/tr><tr><td>Capacidade (kg\/h)<\/td><td>40-60<\/td><td>45-70<\/td><td>150-230<\/td><td>300-400<\/td><td>500-600<\/td><\/tr><tr><td>Di\u00e2metro do parafuso (mm)<\/td><td>\u03a660<\/td><td>\u03c670<\/td><td>\u03a6100<\/td><td>\u03a6125<\/td><td>\u03a6150<\/td><\/tr><tr><td>Velocidade do parafuso (r\/min)<\/td><td>64<\/td><td>37<\/td><td>37<\/td><td>35<\/td><td>35<\/td><\/tr><tr><td>Pot\u00eancia do motor (kw)<\/td><td>2.5<\/td><td>3<\/td><td>7.5<\/td><td>15<\/td><td>30<\/td><\/tr><tr><td>Peso (kg)<\/td><td>240<\/td><td>320<\/td><td>1100<\/td><td>1320<\/td><td>1420<\/td><\/tr><tr><td>Tamanho (mm)<\/td><td>1020*780*1100<\/td><td>1450*870*1180<\/td><td>1800*1200*1550<\/td><td>2100*1400*1700<\/td><td>2300*1400*1700<\/td><\/tr><\/tbody><\/table><figcaption class=\"wp-element-caption\">dados t\u00e9cnicos da m\u00e1quina de extra\u00e7\u00e3o de \u00f3leo de amendoim<\/figcaption><\/figure>    <h2 class=\"wp-block-heading\" id=\"structure-of-groundnut-oil-extraction\"><strong>Estrutura da m\u00e1quina para fazer \u00f3leo de amendoim<\/strong><\/h2>    <p>No geral, a estrutura \u00e9 simples. Consiste principalmente em cinco partes: parte de controle el\u00e9trico, parte de aquecimento e prensagem, parte de ajuste, parte de transmiss\u00e3o e filtro de \u00f3leo a v\u00e1cuo. <\/p>    <ul class=\"wp-block-list\"> <li>Para uma m\u00e1quina de produ\u00e7\u00e3o de \u00f3leo de amendoim, a parte de controle el\u00e9trico controla o circuito de toda a m\u00e1quina. <\/li>    <li>A parte de aquecimento e prensagem \u00e9 o n\u00facleo, que transforma principalmente o material em \u00f3leo comest\u00edvel. <\/li>    <li>A parte de ajuste e transmiss\u00e3o tamb\u00e9m \u00e9 parte indispens\u00e1vel. <\/li>    <li>A parte do filtro de \u00f3leo a v\u00e1cuo filtra principalmente o \u00f3leo comest\u00edvel atrav\u00e9s do v\u00e1cuo.<\/li> <\/ul>   <div class=\"wp-block-image\"> <figure class=\"aligncenter size-full\"><img loading=\"lazy\" decoding=\"async\" width=\"720\" height=\"540\" src=\"https:\/\/taizyagromachine.com\/wp-content\/uploads\/2022\/02\/structure-of-groundnut-oil-processing-machine.jpg\" alt=\"estrutura da m\u00e1quina de processamento de \u00f3leo de amendoim\" class=\"wp-image-2094\" srcset=\"https:\/\/taizyagromachine.com\/wp-content\/uploads\/2022\/02\/structure-of-groundnut-oil-processing-machine.jpg 720w, https:\/\/taizyagromachine.com\/wp-content\/uploads\/2022\/02\/structure-of-groundnut-oil-processing-machine-300x225.jpg 300w\" sizes=\"auto, (max-width: 720px) 100vw, 720px\" \/><figcaption class=\"wp-element-caption\">estrutura da m\u00e1quina de processamento de \u00f3leo de amendoim<\/figcaption><\/figure> <\/div>   <figure class=\"wp-block-table is-style-stripes\"><table><tbody><tr><td>1. regulador de temperatura<\/td><td>7. entrada de alimenta\u00e7\u00e3o<\/td><\/tr><tr><td>2. sa\u00edda de fuma\u00e7a<\/td><td>8. se\u00e7\u00e3o de ajuste<\/td><\/tr><tr><td>3. gabinete de distribui\u00e7\u00e3o de energia<\/td><td>9. elemento de aquecimento<\/td><\/tr><tr><td>4. posi\u00e7\u00e3o de lubrifica\u00e7\u00e3o<\/td><td>10. parte de sa\u00edda de \u00f3leo<\/td><\/tr><tr><td>5. redutor<\/td><td>11. pressione parte<\/td><\/tr><tr><td>6. motor<\/td><td>12. filtro de \u00f3leo a v\u00e1cuo<\/td><\/tr><\/tbody><\/table><figcaption class=\"wp-element-caption\">lista de nomes de prensa de \u00f3leo de amendoim<\/figcaption><\/figure>    <h2 class=\"wp-block-heading\" id=\"how-to-do-extraction-of-oil-from-groundnut-seed\"><strong>Como extrair \u00f3leo de amendoim do amendoim?<\/strong><\/h2>   <div class=\"wp-block-image\"> <figure class=\"aligncenter size-full\"><img loading=\"lazy\" decoding=\"async\" width=\"720\" height=\"540\" src=\"https:\/\/taizyagromachine.com\/wp-content\/uploads\/2022\/02\/screw-sunflower-oil-press.jpg\" alt=\"parafuso\" class=\"wp-image-2100\" srcset=\"https:\/\/taizyagromachine.com\/wp-content\/uploads\/2022\/02\/screw-sunflower-oil-press.jpg 720w, https:\/\/taizyagromachine.com\/wp-content\/uploads\/2022\/02\/screw-sunflower-oil-press-300x225.jpg 300w\" sizes=\"auto, (max-width: 720px) 100vw, 720px\" \/><figcaption class=\"wp-element-caption\">parafuso<\/figcaption><\/figure> <\/div>   <p class=\"translation-block\">Esta m\u00e1quina de fabrico de \u00f3leo de amendoim \u00e9 uma <a href=\"https:\/\/taizyagromachine.com\/pt\/product\/oil-press-machine-cold-oil-press-hot-oil-press-machine\/\">prensa de \u00f3leo a parafuso<\/a>, tendo um eixo de parafuso para prensagem de \u00f3leo. Ent\u00e3o, como fazer \u00f3leo de amendoim? Veja os passos abaixo.<\/p>    <ol class=\"wp-block-list\"> <li><strong>Prepara\u00e7\u00e3o de mat\u00e9ria-prima<\/strong> <ul class=\"wp-block-list\"> <li>Limpeza e remo\u00e7\u00e3o de impurezas: limpe o amendoim, retire terra, pedras, impurezas, etc.<\/li>    <li>Torrefa\u00e7\u00e3o: para aumentar o rendimento do \u00f3leo, torre os amendoins limpos. A temperatura atinge 100-120 \u2103, o que \u00e9 melhor para posterior prensagem com \u00f3leo quente. <\/li> <\/ul> <\/li>    <li><strong>Pr\u00e9-aquecer o lagar de \u00f3leo<\/strong> <ul class=\"wp-block-list\"> <li>Ligue a m\u00e1quina: antes da extra\u00e7\u00e3o formal do \u00f3leo, ligue a prensa de \u00f3leo helicoidal e execute a opera\u00e7\u00e3o de pr\u00e9-aquecimento adequada. Certifique-se de que a m\u00e1quina de \u00f3leo de amendoim atinja a temperatura de trabalho para que o \u00f3leo de amendoim possa fluir mais facilmente.<\/li>    <li>Verifique a porta de alimenta\u00e7\u00e3o: certifique-se de que a porta de alimenta\u00e7\u00e3o esteja desobstru\u00edda e livre de obstru\u00e7\u00f5es, pronta para iniciar a alimenta\u00e7\u00e3o.<\/li> <\/ul> <\/li>    <li><strong>Alimenta\u00e7\u00e3o e extra\u00e7\u00e3o de \u00f3leo<\/strong> <ul class=\"wp-block-list\"> <li>Alimenta\u00e7\u00e3o uniforme: coloque os amendoins na porta de alimenta\u00e7\u00e3o da prensa de rosca lenta e uniformemente.<\/li>    <li>Prensagem de parafuso: a m\u00e1quina de extra\u00e7\u00e3o de \u00f3leo de parafuso exerce press\u00e3o sobre os amendoins atrav\u00e9s da rota\u00e7\u00e3o do eixo do parafuso. Os amendoins s\u00e3o gradativamente triturados, pressurizados e liberados com \u00f3leo.<\/li>    <li>Separa\u00e7\u00e3o de res\u00edduos de \u00f3leo: o \u00f3leo e os res\u00edduos s\u00e3o separados durante o processo de prensagem. O \u00f3leo de amendoim sai pela sa\u00edda, enquanto o res\u00edduo (torta de amendoim) \u00e9 descarregado pela outra extremidade.<\/li> <\/ul> <\/li>    <li><strong>Filtragem de \u00f3leo e graxa<\/strong> <ul class=\"wp-block-list\"> <li>Filtra\u00e7\u00e3o: o \u00f3leo de amendoim prensado a quente conter\u00e1 alguns res\u00edduos, que podem ser separados da maior parte dos res\u00edduos de \u00f3leo por filtra\u00e7\u00e3o.<\/li> <\/ul> <\/li>    <li><strong>Coleta e armazenamento de \u00f3leo<\/strong> <ul class=\"wp-block-list\"> <li>Coleta de \u00f3leo de amendoim: colete o \u00f3leo de amendoim filtrado em um recipiente limpo, evite contato com impurezas ou umidade para manter a pureza do \u00f3leo.<\/li>    <li>Armazenamento: o \u00f3leo de amendoim deve ser armazenado em recipiente herm\u00e9tico, em local fresco e seco para prolongar a vida \u00fatil.<\/li> <\/ul> <\/li>    <li><strong>Tratamento de res\u00edduos<\/strong> <ul class=\"wp-block-list\"> <li>Descarte da torta de amendoim: a torta de amendoim ap\u00f3s prensada pode ser utilizada como ra\u00e7\u00e3o animal ou para outros fins industriais sem desperd\u00edcio de mat\u00e9ria-prima.<\/li> <\/ul> <\/li> <\/ol>    <figure class=\"wp-block-embed is-type-video is-provider-youtube wp-block-embed-youtube wp-embed-aspect-16-9 wp-has-aspect-ratio\"><div class=\"wp-block-embed__wrapper\"> <iframe loading=\"lazy\" title=\"Prensa de \u00f3leo de parafuso para amendoim, semente de girassol e gergelim | Como funciona a m\u00e1quina de extra\u00e7\u00e3o de \u00f3leo?\" width=\"500\" height=\"281\" src=\"https:\/\/www.youtube.com\/embed\/Z-tnbuRlQzc?feature=oembed\" frameborder=\"0\" allow=\"accelerometer; autoplay; clipboard-write; encrypted-media; gyroscope; picture-in-picture; web-share\" referrerpolicy=\"strict-origin-when-cross-origin\" allowfullscreen><\/iframe> <\/div><figcaption class=\"wp-element-caption\">v\u00eddeo sobre como extrair \u00f3leo<\/figcaption><\/figure>    <h2 class=\"wp-block-heading\"><strong>Como obter \u00f3leo de amendoim comest\u00edvel de alta qualidade no processo de extra\u00e7\u00e3o?<\/strong><\/h2>    <p>Para a extra\u00e7\u00e3o de \u00f3leo comest\u00edvel, os clientes est\u00e3o mais preocupados com a qualidade do \u00f3leo. Ent\u00e3o, como obter \u00f3leo comest\u00edvel de alta qualidade?<\/p>    <p>O uso da tecnologia de filtragem de \u00f3leo pode efetivamente melhorar a qualidade dos \u00f3leos comest\u00edveis, removendo impurezas e sabores estranhos, resultando em \u00f3leos mais claros e puros. Portanto, nossa m\u00e1quina para fazer \u00f3leo de amendoim geralmente \u00e9 equipada com tambores de filtragem de \u00f3leo, o que pode ajudar os clientes a atingir esse objetivo.<\/p>    <figure class=\"wp-block-gallery has-nested-images columns-default is-cropped wp-block-gallery-3 is-layout-flex wp-block-gallery-is-layout-flex\"> <figure class=\"wp-block-image size-large\"><img loading=\"lazy\" decoding=\"async\" width=\"720\" height=\"540\" data-id=\"7109\" src=\"https:\/\/taizyagromachine.com\/wp-content\/uploads\/2022\/02\/new-groundnut-oil-making-machine-with-oil-filter.webp\" alt=\"nova m\u00e1quina de fazer \u00f3leo de amendoim com filtro de \u00f3leo\" class=\"wp-image-7109\" srcset=\"https:\/\/taizyagromachine.com\/wp-content\/uploads\/2022\/02\/new-groundnut-oil-making-machine-with-oil-filter.webp 720w, https:\/\/taizyagromachine.com\/wp-content\/uploads\/2022\/02\/new-groundnut-oil-making-machine-with-oil-filter-16x12.webp 16w\" sizes=\"auto, (max-width: 720px) 100vw, 720px\" \/><figcaption class=\"wp-element-caption\">nova m\u00e1quina de fazer \u00f3leo de amendoim com filtro de \u00f3leo<\/figcaption><\/figure>    <figure class=\"wp-block-image size-large\"><img loading=\"lazy\" decoding=\"async\" width=\"720\" height=\"540\" data-id=\"7110\" src=\"https:\/\/taizyagromachine.com\/wp-content\/uploads\/2022\/02\/oil-filtering-drum.webp\" alt=\"tambor de filtragem de \u00f3leo\" class=\"wp-image-7110\" srcset=\"https:\/\/taizyagromachine.com\/wp-content\/uploads\/2022\/02\/oil-filtering-drum.webp 720w, https:\/\/taizyagromachine.com\/wp-content\/uploads\/2022\/02\/oil-filtering-drum-16x12.webp 16w\" sizes=\"auto, (max-width: 720px) 100vw, 720px\" \/><figcaption class=\"wp-element-caption\">tambor de filtragem de \u00f3leo<\/figcaption><\/figure> <\/figure>    <h2 class=\"wp-block-heading\" id=\"what-materials-is-suitable-for-peanut-oil-press-machine\"><strong>Mat\u00e9rias-primas adequadas para m\u00e1quina de fazer \u00f3leo de amendoim<\/strong><\/h2>    <p>Esta m\u00e1quina industrial de produ\u00e7\u00e3o de \u00f3leo de amendoim \u00e9 adequada para:<\/p>    <p class=\"translation-block\"><strong>Soja, amendoim, semente de algod\u00e3o, <a href=\"https:\/\/en.wikipedia.org\/wiki\/Rapeseed\" target=\"_blank\" rel=\"noopener\">colza<\/a>, semente de girassol, semente de pimenta<\/strong>, etc.<\/p>    <p>Ent\u00e3o, n\u00f3s a chamamos de m\u00e1quina de fazer \u00f3leo de girassol e prensa de \u00f3leo de semente de algod\u00e3o tamb\u00e9m. Para mais detalhes, entre em contato conosco para consulta.<\/p>   <div class=\"wp-block-image\"> <figure class=\"aligncenter size-full\"><img loading=\"lazy\" decoding=\"async\" width=\"720\" height=\"540\" src=\"https:\/\/taizyagromachine.com\/wp-content\/uploads\/2022\/02\/application-of-screw-groudnut-oil-extraction.jpg\" alt=\"aplica\u00e7\u00e3o de extra\u00e7\u00e3o de \u00f3leo de amendoim de parafuso\" class=\"wp-image-2135\" srcset=\"https:\/\/taizyagromachine.com\/wp-content\/uploads\/2022\/02\/application-of-screw-groudnut-oil-extraction.jpg 720w, https:\/\/taizyagromachine.com\/wp-content\/uploads\/2022\/02\/application-of-screw-groudnut-oil-extraction-300x225.jpg 300w\" sizes=\"auto, (max-width: 720px) 100vw, 720px\" \/><figcaption class=\"wp-element-caption\">aplica\u00e7\u00e3o de extra\u00e7\u00e3o de \u00f3leo de amendoim de parafuso<\/figcaption><\/figure> <\/div>   <p>Devido aos diferentes teores de \u00f3leo das variedades de \u00f3leo, al\u00e9m da diferen\u00e7a na tecnologia de opera\u00e7\u00e3o e pr\u00e9-tratamento do \u00f3leo, os dados da tabela abaixo s\u00e3o para sua refer\u00eancia.<\/p>    <figure class=\"wp-block-table is-style-stripes\"><table><tbody><tr><td>Mat\u00e9rias-primas<\/td><td>Taxa de extra\u00e7\u00e3o de \u00f3leo<\/td><td>Taxa de \u00f3leo residual no bolo de \u00f3leo<\/td><\/tr><tr><td>S\u00e9samo<\/td><td>45-55%<\/td><td>\u22646%<\/td><\/tr><tr><td>Amendoim<\/td><td>43-54%<\/td><td>\u22647%<\/td><\/tr><tr><td>colza<\/td><td>32-44%<\/td><td>\u22647%<\/td><\/tr><tr><td>Girassol<\/td><td>32-43%<\/td><td>\u22647%<\/td><\/tr><tr><td>Soja<\/td><td>12-18%<\/td><td>\u22646%<\/td><\/tr><\/tbody><\/table><figcaption class=\"wp-element-caption\">tabela de taxa de rendimento de \u00f3leo<\/figcaption><\/figure>   <div class=\"wp-block-image\"> <figure class=\"aligncenter size-large\"><img loading=\"lazy\" decoding=\"async\" width=\"803\" height=\"450\" src=\"https:\/\/taizyagromachine.com\/wp-content\/uploads\/2022\/02\/high-quality-edible-oil.webp\" alt=\"\u00f3leo comest\u00edvel de alta qualidade\" class=\"wp-image-7115\" srcset=\"https:\/\/taizyagromachine.com\/wp-content\/uploads\/2022\/02\/high-quality-edible-oil.webp 803w, https:\/\/taizyagromachine.com\/wp-content\/uploads\/2022\/02\/high-quality-edible-oil-18x10.webp 18w\" sizes=\"auto, (max-width: 803px) 100vw, 803px\" \/><figcaption class=\"wp-element-caption\">\u00f3leo comest\u00edvel de alta qualidade<\/figcaption><\/figure> <\/div>   <h2 class=\"wp-block-heading\"><strong>Equipamento correspondente para m\u00e1quina de fazer \u00f3leo de amendoim<\/strong><\/h2>    <p class=\"translation-block\"><strong>M\u00e1quina de prensagem de \u00f3leo de amendoim com m\u00e1quina torrefadora<\/strong><\/p>    <p>Esta m\u00e1quina para fazer \u00f3leo de amendoim \u00e9 adequada para prensagem a quente de amendoim, de modo que a m\u00e1quina torradora \u00e9 aplicada antes de chegar ao baga\u00e7o.<\/p>    <figure class=\"wp-block-gallery aligncenter has-nested-images columns-default is-cropped wp-block-gallery-4 is-layout-flex wp-block-gallery-is-layout-flex\"> <figure class=\"wp-block-image size-full\"><img loading=\"lazy\" decoding=\"async\" width=\"720\" height=\"540\" data-id=\"2097\" src=\"https:\/\/taizyagromachine.com\/wp-content\/uploads\/2022\/02\/peanut-oil-extraction-with-the-roaster-machine.jpg\" alt=\"extra\u00e7\u00e3o de \u00f3leo com a m\u00e1quina torradeira\" class=\"wp-image-2097\" srcset=\"https:\/\/taizyagromachine.com\/wp-content\/uploads\/2022\/02\/peanut-oil-extraction-with-the-roaster-machine.jpg 720w, https:\/\/taizyagromachine.com\/wp-content\/uploads\/2022\/02\/peanut-oil-extraction-with-the-roaster-machine-300x225.jpg 300w\" sizes=\"auto, (max-width: 720px) 100vw, 720px\" \/><figcaption class=\"wp-element-caption\"> extra\u00e7\u00e3o de \u00f3leo com a m\u00e1quina torradeira<\/figcaption><\/figure>    <figure class=\"wp-block-image size-full\"><img loading=\"lazy\" decoding=\"async\" width=\"720\" height=\"540\" data-id=\"7118\" src=\"https:\/\/taizyagromachine.com\/wp-content\/uploads\/2022\/02\/roaster-machine.webp\" alt=\"m\u00e1quina torradeira\" class=\"wp-image-7118\" srcset=\"https:\/\/taizyagromachine.com\/wp-content\/uploads\/2022\/02\/roaster-machine.webp 720w, https:\/\/taizyagromachine.com\/wp-content\/uploads\/2022\/02\/roaster-machine-16x12.webp 16w\" sizes=\"auto, (max-width: 720px) 100vw, 720px\" \/><figcaption class=\"wp-element-caption\">m\u00e1quina torradeira<\/figcaption><\/figure> <\/figure>    <p>Se quiser saber mais sobre este tipo de lagar, entre em contato conosco a qualquer momento! Forneceremos a solu\u00e7\u00e3o mais adequada para beneficiar o seu neg\u00f3cio petrol\u00edfero!<\/p>","protected":false},"excerpt":{"rendered":"<p>A m\u00e1quina de fabrica\u00e7\u00e3o de \u00f3leo de amendoim Taizy \u00e9 especializada na extra\u00e7\u00e3o de \u00f3leo e gordura de amendoim por prensagem a quente. Sua produ\u00e7\u00e3o \u00e9 de 40-600kg\/h.<\/p>","protected":false},"author":1,"featured_media":2156,"parent":0,"template":"","tags":[163,166,158,159,161,157,165,167,162,164],"product-type":[21],"class_list":["post-2092","product","type-product","status-publish","has-post-thumbnail","hentry","tag-groundnut-oil-making-machine","tag-groundnut-oil-rxtraction","tag-oil-expeller","tag-oil-extraction-machine","tag-oil-press","tag-oil-press-machine","tag-oil-pressing-machine","tag-peanut-oil-extraction","tag-peanut-oil-making-machine","tag-sunflower-oil-making-machine","product-type-peanut-machine"],"_links":{"self":[{"href":"https:\/\/taizyagromachine.com\/pt\/wp-json\/wp\/v2\/product\/2092","targetHints":{"allow":["GET"]}}],"collection":[{"href":"https:\/\/taizyagromachine.com\/pt\/wp-json\/wp\/v2\/product"}],"about":[{"href":"https:\/\/taizyagromachine.com\/pt\/wp-json\/wp\/v2\/types\/product"}],"author":[{"embeddable":true,"href":"https:\/\/taizyagromachine.com\/pt\/wp-json\/wp\/v2\/users\/1"}],"wp:featuredmedia":[{"embeddable":true,"href":"https:\/\/taizyagromachine.com\/pt\/wp-json\/wp\/v2\/media\/2156"}],"wp:attachment":[{"href":"https:\/\/taizyagromachine.com\/pt\/wp-json\/wp\/v2\/media?parent=2092"}],"wp:term":[{"taxonomy":"post_tag","embeddable":true,"href":"https:\/\/taizyagromachine.com\/pt\/wp-json\/wp\/v2\/tags?post=2092"},{"taxonomy":"product-type","embeddable":true,"href":"https:\/\/taizyagromachine.com\/pt\/wp-json\/wp\/v2\/product-type?post=2092"}],"curies":[{"name":"wp","href":"https:\/\/api.w.org\/{rel}","templated":true}]}}